{"id":1744,"date":"2016-06-07T00:28:01","date_gmt":"2016-06-06T21:28:01","guid":{"rendered":"http:\/\/sandbox.curlythemes.com\/pirouette\/?page_id=1744"},"modified":"2023-01-14T15:21:35","modified_gmt":"2023-01-14T12:21:35","slug":"hakkimda","status":"publish","type":"page","link":"https:\/\/www.erdemyorukoglu.com\/de\/hakkimda\/","title":{"rendered":"\u00dcBER M\u0130CH"},"content":{"rendered":"<div class=\"wpb-content-wrapper\">[vc_row full_width=&#8220;stretch_row&#8220; content_placement=&#8220;middle&#8220; curly_padding=&#8220;content-padding-none&#8220; css=&#8220;.vc_custom_1543785877640{padding-top: 0px !important;padding-right: 0px !important;padding-bottom: 0px !important;padding-left: 0px !important;background-color: #ffffff !important;}&#8220; curly_section_title=&#8220;Advanced Classes&#8220; curly_section_color=&#8220;#ffffff&#8220;][vc_column width=&#8220;1\/5&#8243;][\/vc_column][vc_column width=&#8220;3\/5&#8243;][vc_column_text]Erdem Y\u00f6r\u00fcko\u011flu wurde 1978 in Ankara geboren. Nach Abschluss seiner Grund- und Sekundarschulausbildung absolvierte er zwischen 1996 und 2000 die Fakult\u00e4t f\u00fcr Physiotherapie und Rehabilitation an der Hacettepe Universit\u00e6t. Zwischen 2002 und 2005 absolvierte er seinen Master in Herz-Lungen-Rehabilitation an der Hacettepe Universit\u00e6t. Nach seinem Osteopathie-Training im Jahr 2009 studierte er Psycho-Neuro-Immunologie. M. Erdem Y\u00f6r\u00fcko\u011flu, der fortgeschrittenes Englisch beherrscht, hat an zahlreichen nationalen und internationalen Schulungen und Seminaren zur Pers\u00f6nlichkeitsentwicklung teilgenommen und Zertifikate und Diplome erhalten.[\/vc_column_text][\/vc_column][vc_column width=&#8220;1\/5&#8243;][\/vc_column][\/vc_row][vc_row curly_padding=&#8220;content-padding-none&#8220;][vc_column][vc_separator color=&#8220;custom&#8220; accent_color=&#8220;#a5a5a5&#8243;][\/vc_column][\/vc_row][vc_row full_width=&#8220;stretch_row&#8220; content_placement=&#8220;middle&#8220; curly_padding=&#8220;content-padding-none&#8220;][vc_column curly_padding=&#8220;content-padding-none&#8220; el_class=&#8220;img-frame-medium&#8220;][vc_column_text]\n<h3 style=\"text-align: center;\"><strong>Fachgebiete<\/strong><\/h3>\n[\/vc_column_text][\/vc_column][vc_column width=&#8220;5\/12&#8243; curly_padding=&#8220;content-padding-none&#8220;][vc_single_image image=&#8220;2370&#8243; img_size=&#8220;large&#8220; alignment=&#8220;center&#8220; style=&#8220;img-frame-large&#8220; css_animation=&#8220;none&#8220; css=&#8220;.vc_custom_1549833843523{border-top-width: 10px !important;border-right-width: 10px !important;border-bottom-width: 10px !important;border-left-width: 10px !important;border-left-color: #ffffff !important;border-left-style: solid !important;border-right-color: #ffffff !important;border-right-style: solid !important;border-top-color: #ffffff !important;border-top-style: solid !important;border-bottom-color: #ffffff !important;border-bottom-style: solid !important;}&#8220;][\/vc_column][vc_column width=&#8220;5\/12&#8243; curly_padding=&#8220;content-padding-none&#8220; offset=&#8220;vc_col-sm-offset-1&#8243;][vc_column_text]Akute subakute und chronische Behandlung von Erkrankungen des Bewegungsapparates<\/p>\n<p>Pr\u00e4operative und postoperative Rehabilitation von sportlichen und orthop\u00e4dischen Verletzungen<\/p>\n<p>Bandagen und Verband bei Sportverletzungen<\/p>\n<p>Osteopathie und manuelle Therapie bei sportlichen und orthop\u00e4dischen Verletzungen[\/vc_column_text][vc_column_text]Lendenhernie<\/p>\n<p>Halshernie<\/p>\n<p>Fibromyalgie<\/p>\n<p>Schmerzen in der Schulter<\/p>\n<p>Chronische Kopfschmerzen und Schwindel<\/p>\n<p>R\u00fcckenschmerzen<\/p>\n<p>H\u00fcftschmerzen<\/p>\n<p>Haltungsst\u00f6rungen<\/p>\n<p>Skoliose<\/p>\n<p>Knie- und Kn\u00f6chelschmerzen<\/p>\n<p>Lymph\u00f6dem<\/p>\n<p>Kiefergelenkprobleme[\/vc_column_text][\/vc_column][\/vc_row][vc_row curly_padding=&#8220;content-padding-none&#8220;][vc_column][vc_separator color=&#8220;custom&#8220; accent_color=&#8220;#a5a5a5&#8243;][\/vc_column][\/vc_row][vc_row full_width=&#8220;stretch_row&#8220; content_placement=&#8220;middle&#8220; curly_padding=&#8220;content-padding-none&#8220;][vc_column curly_padding=&#8220;content-padding-none&#8220; el_class=&#8220;img-frame-medium&#8220;][vc_column_text]\n<h3 style=\"text-align: center;\"><strong>Behandlungsmethoden<\/strong><\/h3>\n[\/vc_column_text][\/vc_column][vc_column width=&#8220;5\/12&#8243; curly_padding=&#8220;content-padding-none&#8220;][vc_column_text]Manuelle Therapie<\/p>\n<p>Techniken zur Mobilisierung von Gelenken und weichen Geweben<\/p>\n<p>Probleme mit dem tempor\u00e4ren Unterkiefer (Kiefergelenk)<\/p>\n<p>Gemeinsame Manupulationen<\/p>\n<p>Schroth-Skoliose-Behandlung<\/p>\n<p>Lymph\u00f6demmassage und Verbandanwendungen<\/p>\n<p>Klinische Pilates<\/p>\n<p>Gyrotonic \u00dcbungssystem<\/p>\n<p>Beckenboden Rehabilitation<\/p>\n<p>Trockene Nadelanwendungen[\/vc_column_text][\/vc_column][vc_column width=&#8220;5\/12&#8243; curly_padding=&#8220;content-padding-none&#8220; offset=&#8220;vc_col-sm-offset-1&#8243;][vc_single_image image=&#8220;2546&#8243; img_size=&#8220;large&#8220; alignment=&#8220;center&#8220; style=&#8220;img-frame-large&#8220; css_animation=&#8220;none&#8220; css=&#8220;.vc_custom_1549833870356{border-top-width: 10px !important;border-right-width: 10px !important;border-bottom-width: 10px !important;border-left-width: 10px !important;border-left-color: #ffffff !important;border-left-style: solid !important;border-right-color: #ffffff !important;border-right-style: solid !important;border-top-color: #ffffff !important;border-top-style: solid !important;border-bottom-color: #ffffff !important;border-bottom-style: solid !important;}&#8220;][\/vc_column][\/vc_row][vc_row curly_padding=&#8220;content-padding-none&#8220;][vc_column][vc_separator color=&#8220;custom&#8220; accent_color=&#8220;#a5a5a5&#8243;][\/vc_column][\/vc_row][vc_row full_width=&#8220;stretch_row&#8220; content_placement=&#8220;middle&#8220; curly_padding=&#8220;content-padding-none&#8220;][vc_column curly_padding=&#8220;content-padding-none&#8220; el_class=&#8220;img-frame-medium&#8220;][vc_column_text]\n<h3 style=\"text-align: center;\"><strong>Arbeitserfahrungen<\/strong><\/h3>\n[\/vc_column_text][\/vc_column][vc_column width=&#8220;5\/12&#8243; curly_padding=&#8220;content-padding-none&#8220;][vc_column_text]Seit 2014 ist Medifit Healthy Life Center Gr\u00fcndungspartner und er arbeitet im b\u00fcro von Dr Sava\u015f Kuda\u015f.<\/p>\n<p>2013- &#8230;&#8230;&#8230;. Physiotherapeut der Fu\u00dfballnationalmannschaft A<\/p>\n<p>2012-2014 leitender Physiotherapeut von Fenerbahce Football A Team, Istanbul<\/p>\n<p>2010-2012 Physiotherapeut des Galatasaray Fulbol Club A-Teams, Istanbul<\/p>\n<p>2008-2010 Physiotherapeut des Ankaraspor Sports Club A Team[\/vc_column_text][\/vc_column][vc_column width=&#8220;5\/12&#8243; curly_padding=&#8220;content-padding-none&#8220; offset=&#8220;vc_col-sm-offset-1&#8243;][vc_column_text]2007-2008 Abteilung f\u00fcr Sportmedizin der Universit\u00e4t Ankara<\/p>\n<p>2005-2006 GATA Abteilung f\u00fcr Physikalische Medizin und Rehabilitation<\/p>\n<p>2004-2005 Physiotherapeut der t\u00fcrkischen Fu\u00dfball-Nationalmannschaft A2<\/p>\n<p>2000-2007 Physiotherapeut des Genclerbirligi Sports Club Team A[\/vc_column_text][\/vc_column][\/vc_row][vc_row curly_padding=&#8220;content-padding-none&#8220;][vc_column][vc_empty_space height=&#8220;50px&#8220;][\/vc_column][\/vc_row][vc_row full_width=&#8220;stretch_row_content_no_spaces&#8220; content_placement=&#8220;middle&#8220;][vc_column]<div class='xtd-carousel-filmstrip__container xtd-carousel-filmstrip--offset-  filtered-image   vc_custom_1601276001177'><div class='xtd-carousel-filmstrip' data-speed='200000'>[vc_single_image image=&#8220;9994&#8243; img_size=&#8220;full&#8220; onclick=&#8220;link_image&#8220;][vc_single_image image=&#8220;8359&#8243; img_size=&#8220;full&#8220; onclick=&#8220;link_image&#8220;][vc_single_image image=&#8220;8358&#8243; img_size=&#8220;full&#8220; onclick=&#8220;link_image&#8220;][vc_single_image image=&#8220;8357&#8243; img_size=&#8220;full&#8220; onclick=&#8220;link_image&#8220;][vc_single_image image=&#8220;8356&#8243; img_size=&#8220;full&#8220; onclick=&#8220;link_image&#8220;][vc_single_image image=&#8220;8355&#8243; img_size=&#8220;full&#8220; onclick=&#8220;link_image&#8220;][vc_single_image image=&#8220;8354&#8243; img_size=&#8220;full&#8220; onclick=&#8220;link_image&#8220;][vc_single_image image=&#8220;8353&#8243; img_size=&#8220;full&#8220; onclick=&#8220;link_image&#8220;][vc_single_image image=&#8220;8352&#8243; img_size=&#8220;full&#8220; onclick=&#8220;link_image&#8220;][vc_single_image image=&#8220;8351&#8243; img_size=&#8220;full&#8220; onclick=&#8220;link_image&#8220;][vc_single_image image=&#8220;8350&#8243; img_size=&#8220;full&#8220; onclick=&#8220;link_image&#8220;][vc_single_image image=&#8220;8349&#8243; img_size=&#8220;full&#8220; onclick=&#8220;link_image&#8220;][vc_single_image image=&#8220;8348&#8243; img_size=&#8220;full&#8220; onclick=&#8220;link_image&#8220;][vc_single_image image=&#8220;8347&#8243; img_size=&#8220;full&#8220; onclick=&#8220;link_image&#8220;][vc_single_image image=&#8220;8346&#8243; img_size=&#8220;full&#8220; onclick=&#8220;link_image&#8220;][vc_single_image image=&#8220;8345&#8243; img_size=&#8220;full&#8220; onclick=&#8220;link_image&#8220;][vc_single_image image=&#8220;5674&#8243; img_size=&#8220;full&#8220; onclick=&#8220;link_image&#8220;][vc_single_image image=&#8220;8344&#8243; img_size=&#8220;full&#8220; onclick=&#8220;link_image&#8220;][vc_single_image image=&#8220;8343&#8243; img_size=&#8220;full&#8220; onclick=&#8220;link_image&#8220;][vc_single_image image=&#8220;8342&#8243; img_size=&#8220;full&#8220; onclick=&#8220;link_image&#8220;][vc_single_image image=&#8220;8341&#8243; img_size=&#8220;full&#8220; onclick=&#8220;link_image&#8220;][vc_single_image image=&#8220;8340&#8243; img_size=&#8220;full&#8220; onclick=&#8220;link_image&#8220;][vc_single_image image=&#8220;8339&#8243; img_size=&#8220;full&#8220; onclick=&#8220;link_image&#8220;][vc_single_image image=&#8220;8338&#8243; img_size=&#8220;full&#8220; onclick=&#8220;link_image&#8220;][vc_single_image image=&#8220;8337&#8243; img_size=&#8220;full&#8220; onclick=&#8220;link_image&#8220;][vc_single_image image=&#8220;8336&#8243; img_size=&#8220;full&#8220; onclick=&#8220;link_image&#8220;][vc_single_image image=&#8220;8335&#8243; img_size=&#8220;full&#8220; onclick=&#8220;link_image&#8220;][vc_single_image image=&#8220;8334&#8243; img_size=&#8220;full&#8220; onclick=&#8220;link_image&#8220;][vc_single_image image=&#8220;8333&#8243; img_size=&#8220;full&#8220; onclick=&#8220;link_image&#8220;][vc_single_image image=&#8220;8332&#8243; img_size=&#8220;full&#8220; onclick=&#8220;link_image&#8220;][vc_single_image image=&#8220;8331&#8243; img_size=&#8220;full&#8220; onclick=&#8220;link_image&#8220;][vc_single_image image=&#8220;8330&#8243; img_size=&#8220;full&#8220; onclick=&#8220;link_image&#8220;][vc_single_image image=&#8220;8329&#8243; img_size=&#8220;full&#8220; onclick=&#8220;link_image&#8220;][vc_single_image image=&#8220;8328&#8243; img_size=&#8220;full&#8220; onclick=&#8220;link_image&#8220;][vc_single_image image=&#8220;8327&#8243; img_size=&#8220;full&#8220; onclick=&#8220;link_image&#8220;][vc_single_image image=&#8220;8326&#8243; img_size=&#8220;full&#8220; onclick=&#8220;link_image&#8220;][vc_single_image image=&#8220;8325&#8243; img_size=&#8220;full&#8220; onclick=&#8220;link_image&#8220;][vc_single_image image=&#8220;8324&#8243; img_size=&#8220;full&#8220; onclick=&#8220;link_image&#8220;][vc_single_image image=&#8220;8323&#8243; img_size=&#8220;full&#8220; onclick=&#8220;link_image&#8220;][vc_single_image image=&#8220;8322&#8243; img_size=&#8220;full&#8220; onclick=&#8220;link_image&#8220;][vc_single_image image=&#8220;8321&#8243; img_size=&#8220;full&#8220; onclick=&#8220;link_image&#8220;][vc_single_image image=&#8220;8320&#8243; img_size=&#8220;full&#8220; onclick=&#8220;link_image&#8220;][vc_single_image image=&#8220;8319&#8243; img_size=&#8220;full&#8220; onclick=&#8220;link_image&#8220;]<\/div><\/div>[\/vc_column][\/vc_row]\n<\/div>","protected":false},"excerpt":{"rendered":"<p>[vc_row full_width=&#8220;stretch_row&#8220; content_placement=&#8220;middle&#8220; curly_padding=&#8220;content-padding-none&#8220; css=&#8220;.vc_custom_1543785877640{padding-top: 0px !important;padding-right: 0px !important;padding-bottom: 0px !important;padding-left: 0px !important;background-color: #ffffff !important;}&#8220; curly_section_title=&#8220;Advanced Classes&#8220; curly_section_color=&#8220;#ffffff&#8220;][vc_column width=&#8220;1\/5&#8243;][\/vc_column][vc_column width=&#8220;3\/5&#8243;][vc_column_text]Erdem Y\u00f6r\u00fcko\u011flu wurde 1978 in Ankara geboren. Nach Abschluss seiner Grund- und Sekundarschulausbildung absolvierte er zwischen 1996 und 2000 die Fakult\u00e4t f\u00fcr Physiotherapie und Rehabilitation an der Hacettepe Universit\u00e6t. Zwischen 2002 und 2005 absolvierte er seinen Master in Herz-Lungen-Rehabilitation an der [&hellip;]<\/p>\n","protected":false},"author":1,"featured_media":2519,"parent":0,"menu_order":0,"comment_status":"closed","ping_status":"closed","template":"","meta":{"inline_featured_image":false,"footnotes":""},"class_list":["post-1744","page","type-page","status-publish","has-post-thumbnail","hentry"],"yoast_head":"<!-- This site is optimized with the Yoast SEO plugin v25.7 - https:\/\/yoast.com\/wordpress\/plugins\/seo\/ -->\n<title>\u00dcBER M\u0130CH<\/title>\n<meta name=\"description\" content=\"R\u00fccken Schmerz, Lenden Und Halsherni\u0307e, Fibromyalgie, Chroni\u0307scher Kopfschmerzen Und Schwi\u0307ndel , Posturale Ausri\u0307chtung Und Skoli\u0307ose, Reflekti\u0307erter Schmerz \u0130m Schulter, H\u00fcfte Impi\u0307ngement-syndrom, Ki\u0307efergelenk Probleme, Kni\u0307e Und Kn\u00f6chelschmerz\" \/>\n<meta name=\"robots\" content=\"index, follow, max-snippet:-1, max-image-preview:large, max-video-preview:-1\" \/>\n<link rel=\"canonical\" href=\"https:\/\/www.erdemyorukoglu.com\/de\/hakkimda\/\" \/>\n<meta property=\"og:locale\" content=\"de_DE\" \/>\n<meta property=\"og:locale:alternate\" content=\"tr_TR\" \/>\n<meta property=\"og:locale:alternate\" content=\"en_US\" \/>\n<meta property=\"og:type\" content=\"article\" \/>\n<meta property=\"og:title\" content=\"\u00dcBER M\u0130CH\" \/>\n<meta property=\"og:description\" content=\"R\u00fccken Schmerz, Lenden Und Halsherni\u0307e, Fibromyalgie, Chroni\u0307scher Kopfschmerzen Und Schwi\u0307ndel , Posturale Ausri\u0307chtung Und Skoli\u0307ose, Reflekti\u0307erter Schmerz \u0130m Schulter, H\u00fcfte Impi\u0307ngement-syndrom, Ki\u0307efergelenk Probleme, Kni\u0307e Und Kn\u00f6chelschmerz\" \/>\n<meta property=\"og:url\" content=\"https:\/\/www.erdemyorukoglu.com\/de\/hakkimda\/\" \/>\n<meta property=\"og:site_name\" content=\"Erdem Y\u00f6r\u00fcko\u011flu \/\/ Manuel Terapi, Fizyoterapist, Ankara\" \/>\n<meta property=\"article:modified_time\" content=\"2023-01-14T12:21:35+00:00\" \/>\n<meta property=\"og:image\" content=\"https:\/\/www.erdemyorukoglu.com\/wp-content\/uploads\/2018\/11\/erdem_yorukoglu_about-1.jpg\" \/>\n\t<meta property=\"og:image:width\" content=\"1600\" \/>\n\t<meta property=\"og:image:height\" content=\"600\" \/>\n\t<meta property=\"og:image:type\" content=\"image\/jpeg\" \/>\n<meta name=\"twitter:card\" content=\"summary_large_image\" \/>\n<meta name=\"twitter:label1\" content=\"Gesch\u00e4tzte Lesezeit\" \/>\n\t<meta name=\"twitter:data1\" content=\"3\u00a0Minuten\" \/>\n<script type=\"application\/ld+json\" class=\"yoast-schema-graph\">{\"@context\":\"https:\/\/schema.org\",\"@graph\":[{\"@type\":\"WebPage\",\"@id\":\"https:\/\/www.erdemyorukoglu.com\/de\/hakkimda\/\",\"url\":\"https:\/\/www.erdemyorukoglu.com\/de\/hakkimda\/\",\"name\":\"\u00dcBER M\u0130CH\",\"isPartOf\":{\"@id\":\"https:\/\/www.erdemyorukoglu.com\/en\/#website\"},\"primaryImageOfPage\":{\"@id\":\"https:\/\/www.erdemyorukoglu.com\/de\/hakkimda\/#primaryimage\"},\"image\":{\"@id\":\"https:\/\/www.erdemyorukoglu.com\/de\/hakkimda\/#primaryimage\"},\"thumbnailUrl\":\"https:\/\/www.erdemyorukoglu.com\/wp-content\/uploads\/2018\/11\/erdem_yorukoglu_about-1.jpg\",\"datePublished\":\"2016-06-06T21:28:01+00:00\",\"dateModified\":\"2023-01-14T12:21:35+00:00\",\"description\":\"R\u00fccken Schmerz, Lenden Und Halsherni\u0307e, Fibromyalgie, Chroni\u0307scher Kopfschmerzen Und Schwi\u0307ndel , Posturale Ausri\u0307chtung Und Skoli\u0307ose, Reflekti\u0307erter Schmerz \u0130m Schulter, H\u00fcfte Impi\u0307ngement-syndrom, Ki\u0307efergelenk Probleme, Kni\u0307e Und Kn\u00f6chelschmerz\",\"breadcrumb\":{\"@id\":\"https:\/\/www.erdemyorukoglu.com\/de\/hakkimda\/#breadcrumb\"},\"inLanguage\":\"de-DE\",\"potentialAction\":[{\"@type\":\"ReadAction\",\"target\":[\"https:\/\/www.erdemyorukoglu.com\/de\/hakkimda\/\"]}]},{\"@type\":\"ImageObject\",\"inLanguage\":\"de-DE\",\"@id\":\"https:\/\/www.erdemyorukoglu.com\/de\/hakkimda\/#primaryimage\",\"url\":\"https:\/\/www.erdemyorukoglu.com\/wp-content\/uploads\/2018\/11\/erdem_yorukoglu_about-1.jpg\",\"contentUrl\":\"https:\/\/www.erdemyorukoglu.com\/wp-content\/uploads\/2018\/11\/erdem_yorukoglu_about-1.jpg\",\"width\":1600,\"height\":600,\"caption\":\"Uzman Fizyoterapist\"},{\"@type\":\"BreadcrumbList\",\"@id\":\"https:\/\/www.erdemyorukoglu.com\/de\/hakkimda\/#breadcrumb\",\"itemListElement\":[{\"@type\":\"ListItem\",\"position\":1,\"name\":\"MANUEL TERAP\u0130 ANKARA %%sep%% %%sitename%%\",\"item\":\"https:\/\/www.erdemyorukoglu.com\/de\/\"},{\"@type\":\"ListItem\",\"position\":2,\"name\":\"HAKKIMDA\"}]},{\"@type\":\"WebSite\",\"@id\":\"https:\/\/www.erdemyorukoglu.com\/en\/#website\",\"url\":\"https:\/\/www.erdemyorukoglu.com\/en\/\",\"name\":\"Erdem Y\u00f6r\u00fcko\u011flu \/\/ Manuel Terapi, Fizyoterapist, Ankara\",\"description\":\"Manuel Terapi, Kayropraktik, Fizyoterapi, Bel ve Boyun F\u0131t\u0131\u011f\u0131, Lenf\u00f6dem Tedavisi, Gyrotonic, Skolyoz, Ankara\",\"publisher\":{\"@id\":\"https:\/\/www.erdemyorukoglu.com\/en\/#\/schema\/person\/854314645f5beb1ce61d3d55971d52e1\"},\"potentialAction\":[{\"@type\":\"SearchAction\",\"target\":{\"@type\":\"EntryPoint\",\"urlTemplate\":\"https:\/\/www.erdemyorukoglu.com\/en\/?s={search_term_string}\"},\"query-input\":{\"@type\":\"PropertyValueSpecification\",\"valueRequired\":true,\"valueName\":\"search_term_string\"}}],\"inLanguage\":\"de-DE\"},{\"@type\":[\"Person\",\"Organization\"],\"@id\":\"https:\/\/www.erdemyorukoglu.com\/en\/#\/schema\/person\/854314645f5beb1ce61d3d55971d52e1\",\"name\":\"Erdem Y\u00f6r\u00fcko\u011flu\",\"image\":{\"@type\":\"ImageObject\",\"inLanguage\":\"de-DE\",\"@id\":\"https:\/\/www.erdemyorukoglu.com\/en\/#\/schema\/person\/image\/\",\"url\":\"https:\/\/www.erdemyorukoglu.com\/wp-content\/uploads\/2018\/11\/fav-icon-1.png\",\"contentUrl\":\"https:\/\/www.erdemyorukoglu.com\/wp-content\/uploads\/2018\/11\/fav-icon-1.png\",\"width\":512,\"height\":512,\"caption\":\"Erdem Y\u00f6r\u00fcko\u011flu\"},\"logo\":{\"@id\":\"https:\/\/www.erdemyorukoglu.com\/en\/#\/schema\/person\/image\/\"}}]}<\/script>\n<!-- \/ Yoast SEO plugin. -->","yoast_head_json":{"title":"\u00dcBER M\u0130CH","description":"R\u00fccken Schmerz, Lenden Und Halsherni\u0307e, Fibromyalgie, Chroni\u0307scher Kopfschmerzen Und Schwi\u0307ndel , Posturale Ausri\u0307chtung Und Skoli\u0307ose, Reflekti\u0307erter Schmerz \u0130m Schulter, H\u00fcfte Impi\u0307ngement-syndrom, Ki\u0307efergelenk Probleme, Kni\u0307e Und Kn\u00f6chelschmerz","robots":{"index":"index","follow":"follow","max-snippet":"max-snippet:-1","max-image-preview":"max-image-preview:large","max-video-preview":"max-video-preview:-1"},"canonical":"https:\/\/www.erdemyorukoglu.com\/de\/hakkimda\/","og_locale":"de_DE","og_type":"article","og_title":"Erdem Y\u00f6r\u00fcko\u011flu \/\/ Manuel Terapi, Fizyoterapist, Ankara - [:tr]HAKKIMDA[:en]ABOUT US[:de]\u00dcBER M\u0130CH[:]","og_description":"R\u00fccken Schmerz, Lenden Und Halsherni\u0307e, Fibromyalgie, Chroni\u0307scher Kopfschmerzen Und Schwi\u0307ndel , Posturale Ausri\u0307chtung Und Skoli\u0307ose, Reflekti\u0307erter Schmerz \u0130m Schulter, H\u00fcfte Impi\u0307ngement-syndrom, Ki\u0307efergelenk Probleme, Kni\u0307e Und Kn\u00f6chelschmerz","og_url":"https:\/\/www.erdemyorukoglu.com\/de\/hakkimda\/","og_site_name":"Erdem Y\u00f6r\u00fcko\u011flu \/\/ Manuel Terapi, Fizyoterapist, Ankara","article_modified_time":"2023-01-14T12:21:35+00:00","og_image":[{"width":1600,"height":600,"url":"https:\/\/www.erdemyorukoglu.com\/wp-content\/uploads\/2018\/11\/erdem_yorukoglu_about-1.jpg","type":"image\/jpeg"}],"twitter_card":"summary_large_image","twitter_misc":{"Gesch\u00e4tzte Lesezeit":"3\u00a0Minuten"},"schema":{"@context":"https:\/\/schema.org","@graph":[{"@type":"WebPage","@id":"https:\/\/www.erdemyorukoglu.com\/de\/hakkimda\/","url":"https:\/\/www.erdemyorukoglu.com\/de\/hakkimda\/","name":"\u00dcBER M\u0130CH","isPartOf":{"@id":"https:\/\/www.erdemyorukoglu.com\/en\/#website"},"primaryImageOfPage":{"@id":"https:\/\/www.erdemyorukoglu.com\/de\/hakkimda\/#primaryimage"},"image":{"@id":"https:\/\/www.erdemyorukoglu.com\/de\/hakkimda\/#primaryimage"},"thumbnailUrl":"https:\/\/www.erdemyorukoglu.com\/wp-content\/uploads\/2018\/11\/erdem_yorukoglu_about-1.jpg","datePublished":"2016-06-06T21:28:01+00:00","dateModified":"2023-01-14T12:21:35+00:00","description":"R\u00fccken Schmerz, Lenden Und Halsherni\u0307e, Fibromyalgie, Chroni\u0307scher Kopfschmerzen Und Schwi\u0307ndel , Posturale Ausri\u0307chtung Und Skoli\u0307ose, Reflekti\u0307erter Schmerz \u0130m Schulter, H\u00fcfte Impi\u0307ngement-syndrom, Ki\u0307efergelenk Probleme, Kni\u0307e Und Kn\u00f6chelschmerz","breadcrumb":{"@id":"https:\/\/www.erdemyorukoglu.com\/de\/hakkimda\/#breadcrumb"},"inLanguage":"de-DE","potentialAction":[{"@type":"ReadAction","target":["https:\/\/www.erdemyorukoglu.com\/de\/hakkimda\/"]}]},{"@type":"ImageObject","inLanguage":"de-DE","@id":"https:\/\/www.erdemyorukoglu.com\/de\/hakkimda\/#primaryimage","url":"https:\/\/www.erdemyorukoglu.com\/wp-content\/uploads\/2018\/11\/erdem_yorukoglu_about-1.jpg","contentUrl":"https:\/\/www.erdemyorukoglu.com\/wp-content\/uploads\/2018\/11\/erdem_yorukoglu_about-1.jpg","width":1600,"height":600,"caption":"Uzman Fizyoterapist"},{"@type":"BreadcrumbList","@id":"https:\/\/www.erdemyorukoglu.com\/de\/hakkimda\/#breadcrumb","itemListElement":[{"@type":"ListItem","position":1,"name":"MANUEL TERAP\u0130 ANKARA %%sep%% %%sitename%%","item":"https:\/\/www.erdemyorukoglu.com\/de\/"},{"@type":"ListItem","position":2,"name":"HAKKIMDA"}]},{"@type":"WebSite","@id":"https:\/\/www.erdemyorukoglu.com\/en\/#website","url":"https:\/\/www.erdemyorukoglu.com\/en\/","name":"Erdem Y\u00f6r\u00fcko\u011flu \/\/ Manuel Terapi, Fizyoterapist, Ankara","description":"Manuel Terapi, Kayropraktik, Fizyoterapi, Bel ve Boyun F\u0131t\u0131\u011f\u0131, Lenf\u00f6dem Tedavisi, Gyrotonic, Skolyoz, Ankara","publisher":{"@id":"https:\/\/www.erdemyorukoglu.com\/en\/#\/schema\/person\/854314645f5beb1ce61d3d55971d52e1"},"potentialAction":[{"@type":"SearchAction","target":{"@type":"EntryPoint","urlTemplate":"https:\/\/www.erdemyorukoglu.com\/en\/?s={search_term_string}"},"query-input":{"@type":"PropertyValueSpecification","valueRequired":true,"valueName":"search_term_string"}}],"inLanguage":"de-DE"},{"@type":["Person","Organization"],"@id":"https:\/\/www.erdemyorukoglu.com\/en\/#\/schema\/person\/854314645f5beb1ce61d3d55971d52e1","name":"Erdem Y\u00f6r\u00fcko\u011flu","image":{"@type":"ImageObject","inLanguage":"de-DE","@id":"https:\/\/www.erdemyorukoglu.com\/en\/#\/schema\/person\/image\/","url":"https:\/\/www.erdemyorukoglu.com\/wp-content\/uploads\/2018\/11\/fav-icon-1.png","contentUrl":"https:\/\/www.erdemyorukoglu.com\/wp-content\/uploads\/2018\/11\/fav-icon-1.png","width":512,"height":512,"caption":"Erdem Y\u00f6r\u00fcko\u011flu"},"logo":{"@id":"https:\/\/www.erdemyorukoglu.com\/en\/#\/schema\/person\/image\/"}}]}},"_links":{"self":[{"href":"https:\/\/www.erdemyorukoglu.com\/de\/wp-json\/wp\/v2\/pages\/1744","targetHints":{"allow":["GET"]}}],"collection":[{"href":"https:\/\/www.erdemyorukoglu.com\/de\/wp-json\/wp\/v2\/pages"}],"about":[{"href":"https:\/\/www.erdemyorukoglu.com\/de\/wp-json\/wp\/v2\/types\/page"}],"author":[{"embeddable":true,"href":"https:\/\/www.erdemyorukoglu.com\/de\/wp-json\/wp\/v2\/users\/1"}],"replies":[{"embeddable":true,"href":"https:\/\/www.erdemyorukoglu.com\/de\/wp-json\/wp\/v2\/comments?post=1744"}],"version-history":[{"count":83,"href":"https:\/\/www.erdemyorukoglu.com\/de\/wp-json\/wp\/v2\/pages\/1744\/revisions"}],"predecessor-version":[{"id":12044,"href":"https:\/\/www.erdemyorukoglu.com\/de\/wp-json\/wp\/v2\/pages\/1744\/revisions\/12044"}],"wp:featuredmedia":[{"embeddable":true,"href":"https:\/\/www.erdemyorukoglu.com\/de\/wp-json\/wp\/v2\/media\/2519"}],"wp:attachment":[{"href":"https:\/\/www.erdemyorukoglu.com\/de\/wp-json\/wp\/v2\/media?parent=1744"}],"curies":[{"name":"wp","href":"https:\/\/api.w.org\/{rel}","templated":true}]}}