{"id":1958,"date":"2016-09-23T20:33:22","date_gmt":"2016-09-23T17:33:22","guid":{"rendered":"http:\/\/sandbox.curlythemes.com\/pirouette\/?page_id=1958"},"modified":"2019-08-16T14:33:01","modified_gmt":"2019-08-16T11:33:01","slug":"osteopati","status":"publish","type":"page","link":"https:\/\/www.erdemyorukoglu.com\/de\/uzmanliklar\/osteopati\/","title":{"rendered":"OSTEOPATHIE"},"content":{"rendered":"<div class=\"wpb-content-wrapper\">[vc_row full_height=&#8220;yes&#8220;][vc_column width=&#8220;1\/2&#8243;][vc_single_image image=&#8220;2370&#8243; img_size=&#8220;large&#8220; style=&#8220;img-frame-large&#8220;][vc_column_text]\n<h3><strong>Osteopathen sind hochqualifizierte Angeh\u00f6rige der Gesundheitsberufe.<\/strong><\/h3>\n<p class=\"text text-40\">T\u00e4glich wenden sich weltweit mehr als 30.000 Menschen bei Osteopathen f\u00fcr Nacken- und R\u00fcckenschmerzen, Gelenk- und Muskelprobleme, Sportverletzungen, wiederkehrende Kopfschmerzen und mehr an. Osteopathen k\u00f6nnen mit den angewendeten Mobilisierungs- und Manipulationstechniken die Schmerzen in k\u00fcrzester Zeit beseitigen.<\/p>\n<p>Osteopathen wenden das ganzheitliche Behandlungskonzept an, dh sie konzentrieren sich nicht nur auf die problematische Region und versuchen, das gesamte K\u00f6rpergleichgewicht durch die von ihnen verwendeten manuellen Techniken zu normalisieren.[\/vc_column_text][\/vc_column][vc_column width=&#8220;1\/2&#8243;][vc_single_image image=&#8220;2374&#8243; img_size=&#8220;large&#8220; style=&#8220;img-frame-large&#8220;][vc_column_text]Osteopathen konzentrieren sich auf die Beurteilung des gesamten K\u00f6rpers anstelle einer symptomatischen Behandlung. Sie schlie\u00dfen haupts\u00e4chlich mit ihrer Behandlung des Bewegungsapparates und des Organsystems ab. Das Hauptziel besteht darin, eine positive Wirkung auf das Nervensystem, das Kreislaufsystem und das Lymphsystem des K\u00f6rpers zu erzeugen.<\/p>\n<p>Dr. Andrew Still ist die erste Person, die in den USA im 19. Jahrhundert die Osteopathie beantragte und initiierte. Er versuchte, den Blutkreislauf und die Biomechanik des K\u00f6rpers mithilfe von manuellen Techniken ohne Medikamente zu korrigieren.[\/vc_column_text][\/vc_column][\/vc_row][vc_row][vc_column width=&#8220;1\/2&#8243;][vc_row_inner content_placement=&#8220;middle&#8220;][vc_column_inner][vc_single_image image=&#8220;2373&#8243; img_size=&#8220;large&#8220; alignment=&#8220;center&#8220; style=&#8220;img-frame-small&#8220; css_animation=&#8220;none&#8220;][\/vc_column_inner][\/vc_row_inner][vc_row_inner content_placement=&#8220;middle&#8220;][vc_column_inner][vc_column_text]\n<h3>Kopfschmerzen<\/h3>\n<p>Es gibt viele Gr\u00fcnde f\u00fcr Kopfschmerzen. Verspannungen oder Steifheit der Muskeln oder Gelenke im Nacken und R\u00fccken k\u00f6nnen Kopfschmerzen verursachen. Mobilisierungsanwendungen, die auf die verspannten Muskeln angewendet werden k\u00f6nnen, oder die Entspannung der blockierten R\u00fccken- oder Nackengelenke k\u00f6nnen dabei helfen, Kopfschmerzen zu reduzieren.[\/vc_column_text][\/vc_column_inner][\/vc_row_inner][vc_row_inner content_placement=&#8220;middle&#8220;][vc_column_inner][vc_column_text]\n<h3><strong>Fu\u00df- und Kn\u00f6chelprobleme<\/strong><\/h3>\n<p>Fu\u00df und Kn\u00f6chel bestehen aus vielen kleinen Knochen. Die ordnungsgem\u00e4\u00dfe Funktion der Muskeln, B\u00e4nder und Faszien um diese Knochen sorgt f\u00fcr die notwendige Kraft und Stabilisierung f\u00fcr Fu\u00df und Kn\u00f6chel. Ein Problem, das bei einer dieser Strukturen auftreten kann, kann zu Fu\u00df- und Kn\u00f6chelschmerzen f\u00fchren.[\/vc_column_text][\/vc_column_inner][\/vc_row_inner][vc_row_inner content_placement=&#8220;middle&#8220;][vc_column_inner][vc_column_text]\n<h3><strong>Plantarfasziitis<\/strong><\/h3>\n<p>Schmerzen und Entz\u00fcndungen der Plantarfaszi. Die Plantarfaszie st\u00fctzt haupts\u00e4chlich den Fu\u00dfbogen und befindet sich unter den kleinen Knochen von der Ferse bis zur Fingerspitze. Plantarfaszitis wird im Allgemeinen als eindeutiger Schmerz definiert. Es kann sich direkt unter der Ferse oder im Fu\u00dfbereich befinden. Wenn Sie nach dem Liegen lange Zeit auf dem Boden sitzen, kommt es zu einem unwiderstehlichen Schmerz unter dem Fu\u00df, der nach 1-2 Schritten abzunehmen beginnt. In einigen F\u00e4llen, in denen die Plantarfaszie am Knochen haftet, kann es zu Knochenwachstum kommen und starke Schmerzen im Fu\u00df verursachen.[\/vc_column_text][\/vc_column_inner][\/vc_row_inner][\/vc_column][vc_column width=&#8220;1\/2&#8243;][vc_row_inner content_placement=&#8220;middle&#8220;][vc_column_inner][vc_single_image image=&#8220;2371&#8243; img_size=&#8220;large&#8220; alignment=&#8220;center&#8220; style=&#8220;img-frame-small&#8220; css_animation=&#8220;none&#8220; css=&#8220;.vc_custom_1546550095091{margin-top: 0px !important;border-top-width: 0px !important;padding-top: 0px !important;}&#8220;][\/vc_column_inner][\/vc_row_inner][vc_row_inner content_placement=&#8220;middle&#8220;][vc_column_inner css=&#8220;.vc_custom_1541365477896{margin-top: 0px !important;padding-top: 0px !important;}&#8220;][vc_column_text css=&#8220;.vc_custom_1550524025609{margin-top: 0px !important;border-top-width: 0px !important;padding-top: 0px !important;}&#8220;]\n<h3><strong>Arthritis (Gelenkrheumatismus)<\/strong><\/h3>\n<p>Arthritis ist eine Erkrankung, die mit Bewegungseinschr\u00e4nkungen, Schmerzen, Empfindlichkeit und Schwellung in einem oder mehreren Gelenken verbunden ist. Romatoitarthritis und Osteoarthritis sind die h\u00e4ufigsten Arten. Dar\u00fcber hinaus gibt es Varianten wie ankylosierende Spondylitis, Pseudoarthritis und reaktive Arthritis.<\/p>\n<p>Massage-, Mobilisierungs- und Manipulationstechniken f\u00fcr schmerzende Bereiche k\u00f6nnen Patienten mit Arthritis helfen. Durch die Entlastung der Gelenke um die schmerzenden Gelenke, die Entlastung der Muskeln und die Normalisierung der Durchblutung k\u00f6nnen die Gelenkbewegungen erleichtert und der Bewegungsspielraum erh\u00f6ht werden.[\/vc_column_text][\/vc_column_inner][\/vc_row_inner][vc_row_inner content_placement=&#8220;middle&#8220;][vc_column_inner css=&#8220;.vc_custom_1541365477896{margin-top: 0px !important;padding-top: 0px !important;}&#8220;][vc_column_text css=&#8220;.vc_custom_1550524034880{margin-top: 0px !important;border-top-width: 0px !important;padding-top: 0px !important;}&#8220;]\n<h3><strong>Zust\u00e4nde, die Fu\u00df- und Kn\u00f6chelschmerzen verursachen k\u00f6nnen<\/strong><\/h3>\n<p>Basisabflachung oder Flachfu\u00df ist die Abflachung des Fu\u00dfgew\u00f6lbes an der Innenseite des Fu\u00dfes. Insbesondere der Absatz der Schuhe nutzt sich sehr schnell ab. Plattfu\u00df kann zu Kn\u00f6chelverletzungen und Achillessehnenproblemen f\u00fchren. Es kann mit Fu\u00dfschmerzen, Schwellungen oder Knieschmerzen oder Schwellungen gesehen werden.[\/vc_column_text][\/vc_column_inner][\/vc_row_inner][\/vc_column][\/vc_row]\n<\/div>","protected":false},"excerpt":{"rendered":"<p>[vc_row full_height=&#8220;yes&#8220;][vc_column width=&#8220;1\/2&#8243;][vc_single_image image=&#8220;2370&#8243; img_size=&#8220;large&#8220; style=&#8220;img-frame-large&#8220;][vc_column_text] Osteopathen sind hochqualifizierte Angeh\u00f6rige der Gesundheitsberufe. T\u00e4glich wenden sich weltweit mehr als 30.000 Menschen bei Osteopathen f\u00fcr Nacken- und R\u00fcckenschmerzen, Gelenk- und Muskelprobleme, Sportverletzungen, wiederkehrende Kopfschmerzen und mehr an. Osteopathen k\u00f6nnen mit den angewendeten Mobilisierungs- und Manipulationstechniken die Schmerzen in k\u00fcrzester Zeit beseitigen. Osteopathen wenden das ganzheitliche Behandlungskonzept an, dh sie konzentrieren sich nicht [&hellip;]<\/p>\n","protected":false},"author":1,"featured_media":0,"parent":9,"menu_order":0,"comment_status":"open","ping_status":"closed","template":"","meta":{"inline_featured_image":false,"footnotes":""},"class_list":["post-1958","page","type-page","status-publish","hentry"],"yoast_head":"<!-- This site is optimized with the Yoast SEO plugin v25.7 - https:\/\/yoast.com\/wordpress\/plugins\/seo\/ -->\n<title>OSTEOPATHIE<\/title>\n<meta name=\"robots\" content=\"index, follow, max-snippet:-1, max-image-preview:large, max-video-preview:-1\" \/>\n<link rel=\"canonical\" href=\"https:\/\/www.erdemyorukoglu.com\/de\/uzmanliklar\/osteopati\/\" \/>\n<meta property=\"og:locale\" content=\"de_DE\" \/>\n<meta property=\"og:locale:alternate\" content=\"tr_TR\" \/>\n<meta property=\"og:locale:alternate\" content=\"en_US\" \/>\n<meta property=\"og:type\" content=\"article\" \/>\n<meta property=\"og:title\" content=\"OSTEOPATHIE\" \/>\n<meta property=\"og:description\" content=\"[vc_row full_height=&#8220;yes&#8220;][vc_column width=&#8220;1\/2&#8243;][vc_single_image image=&#8220;2370&#8243; img_size=&#8220;large&#8220; style=&#8220;img-frame-large&#8220;][vc_column_text] Osteopathen sind hochqualifizierte Angeh\u00f6rige der Gesundheitsberufe. T\u00e4glich wenden sich weltweit mehr als 30.000 Menschen bei Osteopathen f\u00fcr Nacken- und R\u00fcckenschmerzen, Gelenk- und Muskelprobleme, Sportverletzungen, wiederkehrende Kopfschmerzen und mehr an. Osteopathen k\u00f6nnen mit den angewendeten Mobilisierungs- und Manipulationstechniken die Schmerzen in k\u00fcrzester Zeit beseitigen. Osteopathen wenden das ganzheitliche Behandlungskonzept an, dh sie konzentrieren sich nicht [&hellip;]\" \/>\n<meta property=\"og:url\" content=\"https:\/\/www.erdemyorukoglu.com\/de\/uzmanliklar\/osteopati\/\" \/>\n<meta property=\"og:site_name\" content=\"Erdem Y\u00f6r\u00fcko\u011flu \/\/ Manuel Terapi, Fizyoterapist, Ankara\" \/>\n<meta property=\"article:modified_time\" content=\"2019-08-16T11:33:01+00:00\" \/>\n<meta name=\"twitter:card\" content=\"summary_large_image\" \/>\n<meta name=\"twitter:label1\" content=\"Gesch\u00e4tzte Lesezeit\" \/>\n\t<meta name=\"twitter:data1\" content=\"13\u00a0Minuten\" \/>\n<script type=\"application\/ld+json\" class=\"yoast-schema-graph\">{\"@context\":\"https:\/\/schema.org\",\"@graph\":[{\"@type\":\"WebPage\",\"@id\":\"https:\/\/www.erdemyorukoglu.com\/de\/uzmanliklar\/osteopati\/\",\"url\":\"https:\/\/www.erdemyorukoglu.com\/de\/uzmanliklar\/osteopati\/\",\"name\":\"OSTEOPATHIE\",\"isPartOf\":{\"@id\":\"https:\/\/www.erdemyorukoglu.com\/en\/#website\"},\"datePublished\":\"2016-09-23T17:33:22+00:00\",\"dateModified\":\"2019-08-16T11:33:01+00:00\",\"breadcrumb\":{\"@id\":\"https:\/\/www.erdemyorukoglu.com\/de\/uzmanliklar\/osteopati\/#breadcrumb\"},\"inLanguage\":\"de-DE\",\"potentialAction\":[{\"@type\":\"ReadAction\",\"target\":[\"https:\/\/www.erdemyorukoglu.com\/de\/uzmanliklar\/osteopati\/\"]}]},{\"@type\":\"BreadcrumbList\",\"@id\":\"https:\/\/www.erdemyorukoglu.com\/de\/uzmanliklar\/osteopati\/#breadcrumb\",\"itemListElement\":[{\"@type\":\"ListItem\",\"position\":1,\"name\":\"MANUEL TERAP\u0130 ANKARA %%sep%% %%sitename%%\",\"item\":\"https:\/\/www.erdemyorukoglu.com\/de\/\"},{\"@type\":\"ListItem\",\"position\":2,\"name\":\"UZMANLIKLAR\",\"item\":\"https:\/\/www.erdemyorukoglu.com\/de\/uzmanliklar\/\"},{\"@type\":\"ListItem\",\"position\":3,\"name\":\"OSTEOPATHIE\"}]},{\"@type\":\"WebSite\",\"@id\":\"https:\/\/www.erdemyorukoglu.com\/en\/#website\",\"url\":\"https:\/\/www.erdemyorukoglu.com\/en\/\",\"name\":\"Erdem Y\u00f6r\u00fcko\u011flu \/\/ Manuel Terapi, Fizyoterapist, Ankara\",\"description\":\"Manuel Terapi, Kayropraktik, Fizyoterapi, Bel ve Boyun F\u0131t\u0131\u011f\u0131, Lenf\u00f6dem Tedavisi, Gyrotonic, Skolyoz, Ankara\",\"publisher\":{\"@id\":\"https:\/\/www.erdemyorukoglu.com\/en\/#\/schema\/person\/854314645f5beb1ce61d3d55971d52e1\"},\"potentialAction\":[{\"@type\":\"SearchAction\",\"target\":{\"@type\":\"EntryPoint\",\"urlTemplate\":\"https:\/\/www.erdemyorukoglu.com\/en\/?s={search_term_string}\"},\"query-input\":{\"@type\":\"PropertyValueSpecification\",\"valueRequired\":true,\"valueName\":\"search_term_string\"}}],\"inLanguage\":\"de-DE\"},{\"@type\":[\"Person\",\"Organization\"],\"@id\":\"https:\/\/www.erdemyorukoglu.com\/en\/#\/schema\/person\/854314645f5beb1ce61d3d55971d52e1\",\"name\":\"Erdem Y\u00f6r\u00fcko\u011flu\",\"image\":{\"@type\":\"ImageObject\",\"inLanguage\":\"de-DE\",\"@id\":\"https:\/\/www.erdemyorukoglu.com\/en\/#\/schema\/person\/image\/\",\"url\":\"https:\/\/www.erdemyorukoglu.com\/wp-content\/uploads\/2018\/11\/fav-icon-1.png\",\"contentUrl\":\"https:\/\/www.erdemyorukoglu.com\/wp-content\/uploads\/2018\/11\/fav-icon-1.png\",\"width\":512,\"height\":512,\"caption\":\"Erdem Y\u00f6r\u00fcko\u011flu\"},\"logo\":{\"@id\":\"https:\/\/www.erdemyorukoglu.com\/en\/#\/schema\/person\/image\/\"}}]}<\/script>\n<!-- \/ Yoast SEO plugin. -->","yoast_head_json":{"title":"OSTEOPATHIE","robots":{"index":"index","follow":"follow","max-snippet":"max-snippet:-1","max-image-preview":"max-image-preview:large","max-video-preview":"max-video-preview:-1"},"canonical":"https:\/\/www.erdemyorukoglu.com\/de\/uzmanliklar\/osteopati\/","og_locale":"de_DE","og_type":"article","og_title":"Erdem Y\u00f6r\u00fcko\u011flu \/\/ Manuel Terapi, Fizyoterapist, Ankara - [:tr]OSTEOPAT\u0130[:en]OSTEOPATHY[:de]OSTEOPATHIE[:]","og_description":"[vc_row full_height=&#8220;yes&#8220;][vc_column width=&#8220;1\/2&#8243;][vc_single_image image=&#8220;2370&#8243; img_size=&#8220;large&#8220; style=&#8220;img-frame-large&#8220;][vc_column_text] Osteopathen sind hochqualifizierte Angeh\u00f6rige der Gesundheitsberufe. T\u00e4glich wenden sich weltweit mehr als 30.000 Menschen bei Osteopathen f\u00fcr Nacken- und R\u00fcckenschmerzen, Gelenk- und Muskelprobleme, Sportverletzungen, wiederkehrende Kopfschmerzen und mehr an. Osteopathen k\u00f6nnen mit den angewendeten Mobilisierungs- und Manipulationstechniken die Schmerzen in k\u00fcrzester Zeit beseitigen. Osteopathen wenden das ganzheitliche Behandlungskonzept an, dh sie konzentrieren sich nicht [&hellip;]","og_url":"https:\/\/www.erdemyorukoglu.com\/de\/uzmanliklar\/osteopati\/","og_site_name":"Erdem Y\u00f6r\u00fcko\u011flu \/\/ Manuel Terapi, Fizyoterapist, Ankara","article_modified_time":"2019-08-16T11:33:01+00:00","twitter_card":"summary_large_image","twitter_misc":{"Gesch\u00e4tzte Lesezeit":"13\u00a0Minuten"},"schema":{"@context":"https:\/\/schema.org","@graph":[{"@type":"WebPage","@id":"https:\/\/www.erdemyorukoglu.com\/de\/uzmanliklar\/osteopati\/","url":"https:\/\/www.erdemyorukoglu.com\/de\/uzmanliklar\/osteopati\/","name":"OSTEOPATHIE","isPartOf":{"@id":"https:\/\/www.erdemyorukoglu.com\/en\/#website"},"datePublished":"2016-09-23T17:33:22+00:00","dateModified":"2019-08-16T11:33:01+00:00","breadcrumb":{"@id":"https:\/\/www.erdemyorukoglu.com\/de\/uzmanliklar\/osteopati\/#breadcrumb"},"inLanguage":"de-DE","potentialAction":[{"@type":"ReadAction","target":["https:\/\/www.erdemyorukoglu.com\/de\/uzmanliklar\/osteopati\/"]}]},{"@type":"BreadcrumbList","@id":"https:\/\/www.erdemyorukoglu.com\/de\/uzmanliklar\/osteopati\/#breadcrumb","itemListElement":[{"@type":"ListItem","position":1,"name":"MANUEL TERAP\u0130 ANKARA %%sep%% %%sitename%%","item":"https:\/\/www.erdemyorukoglu.com\/de\/"},{"@type":"ListItem","position":2,"name":"UZMANLIKLAR","item":"https:\/\/www.erdemyorukoglu.com\/de\/uzmanliklar\/"},{"@type":"ListItem","position":3,"name":"OSTEOPATHIE"}]},{"@type":"WebSite","@id":"https:\/\/www.erdemyorukoglu.com\/en\/#website","url":"https:\/\/www.erdemyorukoglu.com\/en\/","name":"Erdem Y\u00f6r\u00fcko\u011flu \/\/ Manuel Terapi, Fizyoterapist, Ankara","description":"Manuel Terapi, Kayropraktik, Fizyoterapi, Bel ve Boyun F\u0131t\u0131\u011f\u0131, Lenf\u00f6dem Tedavisi, Gyrotonic, Skolyoz, Ankara","publisher":{"@id":"https:\/\/www.erdemyorukoglu.com\/en\/#\/schema\/person\/854314645f5beb1ce61d3d55971d52e1"},"potentialAction":[{"@type":"SearchAction","target":{"@type":"EntryPoint","urlTemplate":"https:\/\/www.erdemyorukoglu.com\/en\/?s={search_term_string}"},"query-input":{"@type":"PropertyValueSpecification","valueRequired":true,"valueName":"search_term_string"}}],"inLanguage":"de-DE"},{"@type":["Person","Organization"],"@id":"https:\/\/www.erdemyorukoglu.com\/en\/#\/schema\/person\/854314645f5beb1ce61d3d55971d52e1","name":"Erdem Y\u00f6r\u00fcko\u011flu","image":{"@type":"ImageObject","inLanguage":"de-DE","@id":"https:\/\/www.erdemyorukoglu.com\/en\/#\/schema\/person\/image\/","url":"https:\/\/www.erdemyorukoglu.com\/wp-content\/uploads\/2018\/11\/fav-icon-1.png","contentUrl":"https:\/\/www.erdemyorukoglu.com\/wp-content\/uploads\/2018\/11\/fav-icon-1.png","width":512,"height":512,"caption":"Erdem Y\u00f6r\u00fcko\u011flu"},"logo":{"@id":"https:\/\/www.erdemyorukoglu.com\/en\/#\/schema\/person\/image\/"}}]}},"_links":{"self":[{"href":"https:\/\/www.erdemyorukoglu.com\/de\/wp-json\/wp\/v2\/pages\/1958","targetHints":{"allow":["GET"]}}],"collection":[{"href":"https:\/\/www.erdemyorukoglu.com\/de\/wp-json\/wp\/v2\/pages"}],"about":[{"href":"https:\/\/www.erdemyorukoglu.com\/de\/wp-json\/wp\/v2\/types\/page"}],"author":[{"embeddable":true,"href":"https:\/\/www.erdemyorukoglu.com\/de\/wp-json\/wp\/v2\/users\/1"}],"replies":[{"embeddable":true,"href":"https:\/\/www.erdemyorukoglu.com\/de\/wp-json\/wp\/v2\/comments?post=1958"}],"version-history":[{"count":12,"href":"https:\/\/www.erdemyorukoglu.com\/de\/wp-json\/wp\/v2\/pages\/1958\/revisions"}],"predecessor-version":[{"id":3719,"href":"https:\/\/www.erdemyorukoglu.com\/de\/wp-json\/wp\/v2\/pages\/1958\/revisions\/3719"}],"up":[{"embeddable":true,"href":"https:\/\/www.erdemyorukoglu.com\/de\/wp-json\/wp\/v2\/pages\/9"}],"wp:attachment":[{"href":"https:\/\/www.erdemyorukoglu.com\/de\/wp-json\/wp\/v2\/media?parent=1958"}],"curies":[{"name":"wp","href":"https:\/\/api.w.org\/{rel}","templated":true}]}}