{"id":2397,"date":"2018-11-08T23:20:58","date_gmt":"2018-11-08T20:20:58","guid":{"rendered":"http:\/\/localhost:8888\/erdemyorukoglu.com\/?page_id=2397"},"modified":"2025-08-16T17:07:16","modified_gmt":"2025-08-16T14:07:16","slug":"manuel-terapi","status":"publish","type":"page","link":"https:\/\/www.erdemyorukoglu.com\/de\/uzmanliklar\/manuel-terapi\/","title":{"rendered":"ORTHOP\u00c4DISCHE MANUELLE THERAPIE (OMT)"},"content":{"rendered":"<div class=\"wpb-content-wrapper\">[vc_row curly_padding=&#8220;content-padding-none&#8220;][vc_column curly_padding=&#8220;content-padding&#8220;][vc_column_text]\n<h1 style=\"text-align: center;\"><strong>ORTHOP\u00c4DISCHE MANUELLE THERAPIE (OMT)<\/strong><\/h1>\n[\/vc_column_text][\/vc_column][\/vc_row][vc_row curly_padding=&#8220;content-padding-none&#8220;][vc_column width=&#8220;1\/2&#8243;][vc_single_image image=&#8220;2399&#8243; img_size=&#8220;large&#8220; style=&#8220;img-frame-large&#8220;][vc_column_text]\n<h3><strong>Manuelle Therapie ist ein Wissenschaftszweig, der in der modernen Medizin seinen Platz gefunden hat und aus dem historischen Hippokrates stammt.<\/strong><\/h3>\n<p>Manuelle Therapietechniken werden von Physiotherapeuten als erg\u00e4nzende Behandlungsmethode angewendet. In Kombination mit physiotherapeutischen Methoden und Techniken werden unn\u00f6tige Operationen vermieden und die Lebensqualit\u00e4t verbessert.<\/p>\n<p>Das Grundprinzip besteht darin, dass, wenn unser K\u00f6rper wie eine Maschine funktioniert, ist es durch das Ergebnis des Eigengewichts und der Strategie der Sieg \u00fcber die Schwerkraft sowie die Traumata degeneriert ist, dass der K\u00f6rper die Integrit\u00e4t st\u00f6ren, w\u00e4hrend das t\u00e4gliche Leben Bewegungen durchf\u00fchren, die manchmal durch die Auswirkungen der Durchf\u00fchrung die Muskeln, die Energie produzieren.<\/p>\n<p>W\u00e4hrend diese Degeneration zun\u00e4chst nicht strukturelle Ver\u00e4nderungen in unserem K\u00f6rper Integrit\u00e4t machen, verursachen langfristige Wiederholungen der gleichen Mechanismen manchmal strukturelle Defekte. (Wie Verkalkungen, Hernien, Muskelrisse und Deformationen.)[\/vc_column_text][\/vc_column][vc_column width=&#8220;1\/2&#8243;][vc_single_image image=&#8220;2400&#8243; img_size=&#8220;large&#8220; style=&#8220;img-frame-large&#8220;][vc_column_text]An dieser Stelle enth\u00fcllt der manuelle Therapeut sowohl Funktionsst\u00f6rungen als auch Gesundheitsberufe, die die Gesundheit des Einzelnen planen und erhalten, indem sie die Behandlungsmethoden planen, die die St\u00f6rung korrigieren.<\/p>\n<p>Der manuelle Therapeut nutzt die Kraftmechanismen, die der K\u00f6rper entwickelt, sowie die H\u00e4nde, w\u00e4hrend er die Behandlungsmethoden anwendet. Das hei\u00dft, es wird kein externes Medikament, Ger\u00e4t oder elektrische Methode verwendet. Denn das Problem h\u00e4ngt bereits mit den Schmerzen zusammen, die durch die pathologischen Bewegungen unseres K\u00f6rpers entstehen. Wenn wir diese St\u00f6rung korrigieren, verwendet unser K\u00f6rper nat\u00fcrliche schmerzfreie Bewegungsmechanismen. Obwohl das Problem durch manuelle Therapiemethoden offenbart wird, wird es gleichzeitig eine Trainingsrolle f\u00fcr den Patienten spielen, die Schmerzen nicht durch Regulierung des Lebensstils der Person zu wiederholen.[\/vc_column_text][\/vc_column][\/vc_row][vc_row full_height=&#8220;yes&#8220; curly_padding=&#8220;content-padding-none&#8220;][vc_column width=&#8220;1\/2&#8243; curly_padding=&#8220;content-padding-none&#8220;][vc_single_image image=&#8220;2403&#8243; img_size=&#8220;large&#8220; alignment=&#8220;center&#8220; style=&#8220;img-frame-small&#8220; css_animation=&#8220;none&#8220;][vc_column_text]\n<h3><strong>Was ist der Vorteil der manuellen Therapie gegen\u00fcber anderen Behandlungen?<\/strong><\/h3>\n<ul>\n<li>Es bietet die M\u00f6glichkeit, sich schneller als andere Behandlungen zu erholen,<\/li>\n<li>Die meisten Schmerzen k\u00f6nnen auch in einer einzigen Sitzung gelindert werden.<\/li>\n<li>Erfolgsquote ist sehr hoch<\/li>\n<li>Bietet eine schnelle und effektive L\u00f6sung, da direkte Anwendungen im Problembereich erfolgen.<\/li>\n<li>Praktisch in der evidenzbasierten Medizin und in klinischen Informationen eingesetzt.<\/li>\n<li>Erfordert keinen Drogenkonsum, es ist v\u00f6llig nat\u00fcrlich<\/li>\n<li>Keine Nebenwirkungen.<\/li>\n<\/ul>\n[\/vc_column_text][vc_single_image image=&#8220;2401&#8243; img_size=&#8220;large&#8220; alignment=&#8220;center&#8220; style=&#8220;img-frame-small&#8220; css_animation=&#8220;none&#8220;][\/vc_column][vc_column width=&#8220;1\/2&#8243; curly_padding=&#8220;content-padding-none&#8220;][vc_single_image image=&#8220;2402&#8243; img_size=&#8220;large&#8220; alignment=&#8220;center&#8220; style=&#8220;img-frame-small&#8220; css_animation=&#8220;none&#8220; css=&#8220;.vc_custom_1546549927272{margin-top: 0px !important;border-top-width: 0px !important;padding-top: 0px !important;}&#8220;][vc_column_text]\n<h3><strong>Welche Krankheiten wirken?<\/strong><\/h3>\n<ul>\n<li>Taillenst\u00f6rungen; Lendenhernie, Facettengelenksblockaden, Kanalverengung, Taillenverschiebung,<\/li>\n<li>Nackenbeschwerden; Nackenbruch, Abflachung des Halses, Probleme mit den Facettengelenken, Nackenschmerzen<\/li>\n<li>Schulterprobleme; Muskelriss, Gefrorene Schulter, Impingement-Syndrom,<\/li>\n<li>Ellenbogenprobleme; Extensorendinitis (Tennisarm), Flexionendinitis (Golfer-Ellbogen), Ulnarisnerv-Einschlussneuropathie,<\/li>\n<li>Probleme am Handgelenk; Karpaltunnelsyndrom, Dequervaintenosinovitis, Dupuytren-Kontraktur<\/li>\n<li>H\u00fcftprobleme; H\u00fcftluxation, Priformis-Syndrom, Koxarthrose, H\u00fcftersatz,<\/li>\n<li>Kniest\u00f6rungen; Meniskusrisse, vordere-laterale-hintere Kreuzbandrisse, Rehabilitation nach Kniegelenkersatz, Chondormalazipatella, Probleme mit Genuvarum-Valgum-Rekurvatum,<\/li>\n<li>Kn\u00f6chelbeschwerden; Fersensporn, Halluxosvalgus, Tarsaltunnelsyndrom, Morton-Syndrom-Neurom,<\/li>\n<li>Rehabilitation nach Frakturen: Spezielle Begrenzungstechniken.<\/li>\n<\/ul>\n[\/vc_column_text][\/vc_column][\/vc_row]\n<\/div>","protected":false},"excerpt":{"rendered":"<p>[vc_row curly_padding=&#8220;content-padding-none&#8220;][vc_column curly_padding=&#8220;content-padding&#8220;][vc_column_text] ORTHOP\u00c4DISCHE MANUELLE THERAPIE (OMT) [\/vc_column_text][\/vc_column][\/vc_row][vc_row curly_padding=&#8220;content-padding-none&#8220;][vc_column width=&#8220;1\/2&#8243;][vc_single_image image=&#8220;2399&#8243; img_size=&#8220;large&#8220; style=&#8220;img-frame-large&#8220;][vc_column_text] Manuelle Therapie ist ein Wissenschaftszweig, der in der modernen Medizin seinen Platz gefunden hat und aus dem historischen Hippokrates stammt. Manuelle Therapietechniken werden von Physiotherapeuten als erg\u00e4nzende Behandlungsmethode angewendet. In Kombination mit physiotherapeutischen Methoden und Techniken werden unn\u00f6tige Operationen vermieden und die Lebensqualit\u00e4t verbessert. Das Grundprinzip besteht [&hellip;]<\/p>\n","protected":false},"author":1,"featured_media":0,"parent":9,"menu_order":0,"comment_status":"closed","ping_status":"closed","template":"","meta":{"inline_featured_image":false,"footnotes":""},"class_list":["post-2397","page","type-page","status-publish","hentry"],"yoast_head":"<!-- This site is optimized with the Yoast SEO plugin v25.7 - https:\/\/yoast.com\/wordpress\/plugins\/seo\/ -->\n<title>ORTHOP\u00c4DISCHE MANUELLE THERAPIE (OMT)ORTHOP\u00c4DISCHE MANUELLE THERAPIE (OMT)Erdem Y\u00f6r\u00fcko\u011flu \/\/ Manuel Terapi, Fizyoterapist, Ankara - ORTHOP\u00c4DISCHE MANUELLE THERAPIE (OMT)<\/title>\n<meta name=\"description\" content=\"Manuel Terapi; fizyoterapistler taraf\u0131ndan tamamlay\u0131c\u0131 tedavi y\u00f6ntemi olarak uygulan\u0131r. Gereksiz ameliyatlar\u0131 \u00f6nler ve ya\u015fam kalitesini artt\u0131r\u0131r.\" \/>\n<meta name=\"robots\" content=\"index, follow, max-snippet:-1, max-image-preview:large, max-video-preview:-1\" \/>\n<link rel=\"canonical\" href=\"https:\/\/www.erdemyorukoglu.com\/de\/uzmanliklar\/manuel-terapi\/\" \/>\n<meta property=\"og:locale\" content=\"de_DE\" \/>\n<meta property=\"og:locale:alternate\" content=\"tr_TR\" \/>\n<meta property=\"og:locale:alternate\" content=\"en_US\" \/>\n<meta property=\"og:type\" content=\"article\" \/>\n<meta property=\"og:title\" content=\"ORTHOP\u00c4DISCHE MANUELLE THERAPIE (OMT)ORTHOP\u00c4DISCHE MANUELLE THERAPIE (OMT)Erdem Y\u00f6r\u00fcko\u011flu \/\/ Manuel Terapi, Fizyoterapist, Ankara - ORTHOP\u00c4DISCHE MANUELLE THERAPIE (OMT)\" \/>\n<meta property=\"og:description\" content=\"Manuel Terapi; fizyoterapistler taraf\u0131ndan tamamlay\u0131c\u0131 tedavi y\u00f6ntemi olarak uygulan\u0131r. Gereksiz ameliyatlar\u0131 \u00f6nler ve ya\u015fam kalitesini artt\u0131r\u0131r.\" \/>\n<meta property=\"og:url\" content=\"https:\/\/www.erdemyorukoglu.com\/de\/uzmanliklar\/manuel-terapi\/\" \/>\n<meta property=\"og:site_name\" content=\"Erdem Y\u00f6r\u00fcko\u011flu \/\/ Manuel Terapi, Fizyoterapist, Ankara\" \/>\n<meta property=\"article:modified_time\" content=\"2025-08-16T14:07:16+00:00\" \/>\n<meta property=\"og:image\" content=\"https:\/\/www.erdemyorukoglu.com\/wp-content\/uploads\/2018\/11\/mt_1-1.jpg\" \/>\n\t<meta property=\"og:image:width\" content=\"1199\" \/>\n\t<meta property=\"og:image:height\" content=\"800\" \/>\n\t<meta property=\"og:image:type\" content=\"image\/jpeg\" \/>\n<meta name=\"twitter:card\" content=\"summary_large_image\" \/>\n<meta name=\"twitter:label1\" content=\"Gesch\u00e4tzte Lesezeit\" \/>\n\t<meta name=\"twitter:data1\" content=\"3\u00a0Minuten\" \/>\n<script type=\"application\/ld+json\" class=\"yoast-schema-graph\">{\"@context\":\"https:\/\/schema.org\",\"@graph\":[{\"@type\":\"WebPage\",\"@id\":\"https:\/\/www.erdemyorukoglu.com\/tr\/uzmanliklar\/manuel-terapi\/\",\"url\":\"https:\/\/www.erdemyorukoglu.com\/tr\/uzmanliklar\/manuel-terapi\/\",\"name\":\"ORTHOP\u00c4DISCHE MANUELLE THERAPIE (OMT)ORTHOP\u00c4DISCHE MANUELLE THERAPIE (OMT)Erdem Y\u00f6r\u00fcko\u011flu \/\/ Manuel Terapi, Fizyoterapist, Ankara - ORTHOP\u00c4DISCHE MANUELLE THERAPIE (OMT)\",\"isPartOf\":{\"@id\":\"https:\/\/www.erdemyorukoglu.com\/en\/#website\"},\"datePublished\":\"2018-11-08T20:20:58+00:00\",\"dateModified\":\"2025-08-16T14:07:16+00:00\",\"description\":\"Manuel Terapi; fizyoterapistler taraf\u0131ndan tamamlay\u0131c\u0131 tedavi y\u00f6ntemi olarak uygulan\u0131r. Gereksiz ameliyatlar\u0131 \u00f6nler ve ya\u015fam kalitesini artt\u0131r\u0131r.\",\"breadcrumb\":{\"@id\":\"https:\/\/www.erdemyorukoglu.com\/tr\/uzmanliklar\/manuel-terapi\/#breadcrumb\"},\"inLanguage\":\"de-DE\",\"potentialAction\":[{\"@type\":\"ReadAction\",\"target\":[\"https:\/\/www.erdemyorukoglu.com\/tr\/uzmanliklar\/manuel-terapi\/\"]}]},{\"@type\":\"BreadcrumbList\",\"@id\":\"https:\/\/www.erdemyorukoglu.com\/tr\/uzmanliklar\/manuel-terapi\/#breadcrumb\",\"itemListElement\":[{\"@type\":\"ListItem\",\"position\":1,\"name\":\"MANUEL TERAP\u0130 ANKARA %%sep%% %%sitename%%\",\"item\":\"https:\/\/www.erdemyorukoglu.com\/de\/\"},{\"@type\":\"ListItem\",\"position\":2,\"name\":\"UZMANLIKLAR\",\"item\":\"https:\/\/www.erdemyorukoglu.com\/de\/uzmanliklar\/\"},{\"@type\":\"ListItem\",\"position\":3,\"name\":\"MANUEL TERAP\u0130\"}]},{\"@type\":\"WebSite\",\"@id\":\"https:\/\/www.erdemyorukoglu.com\/en\/#website\",\"url\":\"https:\/\/www.erdemyorukoglu.com\/en\/\",\"name\":\"Erdem Y\u00f6r\u00fcko\u011flu \/\/ Manuel Terapi, Fizyoterapist, Ankara\",\"description\":\"Manuel Terapi, Kayropraktik, Fizyoterapi, Bel ve Boyun F\u0131t\u0131\u011f\u0131, Lenf\u00f6dem Tedavisi, Gyrotonic, Skolyoz, Ankara\",\"publisher\":{\"@id\":\"https:\/\/www.erdemyorukoglu.com\/en\/#\/schema\/person\/854314645f5beb1ce61d3d55971d52e1\"},\"potentialAction\":[{\"@type\":\"SearchAction\",\"target\":{\"@type\":\"EntryPoint\",\"urlTemplate\":\"https:\/\/www.erdemyorukoglu.com\/en\/?s={search_term_string}\"},\"query-input\":{\"@type\":\"PropertyValueSpecification\",\"valueRequired\":true,\"valueName\":\"search_term_string\"}}],\"inLanguage\":\"de-DE\"},{\"@type\":[\"Person\",\"Organization\"],\"@id\":\"https:\/\/www.erdemyorukoglu.com\/en\/#\/schema\/person\/854314645f5beb1ce61d3d55971d52e1\",\"name\":\"Erdem Y\u00f6r\u00fcko\u011flu\",\"image\":{\"@type\":\"ImageObject\",\"inLanguage\":\"de-DE\",\"@id\":\"https:\/\/www.erdemyorukoglu.com\/en\/#\/schema\/person\/image\/\",\"url\":\"https:\/\/www.erdemyorukoglu.com\/wp-content\/uploads\/2018\/11\/fav-icon-1.png\",\"contentUrl\":\"https:\/\/www.erdemyorukoglu.com\/wp-content\/uploads\/2018\/11\/fav-icon-1.png\",\"width\":512,\"height\":512,\"caption\":\"Erdem Y\u00f6r\u00fcko\u011flu\"},\"logo\":{\"@id\":\"https:\/\/www.erdemyorukoglu.com\/en\/#\/schema\/person\/image\/\"}}]}<\/script>\n<!-- \/ Yoast SEO plugin. -->","yoast_head_json":{"title":"ORTHOP\u00c4DISCHE MANUELLE THERAPIE (OMT)ORTHOP\u00c4DISCHE MANUELLE THERAPIE (OMT)Erdem Y\u00f6r\u00fcko\u011flu \/\/ Manuel Terapi, Fizyoterapist, Ankara - ORTHOP\u00c4DISCHE MANUELLE THERAPIE (OMT)","description":"Manuel Terapi; fizyoterapistler taraf\u0131ndan tamamlay\u0131c\u0131 tedavi y\u00f6ntemi olarak uygulan\u0131r. Gereksiz ameliyatlar\u0131 \u00f6nler ve ya\u015fam kalitesini artt\u0131r\u0131r.","robots":{"index":"index","follow":"follow","max-snippet":"max-snippet:-1","max-image-preview":"max-image-preview:large","max-video-preview":"max-video-preview:-1"},"canonical":"https:\/\/www.erdemyorukoglu.com\/de\/uzmanliklar\/manuel-terapi\/","og_locale":"de_DE","og_type":"article","og_title":"[:tr][:tr]ORTOPED\u0130K MANUEL TERAP\u0130 (OMT)[:en]ORTHOPEDIC MANUAL THERAPY (OMT)[:de]ORTHOP\u00c4DISCHE MANUELLE THERAPIE (OMT)[:] - Erdem Y\u00f6r\u00fcko\u011flu \/\/ Manuel Terapi, Fizyoterapist, Ankara[:en][:tr]ORTOPED\u0130K MANUEL TERAP\u0130 (OMT)[:en]ORTHOPEDIC MANUAL THERAPY (OMT)[:de]ORTHOP\u00c4DISCHE MANUELLE THERAPIE (OMT)[:] - Erdem Y\u00f6r\u00fcko\u011flu \/\/ Manuel Terapi, Fizyoterapist, Ankara[:de]Erdem Y\u00f6r\u00fcko\u011flu \/\/ Manuel Terapi, Fizyoterapist, Ankara - [:tr]ORTOPED\u0130K MANUEL TERAP\u0130 (OMT)[:en]ORTHOPEDIC MANUAL THERAPY (OMT)[:de]ORTHOP\u00c4DISCHE MANUELLE THERAPIE (OMT)[:][:]","og_description":"[:tr]Manuel Terapi; fizyoterapistler taraf\u0131ndan tamamlay\u0131c\u0131 tedavi y\u00f6ntemi olarak uygulan\u0131r. Gereksiz ameliyatlar\u0131 \u00f6nler ve ya\u015fam kalitesini artt\u0131r\u0131r.[:]","og_url":"https:\/\/www.erdemyorukoglu.com\/de\/uzmanliklar\/manuel-terapi\/","og_site_name":"Erdem Y\u00f6r\u00fcko\u011flu \/\/ Manuel Terapi, Fizyoterapist, Ankara","article_modified_time":"2025-08-16T14:07:16+00:00","og_image":[{"width":1199,"height":800,"url":"https:\/\/www.erdemyorukoglu.com\/wp-content\/uploads\/2018\/11\/mt_1-1.jpg","type":"image\/jpeg"}],"twitter_card":"summary_large_image","twitter_misc":{"Gesch\u00e4tzte Lesezeit":"3\u00a0Minuten"},"schema":{"@context":"https:\/\/schema.org","@graph":[{"@type":"WebPage","@id":"https:\/\/www.erdemyorukoglu.com\/tr\/uzmanliklar\/manuel-terapi\/","url":"https:\/\/www.erdemyorukoglu.com\/tr\/uzmanliklar\/manuel-terapi\/","name":"ORTHOP\u00c4DISCHE MANUELLE THERAPIE (OMT)ORTHOP\u00c4DISCHE MANUELLE THERAPIE (OMT)Erdem Y\u00f6r\u00fcko\u011flu \/\/ Manuel Terapi, Fizyoterapist, Ankara - ORTHOP\u00c4DISCHE MANUELLE THERAPIE (OMT)","isPartOf":{"@id":"https:\/\/www.erdemyorukoglu.com\/en\/#website"},"datePublished":"2018-11-08T20:20:58+00:00","dateModified":"2025-08-16T14:07:16+00:00","description":"Manuel Terapi; fizyoterapistler taraf\u0131ndan tamamlay\u0131c\u0131 tedavi y\u00f6ntemi olarak uygulan\u0131r. Gereksiz ameliyatlar\u0131 \u00f6nler ve ya\u015fam kalitesini artt\u0131r\u0131r.","breadcrumb":{"@id":"https:\/\/www.erdemyorukoglu.com\/tr\/uzmanliklar\/manuel-terapi\/#breadcrumb"},"inLanguage":"de-DE","potentialAction":[{"@type":"ReadAction","target":["https:\/\/www.erdemyorukoglu.com\/tr\/uzmanliklar\/manuel-terapi\/"]}]},{"@type":"BreadcrumbList","@id":"https:\/\/www.erdemyorukoglu.com\/tr\/uzmanliklar\/manuel-terapi\/#breadcrumb","itemListElement":[{"@type":"ListItem","position":1,"name":"MANUEL TERAP\u0130 ANKARA %%sep%% %%sitename%%","item":"https:\/\/www.erdemyorukoglu.com\/de\/"},{"@type":"ListItem","position":2,"name":"UZMANLIKLAR","item":"https:\/\/www.erdemyorukoglu.com\/de\/uzmanliklar\/"},{"@type":"ListItem","position":3,"name":"MANUEL TERAP\u0130"}]},{"@type":"WebSite","@id":"https:\/\/www.erdemyorukoglu.com\/en\/#website","url":"https:\/\/www.erdemyorukoglu.com\/en\/","name":"Erdem Y\u00f6r\u00fcko\u011flu \/\/ Manuel Terapi, Fizyoterapist, Ankara","description":"Manuel Terapi, Kayropraktik, Fizyoterapi, Bel ve Boyun F\u0131t\u0131\u011f\u0131, Lenf\u00f6dem Tedavisi, Gyrotonic, Skolyoz, Ankara","publisher":{"@id":"https:\/\/www.erdemyorukoglu.com\/en\/#\/schema\/person\/854314645f5beb1ce61d3d55971d52e1"},"potentialAction":[{"@type":"SearchAction","target":{"@type":"EntryPoint","urlTemplate":"https:\/\/www.erdemyorukoglu.com\/en\/?s={search_term_string}"},"query-input":{"@type":"PropertyValueSpecification","valueRequired":true,"valueName":"search_term_string"}}],"inLanguage":"de-DE"},{"@type":["Person","Organization"],"@id":"https:\/\/www.erdemyorukoglu.com\/en\/#\/schema\/person\/854314645f5beb1ce61d3d55971d52e1","name":"Erdem Y\u00f6r\u00fcko\u011flu","image":{"@type":"ImageObject","inLanguage":"de-DE","@id":"https:\/\/www.erdemyorukoglu.com\/en\/#\/schema\/person\/image\/","url":"https:\/\/www.erdemyorukoglu.com\/wp-content\/uploads\/2018\/11\/fav-icon-1.png","contentUrl":"https:\/\/www.erdemyorukoglu.com\/wp-content\/uploads\/2018\/11\/fav-icon-1.png","width":512,"height":512,"caption":"Erdem Y\u00f6r\u00fcko\u011flu"},"logo":{"@id":"https:\/\/www.erdemyorukoglu.com\/en\/#\/schema\/person\/image\/"}}]}},"_links":{"self":[{"href":"https:\/\/www.erdemyorukoglu.com\/de\/wp-json\/wp\/v2\/pages\/2397","targetHints":{"allow":["GET"]}}],"collection":[{"href":"https:\/\/www.erdemyorukoglu.com\/de\/wp-json\/wp\/v2\/pages"}],"about":[{"href":"https:\/\/www.erdemyorukoglu.com\/de\/wp-json\/wp\/v2\/types\/page"}],"author":[{"embeddable":true,"href":"https:\/\/www.erdemyorukoglu.com\/de\/wp-json\/wp\/v2\/users\/1"}],"replies":[{"embeddable":true,"href":"https:\/\/www.erdemyorukoglu.com\/de\/wp-json\/wp\/v2\/comments?post=2397"}],"version-history":[{"count":32,"href":"https:\/\/www.erdemyorukoglu.com\/de\/wp-json\/wp\/v2\/pages\/2397\/revisions"}],"predecessor-version":[{"id":2963,"href":"https:\/\/www.erdemyorukoglu.com\/de\/wp-json\/wp\/v2\/pages\/2397\/revisions\/2963"}],"up":[{"embeddable":true,"href":"https:\/\/www.erdemyorukoglu.com\/de\/wp-json\/wp\/v2\/pages\/9"}],"wp:attachment":[{"href":"https:\/\/www.erdemyorukoglu.com\/de\/wp-json\/wp\/v2\/media?parent=2397"}],"curies":[{"name":"wp","href":"https:\/\/api.w.org\/{rel}","templated":true}]}}