{"id":2409,"date":"2018-11-08T23:34:47","date_gmt":"2018-11-08T20:34:47","guid":{"rendered":"http:\/\/localhost:8888\/erdemyorukoglu.com\/?page_id=2409"},"modified":"2025-08-16T17:05:45","modified_gmt":"2025-08-16T14:05:45","slug":"foldi-lenfodem","status":"publish","type":"page","link":"https:\/\/www.erdemyorukoglu.com\/de\/uzmanliklar\/foldi-lenfodem\/","title":{"rendered":"F\u00d6LD\u0130 Lymph\u00f6dem"},"content":{"rendered":"<div class=\"wpb-content-wrapper\">[vc_row curly_padding=&#8220;content-padding-none&#8220;][vc_column curly_padding=&#8220;content-padding&#8220;][vc_column_text]\n<h1 style=\"text-align: center;\"><strong>F\u00d6LD\u0130 Lymph\u00f6dem<\/strong><\/h1>\n[\/vc_column_text][\/vc_column][\/vc_row][vc_row full_width=&#8220;stretch_row&#8220; curly_padding=&#8220;content-padding-none&#8220;][vc_column width=&#8220;1\/2&#8243;][vc_single_image image=&#8220;2415&#8243; img_size=&#8220;large&#8220; style=&#8220;img-frame-large&#8220;][vc_column_text]\n<h3><strong>Die Lymph\u00f6demst\u00f6rung wird durch die Ansammlung von Lymphfl\u00fcssigkeit im Interzellulargewebe verursacht, wodurch Schwellungen in Armen, Beinen und im Rumpf verursacht werden.<\/strong><\/h3>\n<h3>Was sind die Arten von Lymph\u00f6demen?<\/h3>\n<p><strong>Prim\u00e4res Lymph\u00f6dem;<\/strong> Sie tritt aufgrund eines strukturellen Mangels oder einer Beeintr\u00e4chtigung der Lymphgef\u00e4\u00dfe auf.<\/p>\n<p class=\"text text-40\"><strong>Sekund\u00e4res Lymph\u00f6dem;<\/strong> Das Lymphsystem wird durch Operation, Strahlentherapie, Infektion oder Besch\u00e4digung verursacht.<\/p>\n[\/vc_column_text][\/vc_column][vc_column width=&#8220;1\/2&#8243;][vc_single_image image=&#8220;2416&#8243; img_size=&#8220;large&#8220; style=&#8220;img-frame-large&#8220;][vc_column_text]\n<h3><strong>Ursachen der Lymph\u00f6demst\u00f6rung?<\/strong><\/h3>\n<p>Angeboren,<\/p>\n<p>Lymphknoten durch Operation nehmen,<\/p>\n<p>Trauma oder Verletzung,<\/p>\n<p>Infektion durch Insektenstiche oder -abrieb,<\/p>\n<p>Blockierung des Lymphflusses durch Tumor<\/p>\n<p>Radiotherapie-Anwendungen.<\/p>\n<h3><strong>Symptome einer Lymph\u00f6demst\u00f6rung<\/strong><\/h3>\n<p>Gewichtsgef\u00fchl in den Armen \/ Beinen<\/p>\n<p>Einschr\u00e4nkung der Gelenkbewegungen<\/p>\n<p>Hauttrockenheit, Spannung,<\/p>\n<p>Schl\u00e4frigkeit und Verh\u00e4rtung<\/p>\n<p>Sensorische St\u00f6rungen,<\/p>\n<p>Gelenksteifigkeit in Hand \/ Fu\u00df<\/p>\n<p>Anf\u00e4lligkeit f\u00fcr Infektionen<\/p>\n<p>Verringerung der Beweglichkeit der Finger \/ Zehen<\/p>\n<p>Accessoires wie Ringe und Uhren sind schmal.[\/vc_column_text][\/vc_column][\/vc_row][vc_row][vc_column width=&#8220;1\/2&#8243;][vc_single_image image=&#8220;4170&#8243; img_size=&#8220;large&#8220; alignment=&#8220;center&#8220; style=&#8220;img-frame-small&#8220; css_animation=&#8220;none&#8220;][vc_column_text]\n<h3><strong>Zweck der Behandlung der Lymph\u00f6demst\u00f6rung<\/strong><\/h3>\n<p>Verhinderung der Bildung von Lymph\u00f6demen,<\/p>\n<p>Verhinderung der Zunahme von Schwellungen,<\/p>\n<p>Um die Schwellung zu reduzieren,<\/p>\n<p>Erh\u00f6hte lymphatische Zirkulation in der \u00f6demat\u00f6sen Extremit\u00e4t und im Bein und Verteilung des angesammelten Proteins,<\/p>\n<p>Verhindern Sie das Auftreten und Wiederauftreten einer Infektion.[\/vc_column_text][\/vc_column][vc_column width=&#8220;1\/2&#8243;][vc_single_image image=&#8220;2418&#8243; img_size=&#8220;large&#8220; alignment=&#8220;center&#8220; style=&#8220;img-frame-small&#8220; css_animation=&#8220;none&#8220; css=&#8220;.vc_custom_1546635767735{margin-top: 0px !important;border-top-width: 0px !important;padding-top: 0px !important;}&#8220;][vc_column_text]\n<h3><strong>Was ist die Behandlung?<\/strong><\/h3>\n<p>Hautpflege,<\/p>\n<p>Manuelle Lymphdrainage (Lymph\u00f6demmassage),<\/p>\n<p>Kompressionsverband (Lymph\u00f6dem-Verband),<\/p>\n<p>\u00dcbung,<\/p>\n<p>Kinesio Tape Taping.[\/vc_column_text][\/vc_column][\/vc_row]\n<\/div>","protected":false},"excerpt":{"rendered":"<p>[vc_row curly_padding=&#8220;content-padding-none&#8220;][vc_column curly_padding=&#8220;content-padding&#8220;][vc_column_text] F\u00d6LD\u0130 Lymph\u00f6dem [\/vc_column_text][\/vc_column][\/vc_row][vc_row full_width=&#8220;stretch_row&#8220; curly_padding=&#8220;content-padding-none&#8220;][vc_column width=&#8220;1\/2&#8243;][vc_single_image image=&#8220;2415&#8243; img_size=&#8220;large&#8220; style=&#8220;img-frame-large&#8220;][vc_column_text] Die Lymph\u00f6demst\u00f6rung wird durch die Ansammlung von Lymphfl\u00fcssigkeit im Interzellulargewebe verursacht, wodurch Schwellungen in Armen, Beinen und im Rumpf verursacht werden. Was sind die Arten von Lymph\u00f6demen? Prim\u00e4res Lymph\u00f6dem; Sie tritt aufgrund eines strukturellen Mangels oder einer Beeintr\u00e4chtigung der Lymphgef\u00e4\u00dfe auf. Sekund\u00e4res Lymph\u00f6dem; Das Lymphsystem wird durch Operation, [&hellip;]<\/p>\n","protected":false},"author":1,"featured_media":0,"parent":9,"menu_order":0,"comment_status":"closed","ping_status":"closed","template":"","meta":{"inline_featured_image":false,"footnotes":""},"class_list":["post-2409","page","type-page","status-publish","hentry"],"yoast_head":"<!-- This site is optimized with the Yoast SEO plugin v25.7 - https:\/\/yoast.com\/wordpress\/plugins\/seo\/ -->\n<title>F\u00d6LD\u0130 Lymph\u00f6demF\u00d6LD\u0130 Lymph\u00f6demErdem Y\u00f6r\u00fcko\u011flu \/\/ Manuel Terapi, Fizyoterapist, Ankara - F\u00d6LD\u0130 Lymph\u00f6dem<\/title>\n<meta name=\"description\" content=\"Lenf\u00f6dem rahats\u0131zl\u0131\u011f\u0131, lenfatik s\u0131v\u0131n\u0131n h\u00fccreler aras\u0131 dokuda birikmesiyle kollarda, bacaklarda ve g\u00f6vdede \u015fi\u015fmeye neden olmas\u0131d\u0131r.\" \/>\n<meta name=\"robots\" content=\"index, follow, max-snippet:-1, max-image-preview:large, max-video-preview:-1\" \/>\n<link rel=\"canonical\" href=\"https:\/\/www.erdemyorukoglu.com\/de\/uzmanliklar\/foldi-lenfodem\/\" \/>\n<meta property=\"og:locale\" content=\"de_DE\" \/>\n<meta property=\"og:locale:alternate\" content=\"tr_TR\" \/>\n<meta property=\"og:locale:alternate\" content=\"en_US\" \/>\n<meta property=\"og:type\" content=\"article\" \/>\n<meta property=\"og:title\" content=\"F\u00d6LD\u0130 Lymph\u00f6demF\u00d6LD\u0130 Lymph\u00f6demErdem Y\u00f6r\u00fcko\u011flu \/\/ Manuel Terapi, Fizyoterapist, Ankara - F\u00d6LD\u0130 Lymph\u00f6dem\" \/>\n<meta property=\"og:description\" content=\"Lenf\u00f6dem rahats\u0131zl\u0131\u011f\u0131, lenfatik s\u0131v\u0131n\u0131n h\u00fccreler aras\u0131 dokuda birikmesiyle kollarda, bacaklarda ve g\u00f6vdede \u015fi\u015fmeye neden olmas\u0131d\u0131r.\" \/>\n<meta property=\"og:url\" content=\"https:\/\/www.erdemyorukoglu.com\/de\/uzmanliklar\/foldi-lenfodem\/\" \/>\n<meta property=\"og:site_name\" content=\"Erdem Y\u00f6r\u00fcko\u011flu \/\/ Manuel Terapi, Fizyoterapist, Ankara\" \/>\n<meta property=\"article:modified_time\" content=\"2025-08-16T14:05:45+00:00\" \/>\n<meta property=\"og:image\" content=\"https:\/\/www.erdemyorukoglu.com\/wp-content\/uploads\/2018\/11\/lo_1-1.jpg\" \/>\n\t<meta property=\"og:image:width\" content=\"1199\" \/>\n\t<meta property=\"og:image:height\" content=\"800\" \/>\n\t<meta property=\"og:image:type\" content=\"image\/jpeg\" \/>\n<meta name=\"twitter:card\" content=\"summary_large_image\" \/>\n<meta name=\"twitter:label1\" content=\"Gesch\u00e4tzte Lesezeit\" \/>\n\t<meta name=\"twitter:data1\" content=\"2\u00a0Minuten\" \/>\n<script type=\"application\/ld+json\" class=\"yoast-schema-graph\">{\"@context\":\"https:\/\/schema.org\",\"@graph\":[{\"@type\":\"WebPage\",\"@id\":\"https:\/\/www.erdemyorukoglu.com\/tr\/uzmanliklar\/foldi-lenfodem\/\",\"url\":\"https:\/\/www.erdemyorukoglu.com\/tr\/uzmanliklar\/foldi-lenfodem\/\",\"name\":\"F\u00d6LD\u0130 Lymph\u00f6demF\u00d6LD\u0130 Lymph\u00f6demErdem Y\u00f6r\u00fcko\u011flu \/\/ Manuel Terapi, Fizyoterapist, Ankara - F\u00d6LD\u0130 Lymph\u00f6dem\",\"isPartOf\":{\"@id\":\"https:\/\/www.erdemyorukoglu.com\/en\/#website\"},\"datePublished\":\"2018-11-08T20:34:47+00:00\",\"dateModified\":\"2025-08-16T14:05:45+00:00\",\"description\":\"Lenf\u00f6dem rahats\u0131zl\u0131\u011f\u0131, lenfatik s\u0131v\u0131n\u0131n h\u00fccreler aras\u0131 dokuda birikmesiyle kollarda, bacaklarda ve g\u00f6vdede \u015fi\u015fmeye neden olmas\u0131d\u0131r.\",\"breadcrumb\":{\"@id\":\"https:\/\/www.erdemyorukoglu.com\/tr\/uzmanliklar\/foldi-lenfodem\/#breadcrumb\"},\"inLanguage\":\"de-DE\",\"potentialAction\":[{\"@type\":\"ReadAction\",\"target\":[\"https:\/\/www.erdemyorukoglu.com\/tr\/uzmanliklar\/foldi-lenfodem\/\"]}]},{\"@type\":\"BreadcrumbList\",\"@id\":\"https:\/\/www.erdemyorukoglu.com\/tr\/uzmanliklar\/foldi-lenfodem\/#breadcrumb\",\"itemListElement\":[{\"@type\":\"ListItem\",\"position\":1,\"name\":\"MANUEL TERAP\u0130 ANKARA %%sep%% %%sitename%%\",\"item\":\"https:\/\/www.erdemyorukoglu.com\/de\/\"},{\"@type\":\"ListItem\",\"position\":2,\"name\":\"UZMANLIKLAR\",\"item\":\"https:\/\/www.erdemyorukoglu.com\/de\/uzmanliklar\/\"},{\"@type\":\"ListItem\",\"position\":3,\"name\":\"Lenf\u00f6dem Tedavisi\"}]},{\"@type\":\"WebSite\",\"@id\":\"https:\/\/www.erdemyorukoglu.com\/en\/#website\",\"url\":\"https:\/\/www.erdemyorukoglu.com\/en\/\",\"name\":\"Erdem Y\u00f6r\u00fcko\u011flu \/\/ Manuel Terapi, Fizyoterapist, Ankara\",\"description\":\"Manuel Terapi, Kayropraktik, Fizyoterapi, Bel ve Boyun F\u0131t\u0131\u011f\u0131, Lenf\u00f6dem Tedavisi, Gyrotonic, Skolyoz, Ankara\",\"publisher\":{\"@id\":\"https:\/\/www.erdemyorukoglu.com\/en\/#\/schema\/person\/854314645f5beb1ce61d3d55971d52e1\"},\"potentialAction\":[{\"@type\":\"SearchAction\",\"target\":{\"@type\":\"EntryPoint\",\"urlTemplate\":\"https:\/\/www.erdemyorukoglu.com\/en\/?s={search_term_string}\"},\"query-input\":{\"@type\":\"PropertyValueSpecification\",\"valueRequired\":true,\"valueName\":\"search_term_string\"}}],\"inLanguage\":\"de-DE\"},{\"@type\":[\"Person\",\"Organization\"],\"@id\":\"https:\/\/www.erdemyorukoglu.com\/en\/#\/schema\/person\/854314645f5beb1ce61d3d55971d52e1\",\"name\":\"Erdem Y\u00f6r\u00fcko\u011flu\",\"image\":{\"@type\":\"ImageObject\",\"inLanguage\":\"de-DE\",\"@id\":\"https:\/\/www.erdemyorukoglu.com\/en\/#\/schema\/person\/image\/\",\"url\":\"https:\/\/www.erdemyorukoglu.com\/wp-content\/uploads\/2018\/11\/fav-icon-1.png\",\"contentUrl\":\"https:\/\/www.erdemyorukoglu.com\/wp-content\/uploads\/2018\/11\/fav-icon-1.png\",\"width\":512,\"height\":512,\"caption\":\"Erdem Y\u00f6r\u00fcko\u011flu\"},\"logo\":{\"@id\":\"https:\/\/www.erdemyorukoglu.com\/en\/#\/schema\/person\/image\/\"}}]}<\/script>\n<!-- \/ Yoast SEO plugin. -->","yoast_head_json":{"title":"F\u00d6LD\u0130 Lymph\u00f6demF\u00d6LD\u0130 Lymph\u00f6demErdem Y\u00f6r\u00fcko\u011flu \/\/ Manuel Terapi, Fizyoterapist, Ankara - F\u00d6LD\u0130 Lymph\u00f6dem","description":"Lenf\u00f6dem rahats\u0131zl\u0131\u011f\u0131, lenfatik s\u0131v\u0131n\u0131n h\u00fccreler aras\u0131 dokuda birikmesiyle kollarda, bacaklarda ve g\u00f6vdede \u015fi\u015fmeye neden olmas\u0131d\u0131r.","robots":{"index":"index","follow":"follow","max-snippet":"max-snippet:-1","max-image-preview":"max-image-preview:large","max-video-preview":"max-video-preview:-1"},"canonical":"https:\/\/www.erdemyorukoglu.com\/de\/uzmanliklar\/foldi-lenfodem\/","og_locale":"de_DE","og_type":"article","og_title":"[:tr][:tr]F\u00d6LD\u0130 LENF\u00d6DEM[:en]FOLDI LYMPHEDEMA[:de]F\u00d6LD\u0130 Lymph\u00f6dem[:] - Erdem Y\u00f6r\u00fcko\u011flu \/\/ Manuel Terapi, Fizyoterapist, Ankara[:en][:tr]F\u00d6LD\u0130 LENF\u00d6DEM[:en]FOLDI LYMPHEDEMA[:de]F\u00d6LD\u0130 Lymph\u00f6dem[:] - Erdem Y\u00f6r\u00fcko\u011flu \/\/ Manuel Terapi, Fizyoterapist, Ankara[:de]Erdem Y\u00f6r\u00fcko\u011flu \/\/ Manuel Terapi, Fizyoterapist, Ankara - [:tr]F\u00d6LD\u0130 LENF\u00d6DEM[:en]FOLDI LYMPHEDEMA[:de]F\u00d6LD\u0130 Lymph\u00f6dem[:][:]","og_description":"[:tr]Lenf\u00f6dem rahats\u0131zl\u0131\u011f\u0131, lenfatik s\u0131v\u0131n\u0131n h\u00fccreler aras\u0131 dokuda birikmesiyle kollarda, bacaklarda ve g\u00f6vdede \u015fi\u015fmeye neden olmas\u0131d\u0131r.[:]","og_url":"https:\/\/www.erdemyorukoglu.com\/de\/uzmanliklar\/foldi-lenfodem\/","og_site_name":"Erdem Y\u00f6r\u00fcko\u011flu \/\/ Manuel Terapi, Fizyoterapist, Ankara","article_modified_time":"2025-08-16T14:05:45+00:00","og_image":[{"width":1199,"height":800,"url":"https:\/\/www.erdemyorukoglu.com\/wp-content\/uploads\/2018\/11\/lo_1-1.jpg","type":"image\/jpeg"}],"twitter_card":"summary_large_image","twitter_misc":{"Gesch\u00e4tzte Lesezeit":"2\u00a0Minuten"},"schema":{"@context":"https:\/\/schema.org","@graph":[{"@type":"WebPage","@id":"https:\/\/www.erdemyorukoglu.com\/tr\/uzmanliklar\/foldi-lenfodem\/","url":"https:\/\/www.erdemyorukoglu.com\/tr\/uzmanliklar\/foldi-lenfodem\/","name":"F\u00d6LD\u0130 Lymph\u00f6demF\u00d6LD\u0130 Lymph\u00f6demErdem Y\u00f6r\u00fcko\u011flu \/\/ Manuel Terapi, Fizyoterapist, Ankara - F\u00d6LD\u0130 Lymph\u00f6dem","isPartOf":{"@id":"https:\/\/www.erdemyorukoglu.com\/en\/#website"},"datePublished":"2018-11-08T20:34:47+00:00","dateModified":"2025-08-16T14:05:45+00:00","description":"Lenf\u00f6dem rahats\u0131zl\u0131\u011f\u0131, lenfatik s\u0131v\u0131n\u0131n h\u00fccreler aras\u0131 dokuda birikmesiyle kollarda, bacaklarda ve g\u00f6vdede \u015fi\u015fmeye neden olmas\u0131d\u0131r.","breadcrumb":{"@id":"https:\/\/www.erdemyorukoglu.com\/tr\/uzmanliklar\/foldi-lenfodem\/#breadcrumb"},"inLanguage":"de-DE","potentialAction":[{"@type":"ReadAction","target":["https:\/\/www.erdemyorukoglu.com\/tr\/uzmanliklar\/foldi-lenfodem\/"]}]},{"@type":"BreadcrumbList","@id":"https:\/\/www.erdemyorukoglu.com\/tr\/uzmanliklar\/foldi-lenfodem\/#breadcrumb","itemListElement":[{"@type":"ListItem","position":1,"name":"MANUEL TERAP\u0130 ANKARA %%sep%% %%sitename%%","item":"https:\/\/www.erdemyorukoglu.com\/de\/"},{"@type":"ListItem","position":2,"name":"UZMANLIKLAR","item":"https:\/\/www.erdemyorukoglu.com\/de\/uzmanliklar\/"},{"@type":"ListItem","position":3,"name":"Lenf\u00f6dem Tedavisi"}]},{"@type":"WebSite","@id":"https:\/\/www.erdemyorukoglu.com\/en\/#website","url":"https:\/\/www.erdemyorukoglu.com\/en\/","name":"Erdem Y\u00f6r\u00fcko\u011flu \/\/ Manuel Terapi, Fizyoterapist, Ankara","description":"Manuel Terapi, Kayropraktik, Fizyoterapi, Bel ve Boyun F\u0131t\u0131\u011f\u0131, Lenf\u00f6dem Tedavisi, Gyrotonic, Skolyoz, Ankara","publisher":{"@id":"https:\/\/www.erdemyorukoglu.com\/en\/#\/schema\/person\/854314645f5beb1ce61d3d55971d52e1"},"potentialAction":[{"@type":"SearchAction","target":{"@type":"EntryPoint","urlTemplate":"https:\/\/www.erdemyorukoglu.com\/en\/?s={search_term_string}"},"query-input":{"@type":"PropertyValueSpecification","valueRequired":true,"valueName":"search_term_string"}}],"inLanguage":"de-DE"},{"@type":["Person","Organization"],"@id":"https:\/\/www.erdemyorukoglu.com\/en\/#\/schema\/person\/854314645f5beb1ce61d3d55971d52e1","name":"Erdem Y\u00f6r\u00fcko\u011flu","image":{"@type":"ImageObject","inLanguage":"de-DE","@id":"https:\/\/www.erdemyorukoglu.com\/en\/#\/schema\/person\/image\/","url":"https:\/\/www.erdemyorukoglu.com\/wp-content\/uploads\/2018\/11\/fav-icon-1.png","contentUrl":"https:\/\/www.erdemyorukoglu.com\/wp-content\/uploads\/2018\/11\/fav-icon-1.png","width":512,"height":512,"caption":"Erdem Y\u00f6r\u00fcko\u011flu"},"logo":{"@id":"https:\/\/www.erdemyorukoglu.com\/en\/#\/schema\/person\/image\/"}}]}},"_links":{"self":[{"href":"https:\/\/www.erdemyorukoglu.com\/de\/wp-json\/wp\/v2\/pages\/2409","targetHints":{"allow":["GET"]}}],"collection":[{"href":"https:\/\/www.erdemyorukoglu.com\/de\/wp-json\/wp\/v2\/pages"}],"about":[{"href":"https:\/\/www.erdemyorukoglu.com\/de\/wp-json\/wp\/v2\/types\/page"}],"author":[{"embeddable":true,"href":"https:\/\/www.erdemyorukoglu.com\/de\/wp-json\/wp\/v2\/users\/1"}],"replies":[{"embeddable":true,"href":"https:\/\/www.erdemyorukoglu.com\/de\/wp-json\/wp\/v2\/comments?post=2409"}],"version-history":[{"count":18,"href":"https:\/\/www.erdemyorukoglu.com\/de\/wp-json\/wp\/v2\/pages\/2409\/revisions"}],"predecessor-version":[{"id":4173,"href":"https:\/\/www.erdemyorukoglu.com\/de\/wp-json\/wp\/v2\/pages\/2409\/revisions\/4173"}],"up":[{"embeddable":true,"href":"https:\/\/www.erdemyorukoglu.com\/de\/wp-json\/wp\/v2\/pages\/9"}],"wp:attachment":[{"href":"https:\/\/www.erdemyorukoglu.com\/de\/wp-json\/wp\/v2\/media?parent=2409"}],"curies":[{"name":"wp","href":"https:\/\/api.w.org\/{rel}","templated":true}]}}