{"id":2422,"date":"2018-11-09T00:05:42","date_gmt":"2018-11-08T21:05:42","guid":{"rendered":"http:\/\/localhost:8888\/erdemyorukoglu.com\/?page_id=2422"},"modified":"2025-08-16T17:01:59","modified_gmt":"2025-08-16T14:01:59","slug":"skolyoz-tedavisi","status":"publish","type":"page","link":"https:\/\/www.erdemyorukoglu.com\/de\/tedaviler\/skolyoz-tedavisi\/","title":{"rendered":"SKOL\u0130OSE UND K\u00d6RPERHALTUNG"},"content":{"rendered":"<div class=\"wpb-content-wrapper\">[vc_row content_placement=&#8220;middle&#8220;][vc_column curly_padding=&#8220;content-padding&#8220;][vc_column_text]\n<h1 style=\"text-align: center;\"><strong>SKOL\u0130OSE UND K\u00d6RPERHALTUNG<\/strong><\/h1>\n[\/vc_column_text][\/vc_column][\/vc_row][vc_row full_height=&#8220;yes&#8220;][vc_column width=&#8220;1\/2&#8243;][vc_single_image image=&#8220;2423&#8243; img_size=&#8220;large&#8220; style=&#8220;img-frame-large&#8220; css_animation=&#8220;none&#8220;][vc_column_text]Im t\u00e4glichen Leben m\u00fcssen wir oft l\u00e4nger als ein paar Minuten stehen, w\u00e4hrend wir mit jemandem sprechen, in der Schlange warten oder in unserem Arbeitsleben. W\u00e4hrend einer solchen nat\u00fcrlichen Haltung zeigt der K\u00f6rper kontinuierlich eine geringe Amplitude, langsame Schwingungen und Haltungs\u00e4nderungen, die durch Ganzk\u00f6rperbewegungen gekennzeichnet sind. K\u00f6rperhaltung; Es ist das Produkt der Steuerung mehrerer K\u00f6rpersegmente durch flexible Gelenke und der Steuerung mit dem Nerven-Muskel-System. Wenn die anderen Definitionen, die sich auf die Haltung beziehen, untersucht wurden, wird die Haltung; Es bezieht sich auf die K\u00f6rperhaltung, die durch den Spannungsreflex bereitgestellt wird und vor der Schwerkraft gesch\u00fctzt ist.<\/p>\n<h3><strong>Was sind die Ursachen von Haltungsst\u00f6rungen?<\/strong><\/h3>\n<p class=\"text text-42\">Zu den h\u00e4ufigsten posturalen St\u00f6rungen z\u00e4hlen Skoliose mit seitlicher Kr\u00fcmmung der Wirbels\u00e4ule, Kyphose mit vorderer Kr\u00fcmmung der Wirbels\u00e4ule, Pes Planus (Basiskollaps), ausgedr\u00fcckt als Abnahme des langen Fu\u00dfgew\u00f6lbes.<\/p>\n<h3><strong>Was ist Skoliose?<\/strong><\/h3>\n<p>Skoliose ist eine St\u00f6rung, die eine abnorme Kurve in der Wirbels\u00e4ule verursacht. Die Wirbels\u00e4ule hat von der Seite gesehen normale Kurven, sollte jedoch von vorne gesehen gerade sein. Kyphose ist eine Kurve in der Wirbels\u00e4ule auf der Seite, an der sich die Wirbels\u00e4ule nach vorne neigt. Es gibt eine normale Kyphose in der mittleren Wirbels\u00e4ule. Die Lordose ist eine Kurve, von der Seite aus gesehen, wo die Wirbels\u00e4ule nach hinten gebogen ist. Es gibt eine normale Lordose in der oberen Wirbels\u00e4ule und der unteren Lendenwirbels\u00e4ule. Bei Menschen mit Skoliose kr\u00fcmmen sie sich auf jeder Seite des K\u00f6rpers und mit der Biegung der Wirbels\u00e4ule entwickeln sie sich aufeinander, indem sie eine &#8222;C&#8220; &#8211; oder eine &#8222;S&#8220; -Form in der Wirbels\u00e4ule bilden.[\/vc_column_text][\/vc_column][vc_column width=&#8220;1\/2&#8243;][vc_single_image image=&#8220;2424&#8243; img_size=&#8220;large&#8220; style=&#8220;img-frame-large&#8220; css_animation=&#8220;none&#8220;][vc_column_text]\n<h3><strong>Was sind die Symptome einer Skoliose?<\/strong><\/h3>\n<p>Das h\u00e4ufigste Symptom der Skoliose ist eine abnorme Biegung der Wirbels\u00e4ule. Dies ist h\u00e4ufig eine geringf\u00fcgige \u00c4nderung und kann zuerst von einem Freund oder Familienmitglied oder einem Kind bemerkt werden, das Routineuntersuchungen f\u00fcr die Schule oder den Sport durchf\u00fchrt. Die \u00c4nderung der Kr\u00fcmmung der Wirbels\u00e4ule ist normalerweise sehr langsam, so dass es leicht zu \u00fcbersehen ist, bis eine schwerere k\u00f6rperliche Deformit\u00e4t auftritt. Es kann auch in einer Routineuntersuchung der Schule auf Skoliose gefunden werden. Betroffene Personen stellen m\u00f6glicherweise fest, dass ihre Kleidung nicht wie zuvor passt und dass eine der Hosen l\u00e4nger ist als die andere. Es kann auch dazu f\u00fchren, dass der Kopf aus der Mittellinie herausragt, sich auf eine Seite lehnt oder feststellt, dass eine H\u00fcfte h\u00f6her ist als die gegen\u00fcberliegende Seite der Schulter. Es kann eine st\u00e4rkere Kr\u00fcmmung aufweisen als die Biegung der Wirbels\u00e4ule und der Rippen auf einer Seite des Brustkorbs. Wenn die Skoliose schwerwiegender ist, kann es f\u00fcr das Herz und die Lunge schwieriger werden, richtig zu funktionieren. Dies kann zu Atemnot und Schmerzen in der Brust f\u00fchren. In den meisten F\u00e4llen ist die Skoliose nicht schmerzhaft. Es gibt jedoch einige Arten von Skoliose, die R\u00fcckenschmerzen, Rippenschmerzen, Nackenschmerzen, Muskelkr\u00e4mpfe und Bauchschmerzen verursachen k\u00f6nnen. Dar\u00fcber hinaus gibt es andere Gr\u00fcnde f\u00fcr diese unspezifischen Schmerzen, die ein Arzt gerne sehen m\u00f6chte, um andere Krankheiten auszuschlie\u00dfen. Es gibt drei grundlegende Behandlungsmethoden wie physikalische Therapie, Korsett und Chirurgie bei Skoliose. Schmerzen reagieren normalerweise auf regul\u00e4re Sport- und Bewegungsprogramme, aber wenn nicht mehr reagiert oder mit dem Aussehen nicht zufrieden ist und das Leben schwieriger wird usw., wird eine Operation empfohlen.[\/vc_column_text][\/vc_column][\/vc_row][vc_row curly_padding=&#8220;content-padding-none&#8220;][vc_column curly_padding=&#8220;content-padding-none&#8220;][vc_separator][\/vc_column][\/vc_row][vc_row][vc_column width=&#8220;1\/2&#8243;][vc_column_text]\n<h3><strong>Was ist Pes Planus?<\/strong><\/h3>\n<p>Pes planus, dh ein flacher Fu\u00df, ist eine Fu\u00dfdeformit\u00e4t, die dadurch gekennzeichnet ist, dass der innere lange Bogen (der mediale L\u00e4ngsbogen) des Fu\u00dfes verloren gehen sollte und die Ferse nach au\u00dfen rutscht. Es gibt drei Arten: flexibel, hart (starr) und physiologisch. Wenn das Gewicht auf den inneren langen Bogen (medialer L\u00e4ngsbogen) des Fu\u00dfes mit einem flexiblen flachen Boden aufgebracht wird, kr\u00fcmmt sich der Bogen wieder, wenn das Gewicht entfernt wird. Durch den harten flachen Fu\u00df \u00e4ndert sich die Form des Bogens bei Gewicht oder ohne Gewicht nicht und die Bogenh\u00f6he liegt unter der Normalen. Bei Kindern gibt es in Abh\u00e4ngigkeit vom Fettgewebe unter dem Fu\u00df einen nat\u00fcrlichen Flachesfu\u00df bis zum Alter von 5-6 Jahren, der physiologische Flachfu\u00df erzeugt, dh der dritte Typ und dieses Aussehen sollte bis zum Alter von 7 Jahren verloren gehen. Wenn es in diesem Alter nicht beginnt, einen inneren langen Bogen zu bilden, neigt es zu Pes Planus. Nach den Studien; Pes Planus war h\u00e4ufiger bei M\u00e4nnern als bei Frauen. Au\u00dferdem zeigten adip\u00f6se Personen und in der Familiengeschichte Personen mit einer Lockerung der B\u00e4nder des Gelenks 27 mehr Pes-Planus-Symptome als diejenigen, die dies nicht taten. In einer Studie, die an Kindern in Indien und Kongolesen durchgef\u00fchrt wurde, ist die Pr\u00e4valenz von Pes Planus bei denjenigen, die in der fr\u00fchen Kindheit Schuhe getragen haben, h\u00f6her als bei denjenigen, die keine Schuhe trugen.[\/vc_column_text][\/vc_column][vc_column width=&#8220;1\/2&#8243;][vc_column_text]\n<h3><strong>BEHANDLUNG<\/strong><\/h3>\n<ul>\n<li>Der erste Schritt bei der Behandlung der Ebenheit ist die Schuhmodifikation. Zuallererst sollten orthop\u00e4dische Schuhe ausgew\u00e4hlt werden, die die B\u00f6gen der breitbeinigen und niedrighackigen F\u00fc\u00dfe unterst\u00fctzen.<\/li>\n<li>Die Verwendung von Einlagen hat keine Auswirkungen auf den Fu\u00df oder die Korrektur oder Deformierung. Das ist wissenschaftlich erwiesen. Bei Personen mit Flatfoot-Schmerzen k\u00f6nnen jedoch einzelne Einlagen gegeben werden.<\/li>\n<li>Das Dehnen der Achillessehne ist ein wichtiger Teil der Behandlung.<\/li>\n<li>Bewegung und andere Behandlungsmethoden heben den flachen Bogen nicht an. Ziel dieser Behandlungen ist es, Schmerzen zu reduzieren, sekund\u00e4re Fu\u00dfprobleme zu vermeiden und die Bildung sekund\u00e4rer Probleme im Bewegungsapparat und in der Wirbels\u00e4ule zu verhindern.<\/li>\n<li>Daneben gibt es verschiedene Behandlungsmodalit\u00e4ten f\u00fcr kinesiologisches Banding, Elektrotherapie und physikalische Therapie.<\/li>\n<\/ul>\n[\/vc_column_text][\/vc_column][\/vc_row]\n<\/div>","protected":false},"excerpt":{"rendered":"<p>[vc_row content_placement=&#8220;middle&#8220;][vc_column curly_padding=&#8220;content-padding&#8220;][vc_column_text] SKOL\u0130OSE UND K\u00d6RPERHALTUNG [\/vc_column_text][\/vc_column][\/vc_row][vc_row full_height=&#8220;yes&#8220;][vc_column width=&#8220;1\/2&#8243;][vc_single_image image=&#8220;2423&#8243; img_size=&#8220;large&#8220; style=&#8220;img-frame-large&#8220; css_animation=&#8220;none&#8220;][vc_column_text]Im t\u00e4glichen Leben m\u00fcssen wir oft l\u00e4nger als ein paar Minuten stehen, w\u00e4hrend wir mit jemandem sprechen, in der Schlange warten oder in unserem Arbeitsleben. W\u00e4hrend einer solchen nat\u00fcrlichen Haltung zeigt der K\u00f6rper kontinuierlich eine geringe Amplitude, langsame Schwingungen und Haltungs\u00e4nderungen, die durch Ganzk\u00f6rperbewegungen gekennzeichnet sind. K\u00f6rperhaltung; Es [&hellip;]<\/p>\n","protected":false},"author":1,"featured_media":0,"parent":2995,"menu_order":0,"comment_status":"closed","ping_status":"closed","template":"","meta":{"inline_featured_image":false,"footnotes":""},"class_list":["post-2422","page","type-page","status-publish","hentry"],"yoast_head":"<!-- This site is optimized with the Yoast SEO plugin v25.7 - https:\/\/yoast.com\/wordpress\/plugins\/seo\/ -->\n<title>SKOL\u0130OSE UND K\u00d6RPERHALTUNGSKOL\u0130OSE UND K\u00d6RPERHALTUNGErdem Y\u00f6r\u00fcko\u011flu \/\/ Manuel Terapi, Fizyoterapist, Ankara - SKOL\u0130OSE UND K\u00d6RPERHALTUNG<\/title>\n<meta name=\"description\" content=\"Skolyoz, omurga veya omurgada anormal bir e\u011friye neden olan bir bozukluktur. Omurga, yandan bak\u0131ld\u0131\u011f\u0131nda normal e\u011frilere sahiptir, ancak \u00f6nden bak\u0131ld\u0131\u011f\u0131nda d\u00fcz g\u00f6r\u00fcnmelidir.\" \/>\n<meta name=\"robots\" content=\"index, follow, max-snippet:-1, max-image-preview:large, max-video-preview:-1\" \/>\n<link rel=\"canonical\" href=\"https:\/\/www.erdemyorukoglu.com\/de\/tedaviler\/skolyoz-tedavisi\/\" \/>\n<meta property=\"og:locale\" content=\"de_DE\" \/>\n<meta property=\"og:locale:alternate\" content=\"tr_TR\" \/>\n<meta property=\"og:locale:alternate\" content=\"en_US\" \/>\n<meta property=\"og:type\" content=\"article\" \/>\n<meta property=\"og:title\" content=\"SKOL\u0130OSE UND K\u00d6RPERHALTUNGSKOL\u0130OSE UND K\u00d6RPERHALTUNGErdem Y\u00f6r\u00fcko\u011flu \/\/ Manuel Terapi, Fizyoterapist, Ankara - SKOL\u0130OSE UND K\u00d6RPERHALTUNG\" \/>\n<meta property=\"og:description\" content=\"Skolyoz, omurga veya omurgada anormal bir e\u011friye neden olan bir bozukluktur. Omurga, yandan bak\u0131ld\u0131\u011f\u0131nda normal e\u011frilere sahiptir, ancak \u00f6nden bak\u0131ld\u0131\u011f\u0131nda d\u00fcz g\u00f6r\u00fcnmelidir.\" \/>\n<meta property=\"og:url\" content=\"https:\/\/www.erdemyorukoglu.com\/de\/tedaviler\/skolyoz-tedavisi\/\" \/>\n<meta property=\"og:site_name\" content=\"Erdem Y\u00f6r\u00fcko\u011flu \/\/ Manuel Terapi, Fizyoterapist, Ankara\" \/>\n<meta property=\"article:modified_time\" content=\"2025-08-16T14:01:59+00:00\" \/>\n<meta property=\"og:image\" content=\"https:\/\/www.erdemyorukoglu.com\/wp-content\/uploads\/2019\/01\/postural_skolyoz.jpg\" \/>\n\t<meta property=\"og:image:width\" content=\"1640\" \/>\n\t<meta property=\"og:image:height\" content=\"600\" \/>\n\t<meta property=\"og:image:type\" content=\"image\/jpeg\" \/>\n<meta name=\"twitter:card\" content=\"summary_large_image\" \/>\n<meta name=\"twitter:label1\" content=\"Gesch\u00e4tzte Lesezeit\" \/>\n\t<meta name=\"twitter:data1\" content=\"5\u00a0Minuten\" \/>\n<script type=\"application\/ld+json\" class=\"yoast-schema-graph\">{\"@context\":\"https:\/\/schema.org\",\"@graph\":[{\"@type\":\"WebPage\",\"@id\":\"https:\/\/www.erdemyorukoglu.com\/tr\/tedaviler\/skolyoz-tedavisi\/\",\"url\":\"https:\/\/www.erdemyorukoglu.com\/tr\/tedaviler\/skolyoz-tedavisi\/\",\"name\":\"SKOL\u0130OSE UND K\u00d6RPERHALTUNGSKOL\u0130OSE UND K\u00d6RPERHALTUNGErdem Y\u00f6r\u00fcko\u011flu \/\/ Manuel Terapi, Fizyoterapist, Ankara - SKOL\u0130OSE UND K\u00d6RPERHALTUNG\",\"isPartOf\":{\"@id\":\"https:\/\/www.erdemyorukoglu.com\/en\/#website\"},\"datePublished\":\"2018-11-08T21:05:42+00:00\",\"dateModified\":\"2025-08-16T14:01:59+00:00\",\"description\":\"Skolyoz, omurga veya omurgada anormal bir e\u011friye neden olan bir bozukluktur. Omurga, yandan bak\u0131ld\u0131\u011f\u0131nda normal e\u011frilere sahiptir, ancak \u00f6nden bak\u0131ld\u0131\u011f\u0131nda d\u00fcz g\u00f6r\u00fcnmelidir.\",\"breadcrumb\":{\"@id\":\"https:\/\/www.erdemyorukoglu.com\/tr\/tedaviler\/skolyoz-tedavisi\/#breadcrumb\"},\"inLanguage\":\"de-DE\",\"potentialAction\":[{\"@type\":\"ReadAction\",\"target\":[\"https:\/\/www.erdemyorukoglu.com\/tr\/tedaviler\/skolyoz-tedavisi\/\"]}]},{\"@type\":\"BreadcrumbList\",\"@id\":\"https:\/\/www.erdemyorukoglu.com\/tr\/tedaviler\/skolyoz-tedavisi\/#breadcrumb\",\"itemListElement\":[{\"@type\":\"ListItem\",\"position\":1,\"name\":\"MANUEL TERAP\u0130 ANKARA %%sep%% %%sitename%%\",\"item\":\"https:\/\/www.erdemyorukoglu.com\/de\/\"},{\"@type\":\"ListItem\",\"position\":2,\"name\":\"TEDAV\u0130LER\",\"item\":\"https:\/\/www.erdemyorukoglu.com\/en\/tedaviler\/\"},{\"@type\":\"ListItem\",\"position\":3,\"name\":\"SKOLYOZ ve POST\u00dcRAL D\u00dcZG\u00dcNL\u00dcK\"}]},{\"@type\":\"WebSite\",\"@id\":\"https:\/\/www.erdemyorukoglu.com\/en\/#website\",\"url\":\"https:\/\/www.erdemyorukoglu.com\/en\/\",\"name\":\"Erdem Y\u00f6r\u00fcko\u011flu \/\/ Manuel Terapi, Fizyoterapist, Ankara\",\"description\":\"Manuel Terapi, Kayropraktik, Fizyoterapi, Bel ve Boyun F\u0131t\u0131\u011f\u0131, Lenf\u00f6dem Tedavisi, Gyrotonic, Skolyoz, Ankara\",\"publisher\":{\"@id\":\"https:\/\/www.erdemyorukoglu.com\/en\/#\/schema\/person\/854314645f5beb1ce61d3d55971d52e1\"},\"potentialAction\":[{\"@type\":\"SearchAction\",\"target\":{\"@type\":\"EntryPoint\",\"urlTemplate\":\"https:\/\/www.erdemyorukoglu.com\/en\/?s={search_term_string}\"},\"query-input\":{\"@type\":\"PropertyValueSpecification\",\"valueRequired\":true,\"valueName\":\"search_term_string\"}}],\"inLanguage\":\"de-DE\"},{\"@type\":[\"Person\",\"Organization\"],\"@id\":\"https:\/\/www.erdemyorukoglu.com\/en\/#\/schema\/person\/854314645f5beb1ce61d3d55971d52e1\",\"name\":\"Erdem Y\u00f6r\u00fcko\u011flu\",\"image\":{\"@type\":\"ImageObject\",\"inLanguage\":\"de-DE\",\"@id\":\"https:\/\/www.erdemyorukoglu.com\/en\/#\/schema\/person\/image\/\",\"url\":\"https:\/\/www.erdemyorukoglu.com\/wp-content\/uploads\/2018\/11\/fav-icon-1.png\",\"contentUrl\":\"https:\/\/www.erdemyorukoglu.com\/wp-content\/uploads\/2018\/11\/fav-icon-1.png\",\"width\":512,\"height\":512,\"caption\":\"Erdem Y\u00f6r\u00fcko\u011flu\"},\"logo\":{\"@id\":\"https:\/\/www.erdemyorukoglu.com\/en\/#\/schema\/person\/image\/\"}}]}<\/script>\n<!-- \/ Yoast SEO plugin. -->","yoast_head_json":{"title":"SKOL\u0130OSE UND K\u00d6RPERHALTUNGSKOL\u0130OSE UND K\u00d6RPERHALTUNGErdem Y\u00f6r\u00fcko\u011flu \/\/ Manuel Terapi, Fizyoterapist, Ankara - SKOL\u0130OSE UND K\u00d6RPERHALTUNG","description":"Skolyoz, omurga veya omurgada anormal bir e\u011friye neden olan bir bozukluktur. Omurga, yandan bak\u0131ld\u0131\u011f\u0131nda normal e\u011frilere sahiptir, ancak \u00f6nden bak\u0131ld\u0131\u011f\u0131nda d\u00fcz g\u00f6r\u00fcnmelidir.","robots":{"index":"index","follow":"follow","max-snippet":"max-snippet:-1","max-image-preview":"max-image-preview:large","max-video-preview":"max-video-preview:-1"},"canonical":"https:\/\/www.erdemyorukoglu.com\/de\/tedaviler\/skolyoz-tedavisi\/","og_locale":"de_DE","og_type":"article","og_title":"[:tr][:tr]SKOLYOZ ve POST\u00dcRAL D\u00dcZG\u00dcNL\u00dcK[:en]SCOLIOSIS AND POSTURAL ALIGNMENT[:de]SKOL\u0130OSE UND K\u00d6RPERHALTUNG[:] - Erdem Y\u00f6r\u00fcko\u011flu \/\/ Manuel Terapi, Fizyoterapist, Ankara[:en][:tr]SKOLYOZ ve POST\u00dcRAL D\u00dcZG\u00dcNL\u00dcK[:en]SCOLIOSIS AND POSTURAL ALIGNMENT[:de]SKOL\u0130OSE UND K\u00d6RPERHALTUNG[:] - Erdem Y\u00f6r\u00fcko\u011flu \/\/ Manuel Terapi, Fizyoterapist, Ankara[:de]Erdem Y\u00f6r\u00fcko\u011flu \/\/ Manuel Terapi, Fizyoterapist, Ankara - [:tr]SKOLYOZ ve POST\u00dcRAL D\u00dcZG\u00dcNL\u00dcK[:en]SCOLIOSIS AND POSTURAL ALIGNMENT[:de]SKOL\u0130OSE UND K\u00d6RPERHALTUNG[:][:]","og_description":"[:tr]Skolyoz, omurga veya omurgada anormal bir e\u011friye neden olan bir bozukluktur. Omurga, yandan bak\u0131ld\u0131\u011f\u0131nda normal e\u011frilere sahiptir, ancak \u00f6nden bak\u0131ld\u0131\u011f\u0131nda d\u00fcz g\u00f6r\u00fcnmelidir.[:]","og_url":"https:\/\/www.erdemyorukoglu.com\/de\/tedaviler\/skolyoz-tedavisi\/","og_site_name":"Erdem Y\u00f6r\u00fcko\u011flu \/\/ Manuel Terapi, Fizyoterapist, Ankara","article_modified_time":"2025-08-16T14:01:59+00:00","og_image":[{"width":1640,"height":600,"url":"https:\/\/www.erdemyorukoglu.com\/wp-content\/uploads\/2019\/01\/postural_skolyoz.jpg","type":"image\/jpeg"}],"twitter_card":"summary_large_image","twitter_misc":{"Gesch\u00e4tzte Lesezeit":"5\u00a0Minuten"},"schema":{"@context":"https:\/\/schema.org","@graph":[{"@type":"WebPage","@id":"https:\/\/www.erdemyorukoglu.com\/tr\/tedaviler\/skolyoz-tedavisi\/","url":"https:\/\/www.erdemyorukoglu.com\/tr\/tedaviler\/skolyoz-tedavisi\/","name":"SKOL\u0130OSE UND K\u00d6RPERHALTUNGSKOL\u0130OSE UND K\u00d6RPERHALTUNGErdem Y\u00f6r\u00fcko\u011flu \/\/ Manuel Terapi, Fizyoterapist, Ankara - SKOL\u0130OSE UND K\u00d6RPERHALTUNG","isPartOf":{"@id":"https:\/\/www.erdemyorukoglu.com\/en\/#website"},"datePublished":"2018-11-08T21:05:42+00:00","dateModified":"2025-08-16T14:01:59+00:00","description":"Skolyoz, omurga veya omurgada anormal bir e\u011friye neden olan bir bozukluktur. Omurga, yandan bak\u0131ld\u0131\u011f\u0131nda normal e\u011frilere sahiptir, ancak \u00f6nden bak\u0131ld\u0131\u011f\u0131nda d\u00fcz g\u00f6r\u00fcnmelidir.","breadcrumb":{"@id":"https:\/\/www.erdemyorukoglu.com\/tr\/tedaviler\/skolyoz-tedavisi\/#breadcrumb"},"inLanguage":"de-DE","potentialAction":[{"@type":"ReadAction","target":["https:\/\/www.erdemyorukoglu.com\/tr\/tedaviler\/skolyoz-tedavisi\/"]}]},{"@type":"BreadcrumbList","@id":"https:\/\/www.erdemyorukoglu.com\/tr\/tedaviler\/skolyoz-tedavisi\/#breadcrumb","itemListElement":[{"@type":"ListItem","position":1,"name":"MANUEL TERAP\u0130 ANKARA %%sep%% %%sitename%%","item":"https:\/\/www.erdemyorukoglu.com\/de\/"},{"@type":"ListItem","position":2,"name":"TEDAV\u0130LER","item":"https:\/\/www.erdemyorukoglu.com\/en\/tedaviler\/"},{"@type":"ListItem","position":3,"name":"SKOLYOZ ve POST\u00dcRAL D\u00dcZG\u00dcNL\u00dcK"}]},{"@type":"WebSite","@id":"https:\/\/www.erdemyorukoglu.com\/en\/#website","url":"https:\/\/www.erdemyorukoglu.com\/en\/","name":"Erdem Y\u00f6r\u00fcko\u011flu \/\/ Manuel Terapi, Fizyoterapist, Ankara","description":"Manuel Terapi, Kayropraktik, Fizyoterapi, Bel ve Boyun F\u0131t\u0131\u011f\u0131, Lenf\u00f6dem Tedavisi, Gyrotonic, Skolyoz, Ankara","publisher":{"@id":"https:\/\/www.erdemyorukoglu.com\/en\/#\/schema\/person\/854314645f5beb1ce61d3d55971d52e1"},"potentialAction":[{"@type":"SearchAction","target":{"@type":"EntryPoint","urlTemplate":"https:\/\/www.erdemyorukoglu.com\/en\/?s={search_term_string}"},"query-input":{"@type":"PropertyValueSpecification","valueRequired":true,"valueName":"search_term_string"}}],"inLanguage":"de-DE"},{"@type":["Person","Organization"],"@id":"https:\/\/www.erdemyorukoglu.com\/en\/#\/schema\/person\/854314645f5beb1ce61d3d55971d52e1","name":"Erdem Y\u00f6r\u00fcko\u011flu","image":{"@type":"ImageObject","inLanguage":"de-DE","@id":"https:\/\/www.erdemyorukoglu.com\/en\/#\/schema\/person\/image\/","url":"https:\/\/www.erdemyorukoglu.com\/wp-content\/uploads\/2018\/11\/fav-icon-1.png","contentUrl":"https:\/\/www.erdemyorukoglu.com\/wp-content\/uploads\/2018\/11\/fav-icon-1.png","width":512,"height":512,"caption":"Erdem Y\u00f6r\u00fcko\u011flu"},"logo":{"@id":"https:\/\/www.erdemyorukoglu.com\/en\/#\/schema\/person\/image\/"}}]}},"_links":{"self":[{"href":"https:\/\/www.erdemyorukoglu.com\/de\/wp-json\/wp\/v2\/pages\/2422","targetHints":{"allow":["GET"]}}],"collection":[{"href":"https:\/\/www.erdemyorukoglu.com\/de\/wp-json\/wp\/v2\/pages"}],"about":[{"href":"https:\/\/www.erdemyorukoglu.com\/de\/wp-json\/wp\/v2\/types\/page"}],"author":[{"embeddable":true,"href":"https:\/\/www.erdemyorukoglu.com\/de\/wp-json\/wp\/v2\/users\/1"}],"replies":[{"embeddable":true,"href":"https:\/\/www.erdemyorukoglu.com\/de\/wp-json\/wp\/v2\/comments?post=2422"}],"version-history":[{"count":24,"href":"https:\/\/www.erdemyorukoglu.com\/de\/wp-json\/wp\/v2\/pages\/2422\/revisions"}],"predecessor-version":[{"id":4071,"href":"https:\/\/www.erdemyorukoglu.com\/de\/wp-json\/wp\/v2\/pages\/2422\/revisions\/4071"}],"up":[{"embeddable":true,"href":"https:\/\/www.erdemyorukoglu.com\/de\/wp-json\/wp\/v2\/pages\/2995"}],"wp:attachment":[{"href":"https:\/\/www.erdemyorukoglu.com\/de\/wp-json\/wp\/v2\/media?parent=2422"}],"curies":[{"name":"wp","href":"https:\/\/api.w.org\/{rel}","templated":true}]}}