{"id":2970,"date":"2018-12-08T10:03:44","date_gmt":"2018-12-08T07:03:44","guid":{"rendered":"https:\/\/www.erdemyorukoglu.com\/?page_id=2970"},"modified":"2025-08-16T16:46:24","modified_gmt":"2025-08-16T13:46:24","slug":"bel-ve-boyun-fitigi","status":"publish","type":"page","link":"https:\/\/www.erdemyorukoglu.com\/de\/tedaviler\/bel-ve-boyun-fitigi\/","title":{"rendered":"LENDEN- UND HALSHERN\u0130E"},"content":{"rendered":"<div class=\"wpb-content-wrapper\">[vc_row curly_padding=&#8220;content-padding-none&#8220;][vc_column curly_padding=&#8220;content-padding&#8220;][vc_column_text]\n<h1 style=\"text-align: center;\"><strong>LENDEN- UND HALSHERN\u0130E<\/strong><\/h1>\n[\/vc_column_text][\/vc_column][\/vc_row][vc_row content_placement=&#8220;middle&#8220;][vc_column width=&#8220;1\/2&#8243;][vc_single_image image=&#8220;2988&#8243; img_size=&#8220;large&#8220; el_class=&#8220;img-frame-large&#8220;][\/vc_column][vc_column width=&#8220;1\/2&#8243;][vc_column_text curly_padding_side=&#8220;content-side-padding-xxl&#8220;]\n<p class=\"text text-42\">Es gibt 5 Wirbel in unserem Hals und 7 in der Taille. Unter diesen Knochen gibt es Knorpelstrukturen, die als Scheiben bezeichnet werden. Die Scheiben tragen zur Beweglichkeit der Wirbels\u00e4ule bei und sorgen f\u00fcr eine ausgewogene Verteilung der Lasten auf die Wirbels\u00e4ule. Hals- und Lendenhernien werden durch Unterbrechung und \u00dcberlauf von Bandscheiben verursacht, die wie ein Sto\u00dfd\u00e4mpfer wirken.<\/p>\n[\/vc_column_text][vc_column_text curly_padding_side=&#8220;content-side-padding-xxl&#8220;]\n<h3><strong>Wie Lenden- und Nackenhernien behandeln?<\/strong><\/h3>\n<p>Eine gro\u00dfe Mehrheit der Taillen- und Nackenbr\u00fcche kann ohne chirurgischen Eingriff behandelt werden. Chirurgische Eingriffe betreffen die Behandlung von sehr wenigen Patienten, insbesondere von solchen mit L\u00e4hmung. Nicht-chirurgische Behandlungsmodalit\u00e4ten umfassen Arzneimitteltherapien, physikalische Therapieanwendungen (hei\u00dfe Anwendungen, elektrische Str\u00f6me, Ultraschallanwendungen, Laser usw.), lokale Injektionen, Manipulationsanwendungen, \u00dcbungsphysiotherapie sind die am h\u00e4ufigsten verwendeten Behandlungsoptionen.[\/vc_column_text][\/vc_column][\/vc_row]\n<\/div>","protected":false},"excerpt":{"rendered":"<p>[vc_row curly_padding=&#8220;content-padding-none&#8220;][vc_column curly_padding=&#8220;content-padding&#8220;][vc_column_text] LENDEN- UND HALSHERN\u0130E [\/vc_column_text][\/vc_column][\/vc_row][vc_row content_placement=&#8220;middle&#8220;][vc_column width=&#8220;1\/2&#8243;][vc_single_image image=&#8220;2988&#8243; img_size=&#8220;large&#8220; el_class=&#8220;img-frame-large&#8220;][\/vc_column][vc_column width=&#8220;1\/2&#8243;][vc_column_text curly_padding_side=&#8220;content-side-padding-xxl&#8220;] Es gibt 5 Wirbel in unserem Hals und 7 in der Taille. Unter diesen Knochen gibt es Knorpelstrukturen, die als Scheiben bezeichnet werden. Die Scheiben tragen zur Beweglichkeit der Wirbels\u00e4ule bei und sorgen f\u00fcr eine ausgewogene Verteilung der Lasten auf die Wirbels\u00e4ule. Hals- und Lendenhernien werden [&hellip;]<\/p>\n","protected":false},"author":1,"featured_media":0,"parent":2995,"menu_order":0,"comment_status":"closed","ping_status":"closed","template":"","meta":{"inline_featured_image":false,"footnotes":""},"class_list":["post-2970","page","type-page","status-publish","hentry"],"yoast_head":"<!-- This site is optimized with the Yoast SEO plugin v25.7 - https:\/\/yoast.com\/wordpress\/plugins\/seo\/ -->\n<title>LENDEN- UND HALSHERN\u0130ELENDEN- UND HALSHERN\u0130EErdem Y\u00f6r\u00fcko\u011flu \/\/ Manuel Terapi, Fizyoterapist, Ankara - LENDEN- UND HALSHERN\u0130E<\/title>\n<meta name=\"description\" content=\"Bel ve boyun f\u0131t\u0131\u011f\u0131 ilerlemeden tedavi edilmelidir. Bel f\u0131t\u0131\u011f\u0131; iki omurga aras\u0131ndaki bir disk yerinden \u00e7\u0131kmaya ba\u015flamas\u0131, \u00e7evredeki sinirleri tahri\u015f etmesi ile a\u015f\u0131r\u0131 a\u011fr\u0131ya neden olabilir.\" \/>\n<meta name=\"robots\" content=\"index, follow, max-snippet:-1, max-image-preview:large, max-video-preview:-1\" \/>\n<link rel=\"canonical\" href=\"https:\/\/www.erdemyorukoglu.com\/de\/tedaviler\/bel-ve-boyun-fitigi\/\" \/>\n<meta property=\"og:locale\" content=\"de_DE\" \/>\n<meta property=\"og:locale:alternate\" content=\"tr_TR\" \/>\n<meta property=\"og:locale:alternate\" content=\"en_US\" \/>\n<meta property=\"og:type\" content=\"article\" \/>\n<meta property=\"og:title\" content=\"LENDEN- UND HALSHERN\u0130ELENDEN- UND HALSHERN\u0130EErdem Y\u00f6r\u00fcko\u011flu \/\/ Manuel Terapi, Fizyoterapist, Ankara - LENDEN- UND HALSHERN\u0130E\" \/>\n<meta property=\"og:description\" content=\"Bel ve boyun f\u0131t\u0131\u011f\u0131 ilerlemeden tedavi edilmelidir. Bel f\u0131t\u0131\u011f\u0131; iki omurga aras\u0131ndaki bir disk yerinden \u00e7\u0131kmaya ba\u015flamas\u0131, \u00e7evredeki sinirleri tahri\u015f etmesi ile a\u015f\u0131r\u0131 a\u011fr\u0131ya neden olabilir.\" \/>\n<meta property=\"og:url\" content=\"https:\/\/www.erdemyorukoglu.com\/de\/tedaviler\/bel-ve-boyun-fitigi\/\" \/>\n<meta property=\"og:site_name\" content=\"Erdem Y\u00f6r\u00fcko\u011flu \/\/ Manuel Terapi, Fizyoterapist, Ankara\" \/>\n<meta property=\"article:modified_time\" content=\"2025-08-16T13:46:24+00:00\" \/>\n<meta property=\"og:image\" content=\"https:\/\/www.erdemyorukoglu.com\/wp-content\/uploads\/2019\/01\/bel_boyun_fitigi.jpg\" \/>\n\t<meta property=\"og:image:width\" content=\"1640\" \/>\n\t<meta property=\"og:image:height\" content=\"600\" \/>\n\t<meta property=\"og:image:type\" content=\"image\/jpeg\" \/>\n<meta name=\"twitter:card\" content=\"summary_large_image\" \/>\n<meta name=\"twitter:label1\" content=\"Gesch\u00e4tzte Lesezeit\" \/>\n\t<meta name=\"twitter:data1\" content=\"1\u00a0Minute\" \/>\n<script type=\"application\/ld+json\" class=\"yoast-schema-graph\">{\"@context\":\"https:\/\/schema.org\",\"@graph\":[{\"@type\":\"WebPage\",\"@id\":\"https:\/\/www.erdemyorukoglu.com\/tr\/tedaviler\/bel-ve-boyun-fitigi\/\",\"url\":\"https:\/\/www.erdemyorukoglu.com\/tr\/tedaviler\/bel-ve-boyun-fitigi\/\",\"name\":\"LENDEN- UND HALSHERN\u0130ELENDEN- UND HALSHERN\u0130EErdem Y\u00f6r\u00fcko\u011flu \/\/ Manuel Terapi, Fizyoterapist, Ankara - LENDEN- UND HALSHERN\u0130E\",\"isPartOf\":{\"@id\":\"https:\/\/www.erdemyorukoglu.com\/en\/#website\"},\"datePublished\":\"2018-12-08T07:03:44+00:00\",\"dateModified\":\"2025-08-16T13:46:24+00:00\",\"description\":\"Bel ve boyun f\u0131t\u0131\u011f\u0131 ilerlemeden tedavi edilmelidir. Bel f\u0131t\u0131\u011f\u0131; iki omurga aras\u0131ndaki bir disk yerinden \u00e7\u0131kmaya ba\u015flamas\u0131, \u00e7evredeki sinirleri tahri\u015f etmesi ile a\u015f\u0131r\u0131 a\u011fr\u0131ya neden olabilir.\",\"breadcrumb\":{\"@id\":\"https:\/\/www.erdemyorukoglu.com\/tr\/tedaviler\/bel-ve-boyun-fitigi\/#breadcrumb\"},\"inLanguage\":\"de-DE\",\"potentialAction\":[{\"@type\":\"ReadAction\",\"target\":[\"https:\/\/www.erdemyorukoglu.com\/tr\/tedaviler\/bel-ve-boyun-fitigi\/\"]}]},{\"@type\":\"BreadcrumbList\",\"@id\":\"https:\/\/www.erdemyorukoglu.com\/tr\/tedaviler\/bel-ve-boyun-fitigi\/#breadcrumb\",\"itemListElement\":[{\"@type\":\"ListItem\",\"position\":1,\"name\":\"MANUEL TERAP\u0130 ANKARA %%sep%% %%sitename%%\",\"item\":\"https:\/\/www.erdemyorukoglu.com\/de\/\"},{\"@type\":\"ListItem\",\"position\":2,\"name\":\"TEDAV\u0130LER\",\"item\":\"https:\/\/www.erdemyorukoglu.com\/en\/tedaviler\/\"},{\"@type\":\"ListItem\",\"position\":3,\"name\":\"BEL ve BOYUN FITI\u011eI\"}]},{\"@type\":\"WebSite\",\"@id\":\"https:\/\/www.erdemyorukoglu.com\/en\/#website\",\"url\":\"https:\/\/www.erdemyorukoglu.com\/en\/\",\"name\":\"Erdem Y\u00f6r\u00fcko\u011flu \/\/ Manuel Terapi, Fizyoterapist, Ankara\",\"description\":\"Manuel Terapi, Kayropraktik, Fizyoterapi, Bel ve Boyun F\u0131t\u0131\u011f\u0131, Lenf\u00f6dem Tedavisi, Gyrotonic, Skolyoz, Ankara\",\"publisher\":{\"@id\":\"https:\/\/www.erdemyorukoglu.com\/en\/#\/schema\/person\/854314645f5beb1ce61d3d55971d52e1\"},\"potentialAction\":[{\"@type\":\"SearchAction\",\"target\":{\"@type\":\"EntryPoint\",\"urlTemplate\":\"https:\/\/www.erdemyorukoglu.com\/en\/?s={search_term_string}\"},\"query-input\":{\"@type\":\"PropertyValueSpecification\",\"valueRequired\":true,\"valueName\":\"search_term_string\"}}],\"inLanguage\":\"de-DE\"},{\"@type\":[\"Person\",\"Organization\"],\"@id\":\"https:\/\/www.erdemyorukoglu.com\/en\/#\/schema\/person\/854314645f5beb1ce61d3d55971d52e1\",\"name\":\"Erdem Y\u00f6r\u00fcko\u011flu\",\"image\":{\"@type\":\"ImageObject\",\"inLanguage\":\"de-DE\",\"@id\":\"https:\/\/www.erdemyorukoglu.com\/en\/#\/schema\/person\/image\/\",\"url\":\"https:\/\/www.erdemyorukoglu.com\/wp-content\/uploads\/2018\/11\/fav-icon-1.png\",\"contentUrl\":\"https:\/\/www.erdemyorukoglu.com\/wp-content\/uploads\/2018\/11\/fav-icon-1.png\",\"width\":512,\"height\":512,\"caption\":\"Erdem Y\u00f6r\u00fcko\u011flu\"},\"logo\":{\"@id\":\"https:\/\/www.erdemyorukoglu.com\/en\/#\/schema\/person\/image\/\"}}]}<\/script>\n<!-- \/ Yoast SEO plugin. -->","yoast_head_json":{"title":"LENDEN- UND HALSHERN\u0130ELENDEN- UND HALSHERN\u0130EErdem Y\u00f6r\u00fcko\u011flu \/\/ Manuel Terapi, Fizyoterapist, Ankara - LENDEN- UND HALSHERN\u0130E","description":"Bel ve boyun f\u0131t\u0131\u011f\u0131 ilerlemeden tedavi edilmelidir. Bel f\u0131t\u0131\u011f\u0131; iki omurga aras\u0131ndaki bir disk yerinden \u00e7\u0131kmaya ba\u015flamas\u0131, \u00e7evredeki sinirleri tahri\u015f etmesi ile a\u015f\u0131r\u0131 a\u011fr\u0131ya neden olabilir.","robots":{"index":"index","follow":"follow","max-snippet":"max-snippet:-1","max-image-preview":"max-image-preview:large","max-video-preview":"max-video-preview:-1"},"canonical":"https:\/\/www.erdemyorukoglu.com\/de\/tedaviler\/bel-ve-boyun-fitigi\/","og_locale":"de_DE","og_type":"article","og_title":"[:tr][:tr]BEL ve BOYUN FITI\u011eI[:en]LUMBAR AND NECK HERNIA[:de]LENDEN- UND HALSHERN\u0130E[:] - Erdem Y\u00f6r\u00fcko\u011flu \/\/ Manuel Terapi, Fizyoterapist, Ankara[:en][:tr]BEL ve BOYUN FITI\u011eI[:en]LUMBAR AND NECK HERNIA[:de]LENDEN- UND HALSHERN\u0130E[:] - Erdem Y\u00f6r\u00fcko\u011flu \/\/ Manuel Terapi, Fizyoterapist, Ankara[:de]Erdem Y\u00f6r\u00fcko\u011flu \/\/ Manuel Terapi, Fizyoterapist, Ankara - [:tr]BEL ve BOYUN FITI\u011eI[:en]LUMBAR AND NECK HERNIA[:de]LENDEN- UND HALSHERN\u0130E[:][:]","og_description":"[:tr]Bel ve boyun f\u0131t\u0131\u011f\u0131 ilerlemeden tedavi edilmelidir. Bel f\u0131t\u0131\u011f\u0131; iki omurga aras\u0131ndaki bir disk yerinden \u00e7\u0131kmaya ba\u015flamas\u0131, \u00e7evredeki sinirleri tahri\u015f etmesi ile a\u015f\u0131r\u0131 a\u011fr\u0131ya neden olabilir.[:]","og_url":"https:\/\/www.erdemyorukoglu.com\/de\/tedaviler\/bel-ve-boyun-fitigi\/","og_site_name":"Erdem Y\u00f6r\u00fcko\u011flu \/\/ Manuel Terapi, Fizyoterapist, Ankara","article_modified_time":"2025-08-16T13:46:24+00:00","og_image":[{"width":1640,"height":600,"url":"https:\/\/www.erdemyorukoglu.com\/wp-content\/uploads\/2019\/01\/bel_boyun_fitigi.jpg","type":"image\/jpeg"}],"twitter_card":"summary_large_image","twitter_misc":{"Gesch\u00e4tzte Lesezeit":"1\u00a0Minute"},"schema":{"@context":"https:\/\/schema.org","@graph":[{"@type":"WebPage","@id":"https:\/\/www.erdemyorukoglu.com\/tr\/tedaviler\/bel-ve-boyun-fitigi\/","url":"https:\/\/www.erdemyorukoglu.com\/tr\/tedaviler\/bel-ve-boyun-fitigi\/","name":"LENDEN- UND HALSHERN\u0130ELENDEN- UND HALSHERN\u0130EErdem Y\u00f6r\u00fcko\u011flu \/\/ Manuel Terapi, Fizyoterapist, Ankara - LENDEN- UND HALSHERN\u0130E","isPartOf":{"@id":"https:\/\/www.erdemyorukoglu.com\/en\/#website"},"datePublished":"2018-12-08T07:03:44+00:00","dateModified":"2025-08-16T13:46:24+00:00","description":"Bel ve boyun f\u0131t\u0131\u011f\u0131 ilerlemeden tedavi edilmelidir. Bel f\u0131t\u0131\u011f\u0131; iki omurga aras\u0131ndaki bir disk yerinden \u00e7\u0131kmaya ba\u015flamas\u0131, \u00e7evredeki sinirleri tahri\u015f etmesi ile a\u015f\u0131r\u0131 a\u011fr\u0131ya neden olabilir.","breadcrumb":{"@id":"https:\/\/www.erdemyorukoglu.com\/tr\/tedaviler\/bel-ve-boyun-fitigi\/#breadcrumb"},"inLanguage":"de-DE","potentialAction":[{"@type":"ReadAction","target":["https:\/\/www.erdemyorukoglu.com\/tr\/tedaviler\/bel-ve-boyun-fitigi\/"]}]},{"@type":"BreadcrumbList","@id":"https:\/\/www.erdemyorukoglu.com\/tr\/tedaviler\/bel-ve-boyun-fitigi\/#breadcrumb","itemListElement":[{"@type":"ListItem","position":1,"name":"MANUEL TERAP\u0130 ANKARA %%sep%% %%sitename%%","item":"https:\/\/www.erdemyorukoglu.com\/de\/"},{"@type":"ListItem","position":2,"name":"TEDAV\u0130LER","item":"https:\/\/www.erdemyorukoglu.com\/en\/tedaviler\/"},{"@type":"ListItem","position":3,"name":"BEL ve BOYUN FITI\u011eI"}]},{"@type":"WebSite","@id":"https:\/\/www.erdemyorukoglu.com\/en\/#website","url":"https:\/\/www.erdemyorukoglu.com\/en\/","name":"Erdem Y\u00f6r\u00fcko\u011flu \/\/ Manuel Terapi, Fizyoterapist, Ankara","description":"Manuel Terapi, Kayropraktik, Fizyoterapi, Bel ve Boyun F\u0131t\u0131\u011f\u0131, Lenf\u00f6dem Tedavisi, Gyrotonic, Skolyoz, Ankara","publisher":{"@id":"https:\/\/www.erdemyorukoglu.com\/en\/#\/schema\/person\/854314645f5beb1ce61d3d55971d52e1"},"potentialAction":[{"@type":"SearchAction","target":{"@type":"EntryPoint","urlTemplate":"https:\/\/www.erdemyorukoglu.com\/en\/?s={search_term_string}"},"query-input":{"@type":"PropertyValueSpecification","valueRequired":true,"valueName":"search_term_string"}}],"inLanguage":"de-DE"},{"@type":["Person","Organization"],"@id":"https:\/\/www.erdemyorukoglu.com\/en\/#\/schema\/person\/854314645f5beb1ce61d3d55971d52e1","name":"Erdem Y\u00f6r\u00fcko\u011flu","image":{"@type":"ImageObject","inLanguage":"de-DE","@id":"https:\/\/www.erdemyorukoglu.com\/en\/#\/schema\/person\/image\/","url":"https:\/\/www.erdemyorukoglu.com\/wp-content\/uploads\/2018\/11\/fav-icon-1.png","contentUrl":"https:\/\/www.erdemyorukoglu.com\/wp-content\/uploads\/2018\/11\/fav-icon-1.png","width":512,"height":512,"caption":"Erdem Y\u00f6r\u00fcko\u011flu"},"logo":{"@id":"https:\/\/www.erdemyorukoglu.com\/en\/#\/schema\/person\/image\/"}}]}},"_links":{"self":[{"href":"https:\/\/www.erdemyorukoglu.com\/de\/wp-json\/wp\/v2\/pages\/2970","targetHints":{"allow":["GET"]}}],"collection":[{"href":"https:\/\/www.erdemyorukoglu.com\/de\/wp-json\/wp\/v2\/pages"}],"about":[{"href":"https:\/\/www.erdemyorukoglu.com\/de\/wp-json\/wp\/v2\/types\/page"}],"author":[{"embeddable":true,"href":"https:\/\/www.erdemyorukoglu.com\/de\/wp-json\/wp\/v2\/users\/1"}],"replies":[{"embeddable":true,"href":"https:\/\/www.erdemyorukoglu.com\/de\/wp-json\/wp\/v2\/comments?post=2970"}],"version-history":[{"count":29,"href":"https:\/\/www.erdemyorukoglu.com\/de\/wp-json\/wp\/v2\/pages\/2970\/revisions"}],"predecessor-version":[{"id":4059,"href":"https:\/\/www.erdemyorukoglu.com\/de\/wp-json\/wp\/v2\/pages\/2970\/revisions\/4059"}],"up":[{"embeddable":true,"href":"https:\/\/www.erdemyorukoglu.com\/de\/wp-json\/wp\/v2\/pages\/2995"}],"wp:attachment":[{"href":"https:\/\/www.erdemyorukoglu.com\/de\/wp-json\/wp\/v2\/media?parent=2970"}],"curies":[{"name":"wp","href":"https:\/\/api.w.org\/{rel}","templated":true}]}}