{"id":2995,"date":"2018-12-08T10:14:07","date_gmt":"2018-12-08T07:14:07","guid":{"rendered":"https:\/\/www.erdemyorukoglu.com\/?page_id=2995"},"modified":"2019-08-18T21:33:58","modified_gmt":"2019-08-18T18:33:58","slug":"tedaviler","status":"publish","type":"page","link":"https:\/\/www.erdemyorukoglu.com\/de\/tedaviler\/","title":{"rendered":"BEHANDLUNGEN"},"content":{"rendered":"<div class=\"wpb-content-wrapper\">[vc_row full_width=&#8220;stretch_row&#8220; equal_height=&#8220;yes&#8220; content_placement=&#8220;middle&#8220; curly_padding=&#8220;content-padding-lg&#8220; css=&#8220;.vc_custom_1546720224954{border-bottom-width: 1px !important;border-bottom-color: #f4f4f4 !important;border-bottom-style: solid !important;}&#8220;][vc_column width=&#8220;1\/3&#8243;][vc_column_text curly_padding_side=&#8220;content-side-padding-xxl&#8220;]\n<h2><strong>R\u00dcCKENSCHMERZEN<\/strong><\/h2>\n<p>Wir k\u00f6nnen die Schmerzen im unteren R\u00fccken als Taillenbelastung und Haltungsst\u00f6rungen erkl\u00e4ren, die die Taillenmuskulatur, die B\u00e4nder und die Gelenke sch\u00e4digen.[\/vc_column_text][vc_empty_space height=&#8220;.5rem&#8220;][vc_column_text]<a href=\"https:\/\/www.erdemyorukoglu.com\/de\/tedaviler\/bel-agrisi\/\"><strong>DETAIL&#8230;<\/strong><\/a>[\/vc_column_text][\/vc_column][vc_column width=&#8220;1\/2&#8243; offset=&#8220;vc_col-sm-offset-2&#8243;][vc_single_image image=&#8220;3083&#8243; img_size=&#8220;large&#8220; alignment=&#8220;right&#8220; css=&#8220;.vc_custom_1546716992010{margin-bottom: 0px !important;}&#8220; el_class=&#8220;img-frame-large&#8220;][\/vc_column][\/vc_row][vc_row full_width=&#8220;stretch_row&#8220; equal_height=&#8220;yes&#8220; content_placement=&#8220;middle&#8220; curly_padding=&#8220;content-padding-lg&#8220; css=&#8220;.vc_custom_1546720242693{border-bottom-width: 1px !important;border-bottom-color: #f4f4f4 !important;border-bottom-style: solid !important;}&#8220;][vc_column width=&#8220;1\/2&#8243;][vc_single_image image=&#8220;2988&#8243; img_size=&#8220;large&#8220; css=&#8220;.vc_custom_1544253201735{margin-bottom: 0px !important;}&#8220; el_class=&#8220;img-frame-large&#8220;][\/vc_column][vc_column width=&#8220;1\/3&#8243; offset=&#8220;vc_col-sm-offset-2&#8243;][vc_column_text curly_padding_side=&#8220;content-side-padding-xxl&#8220;]\n<div class=\"vc_row wpb_row vc_row-fluid content-padding-none\" data-stellar-offset-parent=\"true\">\n<div class=\"content-padding wpb_column vc_column_container vc_col-sm-12\">\n<div class=\"vc_column-inner \">\n<div class=\"wpb_wrapper\">\n<div class=\"wpb_text_column wpb_content_element \">\n<div class=\"wpb_wrapper\">\n<h2><strong>LENDEN- UND HALSHERN\u0130E<\/strong><\/h2>\n<\/div>\n<\/div>\n<\/div>\n<\/div>\n<\/div>\n<\/div>\n<p>Es gibt 5 Wirbel in unserem Hals und 7 in der Taille. Unter diesen Knochen gibt es Knorpelstrukturen, die als Scheiben bezeichnet werden. Die Scheiben tragen zur Beweglichkeit der Wirbels\u00e4ule bei und sorgen f\u00fcr eine ausgewogene Verteilung der Lasten auf die Wirbels\u00e4ule.[\/vc_column_text][vc_empty_space height=&#8220;.5rem&#8220;][vc_column_text]<a href=\"https:\/\/www.erdemyorukoglu.com\/de\/tedaviler\/bel-ve-boyun-fitigi\/\"><strong>DETAIL&#8230;<\/strong><\/a>[\/vc_column_text][\/vc_column][\/vc_row][vc_row full_width=&#8220;stretch_row&#8220; equal_height=&#8220;yes&#8220; content_placement=&#8220;middle&#8220; curly_padding=&#8220;content-padding-lg&#8220; css=&#8220;.vc_custom_1546720263398{border-bottom-width: 1px !important;border-bottom-color: #f4f4f4 !important;border-bottom-style: solid !important;}&#8220;][vc_column width=&#8220;1\/3&#8243;][vc_column_text curly_padding_side=&#8220;content-side-padding-xxl&#8220;]\n<h2><strong>FIBROMYALGIE<\/strong><\/h2>\n<p>Die Diagnose einer Fibromyalgie ist nicht einfach. weil es keinen laborspezifischen Labortest gibt. Im Allgemeinen werden langfristige Muskel-Skelett-Schmerzen, M\u00fcdigkeit und das Vorhandensein empfindlicher Punkte in bestimmten K\u00f6rperbereichen mit dem Fibromyalgie-Syndrom diagnostiziert.[\/vc_column_text][vc_empty_space height=&#8220;.5rem&#8220;][vc_column_text]<strong><a href=\"https:\/\/www.erdemyorukoglu.com\/de\/tedaviler\/fibromiyalji\/\">DETAIL&#8230;<\/a><\/strong>[\/vc_column_text][\/vc_column][vc_column width=&#8220;1\/2&#8243; offset=&#8220;vc_col-sm-offset-2&#8243;][vc_single_image image=&#8220;3063&#8243; img_size=&#8220;large&#8220; css=&#8220;.vc_custom_1544909899224{margin-bottom: 0px !important;}&#8220; el_class=&#8220;img-frame-large&#8220;][\/vc_column][\/vc_row][vc_row full_width=&#8220;stretch_row&#8220; equal_height=&#8220;yes&#8220; content_placement=&#8220;middle&#8220; curly_padding=&#8220;content-padding-lg&#8220; css=&#8220;.vc_custom_1546720656066{border-bottom-width: 1px !important;border-bottom-color: #f4f4f4 !important;border-bottom-style: solid !important;}&#8220;][vc_column width=&#8220;1\/2&#8243;][vc_single_image image=&#8220;3069&#8243; img_size=&#8220;large&#8220; css=&#8220;.vc_custom_1544910044737{margin-bottom: 0px !important;}&#8220; el_class=&#8220;img-frame-large&#8220;][\/vc_column][vc_column width=&#8220;1\/3&#8243; offset=&#8220;vc_col-sm-offset-2&#8243;][vc_column_text curly_padding_side=&#8220;content-side-padding-xxl&#8220;]\n<h2><strong>CHRON\u0130SCHE KOPFSCHL\u00c4GE UND SCHW\u0130NDEL<\/strong><\/h2>\n<p>Die International Headache Society stufte Kopfschmerzen in 14 Hauptgruppen und Hunderte von Untergruppen ein. Kopfschmerzen, die in direktem Zusammenhang mit Kopfschmerzsymptomen stehen und keine Beziehung zu einer anderen Krankheit haben, sind prim\u00e4re Kopfschmerzen.[\/vc_column_text][vc_empty_space height=&#8220;.5rem&#8220;][vc_column_text]<strong><a href=\"https:\/\/www.erdemyorukoglu.com\/de\/tedaviler\/kronik-bas-agrisi-ve-bas-donmeleri\/\">DETAIL&#8230;<\/a><\/strong>[\/vc_column_text][\/vc_column][\/vc_row][vc_row full_width=&#8220;stretch_row&#8220; equal_height=&#8220;yes&#8220; content_placement=&#8220;middle&#8220; curly_padding=&#8220;content-padding-lg&#8220; css=&#8220;.vc_custom_1546720868025{border-bottom-width: 1px !important;border-bottom-color: #f4f4f4 !important;border-bottom-style: solid !important;}&#8220;][vc_column width=&#8220;1\/3&#8243;][vc_column_text curly_padding_side=&#8220;content-side-padding-xxl&#8220;]\n<div class=\"vc_row wpb_row vc_row-fluid content-padding vc_row-o-content-middle vc_row-flex\" data-stellar-offset-parent=\"true\">\n<div class=\"content-padding wpb_column vc_column_container vc_col-sm-12\">\n<div class=\"vc_column-inner \">\n<div class=\"wpb_wrapper\">\n<div class=\"wpb_text_column wpb_content_element \">\n<div class=\"wpb_wrapper\">\n<h2><strong>SKOL\u0130OSE UND K\u00d6RPERHALTUNG<\/strong><\/h2>\n<\/div>\n<\/div>\n<\/div>\n<\/div>\n<\/div>\n<\/div>\n<p>Im t\u00e4glichen Leben m\u00fcssen wir oft l\u00e4nger als ein paar Minuten stehen, w\u00e4hrend wir mit jemandem sprechen, in der Schlange warten oder in unserem Arbeitsleben. W\u00e4hrend einer solchen nat\u00fcrlichen Haltung zeigt der K\u00f6rper kontinuierlich eine geringe Amplitude, langsame Schwingungen und Haltungs\u00e4nderungen, die durch Ganzk\u00f6rperbewegungen gekennzeichnet sind. K\u00f6rperhaltung; Es ist das Produkt der Steuerung mehrerer K\u00f6rpersegmente durch flexible Gelenke und der Steuerung mit dem Nerven-Muskel-System.[\/vc_column_text][vc_empty_space height=&#8220;.5rem&#8220;][vc_column_text]<a href=\"https:\/\/www.erdemyorukoglu.com\/de\/tedaviler\/skolyoz-tedavisi\/\"><strong>DETAIL&#8230;<\/strong><\/a>[\/vc_column_text][\/vc_column][vc_column width=&#8220;1\/2&#8243; offset=&#8220;vc_col-sm-offset-2&#8243;][vc_single_image image=&#8220;2423&#8243; img_size=&#8220;large&#8220; css=&#8220;.vc_custom_1546720481515{margin-bottom: 0px !important;}&#8220; el_class=&#8220;img-frame-large&#8220;][\/vc_column][\/vc_row][vc_row full_width=&#8220;stretch_row&#8220; equal_height=&#8220;yes&#8220; content_placement=&#8220;middle&#8220; curly_padding=&#8220;content-padding-lg&#8220; css=&#8220;.vc_custom_1546720841982{border-bottom-width: 1px !important;border-bottom-color: #f4f4f4 !important;border-bottom-style: solid !important;}&#8220;][vc_column width=&#8220;1\/2&#8243;][vc_single_image image=&#8220;3041&#8243; img_size=&#8220;large&#8220; css=&#8220;.vc_custom_1544303730292{margin-bottom: 0px !important;}&#8220; el_class=&#8220;img-frame-large&#8220;][\/vc_column][vc_column width=&#8220;1\/3&#8243; offset=&#8220;vc_col-sm-offset-2&#8243;][vc_column_text curly_padding_side=&#8220;content-side-padding-xxl&#8220;]\n<h2><strong>SCHULTERSCHMERZEN<\/strong><\/h2>\n<p>Die h\u00e4ufigste Ursache f\u00fcr Schulterschmerzen sind Muskeln, Sehnen und andere Weichteilsch\u00e4den. Dies geschieht als Folge von St\u00f6\u00dfen auf die Umgebung, R\u00fcckw\u00e4rtsbewegungen oder \u00dcberlastung der Schulter. Schmerzen im Nackenbereich der Nervenkompression k\u00f6nnen die Schulter treffen.[\/vc_column_text][vc_empty_space height=&#8220;.5rem&#8220;][vc_column_text]<a href=\"https:\/\/www.erdemyorukoglu.com\/de\/tedaviler\/omuza-vuran-agrilar\/\"><strong>DETAIL&#8230;<\/strong><\/a>[\/vc_column_text][\/vc_column][\/vc_row][vc_row full_width=&#8220;stretch_row&#8220; equal_height=&#8220;yes&#8220; content_placement=&#8220;middle&#8220; curly_padding=&#8220;content-padding-lg&#8220; css=&#8220;.vc_custom_1546720868025{border-bottom-width: 1px !important;border-bottom-color: #f4f4f4 !important;border-bottom-style: solid !important;}&#8220;][vc_column width=&#8220;1\/3&#8243;][vc_column_text curly_padding_side=&#8220;content-side-padding-xxl&#8220;]\n<h2><strong>H\u00dcFTE \u0130MP\u0130NGEMENT<\/strong><\/h2>\n<p>Wegen der strukturellen Probleme der H\u00fcfte w\u00e4hrend des H\u00fcftgelenks werden die Bewegungen der beiden Hauptteile des H\u00fcftgelenks durch einen abnormalen Kontakt miteinander verursacht.[\/vc_column_text][vc_empty_space height=&#8220;.5rem&#8220;][vc_column_text]<a href=\"https:\/\/www.erdemyorukoglu.com\/de\/tedaviler\/kalca-sikisma-sendromu\/\"><strong>DETAIL&#8230;<\/strong><\/a>[\/vc_column_text][\/vc_column][vc_column width=&#8220;1\/2&#8243; offset=&#8220;vc_col-sm-offset-2&#8243;][vc_single_image image=&#8220;3294&#8243; img_size=&#8220;large&#8220; css=&#8220;.vc_custom_1546721001166{margin-bottom: 0px !important;}&#8220; el_class=&#8220;img-frame-large&#8220;][\/vc_column][\/vc_row][vc_row full_width=&#8220;stretch_row&#8220; equal_height=&#8220;yes&#8220; content_placement=&#8220;middle&#8220; curly_padding=&#8220;content-padding-lg&#8220; css=&#8220;.vc_custom_1546720841982{border-bottom-width: 1px !important;border-bottom-color: #f4f4f4 !important;border-bottom-style: solid !important;}&#8220;][vc_column width=&#8220;1\/2&#8243;][vc_single_image image=&#8220;3304&#8243; img_size=&#8220;large&#8220; css=&#8220;.vc_custom_1546721174705{margin-bottom: 0px !important;}&#8220; el_class=&#8220;img-frame-large&#8220;][\/vc_column][vc_column width=&#8220;1\/3&#8243; offset=&#8220;vc_col-sm-offset-2&#8243;][vc_column_text curly_padding_side=&#8220;content-side-padding-xxl&#8220;]\n<h2><strong>K\u0130EFERGELENK PROBLEME<\/strong><\/h2>\n<p>F\u00fcr die Diagnose und Behandlung von Kiefergelenkerkrankungen, Temporamandibular gelen st\u00f6rungen ist die Untersuchung eines Arztes unbedingt erforderlich. W\u00e4hrend eines menschlichen Lebens treten im Kiefergelenk Beschwerden auf (temporamandibular). Kinngelenksst\u00f6rungen werden durch die unkorrekte Funktion der Gelenke und Muskeln verursacht, die den Ober- und Unterkiefer verbinden.[\/vc_column_text][vc_empty_space height=&#8220;.5rem&#8220;][vc_column_text]<a href=\"https:\/\/www.erdemyorukoglu.com\/de\/tedaviler\/cene-eklemi-problemleri\/\"><strong>DETAIL&#8230;<\/strong><\/a>[\/vc_column_text][\/vc_column][\/vc_row][vc_row full_width=&#8220;stretch_row&#8220; equal_height=&#8220;yes&#8220; content_placement=&#8220;middle&#8220; curly_padding=&#8220;content-padding-lg&#8220; css=&#8220;.vc_custom_1546720868025{border-bottom-width: 1px !important;border-bottom-color: #f4f4f4 !important;border-bottom-style: solid !important;}&#8220;][vc_column width=&#8220;1\/3&#8243;][vc_column_text curly_padding_side=&#8220;content-side-padding-xxl&#8220;]\n<h2><strong>KNIE UND KN\u00d6CHELSCHMERZ<\/strong><\/h2>\n<p>Knie- und Kn\u00f6chelschmerzen k\u00f6nnen die Ursache vieler medizinischer Gr\u00fcnde sein, aber aufgrund der Informationen, die wir von Patienten erhalten, kann ein sitzendes Leben und als Folge dies kann der \u00dcbergewicht die Belastung des Knies und des Sprunggelenks erh\u00f6hen und in diesen Regionen \u00a0degenerative Ver\u00e4nderungen bewirken und kann sich mit Schmerzen zeigen.[\/vc_column_text][vc_empty_space height=&#8220;.5rem&#8220;][vc_column_text]<a href=\"https:\/\/www.erdemyorukoglu.com\/de\/tedaviler\/diz-ve-ayak-bilegi-agrilari\/\"><strong>DETAIL&#8230;<\/strong><\/a>[\/vc_column_text][\/vc_column][vc_column width=&#8220;1\/2&#8243; offset=&#8220;vc_col-sm-offset-2&#8243;][vc_single_image image=&#8220;3314&#8243; img_size=&#8220;large&#8220; css=&#8220;.vc_custom_1546721385513{margin-bottom: 0px !important;}&#8220; el_class=&#8220;img-frame-large&#8220;][\/vc_column][\/vc_row]\n<\/div>","protected":false},"excerpt":{"rendered":"<p>[vc_row full_width=&#8220;stretch_row&#8220; equal_height=&#8220;yes&#8220; content_placement=&#8220;middle&#8220; curly_padding=&#8220;content-padding-lg&#8220; css=&#8220;.vc_custom_1546720224954{border-bottom-width: 1px !important;border-bottom-color: #f4f4f4 !important;border-bottom-style: solid !important;}&#8220;][vc_column width=&#8220;1\/3&#8243;][vc_column_text curly_padding_side=&#8220;content-side-padding-xxl&#8220;] R\u00dcCKENSCHMERZEN Wir k\u00f6nnen die Schmerzen im unteren R\u00fccken als Taillenbelastung und Haltungsst\u00f6rungen erkl\u00e4ren, die die Taillenmuskulatur, die B\u00e4nder und die Gelenke sch\u00e4digen.[\/vc_column_text][vc_empty_space height=&#8220;.5rem&#8220;][vc_column_text]DETAIL&#8230;[\/vc_column_text][\/vc_column][vc_column width=&#8220;1\/2&#8243; offset=&#8220;vc_col-sm-offset-2&#8243;][vc_single_image image=&#8220;3083&#8243; img_size=&#8220;large&#8220; alignment=&#8220;right&#8220; css=&#8220;.vc_custom_1546716992010{margin-bottom: 0px !important;}&#8220; el_class=&#8220;img-frame-large&#8220;][\/vc_column][\/vc_row][vc_row full_width=&#8220;stretch_row&#8220; equal_height=&#8220;yes&#8220; content_placement=&#8220;middle&#8220; curly_padding=&#8220;content-padding-lg&#8220; css=&#8220;.vc_custom_1546720242693{border-bottom-width: 1px !important;border-bottom-color: #f4f4f4 !important;border-bottom-style: solid !important;}&#8220;][vc_column width=&#8220;1\/2&#8243;][vc_single_image image=&#8220;2988&#8243; img_size=&#8220;large&#8220; [&hellip;]<\/p>\n","protected":false},"author":1,"featured_media":0,"parent":0,"menu_order":0,"comment_status":"closed","ping_status":"closed","template":"","meta":{"inline_featured_image":false,"footnotes":""},"class_list":["post-2995","page","type-page","status-publish","hentry"],"yoast_head":"<!-- This site is optimized with the Yoast SEO plugin v25.7 - https:\/\/yoast.com\/wordpress\/plugins\/seo\/ -->\n<title>BEHANDLUNGEN<\/title>\n<meta name=\"description\" content=\"Bel A\u011fr\u0131s\u0131, Bel - Boyun F\u0131t\u0131\u011f\u0131, Fibromyalji, kronik Ba\u015f A\u011fr\u0131s\u0131 ve Ba\u015f D\u00f6nmeleri, Post\u00fcral D\u00fczg\u00fcnl\u00fck ve Skolyoz, Omuza Vuran A\u011fr\u0131lar, Kal\u00e7a S\u0131k\u0131\u015fma Sendromu (impengement), \u00c7ene Eklemi Problemleri, Diz ve Ayak Bile\u011fi A\u011fr\u0131lar\u0131,\" \/>\n<meta name=\"robots\" content=\"index, follow, max-snippet:-1, max-image-preview:large, max-video-preview:-1\" \/>\n<link rel=\"canonical\" href=\"https:\/\/www.erdemyorukoglu.com\/de\/tedaviler\/\" \/>\n<meta property=\"og:locale\" content=\"de_DE\" \/>\n<meta property=\"og:locale:alternate\" content=\"tr_TR\" \/>\n<meta property=\"og:locale:alternate\" content=\"en_US\" \/>\n<meta property=\"og:type\" content=\"article\" \/>\n<meta property=\"og:title\" content=\"BEHANDLUNGEN\" \/>\n<meta property=\"og:description\" content=\"Bel A\u011fr\u0131s\u0131, Bel - Boyun F\u0131t\u0131\u011f\u0131, Fibromyalji, kronik Ba\u015f A\u011fr\u0131s\u0131 ve Ba\u015f D\u00f6nmeleri, Post\u00fcral D\u00fczg\u00fcnl\u00fck ve Skolyoz, Omuza Vuran A\u011fr\u0131lar, Kal\u00e7a S\u0131k\u0131\u015fma Sendromu (impengement), \u00c7ene Eklemi Problemleri, Diz ve Ayak Bile\u011fi A\u011fr\u0131lar\u0131,\" \/>\n<meta property=\"og:url\" content=\"https:\/\/www.erdemyorukoglu.com\/de\/tedaviler\/\" \/>\n<meta property=\"og:site_name\" content=\"Erdem Y\u00f6r\u00fcko\u011flu \/\/ Manuel Terapi, Fizyoterapist, Ankara\" \/>\n<meta property=\"article:modified_time\" content=\"2019-08-18T18:33:58+00:00\" \/>\n<meta name=\"twitter:card\" content=\"summary_large_image\" \/>\n<meta name=\"twitter:label1\" content=\"Gesch\u00e4tzte Lesezeit\" \/>\n\t<meta name=\"twitter:data1\" content=\"20\u00a0Minuten\" \/>\n<script type=\"application\/ld+json\" class=\"yoast-schema-graph\">{\"@context\":\"https:\/\/schema.org\",\"@graph\":[{\"@type\":\"WebPage\",\"@id\":\"https:\/\/www.erdemyorukoglu.com\/en\/tedaviler\/\",\"url\":\"https:\/\/www.erdemyorukoglu.com\/en\/tedaviler\/\",\"name\":\"BEHANDLUNGEN\",\"isPartOf\":{\"@id\":\"https:\/\/www.erdemyorukoglu.com\/en\/#website\"},\"datePublished\":\"2018-12-08T07:14:07+00:00\",\"dateModified\":\"2019-08-18T18:33:58+00:00\",\"description\":\"Bel A\u011fr\u0131s\u0131, Bel - Boyun F\u0131t\u0131\u011f\u0131, Fibromyalji, kronik Ba\u015f A\u011fr\u0131s\u0131 ve Ba\u015f D\u00f6nmeleri, Post\u00fcral D\u00fczg\u00fcnl\u00fck ve Skolyoz, Omuza Vuran A\u011fr\u0131lar, Kal\u00e7a S\u0131k\u0131\u015fma Sendromu (impengement), \u00c7ene Eklemi Problemleri, Diz ve Ayak Bile\u011fi A\u011fr\u0131lar\u0131,\",\"breadcrumb\":{\"@id\":\"https:\/\/www.erdemyorukoglu.com\/en\/tedaviler\/#breadcrumb\"},\"inLanguage\":\"de-DE\",\"potentialAction\":[{\"@type\":\"ReadAction\",\"target\":[\"https:\/\/www.erdemyorukoglu.com\/en\/tedaviler\/\"]}]},{\"@type\":\"BreadcrumbList\",\"@id\":\"https:\/\/www.erdemyorukoglu.com\/en\/tedaviler\/#breadcrumb\",\"itemListElement\":[{\"@type\":\"ListItem\",\"position\":1,\"name\":\"MANUEL TERAP\u0130 ANKARA %%sep%% %%sitename%%\",\"item\":\"https:\/\/www.erdemyorukoglu.com\/de\/\"},{\"@type\":\"ListItem\",\"position\":2,\"name\":\"TEDAV\u0130LER\"}]},{\"@type\":\"WebSite\",\"@id\":\"https:\/\/www.erdemyorukoglu.com\/en\/#website\",\"url\":\"https:\/\/www.erdemyorukoglu.com\/en\/\",\"name\":\"Erdem Y\u00f6r\u00fcko\u011flu \/\/ Manuel Terapi, Fizyoterapist, Ankara\",\"description\":\"Manuel Terapi, Kayropraktik, Fizyoterapi, Bel ve Boyun F\u0131t\u0131\u011f\u0131, Lenf\u00f6dem Tedavisi, Gyrotonic, Skolyoz, Ankara\",\"publisher\":{\"@id\":\"https:\/\/www.erdemyorukoglu.com\/en\/#\/schema\/person\/854314645f5beb1ce61d3d55971d52e1\"},\"potentialAction\":[{\"@type\":\"SearchAction\",\"target\":{\"@type\":\"EntryPoint\",\"urlTemplate\":\"https:\/\/www.erdemyorukoglu.com\/en\/?s={search_term_string}\"},\"query-input\":{\"@type\":\"PropertyValueSpecification\",\"valueRequired\":true,\"valueName\":\"search_term_string\"}}],\"inLanguage\":\"de-DE\"},{\"@type\":[\"Person\",\"Organization\"],\"@id\":\"https:\/\/www.erdemyorukoglu.com\/en\/#\/schema\/person\/854314645f5beb1ce61d3d55971d52e1\",\"name\":\"Erdem Y\u00f6r\u00fcko\u011flu\",\"image\":{\"@type\":\"ImageObject\",\"inLanguage\":\"de-DE\",\"@id\":\"https:\/\/www.erdemyorukoglu.com\/en\/#\/schema\/person\/image\/\",\"url\":\"https:\/\/www.erdemyorukoglu.com\/wp-content\/uploads\/2018\/11\/fav-icon-1.png\",\"contentUrl\":\"https:\/\/www.erdemyorukoglu.com\/wp-content\/uploads\/2018\/11\/fav-icon-1.png\",\"width\":512,\"height\":512,\"caption\":\"Erdem Y\u00f6r\u00fcko\u011flu\"},\"logo\":{\"@id\":\"https:\/\/www.erdemyorukoglu.com\/en\/#\/schema\/person\/image\/\"}}]}<\/script>\n<!-- \/ Yoast SEO plugin. -->","yoast_head_json":{"title":"BEHANDLUNGEN","description":"Bel A\u011fr\u0131s\u0131, Bel - Boyun F\u0131t\u0131\u011f\u0131, Fibromyalji, kronik Ba\u015f A\u011fr\u0131s\u0131 ve Ba\u015f D\u00f6nmeleri, Post\u00fcral D\u00fczg\u00fcnl\u00fck ve Skolyoz, Omuza Vuran A\u011fr\u0131lar, Kal\u00e7a S\u0131k\u0131\u015fma Sendromu (impengement), \u00c7ene Eklemi Problemleri, Diz ve Ayak Bile\u011fi A\u011fr\u0131lar\u0131,","robots":{"index":"index","follow":"follow","max-snippet":"max-snippet:-1","max-image-preview":"max-image-preview:large","max-video-preview":"max-video-preview:-1"},"canonical":"https:\/\/www.erdemyorukoglu.com\/de\/tedaviler\/","og_locale":"de_DE","og_type":"article","og_title":"[:tr]TEDAV\u0130LER[:en]TREATMENTS[:de]BEHANDLUNGEN[:] - Erdem Y\u00f6r\u00fcko\u011flu \/\/ Manuel Terapi, Fizyoterapist, Ankara","og_description":"Bel A\u011fr\u0131s\u0131, Bel - Boyun F\u0131t\u0131\u011f\u0131, Fibromyalji, kronik Ba\u015f A\u011fr\u0131s\u0131 ve Ba\u015f D\u00f6nmeleri, Post\u00fcral D\u00fczg\u00fcnl\u00fck ve Skolyoz, Omuza Vuran A\u011fr\u0131lar, Kal\u00e7a S\u0131k\u0131\u015fma Sendromu (impengement), \u00c7ene Eklemi Problemleri, Diz ve Ayak Bile\u011fi A\u011fr\u0131lar\u0131,","og_url":"https:\/\/www.erdemyorukoglu.com\/de\/tedaviler\/","og_site_name":"Erdem Y\u00f6r\u00fcko\u011flu \/\/ Manuel Terapi, Fizyoterapist, Ankara","article_modified_time":"2019-08-18T18:33:58+00:00","twitter_card":"summary_large_image","twitter_misc":{"Gesch\u00e4tzte Lesezeit":"20\u00a0Minuten"},"schema":{"@context":"https:\/\/schema.org","@graph":[{"@type":"WebPage","@id":"https:\/\/www.erdemyorukoglu.com\/en\/tedaviler\/","url":"https:\/\/www.erdemyorukoglu.com\/en\/tedaviler\/","name":"BEHANDLUNGEN","isPartOf":{"@id":"https:\/\/www.erdemyorukoglu.com\/en\/#website"},"datePublished":"2018-12-08T07:14:07+00:00","dateModified":"2019-08-18T18:33:58+00:00","description":"Bel A\u011fr\u0131s\u0131, Bel - Boyun F\u0131t\u0131\u011f\u0131, Fibromyalji, kronik Ba\u015f A\u011fr\u0131s\u0131 ve Ba\u015f D\u00f6nmeleri, Post\u00fcral D\u00fczg\u00fcnl\u00fck ve Skolyoz, Omuza Vuran A\u011fr\u0131lar, Kal\u00e7a S\u0131k\u0131\u015fma Sendromu (impengement), \u00c7ene Eklemi Problemleri, Diz ve Ayak Bile\u011fi A\u011fr\u0131lar\u0131,","breadcrumb":{"@id":"https:\/\/www.erdemyorukoglu.com\/en\/tedaviler\/#breadcrumb"},"inLanguage":"de-DE","potentialAction":[{"@type":"ReadAction","target":["https:\/\/www.erdemyorukoglu.com\/en\/tedaviler\/"]}]},{"@type":"BreadcrumbList","@id":"https:\/\/www.erdemyorukoglu.com\/en\/tedaviler\/#breadcrumb","itemListElement":[{"@type":"ListItem","position":1,"name":"MANUEL TERAP\u0130 ANKARA %%sep%% %%sitename%%","item":"https:\/\/www.erdemyorukoglu.com\/de\/"},{"@type":"ListItem","position":2,"name":"TEDAV\u0130LER"}]},{"@type":"WebSite","@id":"https:\/\/www.erdemyorukoglu.com\/en\/#website","url":"https:\/\/www.erdemyorukoglu.com\/en\/","name":"Erdem Y\u00f6r\u00fcko\u011flu \/\/ Manuel Terapi, Fizyoterapist, Ankara","description":"Manuel Terapi, Kayropraktik, Fizyoterapi, Bel ve Boyun F\u0131t\u0131\u011f\u0131, Lenf\u00f6dem Tedavisi, Gyrotonic, Skolyoz, Ankara","publisher":{"@id":"https:\/\/www.erdemyorukoglu.com\/en\/#\/schema\/person\/854314645f5beb1ce61d3d55971d52e1"},"potentialAction":[{"@type":"SearchAction","target":{"@type":"EntryPoint","urlTemplate":"https:\/\/www.erdemyorukoglu.com\/en\/?s={search_term_string}"},"query-input":{"@type":"PropertyValueSpecification","valueRequired":true,"valueName":"search_term_string"}}],"inLanguage":"de-DE"},{"@type":["Person","Organization"],"@id":"https:\/\/www.erdemyorukoglu.com\/en\/#\/schema\/person\/854314645f5beb1ce61d3d55971d52e1","name":"Erdem Y\u00f6r\u00fcko\u011flu","image":{"@type":"ImageObject","inLanguage":"de-DE","@id":"https:\/\/www.erdemyorukoglu.com\/en\/#\/schema\/person\/image\/","url":"https:\/\/www.erdemyorukoglu.com\/wp-content\/uploads\/2018\/11\/fav-icon-1.png","contentUrl":"https:\/\/www.erdemyorukoglu.com\/wp-content\/uploads\/2018\/11\/fav-icon-1.png","width":512,"height":512,"caption":"Erdem Y\u00f6r\u00fcko\u011flu"},"logo":{"@id":"https:\/\/www.erdemyorukoglu.com\/en\/#\/schema\/person\/image\/"}}]}},"_links":{"self":[{"href":"https:\/\/www.erdemyorukoglu.com\/de\/wp-json\/wp\/v2\/pages\/2995","targetHints":{"allow":["GET"]}}],"collection":[{"href":"https:\/\/www.erdemyorukoglu.com\/de\/wp-json\/wp\/v2\/pages"}],"about":[{"href":"https:\/\/www.erdemyorukoglu.com\/de\/wp-json\/wp\/v2\/types\/page"}],"author":[{"embeddable":true,"href":"https:\/\/www.erdemyorukoglu.com\/de\/wp-json\/wp\/v2\/users\/1"}],"replies":[{"embeddable":true,"href":"https:\/\/www.erdemyorukoglu.com\/de\/wp-json\/wp\/v2\/comments?post=2995"}],"version-history":[{"count":48,"href":"https:\/\/www.erdemyorukoglu.com\/de\/wp-json\/wp\/v2\/pages\/2995\/revisions"}],"predecessor-version":[{"id":4165,"href":"https:\/\/www.erdemyorukoglu.com\/de\/wp-json\/wp\/v2\/pages\/2995\/revisions\/4165"}],"wp:attachment":[{"href":"https:\/\/www.erdemyorukoglu.com\/de\/wp-json\/wp\/v2\/media?parent=2995"}],"curies":[{"name":"wp","href":"https:\/\/api.w.org\/{rel}","templated":true}]}}