{"id":3038,"date":"2018-12-08T20:39:21","date_gmt":"2018-12-08T17:39:21","guid":{"rendered":"https:\/\/www.erdemyorukoglu.com\/?page_id=3038"},"modified":"2025-08-16T16:59:41","modified_gmt":"2025-08-16T13:59:41","slug":"omuza-vuran-agrilar","status":"publish","type":"page","link":"https:\/\/www.erdemyorukoglu.com\/de\/tedaviler\/omuza-vuran-agrilar\/","title":{"rendered":"SCHULTERSCHMERZEN"},"content":{"rendered":"<div class=\"wpb-content-wrapper\">[vc_row full_width=&#8220;stretch_row&#8220; curly_padding=&#8220;content-padding-none&#8220;][vc_column curly_padding=&#8220;content-padding&#8220;][vc_column_text]\n<h1 style=\"text-align: center;\"><strong>SCHULTERSCHMERZEN<\/strong><\/h1>\n[\/vc_column_text][\/vc_column][\/vc_row][vc_row full_width=&#8220;stretch_row&#8220; content_placement=&#8220;middle&#8220; curly_bg_position=&#8220;bg-pos-center-center&#8220; curly_padding=&#8220;content-padding-xs&#8220; css=&#8220;.vc_custom_1550000232000{border-bottom-width: 1px !important;}&#8220;][vc_column width=&#8220;1\/2&#8243; curly_bg_position=&#8220;bg-pos-center-center&#8220; curly_padding=&#8220;content-padding-none&#8220;][vc_single_image image=&#8220;3041&#8243; img_size=&#8220;large&#8220; css=&#8220;.vc_custom_1544290551594{margin-bottom: 0px !important;}&#8220; el_class=&#8220;img-frame-large&#8220;][\/vc_column][vc_column width=&#8220;1\/2&#8243; curly_bg_position=&#8220;bg-pos-center-center&#8220; curly_padding=&#8220;content-padding-none&#8220;][vc_column_text curly_padding_side=&#8220;content-side-padding-xxl&#8220;]Die h\u00e4ufigste Ursache f\u00fcr Schulterschmerzen sind Muskeln, Sehnen und andere Weichteilsch\u00e4den. Dies geschieht als Folge von St\u00f6\u00dfen auf die Umgebung, R\u00fcckw\u00e4rtsbewegungen oder \u00dcberlastung der Schulter. Schmerzen im Nackenbereich der Nervenkompression k\u00f6nnen die Schulter treffen. Zu den schwerwiegenderen Ursachen von Schulterschmerzen; In einigen Organen gibt es Probleme im Bereich des R\u00fcckenmarks, des Herzens, der Lunge und des Magens.<\/p>\n<p><strong>Schl\u00fcsselbeinbruch:<\/strong> Durch Schlag oder Sturz auf das Schl\u00fcsselbein kann es zu einem Knochenbruch kommen.<\/p>\n<p><strong>Schleimbeutelentz\u00fcndung:<\/strong> Schwellungen und Steifheit des Bursasacks in den Gelenken, der als Polster wirkt, k\u00f6nnen Schulterschmerzen verursachen.<\/p>\n<p><strong>Schulterblattbruch:<\/strong> Ein Schulterblattbruch kann starke Schmerzen in der Schulter verursachen. Das Schulterblatt ben\u00f6tigt einen starken Aufprall, um zu brechen.[\/vc_column_text][\/vc_column][\/vc_row][vc_row full_width=&#8220;stretch_row&#8220; equal_height=&#8220;yes&#8220; content_placement=&#8220;middle&#8220; curly_padding=&#8220;content-padding&#8220; css=&#8220;.vc_custom_1550000100219{border-bottom-width: 1px !important;}&#8220;][vc_column width=&#8220;1\/2&#8243;][vc_column_text curly_padding_side=&#8220;content-side-padding-xxl&#8220;]<strong>Zw\u00e4ngende Sehnen:<\/strong> Sehnen, die die Schulter st\u00fctzen, die als Rotatorenmanschette bezeichnet wird, k\u00f6nnen durch schweres Heben, \u00dcbungen, insbesondere Sportarten, die das Werfen von etwas betreffen, verletzt werden. Infolgedessen k\u00f6nnen Schmerzen auftreten, wenn die Schulter bewegt wird.<\/p>\n<p><strong>Schulterseparation:<\/strong> Die Verbindung zwischen dem Br\u00fcckenknochen (Schl\u00fcsselbein) und dem Schulterblatt kann infolge des Aufpralls gedehnt oder gerissen werden.<\/p>\n<p><strong>R\u00fcckenmarksverletzung:<\/strong> Verletzungen des Kopfes und der Wirbels\u00e4ule k\u00f6nnen Schmerzen in den Schultern verursachen. Diese Schmerzen werden normalerweise von Muskelkr\u00e4mpfen in Schulter und Nacken begleitet.[\/vc_column_text][\/vc_column][vc_column width=&#8220;1\/2&#8243;][vc_single_image image=&#8220;3042&#8243; img_size=&#8220;large&#8220; css=&#8220;.vc_custom_1544290754540{margin-bottom: 0px !important;}&#8220; el_class=&#8220;img-frame-large&#8220;][\/vc_column][\/vc_row]\n<\/div>","protected":false},"excerpt":{"rendered":"<p>[vc_row full_width=&#8220;stretch_row&#8220; curly_padding=&#8220;content-padding-none&#8220;][vc_column curly_padding=&#8220;content-padding&#8220;][vc_column_text] SCHULTERSCHMERZEN [\/vc_column_text][\/vc_column][\/vc_row][vc_row full_width=&#8220;stretch_row&#8220; content_placement=&#8220;middle&#8220; curly_bg_position=&#8220;bg-pos-center-center&#8220; curly_padding=&#8220;content-padding-xs&#8220; css=&#8220;.vc_custom_1550000232000{border-bottom-width: 1px !important;}&#8220;][vc_column width=&#8220;1\/2&#8243; curly_bg_position=&#8220;bg-pos-center-center&#8220; curly_padding=&#8220;content-padding-none&#8220;][vc_single_image image=&#8220;3041&#8243; img_size=&#8220;large&#8220; css=&#8220;.vc_custom_1544290551594{margin-bottom: 0px !important;}&#8220; el_class=&#8220;img-frame-large&#8220;][\/vc_column][vc_column width=&#8220;1\/2&#8243; curly_bg_position=&#8220;bg-pos-center-center&#8220; curly_padding=&#8220;content-padding-none&#8220;][vc_column_text curly_padding_side=&#8220;content-side-padding-xxl&#8220;]Die h\u00e4ufigste Ursache f\u00fcr Schulterschmerzen sind Muskeln, Sehnen und andere Weichteilsch\u00e4den. Dies geschieht als Folge von St\u00f6\u00dfen auf die Umgebung, R\u00fcckw\u00e4rtsbewegungen oder \u00dcberlastung der Schulter. Schmerzen im Nackenbereich der Nervenkompression k\u00f6nnen die Schulter treffen. Zu [&hellip;]<\/p>\n","protected":false},"author":1,"featured_media":0,"parent":2995,"menu_order":0,"comment_status":"closed","ping_status":"closed","template":"","meta":{"inline_featured_image":false,"footnotes":""},"class_list":["post-3038","page","type-page","status-publish","hentry"],"yoast_head":"<!-- This site is optimized with the Yoast SEO plugin v25.7 - https:\/\/yoast.com\/wordpress\/plugins\/seo\/ -->\n<title>SCHULTERSCHMERZENSCHULTERSCHMERZENErdem Y\u00f6r\u00fcko\u011flu \/\/ Manuel Terapi, Fizyoterapist, Ankara - SCHULTERSCHMERZEN<\/title>\n<meta name=\"description\" content=\"Omuz a\u011fr\u0131s\u0131n\u0131n en \u00e7ok g\u00f6r\u00fclen nedeni kaslar, tendonlar ve omuz yap\u0131s\u0131n\u0131 olu\u015fturan di\u011fer yumu\u015fak dokulardaki zedelenmelerdir. Bu durum b\u00f6lgeye al\u0131nan darbeler, ters hareketler veya omuza a\u015f\u0131r\u0131 y\u00fck bindiren egzersizler neticesinde olu\u015fur.\" \/>\n<meta name=\"robots\" content=\"index, follow, max-snippet:-1, max-image-preview:large, max-video-preview:-1\" \/>\n<link rel=\"canonical\" href=\"https:\/\/www.erdemyorukoglu.com\/de\/tedaviler\/omuza-vuran-agrilar\/\" \/>\n<meta property=\"og:locale\" content=\"de_DE\" \/>\n<meta property=\"og:locale:alternate\" content=\"tr_TR\" \/>\n<meta property=\"og:locale:alternate\" content=\"en_US\" \/>\n<meta property=\"og:type\" content=\"article\" \/>\n<meta property=\"og:title\" content=\"SCHULTERSCHMERZENSCHULTERSCHMERZENErdem Y\u00f6r\u00fcko\u011flu \/\/ Manuel Terapi, Fizyoterapist, Ankara - SCHULTERSCHMERZEN\" \/>\n<meta property=\"og:description\" content=\"Omuz a\u011fr\u0131s\u0131n\u0131n en \u00e7ok g\u00f6r\u00fclen nedeni kaslar, tendonlar ve omuz yap\u0131s\u0131n\u0131 olu\u015fturan di\u011fer yumu\u015fak dokulardaki zedelenmelerdir. Bu durum b\u00f6lgeye al\u0131nan darbeler, ters hareketler veya omuza a\u015f\u0131r\u0131 y\u00fck bindiren egzersizler neticesinde olu\u015fur.\" \/>\n<meta property=\"og:url\" content=\"https:\/\/www.erdemyorukoglu.com\/de\/tedaviler\/omuza-vuran-agrilar\/\" \/>\n<meta property=\"og:site_name\" content=\"Erdem Y\u00f6r\u00fcko\u011flu \/\/ Manuel Terapi, Fizyoterapist, Ankara\" \/>\n<meta property=\"article:modified_time\" content=\"2025-08-16T13:59:41+00:00\" \/>\n<meta property=\"og:image\" content=\"https:\/\/www.erdemyorukoglu.com\/wp-content\/uploads\/2018\/12\/omuz-2.jpg\" \/>\n\t<meta property=\"og:image:width\" content=\"1640\" \/>\n\t<meta property=\"og:image:height\" content=\"600\" \/>\n\t<meta property=\"og:image:type\" content=\"image\/jpeg\" \/>\n<meta name=\"twitter:card\" content=\"summary_large_image\" \/>\n<meta name=\"twitter:label1\" content=\"Gesch\u00e4tzte Lesezeit\" \/>\n\t<meta name=\"twitter:data1\" content=\"2\u00a0Minuten\" \/>\n<script type=\"application\/ld+json\" class=\"yoast-schema-graph\">{\"@context\":\"https:\/\/schema.org\",\"@graph\":[{\"@type\":\"WebPage\",\"@id\":\"https:\/\/www.erdemyorukoglu.com\/tr\/tedaviler\/omuza-vuran-agrilar\/\",\"url\":\"https:\/\/www.erdemyorukoglu.com\/tr\/tedaviler\/omuza-vuran-agrilar\/\",\"name\":\"SCHULTERSCHMERZENSCHULTERSCHMERZENErdem Y\u00f6r\u00fcko\u011flu \/\/ Manuel Terapi, Fizyoterapist, Ankara - SCHULTERSCHMERZEN\",\"isPartOf\":{\"@id\":\"https:\/\/www.erdemyorukoglu.com\/en\/#website\"},\"datePublished\":\"2018-12-08T17:39:21+00:00\",\"dateModified\":\"2025-08-16T13:59:41+00:00\",\"description\":\"Omuz a\u011fr\u0131s\u0131n\u0131n en \u00e7ok g\u00f6r\u00fclen nedeni kaslar, tendonlar ve omuz yap\u0131s\u0131n\u0131 olu\u015fturan di\u011fer yumu\u015fak dokulardaki zedelenmelerdir. Bu durum b\u00f6lgeye al\u0131nan darbeler, ters hareketler veya omuza a\u015f\u0131r\u0131 y\u00fck bindiren egzersizler neticesinde olu\u015fur.\",\"breadcrumb\":{\"@id\":\"https:\/\/www.erdemyorukoglu.com\/tr\/tedaviler\/omuza-vuran-agrilar\/#breadcrumb\"},\"inLanguage\":\"de-DE\",\"potentialAction\":[{\"@type\":\"ReadAction\",\"target\":[\"https:\/\/www.erdemyorukoglu.com\/tr\/tedaviler\/omuza-vuran-agrilar\/\"]}]},{\"@type\":\"BreadcrumbList\",\"@id\":\"https:\/\/www.erdemyorukoglu.com\/tr\/tedaviler\/omuza-vuran-agrilar\/#breadcrumb\",\"itemListElement\":[{\"@type\":\"ListItem\",\"position\":1,\"name\":\"MANUEL TERAP\u0130 ANKARA %%sep%% %%sitename%%\",\"item\":\"https:\/\/www.erdemyorukoglu.com\/de\/\"},{\"@type\":\"ListItem\",\"position\":2,\"name\":\"TEDAV\u0130LER\",\"item\":\"https:\/\/www.erdemyorukoglu.com\/en\/tedaviler\/\"},{\"@type\":\"ListItem\",\"position\":3,\"name\":\"OMUZA VURAN A\u011eRILAR\"}]},{\"@type\":\"WebSite\",\"@id\":\"https:\/\/www.erdemyorukoglu.com\/en\/#website\",\"url\":\"https:\/\/www.erdemyorukoglu.com\/en\/\",\"name\":\"Erdem Y\u00f6r\u00fcko\u011flu \/\/ Manuel Terapi, Fizyoterapist, Ankara\",\"description\":\"Manuel Terapi, Kayropraktik, Fizyoterapi, Bel ve Boyun F\u0131t\u0131\u011f\u0131, Lenf\u00f6dem Tedavisi, Gyrotonic, Skolyoz, Ankara\",\"publisher\":{\"@id\":\"https:\/\/www.erdemyorukoglu.com\/en\/#\/schema\/person\/854314645f5beb1ce61d3d55971d52e1\"},\"potentialAction\":[{\"@type\":\"SearchAction\",\"target\":{\"@type\":\"EntryPoint\",\"urlTemplate\":\"https:\/\/www.erdemyorukoglu.com\/en\/?s={search_term_string}\"},\"query-input\":{\"@type\":\"PropertyValueSpecification\",\"valueRequired\":true,\"valueName\":\"search_term_string\"}}],\"inLanguage\":\"de-DE\"},{\"@type\":[\"Person\",\"Organization\"],\"@id\":\"https:\/\/www.erdemyorukoglu.com\/en\/#\/schema\/person\/854314645f5beb1ce61d3d55971d52e1\",\"name\":\"Erdem Y\u00f6r\u00fcko\u011flu\",\"image\":{\"@type\":\"ImageObject\",\"inLanguage\":\"de-DE\",\"@id\":\"https:\/\/www.erdemyorukoglu.com\/en\/#\/schema\/person\/image\/\",\"url\":\"https:\/\/www.erdemyorukoglu.com\/wp-content\/uploads\/2018\/11\/fav-icon-1.png\",\"contentUrl\":\"https:\/\/www.erdemyorukoglu.com\/wp-content\/uploads\/2018\/11\/fav-icon-1.png\",\"width\":512,\"height\":512,\"caption\":\"Erdem Y\u00f6r\u00fcko\u011flu\"},\"logo\":{\"@id\":\"https:\/\/www.erdemyorukoglu.com\/en\/#\/schema\/person\/image\/\"}}]}<\/script>\n<!-- \/ Yoast SEO plugin. -->","yoast_head_json":{"title":"SCHULTERSCHMERZENSCHULTERSCHMERZENErdem Y\u00f6r\u00fcko\u011flu \/\/ Manuel Terapi, Fizyoterapist, Ankara - SCHULTERSCHMERZEN","description":"Omuz a\u011fr\u0131s\u0131n\u0131n en \u00e7ok g\u00f6r\u00fclen nedeni kaslar, tendonlar ve omuz yap\u0131s\u0131n\u0131 olu\u015fturan di\u011fer yumu\u015fak dokulardaki zedelenmelerdir. Bu durum b\u00f6lgeye al\u0131nan darbeler, ters hareketler veya omuza a\u015f\u0131r\u0131 y\u00fck bindiren egzersizler neticesinde olu\u015fur.","robots":{"index":"index","follow":"follow","max-snippet":"max-snippet:-1","max-image-preview":"max-image-preview:large","max-video-preview":"max-video-preview:-1"},"canonical":"https:\/\/www.erdemyorukoglu.com\/de\/tedaviler\/omuza-vuran-agrilar\/","og_locale":"de_DE","og_type":"article","og_title":"[:tr][:tr]OMUZA VURAN A\u011eRILAR[:en]SHOULDER PAIN[:de]SCHULTERSCHMERZEN[:] - Erdem Y\u00f6r\u00fcko\u011flu \/\/ Manuel Terapi, Fizyoterapist, Ankara[:en][:tr]OMUZA VURAN A\u011eRILAR[:en]SHOULDER PAIN[:de]SCHULTERSCHMERZEN[:] - Erdem Y\u00f6r\u00fcko\u011flu \/\/ Manuel Terapi, Fizyoterapist, Ankara[:de]Erdem Y\u00f6r\u00fcko\u011flu \/\/ Manuel Terapi, Fizyoterapist, Ankara - [:tr]OMUZA VURAN A\u011eRILAR[:en]SHOULDER PAIN[:de]SCHULTERSCHMERZEN[:][:]","og_description":"Omuz a\u011fr\u0131s\u0131n\u0131n en \u00e7ok g\u00f6r\u00fclen nedeni kaslar, tendonlar ve omuz yap\u0131s\u0131n\u0131 olu\u015fturan di\u011fer yumu\u015fak dokulardaki zedelenmelerdir. Bu durum b\u00f6lgeye al\u0131nan darbeler, ters hareketler veya omuza a\u015f\u0131r\u0131 y\u00fck bindiren egzersizler neticesinde olu\u015fur.","og_url":"https:\/\/www.erdemyorukoglu.com\/de\/tedaviler\/omuza-vuran-agrilar\/","og_site_name":"Erdem Y\u00f6r\u00fcko\u011flu \/\/ Manuel Terapi, Fizyoterapist, Ankara","article_modified_time":"2025-08-16T13:59:41+00:00","og_image":[{"width":1640,"height":600,"url":"https:\/\/www.erdemyorukoglu.com\/wp-content\/uploads\/2018\/12\/omuz-2.jpg","type":"image\/jpeg"}],"twitter_card":"summary_large_image","twitter_misc":{"Gesch\u00e4tzte Lesezeit":"2\u00a0Minuten"},"schema":{"@context":"https:\/\/schema.org","@graph":[{"@type":"WebPage","@id":"https:\/\/www.erdemyorukoglu.com\/tr\/tedaviler\/omuza-vuran-agrilar\/","url":"https:\/\/www.erdemyorukoglu.com\/tr\/tedaviler\/omuza-vuran-agrilar\/","name":"SCHULTERSCHMERZENSCHULTERSCHMERZENErdem Y\u00f6r\u00fcko\u011flu \/\/ Manuel Terapi, Fizyoterapist, Ankara - SCHULTERSCHMERZEN","isPartOf":{"@id":"https:\/\/www.erdemyorukoglu.com\/en\/#website"},"datePublished":"2018-12-08T17:39:21+00:00","dateModified":"2025-08-16T13:59:41+00:00","description":"Omuz a\u011fr\u0131s\u0131n\u0131n en \u00e7ok g\u00f6r\u00fclen nedeni kaslar, tendonlar ve omuz yap\u0131s\u0131n\u0131 olu\u015fturan di\u011fer yumu\u015fak dokulardaki zedelenmelerdir. Bu durum b\u00f6lgeye al\u0131nan darbeler, ters hareketler veya omuza a\u015f\u0131r\u0131 y\u00fck bindiren egzersizler neticesinde olu\u015fur.","breadcrumb":{"@id":"https:\/\/www.erdemyorukoglu.com\/tr\/tedaviler\/omuza-vuran-agrilar\/#breadcrumb"},"inLanguage":"de-DE","potentialAction":[{"@type":"ReadAction","target":["https:\/\/www.erdemyorukoglu.com\/tr\/tedaviler\/omuza-vuran-agrilar\/"]}]},{"@type":"BreadcrumbList","@id":"https:\/\/www.erdemyorukoglu.com\/tr\/tedaviler\/omuza-vuran-agrilar\/#breadcrumb","itemListElement":[{"@type":"ListItem","position":1,"name":"MANUEL TERAP\u0130 ANKARA %%sep%% %%sitename%%","item":"https:\/\/www.erdemyorukoglu.com\/de\/"},{"@type":"ListItem","position":2,"name":"TEDAV\u0130LER","item":"https:\/\/www.erdemyorukoglu.com\/en\/tedaviler\/"},{"@type":"ListItem","position":3,"name":"OMUZA VURAN A\u011eRILAR"}]},{"@type":"WebSite","@id":"https:\/\/www.erdemyorukoglu.com\/en\/#website","url":"https:\/\/www.erdemyorukoglu.com\/en\/","name":"Erdem Y\u00f6r\u00fcko\u011flu \/\/ Manuel Terapi, Fizyoterapist, Ankara","description":"Manuel Terapi, Kayropraktik, Fizyoterapi, Bel ve Boyun F\u0131t\u0131\u011f\u0131, Lenf\u00f6dem Tedavisi, Gyrotonic, Skolyoz, Ankara","publisher":{"@id":"https:\/\/www.erdemyorukoglu.com\/en\/#\/schema\/person\/854314645f5beb1ce61d3d55971d52e1"},"potentialAction":[{"@type":"SearchAction","target":{"@type":"EntryPoint","urlTemplate":"https:\/\/www.erdemyorukoglu.com\/en\/?s={search_term_string}"},"query-input":{"@type":"PropertyValueSpecification","valueRequired":true,"valueName":"search_term_string"}}],"inLanguage":"de-DE"},{"@type":["Person","Organization"],"@id":"https:\/\/www.erdemyorukoglu.com\/en\/#\/schema\/person\/854314645f5beb1ce61d3d55971d52e1","name":"Erdem Y\u00f6r\u00fcko\u011flu","image":{"@type":"ImageObject","inLanguage":"de-DE","@id":"https:\/\/www.erdemyorukoglu.com\/en\/#\/schema\/person\/image\/","url":"https:\/\/www.erdemyorukoglu.com\/wp-content\/uploads\/2018\/11\/fav-icon-1.png","contentUrl":"https:\/\/www.erdemyorukoglu.com\/wp-content\/uploads\/2018\/11\/fav-icon-1.png","width":512,"height":512,"caption":"Erdem Y\u00f6r\u00fcko\u011flu"},"logo":{"@id":"https:\/\/www.erdemyorukoglu.com\/en\/#\/schema\/person\/image\/"}}]}},"_links":{"self":[{"href":"https:\/\/www.erdemyorukoglu.com\/de\/wp-json\/wp\/v2\/pages\/3038","targetHints":{"allow":["GET"]}}],"collection":[{"href":"https:\/\/www.erdemyorukoglu.com\/de\/wp-json\/wp\/v2\/pages"}],"about":[{"href":"https:\/\/www.erdemyorukoglu.com\/de\/wp-json\/wp\/v2\/types\/page"}],"author":[{"embeddable":true,"href":"https:\/\/www.erdemyorukoglu.com\/de\/wp-json\/wp\/v2\/users\/1"}],"replies":[{"embeddable":true,"href":"https:\/\/www.erdemyorukoglu.com\/de\/wp-json\/wp\/v2\/comments?post=3038"}],"version-history":[{"count":20,"href":"https:\/\/www.erdemyorukoglu.com\/de\/wp-json\/wp\/v2\/pages\/3038\/revisions"}],"predecessor-version":[{"id":3737,"href":"https:\/\/www.erdemyorukoglu.com\/de\/wp-json\/wp\/v2\/pages\/3038\/revisions\/3737"}],"up":[{"embeddable":true,"href":"https:\/\/www.erdemyorukoglu.com\/de\/wp-json\/wp\/v2\/pages\/2995"}],"wp:attachment":[{"href":"https:\/\/www.erdemyorukoglu.com\/de\/wp-json\/wp\/v2\/media?parent=3038"}],"curies":[{"name":"wp","href":"https:\/\/api.w.org\/{rel}","templated":true}]}}