{"id":3061,"date":"2018-12-15T22:09:10","date_gmt":"2018-12-15T19:09:10","guid":{"rendered":"https:\/\/www.erdemyorukoglu.com\/?page_id=3061"},"modified":"2025-08-16T16:48:20","modified_gmt":"2025-08-16T13:48:20","slug":"fibromiyalji","status":"publish","type":"page","link":"https:\/\/www.erdemyorukoglu.com\/de\/tedaviler\/fibromiyalji\/","title":{"rendered":"FIBROMYALGIE"},"content":{"rendered":"<div class=\"wpb-content-wrapper\">[vc_row content_placement=&#8220;middle&#8220; curly_padding=&#8220;content-padding-none&#8220;][vc_column curly_padding=&#8220;content-padding&#8220;][vc_column_text]\n<h1 style=\"text-align: center;\"><strong>FIBROMYALGIE<\/strong><\/h1>\n[\/vc_column_text][\/vc_column][\/vc_row][vc_row full_width=&#8220;stretch_row&#8220; equal_height=&#8220;yes&#8220; content_placement=&#8220;top&#8220; curly_padding=&#8220;content-padding-xs&#8220; css=&#8220;.vc_custom_1546705663629{border-bottom-width: 1px !important;border-bottom-color: #f4f4f4 !important;border-bottom-style: solid !important;}&#8220;][vc_column width=&#8220;1\/2&#8243; curly_padding=&#8220;content-padding-xs&#8220;][vc_single_image image=&#8220;3063&#8243; img_size=&#8220;large&#8220; alignment=&#8220;center&#8220; css=&#8220;.vc_custom_1546705509475{margin-bottom: 0px !important;}&#8220; el_class=&#8220;img-frame-large&#8220;][vc_empty_space height=&#8220;48px&#8220;][vc_column_text curly_padding_side=&#8220;content-side-padding-xxl&#8220;]\n<h3><strong>Was ist Fibromyalgie-Syndrom?<\/strong><\/h3>\n<p>Das Fibromyalgiesyndrom ist ein Weichteilrheumatismus, der im Bewegungsapparat verl\u00e4ngert werden kann und zu diffusen Schmerzen und Empfindlichkeit im K\u00f6rper f\u00fchrt. Bei den Syndromen, die zu langanhaltenden Schmerzen und Behinderungen f\u00fchren, steht das Fibromyalgiesyndrom hinsichtlich des Arbeitsverlusts und der Behandlungskosten f\u00fcr Medikamente an vorderster.<\/p>\n<h3><strong>Wodurch wird das Fibromyalgie-Syndrom verursacht?<\/strong><\/h3>\n<p>Es ist nicht genau bekannt, warum sich das Fibromyalgiesyndrom entwickelt. Einige Theorien wurden in Untersuchungen vorgebracht. Diese;<\/p>\n<ul>\n<li>Schlafst\u00f6rung<\/li>\n<li>Schmerzerkennungsst\u00f6rung<\/li>\n<li>Ungleichgewicht von Substanzen, die Neurotransmitter im zentralen Nervensystem genannt werden<\/li>\n<li>St\u00f6rung des Nervensystems und des Hormonsystems<\/li>\n<li>St\u00f6rung in den Muskel- und Muskelfunktionen<\/li>\n<li>\u00dcberarbeitetes Sympathiksystem<\/li>\n<\/ul>\n<p>Was sind die Anzeichen und Symptome?<\/p>\n<p>Es ist m\u00f6glich, die klinischen Symptome von denjenigen zu unterscheiden, die zum Bewegungsapparat geh\u00f6ren, bei denen, die nicht am Bewegungsapparat sind, und Begleitsymptomen.<\/p>\n<ul>\n<li>Symptome des Bewegungsapparates: Schmerzen, Steifheit, Schwellung des Weichgewebes.<\/li>\n<li>Nichtmuskuloskelettale Symptome: M\u00fcdigkeit, Morgensteifigkeit, Schlafst\u00f6rungen, Schl\u00e4frigkeit und andere Symptome als der Bewegungsapparat.<\/li>\n<li>Begleitsymptome: Emotionale Variabilit\u00e4t, Kopfschmerzen, Menstruationsschmerzen, Durchfall und Verstopfung, Symptome des trockenen Auges, Raynaud-Ph\u00e4nomen (Erk\u00e4ltung und Farbver\u00e4nderung in H\u00e4nden und F\u00fc\u00dfen)<\/li>\n<\/ul>\n[\/vc_column_text][\/vc_column][vc_column width=&#8220;1\/2&#8243; curly_bg_position=&#8220;bg-pos-center-center&#8220;][vc_column_text curly_padding_side=&#8220;content-side-padding-xxl&#8220;]\n<h3><strong>Wie wird das Fibromyalgiesyndrom diagnostiziert?<\/strong><\/h3>\n<p>Die Diagnose einer Fibromyalgie ist nicht einfach. weil es keinen laborspezifischen Labortest gibt. Im Allgemeinen werden langfristige Muskel-Skelett-Schmerzen, M\u00fcdigkeit und das Vorhandensein empfindlicher Punkte in bestimmten K\u00f6rperbereichen mit dem Fibromyalgie-Syndrom diagnostiziert. Empfindliche Bereiche im K\u00f6rper;[\/vc_column_text][vc_single_image image=&#8220;3285&#8243; img_size=&#8220;large&#8220; css=&#8220;.vc_custom_1546705191165{margin-bottom: 0px !important;}&#8220; el_class=&#8220;img-frame-large&#8220;][\/vc_column][\/vc_row][vc_row full_width=&#8220;stretch_row&#8220; equal_height=&#8220;yes&#8220; content_placement=&#8220;top&#8220; curly_padding=&#8220;content-padding-xs&#8220; css=&#8220;.vc_custom_1546705789719{border-bottom-width: 1px !important;border-bottom-color: #f4f4f4 !important;border-bottom-style: solid !important;}&#8220;][vc_column width=&#8220;1\/2&#8243; curly_padding=&#8220;content-padding-xs&#8220;][vc_column_text curly_padding_side=&#8220;content-side-padding-xxl&#8220;]\n<h3><strong>Was sind die Risikofaktoren f\u00fcr Fibromyalgie?<\/strong><\/h3>\n<ul>\n<li>Geschlecht: Es ist h\u00e4ufiger bei Frauen als bei M\u00e4nnern.<\/li>\n<li>Alter: Es tritt am h\u00e4ufigsten w\u00e4hrend der fr\u00fchen und mittleren Altersperiode auf. Es kann jedoch auch bei Kindern und \u00e4lteren Menschen gesehen werden.<\/li>\n<li>Unterbrechung der Schlafmuster: Es ist nicht genau bekannt, wie sich das Fibromyalgie-Syndrom auswirkt. Es kann mit Muskelkr\u00e4mpfen und dem Restless-Leg-Syndrom (ein seltsames Gef\u00fchl, das nicht vollst\u00e4ndig beschrieben werden kann und das Einschlafen verhindern kann) oder mit einem Schlafapnoe-Syndrom (kurzzeitiger Atemstillstand) einhergehen.<\/li>\n<li>Familienanamnese: Diese Krankheit tritt h\u00e4ufiger bei Personen mit Familienanamnese auf.<\/li>\n<li>Rheumatische Erkrankungen: Rheumatische Erkrankungen wie rheumatoide Arthritis, Lupus oder ankylosierende Spondylitis k\u00f6nnen zu einer Fibromyalgie f\u00fchren.<\/li>\n<\/ul>\n[\/vc_column_text][\/vc_column][vc_column width=&#8220;1\/2&#8243; curly_bg_position=&#8220;bg-pos-center-center&#8220; curly_padding=&#8220;content-padding-xs&#8220;][vc_column_text curly_padding_side=&#8220;content-side-padding-xxl&#8220;]\n<h3><strong>Wie wird Fibromyalgie behandelt?<\/strong><\/h3>\n<p>Wie bei jeder Krankheit ist die Information und das Training der Patienten sehr wichtig. Dem Patienten sollte gesagt werden, dass die Krankheit &#8222;echt&#8220; ist, aber keine l\u00e4hmende Krankheit. Die Behandlung kann lange Zeit in Anspruch nehmen, und regelm\u00e4\u00dfige Nachuntersuchungen des Arztes sind erforderlich, bis sich eine deutliche Verbesserung des Befundes ergibt. Die Behandlung der Fibromyalgie basiert auf Medikamenten und Physiotherapie. Dem Patienten sollte zun\u00e4chst gesagt werden, dass es sich bei dieser Krankheit um eine Langzeiterkrankung handelt und der Schmerz den K\u00f6rper nicht sch\u00e4digt, obwohl er dauerhaft ist.<\/p>\n<p>Bei Anwendungen in der Physiotherapie werden mit hei\u00dfen Packungen, tiefen Heizelementen und elektrischer Stimulation positive Ergebnisse mit schmerzlindernden Eigenschaften erzielt. \u00dcbung ist die wichtigste Behandlungs- und Pr\u00e4ventionsmethode bei der Krankheit. Entspannungs- und Dehn\u00fcbungen, Gehen, Schwimmen und Radfahren sind besonders effektiv. Die Art und Intensit\u00e4t der \u00dcbung sollte dem Patienten angepasst werden. Massageentspannung und Drucktechniken wirken sich positiv auf die Verringerung der Muskelspannung aus. Die Patienten sollten auch angewiesen werden, mehr Zeit f\u00fcr sich und ihre Gesundheit zu verwenden, h\u00e4ufige Pausen bei intensiver Arbeit einzulegen und sich bei ihrer t\u00e4glichen Arbeit nicht zu \u00fcberfordern.[\/vc_column_text][\/vc_column][\/vc_row]\n<\/div>","protected":false},"excerpt":{"rendered":"<p>[vc_row content_placement=&#8220;middle&#8220; curly_padding=&#8220;content-padding-none&#8220;][vc_column curly_padding=&#8220;content-padding&#8220;][vc_column_text] FIBROMYALGIE [\/vc_column_text][\/vc_column][\/vc_row][vc_row full_width=&#8220;stretch_row&#8220; equal_height=&#8220;yes&#8220; content_placement=&#8220;top&#8220; curly_padding=&#8220;content-padding-xs&#8220; css=&#8220;.vc_custom_1546705663629{border-bottom-width: 1px !important;border-bottom-color: #f4f4f4 !important;border-bottom-style: solid !important;}&#8220;][vc_column width=&#8220;1\/2&#8243; curly_padding=&#8220;content-padding-xs&#8220;][vc_single_image image=&#8220;3063&#8243; img_size=&#8220;large&#8220; alignment=&#8220;center&#8220; css=&#8220;.vc_custom_1546705509475{margin-bottom: 0px !important;}&#8220; el_class=&#8220;img-frame-large&#8220;][vc_empty_space height=&#8220;48px&#8220;][vc_column_text curly_padding_side=&#8220;content-side-padding-xxl&#8220;] Was ist Fibromyalgie-Syndrom? Das Fibromyalgiesyndrom ist ein Weichteilrheumatismus, der im Bewegungsapparat verl\u00e4ngert werden kann und zu diffusen Schmerzen und Empfindlichkeit im K\u00f6rper f\u00fchrt. Bei den Syndromen, die zu langanhaltenden Schmerzen und Behinderungen [&hellip;]<\/p>\n","protected":false},"author":1,"featured_media":0,"parent":2995,"menu_order":0,"comment_status":"closed","ping_status":"closed","template":"","meta":{"inline_featured_image":false,"footnotes":""},"class_list":["post-3061","page","type-page","status-publish","hentry"],"yoast_head":"<!-- This site is optimized with the Yoast SEO plugin v27.5 - https:\/\/yoast.com\/product\/yoast-seo-wordpress\/ -->\n<title>FIBROMYALGIEFIBROMYALGIEErdem Y\u00f6r\u00fcko\u011flu \/\/ Manuel Terapi, Fizyoterapist, Ankara - FIBROMYALGIE<\/title>\n<meta name=\"description\" content=\"\u00d6zellikle s\u0131rt, boyun, omuzlar ve kal\u00e7alarda belirgin olmak \u00fczere yayg\u0131n kas-eklem a\u011fr\u0131s\u0131, yorgunluk, sabah tutuklu\u011fu ile karakterize kronik (s\u00fcre\u011fen) bir kas iskelet sistemi hastal\u0131\u011f\u0131d\u0131r.\" \/>\n<meta name=\"robots\" content=\"index, follow, max-snippet:-1, max-image-preview:large, max-video-preview:-1\" \/>\n<link rel=\"canonical\" href=\"https:\/\/www.erdemyorukoglu.com\/de\/tedaviler\/fibromiyalji\/\" \/>\n<meta property=\"og:locale\" content=\"de_DE\" \/>\n<meta property=\"og:locale:alternate\" content=\"tr_TR\" \/>\n<meta property=\"og:locale:alternate\" content=\"en_US\" \/>\n<meta property=\"og:type\" content=\"article\" \/>\n<meta property=\"og:title\" content=\"FIBROMYALGIEFIBROMYALGIEErdem Y\u00f6r\u00fcko\u011flu \/\/ Manuel Terapi, Fizyoterapist, Ankara - FIBROMYALGIE\" \/>\n<meta property=\"og:description\" content=\"\u00d6zellikle s\u0131rt, boyun, omuzlar ve kal\u00e7alarda belirgin olmak \u00fczere yayg\u0131n kas-eklem a\u011fr\u0131s\u0131, yorgunluk, sabah tutuklu\u011fu ile karakterize kronik (s\u00fcre\u011fen) bir kas iskelet sistemi hastal\u0131\u011f\u0131d\u0131r.\" \/>\n<meta property=\"og:url\" content=\"https:\/\/www.erdemyorukoglu.com\/de\/tedaviler\/fibromiyalji\/\" \/>\n<meta property=\"og:site_name\" content=\"Erdem Y\u00f6r\u00fcko\u011flu \/\/ Manuel Terapi, Fizyoterapist, Ankara\" \/>\n<meta property=\"article:modified_time\" content=\"2025-08-16T13:48:20+00:00\" \/>\n<meta property=\"og:image\" content=\"https:\/\/www.erdemyorukoglu.com\/wp-content\/uploads\/2019\/01\/fibromiyalji_sema.jpg\" \/>\n\t<meta property=\"og:image:width\" content=\"800\" \/>\n\t<meta property=\"og:image:height\" content=\"1200\" \/>\n\t<meta property=\"og:image:type\" content=\"image\/jpeg\" \/>\n<meta name=\"twitter:card\" content=\"summary_large_image\" \/>\n<meta name=\"twitter:label1\" content=\"Gesch\u00e4tzte Lesezeit\" \/>\n\t<meta name=\"twitter:data1\" content=\"5\u00a0Minuten\" \/>\n<script type=\"application\/ld+json\" class=\"yoast-schema-graph\">{\"@context\":\"https:\\\/\\\/schema.org\",\"@graph\":[{\"@type\":\"WebPage\",\"@id\":\"https:\\\/\\\/www.erdemyorukoglu.com\\\/tr\\\/tedaviler\\\/fibromiyalji\\\/\",\"url\":\"https:\\\/\\\/www.erdemyorukoglu.com\\\/tr\\\/tedaviler\\\/fibromiyalji\\\/\",\"name\":\"FIBROMYALGIEFIBROMYALGIEErdem Y\u00f6r\u00fcko\u011flu \\\/\\\/ Manuel Terapi, Fizyoterapist, Ankara - FIBROMYALGIE\",\"isPartOf\":{\"@id\":\"https:\\\/\\\/www.erdemyorukoglu.com\\\/en\\\/#website\"},\"datePublished\":\"2018-12-15T19:09:10+00:00\",\"dateModified\":\"2025-08-16T13:48:20+00:00\",\"description\":\"\u00d6zellikle s\u0131rt, boyun, omuzlar ve kal\u00e7alarda belirgin olmak \u00fczere yayg\u0131n kas-eklem a\u011fr\u0131s\u0131, yorgunluk, sabah tutuklu\u011fu ile karakterize kronik (s\u00fcre\u011fen) bir kas iskelet sistemi hastal\u0131\u011f\u0131d\u0131r.\",\"breadcrumb\":{\"@id\":\"https:\\\/\\\/www.erdemyorukoglu.com\\\/tr\\\/tedaviler\\\/fibromiyalji\\\/#breadcrumb\"},\"inLanguage\":\"de-DE\",\"potentialAction\":[{\"@type\":\"ReadAction\",\"target\":[\"https:\\\/\\\/www.erdemyorukoglu.com\\\/tr\\\/tedaviler\\\/fibromiyalji\\\/\"]}]},{\"@type\":\"BreadcrumbList\",\"@id\":\"https:\\\/\\\/www.erdemyorukoglu.com\\\/tr\\\/tedaviler\\\/fibromiyalji\\\/#breadcrumb\",\"itemListElement\":[{\"@type\":\"ListItem\",\"position\":1,\"name\":\"MANUEL TERAP\u0130 ANKARA %%sep%% %%sitename%%\",\"item\":\"https:\\\/\\\/www.erdemyorukoglu.com\\\/de\\\/\"},{\"@type\":\"ListItem\",\"position\":2,\"name\":\"TEDAV\u0130LER\",\"item\":\"https:\\\/\\\/www.erdemyorukoglu.com\\\/en\\\/tedaviler\\\/\"},{\"@type\":\"ListItem\",\"position\":3,\"name\":\"F\u0130BROM\u0130YALJ\u0130\"}]},{\"@type\":\"WebSite\",\"@id\":\"https:\\\/\\\/www.erdemyorukoglu.com\\\/en\\\/#website\",\"url\":\"https:\\\/\\\/www.erdemyorukoglu.com\\\/en\\\/\",\"name\":\"Erdem Y\u00f6r\u00fcko\u011flu \\\/\\\/ Manuel Terapi, Fizyoterapist, Ankara\",\"description\":\"Manuel Terapi, Kayropraktik, Fizyoterapi, Bel ve Boyun F\u0131t\u0131\u011f\u0131, Lenf\u00f6dem Tedavisi, Gyrotonic, Skolyoz, Ankara\",\"publisher\":{\"@id\":\"https:\\\/\\\/www.erdemyorukoglu.com\\\/en\\\/#\\\/schema\\\/person\\\/854314645f5beb1ce61d3d55971d52e1\"},\"potentialAction\":[{\"@type\":\"SearchAction\",\"target\":{\"@type\":\"EntryPoint\",\"urlTemplate\":\"https:\\\/\\\/www.erdemyorukoglu.com\\\/en\\\/?s={search_term_string}\"},\"query-input\":{\"@type\":\"PropertyValueSpecification\",\"valueRequired\":true,\"valueName\":\"search_term_string\"}}],\"inLanguage\":\"de-DE\"},{\"@type\":[\"Person\",\"Organization\"],\"@id\":\"https:\\\/\\\/www.erdemyorukoglu.com\\\/en\\\/#\\\/schema\\\/person\\\/854314645f5beb1ce61d3d55971d52e1\",\"name\":\"Erdem Y\u00f6r\u00fcko\u011flu\",\"image\":{\"@type\":\"ImageObject\",\"inLanguage\":\"de-DE\",\"@id\":\"https:\\\/\\\/www.erdemyorukoglu.com\\\/wp-content\\\/uploads\\\/2018\\\/11\\\/fav-icon-1.png\",\"url\":\"https:\\\/\\\/www.erdemyorukoglu.com\\\/wp-content\\\/uploads\\\/2018\\\/11\\\/fav-icon-1.png\",\"contentUrl\":\"https:\\\/\\\/www.erdemyorukoglu.com\\\/wp-content\\\/uploads\\\/2018\\\/11\\\/fav-icon-1.png\",\"width\":512,\"height\":512,\"caption\":\"Erdem Y\u00f6r\u00fcko\u011flu\"},\"logo\":{\"@id\":\"https:\\\/\\\/www.erdemyorukoglu.com\\\/wp-content\\\/uploads\\\/2018\\\/11\\\/fav-icon-1.png\"}}]}<\/script>\n<!-- \/ Yoast SEO plugin. -->","yoast_head_json":{"title":"FIBROMYALGIEFIBROMYALGIEErdem Y\u00f6r\u00fcko\u011flu \/\/ Manuel Terapi, Fizyoterapist, Ankara - FIBROMYALGIE","description":"\u00d6zellikle s\u0131rt, boyun, omuzlar ve kal\u00e7alarda belirgin olmak \u00fczere yayg\u0131n kas-eklem a\u011fr\u0131s\u0131, yorgunluk, sabah tutuklu\u011fu ile karakterize kronik (s\u00fcre\u011fen) bir kas iskelet sistemi hastal\u0131\u011f\u0131d\u0131r.","robots":{"index":"index","follow":"follow","max-snippet":"max-snippet:-1","max-image-preview":"max-image-preview:large","max-video-preview":"max-video-preview:-1"},"canonical":"https:\/\/www.erdemyorukoglu.com\/de\/tedaviler\/fibromiyalji\/","og_locale":"de_DE","og_type":"article","og_title":"[:tr][:tr]F\u0130BROM\u0130YALJ\u0130[:en]FIBROMYALGIA[:de]FIBROMYALGIE[:] - Erdem Y\u00f6r\u00fcko\u011flu \/\/ Manuel Terapi, Fizyoterapist, Ankara[:en][:tr]F\u0130BROM\u0130YALJ\u0130[:en]FIBROMYALGIA[:de]FIBROMYALGIE[:] - Erdem Y\u00f6r\u00fcko\u011flu \/\/ Manuel Terapi, Fizyoterapist, Ankara[:de]Erdem Y\u00f6r\u00fcko\u011flu \/\/ Manuel Terapi, Fizyoterapist, Ankara - [:tr]F\u0130BROM\u0130YALJ\u0130[:en]FIBROMYALGIA[:de]FIBROMYALGIE[:][:]","og_description":"\u00d6zellikle s\u0131rt, boyun, omuzlar ve kal\u00e7alarda belirgin olmak \u00fczere yayg\u0131n kas-eklem a\u011fr\u0131s\u0131, yorgunluk, sabah tutuklu\u011fu ile karakterize kronik (s\u00fcre\u011fen) bir kas iskelet sistemi hastal\u0131\u011f\u0131d\u0131r.","og_url":"https:\/\/www.erdemyorukoglu.com\/de\/tedaviler\/fibromiyalji\/","og_site_name":"Erdem Y\u00f6r\u00fcko\u011flu \/\/ Manuel Terapi, Fizyoterapist, Ankara","article_modified_time":"2025-08-16T13:48:20+00:00","og_image":[{"width":800,"height":1200,"url":"https:\/\/www.erdemyorukoglu.com\/wp-content\/uploads\/2019\/01\/fibromiyalji_sema.jpg","type":"image\/jpeg"}],"twitter_card":"summary_large_image","twitter_misc":{"Gesch\u00e4tzte Lesezeit":"5\u00a0Minuten"},"schema":{"@context":"https:\/\/schema.org","@graph":[{"@type":"WebPage","@id":"https:\/\/www.erdemyorukoglu.com\/tr\/tedaviler\/fibromiyalji\/","url":"https:\/\/www.erdemyorukoglu.com\/tr\/tedaviler\/fibromiyalji\/","name":"FIBROMYALGIEFIBROMYALGIEErdem Y\u00f6r\u00fcko\u011flu \/\/ Manuel Terapi, Fizyoterapist, Ankara - FIBROMYALGIE","isPartOf":{"@id":"https:\/\/www.erdemyorukoglu.com\/en\/#website"},"datePublished":"2018-12-15T19:09:10+00:00","dateModified":"2025-08-16T13:48:20+00:00","description":"\u00d6zellikle s\u0131rt, boyun, omuzlar ve kal\u00e7alarda belirgin olmak \u00fczere yayg\u0131n kas-eklem a\u011fr\u0131s\u0131, yorgunluk, sabah tutuklu\u011fu ile karakterize kronik (s\u00fcre\u011fen) bir kas iskelet sistemi hastal\u0131\u011f\u0131d\u0131r.","breadcrumb":{"@id":"https:\/\/www.erdemyorukoglu.com\/tr\/tedaviler\/fibromiyalji\/#breadcrumb"},"inLanguage":"de-DE","potentialAction":[{"@type":"ReadAction","target":["https:\/\/www.erdemyorukoglu.com\/tr\/tedaviler\/fibromiyalji\/"]}]},{"@type":"BreadcrumbList","@id":"https:\/\/www.erdemyorukoglu.com\/tr\/tedaviler\/fibromiyalji\/#breadcrumb","itemListElement":[{"@type":"ListItem","position":1,"name":"MANUEL TERAP\u0130 ANKARA %%sep%% %%sitename%%","item":"https:\/\/www.erdemyorukoglu.com\/de\/"},{"@type":"ListItem","position":2,"name":"TEDAV\u0130LER","item":"https:\/\/www.erdemyorukoglu.com\/en\/tedaviler\/"},{"@type":"ListItem","position":3,"name":"F\u0130BROM\u0130YALJ\u0130"}]},{"@type":"WebSite","@id":"https:\/\/www.erdemyorukoglu.com\/en\/#website","url":"https:\/\/www.erdemyorukoglu.com\/en\/","name":"Erdem Y\u00f6r\u00fcko\u011flu \/\/ Manuel Terapi, Fizyoterapist, Ankara","description":"Manuel Terapi, Kayropraktik, Fizyoterapi, Bel ve Boyun F\u0131t\u0131\u011f\u0131, Lenf\u00f6dem Tedavisi, Gyrotonic, Skolyoz, Ankara","publisher":{"@id":"https:\/\/www.erdemyorukoglu.com\/en\/#\/schema\/person\/854314645f5beb1ce61d3d55971d52e1"},"potentialAction":[{"@type":"SearchAction","target":{"@type":"EntryPoint","urlTemplate":"https:\/\/www.erdemyorukoglu.com\/en\/?s={search_term_string}"},"query-input":{"@type":"PropertyValueSpecification","valueRequired":true,"valueName":"search_term_string"}}],"inLanguage":"de-DE"},{"@type":["Person","Organization"],"@id":"https:\/\/www.erdemyorukoglu.com\/en\/#\/schema\/person\/854314645f5beb1ce61d3d55971d52e1","name":"Erdem Y\u00f6r\u00fcko\u011flu","image":{"@type":"ImageObject","inLanguage":"de-DE","@id":"https:\/\/www.erdemyorukoglu.com\/wp-content\/uploads\/2018\/11\/fav-icon-1.png","url":"https:\/\/www.erdemyorukoglu.com\/wp-content\/uploads\/2018\/11\/fav-icon-1.png","contentUrl":"https:\/\/www.erdemyorukoglu.com\/wp-content\/uploads\/2018\/11\/fav-icon-1.png","width":512,"height":512,"caption":"Erdem Y\u00f6r\u00fcko\u011flu"},"logo":{"@id":"https:\/\/www.erdemyorukoglu.com\/wp-content\/uploads\/2018\/11\/fav-icon-1.png"}}]}},"_links":{"self":[{"href":"https:\/\/www.erdemyorukoglu.com\/de\/wp-json\/wp\/v2\/pages\/3061","targetHints":{"allow":["GET"]}}],"collection":[{"href":"https:\/\/www.erdemyorukoglu.com\/de\/wp-json\/wp\/v2\/pages"}],"about":[{"href":"https:\/\/www.erdemyorukoglu.com\/de\/wp-json\/wp\/v2\/types\/page"}],"author":[{"embeddable":true,"href":"https:\/\/www.erdemyorukoglu.com\/de\/wp-json\/wp\/v2\/users\/1"}],"replies":[{"embeddable":true,"href":"https:\/\/www.erdemyorukoglu.com\/de\/wp-json\/wp\/v2\/comments?post=3061"}],"version-history":[{"count":20,"href":"https:\/\/www.erdemyorukoglu.com\/de\/wp-json\/wp\/v2\/pages\/3061\/revisions"}],"predecessor-version":[{"id":4402,"href":"https:\/\/www.erdemyorukoglu.com\/de\/wp-json\/wp\/v2\/pages\/3061\/revisions\/4402"}],"up":[{"embeddable":true,"href":"https:\/\/www.erdemyorukoglu.com\/de\/wp-json\/wp\/v2\/pages\/2995"}],"wp:attachment":[{"href":"https:\/\/www.erdemyorukoglu.com\/de\/wp-json\/wp\/v2\/media?parent=3061"}],"curies":[{"name":"wp","href":"https:\/\/api.w.org\/{rel}","templated":true}]}}