{"id":3068,"date":"2018-12-15T22:58:29","date_gmt":"2018-12-15T19:58:29","guid":{"rendered":"https:\/\/www.erdemyorukoglu.com\/?page_id=3068"},"modified":"2025-08-16T17:00:07","modified_gmt":"2025-08-16T14:00:07","slug":"kronik-bas-agrisi-ve-bas-donmeleri","status":"publish","type":"page","link":"https:\/\/www.erdemyorukoglu.com\/de\/tedaviler\/kronik-bas-agrisi-ve-bas-donmeleri\/","title":{"rendered":"CHRON\u0130SCHE KOPFSCHL\u00c4GE UND SCHW\u0130NDEL"},"content":{"rendered":"<div class=\"wpb-content-wrapper\">[vc_row curly_padding=&#8220;content-padding-none&#8220;][vc_column curly_padding=&#8220;content-padding&#8220;][vc_column_text]\n<h1 style=\"text-align: center;\"><strong>CHRON\u0130SCHE KOPFSCHL\u00c4GE UND SCHW\u0130NDEL<\/strong><\/h1>\n[\/vc_column_text][\/vc_column][\/vc_row][vc_row full_width=&#8220;stretch_row&#8220; equal_height=&#8220;yes&#8220; content_placement=&#8220;middle&#8220; curly_padding=&#8220;content-padding-none&#8220; css=&#8220;.vc_custom_1549831963946{border-bottom-width: 1px !important;border-bottom-color: #f4f4f4 !important;border-bottom-style: solid !important;}&#8220;][vc_column width=&#8220;1\/2&#8243; curly_padding=&#8220;content-padding-xs&#8220;][vc_single_image image=&#8220;3069&#8243; img_size=&#8220;large&#8220; css=&#8220;.vc_custom_1544902972091{margin-bottom: 0px !important;}&#8220; el_class=&#8220;img-frame-large&#8220;][\/vc_column][vc_column width=&#8220;1\/2&#8243; curly_bg_position=&#8220;bg-pos-center-center&#8220;][vc_column_text curly_padding_side=&#8220;content-side-padding-xxl&#8220;]Die International Headache Society stufte Kopfschmerzen in 14 Hauptgruppen und Hunderte von Untergruppen ein. Kopfschmerzen, die in direktem Zusammenhang mit Kopfschmerzsymptomen stehen und keine Beziehung zu einer anderen Krankheit haben, sind prim\u00e4re Kopfschmerzen. Dies sind Migr\u00e4ne, Spannungstypen und Clusterkopfschmerzen. Sekund\u00e4re Kopfschmerzen treten in 10% der F\u00e4lle auf, bedingt durch eine bestimmte Erkrankung, Gef\u00e4\u00dfkrankheiten des Gehirns, Erkrankungen des Nervensystems, Gehirntumore, Augenkrankheiten, Sinusitis, Meningitis wie das Auftreten von Erkrankungen w\u00e4hrend der Kopfschmerzen.[\/vc_column_text][\/vc_column][\/vc_row][vc_row full_width=&#8220;stretch_row&#8220; equal_height=&#8220;yes&#8220; content_placement=&#8220;top&#8220; curly_padding=&#8220;content-padding-none&#8220; css=&#8220;.vc_custom_1549831972618{border-bottom-width: 1px !important;border-bottom-color: #f4f4f4 !important;border-bottom-style: solid !important;}&#8220;][vc_column width=&#8220;1\/2&#8243; curly_bg_position=&#8220;bg-pos-center-top&#8220;][vc_column_text curly_padding_side=&#8220;content-side-padding-xxl&#8220;]\n<h3><strong>Was sind die Merkmale von Migr\u00e4ne?<\/strong><\/h3>\n<ul>\n<li>Schmerzen treten im Allgemeinen auf einer Seite des Kopfes auf.<\/li>\n<li>Schmerz ist pochend, mittelschwer oder schwer.<\/li>\n<li>\u00dcbelkeit, Erbrechen.<\/li>\n<li>Es kommt als Krise.<\/li>\n<li>Der Schmerz dauert 4 bis 72 Stunden.<\/li>\n<li>Beim Einsetzen der Schmerzen treten Sehst\u00f6rungen auf (Typ Aura).<\/li>\n<li>Schmerzen nehmen mit Kopfbewegungen und k\u00f6rperlicher Aktivit\u00e4t zu.<\/li>\n<li>von Licht und Ton gest\u00f6rt werden.<\/li>\n<\/ul>\n<h3><strong>Was sind die Faktoren, die Migr\u00e4ne ausl\u00f6sen?<\/strong><\/h3>\n<ul>\n<li>H\u00f6hen\u00e4nderungen<\/li>\n<li>Luftverschmutzung, Zigarettenrauch<\/li>\n<li>Helles Licht oder flackerndes Licht<\/li>\n<li>Hohe und anhaltende Ger\u00e4usche<\/li>\n<li>Parf\u00fcmgeruch, starke Ger\u00fcche und Chemikalien<\/li>\n<li>Wetter\u00e4nderungen (Druck, Temperatur und Luftfeuchtigkeit, Lodos)<\/li>\n<li>Saisonale Ver\u00e4nderungen (schlechteste Zeiten im Herbst und Fr\u00fchling)<\/li>\n<li>Hunger, Mahlzeiten auslassen<\/li>\n<li>Viele oder weniger Schlafst\u00f6rungen, Schlafst\u00f6rungen<\/li>\n<li>Flugreisen<\/li>\n<li>Antibabypillen<\/li>\n<li>Hormonelle Ver\u00e4nderungen bei Frauen (Menstruationsperiode)<\/li>\n<li>Einige Speisen und Getr\u00e4nke (Schokolade, N\u00fcsse, Rotwein usw.)<\/li>\n<li>Viele N\u00e4hrstoffe sind f\u00fcr das Ausl\u00f6sen von Migr\u00e4ne verantwortlich. * Allerdings kann jeder Patient unterschiedliche Migr\u00e4ne-Kopfschmerzen haben. Das Wichtigste ist, die Substanz zu finden und zu entdecken, die den Schmerz der Person ausl\u00f6st.<\/li>\n<\/ul>\n[\/vc_column_text][\/vc_column][vc_column width=&#8220;1\/2&#8243; curly_bg_position=&#8220;bg-pos-center-top&#8220;][vc_column_text curly_padding_side=&#8220;content-side-padding-xxl&#8220;]\n<h3><strong>Was sollte die Behandlung bei Migr\u00e4ne sein?<\/strong><\/h3>\n<p>Ziel der Behandlung ist es, die ausl\u00f6senden Faktoren zu reduzieren, die Empfindlichkeit im Nervensystem zu reduzieren und die Ereignisse um die Vene und das Gef\u00e4\u00df zu unterdr\u00fccken. Die Grundbehandlung wird in zwei Arten als vorbeugende und Angriffsbehandlung unterteilt. Wenn der Patient zweimal im Monat Schmerzen hat, wird die Behandlung nur w\u00e4hrend des Anfalls empfohlen.<\/p>\n<h3><strong>Wie erfolgt die Behandlung des Angriffs?<\/strong><\/h3>\n<p>Schmerzlinderung, nicht-steroidale entz\u00fcndungshemmende Medikamente, Ergotamin-Medikamente und Triptane werden bei der Behandlung von Schmerzen verwendet. Wenn Schmerzmittel und Ergotamin-Medikamente h\u00e4ufig verwendet werden, verursachen sie anhaltende Schmerzen und k\u00f6nnen zu ernsteren Nebenwirkungen f\u00fchren.<\/p>\n<p>Anti-Emetika-Medikamente gegen \u00dcbelkeit und Erbrechen w\u00e4hrend des Angriffs verabreicht. Schmerzmittel sollten zu Beginn des Angriffs eingenommen werden. Um die Absorption zu beschleunigen, sollten vor dem Schmerzmittel Medikamente gegen \u00dcbelkeit eingenommen werden.<\/p>\n<h3><strong>Wie erfolgt die vorbeugende Behandlung?<\/strong><\/h3>\n<p>Wenn die Anzahl der Anf\u00e4lle in einem Monat mehr als vier betr\u00e4gt, \u00a0m\u00fcssen nicht nur w\u00e4hrend des Anfalls Migr\u00e4ne-Angriffe verhindert werden. Es gilt nicht, wenn die Person einmal im Monat oder alle 6 Monate einen Migr\u00e4neanfall hat. In der vorbeugenden Behandlung werden Medikamente t\u00e4glich eingenommen. Zu diesem Zweck werden Herzmedikamente, Depressionsmedikamente und Epilepsiemedikamente eingesetzt. Schmerzmittel sollten nicht jeden Tag eingenommen werden.<\/p>\n<h3><strong>Gibt es andere Behandlungsalternativen als Medikamente?<\/strong><\/h3>\n<p>Biofeedback bei Spannungskopfschmerzen (R\u00fcck\u00fcbertragung &#8211; Entspannungstraining), Akupunktur bei Migr\u00e4ne, Gewebemassage bei chronischen Schmerzen, Riboflavin, Magnesium, \u2018Fewer few&#8216; Pflanze als alternative Behandlung.[\/vc_column_text][\/vc_column][\/vc_row]\n<\/div>","protected":false},"excerpt":{"rendered":"<p>[vc_row curly_padding=&#8220;content-padding-none&#8220;][vc_column curly_padding=&#8220;content-padding&#8220;][vc_column_text] CHRON\u0130SCHE KOPFSCHL\u00c4GE UND SCHW\u0130NDEL [\/vc_column_text][\/vc_column][\/vc_row][vc_row full_width=&#8220;stretch_row&#8220; equal_height=&#8220;yes&#8220; content_placement=&#8220;middle&#8220; curly_padding=&#8220;content-padding-none&#8220; css=&#8220;.vc_custom_1549831963946{border-bottom-width: 1px !important;border-bottom-color: #f4f4f4 !important;border-bottom-style: solid !important;}&#8220;][vc_column width=&#8220;1\/2&#8243; curly_padding=&#8220;content-padding-xs&#8220;][vc_single_image image=&#8220;3069&#8243; img_size=&#8220;large&#8220; css=&#8220;.vc_custom_1544902972091{margin-bottom: 0px !important;}&#8220; el_class=&#8220;img-frame-large&#8220;][\/vc_column][vc_column width=&#8220;1\/2&#8243; curly_bg_position=&#8220;bg-pos-center-center&#8220;][vc_column_text curly_padding_side=&#8220;content-side-padding-xxl&#8220;]Die International Headache Society stufte Kopfschmerzen in 14 Hauptgruppen und Hunderte von Untergruppen ein. Kopfschmerzen, die in direktem Zusammenhang mit Kopfschmerzsymptomen stehen und keine Beziehung zu einer anderen Krankheit haben, sind [&hellip;]<\/p>\n","protected":false},"author":1,"featured_media":0,"parent":2995,"menu_order":0,"comment_status":"closed","ping_status":"closed","template":"","meta":{"inline_featured_image":false,"footnotes":""},"class_list":["post-3068","page","type-page","status-publish","hentry"],"yoast_head":"<!-- This site is optimized with the Yoast SEO plugin v25.7 - https:\/\/yoast.com\/wordpress\/plugins\/seo\/ -->\n<title>CHRON\u0130SCHE KOPFSCHL\u00c4GE UND SCHW\u0130NDELCHRON\u0130SCHE KOPFSCHL\u00c4GE UND SCHW\u0130NDELErdem Y\u00f6r\u00fcko\u011flu \/\/ Manuel Terapi, Fizyoterapist, Ankara - CHRON\u0130SCHE KOPFSCHL\u00c4GE UND SCHW\u0130NDEL<\/title>\n<meta name=\"description\" content=\"KRON\u0130K BA\u015e A\u011eRISI ve BA\u015e D\u00d6NMELER\u0130\" \/>\n<meta name=\"robots\" content=\"index, follow, max-snippet:-1, max-image-preview:large, max-video-preview:-1\" \/>\n<link rel=\"canonical\" href=\"https:\/\/www.erdemyorukoglu.com\/de\/tedaviler\/kronik-bas-agrisi-ve-bas-donmeleri\/\" \/>\n<meta property=\"og:locale\" content=\"de_DE\" \/>\n<meta property=\"og:locale:alternate\" content=\"tr_TR\" \/>\n<meta property=\"og:locale:alternate\" content=\"en_US\" \/>\n<meta property=\"og:type\" content=\"article\" \/>\n<meta property=\"og:title\" content=\"CHRON\u0130SCHE KOPFSCHL\u00c4GE UND SCHW\u0130NDELCHRON\u0130SCHE KOPFSCHL\u00c4GE UND SCHW\u0130NDELErdem Y\u00f6r\u00fcko\u011flu \/\/ Manuel Terapi, Fizyoterapist, Ankara - CHRON\u0130SCHE KOPFSCHL\u00c4GE UND SCHW\u0130NDEL\" \/>\n<meta property=\"og:description\" content=\"KRON\u0130K BA\u015e A\u011eRISI ve BA\u015e D\u00d6NMELER\u0130\" \/>\n<meta property=\"og:url\" content=\"https:\/\/www.erdemyorukoglu.com\/de\/tedaviler\/kronik-bas-agrisi-ve-bas-donmeleri\/\" \/>\n<meta property=\"og:site_name\" content=\"Erdem Y\u00f6r\u00fcko\u011flu \/\/ Manuel Terapi, Fizyoterapist, Ankara\" \/>\n<meta property=\"article:modified_time\" content=\"2025-08-16T14:00:07+00:00\" \/>\n<meta property=\"og:image\" content=\"https:\/\/www.erdemyorukoglu.com\/wp-content\/uploads\/2018\/12\/migren.jpg\" \/>\n\t<meta property=\"og:image:width\" content=\"1200\" \/>\n\t<meta property=\"og:image:height\" content=\"800\" \/>\n\t<meta property=\"og:image:type\" content=\"image\/jpeg\" \/>\n<meta name=\"twitter:card\" content=\"summary_large_image\" \/>\n<meta name=\"twitter:label1\" content=\"Gesch\u00e4tzte Lesezeit\" \/>\n\t<meta name=\"twitter:data1\" content=\"4\u00a0Minuten\" \/>\n<script type=\"application\/ld+json\" class=\"yoast-schema-graph\">{\"@context\":\"https:\/\/schema.org\",\"@graph\":[{\"@type\":\"WebPage\",\"@id\":\"https:\/\/www.erdemyorukoglu.com\/tr\/tedaviler\/kronik-bas-agrisi-ve-bas-donmeleri\/\",\"url\":\"https:\/\/www.erdemyorukoglu.com\/tr\/tedaviler\/kronik-bas-agrisi-ve-bas-donmeleri\/\",\"name\":\"CHRON\u0130SCHE KOPFSCHL\u00c4GE UND SCHW\u0130NDELCHRON\u0130SCHE KOPFSCHL\u00c4GE UND SCHW\u0130NDELErdem Y\u00f6r\u00fcko\u011flu \/\/ Manuel Terapi, Fizyoterapist, Ankara - CHRON\u0130SCHE KOPFSCHL\u00c4GE UND SCHW\u0130NDEL\",\"isPartOf\":{\"@id\":\"https:\/\/www.erdemyorukoglu.com\/en\/#website\"},\"datePublished\":\"2018-12-15T19:58:29+00:00\",\"dateModified\":\"2025-08-16T14:00:07+00:00\",\"description\":\"KRON\u0130K BA\u015e A\u011eRISI ve BA\u015e D\u00d6NMELER\u0130\",\"breadcrumb\":{\"@id\":\"https:\/\/www.erdemyorukoglu.com\/tr\/tedaviler\/kronik-bas-agrisi-ve-bas-donmeleri\/#breadcrumb\"},\"inLanguage\":\"de-DE\",\"potentialAction\":[{\"@type\":\"ReadAction\",\"target\":[\"https:\/\/www.erdemyorukoglu.com\/tr\/tedaviler\/kronik-bas-agrisi-ve-bas-donmeleri\/\"]}]},{\"@type\":\"BreadcrumbList\",\"@id\":\"https:\/\/www.erdemyorukoglu.com\/tr\/tedaviler\/kronik-bas-agrisi-ve-bas-donmeleri\/#breadcrumb\",\"itemListElement\":[{\"@type\":\"ListItem\",\"position\":1,\"name\":\"MANUEL TERAP\u0130 ANKARA %%sep%% %%sitename%%\",\"item\":\"https:\/\/www.erdemyorukoglu.com\/de\/\"},{\"@type\":\"ListItem\",\"position\":2,\"name\":\"TEDAV\u0130LER\",\"item\":\"https:\/\/www.erdemyorukoglu.com\/en\/tedaviler\/\"},{\"@type\":\"ListItem\",\"position\":3,\"name\":\"KRON\u0130K BA\u015e A\u011eRISI ve BA\u015e D\u00d6NMELER\u0130\"}]},{\"@type\":\"WebSite\",\"@id\":\"https:\/\/www.erdemyorukoglu.com\/en\/#website\",\"url\":\"https:\/\/www.erdemyorukoglu.com\/en\/\",\"name\":\"Erdem Y\u00f6r\u00fcko\u011flu \/\/ Manuel Terapi, Fizyoterapist, Ankara\",\"description\":\"Manuel Terapi, Kayropraktik, Fizyoterapi, Bel ve Boyun F\u0131t\u0131\u011f\u0131, Lenf\u00f6dem Tedavisi, Gyrotonic, Skolyoz, Ankara\",\"publisher\":{\"@id\":\"https:\/\/www.erdemyorukoglu.com\/en\/#\/schema\/person\/854314645f5beb1ce61d3d55971d52e1\"},\"potentialAction\":[{\"@type\":\"SearchAction\",\"target\":{\"@type\":\"EntryPoint\",\"urlTemplate\":\"https:\/\/www.erdemyorukoglu.com\/en\/?s={search_term_string}\"},\"query-input\":{\"@type\":\"PropertyValueSpecification\",\"valueRequired\":true,\"valueName\":\"search_term_string\"}}],\"inLanguage\":\"de-DE\"},{\"@type\":[\"Person\",\"Organization\"],\"@id\":\"https:\/\/www.erdemyorukoglu.com\/en\/#\/schema\/person\/854314645f5beb1ce61d3d55971d52e1\",\"name\":\"Erdem Y\u00f6r\u00fcko\u011flu\",\"image\":{\"@type\":\"ImageObject\",\"inLanguage\":\"de-DE\",\"@id\":\"https:\/\/www.erdemyorukoglu.com\/en\/#\/schema\/person\/image\/\",\"url\":\"https:\/\/www.erdemyorukoglu.com\/wp-content\/uploads\/2018\/11\/fav-icon-1.png\",\"contentUrl\":\"https:\/\/www.erdemyorukoglu.com\/wp-content\/uploads\/2018\/11\/fav-icon-1.png\",\"width\":512,\"height\":512,\"caption\":\"Erdem Y\u00f6r\u00fcko\u011flu\"},\"logo\":{\"@id\":\"https:\/\/www.erdemyorukoglu.com\/en\/#\/schema\/person\/image\/\"}}]}<\/script>\n<!-- \/ Yoast SEO plugin. -->","yoast_head_json":{"title":"CHRON\u0130SCHE KOPFSCHL\u00c4GE UND SCHW\u0130NDELCHRON\u0130SCHE KOPFSCHL\u00c4GE UND SCHW\u0130NDELErdem Y\u00f6r\u00fcko\u011flu \/\/ Manuel Terapi, Fizyoterapist, Ankara - CHRON\u0130SCHE KOPFSCHL\u00c4GE UND SCHW\u0130NDEL","description":"KRON\u0130K BA\u015e A\u011eRISI ve BA\u015e D\u00d6NMELER\u0130","robots":{"index":"index","follow":"follow","max-snippet":"max-snippet:-1","max-image-preview":"max-image-preview:large","max-video-preview":"max-video-preview:-1"},"canonical":"https:\/\/www.erdemyorukoglu.com\/de\/tedaviler\/kronik-bas-agrisi-ve-bas-donmeleri\/","og_locale":"de_DE","og_type":"article","og_title":"[:tr][:tr]KRON\u0130K BA\u015e A\u011eRISI ve BA\u015e D\u00d6NMELER\u0130[:en]CHRONIC HEADACHES AND DIZZINESS[:de]CHRON\u0130SCHE KOPFSCHL\u00c4GE UND SCHW\u0130NDEL[:] - Erdem Y\u00f6r\u00fcko\u011flu \/\/ Manuel Terapi, Fizyoterapist, Ankara[:en][:tr]KRON\u0130K BA\u015e A\u011eRISI ve BA\u015e D\u00d6NMELER\u0130[:en]CHRONIC HEADACHES AND DIZZINESS[:de]CHRON\u0130SCHE KOPFSCHL\u00c4GE UND SCHW\u0130NDEL[:] - Erdem Y\u00f6r\u00fcko\u011flu \/\/ Manuel Terapi, Fizyoterapist, Ankara[:de]Erdem Y\u00f6r\u00fcko\u011flu \/\/ Manuel Terapi, Fizyoterapist, Ankara - [:tr]KRON\u0130K BA\u015e A\u011eRISI ve BA\u015e D\u00d6NMELER\u0130[:en]CHRONIC HEADACHES AND DIZZINESS[:de]CHRON\u0130SCHE KOPFSCHL\u00c4GE UND SCHW\u0130NDEL[:][:]","og_description":"[:tr]KRON\u0130K BA\u015e A\u011eRISI ve BA\u015e D\u00d6NMELER\u0130[:]","og_url":"https:\/\/www.erdemyorukoglu.com\/de\/tedaviler\/kronik-bas-agrisi-ve-bas-donmeleri\/","og_site_name":"Erdem Y\u00f6r\u00fcko\u011flu \/\/ Manuel Terapi, Fizyoterapist, Ankara","article_modified_time":"2025-08-16T14:00:07+00:00","og_image":[{"width":1200,"height":800,"url":"https:\/\/www.erdemyorukoglu.com\/wp-content\/uploads\/2018\/12\/migren.jpg","type":"image\/jpeg"}],"twitter_card":"summary_large_image","twitter_misc":{"Gesch\u00e4tzte Lesezeit":"4\u00a0Minuten"},"schema":{"@context":"https:\/\/schema.org","@graph":[{"@type":"WebPage","@id":"https:\/\/www.erdemyorukoglu.com\/tr\/tedaviler\/kronik-bas-agrisi-ve-bas-donmeleri\/","url":"https:\/\/www.erdemyorukoglu.com\/tr\/tedaviler\/kronik-bas-agrisi-ve-bas-donmeleri\/","name":"CHRON\u0130SCHE KOPFSCHL\u00c4GE UND SCHW\u0130NDELCHRON\u0130SCHE KOPFSCHL\u00c4GE UND SCHW\u0130NDELErdem Y\u00f6r\u00fcko\u011flu \/\/ Manuel Terapi, Fizyoterapist, Ankara - CHRON\u0130SCHE KOPFSCHL\u00c4GE UND SCHW\u0130NDEL","isPartOf":{"@id":"https:\/\/www.erdemyorukoglu.com\/en\/#website"},"datePublished":"2018-12-15T19:58:29+00:00","dateModified":"2025-08-16T14:00:07+00:00","description":"KRON\u0130K BA\u015e A\u011eRISI ve BA\u015e D\u00d6NMELER\u0130","breadcrumb":{"@id":"https:\/\/www.erdemyorukoglu.com\/tr\/tedaviler\/kronik-bas-agrisi-ve-bas-donmeleri\/#breadcrumb"},"inLanguage":"de-DE","potentialAction":[{"@type":"ReadAction","target":["https:\/\/www.erdemyorukoglu.com\/tr\/tedaviler\/kronik-bas-agrisi-ve-bas-donmeleri\/"]}]},{"@type":"BreadcrumbList","@id":"https:\/\/www.erdemyorukoglu.com\/tr\/tedaviler\/kronik-bas-agrisi-ve-bas-donmeleri\/#breadcrumb","itemListElement":[{"@type":"ListItem","position":1,"name":"MANUEL TERAP\u0130 ANKARA %%sep%% %%sitename%%","item":"https:\/\/www.erdemyorukoglu.com\/de\/"},{"@type":"ListItem","position":2,"name":"TEDAV\u0130LER","item":"https:\/\/www.erdemyorukoglu.com\/en\/tedaviler\/"},{"@type":"ListItem","position":3,"name":"KRON\u0130K BA\u015e A\u011eRISI ve BA\u015e D\u00d6NMELER\u0130"}]},{"@type":"WebSite","@id":"https:\/\/www.erdemyorukoglu.com\/en\/#website","url":"https:\/\/www.erdemyorukoglu.com\/en\/","name":"Erdem Y\u00f6r\u00fcko\u011flu \/\/ Manuel Terapi, Fizyoterapist, Ankara","description":"Manuel Terapi, Kayropraktik, Fizyoterapi, Bel ve Boyun F\u0131t\u0131\u011f\u0131, Lenf\u00f6dem Tedavisi, Gyrotonic, Skolyoz, Ankara","publisher":{"@id":"https:\/\/www.erdemyorukoglu.com\/en\/#\/schema\/person\/854314645f5beb1ce61d3d55971d52e1"},"potentialAction":[{"@type":"SearchAction","target":{"@type":"EntryPoint","urlTemplate":"https:\/\/www.erdemyorukoglu.com\/en\/?s={search_term_string}"},"query-input":{"@type":"PropertyValueSpecification","valueRequired":true,"valueName":"search_term_string"}}],"inLanguage":"de-DE"},{"@type":["Person","Organization"],"@id":"https:\/\/www.erdemyorukoglu.com\/en\/#\/schema\/person\/854314645f5beb1ce61d3d55971d52e1","name":"Erdem Y\u00f6r\u00fcko\u011flu","image":{"@type":"ImageObject","inLanguage":"de-DE","@id":"https:\/\/www.erdemyorukoglu.com\/en\/#\/schema\/person\/image\/","url":"https:\/\/www.erdemyorukoglu.com\/wp-content\/uploads\/2018\/11\/fav-icon-1.png","contentUrl":"https:\/\/www.erdemyorukoglu.com\/wp-content\/uploads\/2018\/11\/fav-icon-1.png","width":512,"height":512,"caption":"Erdem Y\u00f6r\u00fcko\u011flu"},"logo":{"@id":"https:\/\/www.erdemyorukoglu.com\/en\/#\/schema\/person\/image\/"}}]}},"_links":{"self":[{"href":"https:\/\/www.erdemyorukoglu.com\/de\/wp-json\/wp\/v2\/pages\/3068","targetHints":{"allow":["GET"]}}],"collection":[{"href":"https:\/\/www.erdemyorukoglu.com\/de\/wp-json\/wp\/v2\/pages"}],"about":[{"href":"https:\/\/www.erdemyorukoglu.com\/de\/wp-json\/wp\/v2\/types\/page"}],"author":[{"embeddable":true,"href":"https:\/\/www.erdemyorukoglu.com\/de\/wp-json\/wp\/v2\/users\/1"}],"replies":[{"embeddable":true,"href":"https:\/\/www.erdemyorukoglu.com\/de\/wp-json\/wp\/v2\/comments?post=3068"}],"version-history":[{"count":11,"href":"https:\/\/www.erdemyorukoglu.com\/de\/wp-json\/wp\/v2\/pages\/3068\/revisions"}],"predecessor-version":[{"id":3736,"href":"https:\/\/www.erdemyorukoglu.com\/de\/wp-json\/wp\/v2\/pages\/3068\/revisions\/3736"}],"up":[{"embeddable":true,"href":"https:\/\/www.erdemyorukoglu.com\/de\/wp-json\/wp\/v2\/pages\/2995"}],"wp:attachment":[{"href":"https:\/\/www.erdemyorukoglu.com\/de\/wp-json\/wp\/v2\/media?parent=3068"}],"curies":[{"name":"wp","href":"https:\/\/api.w.org\/{rel}","templated":true}]}}