{"id":3082,"date":"2018-12-15T23:38:15","date_gmt":"2018-12-15T20:38:15","guid":{"rendered":"https:\/\/www.erdemyorukoglu.com\/?page_id=3082"},"modified":"2025-08-16T16:45:32","modified_gmt":"2025-08-16T13:45:32","slug":"bel-agrisi","status":"publish","type":"page","link":"https:\/\/www.erdemyorukoglu.com\/de\/tedaviler\/bel-agrisi\/","title":{"rendered":"R\u00dcCKENSCHMERZEN"},"content":{"rendered":"<div class=\"wpb-content-wrapper\">[vc_row full_width=&#8220;stretch_row_content&#8220; equal_height=&#8220;yes&#8220; content_placement=&#8220;middle&#8220; curly_padding=&#8220;content-padding-none&#8220; css=&#8220;.vc_custom_1550605915222{border-bottom-width: 1px !important;border-bottom-color: #f4f4f4 !important;border-bottom-style: solid !important;}&#8220;][vc_column curly_padding=&#8220;content-padding&#8220;][vc_column_text]\n<h1 style=\"text-align: center;\"><strong>R\u00dcCKENSCHMERZEN<\/strong><\/h1>\n[\/vc_column_text][\/vc_column][\/vc_row][vc_row full_width=&#8220;stretch_row&#8220; equal_height=&#8220;yes&#8220; css=&#8220;.vc_custom_1550434488849{border-bottom-width: 1px !important;border-bottom-color: #f4f4f4 !important;border-bottom-style: solid !important;}&#8220;][vc_column width=&#8220;1\/2&#8243;][vc_single_image image=&#8220;3083&#8243; img_size=&#8220;large&#8220; alignment=&#8220;center&#8220; css=&#8220;.vc_custom_1544905764308{margin-bottom: 0px !important;}&#8220; el_class=&#8220;img-frame-large&#8220;][vc_empty_space][vc_column_text curly_padding_side=&#8220;content-side-padding-xxl&#8220;]<strong>Wir k\u00f6nnen die Schmerzen im unteren R\u00fccken als Taillenbelastung und Haltungsst\u00f6rungen erkl\u00e4ren, die die Taillenmuskulatur, die B\u00e4nder und die Gelenke sch\u00e4digen.<\/strong><\/p>\n<p>R\u00fcckenschmerzen sollten als die h\u00e4ufigste Art von Schmerz nach Kopfschmerzen in der Welt betrachtet werden und auf die Gesundheitsprobleme hinweisen, die ebenso wichtig sind wie die St\u00f6rung der Arbeit und des sozialen Lebens der Person.<\/p>\n<p>Tut dein R\u00fccken weh? Lindert der Schmerz nach der Ruhepause? Oder wird es durch die geringste Bewegung verschlimmert, und Ihr R\u00fccken ist gesperrt. &#8222;Lendenhernien&#8220; f\u00e4llt ein, wenn es um R\u00fcckenschmerzen geht, aber der zweith\u00e4ufigste Schmerz auf der Welt nach Kopfschmerzen kann durch andere Ursachen verursacht werden.<\/p>\n<p>Wir k\u00f6nnen die Schmerzen im unteren R\u00fccken als Taillenbelastung und Haltungsst\u00f6rungen erkl\u00e4ren, die die Taillenmuskulatur, die B\u00e4nder und die Gelenke sch\u00e4digen. Lendenschmerzen werden durch k\u00f6rperliche Aktivit\u00e4t verschlimmert und die Linderung von Schmerzen gilt als eines der h\u00e4ufigsten Symptome. Die Intensit\u00e4t von Kreuzschmerzen kann mit t\u00e4glichen Aktivit\u00e4ten wie B\u00fccken, Stehenbleiben und Gehen steigen. R\u00fcckenschmerzen sind eines der wichtigsten Gesundheitsprobleme, von denen 75 bis 85% der Bev\u00f6lkerung in ihrem gesamten Leben betroffen sind.[\/vc_column_text][vc_column_text curly_padding_side=&#8220;content-side-padding-xxl&#8220;]<strong>Ursachen f\u00fcr R\u00fcckenschmerzen?<\/strong><\/p>\n<p>Es gibt viele Ursachen f\u00fcr R\u00fcckenschmerzen. Tuberkulose, Krankheiten wie Brucellose, Osteoporose; Verkalkung, Ausbreitung an anderen Orten oder durch das R\u00fcckgrat selbst hervorgerufene Krebserkrankungen sind eine der Haupterkrankungen, die R\u00fcckenschmerzen verursachen. Einer der Gr\u00fcnde f\u00fcr R\u00fcckenschmerzen ist die Ausbreitung von Organerkrankungen wie Magen, Leber und Nieren bis zur Taille. Einige Ursachen f\u00fcr R\u00fcckenschmerzen sind psychologisch und sollten eingehend untersucht werden.[\/vc_column_text][\/vc_column][vc_column width=&#8220;1\/2&#8243; curly_bg_position=&#8220;bg-pos-center-center&#8220;][vc_single_image image=&#8220;3106&#8243; img_size=&#8220;large&#8220; alignment=&#8220;center&#8220; css=&#8220;.vc_custom_1546690575585{margin-bottom: 0px !important;}&#8220; el_class=&#8220;img-frame-large&#8220;][vc_empty_space][vc_column_text curly_padding_side=&#8220;content-side-padding-xxl&#8220;]<strong>Wer hat R\u00fcckenschmerzen?<\/strong><\/p>\n<p>R\u00fcckenschmerzen, am h\u00e4ufigsten im Alter von 35 bis 45 Jahren, treten bei M\u00e4nnern und Frauen gleicherma\u00dfen auf. Die H\u00e4ufigkeit von Schmerzen im unteren R\u00fcckenbereich nimmt bei Frauen \u00fcber 60 Jahren zu. \u00dcberm\u00e4\u00dfige Gewichtszunahme, Schwangerschaft, langandauernde Situationen, hochhackige Schuhe f\u00fcr lange Zeit und der L\u00e4ngenunterschied in beiden Beinen k\u00f6nnen als Ursachen f\u00fcr R\u00fcckenschmerzen angesehen werden. Die Berufe, die R\u00fcckenschmerzen verursachen, sind die Langstreckenfahrer, diejenigen, die die vibrierende Erdbohrmaschine verwenden, die Schwerlastheber, der Langzeithocker und die Arbeiter, die auf dem Stuhl sitzen m\u00fcssen.[\/vc_column_text][vc_column_text curly_padding_side=&#8220;content-side-padding-xxl&#8220;]<strong>Die Ursache von Kreuzschmerzen sollte ermittelt werden. Die Gr\u00fcnde f\u00fcr typische R\u00fcckenschmerzen k\u00f6nnen wie folgt aufgef\u00fchrt werden;<\/strong><\/p>\n<ul>\n<li>angeborene Anomalien<\/li>\n<li>Traumatische Ursachen (Wirbels\u00e4ulenbr\u00fcche oder -verschiebungen)<\/li>\n<li>Taillenbelastung, Haltungsst\u00f6rungen, Lendenhernie<\/li>\n<li>Lendenschmerzen durch Verkalkung der Lendenwirbels\u00e4ule<\/li>\n<li>Erkrankungen der Lendenwirbels\u00e4ule wie Tuberkulose und Brucellose<\/li>\n<li>Osteoporose, Knochenerweichung<\/li>\n<li>Krebserkrankungen (Ausbreitung an anderer Stelle oder durch die Wirbels\u00e4ule selbst verursacht)<\/li>\n<li>Lendenschmerzen aufgrund der Ausbreitung von Organst\u00f6rungen wie Magen, Leber und Nieren in die Lendengegend<\/li>\n<li>Psychogene R\u00fcckenschmerzen<\/li>\n<li>Erfolglose Lumbaloperation (starke Schmerzen in der Taille oder an den Beinen nach einer nicht erfolgten Lendenoperation).<\/li>\n<\/ul>\n[\/vc_column_text][\/vc_column][\/vc_row][vc_row][vc_column][\/vc_column][\/vc_row]\n<\/div>","protected":false},"excerpt":{"rendered":"<p>[vc_row full_width=&#8220;stretch_row_content&#8220; equal_height=&#8220;yes&#8220; content_placement=&#8220;middle&#8220; curly_padding=&#8220;content-padding-none&#8220; css=&#8220;.vc_custom_1550605915222{border-bottom-width: 1px !important;border-bottom-color: #f4f4f4 !important;border-bottom-style: solid !important;}&#8220;][vc_column curly_padding=&#8220;content-padding&#8220;][vc_column_text] R\u00dcCKENSCHMERZEN [\/vc_column_text][\/vc_column][\/vc_row][vc_row full_width=&#8220;stretch_row&#8220; equal_height=&#8220;yes&#8220; css=&#8220;.vc_custom_1550434488849{border-bottom-width: 1px !important;border-bottom-color: #f4f4f4 !important;border-bottom-style: solid !important;}&#8220;][vc_column width=&#8220;1\/2&#8243;][vc_single_image image=&#8220;3083&#8243; img_size=&#8220;large&#8220; alignment=&#8220;center&#8220; css=&#8220;.vc_custom_1544905764308{margin-bottom: 0px !important;}&#8220; el_class=&#8220;img-frame-large&#8220;][vc_empty_space][vc_column_text curly_padding_side=&#8220;content-side-padding-xxl&#8220;]Wir k\u00f6nnen die Schmerzen im unteren R\u00fccken als Taillenbelastung und Haltungsst\u00f6rungen erkl\u00e4ren, die die Taillenmuskulatur, die B\u00e4nder und die Gelenke sch\u00e4digen. R\u00fcckenschmerzen sollten als die h\u00e4ufigste Art von [&hellip;]<\/p>\n","protected":false},"author":1,"featured_media":0,"parent":2995,"menu_order":0,"comment_status":"closed","ping_status":"closed","template":"","meta":{"inline_featured_image":false,"footnotes":""},"class_list":["post-3082","page","type-page","status-publish","hentry"],"yoast_head":"<!-- This site is optimized with the Yoast SEO plugin v25.7 - https:\/\/yoast.com\/wordpress\/plugins\/seo\/ -->\n<title>R\u00dcCKENSCHMERZEN<\/title>\n<meta name=\"description\" content=\"Bel a\u011fr\u0131;, bel zorlanmas\u0131 ve duru\u015f bozukluklar\u0131; bel kaslar\u0131na, ba\u011flar\u0131na ve eklemlerine hasar vermesi sonucu a\u011fr\u0131ya yol a\u00e7ar. Bel a\u011fr\u0131s\u0131, d\u00fcnyada ba\u015f a\u011fr\u0131s\u0131ndan sonra en s\u0131k g\u00f6r\u00fclen a\u011fr\u0131 tipi olarak ki\u015finin i\u015f ve sosyal ya\u015fam\u0131n\u0131 alt\u00fcst etti\u011fi kadar \u00f6nemli sa\u011fl\u0131k sorunlar\u0131na i\u015faret etmesi bak\u0131m\u0131ndan da \u00f6nemsenmelidir.\" \/>\n<meta name=\"robots\" content=\"index, follow, max-snippet:-1, max-image-preview:large, max-video-preview:-1\" \/>\n<link rel=\"canonical\" href=\"https:\/\/www.erdemyorukoglu.com\/de\/tedaviler\/bel-agrisi\/\" \/>\n<meta property=\"og:locale\" content=\"de_DE\" \/>\n<meta property=\"og:locale:alternate\" content=\"tr_TR\" \/>\n<meta property=\"og:locale:alternate\" content=\"en_US\" \/>\n<meta property=\"og:type\" content=\"article\" \/>\n<meta property=\"og:title\" content=\"R\u00dcCKENSCHMERZEN\" \/>\n<meta property=\"og:description\" content=\"Bel a\u011fr\u0131;, bel zorlanmas\u0131 ve duru\u015f bozukluklar\u0131; bel kaslar\u0131na, ba\u011flar\u0131na ve eklemlerine hasar vermesi sonucu a\u011fr\u0131ya yol a\u00e7ar. Bel a\u011fr\u0131s\u0131, d\u00fcnyada ba\u015f a\u011fr\u0131s\u0131ndan sonra en s\u0131k g\u00f6r\u00fclen a\u011fr\u0131 tipi olarak ki\u015finin i\u015f ve sosyal ya\u015fam\u0131n\u0131 alt\u00fcst etti\u011fi kadar \u00f6nemli sa\u011fl\u0131k sorunlar\u0131na i\u015faret etmesi bak\u0131m\u0131ndan da \u00f6nemsenmelidir.\" \/>\n<meta property=\"og:url\" content=\"https:\/\/www.erdemyorukoglu.com\/de\/tedaviler\/bel-agrisi\/\" \/>\n<meta property=\"og:site_name\" content=\"Erdem Y\u00f6r\u00fcko\u011flu \/\/ Manuel Terapi, Fizyoterapist, Ankara\" \/>\n<meta property=\"article:modified_time\" content=\"2025-08-16T13:45:32+00:00\" \/>\n<meta property=\"og:image\" content=\"https:\/\/www.erdemyorukoglu.com\/wp-content\/uploads\/2018\/12\/shutterstock_105334769.jpg\" \/>\n\t<meta property=\"og:image:width\" content=\"1000\" \/>\n\t<meta property=\"og:image:height\" content=\"667\" \/>\n\t<meta property=\"og:image:type\" content=\"image\/jpeg\" \/>\n<meta name=\"twitter:card\" content=\"summary_large_image\" \/>\n<meta name=\"twitter:label1\" content=\"Gesch\u00e4tzte Lesezeit\" \/>\n\t<meta name=\"twitter:data1\" content=\"10\u00a0Minuten\" \/>\n<script type=\"application\/ld+json\" class=\"yoast-schema-graph\">{\"@context\":\"https:\/\/schema.org\",\"@graph\":[{\"@type\":\"WebPage\",\"@id\":\"https:\/\/www.erdemyorukoglu.com\/en\/tedaviler\/bel-agrisi\/\",\"url\":\"https:\/\/www.erdemyorukoglu.com\/en\/tedaviler\/bel-agrisi\/\",\"name\":\"R\u00dcCKENSCHMERZEN\",\"isPartOf\":{\"@id\":\"https:\/\/www.erdemyorukoglu.com\/en\/#website\"},\"datePublished\":\"2018-12-15T20:38:15+00:00\",\"dateModified\":\"2025-08-16T13:45:32+00:00\",\"description\":\"Bel a\u011fr\u0131;, bel zorlanmas\u0131 ve duru\u015f bozukluklar\u0131; bel kaslar\u0131na, ba\u011flar\u0131na ve eklemlerine hasar vermesi sonucu a\u011fr\u0131ya yol a\u00e7ar. Bel a\u011fr\u0131s\u0131, d\u00fcnyada ba\u015f a\u011fr\u0131s\u0131ndan sonra en s\u0131k g\u00f6r\u00fclen a\u011fr\u0131 tipi olarak ki\u015finin i\u015f ve sosyal ya\u015fam\u0131n\u0131 alt\u00fcst etti\u011fi kadar \u00f6nemli sa\u011fl\u0131k sorunlar\u0131na i\u015faret etmesi bak\u0131m\u0131ndan da \u00f6nemsenmelidir.\",\"breadcrumb\":{\"@id\":\"https:\/\/www.erdemyorukoglu.com\/en\/tedaviler\/bel-agrisi\/#breadcrumb\"},\"inLanguage\":\"de-DE\",\"potentialAction\":[{\"@type\":\"ReadAction\",\"target\":[\"https:\/\/www.erdemyorukoglu.com\/en\/tedaviler\/bel-agrisi\/\"]}]},{\"@type\":\"BreadcrumbList\",\"@id\":\"https:\/\/www.erdemyorukoglu.com\/en\/tedaviler\/bel-agrisi\/#breadcrumb\",\"itemListElement\":[{\"@type\":\"ListItem\",\"position\":1,\"name\":\"MANUEL TERAP\u0130 ANKARA %%sep%% %%sitename%%\",\"item\":\"https:\/\/www.erdemyorukoglu.com\/de\/\"},{\"@type\":\"ListItem\",\"position\":2,\"name\":\"TEDAV\u0130LER\",\"item\":\"https:\/\/www.erdemyorukoglu.com\/en\/tedaviler\/\"},{\"@type\":\"ListItem\",\"position\":3,\"name\":\"BACK PAIN\"}]},{\"@type\":\"WebSite\",\"@id\":\"https:\/\/www.erdemyorukoglu.com\/en\/#website\",\"url\":\"https:\/\/www.erdemyorukoglu.com\/en\/\",\"name\":\"Erdem Y\u00f6r\u00fcko\u011flu \/\/ Manuel Terapi, Fizyoterapist, Ankara\",\"description\":\"Manuel Terapi, Kayropraktik, Fizyoterapi, Bel ve Boyun F\u0131t\u0131\u011f\u0131, Lenf\u00f6dem Tedavisi, Gyrotonic, Skolyoz, Ankara\",\"publisher\":{\"@id\":\"https:\/\/www.erdemyorukoglu.com\/en\/#\/schema\/person\/854314645f5beb1ce61d3d55971d52e1\"},\"potentialAction\":[{\"@type\":\"SearchAction\",\"target\":{\"@type\":\"EntryPoint\",\"urlTemplate\":\"https:\/\/www.erdemyorukoglu.com\/en\/?s={search_term_string}\"},\"query-input\":{\"@type\":\"PropertyValueSpecification\",\"valueRequired\":true,\"valueName\":\"search_term_string\"}}],\"inLanguage\":\"de-DE\"},{\"@type\":[\"Person\",\"Organization\"],\"@id\":\"https:\/\/www.erdemyorukoglu.com\/en\/#\/schema\/person\/854314645f5beb1ce61d3d55971d52e1\",\"name\":\"Erdem Y\u00f6r\u00fcko\u011flu\",\"image\":{\"@type\":\"ImageObject\",\"inLanguage\":\"de-DE\",\"@id\":\"https:\/\/www.erdemyorukoglu.com\/en\/#\/schema\/person\/image\/\",\"url\":\"https:\/\/www.erdemyorukoglu.com\/wp-content\/uploads\/2018\/11\/fav-icon-1.png\",\"contentUrl\":\"https:\/\/www.erdemyorukoglu.com\/wp-content\/uploads\/2018\/11\/fav-icon-1.png\",\"width\":512,\"height\":512,\"caption\":\"Erdem Y\u00f6r\u00fcko\u011flu\"},\"logo\":{\"@id\":\"https:\/\/www.erdemyorukoglu.com\/en\/#\/schema\/person\/image\/\"}}]}<\/script>\n<!-- \/ Yoast SEO plugin. -->","yoast_head_json":{"title":"R\u00dcCKENSCHMERZEN","description":"Bel a\u011fr\u0131;, bel zorlanmas\u0131 ve duru\u015f bozukluklar\u0131; bel kaslar\u0131na, ba\u011flar\u0131na ve eklemlerine hasar vermesi sonucu a\u011fr\u0131ya yol a\u00e7ar. Bel a\u011fr\u0131s\u0131, d\u00fcnyada ba\u015f a\u011fr\u0131s\u0131ndan sonra en s\u0131k g\u00f6r\u00fclen a\u011fr\u0131 tipi olarak ki\u015finin i\u015f ve sosyal ya\u015fam\u0131n\u0131 alt\u00fcst etti\u011fi kadar \u00f6nemli sa\u011fl\u0131k sorunlar\u0131na i\u015faret etmesi bak\u0131m\u0131ndan da \u00f6nemsenmelidir.","robots":{"index":"index","follow":"follow","max-snippet":"max-snippet:-1","max-image-preview":"max-image-preview:large","max-video-preview":"max-video-preview:-1"},"canonical":"https:\/\/www.erdemyorukoglu.com\/de\/tedaviler\/bel-agrisi\/","og_locale":"de_DE","og_type":"article","og_title":"[:tr]BEL A\u011eRISI[:en]BACK PAIN[:de]R\u00dcCKENSCHMERZEN[:] - Erdem Y\u00f6r\u00fcko\u011flu \/\/ Manuel Terapi, Fizyoterapist, Ankara","og_description":"Bel a\u011fr\u0131;, bel zorlanmas\u0131 ve duru\u015f bozukluklar\u0131; bel kaslar\u0131na, ba\u011flar\u0131na ve eklemlerine hasar vermesi sonucu a\u011fr\u0131ya yol a\u00e7ar. Bel a\u011fr\u0131s\u0131, d\u00fcnyada ba\u015f a\u011fr\u0131s\u0131ndan sonra en s\u0131k g\u00f6r\u00fclen a\u011fr\u0131 tipi olarak ki\u015finin i\u015f ve sosyal ya\u015fam\u0131n\u0131 alt\u00fcst etti\u011fi kadar \u00f6nemli sa\u011fl\u0131k sorunlar\u0131na i\u015faret etmesi bak\u0131m\u0131ndan da \u00f6nemsenmelidir.","og_url":"https:\/\/www.erdemyorukoglu.com\/de\/tedaviler\/bel-agrisi\/","og_site_name":"Erdem Y\u00f6r\u00fcko\u011flu \/\/ Manuel Terapi, Fizyoterapist, Ankara","article_modified_time":"2025-08-16T13:45:32+00:00","og_image":[{"width":1000,"height":667,"url":"https:\/\/www.erdemyorukoglu.com\/wp-content\/uploads\/2018\/12\/shutterstock_105334769.jpg","type":"image\/jpeg"}],"twitter_card":"summary_large_image","twitter_misc":{"Gesch\u00e4tzte Lesezeit":"10\u00a0Minuten"},"schema":{"@context":"https:\/\/schema.org","@graph":[{"@type":"WebPage","@id":"https:\/\/www.erdemyorukoglu.com\/en\/tedaviler\/bel-agrisi\/","url":"https:\/\/www.erdemyorukoglu.com\/en\/tedaviler\/bel-agrisi\/","name":"R\u00dcCKENSCHMERZEN","isPartOf":{"@id":"https:\/\/www.erdemyorukoglu.com\/en\/#website"},"datePublished":"2018-12-15T20:38:15+00:00","dateModified":"2025-08-16T13:45:32+00:00","description":"Bel a\u011fr\u0131;, bel zorlanmas\u0131 ve duru\u015f bozukluklar\u0131; bel kaslar\u0131na, ba\u011flar\u0131na ve eklemlerine hasar vermesi sonucu a\u011fr\u0131ya yol a\u00e7ar. Bel a\u011fr\u0131s\u0131, d\u00fcnyada ba\u015f a\u011fr\u0131s\u0131ndan sonra en s\u0131k g\u00f6r\u00fclen a\u011fr\u0131 tipi olarak ki\u015finin i\u015f ve sosyal ya\u015fam\u0131n\u0131 alt\u00fcst etti\u011fi kadar \u00f6nemli sa\u011fl\u0131k sorunlar\u0131na i\u015faret etmesi bak\u0131m\u0131ndan da \u00f6nemsenmelidir.","breadcrumb":{"@id":"https:\/\/www.erdemyorukoglu.com\/en\/tedaviler\/bel-agrisi\/#breadcrumb"},"inLanguage":"de-DE","potentialAction":[{"@type":"ReadAction","target":["https:\/\/www.erdemyorukoglu.com\/en\/tedaviler\/bel-agrisi\/"]}]},{"@type":"BreadcrumbList","@id":"https:\/\/www.erdemyorukoglu.com\/en\/tedaviler\/bel-agrisi\/#breadcrumb","itemListElement":[{"@type":"ListItem","position":1,"name":"MANUEL TERAP\u0130 ANKARA %%sep%% %%sitename%%","item":"https:\/\/www.erdemyorukoglu.com\/de\/"},{"@type":"ListItem","position":2,"name":"TEDAV\u0130LER","item":"https:\/\/www.erdemyorukoglu.com\/en\/tedaviler\/"},{"@type":"ListItem","position":3,"name":"BACK PAIN"}]},{"@type":"WebSite","@id":"https:\/\/www.erdemyorukoglu.com\/en\/#website","url":"https:\/\/www.erdemyorukoglu.com\/en\/","name":"Erdem Y\u00f6r\u00fcko\u011flu \/\/ Manuel Terapi, Fizyoterapist, Ankara","description":"Manuel Terapi, Kayropraktik, Fizyoterapi, Bel ve Boyun F\u0131t\u0131\u011f\u0131, Lenf\u00f6dem Tedavisi, Gyrotonic, Skolyoz, Ankara","publisher":{"@id":"https:\/\/www.erdemyorukoglu.com\/en\/#\/schema\/person\/854314645f5beb1ce61d3d55971d52e1"},"potentialAction":[{"@type":"SearchAction","target":{"@type":"EntryPoint","urlTemplate":"https:\/\/www.erdemyorukoglu.com\/en\/?s={search_term_string}"},"query-input":{"@type":"PropertyValueSpecification","valueRequired":true,"valueName":"search_term_string"}}],"inLanguage":"de-DE"},{"@type":["Person","Organization"],"@id":"https:\/\/www.erdemyorukoglu.com\/en\/#\/schema\/person\/854314645f5beb1ce61d3d55971d52e1","name":"Erdem Y\u00f6r\u00fcko\u011flu","image":{"@type":"ImageObject","inLanguage":"de-DE","@id":"https:\/\/www.erdemyorukoglu.com\/en\/#\/schema\/person\/image\/","url":"https:\/\/www.erdemyorukoglu.com\/wp-content\/uploads\/2018\/11\/fav-icon-1.png","contentUrl":"https:\/\/www.erdemyorukoglu.com\/wp-content\/uploads\/2018\/11\/fav-icon-1.png","width":512,"height":512,"caption":"Erdem Y\u00f6r\u00fcko\u011flu"},"logo":{"@id":"https:\/\/www.erdemyorukoglu.com\/en\/#\/schema\/person\/image\/"}}]}},"_links":{"self":[{"href":"https:\/\/www.erdemyorukoglu.com\/de\/wp-json\/wp\/v2\/pages\/3082","targetHints":{"allow":["GET"]}}],"collection":[{"href":"https:\/\/www.erdemyorukoglu.com\/de\/wp-json\/wp\/v2\/pages"}],"about":[{"href":"https:\/\/www.erdemyorukoglu.com\/de\/wp-json\/wp\/v2\/types\/page"}],"author":[{"embeddable":true,"href":"https:\/\/www.erdemyorukoglu.com\/de\/wp-json\/wp\/v2\/users\/1"}],"replies":[{"embeddable":true,"href":"https:\/\/www.erdemyorukoglu.com\/de\/wp-json\/wp\/v2\/comments?post=3082"}],"version-history":[{"count":27,"href":"https:\/\/www.erdemyorukoglu.com\/de\/wp-json\/wp\/v2\/pages\/3082\/revisions"}],"predecessor-version":[{"id":12068,"href":"https:\/\/www.erdemyorukoglu.com\/de\/wp-json\/wp\/v2\/pages\/3082\/revisions\/12068"}],"up":[{"embeddable":true,"href":"https:\/\/www.erdemyorukoglu.com\/de\/wp-json\/wp\/v2\/pages\/2995"}],"wp:attachment":[{"href":"https:\/\/www.erdemyorukoglu.com\/de\/wp-json\/wp\/v2\/media?parent=3082"}],"curies":[{"name":"wp","href":"https:\/\/api.w.org\/{rel}","templated":true}]}}