{"id":3086,"date":"2018-12-16T00:08:23","date_gmt":"2018-12-15T21:08:23","guid":{"rendered":"https:\/\/www.erdemyorukoglu.com\/?page_id=3086"},"modified":"2025-08-16T17:06:16","modified_gmt":"2025-08-16T14:06:16","slug":"schroth-3d-skolyoz-tedavisi","status":"publish","type":"page","link":"https:\/\/www.erdemyorukoglu.com\/de\/uzmanliklar\/schroth-3d-skolyoz-tedavisi\/","title":{"rendered":"SCHROTH-3D  SKOL\u0130OSE BEHANDLUNG"},"content":{"rendered":"<div class=\"wpb-content-wrapper\">[vc_row curly_padding=&#8220;content-padding-none&#8220;][vc_column curly_padding=&#8220;content-padding&#8220;][vc_column_text]\n<h1 style=\"text-align: center;\"><strong>SCHROTH-3D<\/strong><\/h1>\n<h1 style=\"text-align: center;\"><strong>SKOL\u0130OSE BEHANDLUNG<\/strong><\/h1>\n[\/vc_column_text][\/vc_column][\/vc_row][vc_row full_width=&#8220;stretch_row&#8220; equal_height=&#8220;yes&#8220; content_placement=&#8220;top&#8220; curly_padding=&#8220;content-padding-none&#8220; css=&#8220;.vc_custom_1549827722075{border-bottom-width: 1px !important;border-bottom-color: #f4f4f4 !important;border-bottom-style: solid !important;}&#8220;][vc_column width=&#8220;1\/2&#8243; curly_padding=&#8220;content-padding-none&#8220;][vc_single_image image=&#8220;3097&#8243; img_size=&#8220;large&#8220; alignment=&#8220;center&#8220; css=&#8220;.vc_custom_1544909233051{margin-bottom: 0px !important;}&#8220; el_class=&#8220;img-frame-large&#8220;][\/vc_column][vc_column width=&#8220;1\/2&#8243; curly_bg_position=&#8220;bg-pos-center-center&#8220; curly_padding=&#8220;content-padding-none&#8220;][vc_column_text curly_padding_side=&#8220;content-side-padding-xxl&#8220;]Die dreidimensionale Behandlung der Skoliose wird seit 1921 in Deutschland angewandt. Frau Kathrine Schroth entwickelte diese Methode nach elfj\u00e4hriger Anwendung, brachte viele Informationen zusammen und erzeugte ein Mosaik aus lernbaren Methoden. Diese Behandlungsmethode wurde von der Physiotherapeutin Sonja Hansen im englischsprachigen Raum eingef\u00fchrt. Die Behandlung der dreidimensionalen Skoliose durch Frau Kathrine Schort wurde von Zeit zu Zeit von vielen L\u00e4ndern und medizinischen Beh\u00f6rden festgelegt und gilt aufgrund ihres Fokus auf die Atmung als verl\u00e4ssliche Methode.<\/p>\n<p>Bei dieser Methode sollte der Patient f\u00fcr die Wichtigkeit der von ihm verwendeten Methode \u00fcberzeugt und motiviert werden.<\/p>\n<p>Die dreidimensionale Behandlung ist bei Patienten mit Skoliose aufgrund der Pubert\u00e4t erfolgreicher. Die hier angetroffene Schwierigkeit besteht darin, dass die Pers\u00f6nlichkeit in diesen Zeitaltern noch nicht etabliert ist. Daher sollte der Physiotherapeut die Schwierigkeiten mit p\u00e4dagogischen und physiologischen F\u00e4higkeiten \u00fcberwinden. Ein Grund f\u00fcr diese Behandlung ist es, die \u00dcbung entsprechend der Kr\u00fcmmungsrichtung in allen drei Ebenen korrigierend zu gestalten.<\/p>\n<p>Ziel ist eine dauerhafte Ver\u00e4nderung der Haltung.<\/p>\n<p>Das Ziel der dreidimensionalen Skoliose-Behandlung ist die dreidimensionale Korrektur.<\/p>\n<h3><strong>Prinzipien:<\/strong><\/h3>\n<ul>\n<li>Korrigieren Sie die Rotation der Wirbels\u00e4ule und erh\u00f6hen Sie die Lungenkapazit\u00e4t durch regionale Atemtechniken<\/li>\n<li>Korrektur der Haltung der Wirbels\u00e4ule mit isometrischen \u00dcbungen, Atemtechniken und \u00dcbungen zur Korrektur des Beckens<\/li>\n<li>Sicherstellung und Aufrechterhaltung der korrekten Haltung w\u00e4hrend der Therapie und im t\u00e4glichen Leben<\/li>\n<li>St\u00e4rkung der Beine, F\u00fc\u00dfe, des R\u00fcckens und der Bauchmuskulatur.<\/li>\n<\/ul>\n[\/vc_column_text][\/vc_column][\/vc_row][vc_row full_width=&#8220;stretch_row&#8220; curly_padding=&#8220;content-padding-none&#8220;][vc_column][vc_single_image image=&#8220;3198&#8243; img_size=&#8220;full&#8220; style=&#8220;img-frame-large&#8220;][\/vc_column][\/vc_row][vc_row full_width=&#8220;stretch_row&#8220; equal_height=&#8220;yes&#8220; content_placement=&#8220;top&#8220; css=&#8220;.vc_custom_1544904340173{border-bottom-width: 1px !important;border-bottom-color: #f4f4f4 !important;border-bottom-style: solid !important;}&#8220;][vc_column width=&#8220;1\/2&#8243; curly_bg_position=&#8220;bg-pos-center-top&#8220;][vc_column_text curly_padding_side=&#8220;content-side-padding-xxl&#8220;]\n<h3><strong>Wer kann an einem Schroth-Behandlungsprogramm teilnehmen?<\/strong><\/h3>\n<p>Das Schroth-Programm ist eine dreidimensionale Korrektur der Wirbels\u00e4ule und bewirkt eine gleichm\u00e4\u00dfige Haltungsgl\u00e4tte. Ziele, insbesondere in Zeiten des beschleunigten H\u00f6henwachstums (wie der Pubert\u00e4t), die eine Zunahme der Kyphose und des Skoliose-Winkels zeigen, besteht darin, den unter Kontrolle genommenen Winkel zu verringern. Bei Erwachsenen besteht das Ziel vor allem darin, die Haltung der K\u00f6rper zu verbessern, den K\u00f6rper, insbesondere das Becken in der Mitte, zu sammeln, eine korrekte Haltung zu gew\u00e4hrleisten, die Muskeln um die Wirbels\u00e4ule herum zu dehnen und chronischen R\u00fccken und R\u00fcckenschmerzen zu lindern.[\/vc_column_text][\/vc_column][vc_column width=&#8220;1\/2&#8243; curly_bg_position=&#8220;bg-pos-center-top&#8220;][vc_column_text curly_padding_side=&#8220;content-side-padding-xxl&#8220;]\n<h3><strong>Fortschritt der Behandlung?<\/strong><\/h3>\n<p>Der zur Behandlung in Frage kommende Patient wird in der Regel ein- bis zweimal pro Woche zur Behandlung einberufen. Am ersten Behandlungstag werden die Fotos der Person und die R\u00f6ntgenbilder der Person aufgenommen und der Winkel und der Skoliose-Typ ausgewertet. Das Schroth-Prinzip und das posturale Bewusstsein werden w\u00f6chentlich mit etwa einst\u00fcndigen Trainingsprogrammen durchgef\u00fchrt. Posturale Ver\u00e4nderungen werden mit Fotos bewertet, die am Ende eines jeden sechsw\u00f6chigen Zeitraums aufgenommen wurden. Die Winkel werden mit den R\u00f6ntgenaufnahmen nach 4\/6\/12 Monaten medizinischer Untersuchungen \u00fcberpr\u00fcft.[\/vc_column_text][\/vc_column][\/vc_row]\n<\/div>","protected":false},"excerpt":{"rendered":"<p>[vc_row curly_padding=&#8220;content-padding-none&#8220;][vc_column curly_padding=&#8220;content-padding&#8220;][vc_column_text] SCHROTH-3D SKOL\u0130OSE BEHANDLUNG [\/vc_column_text][\/vc_column][\/vc_row][vc_row full_width=&#8220;stretch_row&#8220; equal_height=&#8220;yes&#8220; content_placement=&#8220;top&#8220; curly_padding=&#8220;content-padding-none&#8220; css=&#8220;.vc_custom_1549827722075{border-bottom-width: 1px !important;border-bottom-color: #f4f4f4 !important;border-bottom-style: solid !important;}&#8220;][vc_column width=&#8220;1\/2&#8243; curly_padding=&#8220;content-padding-none&#8220;][vc_single_image image=&#8220;3097&#8243; img_size=&#8220;large&#8220; alignment=&#8220;center&#8220; css=&#8220;.vc_custom_1544909233051{margin-bottom: 0px !important;}&#8220; el_class=&#8220;img-frame-large&#8220;][\/vc_column][vc_column width=&#8220;1\/2&#8243; curly_bg_position=&#8220;bg-pos-center-center&#8220; curly_padding=&#8220;content-padding-none&#8220;][vc_column_text curly_padding_side=&#8220;content-side-padding-xxl&#8220;]Die dreidimensionale Behandlung der Skoliose wird seit 1921 in Deutschland angewandt. Frau Kathrine Schroth entwickelte diese Methode nach elfj\u00e4hriger Anwendung, brachte viele Informationen zusammen und erzeugte ein Mosaik aus lernbaren [&hellip;]<\/p>\n","protected":false},"author":1,"featured_media":0,"parent":9,"menu_order":0,"comment_status":"closed","ping_status":"closed","template":"","meta":{"inline_featured_image":false,"footnotes":""},"class_list":["post-3086","page","type-page","status-publish","hentry"],"yoast_head":"<!-- This site is optimized with the Yoast SEO plugin v25.7 - https:\/\/yoast.com\/wordpress\/plugins\/seo\/ -->\n<title>SCHROTH-3D SKOL\u0130OSE BEHANDLUNGErdem Y\u00f6r\u00fcko\u011flu \/\/ Manuel Terapi, Fizyoterapist, Ankara - SCHROTH-3D SKOL\u0130OSE BEHANDLUNG<\/title>\n<meta name=\"description\" content=\"Skolyoz Tedavisi; Ameliyats\u0131z olarak Skolyoz tedavisi i\u00e7in erken tan\u0131 \u00f6nemlidir. Skolyozun en s\u0131k g\u00f6r\u00fclen semptomu, anormal omurga e\u011frisidir. \u00c7o\u011funlukla bu hafif bir de\u011fi\u015fikliktir ve ilk olarak bir arkada\u015f ya da aile \u00fcyesi ya da \u00e7ocu\u011fun okul ya da spor i\u00e7in rutin taramas\u0131 yapmas\u0131yla farkedilebilir. Erken tan\u0131 ve tedavi i\u00e7in Ankara \u00dcmitk\u00f6y&#039;de bulunan muayenehanemize bekleriz.\" \/>\n<meta name=\"robots\" content=\"index, follow, max-snippet:-1, max-image-preview:large, max-video-preview:-1\" \/>\n<link rel=\"canonical\" href=\"https:\/\/www.erdemyorukoglu.com\/de\/uzmanliklar\/schroth-3d-skolyoz-tedavisi\/\" \/>\n<meta property=\"og:locale\" content=\"de_DE\" \/>\n<meta property=\"og:locale:alternate\" content=\"tr_TR\" \/>\n<meta property=\"og:locale:alternate\" content=\"en_US\" \/>\n<meta property=\"og:type\" content=\"article\" \/>\n<meta property=\"og:title\" content=\"SCHROTH-3D SKOL\u0130OSE BEHANDLUNGErdem Y\u00f6r\u00fcko\u011flu \/\/ Manuel Terapi, Fizyoterapist, Ankara - SCHROTH-3D SKOL\u0130OSE BEHANDLUNG\" \/>\n<meta property=\"og:description\" content=\"Skolyoz Tedavisi; Ameliyats\u0131z olarak Skolyoz tedavisi i\u00e7in erken tan\u0131 \u00f6nemlidir. Skolyozun en s\u0131k g\u00f6r\u00fclen semptomu, anormal omurga e\u011frisidir. \u00c7o\u011funlukla bu hafif bir de\u011fi\u015fikliktir ve ilk olarak bir arkada\u015f ya da aile \u00fcyesi ya da \u00e7ocu\u011fun okul ya da spor i\u00e7in rutin taramas\u0131 yapmas\u0131yla farkedilebilir. Erken tan\u0131 ve tedavi i\u00e7in Ankara \u00dcmitk\u00f6y&#039;de bulunan muayenehanemize bekleriz.\" \/>\n<meta property=\"og:url\" content=\"https:\/\/www.erdemyorukoglu.com\/de\/uzmanliklar\/schroth-3d-skolyoz-tedavisi\/\" \/>\n<meta property=\"og:site_name\" content=\"Erdem Y\u00f6r\u00fcko\u011flu \/\/ Manuel Terapi, Fizyoterapist, Ankara\" \/>\n<meta property=\"article:modified_time\" content=\"2025-08-16T14:06:16+00:00\" \/>\n<meta name=\"twitter:card\" content=\"summary_large_image\" \/>\n<meta name=\"twitter:label1\" content=\"Gesch\u00e4tzte Lesezeit\" \/>\n\t<meta name=\"twitter:data1\" content=\"3\u00a0Minuten\" \/>\n<script type=\"application\/ld+json\" class=\"yoast-schema-graph\">{\"@context\":\"https:\/\/schema.org\",\"@graph\":[{\"@type\":\"WebPage\",\"@id\":\"https:\/\/www.erdemyorukoglu.com\/tr\/uzmanliklar\/schroth-3d-skolyoz-tedavisi\/\",\"url\":\"https:\/\/www.erdemyorukoglu.com\/tr\/uzmanliklar\/schroth-3d-skolyoz-tedavisi\/\",\"name\":\"SCHROTH-3D SKOL\u0130OSE BEHANDLUNGErdem Y\u00f6r\u00fcko\u011flu \/\/ Manuel Terapi, Fizyoterapist, Ankara - SCHROTH-3D SKOL\u0130OSE BEHANDLUNG\",\"isPartOf\":{\"@id\":\"https:\/\/www.erdemyorukoglu.com\/en\/#website\"},\"datePublished\":\"2018-12-15T21:08:23+00:00\",\"dateModified\":\"2025-08-16T14:06:16+00:00\",\"description\":\"Skolyoz Tedavisi; Ameliyats\u0131z olarak Skolyoz tedavisi i\u00e7in erken tan\u0131 \u00f6nemlidir. Skolyozun en s\u0131k g\u00f6r\u00fclen semptomu, anormal omurga e\u011frisidir. \u00c7o\u011funlukla bu hafif bir de\u011fi\u015fikliktir ve ilk olarak bir arkada\u015f ya da aile \u00fcyesi ya da \u00e7ocu\u011fun okul ya da spor i\u00e7in rutin taramas\u0131 yapmas\u0131yla farkedilebilir. Erken tan\u0131 ve tedavi i\u00e7in Ankara \u00dcmitk\u00f6y'de bulunan muayenehanemize bekleriz.\",\"breadcrumb\":{\"@id\":\"https:\/\/www.erdemyorukoglu.com\/tr\/uzmanliklar\/schroth-3d-skolyoz-tedavisi\/#breadcrumb\"},\"inLanguage\":\"de-DE\",\"potentialAction\":[{\"@type\":\"ReadAction\",\"target\":[\"https:\/\/www.erdemyorukoglu.com\/tr\/uzmanliklar\/schroth-3d-skolyoz-tedavisi\/\"]}]},{\"@type\":\"BreadcrumbList\",\"@id\":\"https:\/\/www.erdemyorukoglu.com\/tr\/uzmanliklar\/schroth-3d-skolyoz-tedavisi\/#breadcrumb\",\"itemListElement\":[{\"@type\":\"ListItem\",\"position\":1,\"name\":\"MANUEL TERAP\u0130 ANKARA %%sep%% %%sitename%%\",\"item\":\"https:\/\/www.erdemyorukoglu.com\/de\/\"},{\"@type\":\"ListItem\",\"position\":2,\"name\":\"UZMANLIKLAR\",\"item\":\"https:\/\/www.erdemyorukoglu.com\/de\/uzmanliklar\/\"},{\"@type\":\"ListItem\",\"position\":3,\"name\":\"SCHROTH 3D SKOLYOZ TEDAV\u0130S\u0130\"}]},{\"@type\":\"WebSite\",\"@id\":\"https:\/\/www.erdemyorukoglu.com\/en\/#website\",\"url\":\"https:\/\/www.erdemyorukoglu.com\/en\/\",\"name\":\"Erdem Y\u00f6r\u00fcko\u011flu \/\/ Manuel Terapi, Fizyoterapist, Ankara\",\"description\":\"Manuel Terapi, Kayropraktik, Fizyoterapi, Bel ve Boyun F\u0131t\u0131\u011f\u0131, Lenf\u00f6dem Tedavisi, Gyrotonic, Skolyoz, Ankara\",\"publisher\":{\"@id\":\"https:\/\/www.erdemyorukoglu.com\/en\/#\/schema\/person\/854314645f5beb1ce61d3d55971d52e1\"},\"potentialAction\":[{\"@type\":\"SearchAction\",\"target\":{\"@type\":\"EntryPoint\",\"urlTemplate\":\"https:\/\/www.erdemyorukoglu.com\/en\/?s={search_term_string}\"},\"query-input\":{\"@type\":\"PropertyValueSpecification\",\"valueRequired\":true,\"valueName\":\"search_term_string\"}}],\"inLanguage\":\"de-DE\"},{\"@type\":[\"Person\",\"Organization\"],\"@id\":\"https:\/\/www.erdemyorukoglu.com\/en\/#\/schema\/person\/854314645f5beb1ce61d3d55971d52e1\",\"name\":\"Erdem Y\u00f6r\u00fcko\u011flu\",\"image\":{\"@type\":\"ImageObject\",\"inLanguage\":\"de-DE\",\"@id\":\"https:\/\/www.erdemyorukoglu.com\/en\/#\/schema\/person\/image\/\",\"url\":\"https:\/\/www.erdemyorukoglu.com\/wp-content\/uploads\/2018\/11\/fav-icon-1.png\",\"contentUrl\":\"https:\/\/www.erdemyorukoglu.com\/wp-content\/uploads\/2018\/11\/fav-icon-1.png\",\"width\":512,\"height\":512,\"caption\":\"Erdem Y\u00f6r\u00fcko\u011flu\"},\"logo\":{\"@id\":\"https:\/\/www.erdemyorukoglu.com\/en\/#\/schema\/person\/image\/\"}}]}<\/script>\n<!-- \/ Yoast SEO plugin. -->","yoast_head_json":{"title":"SCHROTH-3D SKOL\u0130OSE BEHANDLUNGErdem Y\u00f6r\u00fcko\u011flu \/\/ Manuel Terapi, Fizyoterapist, Ankara - SCHROTH-3D SKOL\u0130OSE BEHANDLUNG","description":"Skolyoz Tedavisi; Ameliyats\u0131z olarak Skolyoz tedavisi i\u00e7in erken tan\u0131 \u00f6nemlidir. Skolyozun en s\u0131k g\u00f6r\u00fclen semptomu, anormal omurga e\u011frisidir. \u00c7o\u011funlukla bu hafif bir de\u011fi\u015fikliktir ve ilk olarak bir arkada\u015f ya da aile \u00fcyesi ya da \u00e7ocu\u011fun okul ya da spor i\u00e7in rutin taramas\u0131 yapmas\u0131yla farkedilebilir. Erken tan\u0131 ve tedavi i\u00e7in Ankara \u00dcmitk\u00f6y'de bulunan muayenehanemize bekleriz.","robots":{"index":"index","follow":"follow","max-snippet":"max-snippet:-1","max-image-preview":"max-image-preview:large","max-video-preview":"max-video-preview:-1"},"canonical":"https:\/\/www.erdemyorukoglu.com\/de\/uzmanliklar\/schroth-3d-skolyoz-tedavisi\/","og_locale":"de_DE","og_type":"article","og_title":"[:tr]SCHROTH - 3D SKOLYOZ TEDAV\u0130S\u0130 - Erdem Y\u00f6r\u00fcko\u011flu \/\/ Manuel Terapi, Fizyoterapist, Ankara[:en][:tr]SCHROTH 3D SKOLYOZ TEDAV\u0130S\u0130[:en]SCHROTH-3D SCOLIOSIS TREATMENT[:de]SCHROTH-3D SKOL\u0130OSE BEHANDLUNG[:] - Erdem Y\u00f6r\u00fcko\u011flu \/\/ Manuel Terapi, Fizyoterapist, Ankara[:de]Erdem Y\u00f6r\u00fcko\u011flu \/\/ Manuel Terapi, Fizyoterapist, Ankara - [:tr]SCHROTH 3D SKOLYOZ TEDAV\u0130S\u0130[:en]SCHROTH-3D SCOLIOSIS TREATMENT[:de]SCHROTH-3D SKOL\u0130OSE BEHANDLUNG[:][:]","og_description":"[:tr]Skolyoz Tedavisi; Ameliyats\u0131z olarak Skolyoz tedavisi i\u00e7in erken tan\u0131 \u00f6nemlidir. Skolyozun en s\u0131k g\u00f6r\u00fclen semptomu, anormal omurga e\u011frisidir. \u00c7o\u011funlukla bu hafif bir de\u011fi\u015fikliktir ve ilk olarak bir arkada\u015f ya da aile \u00fcyesi ya da \u00e7ocu\u011fun okul ya da spor i\u00e7in rutin taramas\u0131 yapmas\u0131yla farkedilebilir. Erken tan\u0131 ve tedavi i\u00e7in Ankara \u00dcmitk\u00f6y'de bulunan muayenehanemize bekleriz.[:]","og_url":"https:\/\/www.erdemyorukoglu.com\/de\/uzmanliklar\/schroth-3d-skolyoz-tedavisi\/","og_site_name":"Erdem Y\u00f6r\u00fcko\u011flu \/\/ Manuel Terapi, Fizyoterapist, Ankara","article_modified_time":"2025-08-16T14:06:16+00:00","twitter_card":"summary_large_image","twitter_misc":{"Gesch\u00e4tzte Lesezeit":"3\u00a0Minuten"},"schema":{"@context":"https:\/\/schema.org","@graph":[{"@type":"WebPage","@id":"https:\/\/www.erdemyorukoglu.com\/tr\/uzmanliklar\/schroth-3d-skolyoz-tedavisi\/","url":"https:\/\/www.erdemyorukoglu.com\/tr\/uzmanliklar\/schroth-3d-skolyoz-tedavisi\/","name":"SCHROTH-3D SKOL\u0130OSE BEHANDLUNGErdem Y\u00f6r\u00fcko\u011flu \/\/ Manuel Terapi, Fizyoterapist, Ankara - SCHROTH-3D SKOL\u0130OSE BEHANDLUNG","isPartOf":{"@id":"https:\/\/www.erdemyorukoglu.com\/en\/#website"},"datePublished":"2018-12-15T21:08:23+00:00","dateModified":"2025-08-16T14:06:16+00:00","description":"Skolyoz Tedavisi; Ameliyats\u0131z olarak Skolyoz tedavisi i\u00e7in erken tan\u0131 \u00f6nemlidir. Skolyozun en s\u0131k g\u00f6r\u00fclen semptomu, anormal omurga e\u011frisidir. \u00c7o\u011funlukla bu hafif bir de\u011fi\u015fikliktir ve ilk olarak bir arkada\u015f ya da aile \u00fcyesi ya da \u00e7ocu\u011fun okul ya da spor i\u00e7in rutin taramas\u0131 yapmas\u0131yla farkedilebilir. Erken tan\u0131 ve tedavi i\u00e7in Ankara \u00dcmitk\u00f6y'de bulunan muayenehanemize bekleriz.","breadcrumb":{"@id":"https:\/\/www.erdemyorukoglu.com\/tr\/uzmanliklar\/schroth-3d-skolyoz-tedavisi\/#breadcrumb"},"inLanguage":"de-DE","potentialAction":[{"@type":"ReadAction","target":["https:\/\/www.erdemyorukoglu.com\/tr\/uzmanliklar\/schroth-3d-skolyoz-tedavisi\/"]}]},{"@type":"BreadcrumbList","@id":"https:\/\/www.erdemyorukoglu.com\/tr\/uzmanliklar\/schroth-3d-skolyoz-tedavisi\/#breadcrumb","itemListElement":[{"@type":"ListItem","position":1,"name":"MANUEL TERAP\u0130 ANKARA %%sep%% %%sitename%%","item":"https:\/\/www.erdemyorukoglu.com\/de\/"},{"@type":"ListItem","position":2,"name":"UZMANLIKLAR","item":"https:\/\/www.erdemyorukoglu.com\/de\/uzmanliklar\/"},{"@type":"ListItem","position":3,"name":"SCHROTH 3D SKOLYOZ TEDAV\u0130S\u0130"}]},{"@type":"WebSite","@id":"https:\/\/www.erdemyorukoglu.com\/en\/#website","url":"https:\/\/www.erdemyorukoglu.com\/en\/","name":"Erdem Y\u00f6r\u00fcko\u011flu \/\/ Manuel Terapi, Fizyoterapist, Ankara","description":"Manuel Terapi, Kayropraktik, Fizyoterapi, Bel ve Boyun F\u0131t\u0131\u011f\u0131, Lenf\u00f6dem Tedavisi, Gyrotonic, Skolyoz, Ankara","publisher":{"@id":"https:\/\/www.erdemyorukoglu.com\/en\/#\/schema\/person\/854314645f5beb1ce61d3d55971d52e1"},"potentialAction":[{"@type":"SearchAction","target":{"@type":"EntryPoint","urlTemplate":"https:\/\/www.erdemyorukoglu.com\/en\/?s={search_term_string}"},"query-input":{"@type":"PropertyValueSpecification","valueRequired":true,"valueName":"search_term_string"}}],"inLanguage":"de-DE"},{"@type":["Person","Organization"],"@id":"https:\/\/www.erdemyorukoglu.com\/en\/#\/schema\/person\/854314645f5beb1ce61d3d55971d52e1","name":"Erdem Y\u00f6r\u00fcko\u011flu","image":{"@type":"ImageObject","inLanguage":"de-DE","@id":"https:\/\/www.erdemyorukoglu.com\/en\/#\/schema\/person\/image\/","url":"https:\/\/www.erdemyorukoglu.com\/wp-content\/uploads\/2018\/11\/fav-icon-1.png","contentUrl":"https:\/\/www.erdemyorukoglu.com\/wp-content\/uploads\/2018\/11\/fav-icon-1.png","width":512,"height":512,"caption":"Erdem Y\u00f6r\u00fcko\u011flu"},"logo":{"@id":"https:\/\/www.erdemyorukoglu.com\/en\/#\/schema\/person\/image\/"}}]}},"_links":{"self":[{"href":"https:\/\/www.erdemyorukoglu.com\/de\/wp-json\/wp\/v2\/pages\/3086","targetHints":{"allow":["GET"]}}],"collection":[{"href":"https:\/\/www.erdemyorukoglu.com\/de\/wp-json\/wp\/v2\/pages"}],"about":[{"href":"https:\/\/www.erdemyorukoglu.com\/de\/wp-json\/wp\/v2\/types\/page"}],"author":[{"embeddable":true,"href":"https:\/\/www.erdemyorukoglu.com\/de\/wp-json\/wp\/v2\/users\/1"}],"replies":[{"embeddable":true,"href":"https:\/\/www.erdemyorukoglu.com\/de\/wp-json\/wp\/v2\/comments?post=3086"}],"version-history":[{"count":17,"href":"https:\/\/www.erdemyorukoglu.com\/de\/wp-json\/wp\/v2\/pages\/3086\/revisions"}],"predecessor-version":[{"id":12077,"href":"https:\/\/www.erdemyorukoglu.com\/de\/wp-json\/wp\/v2\/pages\/3086\/revisions\/12077"}],"up":[{"embeddable":true,"href":"https:\/\/www.erdemyorukoglu.com\/de\/wp-json\/wp\/v2\/pages\/9"}],"wp:attachment":[{"href":"https:\/\/www.erdemyorukoglu.com\/de\/wp-json\/wp\/v2\/media?parent=3086"}],"curies":[{"name":"wp","href":"https:\/\/api.w.org\/{rel}","templated":true}]}}