{"id":3203,"date":"2019-01-04T01:04:31","date_gmt":"2019-01-03T22:04:31","guid":{"rendered":"https:\/\/www.erdemyorukoglu.com\/tr\/?page_id=3203"},"modified":"2025-08-16T17:04:21","modified_gmt":"2025-08-16T14:04:21","slug":"graston","status":"publish","type":"page","link":"https:\/\/www.erdemyorukoglu.com\/de\/uzmanliklar\/graston\/","title":{"rendered":"GRASTON"},"content":{"rendered":"<div class=\"wpb-content-wrapper\">[vc_row full_width=&#8220;stretch_row&#8220; curly_padding=&#8220;content-padding-none&#8220;][vc_column curly_padding=&#8220;content-padding&#8220;][vc_column_text]\n<h1 style=\"text-align: center;\"><strong>GRASTON<\/strong><\/h1>\n[\/vc_column_text][\/vc_column][\/vc_row][vc_row full_width=&#8220;stretch_row&#8220; curly_padding=&#8220;content-padding-none&#8220;][vc_column curly_padding=&#8220;content-padding-none&#8220;][vc_single_image image=&#8220;3204&#8243; img_size=&#8220;full&#8220; style=&#8220;img-frame-large&#8220;][\/vc_column][\/vc_row][vc_row full_width=&#8220;stretch_row&#8220; equal_height=&#8220;yes&#8220; curly_padding=&#8220;content-padding-none&#8220; css=&#8220;.vc_custom_1549827034604{border-bottom-width: 1px !important;border-bottom-color: #f4f4f4 !important;border-bottom-style: solid !important;}&#8220;][vc_column width=&#8220;1\/2&#8243; curly_padding=&#8220;content-padding-none&#8220;][vc_single_image image=&#8220;3205&#8243; img_size=&#8220;large&#8220; alignment=&#8220;center&#8220; css=&#8220;.vc_custom_1546553063357{margin-bottom: 0px !important;}&#8220; el_class=&#8220;img-frame-large&#8220;][\/vc_column][vc_column width=&#8220;1\/2&#8243; curly_padding=&#8220;content-padding-none&#8220;][vc_column_text curly_padding_side=&#8220;content-side-padding-xxl&#8220;]Die Graston-Technik ist eine patentierte manuelle Therapie mit Edelstahlwerkzeugen zur Muskelmobilisierung. Es ist eine Art von Weichteilmobilisierung, die haupts\u00e4chlich von Chiropraktikern, osteopathischen \u00c4rzten, Physiotherapeuten, Ergotherapeuten und einigen zugelassenen Massagetherapeuten verwendet wird.<\/p>\n<h3><strong>Wie benutzt man?<\/strong><\/h3>\n<p>Sie k\u00f6nnen sich die Graston-Technik als eine tiefere, intensivere Form der manuellen Therapie vorstellen. Speziell ausgebildete Kliniker verwenden auf zwei Arten speziell entwickelte Graston-Instrumente. Erstens, um Muskelknoten oder Einschr\u00e4nkungen zu finden. Sie tun dies, um das Faser- oder Narbengewebe zu sp\u00fcren, das Schmerzen beim Laufen auf Ihrer Haut verursachen kann, oder um Ihre Bewegung einzuschr\u00e4nken. Zweitens verwenden sie Tools, um diese Textur aufzubrechen, um Mobilit\u00e4t und Funktionalit\u00e4t wiederherzustellen.[\/vc_column_text][\/vc_column][\/vc_row]\n<\/div>","protected":false},"excerpt":{"rendered":"<p>[vc_row full_width=&#8220;stretch_row&#8220; curly_padding=&#8220;content-padding-none&#8220;][vc_column curly_padding=&#8220;content-padding&#8220;][vc_column_text] GRASTON [\/vc_column_text][\/vc_column][\/vc_row][vc_row full_width=&#8220;stretch_row&#8220; curly_padding=&#8220;content-padding-none&#8220;][vc_column curly_padding=&#8220;content-padding-none&#8220;][vc_single_image image=&#8220;3204&#8243; img_size=&#8220;full&#8220; style=&#8220;img-frame-large&#8220;][\/vc_column][\/vc_row][vc_row full_width=&#8220;stretch_row&#8220; equal_height=&#8220;yes&#8220; curly_padding=&#8220;content-padding-none&#8220; css=&#8220;.vc_custom_1549827034604{border-bottom-width: 1px !important;border-bottom-color: #f4f4f4 !important;border-bottom-style: solid !important;}&#8220;][vc_column width=&#8220;1\/2&#8243; curly_padding=&#8220;content-padding-none&#8220;][vc_single_image image=&#8220;3205&#8243; img_size=&#8220;large&#8220; alignment=&#8220;center&#8220; css=&#8220;.vc_custom_1546553063357{margin-bottom: 0px !important;}&#8220; el_class=&#8220;img-frame-large&#8220;][\/vc_column][vc_column width=&#8220;1\/2&#8243; curly_padding=&#8220;content-padding-none&#8220;][vc_column_text curly_padding_side=&#8220;content-side-padding-xxl&#8220;]Die Graston-Technik ist eine patentierte manuelle Therapie mit Edelstahlwerkzeugen zur Muskelmobilisierung. Es ist eine Art von Weichteilmobilisierung, die haupts\u00e4chlich von Chiropraktikern, osteopathischen \u00c4rzten, Physiotherapeuten, Ergotherapeuten und einigen [&hellip;]<\/p>\n","protected":false},"author":1,"featured_media":0,"parent":9,"menu_order":0,"comment_status":"closed","ping_status":"closed","template":"","meta":{"inline_featured_image":false,"footnotes":""},"class_list":["post-3203","page","type-page","status-publish","hentry"],"yoast_head":"<!-- This site is optimized with the Yoast SEO plugin v25.7 - https:\/\/yoast.com\/wordpress\/plugins\/seo\/ -->\n<title>GRASTONGRASTONErdem Y\u00f6r\u00fcko\u011flu \/\/ Manuel Terapi, Fizyoterapist, Ankara - GRASTON<\/title>\n<meta name=\"description\" content=\"Graston Tekni\u011fi, kas mobilizasyonlar\u0131n\u0131 ger\u00e7ekle\u015ftirmek i\u00e7in paslanmaz \u00e7elik aletler kullanan patentli bir manuel terapi \u015feklidir. Esas olarak kayroprakt\u00f6rler, osteopatik doktorlar, fizyoterapistler, meslek terapistleri ve baz\u0131 lisansl\u0131 masaj terapistleri taraf\u0131ndan kullan\u0131lan bir \u00e7e\u015fit yumu\u015fak doku mobilizasyonudur.\" \/>\n<meta name=\"robots\" content=\"index, follow, max-snippet:-1, max-image-preview:large, max-video-preview:-1\" \/>\n<link rel=\"canonical\" href=\"https:\/\/www.erdemyorukoglu.com\/de\/uzmanliklar\/graston\/\" \/>\n<meta property=\"og:locale\" content=\"de_DE\" \/>\n<meta property=\"og:locale:alternate\" content=\"tr_TR\" \/>\n<meta property=\"og:locale:alternate\" content=\"en_US\" \/>\n<meta property=\"og:type\" content=\"article\" \/>\n<meta property=\"og:title\" content=\"GRASTONGRASTONErdem Y\u00f6r\u00fcko\u011flu \/\/ Manuel Terapi, Fizyoterapist, Ankara - GRASTON\" \/>\n<meta property=\"og:description\" content=\"Graston Tekni\u011fi, kas mobilizasyonlar\u0131n\u0131 ger\u00e7ekle\u015ftirmek i\u00e7in paslanmaz \u00e7elik aletler kullanan patentli bir manuel terapi \u015feklidir. Esas olarak kayroprakt\u00f6rler, osteopatik doktorlar, fizyoterapistler, meslek terapistleri ve baz\u0131 lisansl\u0131 masaj terapistleri taraf\u0131ndan kullan\u0131lan bir \u00e7e\u015fit yumu\u015fak doku mobilizasyonudur.\" \/>\n<meta property=\"og:url\" content=\"https:\/\/www.erdemyorukoglu.com\/de\/uzmanliklar\/graston\/\" \/>\n<meta property=\"og:site_name\" content=\"Erdem Y\u00f6r\u00fcko\u011flu \/\/ Manuel Terapi, Fizyoterapist, Ankara\" \/>\n<meta property=\"article:modified_time\" content=\"2025-08-16T14:04:21+00:00\" \/>\n<meta property=\"og:image\" content=\"https:\/\/www.erdemyorukoglu.com\/wp-content\/uploads\/2019\/01\/graston_1.jpg\" \/>\n\t<meta property=\"og:image:width\" content=\"1200\" \/>\n\t<meta property=\"og:image:height\" content=\"800\" \/>\n\t<meta property=\"og:image:type\" content=\"image\/jpeg\" \/>\n<meta name=\"twitter:card\" content=\"summary_large_image\" \/>\n<meta name=\"twitter:label1\" content=\"Gesch\u00e4tzte Lesezeit\" \/>\n\t<meta name=\"twitter:data1\" content=\"1\u00a0Minute\" \/>\n<script type=\"application\/ld+json\" class=\"yoast-schema-graph\">{\"@context\":\"https:\/\/schema.org\",\"@graph\":[{\"@type\":\"WebPage\",\"@id\":\"https:\/\/www.erdemyorukoglu.com\/tr\/uzmanliklar\/graston\/\",\"url\":\"https:\/\/www.erdemyorukoglu.com\/tr\/uzmanliklar\/graston\/\",\"name\":\"GRASTONGRASTONErdem Y\u00f6r\u00fcko\u011flu \/\/ Manuel Terapi, Fizyoterapist, Ankara - GRASTON\",\"isPartOf\":{\"@id\":\"https:\/\/www.erdemyorukoglu.com\/en\/#website\"},\"datePublished\":\"2019-01-03T22:04:31+00:00\",\"dateModified\":\"2025-08-16T14:04:21+00:00\",\"description\":\"Graston Tekni\u011fi, kas mobilizasyonlar\u0131n\u0131 ger\u00e7ekle\u015ftirmek i\u00e7in paslanmaz \u00e7elik aletler kullanan patentli bir manuel terapi \u015feklidir. Esas olarak kayroprakt\u00f6rler, osteopatik doktorlar, fizyoterapistler, meslek terapistleri ve baz\u0131 lisansl\u0131 masaj terapistleri taraf\u0131ndan kullan\u0131lan bir \u00e7e\u015fit yumu\u015fak doku mobilizasyonudur.\",\"breadcrumb\":{\"@id\":\"https:\/\/www.erdemyorukoglu.com\/tr\/uzmanliklar\/graston\/#breadcrumb\"},\"inLanguage\":\"de-DE\",\"potentialAction\":[{\"@type\":\"ReadAction\",\"target\":[\"https:\/\/www.erdemyorukoglu.com\/tr\/uzmanliklar\/graston\/\"]}]},{\"@type\":\"BreadcrumbList\",\"@id\":\"https:\/\/www.erdemyorukoglu.com\/tr\/uzmanliklar\/graston\/#breadcrumb\",\"itemListElement\":[{\"@type\":\"ListItem\",\"position\":1,\"name\":\"MANUEL TERAP\u0130 ANKARA %%sep%% %%sitename%%\",\"item\":\"https:\/\/www.erdemyorukoglu.com\/de\/\"},{\"@type\":\"ListItem\",\"position\":2,\"name\":\"UZMANLIKLAR\",\"item\":\"https:\/\/www.erdemyorukoglu.com\/de\/uzmanliklar\/\"},{\"@type\":\"ListItem\",\"position\":3,\"name\":\"GRASTON\"}]},{\"@type\":\"WebSite\",\"@id\":\"https:\/\/www.erdemyorukoglu.com\/en\/#website\",\"url\":\"https:\/\/www.erdemyorukoglu.com\/en\/\",\"name\":\"Erdem Y\u00f6r\u00fcko\u011flu \/\/ Manuel Terapi, Fizyoterapist, Ankara\",\"description\":\"Manuel Terapi, Kayropraktik, Fizyoterapi, Bel ve Boyun F\u0131t\u0131\u011f\u0131, Lenf\u00f6dem Tedavisi, Gyrotonic, Skolyoz, Ankara\",\"publisher\":{\"@id\":\"https:\/\/www.erdemyorukoglu.com\/en\/#\/schema\/person\/854314645f5beb1ce61d3d55971d52e1\"},\"potentialAction\":[{\"@type\":\"SearchAction\",\"target\":{\"@type\":\"EntryPoint\",\"urlTemplate\":\"https:\/\/www.erdemyorukoglu.com\/en\/?s={search_term_string}\"},\"query-input\":{\"@type\":\"PropertyValueSpecification\",\"valueRequired\":true,\"valueName\":\"search_term_string\"}}],\"inLanguage\":\"de-DE\"},{\"@type\":[\"Person\",\"Organization\"],\"@id\":\"https:\/\/www.erdemyorukoglu.com\/en\/#\/schema\/person\/854314645f5beb1ce61d3d55971d52e1\",\"name\":\"Erdem Y\u00f6r\u00fcko\u011flu\",\"image\":{\"@type\":\"ImageObject\",\"inLanguage\":\"de-DE\",\"@id\":\"https:\/\/www.erdemyorukoglu.com\/en\/#\/schema\/person\/image\/\",\"url\":\"https:\/\/www.erdemyorukoglu.com\/wp-content\/uploads\/2018\/11\/fav-icon-1.png\",\"contentUrl\":\"https:\/\/www.erdemyorukoglu.com\/wp-content\/uploads\/2018\/11\/fav-icon-1.png\",\"width\":512,\"height\":512,\"caption\":\"Erdem Y\u00f6r\u00fcko\u011flu\"},\"logo\":{\"@id\":\"https:\/\/www.erdemyorukoglu.com\/en\/#\/schema\/person\/image\/\"}}]}<\/script>\n<!-- \/ Yoast SEO plugin. -->","yoast_head_json":{"title":"GRASTONGRASTONErdem Y\u00f6r\u00fcko\u011flu \/\/ Manuel Terapi, Fizyoterapist, Ankara - GRASTON","description":"Graston Tekni\u011fi, kas mobilizasyonlar\u0131n\u0131 ger\u00e7ekle\u015ftirmek i\u00e7in paslanmaz \u00e7elik aletler kullanan patentli bir manuel terapi \u015feklidir. Esas olarak kayroprakt\u00f6rler, osteopatik doktorlar, fizyoterapistler, meslek terapistleri ve baz\u0131 lisansl\u0131 masaj terapistleri taraf\u0131ndan kullan\u0131lan bir \u00e7e\u015fit yumu\u015fak doku mobilizasyonudur.","robots":{"index":"index","follow":"follow","max-snippet":"max-snippet:-1","max-image-preview":"max-image-preview:large","max-video-preview":"max-video-preview:-1"},"canonical":"https:\/\/www.erdemyorukoglu.com\/de\/uzmanliklar\/graston\/","og_locale":"de_DE","og_type":"article","og_title":"[:tr][:tr]GRASTON[:en]GRASTON[:de]GRASTON[:] - Erdem Y\u00f6r\u00fcko\u011flu \/\/ Manuel Terapi, Fizyoterapist, Ankara[:en][:tr]GRASTON[:en]GRASTON[:de]GRASTON[:] - Erdem Y\u00f6r\u00fcko\u011flu \/\/ Manuel Terapi, Fizyoterapist, Ankara[:de]Erdem Y\u00f6r\u00fcko\u011flu \/\/ Manuel Terapi, Fizyoterapist, Ankara - [:tr]GRASTON[:en]GRASTON[:de]GRASTON[:][:]","og_description":"[:tr]Graston Tekni\u011fi, kas mobilizasyonlar\u0131n\u0131 ger\u00e7ekle\u015ftirmek i\u00e7in paslanmaz \u00e7elik aletler kullanan patentli bir manuel terapi \u015feklidir. Esas olarak kayroprakt\u00f6rler, osteopatik doktorlar, fizyoterapistler, meslek terapistleri ve baz\u0131 lisansl\u0131 masaj terapistleri taraf\u0131ndan kullan\u0131lan bir \u00e7e\u015fit yumu\u015fak doku mobilizasyonudur.[:]","og_url":"https:\/\/www.erdemyorukoglu.com\/de\/uzmanliklar\/graston\/","og_site_name":"Erdem Y\u00f6r\u00fcko\u011flu \/\/ Manuel Terapi, Fizyoterapist, Ankara","article_modified_time":"2025-08-16T14:04:21+00:00","og_image":[{"width":1200,"height":800,"url":"https:\/\/www.erdemyorukoglu.com\/wp-content\/uploads\/2019\/01\/graston_1.jpg","type":"image\/jpeg"}],"twitter_card":"summary_large_image","twitter_misc":{"Gesch\u00e4tzte Lesezeit":"1\u00a0Minute"},"schema":{"@context":"https:\/\/schema.org","@graph":[{"@type":"WebPage","@id":"https:\/\/www.erdemyorukoglu.com\/tr\/uzmanliklar\/graston\/","url":"https:\/\/www.erdemyorukoglu.com\/tr\/uzmanliklar\/graston\/","name":"GRASTONGRASTONErdem Y\u00f6r\u00fcko\u011flu \/\/ Manuel Terapi, Fizyoterapist, Ankara - GRASTON","isPartOf":{"@id":"https:\/\/www.erdemyorukoglu.com\/en\/#website"},"datePublished":"2019-01-03T22:04:31+00:00","dateModified":"2025-08-16T14:04:21+00:00","description":"Graston Tekni\u011fi, kas mobilizasyonlar\u0131n\u0131 ger\u00e7ekle\u015ftirmek i\u00e7in paslanmaz \u00e7elik aletler kullanan patentli bir manuel terapi \u015feklidir. Esas olarak kayroprakt\u00f6rler, osteopatik doktorlar, fizyoterapistler, meslek terapistleri ve baz\u0131 lisansl\u0131 masaj terapistleri taraf\u0131ndan kullan\u0131lan bir \u00e7e\u015fit yumu\u015fak doku mobilizasyonudur.","breadcrumb":{"@id":"https:\/\/www.erdemyorukoglu.com\/tr\/uzmanliklar\/graston\/#breadcrumb"},"inLanguage":"de-DE","potentialAction":[{"@type":"ReadAction","target":["https:\/\/www.erdemyorukoglu.com\/tr\/uzmanliklar\/graston\/"]}]},{"@type":"BreadcrumbList","@id":"https:\/\/www.erdemyorukoglu.com\/tr\/uzmanliklar\/graston\/#breadcrumb","itemListElement":[{"@type":"ListItem","position":1,"name":"MANUEL TERAP\u0130 ANKARA %%sep%% %%sitename%%","item":"https:\/\/www.erdemyorukoglu.com\/de\/"},{"@type":"ListItem","position":2,"name":"UZMANLIKLAR","item":"https:\/\/www.erdemyorukoglu.com\/de\/uzmanliklar\/"},{"@type":"ListItem","position":3,"name":"GRASTON"}]},{"@type":"WebSite","@id":"https:\/\/www.erdemyorukoglu.com\/en\/#website","url":"https:\/\/www.erdemyorukoglu.com\/en\/","name":"Erdem Y\u00f6r\u00fcko\u011flu \/\/ Manuel Terapi, Fizyoterapist, Ankara","description":"Manuel Terapi, Kayropraktik, Fizyoterapi, Bel ve Boyun F\u0131t\u0131\u011f\u0131, Lenf\u00f6dem Tedavisi, Gyrotonic, Skolyoz, Ankara","publisher":{"@id":"https:\/\/www.erdemyorukoglu.com\/en\/#\/schema\/person\/854314645f5beb1ce61d3d55971d52e1"},"potentialAction":[{"@type":"SearchAction","target":{"@type":"EntryPoint","urlTemplate":"https:\/\/www.erdemyorukoglu.com\/en\/?s={search_term_string}"},"query-input":{"@type":"PropertyValueSpecification","valueRequired":true,"valueName":"search_term_string"}}],"inLanguage":"de-DE"},{"@type":["Person","Organization"],"@id":"https:\/\/www.erdemyorukoglu.com\/en\/#\/schema\/person\/854314645f5beb1ce61d3d55971d52e1","name":"Erdem Y\u00f6r\u00fcko\u011flu","image":{"@type":"ImageObject","inLanguage":"de-DE","@id":"https:\/\/www.erdemyorukoglu.com\/en\/#\/schema\/person\/image\/","url":"https:\/\/www.erdemyorukoglu.com\/wp-content\/uploads\/2018\/11\/fav-icon-1.png","contentUrl":"https:\/\/www.erdemyorukoglu.com\/wp-content\/uploads\/2018\/11\/fav-icon-1.png","width":512,"height":512,"caption":"Erdem Y\u00f6r\u00fcko\u011flu"},"logo":{"@id":"https:\/\/www.erdemyorukoglu.com\/en\/#\/schema\/person\/image\/"}}]}},"_links":{"self":[{"href":"https:\/\/www.erdemyorukoglu.com\/de\/wp-json\/wp\/v2\/pages\/3203","targetHints":{"allow":["GET"]}}],"collection":[{"href":"https:\/\/www.erdemyorukoglu.com\/de\/wp-json\/wp\/v2\/pages"}],"about":[{"href":"https:\/\/www.erdemyorukoglu.com\/de\/wp-json\/wp\/v2\/types\/page"}],"author":[{"embeddable":true,"href":"https:\/\/www.erdemyorukoglu.com\/de\/wp-json\/wp\/v2\/users\/1"}],"replies":[{"embeddable":true,"href":"https:\/\/www.erdemyorukoglu.com\/de\/wp-json\/wp\/v2\/comments?post=3203"}],"version-history":[{"count":13,"href":"https:\/\/www.erdemyorukoglu.com\/de\/wp-json\/wp\/v2\/pages\/3203\/revisions"}],"predecessor-version":[{"id":3715,"href":"https:\/\/www.erdemyorukoglu.com\/de\/wp-json\/wp\/v2\/pages\/3203\/revisions\/3715"}],"up":[{"embeddable":true,"href":"https:\/\/www.erdemyorukoglu.com\/de\/wp-json\/wp\/v2\/pages\/9"}],"wp:attachment":[{"href":"https:\/\/www.erdemyorukoglu.com\/de\/wp-json\/wp\/v2\/media?parent=3203"}],"curies":[{"name":"wp","href":"https:\/\/api.w.org\/{rel}","templated":true}]}}