{"id":3234,"date":"2019-01-04T23:12:14","date_gmt":"2019-01-04T20:12:14","guid":{"rendered":"https:\/\/www.erdemyorukoglu.com\/tr\/?page_id=3234"},"modified":"2025-08-16T17:04:43","modified_gmt":"2025-08-16T14:04:43","slug":"alexander-teknigi","status":"publish","type":"page","link":"https:\/\/www.erdemyorukoglu.com\/de\/uzmanliklar\/alexander-teknigi\/","title":{"rendered":"ALEXANDER TECHNIK"},"content":{"rendered":"<div class=\"wpb-content-wrapper\">[vc_row curly_padding=&#8220;content-padding-none&#8220;][vc_column curly_padding=&#8220;content-padding&#8220;][vc_column_text]\n<h1 style=\"text-align: center;\"><strong>ALEXANDER TECHNIK<\/strong><\/h1>\n[\/vc_column_text][\/vc_column][\/vc_row][vc_row curly_padding=&#8220;content-padding-none&#8220;][vc_column curly_padding=&#8220;content-padding-none&#8220;][vc_single_image image=&#8220;3806&#8243; img_size=&#8220;full&#8220; style=&#8220;img-frame-large&#8220;][\/vc_column][\/vc_row][vc_row full_width=&#8220;stretch_row&#8220; curly_padding=&#8220;content-padding-xs&#8220;][vc_column width=&#8220;1\/2&#8243; curly_padding=&#8220;content-padding-none&#8220;][vc_single_image image=&#8220;3235&#8243; img_size=&#8220;large&#8220; style=&#8220;img-frame-large&#8220;][\/vc_column][vc_column width=&#8220;1\/2&#8243; curly_padding=&#8220;content-padding-none&#8220;][vc_column_text]Diese Technik entwickelte sich nach einer langen Zeit der Selbst\u00fcberwachung des australischen Schauspielers Frederick Matthias Alexander (1869-1955) infolge seiner Entlassung auf der B\u00fchne und der Unf\u00e4higkeit von \u00c4rzten, ihn zu heilen. Sp\u00e4ter brachte diese Technik anderen K\u00fcnstlern positive Ergebnisse und f\u00fchrte zu einer raschen Ausdehnung der Technik in der internationalen Arena.<\/p>\n<p>Nach jahrelanger Arbeit entwickelte er seine Wahrnehmung der kin\u00e4sthetischen Eigenschaften seines K\u00f6rpers (k\u00f6rperliche Intelligenz, die F\u00e4higkeit, Aktivit\u00e4ten zu einem bestimmten Zweck durch die Kombination von K\u00f6rper und Geist mit hervorragender k\u00f6rperlicher Leistung auszustellen), es gelang ihm, diese pr\u00e4ziser einzusetzen und sein mit seiner Stimme zusammenh\u00e4ngendes Leiden zu beenden . Seine chronischen Krankheiten mit Ausnahme seiner Stimmgewohnheiten, die er sein ganzes Leben lang hat, sind infolge des ordnungsgem\u00e4\u00dfen Gebrauchs seines K\u00f6rpers verschwunden. Zusammen mit seinem Bruder Albert Redden Alexander unterrichtete er sechs Jahre in Sydney, um diese Technik zu unterrichten.<\/p>\n<p>Viele Schmerzen im K\u00f6rper sind tats\u00e4chlich schon bald mit der Haltung verbunden. Wenn nichts dagegen unternommen wird, wird es zunehmend chronisch. Durch den ausgeglichenen und nat\u00fcrlichen Umgang mit dem K\u00f6rper k\u00f6nnen Schmerzen verhindert und Deformationen entgegengewirkt werden. Die eigentliche Aufgabe des Schmerzes besteht darin, uns zu warnen, dass im K\u00f6rper etwas nicht stimmt. Diese Technik kann verwendet werden, um in Zukunft viele chronische Schmerzen und Behinderungen zu verhindern.[\/vc_column_text][\/vc_column][\/vc_row]\n<\/div>","protected":false},"excerpt":{"rendered":"<p>[vc_row curly_padding=&#8220;content-padding-none&#8220;][vc_column curly_padding=&#8220;content-padding&#8220;][vc_column_text] ALEXANDER TECHNIK [\/vc_column_text][\/vc_column][\/vc_row][vc_row curly_padding=&#8220;content-padding-none&#8220;][vc_column curly_padding=&#8220;content-padding-none&#8220;][vc_single_image image=&#8220;3806&#8243; img_size=&#8220;full&#8220; style=&#8220;img-frame-large&#8220;][\/vc_column][\/vc_row][vc_row full_width=&#8220;stretch_row&#8220; curly_padding=&#8220;content-padding-xs&#8220;][vc_column width=&#8220;1\/2&#8243; curly_padding=&#8220;content-padding-none&#8220;][vc_single_image image=&#8220;3235&#8243; img_size=&#8220;large&#8220; style=&#8220;img-frame-large&#8220;][\/vc_column][vc_column width=&#8220;1\/2&#8243; curly_padding=&#8220;content-padding-none&#8220;][vc_column_text]Diese Technik entwickelte sich nach einer langen Zeit der Selbst\u00fcberwachung des australischen Schauspielers Frederick Matthias Alexander (1869-1955) infolge seiner Entlassung auf der B\u00fchne und der Unf\u00e4higkeit von \u00c4rzten, ihn zu heilen. Sp\u00e4ter brachte diese Technik anderen K\u00fcnstlern positive Ergebnisse und f\u00fchrte [&hellip;]<\/p>\n","protected":false},"author":1,"featured_media":0,"parent":9,"menu_order":0,"comment_status":"closed","ping_status":"closed","template":"","meta":{"inline_featured_image":false,"footnotes":""},"class_list":["post-3234","page","type-page","status-publish","hentry"],"yoast_head":"<!-- This site is optimized with the Yoast SEO plugin v25.7 - https:\/\/yoast.com\/wordpress\/plugins\/seo\/ -->\n<title>ALEXANDER TECHNIKALEXANDER TECHNIKErdem Y\u00f6r\u00fcko\u011flu \/\/ Manuel Terapi, Fizyoterapist, Ankara - ALEXANDER TECHNIK<\/title>\n<meta name=\"description\" content=\"Alexander Tekni\u011fi; v\u00fccuttaki pek \u00e7ok a\u011fr\u0131 asl\u0131nda duru\u015fla, post\u00fcrle yak\u0131nda ili\u015fkili oldu\u011fu ve bu konuda bir \u015fey yap\u0131lmad\u0131\u011f\u0131 takdirde artarak kronikle\u015fti\u011fini buna kar\u015f\u0131l\u0131k beden, dengeli ve do\u011fal bir \u015fekilde kullan\u0131larak a\u011fr\u0131n\u0131n engellenebildi\u011fi ve deformasyona kar\u015f\u0131 \u00e7\u0131k\u0131labildi\u011fini g\u00f6stermektedir. A\u011fr\u0131n\u0131n ger\u00e7ek g\u00f6revi bedende ters giden bir \u015feylerin oldu\u011fu konusunda bizi uyarmakt\u0131r. Gelecekte ya\u015fanabilecek pek \u00e7ok kronik a\u011fr\u0131 ve sakatl\u0131\u011f\u0131n da \u00f6n\u00fcne ge\u00e7ilmesi i\u00e7in bu teknikten yararlan\u0131labilir.\" \/>\n<meta name=\"robots\" content=\"index, follow, max-snippet:-1, max-image-preview:large, max-video-preview:-1\" \/>\n<link rel=\"canonical\" href=\"https:\/\/www.erdemyorukoglu.com\/de\/uzmanliklar\/alexander-teknigi\/\" \/>\n<meta property=\"og:locale\" content=\"de_DE\" \/>\n<meta property=\"og:locale:alternate\" content=\"tr_TR\" \/>\n<meta property=\"og:locale:alternate\" content=\"en_US\" \/>\n<meta property=\"og:type\" content=\"article\" \/>\n<meta property=\"og:title\" content=\"ALEXANDER TECHNIKALEXANDER TECHNIKErdem Y\u00f6r\u00fcko\u011flu \/\/ Manuel Terapi, Fizyoterapist, Ankara - ALEXANDER TECHNIK\" \/>\n<meta property=\"og:description\" content=\"Alexander Tekni\u011fi; v\u00fccuttaki pek \u00e7ok a\u011fr\u0131 asl\u0131nda duru\u015fla, post\u00fcrle yak\u0131nda ili\u015fkili oldu\u011fu ve bu konuda bir \u015fey yap\u0131lmad\u0131\u011f\u0131 takdirde artarak kronikle\u015fti\u011fini buna kar\u015f\u0131l\u0131k beden, dengeli ve do\u011fal bir \u015fekilde kullan\u0131larak a\u011fr\u0131n\u0131n engellenebildi\u011fi ve deformasyona kar\u015f\u0131 \u00e7\u0131k\u0131labildi\u011fini g\u00f6stermektedir. A\u011fr\u0131n\u0131n ger\u00e7ek g\u00f6revi bedende ters giden bir \u015feylerin oldu\u011fu konusunda bizi uyarmakt\u0131r. Gelecekte ya\u015fanabilecek pek \u00e7ok kronik a\u011fr\u0131 ve sakatl\u0131\u011f\u0131n da \u00f6n\u00fcne ge\u00e7ilmesi i\u00e7in bu teknikten yararlan\u0131labilir.\" \/>\n<meta property=\"og:url\" content=\"https:\/\/www.erdemyorukoglu.com\/de\/uzmanliklar\/alexander-teknigi\/\" \/>\n<meta property=\"og:site_name\" content=\"Erdem Y\u00f6r\u00fcko\u011flu \/\/ Manuel Terapi, Fizyoterapist, Ankara\" \/>\n<meta property=\"article:modified_time\" content=\"2025-08-16T14:04:43+00:00\" \/>\n<meta property=\"og:image\" content=\"https:\/\/www.erdemyorukoglu.com\/wp-content\/uploads\/2019\/01\/alexander_1.jpg\" \/>\n\t<meta property=\"og:image:width\" content=\"1200\" \/>\n\t<meta property=\"og:image:height\" content=\"800\" \/>\n\t<meta property=\"og:image:type\" content=\"image\/jpeg\" \/>\n<meta name=\"twitter:card\" content=\"summary_large_image\" \/>\n<meta name=\"twitter:label1\" content=\"Gesch\u00e4tzte Lesezeit\" \/>\n\t<meta name=\"twitter:data1\" content=\"2\u00a0Minuten\" \/>\n<script type=\"application\/ld+json\" class=\"yoast-schema-graph\">{\"@context\":\"https:\/\/schema.org\",\"@graph\":[{\"@type\":\"WebPage\",\"@id\":\"https:\/\/www.erdemyorukoglu.com\/tr\/uzmanliklar\/alexander-teknigi\/\",\"url\":\"https:\/\/www.erdemyorukoglu.com\/tr\/uzmanliklar\/alexander-teknigi\/\",\"name\":\"ALEXANDER TECHNIKALEXANDER TECHNIKErdem Y\u00f6r\u00fcko\u011flu \/\/ Manuel Terapi, Fizyoterapist, Ankara - ALEXANDER TECHNIK\",\"isPartOf\":{\"@id\":\"https:\/\/www.erdemyorukoglu.com\/en\/#website\"},\"datePublished\":\"2019-01-04T20:12:14+00:00\",\"dateModified\":\"2025-08-16T14:04:43+00:00\",\"description\":\"Alexander Tekni\u011fi; v\u00fccuttaki pek \u00e7ok a\u011fr\u0131 asl\u0131nda duru\u015fla, post\u00fcrle yak\u0131nda ili\u015fkili oldu\u011fu ve bu konuda bir \u015fey yap\u0131lmad\u0131\u011f\u0131 takdirde artarak kronikle\u015fti\u011fini buna kar\u015f\u0131l\u0131k beden, dengeli ve do\u011fal bir \u015fekilde kullan\u0131larak a\u011fr\u0131n\u0131n engellenebildi\u011fi ve deformasyona kar\u015f\u0131 \u00e7\u0131k\u0131labildi\u011fini g\u00f6stermektedir. A\u011fr\u0131n\u0131n ger\u00e7ek g\u00f6revi bedende ters giden bir \u015feylerin oldu\u011fu konusunda bizi uyarmakt\u0131r. Gelecekte ya\u015fanabilecek pek \u00e7ok kronik a\u011fr\u0131 ve sakatl\u0131\u011f\u0131n da \u00f6n\u00fcne ge\u00e7ilmesi i\u00e7in bu teknikten yararlan\u0131labilir.\",\"breadcrumb\":{\"@id\":\"https:\/\/www.erdemyorukoglu.com\/tr\/uzmanliklar\/alexander-teknigi\/#breadcrumb\"},\"inLanguage\":\"de-DE\",\"potentialAction\":[{\"@type\":\"ReadAction\",\"target\":[\"https:\/\/www.erdemyorukoglu.com\/tr\/uzmanliklar\/alexander-teknigi\/\"]}]},{\"@type\":\"BreadcrumbList\",\"@id\":\"https:\/\/www.erdemyorukoglu.com\/tr\/uzmanliklar\/alexander-teknigi\/#breadcrumb\",\"itemListElement\":[{\"@type\":\"ListItem\",\"position\":1,\"name\":\"MANUEL TERAP\u0130 ANKARA %%sep%% %%sitename%%\",\"item\":\"https:\/\/www.erdemyorukoglu.com\/de\/\"},{\"@type\":\"ListItem\",\"position\":2,\"name\":\"UZMANLIKLAR\",\"item\":\"https:\/\/www.erdemyorukoglu.com\/de\/uzmanliklar\/\"},{\"@type\":\"ListItem\",\"position\":3,\"name\":\"ALEXANDER TEKN\u0130\u011e\u0130\"}]},{\"@type\":\"WebSite\",\"@id\":\"https:\/\/www.erdemyorukoglu.com\/en\/#website\",\"url\":\"https:\/\/www.erdemyorukoglu.com\/en\/\",\"name\":\"Erdem Y\u00f6r\u00fcko\u011flu \/\/ Manuel Terapi, Fizyoterapist, Ankara\",\"description\":\"Manuel Terapi, Kayropraktik, Fizyoterapi, Bel ve Boyun F\u0131t\u0131\u011f\u0131, Lenf\u00f6dem Tedavisi, Gyrotonic, Skolyoz, Ankara\",\"publisher\":{\"@id\":\"https:\/\/www.erdemyorukoglu.com\/en\/#\/schema\/person\/854314645f5beb1ce61d3d55971d52e1\"},\"potentialAction\":[{\"@type\":\"SearchAction\",\"target\":{\"@type\":\"EntryPoint\",\"urlTemplate\":\"https:\/\/www.erdemyorukoglu.com\/en\/?s={search_term_string}\"},\"query-input\":{\"@type\":\"PropertyValueSpecification\",\"valueRequired\":true,\"valueName\":\"search_term_string\"}}],\"inLanguage\":\"de-DE\"},{\"@type\":[\"Person\",\"Organization\"],\"@id\":\"https:\/\/www.erdemyorukoglu.com\/en\/#\/schema\/person\/854314645f5beb1ce61d3d55971d52e1\",\"name\":\"Erdem Y\u00f6r\u00fcko\u011flu\",\"image\":{\"@type\":\"ImageObject\",\"inLanguage\":\"de-DE\",\"@id\":\"https:\/\/www.erdemyorukoglu.com\/en\/#\/schema\/person\/image\/\",\"url\":\"https:\/\/www.erdemyorukoglu.com\/wp-content\/uploads\/2018\/11\/fav-icon-1.png\",\"contentUrl\":\"https:\/\/www.erdemyorukoglu.com\/wp-content\/uploads\/2018\/11\/fav-icon-1.png\",\"width\":512,\"height\":512,\"caption\":\"Erdem Y\u00f6r\u00fcko\u011flu\"},\"logo\":{\"@id\":\"https:\/\/www.erdemyorukoglu.com\/en\/#\/schema\/person\/image\/\"}}]}<\/script>\n<!-- \/ Yoast SEO plugin. -->","yoast_head_json":{"title":"ALEXANDER TECHNIKALEXANDER TECHNIKErdem Y\u00f6r\u00fcko\u011flu \/\/ Manuel Terapi, Fizyoterapist, Ankara - ALEXANDER TECHNIK","description":"Alexander Tekni\u011fi; v\u00fccuttaki pek \u00e7ok a\u011fr\u0131 asl\u0131nda duru\u015fla, post\u00fcrle yak\u0131nda ili\u015fkili oldu\u011fu ve bu konuda bir \u015fey yap\u0131lmad\u0131\u011f\u0131 takdirde artarak kronikle\u015fti\u011fini buna kar\u015f\u0131l\u0131k beden, dengeli ve do\u011fal bir \u015fekilde kullan\u0131larak a\u011fr\u0131n\u0131n engellenebildi\u011fi ve deformasyona kar\u015f\u0131 \u00e7\u0131k\u0131labildi\u011fini g\u00f6stermektedir. A\u011fr\u0131n\u0131n ger\u00e7ek g\u00f6revi bedende ters giden bir \u015feylerin oldu\u011fu konusunda bizi uyarmakt\u0131r. Gelecekte ya\u015fanabilecek pek \u00e7ok kronik a\u011fr\u0131 ve sakatl\u0131\u011f\u0131n da \u00f6n\u00fcne ge\u00e7ilmesi i\u00e7in bu teknikten yararlan\u0131labilir.","robots":{"index":"index","follow":"follow","max-snippet":"max-snippet:-1","max-image-preview":"max-image-preview:large","max-video-preview":"max-video-preview:-1"},"canonical":"https:\/\/www.erdemyorukoglu.com\/de\/uzmanliklar\/alexander-teknigi\/","og_locale":"de_DE","og_type":"article","og_title":"[:tr][:tr]ALEXANDER TEKN\u0130\u011e\u0130[:en]ALEXANDER TECHNIQUE[:de]ALEXANDER TECHNIK[:] - Erdem Y\u00f6r\u00fcko\u011flu \/\/ Manuel Terapi, Fizyoterapist, Ankara[:en][:tr]ALEXANDER TEKN\u0130\u011e\u0130[:en]ALEXANDER TECHNIQUE[:de]ALEXANDER TECHNIK[:] - Erdem Y\u00f6r\u00fcko\u011flu \/\/ Manuel Terapi, Fizyoterapist, Ankara[:de]Erdem Y\u00f6r\u00fcko\u011flu \/\/ Manuel Terapi, Fizyoterapist, Ankara - [:tr]ALEXANDER TEKN\u0130\u011e\u0130[:en]ALEXANDER TECHNIQUE[:de]ALEXANDER TECHNIK[:][:]","og_description":"[:tr]Alexander Tekni\u011fi; v\u00fccuttaki pek \u00e7ok a\u011fr\u0131 asl\u0131nda duru\u015fla, post\u00fcrle yak\u0131nda ili\u015fkili oldu\u011fu ve bu konuda bir \u015fey yap\u0131lmad\u0131\u011f\u0131 takdirde artarak kronikle\u015fti\u011fini buna kar\u015f\u0131l\u0131k beden, dengeli ve do\u011fal bir \u015fekilde kullan\u0131larak a\u011fr\u0131n\u0131n engellenebildi\u011fi ve deformasyona kar\u015f\u0131 \u00e7\u0131k\u0131labildi\u011fini g\u00f6stermektedir. A\u011fr\u0131n\u0131n ger\u00e7ek g\u00f6revi bedende ters giden bir \u015feylerin oldu\u011fu konusunda bizi uyarmakt\u0131r. Gelecekte ya\u015fanabilecek pek \u00e7ok kronik a\u011fr\u0131 ve sakatl\u0131\u011f\u0131n da \u00f6n\u00fcne ge\u00e7ilmesi i\u00e7in bu teknikten yararlan\u0131labilir.[:]","og_url":"https:\/\/www.erdemyorukoglu.com\/de\/uzmanliklar\/alexander-teknigi\/","og_site_name":"Erdem Y\u00f6r\u00fcko\u011flu \/\/ Manuel Terapi, Fizyoterapist, Ankara","article_modified_time":"2025-08-16T14:04:43+00:00","og_image":[{"width":1200,"height":800,"url":"https:\/\/www.erdemyorukoglu.com\/wp-content\/uploads\/2019\/01\/alexander_1.jpg","type":"image\/jpeg"}],"twitter_card":"summary_large_image","twitter_misc":{"Gesch\u00e4tzte Lesezeit":"2\u00a0Minuten"},"schema":{"@context":"https:\/\/schema.org","@graph":[{"@type":"WebPage","@id":"https:\/\/www.erdemyorukoglu.com\/tr\/uzmanliklar\/alexander-teknigi\/","url":"https:\/\/www.erdemyorukoglu.com\/tr\/uzmanliklar\/alexander-teknigi\/","name":"ALEXANDER TECHNIKALEXANDER TECHNIKErdem Y\u00f6r\u00fcko\u011flu \/\/ Manuel Terapi, Fizyoterapist, Ankara - ALEXANDER TECHNIK","isPartOf":{"@id":"https:\/\/www.erdemyorukoglu.com\/en\/#website"},"datePublished":"2019-01-04T20:12:14+00:00","dateModified":"2025-08-16T14:04:43+00:00","description":"Alexander Tekni\u011fi; v\u00fccuttaki pek \u00e7ok a\u011fr\u0131 asl\u0131nda duru\u015fla, post\u00fcrle yak\u0131nda ili\u015fkili oldu\u011fu ve bu konuda bir \u015fey yap\u0131lmad\u0131\u011f\u0131 takdirde artarak kronikle\u015fti\u011fini buna kar\u015f\u0131l\u0131k beden, dengeli ve do\u011fal bir \u015fekilde kullan\u0131larak a\u011fr\u0131n\u0131n engellenebildi\u011fi ve deformasyona kar\u015f\u0131 \u00e7\u0131k\u0131labildi\u011fini g\u00f6stermektedir. A\u011fr\u0131n\u0131n ger\u00e7ek g\u00f6revi bedende ters giden bir \u015feylerin oldu\u011fu konusunda bizi uyarmakt\u0131r. Gelecekte ya\u015fanabilecek pek \u00e7ok kronik a\u011fr\u0131 ve sakatl\u0131\u011f\u0131n da \u00f6n\u00fcne ge\u00e7ilmesi i\u00e7in bu teknikten yararlan\u0131labilir.","breadcrumb":{"@id":"https:\/\/www.erdemyorukoglu.com\/tr\/uzmanliklar\/alexander-teknigi\/#breadcrumb"},"inLanguage":"de-DE","potentialAction":[{"@type":"ReadAction","target":["https:\/\/www.erdemyorukoglu.com\/tr\/uzmanliklar\/alexander-teknigi\/"]}]},{"@type":"BreadcrumbList","@id":"https:\/\/www.erdemyorukoglu.com\/tr\/uzmanliklar\/alexander-teknigi\/#breadcrumb","itemListElement":[{"@type":"ListItem","position":1,"name":"MANUEL TERAP\u0130 ANKARA %%sep%% %%sitename%%","item":"https:\/\/www.erdemyorukoglu.com\/de\/"},{"@type":"ListItem","position":2,"name":"UZMANLIKLAR","item":"https:\/\/www.erdemyorukoglu.com\/de\/uzmanliklar\/"},{"@type":"ListItem","position":3,"name":"ALEXANDER TEKN\u0130\u011e\u0130"}]},{"@type":"WebSite","@id":"https:\/\/www.erdemyorukoglu.com\/en\/#website","url":"https:\/\/www.erdemyorukoglu.com\/en\/","name":"Erdem Y\u00f6r\u00fcko\u011flu \/\/ Manuel Terapi, Fizyoterapist, Ankara","description":"Manuel Terapi, Kayropraktik, Fizyoterapi, Bel ve Boyun F\u0131t\u0131\u011f\u0131, Lenf\u00f6dem Tedavisi, Gyrotonic, Skolyoz, Ankara","publisher":{"@id":"https:\/\/www.erdemyorukoglu.com\/en\/#\/schema\/person\/854314645f5beb1ce61d3d55971d52e1"},"potentialAction":[{"@type":"SearchAction","target":{"@type":"EntryPoint","urlTemplate":"https:\/\/www.erdemyorukoglu.com\/en\/?s={search_term_string}"},"query-input":{"@type":"PropertyValueSpecification","valueRequired":true,"valueName":"search_term_string"}}],"inLanguage":"de-DE"},{"@type":["Person","Organization"],"@id":"https:\/\/www.erdemyorukoglu.com\/en\/#\/schema\/person\/854314645f5beb1ce61d3d55971d52e1","name":"Erdem Y\u00f6r\u00fcko\u011flu","image":{"@type":"ImageObject","inLanguage":"de-DE","@id":"https:\/\/www.erdemyorukoglu.com\/en\/#\/schema\/person\/image\/","url":"https:\/\/www.erdemyorukoglu.com\/wp-content\/uploads\/2018\/11\/fav-icon-1.png","contentUrl":"https:\/\/www.erdemyorukoglu.com\/wp-content\/uploads\/2018\/11\/fav-icon-1.png","width":512,"height":512,"caption":"Erdem Y\u00f6r\u00fcko\u011flu"},"logo":{"@id":"https:\/\/www.erdemyorukoglu.com\/en\/#\/schema\/person\/image\/"}}]}},"_links":{"self":[{"href":"https:\/\/www.erdemyorukoglu.com\/de\/wp-json\/wp\/v2\/pages\/3234","targetHints":{"allow":["GET"]}}],"collection":[{"href":"https:\/\/www.erdemyorukoglu.com\/de\/wp-json\/wp\/v2\/pages"}],"about":[{"href":"https:\/\/www.erdemyorukoglu.com\/de\/wp-json\/wp\/v2\/types\/page"}],"author":[{"embeddable":true,"href":"https:\/\/www.erdemyorukoglu.com\/de\/wp-json\/wp\/v2\/users\/1"}],"replies":[{"embeddable":true,"href":"https:\/\/www.erdemyorukoglu.com\/de\/wp-json\/wp\/v2\/comments?post=3234"}],"version-history":[{"count":19,"href":"https:\/\/www.erdemyorukoglu.com\/de\/wp-json\/wp\/v2\/pages\/3234\/revisions"}],"predecessor-version":[{"id":4075,"href":"https:\/\/www.erdemyorukoglu.com\/de\/wp-json\/wp\/v2\/pages\/3234\/revisions\/4075"}],"up":[{"embeddable":true,"href":"https:\/\/www.erdemyorukoglu.com\/de\/wp-json\/wp\/v2\/pages\/9"}],"wp:attachment":[{"href":"https:\/\/www.erdemyorukoglu.com\/de\/wp-json\/wp\/v2\/media?parent=3234"}],"curies":[{"name":"wp","href":"https:\/\/api.w.org\/{rel}","templated":true}]}}