{"id":3240,"date":"2019-01-04T23:27:50","date_gmt":"2019-01-04T20:27:50","guid":{"rendered":"https:\/\/www.erdemyorukoglu.com\/tr\/?page_id=3240"},"modified":"2025-08-16T17:06:54","modified_gmt":"2025-08-16T14:06:54","slug":"myofascial-release","status":"publish","type":"page","link":"https:\/\/www.erdemyorukoglu.com\/de\/uzmanliklar\/myofascial-release\/","title":{"rendered":"MYOFASCIAL RELEASE"},"content":{"rendered":"<div class=\"wpb-content-wrapper\">[vc_row curly_padding=&#8220;content-padding-none&#8220;][vc_column curly_padding=&#8220;content-padding&#8220;][vc_column_text]\n<h1 style=\"text-align: center;\"><strong>MYOFASCIAL RELEASE<\/strong><\/h1>\n[\/vc_column_text][\/vc_column][\/vc_row][vc_row full_height=&#8220;yes&#8220; content_placement=&#8220;middle&#8220; curly_padding=&#8220;content-padding-xs&#8220;][vc_column width=&#8220;1\/2&#8243;][vc_single_image image=&#8220;3241&#8243; img_size=&#8220;large&#8220; style=&#8220;img-frame-large&#8220;][\/vc_column][vc_column width=&#8220;1\/2&#8243; curly_padding=&#8220;content-padding-xs&#8220;][vc_column_text]Myofascial Release ist eine sichere und hochwirksame angewandte Technik, die einen leichten und kontinuierlichen Druck auf die Einschr\u00e4nkungen des myofaszialen Bindegewebes umfasst, um Schmerzen zu lindern und die Bewegung wiederherzustellen. Dieses grundlegende &#8222;Zeitelement&#8220; bezieht sich auf die viskose Str\u00f6mung und das piezoelektrische Ph\u00e4nomen: Die langsam aufgebrachte niedrige Last (leichter Druck) erm\u00f6glicht die Verl\u00e4ngerung der viskoelastischen Umgebung (Faszie).<\/p>\n<p>Trauma, Entz\u00fcndungsreaktionen und \/ oder chirurgische Eingriffe erzeugen myofasziale Einschr\u00e4nkungen, die bei schmerzempfindlichen Strukturen, die in vielen standardisierten Tests (R\u00f6ntgenstrahlen, Myelogramme, CAT-Scans) nicht gezeigt werden, einen Zugdruck von etwa 2.000 Pfund pro Quadratzoll erzeugen k\u00f6nnen. (Elektromyographie usw.)[\/vc_column_text][\/vc_column][\/vc_row][vc_row curly_padding=&#8220;content-padding-none&#8220;][vc_column curly_padding=&#8220;content-padding&#8220;][vc_single_image image=&#8220;3242&#8243; img_size=&#8220;full&#8220; style=&#8220;img-frame-large&#8220;][\/vc_column][\/vc_row][vc_row content_placement=&#8220;top&#8220; curly_padding=&#8220;content-padding-none&#8220;][vc_column width=&#8220;1\/2&#8243; curly_padding=&#8220;content-padding-none&#8220;][vc_column_text]Die Verwendung von Myofascial Release erm\u00f6glicht es uns, jeden Patienten als eine einzigartige Person zu betrachten. Unsere Einzeltherapiesitzungen sind angewandte Therapien, bei denen unsere Therapeuten zahlreiche myofasziale Freisetzungstechniken und Bewegungstherapien anwenden. Wir f\u00f6rdern die Unabh\u00e4ngigkeit durch \u00dcbungen in geeigneten K\u00f6rpermechanik und Bewegung, Selbstbehandlungsanweisungen, erh\u00f6hte Kraft, verbesserte Flexibilit\u00e4t und Haltungs- und Bewegungsbewusstsein.[\/vc_column_text][\/vc_column][vc_column width=&#8220;1\/2&#8243; curly_padding=&#8220;content-padding-none&#8220;][vc_column_text]<strong>Angewandte Behandlung<\/strong><\/p>\n<p>Jede Myofascial Release Treatment-Sitzung wird ohne \u00d6l, Creme oder Maschine direkt auf der Haut durchgef\u00fchrt. Dies erm\u00f6glicht es dem Therapeuten, Gesichtsbeschr\u00e4nkungen genau zu erkennen und einen angemessenen kontinuierlichen Druck auszu\u00fcben, um die Faszienfreisetzung zu erleichtern.[\/vc_column_text][\/vc_column][\/vc_row]\n<\/div>","protected":false},"excerpt":{"rendered":"<p>[vc_row curly_padding=&#8220;content-padding-none&#8220;][vc_column curly_padding=&#8220;content-padding&#8220;][vc_column_text] MYOFASCIAL RELEASE [\/vc_column_text][\/vc_column][\/vc_row][vc_row full_height=&#8220;yes&#8220; content_placement=&#8220;middle&#8220; curly_padding=&#8220;content-padding-xs&#8220;][vc_column width=&#8220;1\/2&#8243;][vc_single_image image=&#8220;3241&#8243; img_size=&#8220;large&#8220; style=&#8220;img-frame-large&#8220;][\/vc_column][vc_column width=&#8220;1\/2&#8243; curly_padding=&#8220;content-padding-xs&#8220;][vc_column_text]Myofascial Release ist eine sichere und hochwirksame angewandte Technik, die einen leichten und kontinuierlichen Druck auf die Einschr\u00e4nkungen des myofaszialen Bindegewebes umfasst, um Schmerzen zu lindern und die Bewegung wiederherzustellen. Dieses grundlegende &#8222;Zeitelement&#8220; bezieht sich auf die viskose Str\u00f6mung und das piezoelektrische Ph\u00e4nomen: Die langsam aufgebrachte [&hellip;]<\/p>\n","protected":false},"author":1,"featured_media":0,"parent":9,"menu_order":0,"comment_status":"closed","ping_status":"closed","template":"","meta":{"inline_featured_image":false,"footnotes":""},"class_list":["post-3240","page","type-page","status-publish","hentry"],"yoast_head":"<!-- This site is optimized with the Yoast SEO plugin v27.5 - https:\/\/yoast.com\/product\/yoast-seo-wordpress\/ -->\n<title>MYOFASCIAL RELEASEMYOFASCIAL RELEASEErdem Y\u00f6r\u00fcko\u011flu \/\/ Manuel Terapi, Fizyoterapist, Ankara - MYOFASCIAL RELEASE<\/title>\n<meta name=\"description\" content=\"Myofascial Release, a\u011fr\u0131y\u0131 gidermek ve hareketi geri almak i\u00e7in Myofascial ba\u011f dokusu k\u0131s\u0131tlamalar\u0131na hafif ve s\u00fcrekli bir bas\u0131n\u00e7 uygulamay\u0131 i\u00e7eren g\u00fcvenli ve \u00e7ok etkili bir uygulamal\u0131 tekniktir. Bu temel \u201czaman eleman\u0131\u201d viskoz ak\u0131\u015f ve piezoelektrik fenomen ile ilgilidir: yava\u015f uygulanan d\u00fc\u015f\u00fck y\u00fck (hafif bas\u0131n\u00e7), viskoelastik ortam\u0131n (fasya) uzamas\u0131n\u0131 sa\u011flar.\" \/>\n<meta name=\"robots\" content=\"index, follow, max-snippet:-1, max-image-preview:large, max-video-preview:-1\" \/>\n<link rel=\"canonical\" href=\"https:\/\/www.erdemyorukoglu.com\/de\/uzmanliklar\/myofascial-release\/\" \/>\n<meta property=\"og:locale\" content=\"de_DE\" \/>\n<meta property=\"og:locale:alternate\" content=\"tr_TR\" \/>\n<meta property=\"og:locale:alternate\" content=\"en_US\" \/>\n<meta property=\"og:type\" content=\"article\" \/>\n<meta property=\"og:title\" content=\"MYOFASCIAL RELEASEMYOFASCIAL RELEASEErdem Y\u00f6r\u00fcko\u011flu \/\/ Manuel Terapi, Fizyoterapist, Ankara - MYOFASCIAL RELEASE\" \/>\n<meta property=\"og:description\" content=\"Myofascial Release, a\u011fr\u0131y\u0131 gidermek ve hareketi geri almak i\u00e7in Myofascial ba\u011f dokusu k\u0131s\u0131tlamalar\u0131na hafif ve s\u00fcrekli bir bas\u0131n\u00e7 uygulamay\u0131 i\u00e7eren g\u00fcvenli ve \u00e7ok etkili bir uygulamal\u0131 tekniktir. Bu temel \u201czaman eleman\u0131\u201d viskoz ak\u0131\u015f ve piezoelektrik fenomen ile ilgilidir: yava\u015f uygulanan d\u00fc\u015f\u00fck y\u00fck (hafif bas\u0131n\u00e7), viskoelastik ortam\u0131n (fasya) uzamas\u0131n\u0131 sa\u011flar.\" \/>\n<meta property=\"og:url\" content=\"https:\/\/www.erdemyorukoglu.com\/de\/uzmanliklar\/myofascial-release\/\" \/>\n<meta property=\"og:site_name\" content=\"Erdem Y\u00f6r\u00fcko\u011flu \/\/ Manuel Terapi, Fizyoterapist, Ankara\" \/>\n<meta property=\"article:modified_time\" content=\"2025-08-16T14:06:54+00:00\" \/>\n<meta property=\"og:image\" content=\"https:\/\/www.erdemyorukoglu.com\/wp-content\/uploads\/2019\/01\/myofascial_1.jpg\" \/>\n\t<meta property=\"og:image:width\" content=\"1200\" \/>\n\t<meta property=\"og:image:height\" content=\"800\" \/>\n\t<meta property=\"og:image:type\" content=\"image\/jpeg\" \/>\n<meta name=\"twitter:card\" content=\"summary_large_image\" \/>\n<meta name=\"twitter:label1\" content=\"Gesch\u00e4tzte Lesezeit\" \/>\n\t<meta name=\"twitter:data1\" content=\"2\u00a0Minuten\" \/>\n<script type=\"application\/ld+json\" class=\"yoast-schema-graph\">{\"@context\":\"https:\\\/\\\/schema.org\",\"@graph\":[{\"@type\":\"WebPage\",\"@id\":\"https:\\\/\\\/www.erdemyorukoglu.com\\\/tr\\\/uzmanliklar\\\/myofascial-release\\\/\",\"url\":\"https:\\\/\\\/www.erdemyorukoglu.com\\\/tr\\\/uzmanliklar\\\/myofascial-release\\\/\",\"name\":\"MYOFASCIAL RELEASEMYOFASCIAL RELEASEErdem Y\u00f6r\u00fcko\u011flu \\\/\\\/ Manuel Terapi, Fizyoterapist, Ankara - MYOFASCIAL RELEASE\",\"isPartOf\":{\"@id\":\"https:\\\/\\\/www.erdemyorukoglu.com\\\/en\\\/#website\"},\"datePublished\":\"2019-01-04T20:27:50+00:00\",\"dateModified\":\"2025-08-16T14:06:54+00:00\",\"description\":\"Myofascial Release, a\u011fr\u0131y\u0131 gidermek ve hareketi geri almak i\u00e7in Myofascial ba\u011f dokusu k\u0131s\u0131tlamalar\u0131na hafif ve s\u00fcrekli bir bas\u0131n\u00e7 uygulamay\u0131 i\u00e7eren g\u00fcvenli ve \u00e7ok etkili bir uygulamal\u0131 tekniktir. Bu temel \u201czaman eleman\u0131\u201d viskoz ak\u0131\u015f ve piezoelektrik fenomen ile ilgilidir: yava\u015f uygulanan d\u00fc\u015f\u00fck y\u00fck (hafif bas\u0131n\u00e7), viskoelastik ortam\u0131n (fasya) uzamas\u0131n\u0131 sa\u011flar.\",\"breadcrumb\":{\"@id\":\"https:\\\/\\\/www.erdemyorukoglu.com\\\/tr\\\/uzmanliklar\\\/myofascial-release\\\/#breadcrumb\"},\"inLanguage\":\"de-DE\",\"potentialAction\":[{\"@type\":\"ReadAction\",\"target\":[\"https:\\\/\\\/www.erdemyorukoglu.com\\\/tr\\\/uzmanliklar\\\/myofascial-release\\\/\"]}]},{\"@type\":\"BreadcrumbList\",\"@id\":\"https:\\\/\\\/www.erdemyorukoglu.com\\\/tr\\\/uzmanliklar\\\/myofascial-release\\\/#breadcrumb\",\"itemListElement\":[{\"@type\":\"ListItem\",\"position\":1,\"name\":\"MANUEL TERAP\u0130 ANKARA %%sep%% %%sitename%%\",\"item\":\"https:\\\/\\\/www.erdemyorukoglu.com\\\/de\\\/\"},{\"@type\":\"ListItem\",\"position\":2,\"name\":\"UZMANLIKLAR\",\"item\":\"https:\\\/\\\/www.erdemyorukoglu.com\\\/de\\\/uzmanliklar\\\/\"},{\"@type\":\"ListItem\",\"position\":3,\"name\":\"MYOFASCIAL RELEASE\"}]},{\"@type\":\"WebSite\",\"@id\":\"https:\\\/\\\/www.erdemyorukoglu.com\\\/en\\\/#website\",\"url\":\"https:\\\/\\\/www.erdemyorukoglu.com\\\/en\\\/\",\"name\":\"Erdem Y\u00f6r\u00fcko\u011flu \\\/\\\/ Manuel Terapi, Fizyoterapist, Ankara\",\"description\":\"Manuel Terapi, Kayropraktik, Fizyoterapi, Bel ve Boyun F\u0131t\u0131\u011f\u0131, Lenf\u00f6dem Tedavisi, Gyrotonic, Skolyoz, Ankara\",\"publisher\":{\"@id\":\"https:\\\/\\\/www.erdemyorukoglu.com\\\/en\\\/#\\\/schema\\\/person\\\/854314645f5beb1ce61d3d55971d52e1\"},\"potentialAction\":[{\"@type\":\"SearchAction\",\"target\":{\"@type\":\"EntryPoint\",\"urlTemplate\":\"https:\\\/\\\/www.erdemyorukoglu.com\\\/en\\\/?s={search_term_string}\"},\"query-input\":{\"@type\":\"PropertyValueSpecification\",\"valueRequired\":true,\"valueName\":\"search_term_string\"}}],\"inLanguage\":\"de-DE\"},{\"@type\":[\"Person\",\"Organization\"],\"@id\":\"https:\\\/\\\/www.erdemyorukoglu.com\\\/en\\\/#\\\/schema\\\/person\\\/854314645f5beb1ce61d3d55971d52e1\",\"name\":\"Erdem Y\u00f6r\u00fcko\u011flu\",\"image\":{\"@type\":\"ImageObject\",\"inLanguage\":\"de-DE\",\"@id\":\"https:\\\/\\\/www.erdemyorukoglu.com\\\/wp-content\\\/uploads\\\/2018\\\/11\\\/fav-icon-1.png\",\"url\":\"https:\\\/\\\/www.erdemyorukoglu.com\\\/wp-content\\\/uploads\\\/2018\\\/11\\\/fav-icon-1.png\",\"contentUrl\":\"https:\\\/\\\/www.erdemyorukoglu.com\\\/wp-content\\\/uploads\\\/2018\\\/11\\\/fav-icon-1.png\",\"width\":512,\"height\":512,\"caption\":\"Erdem Y\u00f6r\u00fcko\u011flu\"},\"logo\":{\"@id\":\"https:\\\/\\\/www.erdemyorukoglu.com\\\/wp-content\\\/uploads\\\/2018\\\/11\\\/fav-icon-1.png\"}}]}<\/script>\n<!-- \/ Yoast SEO plugin. -->","yoast_head_json":{"title":"MYOFASCIAL RELEASEMYOFASCIAL RELEASEErdem Y\u00f6r\u00fcko\u011flu \/\/ Manuel Terapi, Fizyoterapist, Ankara - MYOFASCIAL RELEASE","description":"Myofascial Release, a\u011fr\u0131y\u0131 gidermek ve hareketi geri almak i\u00e7in Myofascial ba\u011f dokusu k\u0131s\u0131tlamalar\u0131na hafif ve s\u00fcrekli bir bas\u0131n\u00e7 uygulamay\u0131 i\u00e7eren g\u00fcvenli ve \u00e7ok etkili bir uygulamal\u0131 tekniktir. Bu temel \u201czaman eleman\u0131\u201d viskoz ak\u0131\u015f ve piezoelektrik fenomen ile ilgilidir: yava\u015f uygulanan d\u00fc\u015f\u00fck y\u00fck (hafif bas\u0131n\u00e7), viskoelastik ortam\u0131n (fasya) uzamas\u0131n\u0131 sa\u011flar.","robots":{"index":"index","follow":"follow","max-snippet":"max-snippet:-1","max-image-preview":"max-image-preview:large","max-video-preview":"max-video-preview:-1"},"canonical":"https:\/\/www.erdemyorukoglu.com\/de\/uzmanliklar\/myofascial-release\/","og_locale":"de_DE","og_type":"article","og_title":"[:tr][:tr]MYOFASCIAL RELEASE[:en]MYOFASCIAL RELEASE[:de]MYOFASCIAL RELEASE[:] - Erdem Y\u00f6r\u00fcko\u011flu \/\/ Manuel Terapi, Fizyoterapist, Ankara[:en][:tr]MYOFASCIAL RELEASE[:en]MYOFASCIAL RELEASE[:de]MYOFASCIAL RELEASE[:] - Erdem Y\u00f6r\u00fcko\u011flu \/\/ Manuel Terapi, Fizyoterapist, Ankara[:de]Erdem Y\u00f6r\u00fcko\u011flu \/\/ Manuel Terapi, Fizyoterapist, Ankara - [:tr]MYOFASCIAL RELEASE[:en]MYOFASCIAL RELEASE[:de]MYOFASCIAL RELEASE[:][:]","og_description":"[:tr]Myofascial Release, a\u011fr\u0131y\u0131 gidermek ve hareketi geri almak i\u00e7in Myofascial ba\u011f dokusu k\u0131s\u0131tlamalar\u0131na hafif ve s\u00fcrekli bir bas\u0131n\u00e7 uygulamay\u0131 i\u00e7eren g\u00fcvenli ve \u00e7ok etkili bir uygulamal\u0131 tekniktir. Bu temel \u201czaman eleman\u0131\u201d viskoz ak\u0131\u015f ve piezoelektrik fenomen ile ilgilidir: yava\u015f uygulanan d\u00fc\u015f\u00fck y\u00fck (hafif bas\u0131n\u00e7), viskoelastik ortam\u0131n (fasya) uzamas\u0131n\u0131 sa\u011flar.[:]","og_url":"https:\/\/www.erdemyorukoglu.com\/de\/uzmanliklar\/myofascial-release\/","og_site_name":"Erdem Y\u00f6r\u00fcko\u011flu \/\/ Manuel Terapi, Fizyoterapist, Ankara","article_modified_time":"2025-08-16T14:06:54+00:00","og_image":[{"width":1200,"height":800,"url":"https:\/\/www.erdemyorukoglu.com\/wp-content\/uploads\/2019\/01\/myofascial_1.jpg","type":"image\/jpeg"}],"twitter_card":"summary_large_image","twitter_misc":{"Gesch\u00e4tzte Lesezeit":"2\u00a0Minuten"},"schema":{"@context":"https:\/\/schema.org","@graph":[{"@type":"WebPage","@id":"https:\/\/www.erdemyorukoglu.com\/tr\/uzmanliklar\/myofascial-release\/","url":"https:\/\/www.erdemyorukoglu.com\/tr\/uzmanliklar\/myofascial-release\/","name":"MYOFASCIAL RELEASEMYOFASCIAL RELEASEErdem Y\u00f6r\u00fcko\u011flu \/\/ Manuel Terapi, Fizyoterapist, Ankara - MYOFASCIAL RELEASE","isPartOf":{"@id":"https:\/\/www.erdemyorukoglu.com\/en\/#website"},"datePublished":"2019-01-04T20:27:50+00:00","dateModified":"2025-08-16T14:06:54+00:00","description":"Myofascial Release, a\u011fr\u0131y\u0131 gidermek ve hareketi geri almak i\u00e7in Myofascial ba\u011f dokusu k\u0131s\u0131tlamalar\u0131na hafif ve s\u00fcrekli bir bas\u0131n\u00e7 uygulamay\u0131 i\u00e7eren g\u00fcvenli ve \u00e7ok etkili bir uygulamal\u0131 tekniktir. Bu temel \u201czaman eleman\u0131\u201d viskoz ak\u0131\u015f ve piezoelektrik fenomen ile ilgilidir: yava\u015f uygulanan d\u00fc\u015f\u00fck y\u00fck (hafif bas\u0131n\u00e7), viskoelastik ortam\u0131n (fasya) uzamas\u0131n\u0131 sa\u011flar.","breadcrumb":{"@id":"https:\/\/www.erdemyorukoglu.com\/tr\/uzmanliklar\/myofascial-release\/#breadcrumb"},"inLanguage":"de-DE","potentialAction":[{"@type":"ReadAction","target":["https:\/\/www.erdemyorukoglu.com\/tr\/uzmanliklar\/myofascial-release\/"]}]},{"@type":"BreadcrumbList","@id":"https:\/\/www.erdemyorukoglu.com\/tr\/uzmanliklar\/myofascial-release\/#breadcrumb","itemListElement":[{"@type":"ListItem","position":1,"name":"MANUEL TERAP\u0130 ANKARA %%sep%% %%sitename%%","item":"https:\/\/www.erdemyorukoglu.com\/de\/"},{"@type":"ListItem","position":2,"name":"UZMANLIKLAR","item":"https:\/\/www.erdemyorukoglu.com\/de\/uzmanliklar\/"},{"@type":"ListItem","position":3,"name":"MYOFASCIAL RELEASE"}]},{"@type":"WebSite","@id":"https:\/\/www.erdemyorukoglu.com\/en\/#website","url":"https:\/\/www.erdemyorukoglu.com\/en\/","name":"Erdem Y\u00f6r\u00fcko\u011flu \/\/ Manuel Terapi, Fizyoterapist, Ankara","description":"Manuel Terapi, Kayropraktik, Fizyoterapi, Bel ve Boyun F\u0131t\u0131\u011f\u0131, Lenf\u00f6dem Tedavisi, Gyrotonic, Skolyoz, Ankara","publisher":{"@id":"https:\/\/www.erdemyorukoglu.com\/en\/#\/schema\/person\/854314645f5beb1ce61d3d55971d52e1"},"potentialAction":[{"@type":"SearchAction","target":{"@type":"EntryPoint","urlTemplate":"https:\/\/www.erdemyorukoglu.com\/en\/?s={search_term_string}"},"query-input":{"@type":"PropertyValueSpecification","valueRequired":true,"valueName":"search_term_string"}}],"inLanguage":"de-DE"},{"@type":["Person","Organization"],"@id":"https:\/\/www.erdemyorukoglu.com\/en\/#\/schema\/person\/854314645f5beb1ce61d3d55971d52e1","name":"Erdem Y\u00f6r\u00fcko\u011flu","image":{"@type":"ImageObject","inLanguage":"de-DE","@id":"https:\/\/www.erdemyorukoglu.com\/wp-content\/uploads\/2018\/11\/fav-icon-1.png","url":"https:\/\/www.erdemyorukoglu.com\/wp-content\/uploads\/2018\/11\/fav-icon-1.png","contentUrl":"https:\/\/www.erdemyorukoglu.com\/wp-content\/uploads\/2018\/11\/fav-icon-1.png","width":512,"height":512,"caption":"Erdem Y\u00f6r\u00fcko\u011flu"},"logo":{"@id":"https:\/\/www.erdemyorukoglu.com\/wp-content\/uploads\/2018\/11\/fav-icon-1.png"}}]}},"_links":{"self":[{"href":"https:\/\/www.erdemyorukoglu.com\/de\/wp-json\/wp\/v2\/pages\/3240","targetHints":{"allow":["GET"]}}],"collection":[{"href":"https:\/\/www.erdemyorukoglu.com\/de\/wp-json\/wp\/v2\/pages"}],"about":[{"href":"https:\/\/www.erdemyorukoglu.com\/de\/wp-json\/wp\/v2\/types\/page"}],"author":[{"embeddable":true,"href":"https:\/\/www.erdemyorukoglu.com\/de\/wp-json\/wp\/v2\/users\/1"}],"replies":[{"embeddable":true,"href":"https:\/\/www.erdemyorukoglu.com\/de\/wp-json\/wp\/v2\/comments?post=3240"}],"version-history":[{"count":21,"href":"https:\/\/www.erdemyorukoglu.com\/de\/wp-json\/wp\/v2\/pages\/3240\/revisions"}],"predecessor-version":[{"id":12078,"href":"https:\/\/www.erdemyorukoglu.com\/de\/wp-json\/wp\/v2\/pages\/3240\/revisions\/12078"}],"up":[{"embeddable":true,"href":"https:\/\/www.erdemyorukoglu.com\/de\/wp-json\/wp\/v2\/pages\/9"}],"wp:attachment":[{"href":"https:\/\/www.erdemyorukoglu.com\/de\/wp-json\/wp\/v2\/media?parent=3240"}],"curies":[{"name":"wp","href":"https:\/\/api.w.org\/{rel}","templated":true}]}}