{"id":3250,"date":"2019-01-04T23:55:58","date_gmt":"2019-01-04T20:55:58","guid":{"rendered":"https:\/\/www.erdemyorukoglu.com\/tr\/?page_id=3250"},"modified":"2025-08-16T17:03:15","modified_gmt":"2025-08-16T14:03:15","slug":"functional_movement_screen","status":"publish","type":"page","link":"https:\/\/www.erdemyorukoglu.com\/de\/uzmanliklar\/functional_movement_screen\/","title":{"rendered":"FMS \/  Funktionale Bewegung Bildschirm"},"content":{"rendered":"<div class=\"wpb-content-wrapper\">[vc_row curly_padding=&#8220;content-padding-none&#8220;][vc_column curly_padding=&#8220;content-padding&#8220;][vc_column_text]\n<h1 style=\"text-align: center;\"><strong>FMS\u00a0<\/strong><strong>(Funktionale Bewegung Bildschirm)<\/strong><\/h1>\n[\/vc_column_text][\/vc_column][\/vc_row][vc_row content_placement=&#8220;middle&#8220; curly_padding=&#8220;content-padding-none&#8220;][vc_column width=&#8220;1\/2&#8243;][vc_single_image image=&#8220;3251&#8243; img_size=&#8220;large&#8220; style=&#8220;img-frame-large&#8220;][\/vc_column][vc_column width=&#8220;1\/2&#8243; curly_padding=&#8220;content-padding-xs&#8220;][vc_column_text]Das FMS bef\u00fcrwortet die erste Mobilisierung, dann die Stabilisierung, dann muss die korrekte Bewegung und die letzte Kraft geladen werden.<\/p>\n<p>FMS; Schwache neuromuskul\u00e4re Kontrolle ist ein System zur Beurteilung der Qualit\u00e4t des Bewegungsmusters bei Sportlern, da davon ausgegangen wird, dass es das Risiko einer akuten Verletzung erh\u00f6ht. (1) Zum Schutz vor Verletzungen und zur Steigerung der Leistungsf\u00e4higkeit des Sports sind bei k\u00f6rperlichen Aktivit\u00e4ten und Sportveranstaltungen korrekte Bewegungsmuster erforderlich. Aus diesem Grund zahlen Fu\u00dfballvereine eine Million Dollar, um zu verhindern, dass Fu\u00dfballspieler Ma\u00dfnahmen ergreifen. Das FMS ist ein sehr seri\u00f6ser Leitfaden f\u00fcr Sportfachleute, die in Sportvereinen arbeiten.<\/p>\n<p>Bei dem von Gray Cook, Lee Burton und Keith Fields entwickelten System handelt es sich um eine Modellierung von \u00dcbungen, die auf fehlerhaften Bewegungsmustern bei Sportlern und k\u00f6rperlicher Aktivit\u00e4t basiert, indem Muskelungleichgewichte und einige wichtige Bewegungsbeschr\u00e4nkungen ermittelt und diese Einschr\u00e4nkungen korrigiert werden. M\u00e4ngel, die w\u00e4hrend der Bewegung auftreten, sollten bewertet werden. Nach dieser Bewertung, dem Herzst\u00fcck des FMS-Systems, werden Corrective Exercise-Anwendungen eingef\u00fchrt. Diese Korrekturma\u00dfnahmen werden regelm\u00e4\u00dfig innerhalb des FMS-Systems angewendet, um das vorhandene Problem des Athleten zu beheben. Das Training vor oder w\u00e4hrend der Saison verringert das Verletzungspotenzial von Sportlern. Bevor Sportler auf ein Ziel gerichtet oder in ein Wettkampfumfeld gebracht werden, muss der K\u00f6rper frei von Einschr\u00e4nkungen sein und die Ungleichgewichte m\u00fcssen beseitigt werden.<\/p>\n<p>Das FMS erkennt die Grenzen in den oberen, unteren, rechten, linken und hinteren K\u00f6rperteilen durch 7 Bewegungen.<\/p>\n<ol>\n<li>Tiefe Hocke<\/li>\n<li>High Step<\/li>\n<li>Cross Step<\/li>\n<li>Schultermobilit\u00e4t<\/li>\n<li>Aktives flaches Beinheben<\/li>\n<li>K\u00f6rperstabilit\u00e4t<\/li>\n<li>Rotationsstabilit\u00e4t<\/li>\n<\/ol>\n[\/vc_column_text][\/vc_column][\/vc_row][vc_row full_width=&#8220;stretch_row&#8220; curly_padding=&#8220;content-padding-none&#8220;][vc_column curly_padding=&#8220;content-padding&#8220;][vc_single_image image=&#8220;3253&#8243; img_size=&#8220;full&#8220; alignment=&#8220;center&#8220; style=&#8220;img-frame-large&#8220;][\/vc_column][\/vc_row][vc_row full_height=&#8220;yes&#8220; columns_placement=&#8220;top&#8220; content_placement=&#8220;top&#8220; curly_padding=&#8220;content-padding-none&#8220;][vc_column width=&#8220;1\/2&#8243;][vc_single_image image=&#8220;3252&#8243; img_size=&#8220;large&#8220; style=&#8220;img-frame-large&#8220;][\/vc_column][vc_column width=&#8220;1\/2&#8243; curly_padding=&#8220;content-padding-xs&#8220;][vc_column_text]Die FMS-Bewertung basiert auf einem 7-Punkte-Bewertungssystem. Die Athleten erhalten f\u00fcr jeden Zug einen Punkt. Die schmerzfreie und perfekte Anwendung der Bewegung entspricht 3 Punkten. Die Bewegung erh\u00e4lt 2 Punkte mit einigen Kompensationen und schmerzlos. Wenn die Bewegung vollst\u00e4ndig fehlschl\u00e4gt, erh\u00e4lt sie 1 Punkt. Wenn Sie w\u00e4hrend der Anwendung Schmerzen versp\u00fcren, erhalten Sie 0 Punkte. (2) Der Athlet, der die gesamte Pr\u00fcfung ohne Schmerzen und perfekte Bewegungen durchf\u00fchrt, kann 21 Punkte sammeln. Diese Bewertung bestimmt die Korrektur\u00fcbung f\u00fcr den Athleten.<\/p>\n<p>Die 7 funktionalen Bewegungen innerhalb des FMS-Systems repr\u00e4sentieren die Bewegungen des menschlichen K\u00f6rpers im Bewegungsapparat. Diese Bewegungen finden immer mehr im Fu\u00dfballspiel statt. Bewegungen wie Gehen, Laufen, Springen und seitliches Gleiten erh\u00f6hen die Verletzungsgefahr, wenn sie nicht im richtigen Muster angewendet werden.<\/p>\n<p>FMS ist im Grunde genommen; Erstens sind alle K\u00f6rpergelenke beweglich. Dann muss die statische und dynamische Stabilisierung dieser Gelenke glatt sein, was besonders bei Sportarten wichtig ist, bei denen pl\u00f6tzliche Kurven wie Fu\u00dfball, Beschleunigung und Verz\u00f6gerung auftreten. Ein stabiles Gelenk kann dann die richtige Bewegung perfekt ausf\u00fchren. Wenn diese drei Themen das gew\u00fcnschte Niveau erreichen, sollte jedoch ein Krafttraining durchgef\u00fchrt werden. Kurz gesagt, das FMS bef\u00fcrwortet die erste Mobilisierung, dann die Stabilisierung, dann die korrekte Bewegung und die letzte Kraft.[\/vc_column_text][\/vc_column][\/vc_row]\n<\/div>","protected":false},"excerpt":{"rendered":"<p>[vc_row curly_padding=&#8220;content-padding-none&#8220;][vc_column curly_padding=&#8220;content-padding&#8220;][vc_column_text] FMS\u00a0(Funktionale Bewegung Bildschirm) [\/vc_column_text][\/vc_column][\/vc_row][vc_row content_placement=&#8220;middle&#8220; curly_padding=&#8220;content-padding-none&#8220;][vc_column width=&#8220;1\/2&#8243;][vc_single_image image=&#8220;3251&#8243; img_size=&#8220;large&#8220; style=&#8220;img-frame-large&#8220;][\/vc_column][vc_column width=&#8220;1\/2&#8243; curly_padding=&#8220;content-padding-xs&#8220;][vc_column_text]Das FMS bef\u00fcrwortet die erste Mobilisierung, dann die Stabilisierung, dann muss die korrekte Bewegung und die letzte Kraft geladen werden. FMS; Schwache neuromuskul\u00e4re Kontrolle ist ein System zur Beurteilung der Qualit\u00e4t des Bewegungsmusters bei Sportlern, da davon ausgegangen wird, dass es das Risiko einer akuten Verletzung [&hellip;]<\/p>\n","protected":false},"author":1,"featured_media":0,"parent":9,"menu_order":0,"comment_status":"closed","ping_status":"closed","template":"","meta":{"inline_featured_image":false,"footnotes":""},"class_list":["post-3250","page","type-page","status-publish","hentry"],"yoast_head":"<!-- This site is optimized with the Yoast SEO plugin v25.7 - https:\/\/yoast.com\/wordpress\/plugins\/seo\/ -->\n<title>FMS \/ Funktionale Bewegung BildschirmFMS \/ Funktionale Bewegung BildschirmErdem Y\u00f6r\u00fcko\u011flu \/\/ Manuel Terapi, Fizyoterapist, Ankara - FMS \/ Funktionale Bewegung Bildschirm<\/title>\n<meta name=\"description\" content=\"FMS; zay\u0131f n\u00f6rom\u00fcsk\u00fcler kontrol\u00fcn, akut yaralanma riskini artt\u0131rd\u0131\u011f\u0131 d\u00fc\u015f\u00fcn\u00fcld\u00fc\u011f\u00fc i\u00e7in atletlerde hareket paterni kalitesini de\u011ferlendirmek i\u00e7in kullan\u0131lan bir sistemdir.\" \/>\n<meta name=\"robots\" content=\"index, follow, max-snippet:-1, max-image-preview:large, max-video-preview:-1\" \/>\n<link rel=\"canonical\" href=\"https:\/\/www.erdemyorukoglu.com\/de\/uzmanliklar\/functional_movement_screen\/\" \/>\n<meta property=\"og:locale\" content=\"de_DE\" \/>\n<meta property=\"og:locale:alternate\" content=\"tr_TR\" \/>\n<meta property=\"og:locale:alternate\" content=\"en_US\" \/>\n<meta property=\"og:type\" content=\"article\" \/>\n<meta property=\"og:title\" content=\"FMS \/ Funktionale Bewegung BildschirmFMS \/ Funktionale Bewegung BildschirmErdem Y\u00f6r\u00fcko\u011flu \/\/ Manuel Terapi, Fizyoterapist, Ankara - FMS \/ Funktionale Bewegung Bildschirm\" \/>\n<meta property=\"og:description\" content=\"FMS; zay\u0131f n\u00f6rom\u00fcsk\u00fcler kontrol\u00fcn, akut yaralanma riskini artt\u0131rd\u0131\u011f\u0131 d\u00fc\u015f\u00fcn\u00fcld\u00fc\u011f\u00fc i\u00e7in atletlerde hareket paterni kalitesini de\u011ferlendirmek i\u00e7in kullan\u0131lan bir sistemdir.\" \/>\n<meta property=\"og:url\" content=\"https:\/\/www.erdemyorukoglu.com\/de\/uzmanliklar\/functional_movement_screen\/\" \/>\n<meta property=\"og:site_name\" content=\"Erdem Y\u00f6r\u00fcko\u011flu \/\/ Manuel Terapi, Fizyoterapist, Ankara\" \/>\n<meta property=\"article:modified_time\" content=\"2025-08-16T14:03:15+00:00\" \/>\n<meta property=\"og:image\" content=\"https:\/\/www.erdemyorukoglu.com\/wp-content\/uploads\/2019\/01\/fms_2.jpg\" \/>\n\t<meta property=\"og:image:width\" content=\"800\" \/>\n\t<meta property=\"og:image:height\" content=\"1200\" \/>\n\t<meta property=\"og:image:type\" content=\"image\/jpeg\" \/>\n<meta name=\"twitter:card\" content=\"summary_large_image\" \/>\n<meta name=\"twitter:image\" content=\"https:\/\/www.erdemyorukoglu.com\/wp-content\/uploads\/2019\/01\/fms_2.jpg\" \/>\n<meta name=\"twitter:label1\" content=\"Gesch\u00e4tzte Lesezeit\" \/>\n\t<meta name=\"twitter:data1\" content=\"3\u00a0Minuten\" \/>\n<script type=\"application\/ld+json\" class=\"yoast-schema-graph\">{\"@context\":\"https:\/\/schema.org\",\"@graph\":[{\"@type\":\"WebPage\",\"@id\":\"https:\/\/www.erdemyorukoglu.com\/tr\/uzmanliklar\/functional_movement_screen\/\",\"url\":\"https:\/\/www.erdemyorukoglu.com\/tr\/uzmanliklar\/functional_movement_screen\/\",\"name\":\"FMS \/ Funktionale Bewegung BildschirmFMS \/ Funktionale Bewegung BildschirmErdem Y\u00f6r\u00fcko\u011flu \/\/ Manuel Terapi, Fizyoterapist, Ankara - FMS \/ Funktionale Bewegung Bildschirm\",\"isPartOf\":{\"@id\":\"https:\/\/www.erdemyorukoglu.com\/en\/#website\"},\"datePublished\":\"2019-01-04T20:55:58+00:00\",\"dateModified\":\"2025-08-16T14:03:15+00:00\",\"description\":\"FMS; zay\u0131f n\u00f6rom\u00fcsk\u00fcler kontrol\u00fcn, akut yaralanma riskini artt\u0131rd\u0131\u011f\u0131 d\u00fc\u015f\u00fcn\u00fcld\u00fc\u011f\u00fc i\u00e7in atletlerde hareket paterni kalitesini de\u011ferlendirmek i\u00e7in kullan\u0131lan bir sistemdir.\",\"breadcrumb\":{\"@id\":\"https:\/\/www.erdemyorukoglu.com\/tr\/uzmanliklar\/functional_movement_screen\/#breadcrumb\"},\"inLanguage\":\"de-DE\",\"potentialAction\":[{\"@type\":\"ReadAction\",\"target\":[\"https:\/\/www.erdemyorukoglu.com\/tr\/uzmanliklar\/functional_movement_screen\/\"]}]},{\"@type\":\"BreadcrumbList\",\"@id\":\"https:\/\/www.erdemyorukoglu.com\/tr\/uzmanliklar\/functional_movement_screen\/#breadcrumb\",\"itemListElement\":[{\"@type\":\"ListItem\",\"position\":1,\"name\":\"MANUEL TERAP\u0130 ANKARA %%sep%% %%sitename%%\",\"item\":\"https:\/\/www.erdemyorukoglu.com\/de\/\"},{\"@type\":\"ListItem\",\"position\":2,\"name\":\"UZMANLIKLAR\",\"item\":\"https:\/\/www.erdemyorukoglu.com\/de\/uzmanliklar\/\"},{\"@type\":\"ListItem\",\"position\":3,\"name\":\"FMS (Functional Movement Screen)\"}]},{\"@type\":\"WebSite\",\"@id\":\"https:\/\/www.erdemyorukoglu.com\/en\/#website\",\"url\":\"https:\/\/www.erdemyorukoglu.com\/en\/\",\"name\":\"Erdem Y\u00f6r\u00fcko\u011flu \/\/ Manuel Terapi, Fizyoterapist, Ankara\",\"description\":\"Manuel Terapi, Kayropraktik, Fizyoterapi, Bel ve Boyun F\u0131t\u0131\u011f\u0131, Lenf\u00f6dem Tedavisi, Gyrotonic, Skolyoz, Ankara\",\"publisher\":{\"@id\":\"https:\/\/www.erdemyorukoglu.com\/en\/#\/schema\/person\/854314645f5beb1ce61d3d55971d52e1\"},\"potentialAction\":[{\"@type\":\"SearchAction\",\"target\":{\"@type\":\"EntryPoint\",\"urlTemplate\":\"https:\/\/www.erdemyorukoglu.com\/en\/?s={search_term_string}\"},\"query-input\":{\"@type\":\"PropertyValueSpecification\",\"valueRequired\":true,\"valueName\":\"search_term_string\"}}],\"inLanguage\":\"de-DE\"},{\"@type\":[\"Person\",\"Organization\"],\"@id\":\"https:\/\/www.erdemyorukoglu.com\/en\/#\/schema\/person\/854314645f5beb1ce61d3d55971d52e1\",\"name\":\"Erdem Y\u00f6r\u00fcko\u011flu\",\"image\":{\"@type\":\"ImageObject\",\"inLanguage\":\"de-DE\",\"@id\":\"https:\/\/www.erdemyorukoglu.com\/en\/#\/schema\/person\/image\/\",\"url\":\"https:\/\/www.erdemyorukoglu.com\/wp-content\/uploads\/2018\/11\/fav-icon-1.png\",\"contentUrl\":\"https:\/\/www.erdemyorukoglu.com\/wp-content\/uploads\/2018\/11\/fav-icon-1.png\",\"width\":512,\"height\":512,\"caption\":\"Erdem Y\u00f6r\u00fcko\u011flu\"},\"logo\":{\"@id\":\"https:\/\/www.erdemyorukoglu.com\/en\/#\/schema\/person\/image\/\"}}]}<\/script>\n<!-- \/ Yoast SEO plugin. -->","yoast_head_json":{"title":"FMS \/ Funktionale Bewegung BildschirmFMS \/ Funktionale Bewegung BildschirmErdem Y\u00f6r\u00fcko\u011flu \/\/ Manuel Terapi, Fizyoterapist, Ankara - FMS \/ Funktionale Bewegung Bildschirm","description":"FMS; zay\u0131f n\u00f6rom\u00fcsk\u00fcler kontrol\u00fcn, akut yaralanma riskini artt\u0131rd\u0131\u011f\u0131 d\u00fc\u015f\u00fcn\u00fcld\u00fc\u011f\u00fc i\u00e7in atletlerde hareket paterni kalitesini de\u011ferlendirmek i\u00e7in kullan\u0131lan bir sistemdir.","robots":{"index":"index","follow":"follow","max-snippet":"max-snippet:-1","max-image-preview":"max-image-preview:large","max-video-preview":"max-video-preview:-1"},"canonical":"https:\/\/www.erdemyorukoglu.com\/de\/uzmanliklar\/functional_movement_screen\/","og_locale":"de_DE","og_type":"article","og_title":"[:tr][:tr]FMS (Functional Movement Screen)[:en]FMS (Functional Movement Screen)[:de]FMS \/ Funktionale Bewegung Bildschirm[:] - Erdem Y\u00f6r\u00fcko\u011flu \/\/ Manuel Terapi, Fizyoterapist, Ankara[:en][:tr]FMS (Functional Movement Screen)[:en]FMS (Functional Movement Screen)[:de]FMS \/ Funktionale Bewegung Bildschirm[:] - Erdem Y\u00f6r\u00fcko\u011flu \/\/ Manuel Terapi, Fizyoterapist, Ankara[:de]Erdem Y\u00f6r\u00fcko\u011flu \/\/ Manuel Terapi, Fizyoterapist, Ankara - [:tr]FMS (Functional Movement Screen)[:en]FMS (Functional Movement Screen)[:de]FMS \/ Funktionale Bewegung Bildschirm[:][:]","og_description":"[:tr]FMS; zay\u0131f n\u00f6rom\u00fcsk\u00fcler kontrol\u00fcn, akut yaralanma riskini artt\u0131rd\u0131\u011f\u0131 d\u00fc\u015f\u00fcn\u00fcld\u00fc\u011f\u00fc i\u00e7in atletlerde hareket paterni kalitesini de\u011ferlendirmek i\u00e7in kullan\u0131lan bir sistemdir.[:]","og_url":"https:\/\/www.erdemyorukoglu.com\/de\/uzmanliklar\/functional_movement_screen\/","og_site_name":"Erdem Y\u00f6r\u00fcko\u011flu \/\/ Manuel Terapi, Fizyoterapist, Ankara","article_modified_time":"2025-08-16T14:03:15+00:00","og_image":[{"width":800,"height":1200,"url":"https:\/\/www.erdemyorukoglu.com\/wp-content\/uploads\/2019\/01\/fms_2.jpg","type":"image\/jpeg"}],"twitter_card":"summary_large_image","twitter_image":"https:\/\/www.erdemyorukoglu.com\/wp-content\/uploads\/2019\/01\/fms_2.jpg","twitter_misc":{"Gesch\u00e4tzte Lesezeit":"3\u00a0Minuten"},"schema":{"@context":"https:\/\/schema.org","@graph":[{"@type":"WebPage","@id":"https:\/\/www.erdemyorukoglu.com\/tr\/uzmanliklar\/functional_movement_screen\/","url":"https:\/\/www.erdemyorukoglu.com\/tr\/uzmanliklar\/functional_movement_screen\/","name":"FMS \/ Funktionale Bewegung BildschirmFMS \/ Funktionale Bewegung BildschirmErdem Y\u00f6r\u00fcko\u011flu \/\/ Manuel Terapi, Fizyoterapist, Ankara - FMS \/ Funktionale Bewegung Bildschirm","isPartOf":{"@id":"https:\/\/www.erdemyorukoglu.com\/en\/#website"},"datePublished":"2019-01-04T20:55:58+00:00","dateModified":"2025-08-16T14:03:15+00:00","description":"FMS; zay\u0131f n\u00f6rom\u00fcsk\u00fcler kontrol\u00fcn, akut yaralanma riskini artt\u0131rd\u0131\u011f\u0131 d\u00fc\u015f\u00fcn\u00fcld\u00fc\u011f\u00fc i\u00e7in atletlerde hareket paterni kalitesini de\u011ferlendirmek i\u00e7in kullan\u0131lan bir sistemdir.","breadcrumb":{"@id":"https:\/\/www.erdemyorukoglu.com\/tr\/uzmanliklar\/functional_movement_screen\/#breadcrumb"},"inLanguage":"de-DE","potentialAction":[{"@type":"ReadAction","target":["https:\/\/www.erdemyorukoglu.com\/tr\/uzmanliklar\/functional_movement_screen\/"]}]},{"@type":"BreadcrumbList","@id":"https:\/\/www.erdemyorukoglu.com\/tr\/uzmanliklar\/functional_movement_screen\/#breadcrumb","itemListElement":[{"@type":"ListItem","position":1,"name":"MANUEL TERAP\u0130 ANKARA %%sep%% %%sitename%%","item":"https:\/\/www.erdemyorukoglu.com\/de\/"},{"@type":"ListItem","position":2,"name":"UZMANLIKLAR","item":"https:\/\/www.erdemyorukoglu.com\/de\/uzmanliklar\/"},{"@type":"ListItem","position":3,"name":"FMS (Functional Movement Screen)"}]},{"@type":"WebSite","@id":"https:\/\/www.erdemyorukoglu.com\/en\/#website","url":"https:\/\/www.erdemyorukoglu.com\/en\/","name":"Erdem Y\u00f6r\u00fcko\u011flu \/\/ Manuel Terapi, Fizyoterapist, Ankara","description":"Manuel Terapi, Kayropraktik, Fizyoterapi, Bel ve Boyun F\u0131t\u0131\u011f\u0131, Lenf\u00f6dem Tedavisi, Gyrotonic, Skolyoz, Ankara","publisher":{"@id":"https:\/\/www.erdemyorukoglu.com\/en\/#\/schema\/person\/854314645f5beb1ce61d3d55971d52e1"},"potentialAction":[{"@type":"SearchAction","target":{"@type":"EntryPoint","urlTemplate":"https:\/\/www.erdemyorukoglu.com\/en\/?s={search_term_string}"},"query-input":{"@type":"PropertyValueSpecification","valueRequired":true,"valueName":"search_term_string"}}],"inLanguage":"de-DE"},{"@type":["Person","Organization"],"@id":"https:\/\/www.erdemyorukoglu.com\/en\/#\/schema\/person\/854314645f5beb1ce61d3d55971d52e1","name":"Erdem Y\u00f6r\u00fcko\u011flu","image":{"@type":"ImageObject","inLanguage":"de-DE","@id":"https:\/\/www.erdemyorukoglu.com\/en\/#\/schema\/person\/image\/","url":"https:\/\/www.erdemyorukoglu.com\/wp-content\/uploads\/2018\/11\/fav-icon-1.png","contentUrl":"https:\/\/www.erdemyorukoglu.com\/wp-content\/uploads\/2018\/11\/fav-icon-1.png","width":512,"height":512,"caption":"Erdem Y\u00f6r\u00fcko\u011flu"},"logo":{"@id":"https:\/\/www.erdemyorukoglu.com\/en\/#\/schema\/person\/image\/"}}]}},"_links":{"self":[{"href":"https:\/\/www.erdemyorukoglu.com\/de\/wp-json\/wp\/v2\/pages\/3250","targetHints":{"allow":["GET"]}}],"collection":[{"href":"https:\/\/www.erdemyorukoglu.com\/de\/wp-json\/wp\/v2\/pages"}],"about":[{"href":"https:\/\/www.erdemyorukoglu.com\/de\/wp-json\/wp\/v2\/types\/page"}],"author":[{"embeddable":true,"href":"https:\/\/www.erdemyorukoglu.com\/de\/wp-json\/wp\/v2\/users\/1"}],"replies":[{"embeddable":true,"href":"https:\/\/www.erdemyorukoglu.com\/de\/wp-json\/wp\/v2\/comments?post=3250"}],"version-history":[{"count":16,"href":"https:\/\/www.erdemyorukoglu.com\/de\/wp-json\/wp\/v2\/pages\/3250\/revisions"}],"predecessor-version":[{"id":12075,"href":"https:\/\/www.erdemyorukoglu.com\/de\/wp-json\/wp\/v2\/pages\/3250\/revisions\/12075"}],"up":[{"embeddable":true,"href":"https:\/\/www.erdemyorukoglu.com\/de\/wp-json\/wp\/v2\/pages\/9"}],"wp:attachment":[{"href":"https:\/\/www.erdemyorukoglu.com\/de\/wp-json\/wp\/v2\/media?parent=3250"}],"curies":[{"name":"wp","href":"https:\/\/api.w.org\/{rel}","templated":true}]}}