{"id":3293,"date":"2019-01-05T20:26:29","date_gmt":"2019-01-05T17:26:29","guid":{"rendered":"https:\/\/www.erdemyorukoglu.com\/tr\/?page_id=3293"},"modified":"2025-08-16T17:00:36","modified_gmt":"2025-08-16T14:00:36","slug":"kalca-sikisma-sendromu","status":"publish","type":"page","link":"https:\/\/www.erdemyorukoglu.com\/de\/tedaviler\/kalca-sikisma-sendromu\/","title":{"rendered":"H\u00dcFTE \u0130MP\u0130NGEMENT"},"content":{"rendered":"<div class=\"wpb-content-wrapper\">[vc_row curly_padding=&#8220;content-padding-none&#8220;][vc_column curly_padding=&#8220;content-padding&#8220;][vc_column_text]\n<h1 style=\"text-align: center;\"><strong>H\u00dcFTE \u0130MP\u0130NGEMENT<\/strong><\/h1>\n[\/vc_column_text][\/vc_column][\/vc_row][vc_row full_width=&#8220;stretch_row&#8220; equal_height=&#8220;yes&#8220; content_placement=&#8220;top&#8220; curly_bg_position=&#8220;bg-pos-center-center&#8220; curly_padding=&#8220;content-padding-none&#8220; css=&#8220;.vc_custom_1549999655565{border-bottom-width: 1px !important;border-bottom-color: #f4f4f4 !important;border-bottom-style: solid !important;}&#8220;][vc_column width=&#8220;1\/2&#8243; curly_bg_position=&#8220;bg-pos-center-center&#8220; curly_padding=&#8220;content-padding-xs&#8220;][vc_single_image image=&#8220;3294&#8243; img_size=&#8220;large&#8220; css=&#8220;.vc_custom_1546708986225{margin-bottom: 0px !important;}&#8220; el_class=&#8220;img-frame-large&#8220;][vc_empty_space height=&#8220;48px&#8220;][vc_column_text curly_padding_side=&#8220;content-side-padding-xxl&#8220;]Wegen der strukturellen Probleme der H\u00fcfte w\u00e4hrend des H\u00fcftgelenks werden die Bewegungen der beiden Hauptteile des H\u00fcftgelenks durch einen abnormalen Kontakt miteinander verursacht.<\/p>\n<p>Die Kante des Gelenkkopfes und die Kante des Femurkopfes werden nach einem bestimmten Winkel ber\u00fchrt, wenn die H\u00fcfte zum Bauch hin gebogen wird. Im normalen H\u00fcftgelenk ist dieser Kontakt sogar maximal weich, wenn das H\u00fcftgelenk in Richtung Bauch gezogen wird, und an dieser Kontaktstelle befindet sich ein Knorpelring (Labrum), der das H\u00fcftgelenk umgibt und den Kontakt weicher macht.<\/p>\n<p>Wenn jedoch ein strukturelles Problem in der Struktur des H\u00fcftgelenks besteht, ist dieser Kontakt w\u00e4hrend des Biegens der H\u00fcfte abnormal, und ein \u00fcberm\u00e4\u00dfiger Kontakt verursacht Aufprall, was im Laufe der Zeit Schmerzen und eine St\u00f6rung des Gelenks verursacht.<\/p>\n<h3><strong>Symptome<\/strong><\/h3>\n<p>Die ersten Beschwerden sind pl\u00f6tzliche Schmerzen in der Mitte mit einigen Bewegungen. Mit der Zeit dauert der Schmerz l\u00e4nger. Bei manchen Patienten kann es zu einem Ruck und einem Klickger\u00e4usch in der Leiste kommen. Die Schmerzen verst\u00e4rken sich insbesondere nach Sport, intensiver und schwerer Arbeit und k\u00f6nnen eine Weile in Ruhe bleiben. Wenn sich die Verkalkung zu entwickeln beginnt, wird die Bewegung eingeschr\u00e4nkt, der Schmerz bleibt \u00fcber die Jahre bestehen und es kann Nachtschmerz geben. Nach einer schmerzhaften Periode kann eine v\u00f6llig schmerzlose Periode auftreten.[\/vc_column_text][\/vc_column][vc_column width=&#8220;1\/2&#8243; curly_bg_position=&#8220;bg-pos-center-center&#8220; curly_padding=&#8220;content-padding-xs&#8220;][vc_single_image image=&#8220;3295&#8243; img_size=&#8220;large&#8220; css=&#8220;.vc_custom_1546709073542{margin-bottom: 0px !important;}&#8220; el_class=&#8220;img-frame-large&#8220;][vc_empty_space height=&#8220;48px&#8220;][vc_column_text curly_padding_side=&#8220;content-side-padding-xxl&#8220;]\n<h3><strong>Diagnose<\/strong><\/h3>\n<p>Der Leistenbereich ist ein Ort, an dem viele Probleme wie Hernien, gyn\u00e4kologische Erkrankungen und Muskelprobleme gesehen werden. Es gibt Patienten mit H\u00fcftkompression und Inguinalhernie &#8211; Operation der Eierst\u00f6cke.<\/p>\n<h3><strong>Wie wird es diagnostiziert?<\/strong><\/h3>\n<p>Ein erfahrener orthop\u00e4discher Chirurg erkennt und behandelt den Patienten mit einer hohen H\u00fcftsteifigkeit. Dann sind direkte R\u00f6ntgenfilme erforderlich. Direkte Filme zeigen weitgehend die &#8218;cam&#8216;- und&#8216; pincer&#8216;-Verformungen.<\/p>\n<p>Dann wird MR gesehen. Es sollte beachtet werden, dass MR falsch arbeiten kann, wenn dies nicht auf guten Maschinen und zus\u00e4tzlicher Software m\u00f6glich ist. Selbst wenn die MRT unter geeigneten Bedingungen durchgef\u00fchrt wird, darf nicht vergessen werden, dass 20% des Labrumbruchs weggelassen werden k\u00f6nnen. In solchen F\u00e4llen hat die Popularit\u00e4t dieser Methode abgenommen, da sie einen 20% igen robusten Labrumriss bei der Arthro-MR-Untersuchung aufweisen kann, die durch Injektion von Medikamenten in das Gelenk durchgef\u00fchrt wird.<\/p>\n<h3><strong>Behandlung<\/strong><\/h3>\n<p>Nichtoperative Behandlung<\/p>\n<p>Bei Patienten mit Kompression der H\u00fcfte und leichten Verbrennungen sollten Beckenstabilisatoren in Zentren der sportlichen Rehabilitation gest\u00e4rkt werden. Dar\u00fcber hinaus k\u00f6nnen die Symptome in einer signifikanten Anzahl von F\u00e4llen anhaltend oder vor\u00fcbergehend sein, wobei Medikamente aus der nichtsteroidalen entz\u00fcndungshemmenden Gruppe als orales \u00d6dem verabreicht werden.<\/p>\n<p>Bei anhaltenden oder vermuteten Beschwerden wird eine intraartikul\u00e4re Injektion durchgef\u00fchrt.[\/vc_column_text][\/vc_column][\/vc_row]\n<\/div>","protected":false},"excerpt":{"rendered":"<p>[vc_row curly_padding=&#8220;content-padding-none&#8220;][vc_column curly_padding=&#8220;content-padding&#8220;][vc_column_text] H\u00dcFTE \u0130MP\u0130NGEMENT [\/vc_column_text][\/vc_column][\/vc_row][vc_row full_width=&#8220;stretch_row&#8220; equal_height=&#8220;yes&#8220; content_placement=&#8220;top&#8220; curly_bg_position=&#8220;bg-pos-center-center&#8220; curly_padding=&#8220;content-padding-none&#8220; css=&#8220;.vc_custom_1549999655565{border-bottom-width: 1px !important;border-bottom-color: #f4f4f4 !important;border-bottom-style: solid !important;}&#8220;][vc_column width=&#8220;1\/2&#8243; curly_bg_position=&#8220;bg-pos-center-center&#8220; curly_padding=&#8220;content-padding-xs&#8220;][vc_single_image image=&#8220;3294&#8243; img_size=&#8220;large&#8220; css=&#8220;.vc_custom_1546708986225{margin-bottom: 0px !important;}&#8220; el_class=&#8220;img-frame-large&#8220;][vc_empty_space height=&#8220;48px&#8220;][vc_column_text curly_padding_side=&#8220;content-side-padding-xxl&#8220;]Wegen der strukturellen Probleme der H\u00fcfte w\u00e4hrend des H\u00fcftgelenks werden die Bewegungen der beiden Hauptteile des H\u00fcftgelenks durch einen abnormalen Kontakt miteinander verursacht. Die Kante des Gelenkkopfes und die Kante des Femurkopfes [&hellip;]<\/p>\n","protected":false},"author":1,"featured_media":0,"parent":2995,"menu_order":0,"comment_status":"closed","ping_status":"closed","template":"","meta":{"inline_featured_image":false,"footnotes":""},"class_list":["post-3293","page","type-page","status-publish","hentry"],"yoast_head":"<!-- This site is optimized with the Yoast SEO plugin v27.5 - https:\/\/yoast.com\/product\/yoast-seo-wordpress\/ -->\n<title>H\u00dcFTE \u0130MP\u0130NGEMENTH\u00dcFTE \u0130MP\u0130NGEMENTErdem Y\u00f6r\u00fcko\u011flu \/\/ Manuel Terapi, Fizyoterapist, Ankara - H\u00dcFTE \u0130MP\u0130NGEMENT<\/title>\n<meta name=\"description\" content=\"Kal\u00e7an\u0131n yap\u0131sal sorunlar\u0131 nedeniyle kal\u00e7a eklemi hareketleri s\u0131ras\u0131nda kal\u00e7a eklemini olu\u015fturan iki ana par\u00e7an\u0131n birbirine anormal temas\u0131 ile ortaya \u00e7\u0131kan bir hastal\u0131kt\u0131r.\" \/>\n<meta name=\"robots\" content=\"index, follow, max-snippet:-1, max-image-preview:large, max-video-preview:-1\" \/>\n<link rel=\"canonical\" href=\"https:\/\/www.erdemyorukoglu.com\/de\/tedaviler\/kalca-sikisma-sendromu\/\" \/>\n<meta property=\"og:locale\" content=\"de_DE\" \/>\n<meta property=\"og:locale:alternate\" content=\"tr_TR\" \/>\n<meta property=\"og:locale:alternate\" content=\"en_US\" \/>\n<meta property=\"og:type\" content=\"article\" \/>\n<meta property=\"og:title\" content=\"H\u00dcFTE \u0130MP\u0130NGEMENTH\u00dcFTE \u0130MP\u0130NGEMENTErdem Y\u00f6r\u00fcko\u011flu \/\/ Manuel Terapi, Fizyoterapist, Ankara - H\u00dcFTE \u0130MP\u0130NGEMENT\" \/>\n<meta property=\"og:description\" content=\"Kal\u00e7an\u0131n yap\u0131sal sorunlar\u0131 nedeniyle kal\u00e7a eklemi hareketleri s\u0131ras\u0131nda kal\u00e7a eklemini olu\u015fturan iki ana par\u00e7an\u0131n birbirine anormal temas\u0131 ile ortaya \u00e7\u0131kan bir hastal\u0131kt\u0131r.\" \/>\n<meta property=\"og:url\" content=\"https:\/\/www.erdemyorukoglu.com\/de\/tedaviler\/kalca-sikisma-sendromu\/\" \/>\n<meta property=\"og:site_name\" content=\"Erdem Y\u00f6r\u00fcko\u011flu \/\/ Manuel Terapi, Fizyoterapist, Ankara\" \/>\n<meta property=\"article:modified_time\" content=\"2025-08-16T14:00:36+00:00\" \/>\n<meta name=\"twitter:card\" content=\"summary_large_image\" \/>\n<meta name=\"twitter:label1\" content=\"Gesch\u00e4tzte Lesezeit\" \/>\n\t<meta name=\"twitter:data1\" content=\"3\u00a0Minuten\" \/>\n<script type=\"application\/ld+json\" class=\"yoast-schema-graph\">{\"@context\":\"https:\\\/\\\/schema.org\",\"@graph\":[{\"@type\":\"WebPage\",\"@id\":\"https:\\\/\\\/www.erdemyorukoglu.com\\\/tr\\\/tedaviler\\\/kalca-sikisma-sendromu\\\/\",\"url\":\"https:\\\/\\\/www.erdemyorukoglu.com\\\/tr\\\/tedaviler\\\/kalca-sikisma-sendromu\\\/\",\"name\":\"H\u00dcFTE \u0130MP\u0130NGEMENTH\u00dcFTE \u0130MP\u0130NGEMENTErdem Y\u00f6r\u00fcko\u011flu \\\/\\\/ Manuel Terapi, Fizyoterapist, Ankara - H\u00dcFTE \u0130MP\u0130NGEMENT\",\"isPartOf\":{\"@id\":\"https:\\\/\\\/www.erdemyorukoglu.com\\\/en\\\/#website\"},\"datePublished\":\"2019-01-05T17:26:29+00:00\",\"dateModified\":\"2025-08-16T14:00:36+00:00\",\"description\":\"Kal\u00e7an\u0131n yap\u0131sal sorunlar\u0131 nedeniyle kal\u00e7a eklemi hareketleri s\u0131ras\u0131nda kal\u00e7a eklemini olu\u015fturan iki ana par\u00e7an\u0131n birbirine anormal temas\u0131 ile ortaya \u00e7\u0131kan bir hastal\u0131kt\u0131r.\",\"breadcrumb\":{\"@id\":\"https:\\\/\\\/www.erdemyorukoglu.com\\\/tr\\\/tedaviler\\\/kalca-sikisma-sendromu\\\/#breadcrumb\"},\"inLanguage\":\"de-DE\",\"potentialAction\":[{\"@type\":\"ReadAction\",\"target\":[\"https:\\\/\\\/www.erdemyorukoglu.com\\\/tr\\\/tedaviler\\\/kalca-sikisma-sendromu\\\/\"]}]},{\"@type\":\"BreadcrumbList\",\"@id\":\"https:\\\/\\\/www.erdemyorukoglu.com\\\/tr\\\/tedaviler\\\/kalca-sikisma-sendromu\\\/#breadcrumb\",\"itemListElement\":[{\"@type\":\"ListItem\",\"position\":1,\"name\":\"MANUEL TERAP\u0130 ANKARA %%sep%% %%sitename%%\",\"item\":\"https:\\\/\\\/www.erdemyorukoglu.com\\\/de\\\/\"},{\"@type\":\"ListItem\",\"position\":2,\"name\":\"TEDAV\u0130LER\",\"item\":\"https:\\\/\\\/www.erdemyorukoglu.com\\\/en\\\/tedaviler\\\/\"},{\"@type\":\"ListItem\",\"position\":3,\"name\":\"KAL\u00c7A SIKI\u015eMA SENDROMU\"}]},{\"@type\":\"WebSite\",\"@id\":\"https:\\\/\\\/www.erdemyorukoglu.com\\\/en\\\/#website\",\"url\":\"https:\\\/\\\/www.erdemyorukoglu.com\\\/en\\\/\",\"name\":\"Erdem Y\u00f6r\u00fcko\u011flu \\\/\\\/ Manuel Terapi, Fizyoterapist, Ankara\",\"description\":\"Manuel Terapi, Kayropraktik, Fizyoterapi, Bel ve Boyun F\u0131t\u0131\u011f\u0131, Lenf\u00f6dem Tedavisi, Gyrotonic, Skolyoz, Ankara\",\"publisher\":{\"@id\":\"https:\\\/\\\/www.erdemyorukoglu.com\\\/en\\\/#\\\/schema\\\/person\\\/854314645f5beb1ce61d3d55971d52e1\"},\"potentialAction\":[{\"@type\":\"SearchAction\",\"target\":{\"@type\":\"EntryPoint\",\"urlTemplate\":\"https:\\\/\\\/www.erdemyorukoglu.com\\\/en\\\/?s={search_term_string}\"},\"query-input\":{\"@type\":\"PropertyValueSpecification\",\"valueRequired\":true,\"valueName\":\"search_term_string\"}}],\"inLanguage\":\"de-DE\"},{\"@type\":[\"Person\",\"Organization\"],\"@id\":\"https:\\\/\\\/www.erdemyorukoglu.com\\\/en\\\/#\\\/schema\\\/person\\\/854314645f5beb1ce61d3d55971d52e1\",\"name\":\"Erdem Y\u00f6r\u00fcko\u011flu\",\"image\":{\"@type\":\"ImageObject\",\"inLanguage\":\"de-DE\",\"@id\":\"https:\\\/\\\/www.erdemyorukoglu.com\\\/wp-content\\\/uploads\\\/2018\\\/11\\\/fav-icon-1.png\",\"url\":\"https:\\\/\\\/www.erdemyorukoglu.com\\\/wp-content\\\/uploads\\\/2018\\\/11\\\/fav-icon-1.png\",\"contentUrl\":\"https:\\\/\\\/www.erdemyorukoglu.com\\\/wp-content\\\/uploads\\\/2018\\\/11\\\/fav-icon-1.png\",\"width\":512,\"height\":512,\"caption\":\"Erdem Y\u00f6r\u00fcko\u011flu\"},\"logo\":{\"@id\":\"https:\\\/\\\/www.erdemyorukoglu.com\\\/wp-content\\\/uploads\\\/2018\\\/11\\\/fav-icon-1.png\"}}]}<\/script>\n<!-- \/ Yoast SEO plugin. -->","yoast_head_json":{"title":"H\u00dcFTE \u0130MP\u0130NGEMENTH\u00dcFTE \u0130MP\u0130NGEMENTErdem Y\u00f6r\u00fcko\u011flu \/\/ Manuel Terapi, Fizyoterapist, Ankara - H\u00dcFTE \u0130MP\u0130NGEMENT","description":"Kal\u00e7an\u0131n yap\u0131sal sorunlar\u0131 nedeniyle kal\u00e7a eklemi hareketleri s\u0131ras\u0131nda kal\u00e7a eklemini olu\u015fturan iki ana par\u00e7an\u0131n birbirine anormal temas\u0131 ile ortaya \u00e7\u0131kan bir hastal\u0131kt\u0131r.","robots":{"index":"index","follow":"follow","max-snippet":"max-snippet:-1","max-image-preview":"max-image-preview:large","max-video-preview":"max-video-preview:-1"},"canonical":"https:\/\/www.erdemyorukoglu.com\/de\/tedaviler\/kalca-sikisma-sendromu\/","og_locale":"de_DE","og_type":"article","og_title":"[:tr][:tr]KAL\u00c7A SIKI\u015eMA SENDROMU[:en]HIP IMPINGEMENT[:de]H\u00dcFTE \u0130MP\u0130NGEMENT[:] - Erdem Y\u00f6r\u00fcko\u011flu \/\/ Manuel Terapi, Fizyoterapist, Ankara[:en][:tr]KAL\u00c7A SIKI\u015eMA SENDROMU[:en]HIP IMPINGEMENT[:de]H\u00dcFTE \u0130MP\u0130NGEMENT[:] - Erdem Y\u00f6r\u00fcko\u011flu \/\/ Manuel Terapi, Fizyoterapist, Ankara[:de]Erdem Y\u00f6r\u00fcko\u011flu \/\/ Manuel Terapi, Fizyoterapist, Ankara - [:tr]KAL\u00c7A SIKI\u015eMA SENDROMU[:en]HIP IMPINGEMENT[:de]H\u00dcFTE \u0130MP\u0130NGEMENT[:][:]","og_description":"Kal\u00e7an\u0131n yap\u0131sal sorunlar\u0131 nedeniyle kal\u00e7a eklemi hareketleri s\u0131ras\u0131nda kal\u00e7a eklemini olu\u015fturan iki ana par\u00e7an\u0131n birbirine anormal temas\u0131 ile ortaya \u00e7\u0131kan bir hastal\u0131kt\u0131r.","og_url":"https:\/\/www.erdemyorukoglu.com\/de\/tedaviler\/kalca-sikisma-sendromu\/","og_site_name":"Erdem Y\u00f6r\u00fcko\u011flu \/\/ Manuel Terapi, Fizyoterapist, Ankara","article_modified_time":"2025-08-16T14:00:36+00:00","twitter_card":"summary_large_image","twitter_misc":{"Gesch\u00e4tzte Lesezeit":"3\u00a0Minuten"},"schema":{"@context":"https:\/\/schema.org","@graph":[{"@type":"WebPage","@id":"https:\/\/www.erdemyorukoglu.com\/tr\/tedaviler\/kalca-sikisma-sendromu\/","url":"https:\/\/www.erdemyorukoglu.com\/tr\/tedaviler\/kalca-sikisma-sendromu\/","name":"H\u00dcFTE \u0130MP\u0130NGEMENTH\u00dcFTE \u0130MP\u0130NGEMENTErdem Y\u00f6r\u00fcko\u011flu \/\/ Manuel Terapi, Fizyoterapist, Ankara - H\u00dcFTE \u0130MP\u0130NGEMENT","isPartOf":{"@id":"https:\/\/www.erdemyorukoglu.com\/en\/#website"},"datePublished":"2019-01-05T17:26:29+00:00","dateModified":"2025-08-16T14:00:36+00:00","description":"Kal\u00e7an\u0131n yap\u0131sal sorunlar\u0131 nedeniyle kal\u00e7a eklemi hareketleri s\u0131ras\u0131nda kal\u00e7a eklemini olu\u015fturan iki ana par\u00e7an\u0131n birbirine anormal temas\u0131 ile ortaya \u00e7\u0131kan bir hastal\u0131kt\u0131r.","breadcrumb":{"@id":"https:\/\/www.erdemyorukoglu.com\/tr\/tedaviler\/kalca-sikisma-sendromu\/#breadcrumb"},"inLanguage":"de-DE","potentialAction":[{"@type":"ReadAction","target":["https:\/\/www.erdemyorukoglu.com\/tr\/tedaviler\/kalca-sikisma-sendromu\/"]}]},{"@type":"BreadcrumbList","@id":"https:\/\/www.erdemyorukoglu.com\/tr\/tedaviler\/kalca-sikisma-sendromu\/#breadcrumb","itemListElement":[{"@type":"ListItem","position":1,"name":"MANUEL TERAP\u0130 ANKARA %%sep%% %%sitename%%","item":"https:\/\/www.erdemyorukoglu.com\/de\/"},{"@type":"ListItem","position":2,"name":"TEDAV\u0130LER","item":"https:\/\/www.erdemyorukoglu.com\/en\/tedaviler\/"},{"@type":"ListItem","position":3,"name":"KAL\u00c7A SIKI\u015eMA SENDROMU"}]},{"@type":"WebSite","@id":"https:\/\/www.erdemyorukoglu.com\/en\/#website","url":"https:\/\/www.erdemyorukoglu.com\/en\/","name":"Erdem Y\u00f6r\u00fcko\u011flu \/\/ Manuel Terapi, Fizyoterapist, Ankara","description":"Manuel Terapi, Kayropraktik, Fizyoterapi, Bel ve Boyun F\u0131t\u0131\u011f\u0131, Lenf\u00f6dem Tedavisi, Gyrotonic, Skolyoz, Ankara","publisher":{"@id":"https:\/\/www.erdemyorukoglu.com\/en\/#\/schema\/person\/854314645f5beb1ce61d3d55971d52e1"},"potentialAction":[{"@type":"SearchAction","target":{"@type":"EntryPoint","urlTemplate":"https:\/\/www.erdemyorukoglu.com\/en\/?s={search_term_string}"},"query-input":{"@type":"PropertyValueSpecification","valueRequired":true,"valueName":"search_term_string"}}],"inLanguage":"de-DE"},{"@type":["Person","Organization"],"@id":"https:\/\/www.erdemyorukoglu.com\/en\/#\/schema\/person\/854314645f5beb1ce61d3d55971d52e1","name":"Erdem Y\u00f6r\u00fcko\u011flu","image":{"@type":"ImageObject","inLanguage":"de-DE","@id":"https:\/\/www.erdemyorukoglu.com\/wp-content\/uploads\/2018\/11\/fav-icon-1.png","url":"https:\/\/www.erdemyorukoglu.com\/wp-content\/uploads\/2018\/11\/fav-icon-1.png","contentUrl":"https:\/\/www.erdemyorukoglu.com\/wp-content\/uploads\/2018\/11\/fav-icon-1.png","width":512,"height":512,"caption":"Erdem Y\u00f6r\u00fcko\u011flu"},"logo":{"@id":"https:\/\/www.erdemyorukoglu.com\/wp-content\/uploads\/2018\/11\/fav-icon-1.png"}}]}},"_links":{"self":[{"href":"https:\/\/www.erdemyorukoglu.com\/de\/wp-json\/wp\/v2\/pages\/3293","targetHints":{"allow":["GET"]}}],"collection":[{"href":"https:\/\/www.erdemyorukoglu.com\/de\/wp-json\/wp\/v2\/pages"}],"about":[{"href":"https:\/\/www.erdemyorukoglu.com\/de\/wp-json\/wp\/v2\/types\/page"}],"author":[{"embeddable":true,"href":"https:\/\/www.erdemyorukoglu.com\/de\/wp-json\/wp\/v2\/users\/1"}],"replies":[{"embeddable":true,"href":"https:\/\/www.erdemyorukoglu.com\/de\/wp-json\/wp\/v2\/comments?post=3293"}],"version-history":[{"count":12,"href":"https:\/\/www.erdemyorukoglu.com\/de\/wp-json\/wp\/v2\/pages\/3293\/revisions"}],"predecessor-version":[{"id":3735,"href":"https:\/\/www.erdemyorukoglu.com\/de\/wp-json\/wp\/v2\/pages\/3293\/revisions\/3735"}],"up":[{"embeddable":true,"href":"https:\/\/www.erdemyorukoglu.com\/de\/wp-json\/wp\/v2\/pages\/2995"}],"wp:attachment":[{"href":"https:\/\/www.erdemyorukoglu.com\/de\/wp-json\/wp\/v2\/media?parent=3293"}],"curies":[{"name":"wp","href":"https:\/\/api.w.org\/{rel}","templated":true}]}}