{"id":3303,"date":"2019-01-05T21:12:12","date_gmt":"2019-01-05T18:12:12","guid":{"rendered":"https:\/\/www.erdemyorukoglu.com\/tr\/?page_id=3303"},"modified":"2025-08-16T16:47:18","modified_gmt":"2025-08-16T13:47:18","slug":"cene-eklemi-problemleri","status":"publish","type":"page","link":"https:\/\/www.erdemyorukoglu.com\/de\/tedaviler\/cene-eklemi-problemleri\/","title":{"rendered":"K\u0130EFERGELENK PROBLEME"},"content":{"rendered":"<div class=\"wpb-content-wrapper\">[vc_row full_width=&#8220;stretch_row&#8220; curly_padding=&#8220;content-padding-none&#8220;][vc_column curly_padding=&#8220;content-padding&#8220;][vc_column_text]\n<h1 style=\"text-align: center;\"><strong>K\u0130EFERGELENK PROBLEME<\/strong><\/h1>\n[\/vc_column_text][\/vc_column][\/vc_row][vc_row curly_padding=&#8220;content-padding-xs&#8220;][vc_column width=&#8220;1\/2&#8243;][vc_single_image image=&#8220;3305&#8243; img_size=&#8220;large&#8220; style=&#8220;img-frame-large&#8220; css_animation=&#8220;none&#8220;][vc_empty_space height=&#8220;48px&#8220;][vc_column_text]F\u00fcr die Diagnose und Behandlung von Kiefergelenkerkrankungen, Temporamandibular gelen st\u00f6rungen ist die Untersuchung eines Arztes unbedingt erforderlich. W\u00e4hrend eines menschlichen Lebens treten im Kiefergelenk Beschwerden auf (temporamandibular). Kinngelenksst\u00f6rungen werden durch die unkorrekte Funktion der Gelenke und Muskeln verursacht, die den Ober- und Unterkiefer verbinden. Das h\u00e4ufigste Symptom der Kiefergelenksst\u00f6rung ist der Schmerz und das Knirschen im Kiefergelenk und die Kaumuskulatur.<\/p>\n<h3><strong>Behandlungsmethoden<\/strong><\/h3>\n<p>Bei der Behandlung des Kiefergelenks sollten zun\u00e4chst nichtchirurgische Therapien versucht werden. Weiche Nahrungsmittel sollten zuerst konsumiert werden, Gelenkruhe sollte versucht werden, Medikamente und Physiotherapie sollten angewendet werden, um Schmerzen und Muskelkr\u00e4mpfe zu reduzieren. Wenn diese Methoden ausprobiert, aber nicht beanstandet wurden, sollte ein Chirurg untersucht werden.<\/p>\n<p>Bei Patienten, die sich innerhalb von 3-6 Monaten nicht mit Symptomen zur\u00fcckziehen, kann ein chirurgischer Eingriff erforderlich sein. Bei Kiefergelenkerkrankungen werden nur 5% der Patienten operiert. Sie tritt meistens im jungen und mittleren Alter auf. Die Inzidenz ist bei Frauen h\u00f6her.[\/vc_column_text][\/vc_column][vc_column width=&#8220;1\/2&#8243;][vc_single_image image=&#8220;3304&#8243; img_size=&#8220;large&#8220; style=&#8220;img-frame-large&#8220; css_animation=&#8220;none&#8220;][vc_empty_space height=&#8220;48px&#8220;][vc_column_text]\n<h3><strong>Symptome<\/strong><\/h3>\n<ul>\n<li>Falsches \u00d6ffnen des Mundes<\/li>\n<li>Schmerzen und Ger\u00e4usche im Kiefergelenk beim Essen<\/li>\n<li>Kopf- und Ohrenschmerzen<\/li>\n<li>Klemmbacke verriegeln oder einstecken<\/li>\n<li>Ver\u00e4nderungen der Kieferbewegungen und Z\u00e4rtlichkeit der Kiefermuskeln<\/li>\n<li>In weiter fortgeschrittenen F\u00e4llen \u00e4u\u00dfern sich Symptome wie die Bildung von Gelenkschmerzen und die Unf\u00e4higkeit zu Mundbewegungen, auch wenn Sie sprechen, au\u00dfer beim Essen.<\/li>\n<\/ul>\n<h3><strong>Gr\u00fcnde daf\u00fcr<\/strong><\/h3>\n<ul>\n<li>Kontinuierliches Quetschen und Knirschen der Z\u00e4hne (Bruxismus)<\/li>\n<li>Haltungsst\u00f6rungen, f\u00fchrende Positionen von Kopf und Schultern<\/li>\n<li>Kieferverschlussst\u00f6rungen, fehlender Zahn, hohe F\u00fcllung<\/li>\n<li>Zahnerkrankungen und einseitiges Kauen<\/li>\n<li>Stress, Traurigkeit<\/li>\n<li>Ein Unfall von Kieferfrakturen und Kopf-, Hals- und Kieferverletzungen<\/li>\n<li>N\u00e4gel essen, dehnen, Kaugummi, Ausatmen aus dem Mund<\/li>\n<li>angeborene Erkrankungen<\/li>\n<li>In seltenen F\u00e4llen kann dies ein Symptom f\u00fcr Krankheiten wie Tumore, Infektionen und Rheuma sein.<\/li>\n<\/ul>\n<p>Der prim\u00e4re Behandlungsansatz f\u00fcr die Behandlung von Erkrankungen des Kiefergelenks ist die nichtoperative (konservative) Behandlung. Bei diesem Behandlungsansatz k\u00f6nnen muskelentspannende und entz\u00fcndungshemmende Medikamente und Schienenanwendungen verwendet werden.[\/vc_column_text][\/vc_column][\/vc_row]\n<\/div>","protected":false},"excerpt":{"rendered":"<p>[vc_row full_width=&#8220;stretch_row&#8220; curly_padding=&#8220;content-padding-none&#8220;][vc_column curly_padding=&#8220;content-padding&#8220;][vc_column_text] K\u0130EFERGELENK PROBLEME [\/vc_column_text][\/vc_column][\/vc_row][vc_row curly_padding=&#8220;content-padding-xs&#8220;][vc_column width=&#8220;1\/2&#8243;][vc_single_image image=&#8220;3305&#8243; img_size=&#8220;large&#8220; style=&#8220;img-frame-large&#8220; css_animation=&#8220;none&#8220;][vc_empty_space height=&#8220;48px&#8220;][vc_column_text]F\u00fcr die Diagnose und Behandlung von Kiefergelenkerkrankungen, Temporamandibular gelen st\u00f6rungen ist die Untersuchung eines Arztes unbedingt erforderlich. W\u00e4hrend eines menschlichen Lebens treten im Kiefergelenk Beschwerden auf (temporamandibular). Kinngelenksst\u00f6rungen werden durch die unkorrekte Funktion der Gelenke und Muskeln verursacht, die den Ober- und Unterkiefer verbinden. Das h\u00e4ufigste Symptom [&hellip;]<\/p>\n","protected":false},"author":1,"featured_media":0,"parent":2995,"menu_order":0,"comment_status":"closed","ping_status":"closed","template":"","meta":{"inline_featured_image":false,"footnotes":""},"class_list":["post-3303","page","type-page","status-publish","hentry"],"yoast_head":"<!-- This site is optimized with the Yoast SEO plugin v25.7 - https:\/\/yoast.com\/wordpress\/plugins\/seo\/ -->\n<title>K\u0130EFERGELENK PROBLEMEK\u0130EFERGELENK PROBLEMEErdem Y\u00f6r\u00fcko\u011flu \/\/ Manuel Terapi, Fizyoterapist, Ankara - K\u0130EFERGELENK PROBLEME<\/title>\n<meta name=\"description\" content=\"\u00c7ene eklem problemleri; alt ve \u00fcst \u00e7eneyi birbirine ba\u011flayan eklem ve kaslar\u0131n do\u011fru \u00e7al\u0131\u015fmamas\u0131ndan kaynaklan\u0131r. \u00c7ene eklemi bozuklu\u011funun en bilinen belirtisi \u00e7ene ekleminde ve \u00e7i\u011fneme kaslar\u0131nda hissedilen a\u011fr\u0131 ve k\u0131t\u0131rt\u0131d\u0131r.\" \/>\n<meta name=\"robots\" content=\"index, follow, max-snippet:-1, max-image-preview:large, max-video-preview:-1\" \/>\n<link rel=\"canonical\" href=\"https:\/\/www.erdemyorukoglu.com\/de\/tedaviler\/cene-eklemi-problemleri\/\" \/>\n<meta property=\"og:locale\" content=\"de_DE\" \/>\n<meta property=\"og:locale:alternate\" content=\"tr_TR\" \/>\n<meta property=\"og:locale:alternate\" content=\"en_US\" \/>\n<meta property=\"og:type\" content=\"article\" \/>\n<meta property=\"og:title\" content=\"K\u0130EFERGELENK PROBLEMEK\u0130EFERGELENK PROBLEMEErdem Y\u00f6r\u00fcko\u011flu \/\/ Manuel Terapi, Fizyoterapist, Ankara - K\u0130EFERGELENK PROBLEME\" \/>\n<meta property=\"og:description\" content=\"\u00c7ene eklem problemleri; alt ve \u00fcst \u00e7eneyi birbirine ba\u011flayan eklem ve kaslar\u0131n do\u011fru \u00e7al\u0131\u015fmamas\u0131ndan kaynaklan\u0131r. \u00c7ene eklemi bozuklu\u011funun en bilinen belirtisi \u00e7ene ekleminde ve \u00e7i\u011fneme kaslar\u0131nda hissedilen a\u011fr\u0131 ve k\u0131t\u0131rt\u0131d\u0131r.\" \/>\n<meta property=\"og:url\" content=\"https:\/\/www.erdemyorukoglu.com\/de\/tedaviler\/cene-eklemi-problemleri\/\" \/>\n<meta property=\"og:site_name\" content=\"Erdem Y\u00f6r\u00fcko\u011flu \/\/ Manuel Terapi, Fizyoterapist, Ankara\" \/>\n<meta property=\"article:modified_time\" content=\"2025-08-16T13:47:18+00:00\" \/>\n<meta property=\"og:image\" content=\"https:\/\/www.erdemyorukoglu.com\/wp-content\/uploads\/2019\/01\/cene_slider.jpg\" \/>\n\t<meta property=\"og:image:width\" content=\"1640\" \/>\n\t<meta property=\"og:image:height\" content=\"600\" \/>\n\t<meta property=\"og:image:type\" content=\"image\/jpeg\" \/>\n<meta name=\"twitter:card\" content=\"summary_large_image\" \/>\n<meta name=\"twitter:label1\" content=\"Gesch\u00e4tzte Lesezeit\" \/>\n\t<meta name=\"twitter:data1\" content=\"2\u00a0Minuten\" \/>\n<script type=\"application\/ld+json\" class=\"yoast-schema-graph\">{\"@context\":\"https:\/\/schema.org\",\"@graph\":[{\"@type\":\"WebPage\",\"@id\":\"https:\/\/www.erdemyorukoglu.com\/tr\/tedaviler\/cene-eklemi-problemleri\/\",\"url\":\"https:\/\/www.erdemyorukoglu.com\/tr\/tedaviler\/cene-eklemi-problemleri\/\",\"name\":\"K\u0130EFERGELENK PROBLEMEK\u0130EFERGELENK PROBLEMEErdem Y\u00f6r\u00fcko\u011flu \/\/ Manuel Terapi, Fizyoterapist, Ankara - K\u0130EFERGELENK PROBLEME\",\"isPartOf\":{\"@id\":\"https:\/\/www.erdemyorukoglu.com\/en\/#website\"},\"datePublished\":\"2019-01-05T18:12:12+00:00\",\"dateModified\":\"2025-08-16T13:47:18+00:00\",\"description\":\"\u00c7ene eklem problemleri; alt ve \u00fcst \u00e7eneyi birbirine ba\u011flayan eklem ve kaslar\u0131n do\u011fru \u00e7al\u0131\u015fmamas\u0131ndan kaynaklan\u0131r. \u00c7ene eklemi bozuklu\u011funun en bilinen belirtisi \u00e7ene ekleminde ve \u00e7i\u011fneme kaslar\u0131nda hissedilen a\u011fr\u0131 ve k\u0131t\u0131rt\u0131d\u0131r.\",\"breadcrumb\":{\"@id\":\"https:\/\/www.erdemyorukoglu.com\/tr\/tedaviler\/cene-eklemi-problemleri\/#breadcrumb\"},\"inLanguage\":\"de-DE\",\"potentialAction\":[{\"@type\":\"ReadAction\",\"target\":[\"https:\/\/www.erdemyorukoglu.com\/tr\/tedaviler\/cene-eklemi-problemleri\/\"]}]},{\"@type\":\"BreadcrumbList\",\"@id\":\"https:\/\/www.erdemyorukoglu.com\/tr\/tedaviler\/cene-eklemi-problemleri\/#breadcrumb\",\"itemListElement\":[{\"@type\":\"ListItem\",\"position\":1,\"name\":\"MANUEL TERAP\u0130 ANKARA %%sep%% %%sitename%%\",\"item\":\"https:\/\/www.erdemyorukoglu.com\/de\/\"},{\"@type\":\"ListItem\",\"position\":2,\"name\":\"TEDAV\u0130LER\",\"item\":\"https:\/\/www.erdemyorukoglu.com\/en\/tedaviler\/\"},{\"@type\":\"ListItem\",\"position\":3,\"name\":\"\u00c7ENE EKLEM\u0130 PROBLEMLER\u0130\"}]},{\"@type\":\"WebSite\",\"@id\":\"https:\/\/www.erdemyorukoglu.com\/en\/#website\",\"url\":\"https:\/\/www.erdemyorukoglu.com\/en\/\",\"name\":\"Erdem Y\u00f6r\u00fcko\u011flu \/\/ Manuel Terapi, Fizyoterapist, Ankara\",\"description\":\"Manuel Terapi, Kayropraktik, Fizyoterapi, Bel ve Boyun F\u0131t\u0131\u011f\u0131, Lenf\u00f6dem Tedavisi, Gyrotonic, Skolyoz, Ankara\",\"publisher\":{\"@id\":\"https:\/\/www.erdemyorukoglu.com\/en\/#\/schema\/person\/854314645f5beb1ce61d3d55971d52e1\"},\"potentialAction\":[{\"@type\":\"SearchAction\",\"target\":{\"@type\":\"EntryPoint\",\"urlTemplate\":\"https:\/\/www.erdemyorukoglu.com\/en\/?s={search_term_string}\"},\"query-input\":{\"@type\":\"PropertyValueSpecification\",\"valueRequired\":true,\"valueName\":\"search_term_string\"}}],\"inLanguage\":\"de-DE\"},{\"@type\":[\"Person\",\"Organization\"],\"@id\":\"https:\/\/www.erdemyorukoglu.com\/en\/#\/schema\/person\/854314645f5beb1ce61d3d55971d52e1\",\"name\":\"Erdem Y\u00f6r\u00fcko\u011flu\",\"image\":{\"@type\":\"ImageObject\",\"inLanguage\":\"de-DE\",\"@id\":\"https:\/\/www.erdemyorukoglu.com\/en\/#\/schema\/person\/image\/\",\"url\":\"https:\/\/www.erdemyorukoglu.com\/wp-content\/uploads\/2018\/11\/fav-icon-1.png\",\"contentUrl\":\"https:\/\/www.erdemyorukoglu.com\/wp-content\/uploads\/2018\/11\/fav-icon-1.png\",\"width\":512,\"height\":512,\"caption\":\"Erdem Y\u00f6r\u00fcko\u011flu\"},\"logo\":{\"@id\":\"https:\/\/www.erdemyorukoglu.com\/en\/#\/schema\/person\/image\/\"}}]}<\/script>\n<!-- \/ Yoast SEO plugin. -->","yoast_head_json":{"title":"K\u0130EFERGELENK PROBLEMEK\u0130EFERGELENK PROBLEMEErdem Y\u00f6r\u00fcko\u011flu \/\/ Manuel Terapi, Fizyoterapist, Ankara - K\u0130EFERGELENK PROBLEME","description":"\u00c7ene eklem problemleri; alt ve \u00fcst \u00e7eneyi birbirine ba\u011flayan eklem ve kaslar\u0131n do\u011fru \u00e7al\u0131\u015fmamas\u0131ndan kaynaklan\u0131r. \u00c7ene eklemi bozuklu\u011funun en bilinen belirtisi \u00e7ene ekleminde ve \u00e7i\u011fneme kaslar\u0131nda hissedilen a\u011fr\u0131 ve k\u0131t\u0131rt\u0131d\u0131r.","robots":{"index":"index","follow":"follow","max-snippet":"max-snippet:-1","max-image-preview":"max-image-preview:large","max-video-preview":"max-video-preview:-1"},"canonical":"https:\/\/www.erdemyorukoglu.com\/de\/tedaviler\/cene-eklemi-problemleri\/","og_locale":"de_DE","og_type":"article","og_title":"[:tr][:tr]\u00c7ENE EKLEM\u0130 PROBLEMLER\u0130[:en]JAW JOINTS PROBLEMS[:de]K\u0130EFERGELENK PROBLEME[:] - Erdem Y\u00f6r\u00fcko\u011flu \/\/ Manuel Terapi, Fizyoterapist, Ankara[:en][:tr]\u00c7ENE EKLEM\u0130 PROBLEMLER\u0130[:en]JAW JOINTS PROBLEMS[:de]K\u0130EFERGELENK PROBLEME[:] - Erdem Y\u00f6r\u00fcko\u011flu \/\/ Manuel Terapi, Fizyoterapist, Ankara[:de]Erdem Y\u00f6r\u00fcko\u011flu \/\/ Manuel Terapi, Fizyoterapist, Ankara - [:tr]\u00c7ENE EKLEM\u0130 PROBLEMLER\u0130[:en]JAW JOINTS PROBLEMS[:de]K\u0130EFERGELENK PROBLEME[:][:]","og_description":"[:tr]\u00c7ene eklem problemleri; alt ve \u00fcst \u00e7eneyi birbirine ba\u011flayan eklem ve kaslar\u0131n do\u011fru \u00e7al\u0131\u015fmamas\u0131ndan kaynaklan\u0131r. \u00c7ene eklemi bozuklu\u011funun en bilinen belirtisi \u00e7ene ekleminde ve \u00e7i\u011fneme kaslar\u0131nda hissedilen a\u011fr\u0131 ve k\u0131t\u0131rt\u0131d\u0131r.[:]","og_url":"https:\/\/www.erdemyorukoglu.com\/de\/tedaviler\/cene-eklemi-problemleri\/","og_site_name":"Erdem Y\u00f6r\u00fcko\u011flu \/\/ Manuel Terapi, Fizyoterapist, Ankara","article_modified_time":"2025-08-16T13:47:18+00:00","og_image":[{"width":1640,"height":600,"url":"https:\/\/www.erdemyorukoglu.com\/wp-content\/uploads\/2019\/01\/cene_slider.jpg","type":"image\/jpeg"}],"twitter_card":"summary_large_image","twitter_misc":{"Gesch\u00e4tzte Lesezeit":"2\u00a0Minuten"},"schema":{"@context":"https:\/\/schema.org","@graph":[{"@type":"WebPage","@id":"https:\/\/www.erdemyorukoglu.com\/tr\/tedaviler\/cene-eklemi-problemleri\/","url":"https:\/\/www.erdemyorukoglu.com\/tr\/tedaviler\/cene-eklemi-problemleri\/","name":"K\u0130EFERGELENK PROBLEMEK\u0130EFERGELENK PROBLEMEErdem Y\u00f6r\u00fcko\u011flu \/\/ Manuel Terapi, Fizyoterapist, Ankara - K\u0130EFERGELENK PROBLEME","isPartOf":{"@id":"https:\/\/www.erdemyorukoglu.com\/en\/#website"},"datePublished":"2019-01-05T18:12:12+00:00","dateModified":"2025-08-16T13:47:18+00:00","description":"\u00c7ene eklem problemleri; alt ve \u00fcst \u00e7eneyi birbirine ba\u011flayan eklem ve kaslar\u0131n do\u011fru \u00e7al\u0131\u015fmamas\u0131ndan kaynaklan\u0131r. \u00c7ene eklemi bozuklu\u011funun en bilinen belirtisi \u00e7ene ekleminde ve \u00e7i\u011fneme kaslar\u0131nda hissedilen a\u011fr\u0131 ve k\u0131t\u0131rt\u0131d\u0131r.","breadcrumb":{"@id":"https:\/\/www.erdemyorukoglu.com\/tr\/tedaviler\/cene-eklemi-problemleri\/#breadcrumb"},"inLanguage":"de-DE","potentialAction":[{"@type":"ReadAction","target":["https:\/\/www.erdemyorukoglu.com\/tr\/tedaviler\/cene-eklemi-problemleri\/"]}]},{"@type":"BreadcrumbList","@id":"https:\/\/www.erdemyorukoglu.com\/tr\/tedaviler\/cene-eklemi-problemleri\/#breadcrumb","itemListElement":[{"@type":"ListItem","position":1,"name":"MANUEL TERAP\u0130 ANKARA %%sep%% %%sitename%%","item":"https:\/\/www.erdemyorukoglu.com\/de\/"},{"@type":"ListItem","position":2,"name":"TEDAV\u0130LER","item":"https:\/\/www.erdemyorukoglu.com\/en\/tedaviler\/"},{"@type":"ListItem","position":3,"name":"\u00c7ENE EKLEM\u0130 PROBLEMLER\u0130"}]},{"@type":"WebSite","@id":"https:\/\/www.erdemyorukoglu.com\/en\/#website","url":"https:\/\/www.erdemyorukoglu.com\/en\/","name":"Erdem Y\u00f6r\u00fcko\u011flu \/\/ Manuel Terapi, Fizyoterapist, Ankara","description":"Manuel Terapi, Kayropraktik, Fizyoterapi, Bel ve Boyun F\u0131t\u0131\u011f\u0131, Lenf\u00f6dem Tedavisi, Gyrotonic, Skolyoz, Ankara","publisher":{"@id":"https:\/\/www.erdemyorukoglu.com\/en\/#\/schema\/person\/854314645f5beb1ce61d3d55971d52e1"},"potentialAction":[{"@type":"SearchAction","target":{"@type":"EntryPoint","urlTemplate":"https:\/\/www.erdemyorukoglu.com\/en\/?s={search_term_string}"},"query-input":{"@type":"PropertyValueSpecification","valueRequired":true,"valueName":"search_term_string"}}],"inLanguage":"de-DE"},{"@type":["Person","Organization"],"@id":"https:\/\/www.erdemyorukoglu.com\/en\/#\/schema\/person\/854314645f5beb1ce61d3d55971d52e1","name":"Erdem Y\u00f6r\u00fcko\u011flu","image":{"@type":"ImageObject","inLanguage":"de-DE","@id":"https:\/\/www.erdemyorukoglu.com\/en\/#\/schema\/person\/image\/","url":"https:\/\/www.erdemyorukoglu.com\/wp-content\/uploads\/2018\/11\/fav-icon-1.png","contentUrl":"https:\/\/www.erdemyorukoglu.com\/wp-content\/uploads\/2018\/11\/fav-icon-1.png","width":512,"height":512,"caption":"Erdem Y\u00f6r\u00fcko\u011flu"},"logo":{"@id":"https:\/\/www.erdemyorukoglu.com\/en\/#\/schema\/person\/image\/"}}]}},"_links":{"self":[{"href":"https:\/\/www.erdemyorukoglu.com\/de\/wp-json\/wp\/v2\/pages\/3303","targetHints":{"allow":["GET"]}}],"collection":[{"href":"https:\/\/www.erdemyorukoglu.com\/de\/wp-json\/wp\/v2\/pages"}],"about":[{"href":"https:\/\/www.erdemyorukoglu.com\/de\/wp-json\/wp\/v2\/types\/page"}],"author":[{"embeddable":true,"href":"https:\/\/www.erdemyorukoglu.com\/de\/wp-json\/wp\/v2\/users\/1"}],"replies":[{"embeddable":true,"href":"https:\/\/www.erdemyorukoglu.com\/de\/wp-json\/wp\/v2\/comments?post=3303"}],"version-history":[{"count":10,"href":"https:\/\/www.erdemyorukoglu.com\/de\/wp-json\/wp\/v2\/pages\/3303\/revisions"}],"predecessor-version":[{"id":3729,"href":"https:\/\/www.erdemyorukoglu.com\/de\/wp-json\/wp\/v2\/pages\/3303\/revisions\/3729"}],"up":[{"embeddable":true,"href":"https:\/\/www.erdemyorukoglu.com\/de\/wp-json\/wp\/v2\/pages\/2995"}],"wp:attachment":[{"href":"https:\/\/www.erdemyorukoglu.com\/de\/wp-json\/wp\/v2\/media?parent=3303"}],"curies":[{"name":"wp","href":"https:\/\/api.w.org\/{rel}","templated":true}]}}