{"id":3485,"date":"2019-02-03T23:42:25","date_gmt":"2019-02-03T20:42:25","guid":{"rendered":"https:\/\/www.erdemyorukoglu.com\/tr\/?page_id=3485"},"modified":"2025-08-16T17:05:18","modified_gmt":"2025-08-16T14:05:18","slug":"derin-doku-tetik-nokta-masaji","status":"publish","type":"page","link":"https:\/\/www.erdemyorukoglu.com\/de\/uzmanliklar\/derin-doku-tetik-nokta-masaji\/","title":{"rendered":"TIEFE GEWEBE UND TRIGGERPUNKT MASSAGE"},"content":{"rendered":"<div class=\"wpb-content-wrapper\">[vc_row curly_padding=&#8220;content-padding-none&#8220;][vc_column curly_padding=&#8220;content-padding&#8220;][vc_column_text]\n<h1 style=\"text-align: center;\"><strong>TIEFE GEWEBE UND TRIGGERPUNKTMASSAGE <\/strong><\/h1>\n[\/vc_column_text][\/vc_column][\/vc_row][vc_row full_height=&#8220;yes&#8220; content_placement=&#8220;middle&#8220; curly_padding=&#8220;content-padding-none&#8220;][vc_column width=&#8220;1\/2&#8243;][vc_single_image image=&#8220;3215&#8243; img_size=&#8220;large&#8220; style=&#8220;img-frame-large&#8220;][\/vc_column][vc_column width=&#8220;1\/2&#8243; curly_padding=&#8220;content-padding-xs&#8220;][vc_column_text]Die Triggerpunktmassage wird angewendet, um die durch Kr\u00e4mpfe und Nervenkontraktionen verursachten Schmerzen zu lindern und sogar zu beseitigen.<\/p>\n<p>Die Triggerpunkttherapie, auch als myofasziale Triggerpunkttherapie bezeichnet, wurde zum ersten Mal auf der Welt von der amerikanischen \u00c4rztin Dr. Janet Travell eingef\u00fchrt. Ab den 40er Jahren wurde die Triggerpunkttherapie als neuer Zweig der Alternativmedizin anerkannt. Aufgrund der positiven Ergebnisse der Patienten, die sich einer Therapie unterziehen, ist die Triggerpunkttherapie weit verbreitet und hat weltweit Beachtung gefunden.[\/vc_column_text][\/vc_column][\/vc_row][vc_row full_width=&#8220;stretch_row&#8220; curly_padding=&#8220;content-padding-none&#8220;][vc_column curly_padding=&#8220;content-padding&#8220;][vc_single_image image=&#8220;3211&#8243; img_size=&#8220;full&#8220; alignment=&#8220;center&#8220; style=&#8220;img-frame-large&#8220;][\/vc_column][\/vc_row][vc_row full_height=&#8220;yes&#8220; columns_placement=&#8220;top&#8220; content_placement=&#8220;top&#8220; curly_padding=&#8220;content-padding-none&#8220;][vc_column width=&#8220;1\/2&#8243; curly_padding=&#8220;content-padding-none&#8220;][vc_column_text]\n<h4><strong>Was ist ein Triggerpunkt?<\/strong><\/h4>\n<p>Myofascial Trigger Point, auch Trigger Point genannt. Sie sind hochgradig lokalisiert und sehr empfindlich durch die manuelle Untersuchungsmethode in den gestreckten B\u00e4ndern der Skelettmuskulatur. Myofaszialer Triggerpunktschmerz; Es ist eine Schmerzart, die durch Schmerzen, Empfindlichkeit und Steifheit gekennzeichnet ist, die in einer oder mehreren Muskelgruppen auftreten. Es wird auch von den Menschen wie Kr\u00e4mpfe, Muskelrheumatismus oder Schlagen genannt.<\/p>\n<p>Es verursacht Bewegungsbeschr\u00e4nkungen aufgrund von Muskelschmerzen. Es bewirkt, dass mehr oder weniger Muskeln arbeiten, und verursacht ein Ungleichgewicht zwischen den Muskeln. Aufgrund dieses Ungleichgewichts in den Muskeln treten im Laufe der Zeit \u00e4hnliche Probleme in anderen K\u00f6rperteilen auf. Um zu zeigen; In den Muskeln der Taille verursacht der in M. Quadratus Lumborum gefundene Ausl\u00f6sepunkt Schmerzen im H\u00fcftbereich. Wenn dieser Zustand nicht behandelt wird, werden andere Regionen von Schwierigkeiten begleitet.<\/p>\n<h4><strong>Triggerpunkte<\/strong><\/h4>\n<p>Es basiert darauf, zuerst die zentralen Ausl\u00f6sepunkte der Muskeln zu finden, um die myofazialen Schmerzprobleme zu bestimmen. Triggerpunkte in unserem K\u00f6rper befinden sich immer im Mittelpunkt der Muskelfasern. Diese Punkte sind die Punkte, an denen die motorischen Nerven hereinkommen und den Muskeln sagen, sie sollen sich zusammenziehen und die Signale \u00fcbertragen. Dies sind auch die Punkte, an denen das Sarkom im Moment der Verriegelung selbst einen Ausl\u00f6sepunkt gebildet hat. Das Erkennen der inneren Struktur des Muskels und das Erkennen seiner gro\u00dfen Fl\u00e4che hilft auch, die Triggerpunkte zu finden.<\/p>\n<h4><strong>Wie treten Triggerpunktschmerzen auf?<\/strong><\/h4>\n<p>Unfall, Sturz, Dehnung oder \u00dcberbeanspruchung sind die h\u00e4ufigsten Ursachen f\u00fcr die Triggerpunktbildung. Abh\u00e4ngig vom Trauma; Frakturen, Luxationen und Muskelrisse, Weichteilverletzungen, Weichteil- und Knocheninfektionen k\u00f6nnen Triggerpunktbildung verursachen. Glutealmuskelspritzen, Berufskrankheiten, Zubeh\u00f6r wie die Geldb\u00f6rse in der Ges\u00e4\u00dftasche, die den Glutealdruck erh\u00f6ht, k\u00f6nnen diese Situation verursachen. Exzessive Sportarten sowie v\u00f6llig bewegungsunf\u00e4hige und nicht sportliche Aktivit\u00e4ten k\u00f6nnen ebenfalls den Ausl\u00f6ser ausl\u00f6sen. Insbesondere der \u00fcberm\u00e4\u00dfig unbewusste und unsachgem\u00e4\u00dfe Einsatz von Muskeln ist eine der h\u00e4ufigsten Ursachen f\u00fcr Triggerpunkte.<\/p>\n<h4><strong>H\u00e4ufigste Ausl\u00f6serursachen<\/strong><\/h4>\n<p>Unfall, Sturz, Stress und \u00dcberlastung sind die bekanntesten Ursachen f\u00fcr Ausl\u00f6sepunkte.<\/p>\n<p>\u00dcberbeanspruchung der Muskeln.<\/p>\n<p>Der unvermeidliche Einsatz von Muskeln.<\/p>\n<p>Ohne Verdacht den Missbrauch von Muskeln.<\/p>\n<p>Fibromyalgie[\/vc_column_text][\/vc_column][vc_column width=&#8220;1\/2&#8243; curly_padding=&#8220;content-padding-none&#8220;][vc_column_text]\n<h4><strong>Triggerpunkt-Symptome<\/strong><\/h4>\n<p>Die sensorischen Manifestationen der myofazialen Ausl\u00f6sepunkte in der Person sind vielf\u00e4ltig und nicht nur auf Schmerzen beschr\u00e4nkt.<\/p>\n<p>Die Symptome einer Funktionsst\u00f6rung, \u00fcberm\u00e4\u00dfige Muskelsteifigkeit, extreme Schw\u00e4che, \u00d6deme und \u00dcbelkeit, Schwindel, Haltungsst\u00f6rungen sind sehr unterschiedlich.<\/p>\n<p>Reflektierte Schmerzen.<\/p>\n<p>Jamming von Nerven und Nerven.<\/p>\n<p>Auswirkungen des autonomen Auftretens.<\/p>\n<p>Probleme bei Bewegungsschwierigkeiten.<\/p>\n<p>Probleme in der Stimmung.<\/p>\n<h4><strong>Triggerpunktmassage<\/strong><\/h4>\n<p>Die Triggerpunktmassage wird angewendet, um Schmerzen, die durch Muskelkr\u00e4mpfe und Nervenkontraktionen (Spasmen) verursacht werden, zu lindern oder sogar zu beseitigen. Es ist besonders vorteilhaft bei Kopfschmerzen, Nackensteifigkeit, betroffenen Schultern, R\u00fcckenschmerzen, R\u00fcckenschmerzen, Lendenwirbelsteifigkeit und Ischias. Die Triggerpunktmassage wird untersucht, um die Muskeln bis ins kleinste Detail zu vertiefen. In dieser Anwendung werden Bindegewebsgelenke und tieferes Bindegewebe in der N\u00e4he der Oberfl\u00e4chenmuskulatur detailliert untersucht.<\/p>\n<p>Triggerpunkt-Massage: Durch die Triggerpunkte verk\u00fcrzen und dehnen die Muskeln die Nerven, Taubheitsgef\u00fchl, Kribbeln und Brennen und k\u00f6nnen abnorme Empfindungen wie erh\u00f6hte Empfindlichkeit verursachen. Der Ausl\u00f6sepunkt des im Wadenbereich befindlichen Muskels kann die Durchblutung beeintr\u00e4chtigen, das Sprunggelenk verursachen und beim Stehen Schwellungen verursachen. Das gleiche im Nackenmuskel kann Schwellungen in der Hand und im Handgelenk verursachen. Triggerpunkte k\u00f6nnen dazu f\u00fchren, dass ihre Muskeln kurz und sehr hart werden, Bewegungen einschr\u00e4nken, die Muskeln schneller und schneller erm\u00fcden und bei Gelenkbewegungen stolpern.<\/p>\n<h4><strong>Wo sind die Triggerpunkte?<\/strong><\/h4>\n<p>Die h\u00e4ufigsten Stellen der Triggerpunkte sind die Nacken- und R\u00fcckenmuskulatur. Abgesehen davon ist sie auch h\u00e4ufig an Schulter, Ellbogen, Taille, H\u00fcfte und Knie zu sehen.[\/vc_column_text][\/vc_column][\/vc_row]\n<\/div>","protected":false},"excerpt":{"rendered":"<p>[vc_row curly_padding=&#8220;content-padding-none&#8220;][vc_column curly_padding=&#8220;content-padding&#8220;][vc_column_text] TIEFE GEWEBE UND TRIGGERPUNKTMASSAGE [\/vc_column_text][\/vc_column][\/vc_row][vc_row full_height=&#8220;yes&#8220; content_placement=&#8220;middle&#8220; curly_padding=&#8220;content-padding-none&#8220;][vc_column width=&#8220;1\/2&#8243;][vc_single_image image=&#8220;3215&#8243; img_size=&#8220;large&#8220; style=&#8220;img-frame-large&#8220;][\/vc_column][vc_column width=&#8220;1\/2&#8243; curly_padding=&#8220;content-padding-xs&#8220;][vc_column_text]Die Triggerpunktmassage wird angewendet, um die durch Kr\u00e4mpfe und Nervenkontraktionen verursachten Schmerzen zu lindern und sogar zu beseitigen. Die Triggerpunkttherapie, auch als myofasziale Triggerpunkttherapie bezeichnet, wurde zum ersten Mal auf der Welt von der amerikanischen \u00c4rztin Dr. Janet Travell eingef\u00fchrt. Ab den 40er Jahren [&hellip;]<\/p>\n","protected":false},"author":1,"featured_media":0,"parent":9,"menu_order":0,"comment_status":"closed","ping_status":"closed","template":"","meta":{"inline_featured_image":false,"footnotes":""},"class_list":["post-3485","page","type-page","status-publish","hentry"],"yoast_head":"<!-- This site is optimized with the Yoast SEO plugin v25.7 - https:\/\/yoast.com\/wordpress\/plugins\/seo\/ -->\n<title>TIEFE GEWEBE UND TRIGGERPUNKT MASSAGETIEFE GEWEBE UND TRIGGERPUNKT MASSAGEErdem Y\u00f6r\u00fcko\u011flu \/\/ Manuel Terapi, Fizyoterapist, Ankara - TIEFE GEWEBE UND TRIGGERPUNKT MASSAGE<\/title>\n<meta name=\"description\" content=\"Tetik nokta masaj\u0131 kas kramplar\u0131n\u0131n ve spazm olarak bilinen sinir kas\u0131lmalar\u0131n\u0131n sebep oldu\u011fu a\u011fr\u0131lar\u0131 hafifletmek ve hatta tamamen yok etmek i\u00e7in uygulan\u0131r.\" \/>\n<meta name=\"robots\" content=\"index, follow, max-snippet:-1, max-image-preview:large, max-video-preview:-1\" \/>\n<link rel=\"canonical\" href=\"https:\/\/www.erdemyorukoglu.com\/de\/uzmanliklar\/derin-doku-tetik-nokta-masaji\/\" \/>\n<meta property=\"og:locale\" content=\"de_DE\" \/>\n<meta property=\"og:locale:alternate\" content=\"tr_TR\" \/>\n<meta property=\"og:locale:alternate\" content=\"en_US\" \/>\n<meta property=\"og:type\" content=\"article\" \/>\n<meta property=\"og:title\" content=\"TIEFE GEWEBE UND TRIGGERPUNKT MASSAGETIEFE GEWEBE UND TRIGGERPUNKT MASSAGEErdem Y\u00f6r\u00fcko\u011flu \/\/ Manuel Terapi, Fizyoterapist, Ankara - TIEFE GEWEBE UND TRIGGERPUNKT MASSAGE\" \/>\n<meta property=\"og:description\" content=\"Tetik nokta masaj\u0131 kas kramplar\u0131n\u0131n ve spazm olarak bilinen sinir kas\u0131lmalar\u0131n\u0131n sebep oldu\u011fu a\u011fr\u0131lar\u0131 hafifletmek ve hatta tamamen yok etmek i\u00e7in uygulan\u0131r.\" \/>\n<meta property=\"og:url\" content=\"https:\/\/www.erdemyorukoglu.com\/de\/uzmanliklar\/derin-doku-tetik-nokta-masaji\/\" \/>\n<meta property=\"og:site_name\" content=\"Erdem Y\u00f6r\u00fcko\u011flu \/\/ Manuel Terapi, Fizyoterapist, Ankara\" \/>\n<meta property=\"article:modified_time\" content=\"2025-08-16T14:05:18+00:00\" \/>\n<meta property=\"og:image\" content=\"https:\/\/www.erdemyorukoglu.com\/wp-content\/uploads\/2019\/01\/tetik_nokta_1.jpg\" \/>\n\t<meta property=\"og:image:width\" content=\"1200\" \/>\n\t<meta property=\"og:image:height\" content=\"800\" \/>\n\t<meta property=\"og:image:type\" content=\"image\/jpeg\" \/>\n<meta name=\"twitter:card\" content=\"summary_large_image\" \/>\n<meta name=\"twitter:label1\" content=\"Gesch\u00e4tzte Lesezeit\" \/>\n\t<meta name=\"twitter:data1\" content=\"5\u00a0Minuten\" \/>\n<script type=\"application\/ld+json\" class=\"yoast-schema-graph\">{\"@context\":\"https:\/\/schema.org\",\"@graph\":[{\"@type\":\"WebPage\",\"@id\":\"https:\/\/www.erdemyorukoglu.com\/tr\/uzmanliklar\/derin-doku-tetik-nokta-masaji\/\",\"url\":\"https:\/\/www.erdemyorukoglu.com\/tr\/uzmanliklar\/derin-doku-tetik-nokta-masaji\/\",\"name\":\"TIEFE GEWEBE UND TRIGGERPUNKT MASSAGETIEFE GEWEBE UND TRIGGERPUNKT MASSAGEErdem Y\u00f6r\u00fcko\u011flu \/\/ Manuel Terapi, Fizyoterapist, Ankara - TIEFE GEWEBE UND TRIGGERPUNKT MASSAGE\",\"isPartOf\":{\"@id\":\"https:\/\/www.erdemyorukoglu.com\/en\/#website\"},\"datePublished\":\"2019-02-03T20:42:25+00:00\",\"dateModified\":\"2025-08-16T14:05:18+00:00\",\"description\":\"Tetik nokta masaj\u0131 kas kramplar\u0131n\u0131n ve spazm olarak bilinen sinir kas\u0131lmalar\u0131n\u0131n sebep oldu\u011fu a\u011fr\u0131lar\u0131 hafifletmek ve hatta tamamen yok etmek i\u00e7in uygulan\u0131r.\",\"breadcrumb\":{\"@id\":\"https:\/\/www.erdemyorukoglu.com\/tr\/uzmanliklar\/derin-doku-tetik-nokta-masaji\/#breadcrumb\"},\"inLanguage\":\"de-DE\",\"potentialAction\":[{\"@type\":\"ReadAction\",\"target\":[\"https:\/\/www.erdemyorukoglu.com\/tr\/uzmanliklar\/derin-doku-tetik-nokta-masaji\/\"]}]},{\"@type\":\"BreadcrumbList\",\"@id\":\"https:\/\/www.erdemyorukoglu.com\/tr\/uzmanliklar\/derin-doku-tetik-nokta-masaji\/#breadcrumb\",\"itemListElement\":[{\"@type\":\"ListItem\",\"position\":1,\"name\":\"MANUEL TERAP\u0130 ANKARA %%sep%% %%sitename%%\",\"item\":\"https:\/\/www.erdemyorukoglu.com\/de\/\"},{\"@type\":\"ListItem\",\"position\":2,\"name\":\"UZMANLIKLAR\",\"item\":\"https:\/\/www.erdemyorukoglu.com\/de\/uzmanliklar\/\"},{\"@type\":\"ListItem\",\"position\":3,\"name\":\"DER\u0130N DOKU ve TET\u0130K NOKTA MASAJI\"}]},{\"@type\":\"WebSite\",\"@id\":\"https:\/\/www.erdemyorukoglu.com\/en\/#website\",\"url\":\"https:\/\/www.erdemyorukoglu.com\/en\/\",\"name\":\"Erdem Y\u00f6r\u00fcko\u011flu \/\/ Manuel Terapi, Fizyoterapist, Ankara\",\"description\":\"Manuel Terapi, Kayropraktik, Fizyoterapi, Bel ve Boyun F\u0131t\u0131\u011f\u0131, Lenf\u00f6dem Tedavisi, Gyrotonic, Skolyoz, Ankara\",\"publisher\":{\"@id\":\"https:\/\/www.erdemyorukoglu.com\/en\/#\/schema\/person\/854314645f5beb1ce61d3d55971d52e1\"},\"potentialAction\":[{\"@type\":\"SearchAction\",\"target\":{\"@type\":\"EntryPoint\",\"urlTemplate\":\"https:\/\/www.erdemyorukoglu.com\/en\/?s={search_term_string}\"},\"query-input\":{\"@type\":\"PropertyValueSpecification\",\"valueRequired\":true,\"valueName\":\"search_term_string\"}}],\"inLanguage\":\"de-DE\"},{\"@type\":[\"Person\",\"Organization\"],\"@id\":\"https:\/\/www.erdemyorukoglu.com\/en\/#\/schema\/person\/854314645f5beb1ce61d3d55971d52e1\",\"name\":\"Erdem Y\u00f6r\u00fcko\u011flu\",\"image\":{\"@type\":\"ImageObject\",\"inLanguage\":\"de-DE\",\"@id\":\"https:\/\/www.erdemyorukoglu.com\/en\/#\/schema\/person\/image\/\",\"url\":\"https:\/\/www.erdemyorukoglu.com\/wp-content\/uploads\/2018\/11\/fav-icon-1.png\",\"contentUrl\":\"https:\/\/www.erdemyorukoglu.com\/wp-content\/uploads\/2018\/11\/fav-icon-1.png\",\"width\":512,\"height\":512,\"caption\":\"Erdem Y\u00f6r\u00fcko\u011flu\"},\"logo\":{\"@id\":\"https:\/\/www.erdemyorukoglu.com\/en\/#\/schema\/person\/image\/\"}}]}<\/script>\n<!-- \/ Yoast SEO plugin. -->","yoast_head_json":{"title":"TIEFE GEWEBE UND TRIGGERPUNKT MASSAGETIEFE GEWEBE UND TRIGGERPUNKT MASSAGEErdem Y\u00f6r\u00fcko\u011flu \/\/ Manuel Terapi, Fizyoterapist, Ankara - TIEFE GEWEBE UND TRIGGERPUNKT MASSAGE","description":"Tetik nokta masaj\u0131 kas kramplar\u0131n\u0131n ve spazm olarak bilinen sinir kas\u0131lmalar\u0131n\u0131n sebep oldu\u011fu a\u011fr\u0131lar\u0131 hafifletmek ve hatta tamamen yok etmek i\u00e7in uygulan\u0131r.","robots":{"index":"index","follow":"follow","max-snippet":"max-snippet:-1","max-image-preview":"max-image-preview:large","max-video-preview":"max-video-preview:-1"},"canonical":"https:\/\/www.erdemyorukoglu.com\/de\/uzmanliklar\/derin-doku-tetik-nokta-masaji\/","og_locale":"de_DE","og_type":"article","og_title":"[:tr][:tr]DER\u0130N DOKU ve TET\u0130K NOKTA MASAJI[:en]DEEP TISSUE AND TRIGGER POINT MASSAGE[:de]TIEFE GEWEBE UND TRIGGERPUNKT MASSAGE[:] - Erdem Y\u00f6r\u00fcko\u011flu \/\/ Manuel Terapi, Fizyoterapist, Ankara[:en][:tr]DER\u0130N DOKU ve TET\u0130K NOKTA MASAJI[:en]DEEP TISSUE AND TRIGGER POINT MASSAGE[:de]TIEFE GEWEBE UND TRIGGERPUNKT MASSAGE[:] - Erdem Y\u00f6r\u00fcko\u011flu \/\/ Manuel Terapi, Fizyoterapist, Ankara[:de]Erdem Y\u00f6r\u00fcko\u011flu \/\/ Manuel Terapi, Fizyoterapist, Ankara - [:tr]DER\u0130N DOKU ve TET\u0130K NOKTA MASAJI[:en]DEEP TISSUE AND TRIGGER POINT MASSAGE[:de]TIEFE GEWEBE UND TRIGGERPUNKT MASSAGE[:][:]","og_description":"[:tr]Tetik nokta masaj\u0131 kas kramplar\u0131n\u0131n ve spazm olarak bilinen sinir kas\u0131lmalar\u0131n\u0131n sebep oldu\u011fu a\u011fr\u0131lar\u0131 hafifletmek ve hatta tamamen yok etmek i\u00e7in uygulan\u0131r.[:]","og_url":"https:\/\/www.erdemyorukoglu.com\/de\/uzmanliklar\/derin-doku-tetik-nokta-masaji\/","og_site_name":"Erdem Y\u00f6r\u00fcko\u011flu \/\/ Manuel Terapi, Fizyoterapist, Ankara","article_modified_time":"2025-08-16T14:05:18+00:00","og_image":[{"width":1200,"height":800,"url":"https:\/\/www.erdemyorukoglu.com\/wp-content\/uploads\/2019\/01\/tetik_nokta_1.jpg","type":"image\/jpeg"}],"twitter_card":"summary_large_image","twitter_misc":{"Gesch\u00e4tzte Lesezeit":"5\u00a0Minuten"},"schema":{"@context":"https:\/\/schema.org","@graph":[{"@type":"WebPage","@id":"https:\/\/www.erdemyorukoglu.com\/tr\/uzmanliklar\/derin-doku-tetik-nokta-masaji\/","url":"https:\/\/www.erdemyorukoglu.com\/tr\/uzmanliklar\/derin-doku-tetik-nokta-masaji\/","name":"TIEFE GEWEBE UND TRIGGERPUNKT MASSAGETIEFE GEWEBE UND TRIGGERPUNKT MASSAGEErdem Y\u00f6r\u00fcko\u011flu \/\/ Manuel Terapi, Fizyoterapist, Ankara - TIEFE GEWEBE UND TRIGGERPUNKT MASSAGE","isPartOf":{"@id":"https:\/\/www.erdemyorukoglu.com\/en\/#website"},"datePublished":"2019-02-03T20:42:25+00:00","dateModified":"2025-08-16T14:05:18+00:00","description":"Tetik nokta masaj\u0131 kas kramplar\u0131n\u0131n ve spazm olarak bilinen sinir kas\u0131lmalar\u0131n\u0131n sebep oldu\u011fu a\u011fr\u0131lar\u0131 hafifletmek ve hatta tamamen yok etmek i\u00e7in uygulan\u0131r.","breadcrumb":{"@id":"https:\/\/www.erdemyorukoglu.com\/tr\/uzmanliklar\/derin-doku-tetik-nokta-masaji\/#breadcrumb"},"inLanguage":"de-DE","potentialAction":[{"@type":"ReadAction","target":["https:\/\/www.erdemyorukoglu.com\/tr\/uzmanliklar\/derin-doku-tetik-nokta-masaji\/"]}]},{"@type":"BreadcrumbList","@id":"https:\/\/www.erdemyorukoglu.com\/tr\/uzmanliklar\/derin-doku-tetik-nokta-masaji\/#breadcrumb","itemListElement":[{"@type":"ListItem","position":1,"name":"MANUEL TERAP\u0130 ANKARA %%sep%% %%sitename%%","item":"https:\/\/www.erdemyorukoglu.com\/de\/"},{"@type":"ListItem","position":2,"name":"UZMANLIKLAR","item":"https:\/\/www.erdemyorukoglu.com\/de\/uzmanliklar\/"},{"@type":"ListItem","position":3,"name":"DER\u0130N DOKU ve TET\u0130K NOKTA MASAJI"}]},{"@type":"WebSite","@id":"https:\/\/www.erdemyorukoglu.com\/en\/#website","url":"https:\/\/www.erdemyorukoglu.com\/en\/","name":"Erdem Y\u00f6r\u00fcko\u011flu \/\/ Manuel Terapi, Fizyoterapist, Ankara","description":"Manuel Terapi, Kayropraktik, Fizyoterapi, Bel ve Boyun F\u0131t\u0131\u011f\u0131, Lenf\u00f6dem Tedavisi, Gyrotonic, Skolyoz, Ankara","publisher":{"@id":"https:\/\/www.erdemyorukoglu.com\/en\/#\/schema\/person\/854314645f5beb1ce61d3d55971d52e1"},"potentialAction":[{"@type":"SearchAction","target":{"@type":"EntryPoint","urlTemplate":"https:\/\/www.erdemyorukoglu.com\/en\/?s={search_term_string}"},"query-input":{"@type":"PropertyValueSpecification","valueRequired":true,"valueName":"search_term_string"}}],"inLanguage":"de-DE"},{"@type":["Person","Organization"],"@id":"https:\/\/www.erdemyorukoglu.com\/en\/#\/schema\/person\/854314645f5beb1ce61d3d55971d52e1","name":"Erdem Y\u00f6r\u00fcko\u011flu","image":{"@type":"ImageObject","inLanguage":"de-DE","@id":"https:\/\/www.erdemyorukoglu.com\/en\/#\/schema\/person\/image\/","url":"https:\/\/www.erdemyorukoglu.com\/wp-content\/uploads\/2018\/11\/fav-icon-1.png","contentUrl":"https:\/\/www.erdemyorukoglu.com\/wp-content\/uploads\/2018\/11\/fav-icon-1.png","width":512,"height":512,"caption":"Erdem Y\u00f6r\u00fcko\u011flu"},"logo":{"@id":"https:\/\/www.erdemyorukoglu.com\/en\/#\/schema\/person\/image\/"}}]}},"_links":{"self":[{"href":"https:\/\/www.erdemyorukoglu.com\/de\/wp-json\/wp\/v2\/pages\/3485","targetHints":{"allow":["GET"]}}],"collection":[{"href":"https:\/\/www.erdemyorukoglu.com\/de\/wp-json\/wp\/v2\/pages"}],"about":[{"href":"https:\/\/www.erdemyorukoglu.com\/de\/wp-json\/wp\/v2\/types\/page"}],"author":[{"embeddable":true,"href":"https:\/\/www.erdemyorukoglu.com\/de\/wp-json\/wp\/v2\/users\/1"}],"replies":[{"embeddable":true,"href":"https:\/\/www.erdemyorukoglu.com\/de\/wp-json\/wp\/v2\/comments?post=3485"}],"version-history":[{"count":21,"href":"https:\/\/www.erdemyorukoglu.com\/de\/wp-json\/wp\/v2\/pages\/3485\/revisions"}],"predecessor-version":[{"id":12076,"href":"https:\/\/www.erdemyorukoglu.com\/de\/wp-json\/wp\/v2\/pages\/3485\/revisions\/12076"}],"up":[{"embeddable":true,"href":"https:\/\/www.erdemyorukoglu.com\/de\/wp-json\/wp\/v2\/pages\/9"}],"wp:attachment":[{"href":"https:\/\/www.erdemyorukoglu.com\/de\/wp-json\/wp\/v2\/media?parent=3485"}],"curies":[{"name":"wp","href":"https:\/\/api.w.org\/{rel}","templated":true}]}}