{"id":3525,"date":"2019-02-10T00:44:43","date_gmt":"2019-02-09T21:44:43","guid":{"rendered":"https:\/\/www.erdemyorukoglu.com\/tr\/?page_id=3525"},"modified":"2025-08-16T17:03:40","modified_gmt":"2025-08-16T14:03:40","slug":"mulligan-konsepti","status":"publish","type":"page","link":"https:\/\/www.erdemyorukoglu.com\/de\/uzmanliklar\/mulligan-konsepti\/","title":{"rendered":"MULLIGAN"},"content":{"rendered":"<div class=\"wpb-content-wrapper\">[vc_row][vc_column][vc_column_text]\n<h1 style=\"text-align: center;\"><strong>MULLIGAN<\/strong><\/h1>\n[\/vc_column_text][\/vc_column][\/vc_row][vc_row full_width=&#8220;stretch_row&#8220; curly_bg_position=&#8220;bg-pos-center-center&#8220; curly_padding=&#8220;content-padding-xs&#8220;][vc_column width=&#8220;1\/2&#8243; curly_bg_position=&#8220;bg-pos-center-center&#8220; curly_padding=&#8220;content-padding-none&#8220;][vc_single_image image=&#8220;3526&#8243; img_size=&#8220;large&#8220; css=&#8220;.vc_custom_1549748351893{margin-bottom: 0px !important;}&#8220; el_class=&#8220;img-frame-large&#8220;][\/vc_column][vc_column width=&#8220;1\/2&#8243; curly_bg_position=&#8220;bg-pos-center-center&#8220; curly_padding=&#8220;content-padding-none&#8220;][vc_column_text curly_padding_side=&#8220;content-side-padding-xxl&#8220;]Das Mulligan-Konzept wurde in den 1980ern vom neuseel\u00e4ndischen Physiotherapeuten Brian Mulligan entwickelt. Konzeptspezifische Techniken werden sicher und effektiv bei Erkrankungen des Bewegungsapparates und des Nervensystems angewendet. Das Konzept steht im Einklang mit dem allgemeinen Wissen der bekannten manuellen Therapieans\u00e4tze, der Biomechanik, obwohl es den artrokinematischen kinematischen Prinzipien entspricht, und es unterscheidet sich signifikant von anderen Ans\u00e4tzen wie Techniken und Anwendungsprinzipien.<\/p>\n<p>Normale Gelenke<\/p>\n<p>Formen der Verbindungsfl\u00e4chen<\/p>\n<p>Knorpeldicke,<\/p>\n<p>Orientierung von B\u00e4ndern und Kapselfasern,<\/p>\n<p>und die Muskeln und Sehnen sorgen f\u00fcr eine freie, aber kontrollierte Bewegung bei gleichzeitiger Minimierung der Zugrichtung. Die durch diese Bewegung erzeugten Druckkr\u00e4fte halten dieses Gleichgewicht der normalen propriozeptiven R\u00fcckkopplung aufrecht. Die \u00c4nderung eines oder aller der oben genannten Faktoren \u00e4ndert die Gelenkposition w\u00e4hrend der Bewegung und verursacht Schmerzen, Steifheits- oder Schw\u00e4che-Symptome beim Patienten. Es ist daher eine allgemeine Idee, dass ein Therapeut versuchen wird, Gelenkfl\u00e4chen neu auszurichten.[\/vc_column_text][\/vc_column][\/vc_row][vc_row full_width=&#8220;stretch_row&#8220; curly_padding=&#8220;content-padding-xs&#8220; css=&#8220;.vc_custom_1550004540615{border-bottom-width: 1px !important;}&#8220;][vc_column width=&#8220;1\/2&#8243; curly_padding=&#8220;content-padding-none&#8220;][vc_column_text curly_padding_side=&#8220;content-side-padding-xxl&#8220;]Mulligan-Konzept; Es kann als Kombination aktiver Methoden wie Pilates, PNF und Kinetic Control mit Kaltenborn, MaitlandCyriax, Butler usw. als Kombination aktiver Methoden wie Pilates, PNF und Kinetic Control definiert werden.<\/p>\n<p>Das Hauptziel von Mulligan Concept ist die funktionale Restaurierung. Es kann leicht angewendet werden bei Problemen wie Muskel-Skelett- und Nervensystem, Winkelverlusten von Gelenken und Schmerzen. Es ist ein schmerzfreier und \u00e4u\u00dferst sicherer Ansatz.[\/vc_column_text][\/vc_column][vc_column width=&#8220;1\/2&#8243; curly_padding=&#8220;content-padding-none&#8220;][vc_single_image image=&#8220;3527&#8243; img_size=&#8220;large&#8220; css=&#8220;.vc_custom_1549748579712{margin-bottom: 0px !important;}&#8220; el_class=&#8220;img-frame-large&#8220;][\/vc_column][\/vc_row]\n<\/div>","protected":false},"excerpt":{"rendered":"<p>[vc_row][vc_column][vc_column_text] MULLIGAN [\/vc_column_text][\/vc_column][\/vc_row][vc_row full_width=&#8220;stretch_row&#8220; curly_bg_position=&#8220;bg-pos-center-center&#8220; curly_padding=&#8220;content-padding-xs&#8220;][vc_column width=&#8220;1\/2&#8243; curly_bg_position=&#8220;bg-pos-center-center&#8220; curly_padding=&#8220;content-padding-none&#8220;][vc_single_image image=&#8220;3526&#8243; img_size=&#8220;large&#8220; css=&#8220;.vc_custom_1549748351893{margin-bottom: 0px !important;}&#8220; el_class=&#8220;img-frame-large&#8220;][\/vc_column][vc_column width=&#8220;1\/2&#8243; curly_bg_position=&#8220;bg-pos-center-center&#8220; curly_padding=&#8220;content-padding-none&#8220;][vc_column_text curly_padding_side=&#8220;content-side-padding-xxl&#8220;]Das Mulligan-Konzept wurde in den 1980ern vom neuseel\u00e4ndischen Physiotherapeuten Brian Mulligan entwickelt. Konzeptspezifische Techniken werden sicher und effektiv bei Erkrankungen des Bewegungsapparates und des Nervensystems angewendet. Das Konzept steht im Einklang mit dem allgemeinen Wissen der bekannten manuellen Therapieans\u00e4tze, der Biomechanik, obwohl [&hellip;]<\/p>\n","protected":false},"author":1,"featured_media":0,"parent":9,"menu_order":0,"comment_status":"closed","ping_status":"closed","template":"","meta":{"inline_featured_image":false,"footnotes":""},"class_list":["post-3525","page","type-page","status-publish","hentry"],"yoast_head":"<!-- This site is optimized with the Yoast SEO plugin v25.7 - https:\/\/yoast.com\/wordpress\/plugins\/seo\/ -->\n<title>MULLIGANMULLIGANErdem Y\u00f6r\u00fcko\u011flu \/\/ Manuel Terapi, Fizyoterapist, Ankara - MULLIGAN<\/title>\n<meta name=\"description\" content=\"Konsept, bug\u00fcne kadar bilinen Manuel Terapi yakla\u015f\u0131mlar\u0131n\u0131n ortak bilgisi olan biyomekanik, artrokinematik kinezyolojik prensiplere uygun olmakla beraber teknikler ve uygulama prensipleri olarak di\u011fer yakla\u015f\u0131mlarla \u00f6nemli farkl\u0131l\u0131klar g\u00f6stermektedir.\" \/>\n<meta name=\"robots\" content=\"index, follow, max-snippet:-1, max-image-preview:large, max-video-preview:-1\" \/>\n<link rel=\"canonical\" href=\"https:\/\/www.erdemyorukoglu.com\/de\/uzmanliklar\/mulligan-konsepti\/\" \/>\n<meta property=\"og:locale\" content=\"de_DE\" \/>\n<meta property=\"og:locale:alternate\" content=\"tr_TR\" \/>\n<meta property=\"og:locale:alternate\" content=\"en_US\" \/>\n<meta property=\"og:type\" content=\"article\" \/>\n<meta property=\"og:title\" content=\"MULLIGANMULLIGANErdem Y\u00f6r\u00fcko\u011flu \/\/ Manuel Terapi, Fizyoterapist, Ankara - MULLIGAN\" \/>\n<meta property=\"og:description\" content=\"Konsept, bug\u00fcne kadar bilinen Manuel Terapi yakla\u015f\u0131mlar\u0131n\u0131n ortak bilgisi olan biyomekanik, artrokinematik kinezyolojik prensiplere uygun olmakla beraber teknikler ve uygulama prensipleri olarak di\u011fer yakla\u015f\u0131mlarla \u00f6nemli farkl\u0131l\u0131klar g\u00f6stermektedir.\" \/>\n<meta property=\"og:url\" content=\"https:\/\/www.erdemyorukoglu.com\/de\/uzmanliklar\/mulligan-konsepti\/\" \/>\n<meta property=\"og:site_name\" content=\"Erdem Y\u00f6r\u00fcko\u011flu \/\/ Manuel Terapi, Fizyoterapist, Ankara\" \/>\n<meta property=\"article:modified_time\" content=\"2025-08-16T14:03:40+00:00\" \/>\n<meta property=\"og:image\" content=\"https:\/\/www.erdemyorukoglu.com\/wp-content\/uploads\/2019\/02\/mulligan_2.jpg\" \/>\n\t<meta property=\"og:image:width\" content=\"800\" \/>\n\t<meta property=\"og:image:height\" content=\"800\" \/>\n\t<meta property=\"og:image:type\" content=\"image\/jpeg\" \/>\n<meta name=\"twitter:card\" content=\"summary_large_image\" \/>\n<meta name=\"twitter:label1\" content=\"Gesch\u00e4tzte Lesezeit\" \/>\n\t<meta name=\"twitter:data1\" content=\"2\u00a0Minuten\" \/>\n<script type=\"application\/ld+json\" class=\"yoast-schema-graph\">{\"@context\":\"https:\/\/schema.org\",\"@graph\":[{\"@type\":\"WebPage\",\"@id\":\"https:\/\/www.erdemyorukoglu.com\/tr\/uzmanliklar\/mulligan-konsepti\/\",\"url\":\"https:\/\/www.erdemyorukoglu.com\/tr\/uzmanliklar\/mulligan-konsepti\/\",\"name\":\"MULLIGANMULLIGANErdem Y\u00f6r\u00fcko\u011flu \/\/ Manuel Terapi, Fizyoterapist, Ankara - MULLIGAN\",\"isPartOf\":{\"@id\":\"https:\/\/www.erdemyorukoglu.com\/en\/#website\"},\"datePublished\":\"2019-02-09T21:44:43+00:00\",\"dateModified\":\"2025-08-16T14:03:40+00:00\",\"description\":\"Konsept, bug\u00fcne kadar bilinen Manuel Terapi yakla\u015f\u0131mlar\u0131n\u0131n ortak bilgisi olan biyomekanik, artrokinematik kinezyolojik prensiplere uygun olmakla beraber teknikler ve uygulama prensipleri olarak di\u011fer yakla\u015f\u0131mlarla \u00f6nemli farkl\u0131l\u0131klar g\u00f6stermektedir.\",\"breadcrumb\":{\"@id\":\"https:\/\/www.erdemyorukoglu.com\/tr\/uzmanliklar\/mulligan-konsepti\/#breadcrumb\"},\"inLanguage\":\"de-DE\",\"potentialAction\":[{\"@type\":\"ReadAction\",\"target\":[\"https:\/\/www.erdemyorukoglu.com\/tr\/uzmanliklar\/mulligan-konsepti\/\"]}]},{\"@type\":\"BreadcrumbList\",\"@id\":\"https:\/\/www.erdemyorukoglu.com\/tr\/uzmanliklar\/mulligan-konsepti\/#breadcrumb\",\"itemListElement\":[{\"@type\":\"ListItem\",\"position\":1,\"name\":\"MANUEL TERAP\u0130 ANKARA %%sep%% %%sitename%%\",\"item\":\"https:\/\/www.erdemyorukoglu.com\/de\/\"},{\"@type\":\"ListItem\",\"position\":2,\"name\":\"UZMANLIKLAR\",\"item\":\"https:\/\/www.erdemyorukoglu.com\/de\/uzmanliklar\/\"},{\"@type\":\"ListItem\",\"position\":3,\"name\":\"MULLIGAN KONSEPT\u0130\"}]},{\"@type\":\"WebSite\",\"@id\":\"https:\/\/www.erdemyorukoglu.com\/en\/#website\",\"url\":\"https:\/\/www.erdemyorukoglu.com\/en\/\",\"name\":\"Erdem Y\u00f6r\u00fcko\u011flu \/\/ Manuel Terapi, Fizyoterapist, Ankara\",\"description\":\"Manuel Terapi, Kayropraktik, Fizyoterapi, Bel ve Boyun F\u0131t\u0131\u011f\u0131, Lenf\u00f6dem Tedavisi, Gyrotonic, Skolyoz, Ankara\",\"publisher\":{\"@id\":\"https:\/\/www.erdemyorukoglu.com\/en\/#\/schema\/person\/854314645f5beb1ce61d3d55971d52e1\"},\"potentialAction\":[{\"@type\":\"SearchAction\",\"target\":{\"@type\":\"EntryPoint\",\"urlTemplate\":\"https:\/\/www.erdemyorukoglu.com\/en\/?s={search_term_string}\"},\"query-input\":{\"@type\":\"PropertyValueSpecification\",\"valueRequired\":true,\"valueName\":\"search_term_string\"}}],\"inLanguage\":\"de-DE\"},{\"@type\":[\"Person\",\"Organization\"],\"@id\":\"https:\/\/www.erdemyorukoglu.com\/en\/#\/schema\/person\/854314645f5beb1ce61d3d55971d52e1\",\"name\":\"Erdem Y\u00f6r\u00fcko\u011flu\",\"image\":{\"@type\":\"ImageObject\",\"inLanguage\":\"de-DE\",\"@id\":\"https:\/\/www.erdemyorukoglu.com\/en\/#\/schema\/person\/image\/\",\"url\":\"https:\/\/www.erdemyorukoglu.com\/wp-content\/uploads\/2018\/11\/fav-icon-1.png\",\"contentUrl\":\"https:\/\/www.erdemyorukoglu.com\/wp-content\/uploads\/2018\/11\/fav-icon-1.png\",\"width\":512,\"height\":512,\"caption\":\"Erdem Y\u00f6r\u00fcko\u011flu\"},\"logo\":{\"@id\":\"https:\/\/www.erdemyorukoglu.com\/en\/#\/schema\/person\/image\/\"}}]}<\/script>\n<!-- \/ Yoast SEO plugin. -->","yoast_head_json":{"title":"MULLIGANMULLIGANErdem Y\u00f6r\u00fcko\u011flu \/\/ Manuel Terapi, Fizyoterapist, Ankara - MULLIGAN","description":"Konsept, bug\u00fcne kadar bilinen Manuel Terapi yakla\u015f\u0131mlar\u0131n\u0131n ortak bilgisi olan biyomekanik, artrokinematik kinezyolojik prensiplere uygun olmakla beraber teknikler ve uygulama prensipleri olarak di\u011fer yakla\u015f\u0131mlarla \u00f6nemli farkl\u0131l\u0131klar g\u00f6stermektedir.","robots":{"index":"index","follow":"follow","max-snippet":"max-snippet:-1","max-image-preview":"max-image-preview:large","max-video-preview":"max-video-preview:-1"},"canonical":"https:\/\/www.erdemyorukoglu.com\/de\/uzmanliklar\/mulligan-konsepti\/","og_locale":"de_DE","og_type":"article","og_title":"[:tr][:tr]MULLIGAN KONSEPT\u0130[:en]MULLIGAN CONCEPT[:de]MULLIGAN[:] - Erdem Y\u00f6r\u00fcko\u011flu \/\/ Manuel Terapi, Fizyoterapist, Ankara[:en][:tr]MULLIGAN KONSEPT\u0130[:en]MULLIGAN CONCEPT[:de]MULLIGAN[:] - Erdem Y\u00f6r\u00fcko\u011flu \/\/ Manuel Terapi, Fizyoterapist, Ankara[:de]Erdem Y\u00f6r\u00fcko\u011flu \/\/ Manuel Terapi, Fizyoterapist, Ankara - [:tr]MULLIGAN KONSEPT\u0130[:en]MULLIGAN CONCEPT[:de]MULLIGAN[:][:]","og_description":"[:tr]Konsept, bug\u00fcne kadar bilinen Manuel Terapi yakla\u015f\u0131mlar\u0131n\u0131n ortak bilgisi olan biyomekanik, artrokinematik kinezyolojik prensiplere uygun olmakla beraber teknikler ve uygulama prensipleri olarak di\u011fer yakla\u015f\u0131mlarla \u00f6nemli farkl\u0131l\u0131klar g\u00f6stermektedir.[:]","og_url":"https:\/\/www.erdemyorukoglu.com\/de\/uzmanliklar\/mulligan-konsepti\/","og_site_name":"Erdem Y\u00f6r\u00fcko\u011flu \/\/ Manuel Terapi, Fizyoterapist, Ankara","article_modified_time":"2025-08-16T14:03:40+00:00","og_image":[{"width":800,"height":800,"url":"https:\/\/www.erdemyorukoglu.com\/wp-content\/uploads\/2019\/02\/mulligan_2.jpg","type":"image\/jpeg"}],"twitter_card":"summary_large_image","twitter_misc":{"Gesch\u00e4tzte Lesezeit":"2\u00a0Minuten"},"schema":{"@context":"https:\/\/schema.org","@graph":[{"@type":"WebPage","@id":"https:\/\/www.erdemyorukoglu.com\/tr\/uzmanliklar\/mulligan-konsepti\/","url":"https:\/\/www.erdemyorukoglu.com\/tr\/uzmanliklar\/mulligan-konsepti\/","name":"MULLIGANMULLIGANErdem Y\u00f6r\u00fcko\u011flu \/\/ Manuel Terapi, Fizyoterapist, Ankara - MULLIGAN","isPartOf":{"@id":"https:\/\/www.erdemyorukoglu.com\/en\/#website"},"datePublished":"2019-02-09T21:44:43+00:00","dateModified":"2025-08-16T14:03:40+00:00","description":"Konsept, bug\u00fcne kadar bilinen Manuel Terapi yakla\u015f\u0131mlar\u0131n\u0131n ortak bilgisi olan biyomekanik, artrokinematik kinezyolojik prensiplere uygun olmakla beraber teknikler ve uygulama prensipleri olarak di\u011fer yakla\u015f\u0131mlarla \u00f6nemli farkl\u0131l\u0131klar g\u00f6stermektedir.","breadcrumb":{"@id":"https:\/\/www.erdemyorukoglu.com\/tr\/uzmanliklar\/mulligan-konsepti\/#breadcrumb"},"inLanguage":"de-DE","potentialAction":[{"@type":"ReadAction","target":["https:\/\/www.erdemyorukoglu.com\/tr\/uzmanliklar\/mulligan-konsepti\/"]}]},{"@type":"BreadcrumbList","@id":"https:\/\/www.erdemyorukoglu.com\/tr\/uzmanliklar\/mulligan-konsepti\/#breadcrumb","itemListElement":[{"@type":"ListItem","position":1,"name":"MANUEL TERAP\u0130 ANKARA %%sep%% %%sitename%%","item":"https:\/\/www.erdemyorukoglu.com\/de\/"},{"@type":"ListItem","position":2,"name":"UZMANLIKLAR","item":"https:\/\/www.erdemyorukoglu.com\/de\/uzmanliklar\/"},{"@type":"ListItem","position":3,"name":"MULLIGAN KONSEPT\u0130"}]},{"@type":"WebSite","@id":"https:\/\/www.erdemyorukoglu.com\/en\/#website","url":"https:\/\/www.erdemyorukoglu.com\/en\/","name":"Erdem Y\u00f6r\u00fcko\u011flu \/\/ Manuel Terapi, Fizyoterapist, Ankara","description":"Manuel Terapi, Kayropraktik, Fizyoterapi, Bel ve Boyun F\u0131t\u0131\u011f\u0131, Lenf\u00f6dem Tedavisi, Gyrotonic, Skolyoz, Ankara","publisher":{"@id":"https:\/\/www.erdemyorukoglu.com\/en\/#\/schema\/person\/854314645f5beb1ce61d3d55971d52e1"},"potentialAction":[{"@type":"SearchAction","target":{"@type":"EntryPoint","urlTemplate":"https:\/\/www.erdemyorukoglu.com\/en\/?s={search_term_string}"},"query-input":{"@type":"PropertyValueSpecification","valueRequired":true,"valueName":"search_term_string"}}],"inLanguage":"de-DE"},{"@type":["Person","Organization"],"@id":"https:\/\/www.erdemyorukoglu.com\/en\/#\/schema\/person\/854314645f5beb1ce61d3d55971d52e1","name":"Erdem Y\u00f6r\u00fcko\u011flu","image":{"@type":"ImageObject","inLanguage":"de-DE","@id":"https:\/\/www.erdemyorukoglu.com\/en\/#\/schema\/person\/image\/","url":"https:\/\/www.erdemyorukoglu.com\/wp-content\/uploads\/2018\/11\/fav-icon-1.png","contentUrl":"https:\/\/www.erdemyorukoglu.com\/wp-content\/uploads\/2018\/11\/fav-icon-1.png","width":512,"height":512,"caption":"Erdem Y\u00f6r\u00fcko\u011flu"},"logo":{"@id":"https:\/\/www.erdemyorukoglu.com\/en\/#\/schema\/person\/image\/"}}]}},"_links":{"self":[{"href":"https:\/\/www.erdemyorukoglu.com\/de\/wp-json\/wp\/v2\/pages\/3525","targetHints":{"allow":["GET"]}}],"collection":[{"href":"https:\/\/www.erdemyorukoglu.com\/de\/wp-json\/wp\/v2\/pages"}],"about":[{"href":"https:\/\/www.erdemyorukoglu.com\/de\/wp-json\/wp\/v2\/types\/page"}],"author":[{"embeddable":true,"href":"https:\/\/www.erdemyorukoglu.com\/de\/wp-json\/wp\/v2\/users\/1"}],"replies":[{"embeddable":true,"href":"https:\/\/www.erdemyorukoglu.com\/de\/wp-json\/wp\/v2\/comments?post=3525"}],"version-history":[{"count":9,"href":"https:\/\/www.erdemyorukoglu.com\/de\/wp-json\/wp\/v2\/pages\/3525\/revisions"}],"predecessor-version":[{"id":3843,"href":"https:\/\/www.erdemyorukoglu.com\/de\/wp-json\/wp\/v2\/pages\/3525\/revisions\/3843"}],"up":[{"embeddable":true,"href":"https:\/\/www.erdemyorukoglu.com\/de\/wp-json\/wp\/v2\/pages\/9"}],"wp:attachment":[{"href":"https:\/\/www.erdemyorukoglu.com\/de\/wp-json\/wp\/v2\/media?parent=3525"}],"curies":[{"name":"wp","href":"https:\/\/api.w.org\/{rel}","templated":true}]}}