{"id":3529,"date":"2019-02-10T01:03:49","date_gmt":"2019-02-09T22:03:49","guid":{"rendered":"https:\/\/www.erdemyorukoglu.com\/tr\/?page_id=3529"},"modified":"2025-08-16T17:04:00","modified_gmt":"2025-08-16T14:04:00","slug":"mckenzie-teknigi","status":"publish","type":"page","link":"https:\/\/www.erdemyorukoglu.com\/de\/uzmanliklar\/mckenzie-teknigi\/","title":{"rendered":"McKENZIE &#8211; TECHNIK"},"content":{"rendered":"<div class=\"wpb-content-wrapper\">[vc_row full_width=&#8220;stretch_row&#8220; curly_padding=&#8220;content-padding-none&#8220;][vc_column curly_padding=&#8220;content-padding&#8220;][vc_column_text]\n<h1 style=\"text-align: center;\"><strong>McKENZIE &#8211; TECHNIK<\/strong><\/h1>\n[\/vc_column_text][\/vc_column][\/vc_row][vc_row full_width=&#8220;stretch_row&#8220; content_placement=&#8220;middle&#8220; curly_bg_position=&#8220;bg-pos-center-center&#8220; curly_padding=&#8220;content-padding-xs&#8220; css=&#8220;.vc_custom_1550003760913{border-bottom-width: 1px !important;}&#8220;][vc_column width=&#8220;1\/2&#8243; curly_bg_position=&#8220;bg-pos-center-center&#8220; curly_padding=&#8220;content-padding-none&#8220;][vc_single_image image=&#8220;3530&#8243; img_size=&#8220;large&#8220; css=&#8220;.vc_custom_1549749603392{margin-bottom: 0px !important;}&#8220; el_class=&#8220;img-frame-large&#8220;][\/vc_column][vc_column width=&#8220;1\/2&#8243; curly_bg_position=&#8220;bg-pos-center-center&#8220; curly_padding=&#8220;content-padding-none&#8220;][vc_column_text curly_padding_side=&#8220;content-side-padding-xxl&#8220;]McKenzie Method ist ein biopsychosoziales System, das die Muskelst\u00e4rkung, die St\u00e4rkung der Patienten und die Selbstbehandlung hervorhebt. Es ist eine international anerkannte Bewertungs- und Behandlungsmethode f\u00fcr R\u00fccken- und Extremit\u00e4tenschmerzen, die vom Physiotherapeuten RobinMcKenzie in Neuseeland entwickelt wurde. Es ist seit \u00fcber 30 Jahren auf der ganzen Welt verbreitet.<\/p>\n<p>Kliniker, die die McKenzie-Technik anwenden, werden ausgebildet, um alle Bereiche des Bewegungsapparates zu untersuchen und zu diagnostizieren. Dies bedeutet, dass die MDT-Beurteilung angemessen sein kann, wenn ein Problem in oder um die Wirbels\u00e4ule, das Gelenk oder den Muskel vorliegt.<\/p>\n<p>MDT ist die Philosophie der aktiven Patientenbeteiligung und -aufkl\u00e4rung, die von \u00c4rzten und Patienten weltweit f\u00fcr R\u00fccken-, Nacken- und Extremit\u00e4tenprobleme eingesetzt wird. Dieser Ansatz ist nach wie vor eine der am meisten untersuchten physikalischen Therapiemethoden.[\/vc_column_text][\/vc_column][\/vc_row][vc_row full_width=&#8220;stretch_row&#8220; content_placement=&#8220;middle&#8220; curly_padding=&#8220;content-padding-xs&#8220;][vc_column width=&#8220;1\/2&#8243; curly_padding=&#8220;content-padding-none&#8220;][vc_column_text curly_padding_side=&#8220;content-side-padding-xxl&#8220;]Dieses Diagnose- und Patientenmanagementsystem ist ein evidenzbasiertes Beurteilungs- und Managementprotokoll f\u00fcr die akuten, subakuten und chronischen Zust\u00e4nde der Wirbels\u00e4ule und der Extremit\u00e4ten. Es bietet einen zuverl\u00e4ssigen und praktischen Ansatz, der die Bed\u00fcrfnisse des Patienten in den Vordergrund stellt und den Kliniker dabei unterst\u00fctzt, diese Bed\u00fcrfnisse zu erf\u00fcllen. Durch die MDT-Bewertung k\u00f6nnen Kliniker die Patienten genau und effizient auf die entsprechenden erforderlichen Dienstleistungen ausrichten. Bietet eine fr\u00fchzeitige Erkennung von Schmerzen im Bewegungsapparat oder Kontraindikationen f\u00fcr eine Behandlung, bei der eine sofortige Anleitung erforderlich ist.<\/p>\n<p>Die einzigartige Kombination aus posturaler Beratung und Durchf\u00fchrung einzelner \u00dcbungen durch einen ausgebildeten Kliniker stellt sicher, dass die Mehrheit der Patienten ihren Zustand effektiv bew\u00e4ltigen kann. Dieser Prozess f\u00f6rdert die Bef\u00e4higung der Patienten, erh\u00f6ht die Patientenzufriedenheit und ist kosteng\u00fcnstig.[\/vc_column_text][\/vc_column][vc_column width=&#8220;1\/2&#8243; curly_padding=&#8220;content-padding-none&#8220;][vc_single_image image=&#8220;3531&#8243; img_size=&#8220;large&#8220; css=&#8220;.vc_custom_1549749730635{margin-bottom: 0px !important;}&#8220; el_class=&#8220;img-frame-large&#8220;][\/vc_column][\/vc_row]\n<\/div>","protected":false},"excerpt":{"rendered":"<p>[vc_row full_width=&#8220;stretch_row&#8220; curly_padding=&#8220;content-padding-none&#8220;][vc_column curly_padding=&#8220;content-padding&#8220;][vc_column_text] McKENZIE &#8211; TECHNIK [\/vc_column_text][\/vc_column][\/vc_row][vc_row full_width=&#8220;stretch_row&#8220; content_placement=&#8220;middle&#8220; curly_bg_position=&#8220;bg-pos-center-center&#8220; curly_padding=&#8220;content-padding-xs&#8220; css=&#8220;.vc_custom_1550003760913{border-bottom-width: 1px !important;}&#8220;][vc_column width=&#8220;1\/2&#8243; curly_bg_position=&#8220;bg-pos-center-center&#8220; curly_padding=&#8220;content-padding-none&#8220;][vc_single_image image=&#8220;3530&#8243; img_size=&#8220;large&#8220; css=&#8220;.vc_custom_1549749603392{margin-bottom: 0px !important;}&#8220; el_class=&#8220;img-frame-large&#8220;][\/vc_column][vc_column width=&#8220;1\/2&#8243; curly_bg_position=&#8220;bg-pos-center-center&#8220; curly_padding=&#8220;content-padding-none&#8220;][vc_column_text curly_padding_side=&#8220;content-side-padding-xxl&#8220;]McKenzie Method ist ein biopsychosoziales System, das die Muskelst\u00e4rkung, die St\u00e4rkung der Patienten und die Selbstbehandlung hervorhebt. Es ist eine international anerkannte Bewertungs- und Behandlungsmethode f\u00fcr R\u00fccken- und Extremit\u00e4tenschmerzen, die vom Physiotherapeuten RobinMcKenzie [&hellip;]<\/p>\n","protected":false},"author":1,"featured_media":0,"parent":9,"menu_order":0,"comment_status":"closed","ping_status":"closed","template":"","meta":{"inline_featured_image":false,"footnotes":""},"class_list":["post-3529","page","type-page","status-publish","hentry"],"yoast_head":"<!-- This site is optimized with the Yoast SEO plugin v25.7 - https:\/\/yoast.com\/wordpress\/plugins\/seo\/ -->\n<title>McKENZIE - TECHNIKErdem Y\u00f6r\u00fcko\u011flu \/\/ Manuel Terapi, Fizyoterapist, Ankara - McKENZIE - TECHNIK<\/title>\n<meta name=\"description\" content=\"Omuz a\u011fr\u0131s\u0131n\u0131n en \u00e7ok g\u00f6r\u00fclen nedeni kaslar, tendonlar ve omuz yap\u0131s\u0131n\u0131 olu\u015fturan di\u011fer yumu\u015fak dokulardaki zedelenmelerdir. Bu durum b\u00f6lgeye al\u0131nan darbeler, ters hareketler veya omuza a\u015f\u0131r\u0131 y\u00fck bindiren egzersizler neticesinde olu\u015fur.\" \/>\n<meta name=\"robots\" content=\"index, follow, max-snippet:-1, max-image-preview:large, max-video-preview:-1\" \/>\n<link rel=\"canonical\" href=\"https:\/\/www.erdemyorukoglu.com\/de\/uzmanliklar\/mckenzie-teknigi\/\" \/>\n<meta property=\"og:locale\" content=\"de_DE\" \/>\n<meta property=\"og:locale:alternate\" content=\"tr_TR\" \/>\n<meta property=\"og:locale:alternate\" content=\"en_US\" \/>\n<meta property=\"og:type\" content=\"article\" \/>\n<meta property=\"og:title\" content=\"McKENZIE - TECHNIKErdem Y\u00f6r\u00fcko\u011flu \/\/ Manuel Terapi, Fizyoterapist, Ankara - McKENZIE - TECHNIK\" \/>\n<meta property=\"og:description\" content=\"Omuz a\u011fr\u0131s\u0131n\u0131n en \u00e7ok g\u00f6r\u00fclen nedeni kaslar, tendonlar ve omuz yap\u0131s\u0131n\u0131 olu\u015fturan di\u011fer yumu\u015fak dokulardaki zedelenmelerdir. Bu durum b\u00f6lgeye al\u0131nan darbeler, ters hareketler veya omuza a\u015f\u0131r\u0131 y\u00fck bindiren egzersizler neticesinde olu\u015fur.\" \/>\n<meta property=\"og:url\" content=\"https:\/\/www.erdemyorukoglu.com\/de\/uzmanliklar\/mckenzie-teknigi\/\" \/>\n<meta property=\"og:site_name\" content=\"Erdem Y\u00f6r\u00fcko\u011flu \/\/ Manuel Terapi, Fizyoterapist, Ankara\" \/>\n<meta property=\"article:modified_time\" content=\"2025-08-16T14:04:00+00:00\" \/>\n<meta property=\"og:image\" content=\"https:\/\/www.erdemyorukoglu.com\/wp-content\/uploads\/2019\/02\/mckenzie_4a.jpg\" \/>\n\t<meta property=\"og:image:width\" content=\"1200\" \/>\n\t<meta property=\"og:image:height\" content=\"800\" \/>\n\t<meta property=\"og:image:type\" content=\"image\/jpeg\" \/>\n<meta name=\"twitter:card\" content=\"summary_large_image\" \/>\n<meta name=\"twitter:label1\" content=\"Gesch\u00e4tzte Lesezeit\" \/>\n\t<meta name=\"twitter:data1\" content=\"2\u00a0Minuten\" \/>\n<script type=\"application\/ld+json\" class=\"yoast-schema-graph\">{\"@context\":\"https:\/\/schema.org\",\"@graph\":[{\"@type\":\"WebPage\",\"@id\":\"https:\/\/www.erdemyorukoglu.com\/tr\/uzmanliklar\/mckenzie-teknigi\/\",\"url\":\"https:\/\/www.erdemyorukoglu.com\/tr\/uzmanliklar\/mckenzie-teknigi\/\",\"name\":\"McKENZIE - TECHNIKErdem Y\u00f6r\u00fcko\u011flu \/\/ Manuel Terapi, Fizyoterapist, Ankara - McKENZIE - TECHNIK\",\"isPartOf\":{\"@id\":\"https:\/\/www.erdemyorukoglu.com\/en\/#website\"},\"datePublished\":\"2019-02-09T22:03:49+00:00\",\"dateModified\":\"2025-08-16T14:04:00+00:00\",\"description\":\"Omuz a\u011fr\u0131s\u0131n\u0131n en \u00e7ok g\u00f6r\u00fclen nedeni kaslar, tendonlar ve omuz yap\u0131s\u0131n\u0131 olu\u015fturan di\u011fer yumu\u015fak dokulardaki zedelenmelerdir. Bu durum b\u00f6lgeye al\u0131nan darbeler, ters hareketler veya omuza a\u015f\u0131r\u0131 y\u00fck bindiren egzersizler neticesinde olu\u015fur.\",\"breadcrumb\":{\"@id\":\"https:\/\/www.erdemyorukoglu.com\/tr\/uzmanliklar\/mckenzie-teknigi\/#breadcrumb\"},\"inLanguage\":\"de-DE\",\"potentialAction\":[{\"@type\":\"ReadAction\",\"target\":[\"https:\/\/www.erdemyorukoglu.com\/tr\/uzmanliklar\/mckenzie-teknigi\/\"]}]},{\"@type\":\"BreadcrumbList\",\"@id\":\"https:\/\/www.erdemyorukoglu.com\/tr\/uzmanliklar\/mckenzie-teknigi\/#breadcrumb\",\"itemListElement\":[{\"@type\":\"ListItem\",\"position\":1,\"name\":\"MANUEL TERAP\u0130 ANKARA %%sep%% %%sitename%%\",\"item\":\"https:\/\/www.erdemyorukoglu.com\/de\/\"},{\"@type\":\"ListItem\",\"position\":2,\"name\":\"UZMANLIKLAR\",\"item\":\"https:\/\/www.erdemyorukoglu.com\/de\/uzmanliklar\/\"},{\"@type\":\"ListItem\",\"position\":3,\"name\":\"MCKENZIE TEKN\u0130\u011e\u0130\"}]},{\"@type\":\"WebSite\",\"@id\":\"https:\/\/www.erdemyorukoglu.com\/en\/#website\",\"url\":\"https:\/\/www.erdemyorukoglu.com\/en\/\",\"name\":\"Erdem Y\u00f6r\u00fcko\u011flu \/\/ Manuel Terapi, Fizyoterapist, Ankara\",\"description\":\"Manuel Terapi, Kayropraktik, Fizyoterapi, Bel ve Boyun F\u0131t\u0131\u011f\u0131, Lenf\u00f6dem Tedavisi, Gyrotonic, Skolyoz, Ankara\",\"publisher\":{\"@id\":\"https:\/\/www.erdemyorukoglu.com\/en\/#\/schema\/person\/854314645f5beb1ce61d3d55971d52e1\"},\"potentialAction\":[{\"@type\":\"SearchAction\",\"target\":{\"@type\":\"EntryPoint\",\"urlTemplate\":\"https:\/\/www.erdemyorukoglu.com\/en\/?s={search_term_string}\"},\"query-input\":{\"@type\":\"PropertyValueSpecification\",\"valueRequired\":true,\"valueName\":\"search_term_string\"}}],\"inLanguage\":\"de-DE\"},{\"@type\":[\"Person\",\"Organization\"],\"@id\":\"https:\/\/www.erdemyorukoglu.com\/en\/#\/schema\/person\/854314645f5beb1ce61d3d55971d52e1\",\"name\":\"Erdem Y\u00f6r\u00fcko\u011flu\",\"image\":{\"@type\":\"ImageObject\",\"inLanguage\":\"de-DE\",\"@id\":\"https:\/\/www.erdemyorukoglu.com\/en\/#\/schema\/person\/image\/\",\"url\":\"https:\/\/www.erdemyorukoglu.com\/wp-content\/uploads\/2018\/11\/fav-icon-1.png\",\"contentUrl\":\"https:\/\/www.erdemyorukoglu.com\/wp-content\/uploads\/2018\/11\/fav-icon-1.png\",\"width\":512,\"height\":512,\"caption\":\"Erdem Y\u00f6r\u00fcko\u011flu\"},\"logo\":{\"@id\":\"https:\/\/www.erdemyorukoglu.com\/en\/#\/schema\/person\/image\/\"}}]}<\/script>\n<!-- \/ Yoast SEO plugin. -->","yoast_head_json":{"title":"McKENZIE - TECHNIKErdem Y\u00f6r\u00fcko\u011flu \/\/ Manuel Terapi, Fizyoterapist, Ankara - McKENZIE - TECHNIK","description":"Omuz a\u011fr\u0131s\u0131n\u0131n en \u00e7ok g\u00f6r\u00fclen nedeni kaslar, tendonlar ve omuz yap\u0131s\u0131n\u0131 olu\u015fturan di\u011fer yumu\u015fak dokulardaki zedelenmelerdir. Bu durum b\u00f6lgeye al\u0131nan darbeler, ters hareketler veya omuza a\u015f\u0131r\u0131 y\u00fck bindiren egzersizler neticesinde olu\u015fur.","robots":{"index":"index","follow":"follow","max-snippet":"max-snippet:-1","max-image-preview":"max-image-preview:large","max-video-preview":"max-video-preview:-1"},"canonical":"https:\/\/www.erdemyorukoglu.com\/de\/uzmanliklar\/mckenzie-teknigi\/","og_locale":"de_DE","og_type":"article","og_title":"[:tr]MCKENZIE TEKN\u0130\u011e\u0130 - Erdem Y\u00f6r\u00fcko\u011flu \/\/ Manuel Terapi, Fizyoterapist, Ankara[:en][:tr]MCKENZIE TEKN\u0130\u011e\u0130[:en]McKENZIE TECHNIQUE[:de]McKENZIE - TECHNIK[:] - Erdem Y\u00f6r\u00fcko\u011flu \/\/ Manuel Terapi, Fizyoterapist, Ankara[:de]Erdem Y\u00f6r\u00fcko\u011flu \/\/ Manuel Terapi, Fizyoterapist, Ankara - [:tr]MCKENZIE TEKN\u0130\u011e\u0130[:en]McKENZIE TECHNIQUE[:de]McKENZIE - TECHNIK[:][:]","og_description":"Omuz a\u011fr\u0131s\u0131n\u0131n en \u00e7ok g\u00f6r\u00fclen nedeni kaslar, tendonlar ve omuz yap\u0131s\u0131n\u0131 olu\u015fturan di\u011fer yumu\u015fak dokulardaki zedelenmelerdir. Bu durum b\u00f6lgeye al\u0131nan darbeler, ters hareketler veya omuza a\u015f\u0131r\u0131 y\u00fck bindiren egzersizler neticesinde olu\u015fur.","og_url":"https:\/\/www.erdemyorukoglu.com\/de\/uzmanliklar\/mckenzie-teknigi\/","og_site_name":"Erdem Y\u00f6r\u00fcko\u011flu \/\/ Manuel Terapi, Fizyoterapist, Ankara","article_modified_time":"2025-08-16T14:04:00+00:00","og_image":[{"width":1200,"height":800,"url":"https:\/\/www.erdemyorukoglu.com\/wp-content\/uploads\/2019\/02\/mckenzie_4a.jpg","type":"image\/jpeg"}],"twitter_card":"summary_large_image","twitter_misc":{"Gesch\u00e4tzte Lesezeit":"2\u00a0Minuten"},"schema":{"@context":"https:\/\/schema.org","@graph":[{"@type":"WebPage","@id":"https:\/\/www.erdemyorukoglu.com\/tr\/uzmanliklar\/mckenzie-teknigi\/","url":"https:\/\/www.erdemyorukoglu.com\/tr\/uzmanliklar\/mckenzie-teknigi\/","name":"McKENZIE - TECHNIKErdem Y\u00f6r\u00fcko\u011flu \/\/ Manuel Terapi, Fizyoterapist, Ankara - McKENZIE - TECHNIK","isPartOf":{"@id":"https:\/\/www.erdemyorukoglu.com\/en\/#website"},"datePublished":"2019-02-09T22:03:49+00:00","dateModified":"2025-08-16T14:04:00+00:00","description":"Omuz a\u011fr\u0131s\u0131n\u0131n en \u00e7ok g\u00f6r\u00fclen nedeni kaslar, tendonlar ve omuz yap\u0131s\u0131n\u0131 olu\u015fturan di\u011fer yumu\u015fak dokulardaki zedelenmelerdir. Bu durum b\u00f6lgeye al\u0131nan darbeler, ters hareketler veya omuza a\u015f\u0131r\u0131 y\u00fck bindiren egzersizler neticesinde olu\u015fur.","breadcrumb":{"@id":"https:\/\/www.erdemyorukoglu.com\/tr\/uzmanliklar\/mckenzie-teknigi\/#breadcrumb"},"inLanguage":"de-DE","potentialAction":[{"@type":"ReadAction","target":["https:\/\/www.erdemyorukoglu.com\/tr\/uzmanliklar\/mckenzie-teknigi\/"]}]},{"@type":"BreadcrumbList","@id":"https:\/\/www.erdemyorukoglu.com\/tr\/uzmanliklar\/mckenzie-teknigi\/#breadcrumb","itemListElement":[{"@type":"ListItem","position":1,"name":"MANUEL TERAP\u0130 ANKARA %%sep%% %%sitename%%","item":"https:\/\/www.erdemyorukoglu.com\/de\/"},{"@type":"ListItem","position":2,"name":"UZMANLIKLAR","item":"https:\/\/www.erdemyorukoglu.com\/de\/uzmanliklar\/"},{"@type":"ListItem","position":3,"name":"MCKENZIE TEKN\u0130\u011e\u0130"}]},{"@type":"WebSite","@id":"https:\/\/www.erdemyorukoglu.com\/en\/#website","url":"https:\/\/www.erdemyorukoglu.com\/en\/","name":"Erdem Y\u00f6r\u00fcko\u011flu \/\/ Manuel Terapi, Fizyoterapist, Ankara","description":"Manuel Terapi, Kayropraktik, Fizyoterapi, Bel ve Boyun F\u0131t\u0131\u011f\u0131, Lenf\u00f6dem Tedavisi, Gyrotonic, Skolyoz, Ankara","publisher":{"@id":"https:\/\/www.erdemyorukoglu.com\/en\/#\/schema\/person\/854314645f5beb1ce61d3d55971d52e1"},"potentialAction":[{"@type":"SearchAction","target":{"@type":"EntryPoint","urlTemplate":"https:\/\/www.erdemyorukoglu.com\/en\/?s={search_term_string}"},"query-input":{"@type":"PropertyValueSpecification","valueRequired":true,"valueName":"search_term_string"}}],"inLanguage":"de-DE"},{"@type":["Person","Organization"],"@id":"https:\/\/www.erdemyorukoglu.com\/en\/#\/schema\/person\/854314645f5beb1ce61d3d55971d52e1","name":"Erdem Y\u00f6r\u00fcko\u011flu","image":{"@type":"ImageObject","inLanguage":"de-DE","@id":"https:\/\/www.erdemyorukoglu.com\/en\/#\/schema\/person\/image\/","url":"https:\/\/www.erdemyorukoglu.com\/wp-content\/uploads\/2018\/11\/fav-icon-1.png","contentUrl":"https:\/\/www.erdemyorukoglu.com\/wp-content\/uploads\/2018\/11\/fav-icon-1.png","width":512,"height":512,"caption":"Erdem Y\u00f6r\u00fcko\u011flu"},"logo":{"@id":"https:\/\/www.erdemyorukoglu.com\/en\/#\/schema\/person\/image\/"}}]}},"_links":{"self":[{"href":"https:\/\/www.erdemyorukoglu.com\/de\/wp-json\/wp\/v2\/pages\/3529","targetHints":{"allow":["GET"]}}],"collection":[{"href":"https:\/\/www.erdemyorukoglu.com\/de\/wp-json\/wp\/v2\/pages"}],"about":[{"href":"https:\/\/www.erdemyorukoglu.com\/de\/wp-json\/wp\/v2\/types\/page"}],"author":[{"embeddable":true,"href":"https:\/\/www.erdemyorukoglu.com\/de\/wp-json\/wp\/v2\/users\/1"}],"replies":[{"embeddable":true,"href":"https:\/\/www.erdemyorukoglu.com\/de\/wp-json\/wp\/v2\/comments?post=3529"}],"version-history":[{"count":10,"href":"https:\/\/www.erdemyorukoglu.com\/de\/wp-json\/wp\/v2\/pages\/3529\/revisions"}],"predecessor-version":[{"id":3662,"href":"https:\/\/www.erdemyorukoglu.com\/de\/wp-json\/wp\/v2\/pages\/3529\/revisions\/3662"}],"up":[{"embeddable":true,"href":"https:\/\/www.erdemyorukoglu.com\/de\/wp-json\/wp\/v2\/pages\/9"}],"wp:attachment":[{"href":"https:\/\/www.erdemyorukoglu.com\/de\/wp-json\/wp\/v2\/media?parent=3529"}],"curies":[{"name":"wp","href":"https:\/\/api.w.org\/{rel}","templated":true}]}}