{"id":3763,"date":"2019-02-23T14:10:58","date_gmt":"2019-02-23T11:10:58","guid":{"rendered":"https:\/\/www.erdemyorukoglu.com\/en\/?page_id=3763"},"modified":"2025-08-16T17:02:25","modified_gmt":"2025-08-16T14:02:25","slug":"kayropraktik","status":"publish","type":"page","link":"https:\/\/www.erdemyorukoglu.com\/de\/uzmanliklar\/kayropraktik\/","title":{"rendered":"CH\u0130ROPRAKT\u0130K"},"content":{"rendered":"<div class=\"wpb-content-wrapper\">[vc_row curly_padding=&#8220;content-padding-none&#8220;][vc_column curly_padding=&#8220;content-padding&#8220;][vc_column_text]\n<h1 style=\"text-align: center;\"><strong>CH\u0130ROPRAKT\u0130K<\/strong><\/h1>\n[\/vc_column_text][\/vc_column][\/vc_row][vc_row curly_padding=&#8220;content-padding-none&#8220;][vc_column curly_padding=&#8220;content-padding&#8220;][vc_single_image image=&#8220;3770&#8243; img_size=&#8220;full&#8220; alignment=&#8220;center&#8220; style=&#8220;img-frame-large&#8220;][\/vc_column][\/vc_row][vc_row content_placement=&#8220;top&#8220; curly_padding=&#8220;content-padding-none&#8220;][vc_column width=&#8220;1\/2&#8243; curly_padding=&#8220;content-padding-none&#8220;][vc_column_text]<span lang=\"TR\">Chiropraktik; Es ist ein unterst\u00fctzendes Feld, das sich mit biomechanischen Erkrankungen des Muskels, der Wirbels\u00e4ule und des Skelettsystems und seinen Problemen des Nervensystems befasst. Die Behandlung mit Chiropraktik \u00a0zielt darauf ab, den Schutz und die Gesundheit des K\u00f6rpers zu verbessern. Das wichtigste Prinzip der Chiropraktik ist, die Funktionsf\u00e4higkeit des Patienten zu erh\u00f6hen und zur Lebensaktivit\u00e4t und -qualit\u00e4t beizutragen.<\/span><\/p>\n<p><strong><span lang=\"TR\">Die Grundhypothese der modernen Chiropraktik zusammenfassen;<\/span><\/strong><\/p>\n<p><span lang=\"TR\">\u2022 Es besteht ein funktioneller Zusammenhang zwischen der Wirbels\u00e4ule und der Gesundheit des Organismus, die vom Nervensystem bereitgestellt wird.<\/span><\/p>\n<p><span lang=\"TR\">\u2022 Mechanische Erkrankungen der Wirbels\u00e4ule beeintr\u00e4chtigen die Funktionen des Organismus.<\/span><\/p>\n<p><span lang=\"TR\">\u2022 Korrektur von Funktionsst\u00f6rungen der Wirbels\u00e4ule durch manuelle Anwendung an der Wirbels\u00e4ule<\/span><\/p>\n<p><span lang=\"TR\">verbessert die Krankheit oder verbessert die Gesundheit.<\/span>[\/vc_column_text][\/vc_column][vc_column width=&#8220;1\/2&#8243; curly_padding=&#8220;content-padding-none&#8220;][vc_column_text]<strong><span lang=\"TR\">Bedingungen, f\u00fcr die Chiroptaktiki angewendet werden kann:<\/span><\/strong><\/p>\n<p><span lang=\"TR\">\u2022 Akute und chronische Nacken- und R\u00fcckenschmerzen<\/span><\/p>\n<p><span lang=\"TR\">\u2022 Kopfschmerzen aus einer chronischen Zervikal Bereich <\/span><\/p>\n<p><span lang=\"TR\">\u2022 Schmerzen im Zusammenhang mit pl\u00f6tzlichen Flexionsdehnungsbelastungen<\/span><\/p>\n<p><span lang=\"TR\">\u2022 Fr\u00fche konservative Behandlung von Lumbar Spinal Stenose<\/span><\/p>\n<p><span lang=\"TR\">\u2022 Fr\u00fche konservative Behandlung von Lendenwirbeln und Bandscheibenhernien<\/span><\/p>\n<p><span lang=\"TR\">\u2022 Akute und chronische Weichteilst\u00e4mme<\/span><\/p>\n<p><span lang=\"TR\">\u2022 Myofasziales Schmerzsyndrom<\/span><\/p>\n<p><span lang=\"TR\">\u2022 Berufs- und sportbedingte muskuloskelettale Verletzungen<\/span><\/p>\n<p><span lang=\"TR\">\u2022 Arthrose der geriatrischen Altersgruppe. muskuloskeletale Probleme<\/span><\/p>\n<p><span lang=\"TR\">\u2022 Mechanische Facettengelenk-induzierte biomechanische Funktionsst\u00f6rungen<\/span><\/p>\n<p><span lang=\"TR\">\u2022 Schmerzen im Stei\u00dfbein<\/span><\/p>\n<p><span lang=\"TR\">\u2022 Posturale Skoliose<\/span><\/p>\n<p><span lang=\"TR\">\u2022 Nervenwurzelirritationen ohne progressives motorisches Defizit \u00a0ohne Caudaequinesendroma<\/span><\/p>\n<p><span lang=\"TR\">\u2022 Schulter, Sacroiliacalgelenk, Temporamandibulargelenk, H\u00fcfte, Knie, Hand, Fu\u00dfgelenksst\u00f6rungen<\/span>[\/vc_column_text][\/vc_column][\/vc_row]\n<\/div>","protected":false},"excerpt":{"rendered":"<p>[vc_row curly_padding=&#8220;content-padding-none&#8220;][vc_column curly_padding=&#8220;content-padding&#8220;][vc_column_text] CH\u0130ROPRAKT\u0130K [\/vc_column_text][\/vc_column][\/vc_row][vc_row curly_padding=&#8220;content-padding-none&#8220;][vc_column curly_padding=&#8220;content-padding&#8220;][vc_single_image image=&#8220;3770&#8243; img_size=&#8220;full&#8220; alignment=&#8220;center&#8220; style=&#8220;img-frame-large&#8220;][\/vc_column][\/vc_row][vc_row content_placement=&#8220;top&#8220; curly_padding=&#8220;content-padding-none&#8220;][vc_column width=&#8220;1\/2&#8243; curly_padding=&#8220;content-padding-none&#8220;][vc_column_text]Chiropraktik; Es ist ein unterst\u00fctzendes Feld, das sich mit biomechanischen Erkrankungen des Muskels, der Wirbels\u00e4ule und des Skelettsystems und seinen Problemen des Nervensystems befasst. Die Behandlung mit Chiropraktik \u00a0zielt darauf ab, den Schutz und die Gesundheit des K\u00f6rpers zu verbessern. Das wichtigste Prinzip der Chiropraktik ist, [&hellip;]<\/p>\n","protected":false},"author":1,"featured_media":0,"parent":9,"menu_order":0,"comment_status":"closed","ping_status":"closed","template":"","meta":{"inline_featured_image":false,"footnotes":""},"class_list":["post-3763","page","type-page","status-publish","hentry"],"yoast_head":"<!-- This site is optimized with the Yoast SEO plugin v25.7 - https:\/\/yoast.com\/wordpress\/plugins\/seo\/ -->\n<title>CH\u0130ROPRAKT\u0130KCH\u0130ROPRAKT\u0130KErdem Y\u00f6r\u00fcko\u011flu \/\/ Manuel Terapi, Fizyoterapist, Ankara - CH\u0130ROPRAKT\u0130K<\/title>\n<meta name=\"description\" content=\"Kayropraktik; kas, omurga ve iskelet sisteminin biyomekanik bozukluklar\u0131 ve bunun sinir sistemi \u00fczerinde olu\u015fturdu\u011fu sorunlar\u0131 \u00f6nlemesiyle ilgilenen destekleyici bir uygulama alan\u0131d\u0131r. Kayropraksi y\u00f6ntemiyle tedavi, v\u00fccut sa\u011fl\u0131\u011f\u0131n\u0131n do\u011fal yollardan korunmas\u0131n\u0131 ve direncinin geli\u015ftirilmesini ama\u00e7lar.\" \/>\n<meta name=\"robots\" content=\"index, follow, max-snippet:-1, max-image-preview:large, max-video-preview:-1\" \/>\n<link rel=\"canonical\" href=\"https:\/\/www.erdemyorukoglu.com\/de\/uzmanliklar\/kayropraktik\/\" \/>\n<meta property=\"og:locale\" content=\"de_DE\" \/>\n<meta property=\"og:locale:alternate\" content=\"tr_TR\" \/>\n<meta property=\"og:locale:alternate\" content=\"en_US\" \/>\n<meta property=\"og:type\" content=\"article\" \/>\n<meta property=\"og:title\" content=\"CH\u0130ROPRAKT\u0130KCH\u0130ROPRAKT\u0130KErdem Y\u00f6r\u00fcko\u011flu \/\/ Manuel Terapi, Fizyoterapist, Ankara - CH\u0130ROPRAKT\u0130K\" \/>\n<meta property=\"og:description\" content=\"Kayropraktik; kas, omurga ve iskelet sisteminin biyomekanik bozukluklar\u0131 ve bunun sinir sistemi \u00fczerinde olu\u015fturdu\u011fu sorunlar\u0131 \u00f6nlemesiyle ilgilenen destekleyici bir uygulama alan\u0131d\u0131r. Kayropraksi y\u00f6ntemiyle tedavi, v\u00fccut sa\u011fl\u0131\u011f\u0131n\u0131n do\u011fal yollardan korunmas\u0131n\u0131 ve direncinin geli\u015ftirilmesini ama\u00e7lar.\" \/>\n<meta property=\"og:url\" content=\"https:\/\/www.erdemyorukoglu.com\/de\/uzmanliklar\/kayropraktik\/\" \/>\n<meta property=\"og:site_name\" content=\"Erdem Y\u00f6r\u00fcko\u011flu \/\/ Manuel Terapi, Fizyoterapist, Ankara\" \/>\n<meta property=\"article:modified_time\" content=\"2025-08-16T14:02:25+00:00\" \/>\n<meta property=\"og:image\" content=\"https:\/\/www.erdemyorukoglu.com\/wp-content\/uploads\/2019\/02\/kayropratik_1.jpg\" \/>\n\t<meta property=\"og:image:width\" content=\"1140\" \/>\n\t<meta property=\"og:image:height\" content=\"760\" \/>\n\t<meta property=\"og:image:type\" content=\"image\/jpeg\" \/>\n<meta name=\"twitter:card\" content=\"summary_large_image\" \/>\n<meta name=\"twitter:label1\" content=\"Gesch\u00e4tzte Lesezeit\" \/>\n\t<meta name=\"twitter:data1\" content=\"2\u00a0Minuten\" \/>\n<script type=\"application\/ld+json\" class=\"yoast-schema-graph\">{\"@context\":\"https:\/\/schema.org\",\"@graph\":[{\"@type\":\"WebPage\",\"@id\":\"https:\/\/www.erdemyorukoglu.com\/tr\/uzmanliklar\/kayropraktik\/\",\"url\":\"https:\/\/www.erdemyorukoglu.com\/tr\/uzmanliklar\/kayropraktik\/\",\"name\":\"CH\u0130ROPRAKT\u0130KCH\u0130ROPRAKT\u0130KErdem Y\u00f6r\u00fcko\u011flu \/\/ Manuel Terapi, Fizyoterapist, Ankara - CH\u0130ROPRAKT\u0130K\",\"isPartOf\":{\"@id\":\"https:\/\/www.erdemyorukoglu.com\/en\/#website\"},\"datePublished\":\"2019-02-23T11:10:58+00:00\",\"dateModified\":\"2025-08-16T14:02:25+00:00\",\"description\":\"Kayropraktik; kas, omurga ve iskelet sisteminin biyomekanik bozukluklar\u0131 ve bunun sinir sistemi \u00fczerinde olu\u015fturdu\u011fu sorunlar\u0131 \u00f6nlemesiyle ilgilenen destekleyici bir uygulama alan\u0131d\u0131r. Kayropraksi y\u00f6ntemiyle tedavi, v\u00fccut sa\u011fl\u0131\u011f\u0131n\u0131n do\u011fal yollardan korunmas\u0131n\u0131 ve direncinin geli\u015ftirilmesini ama\u00e7lar.\",\"breadcrumb\":{\"@id\":\"https:\/\/www.erdemyorukoglu.com\/tr\/uzmanliklar\/kayropraktik\/#breadcrumb\"},\"inLanguage\":\"de-DE\",\"potentialAction\":[{\"@type\":\"ReadAction\",\"target\":[\"https:\/\/www.erdemyorukoglu.com\/tr\/uzmanliklar\/kayropraktik\/\"]}]},{\"@type\":\"BreadcrumbList\",\"@id\":\"https:\/\/www.erdemyorukoglu.com\/tr\/uzmanliklar\/kayropraktik\/#breadcrumb\",\"itemListElement\":[{\"@type\":\"ListItem\",\"position\":1,\"name\":\"MANUEL TERAP\u0130 ANKARA %%sep%% %%sitename%%\",\"item\":\"https:\/\/www.erdemyorukoglu.com\/de\/\"},{\"@type\":\"ListItem\",\"position\":2,\"name\":\"UZMANLIKLAR\",\"item\":\"https:\/\/www.erdemyorukoglu.com\/de\/uzmanliklar\/\"},{\"@type\":\"ListItem\",\"position\":3,\"name\":\"KAYROPRAKT\u0130K\"}]},{\"@type\":\"WebSite\",\"@id\":\"https:\/\/www.erdemyorukoglu.com\/en\/#website\",\"url\":\"https:\/\/www.erdemyorukoglu.com\/en\/\",\"name\":\"Erdem Y\u00f6r\u00fcko\u011flu \/\/ Manuel Terapi, Fizyoterapist, Ankara\",\"description\":\"Manuel Terapi, Kayropraktik, Fizyoterapi, Bel ve Boyun F\u0131t\u0131\u011f\u0131, Lenf\u00f6dem Tedavisi, Gyrotonic, Skolyoz, Ankara\",\"publisher\":{\"@id\":\"https:\/\/www.erdemyorukoglu.com\/en\/#\/schema\/person\/854314645f5beb1ce61d3d55971d52e1\"},\"potentialAction\":[{\"@type\":\"SearchAction\",\"target\":{\"@type\":\"EntryPoint\",\"urlTemplate\":\"https:\/\/www.erdemyorukoglu.com\/en\/?s={search_term_string}\"},\"query-input\":{\"@type\":\"PropertyValueSpecification\",\"valueRequired\":true,\"valueName\":\"search_term_string\"}}],\"inLanguage\":\"de-DE\"},{\"@type\":[\"Person\",\"Organization\"],\"@id\":\"https:\/\/www.erdemyorukoglu.com\/en\/#\/schema\/person\/854314645f5beb1ce61d3d55971d52e1\",\"name\":\"Erdem Y\u00f6r\u00fcko\u011flu\",\"image\":{\"@type\":\"ImageObject\",\"inLanguage\":\"de-DE\",\"@id\":\"https:\/\/www.erdemyorukoglu.com\/en\/#\/schema\/person\/image\/\",\"url\":\"https:\/\/www.erdemyorukoglu.com\/wp-content\/uploads\/2018\/11\/fav-icon-1.png\",\"contentUrl\":\"https:\/\/www.erdemyorukoglu.com\/wp-content\/uploads\/2018\/11\/fav-icon-1.png\",\"width\":512,\"height\":512,\"caption\":\"Erdem Y\u00f6r\u00fcko\u011flu\"},\"logo\":{\"@id\":\"https:\/\/www.erdemyorukoglu.com\/en\/#\/schema\/person\/image\/\"}}]}<\/script>\n<!-- \/ Yoast SEO plugin. -->","yoast_head_json":{"title":"CH\u0130ROPRAKT\u0130KCH\u0130ROPRAKT\u0130KErdem Y\u00f6r\u00fcko\u011flu \/\/ Manuel Terapi, Fizyoterapist, Ankara - CH\u0130ROPRAKT\u0130K","description":"Kayropraktik; kas, omurga ve iskelet sisteminin biyomekanik bozukluklar\u0131 ve bunun sinir sistemi \u00fczerinde olu\u015fturdu\u011fu sorunlar\u0131 \u00f6nlemesiyle ilgilenen destekleyici bir uygulama alan\u0131d\u0131r. Kayropraksi y\u00f6ntemiyle tedavi, v\u00fccut sa\u011fl\u0131\u011f\u0131n\u0131n do\u011fal yollardan korunmas\u0131n\u0131 ve direncinin geli\u015ftirilmesini ama\u00e7lar.","robots":{"index":"index","follow":"follow","max-snippet":"max-snippet:-1","max-image-preview":"max-image-preview:large","max-video-preview":"max-video-preview:-1"},"canonical":"https:\/\/www.erdemyorukoglu.com\/de\/uzmanliklar\/kayropraktik\/","og_locale":"de_DE","og_type":"article","og_title":"[:tr][:tr]KAYROPRAKT\u0130K[:en]CHIROPRACTIC[:de]CH\u0130ROPRAKT\u0130K[:] - Erdem Y\u00f6r\u00fcko\u011flu \/\/ Manuel Terapi, Fizyoterapist, Ankara[:en][:tr]KAYROPRAKT\u0130K[:en]CHIROPRACTIC[:de]CH\u0130ROPRAKT\u0130K[:] - Erdem Y\u00f6r\u00fcko\u011flu \/\/ Manuel Terapi, Fizyoterapist, Ankara[:de]Erdem Y\u00f6r\u00fcko\u011flu \/\/ Manuel Terapi, Fizyoterapist, Ankara - [:tr]KAYROPRAKT\u0130K[:en]CHIROPRACTIC[:de]CH\u0130ROPRAKT\u0130K[:][:]","og_description":"[:tr]Kayropraktik; kas, omurga ve iskelet sisteminin biyomekanik bozukluklar\u0131 ve bunun sinir sistemi \u00fczerinde olu\u015fturdu\u011fu sorunlar\u0131 \u00f6nlemesiyle ilgilenen destekleyici bir uygulama alan\u0131d\u0131r. Kayropraksi y\u00f6ntemiyle tedavi, v\u00fccut sa\u011fl\u0131\u011f\u0131n\u0131n do\u011fal yollardan korunmas\u0131n\u0131 ve direncinin geli\u015ftirilmesini ama\u00e7lar.[:]","og_url":"https:\/\/www.erdemyorukoglu.com\/de\/uzmanliklar\/kayropraktik\/","og_site_name":"Erdem Y\u00f6r\u00fcko\u011flu \/\/ Manuel Terapi, Fizyoterapist, Ankara","article_modified_time":"2025-08-16T14:02:25+00:00","og_image":[{"width":1140,"height":760,"url":"https:\/\/www.erdemyorukoglu.com\/wp-content\/uploads\/2019\/02\/kayropratik_1.jpg","type":"image\/jpeg"}],"twitter_card":"summary_large_image","twitter_misc":{"Gesch\u00e4tzte Lesezeit":"2\u00a0Minuten"},"schema":{"@context":"https:\/\/schema.org","@graph":[{"@type":"WebPage","@id":"https:\/\/www.erdemyorukoglu.com\/tr\/uzmanliklar\/kayropraktik\/","url":"https:\/\/www.erdemyorukoglu.com\/tr\/uzmanliklar\/kayropraktik\/","name":"CH\u0130ROPRAKT\u0130KCH\u0130ROPRAKT\u0130KErdem Y\u00f6r\u00fcko\u011flu \/\/ Manuel Terapi, Fizyoterapist, Ankara - CH\u0130ROPRAKT\u0130K","isPartOf":{"@id":"https:\/\/www.erdemyorukoglu.com\/en\/#website"},"datePublished":"2019-02-23T11:10:58+00:00","dateModified":"2025-08-16T14:02:25+00:00","description":"Kayropraktik; kas, omurga ve iskelet sisteminin biyomekanik bozukluklar\u0131 ve bunun sinir sistemi \u00fczerinde olu\u015fturdu\u011fu sorunlar\u0131 \u00f6nlemesiyle ilgilenen destekleyici bir uygulama alan\u0131d\u0131r. Kayropraksi y\u00f6ntemiyle tedavi, v\u00fccut sa\u011fl\u0131\u011f\u0131n\u0131n do\u011fal yollardan korunmas\u0131n\u0131 ve direncinin geli\u015ftirilmesini ama\u00e7lar.","breadcrumb":{"@id":"https:\/\/www.erdemyorukoglu.com\/tr\/uzmanliklar\/kayropraktik\/#breadcrumb"},"inLanguage":"de-DE","potentialAction":[{"@type":"ReadAction","target":["https:\/\/www.erdemyorukoglu.com\/tr\/uzmanliklar\/kayropraktik\/"]}]},{"@type":"BreadcrumbList","@id":"https:\/\/www.erdemyorukoglu.com\/tr\/uzmanliklar\/kayropraktik\/#breadcrumb","itemListElement":[{"@type":"ListItem","position":1,"name":"MANUEL TERAP\u0130 ANKARA %%sep%% %%sitename%%","item":"https:\/\/www.erdemyorukoglu.com\/de\/"},{"@type":"ListItem","position":2,"name":"UZMANLIKLAR","item":"https:\/\/www.erdemyorukoglu.com\/de\/uzmanliklar\/"},{"@type":"ListItem","position":3,"name":"KAYROPRAKT\u0130K"}]},{"@type":"WebSite","@id":"https:\/\/www.erdemyorukoglu.com\/en\/#website","url":"https:\/\/www.erdemyorukoglu.com\/en\/","name":"Erdem Y\u00f6r\u00fcko\u011flu \/\/ Manuel Terapi, Fizyoterapist, Ankara","description":"Manuel Terapi, Kayropraktik, Fizyoterapi, Bel ve Boyun F\u0131t\u0131\u011f\u0131, Lenf\u00f6dem Tedavisi, Gyrotonic, Skolyoz, Ankara","publisher":{"@id":"https:\/\/www.erdemyorukoglu.com\/en\/#\/schema\/person\/854314645f5beb1ce61d3d55971d52e1"},"potentialAction":[{"@type":"SearchAction","target":{"@type":"EntryPoint","urlTemplate":"https:\/\/www.erdemyorukoglu.com\/en\/?s={search_term_string}"},"query-input":{"@type":"PropertyValueSpecification","valueRequired":true,"valueName":"search_term_string"}}],"inLanguage":"de-DE"},{"@type":["Person","Organization"],"@id":"https:\/\/www.erdemyorukoglu.com\/en\/#\/schema\/person\/854314645f5beb1ce61d3d55971d52e1","name":"Erdem Y\u00f6r\u00fcko\u011flu","image":{"@type":"ImageObject","inLanguage":"de-DE","@id":"https:\/\/www.erdemyorukoglu.com\/en\/#\/schema\/person\/image\/","url":"https:\/\/www.erdemyorukoglu.com\/wp-content\/uploads\/2018\/11\/fav-icon-1.png","contentUrl":"https:\/\/www.erdemyorukoglu.com\/wp-content\/uploads\/2018\/11\/fav-icon-1.png","width":512,"height":512,"caption":"Erdem Y\u00f6r\u00fcko\u011flu"},"logo":{"@id":"https:\/\/www.erdemyorukoglu.com\/en\/#\/schema\/person\/image\/"}}]}},"_links":{"self":[{"href":"https:\/\/www.erdemyorukoglu.com\/de\/wp-json\/wp\/v2\/pages\/3763","targetHints":{"allow":["GET"]}}],"collection":[{"href":"https:\/\/www.erdemyorukoglu.com\/de\/wp-json\/wp\/v2\/pages"}],"about":[{"href":"https:\/\/www.erdemyorukoglu.com\/de\/wp-json\/wp\/v2\/types\/page"}],"author":[{"embeddable":true,"href":"https:\/\/www.erdemyorukoglu.com\/de\/wp-json\/wp\/v2\/users\/1"}],"replies":[{"embeddable":true,"href":"https:\/\/www.erdemyorukoglu.com\/de\/wp-json\/wp\/v2\/comments?post=3763"}],"version-history":[{"count":8,"href":"https:\/\/www.erdemyorukoglu.com\/de\/wp-json\/wp\/v2\/pages\/3763\/revisions"}],"predecessor-version":[{"id":9382,"href":"https:\/\/www.erdemyorukoglu.com\/de\/wp-json\/wp\/v2\/pages\/3763\/revisions\/9382"}],"up":[{"embeddable":true,"href":"https:\/\/www.erdemyorukoglu.com\/de\/wp-json\/wp\/v2\/pages\/9"}],"wp:attachment":[{"href":"https:\/\/www.erdemyorukoglu.com\/de\/wp-json\/wp\/v2\/media?parent=3763"}],"curies":[{"name":"wp","href":"https:\/\/api.w.org\/{rel}","templated":true}]}}