{"id":9,"date":"2016-03-30T16:45:34","date_gmt":"2016-03-30T13:45:34","guid":{"rendered":"http:\/\/sandbox.curlythemes.com\/pirouette\/?page_id=9"},"modified":"2019-08-30T17:56:22","modified_gmt":"2019-08-30T14:56:22","slug":"uzmanliklar","status":"publish","type":"page","link":"https:\/\/www.erdemyorukoglu.com\/de\/uzmanliklar\/","title":{"rendered":"SACHKENNTNIS"},"content":{"rendered":"<div class=\"wpb-content-wrapper\">[vc_row full_width=&#8220;stretch_row&#8220; equal_height=&#8220;yes&#8220; content_placement=&#8220;middle&#8220; curly_padding=&#8220;content-padding-lg&#8220; css=&#8220;.vc_custom_1474550710558{border-bottom-width: 1px !important;border-bottom-color: #f4f4f4 !important;border-bottom-style: solid !important;}&#8220;][vc_column width=&#8220;1\/2&#8243;][vc_single_image image=&#8220;2370&#8243; img_size=&#8220;large&#8220; css=&#8220;.vc_custom_1550525214311{margin-bottom: 0px !important;}&#8220; el_class=&#8220;img-frame-large&#8220;][\/vc_column][vc_column width=&#8220;1\/3&#8243; offset=&#8220;vc_col-sm-offset-2&#8243;][vc_column_text curly_padding_side=&#8220;content-side-padding-xxl&#8220;]\n<h2><strong>OSTEOPATHIE<\/strong><\/h2>\n<p>Osteopathen sind hochqualifizierte Angeh\u00f6rige der Gesundheitsberufe.<\/p>\n<p>T\u00e4glich wenden sich weltweit mehr als 30.000 Menschen bei Osteopathen f\u00fcr Nacken- und R\u00fcckenschmerzen, Gelenk- und Muskelprobleme, Sportverletzungen, wiederkehrende Kopfschmerzen und mehr an. Osteopathen k\u00f6nnen mit den angewendeten Mobilisierungs- und Manipulationstechniken die Schmerzen in k\u00fcrzester Zeit beseitigen.[\/vc_column_text][vc_empty_space height=&#8220;.5rem&#8220;][vc_column_text]\n<h4><strong><a href=\"https:\/\/www.erdemyorukoglu.com\/de\/uzmanliklar\/osteopati\/\">DETAIL&#8230;<\/a><\/strong><\/h4>\n[\/vc_column_text][\/vc_column][\/vc_row][vc_row full_width=&#8220;stretch_row&#8220; equal_height=&#8220;yes&#8220; content_placement=&#8220;middle&#8220; curly_padding=&#8220;content-padding-lg&#8220; css=&#8220;.vc_custom_1474550710558{border-bottom-width: 1px !important;border-bottom-color: #f4f4f4 !important;border-bottom-style: solid !important;}&#8220;][vc_column width=&#8220;1\/3&#8243;][vc_column_text curly_padding_side=&#8220;content-side-padding-xxl&#8220;]\n<h2><strong>ORTHOP\u00c4DISCHE MANUELLE THERAPIE (OMT)<\/strong><\/h2>\n<p>Manual therapy techniques are applied by physiotherapists as a complementary treatment method. Combined with physical therapy methods and techniques, it prevents unnecessary surgeries and improves quality of life.[\/vc_column_text][vc_empty_space height=&#8220;.5rem&#8220;][vc_column_text]\n<h4><strong><a href=\"https:\/\/www.erdemyorukoglu.com\/de\/uzmanliklar\/manuel-terapi\/\">DETAIL&#8230;<\/a><\/strong><\/h4>\n[\/vc_column_text][\/vc_column][vc_column width=&#8220;1\/2&#8243; offset=&#8220;vc_col-sm-offset-2&#8243;][vc_single_image image=&#8220;2362&#8243; img_size=&#8220;large&#8220; css=&#8220;.vc_custom_1542482178336{margin-bottom: 0px !important;}&#8220; el_class=&#8220;img-frame-large&#8220;][\/vc_column][\/vc_row][vc_row full_width=&#8220;stretch_row&#8220; equal_height=&#8220;yes&#8220; content_placement=&#8220;middle&#8220; curly_padding=&#8220;content-padding-lg&#8220; css=&#8220;.vc_custom_1474550710558{border-bottom-width: 1px !important;border-bottom-color: #f4f4f4 !important;border-bottom-style: solid !important;}&#8220;][vc_column width=&#8220;1\/2&#8243;][vc_single_image image=&#8220;3241&#8243; img_size=&#8220;large&#8220; css=&#8220;.vc_custom_1546637270491{margin-bottom: 0px !important;}&#8220; el_class=&#8220;img-frame-large&#8220;][\/vc_column][vc_column width=&#8220;1\/3&#8243; offset=&#8220;vc_col-sm-offset-2&#8243;][vc_column_text curly_padding_side=&#8220;content-side-padding-xxl&#8220;]\n<h2><strong>MYOFASCIAL RELEASE<\/strong><\/h2>\n<p>Myofascial Release ist eine sichere und hochwirksame angewandte Technik, die einen leichten und kontinuierlichen Druck auf die Einschr\u00e4nkungen des myofaszialen Bindegewebes umfasst, um Schmerzen zu lindern und die Bewegung wiederherzustellen.[\/vc_column_text][vc_empty_space height=&#8220;.5rem&#8220;][vc_column_text]\n<h4><strong><a href=\"https:\/\/www.erdemyorukoglu.com\/de\/uzmanliklar\/myofascial-release\/\">DETAIL&#8230;<\/a><\/strong><\/h4>\n[\/vc_column_text][\/vc_column][\/vc_row][vc_row full_width=&#8220;stretch_row&#8220; equal_height=&#8220;yes&#8220; content_placement=&#8220;middle&#8220; curly_padding=&#8220;content-padding-lg&#8220; css=&#8220;.vc_custom_1474550710558{border-bottom-width: 1px !important;border-bottom-color: #f4f4f4 !important;border-bottom-style: solid !important;}&#8220;][vc_column width=&#8220;1\/3&#8243;][vc_column_text curly_padding_side=&#8220;content-side-padding-xxl&#8220;]\n<h2><strong>SCHROTH-3D-SKOL\u0130OSE-BEHANDLUNG<\/strong><\/h2>\n<p class=\"text text-40\">Die dreidimensionale Behandlung der Skoliose wird seit 1921 in Deutschland angewandt. Frau Kathrine Schroth entwickelte diese Methode nach elfj\u00e4hriger Anwendung, brachte viele Informationen zusammen und erzeugte ein Mosaik aus lernbaren Methoden.<\/p>\n[\/vc_column_text][vc_empty_space height=&#8220;.5rem&#8220;][vc_column_text]\n<h4><strong><a href=\"https:\/\/www.erdemyorukoglu.com\/de\/uzmanliklar\/schroth-3d-skolyoz-tedavisi\/\">DETAIL&#8230;<\/a><\/strong><\/h4>\n[\/vc_column_text][\/vc_column][vc_column width=&#8220;1\/2&#8243; offset=&#8220;vc_col-sm-offset-2&#8243;][vc_single_image image=&#8220;3097&#8243; img_size=&#8220;large&#8220; css=&#8220;.vc_custom_1546636510732{margin-bottom: 0px !important;}&#8220; el_class=&#8220;img-frame-large&#8220;][\/vc_column][\/vc_row][vc_row full_width=&#8220;stretch_row&#8220; equal_height=&#8220;yes&#8220; content_placement=&#8220;middle&#8220; curly_padding=&#8220;content-padding-lg&#8220; css=&#8220;.vc_custom_1474550710558{border-bottom-width: 1px !important;border-bottom-color: #f4f4f4 !important;border-bottom-style: solid !important;}&#8220;][vc_column width=&#8220;1\/2&#8243;][vc_single_image image=&#8220;2851&#8243; img_size=&#8220;large&#8220; css=&#8220;.vc_custom_1543439287311{margin-bottom: 0px !important;}&#8220; el_class=&#8220;img-frame-large&#8220;][\/vc_column][vc_column width=&#8220;1\/3&#8243; offset=&#8220;vc_col-sm-offset-2&#8243;][vc_column_text curly_padding_side=&#8220;content-side-padding-xxl&#8220;]\n<h2><strong>F\u00d6LD\u0130 Lymph\u00f6dem<\/strong><\/h2>\n<p class=\"text text-40\">Die Lymph\u00f6demst\u00f6rung wird durch die Ansammlung von Lymphfl\u00fcssigkeit im Interzellulargewebe verursacht, wodurch Schwellungen in Armen, Beinen und im Rumpf verursacht werden.<\/p>\n[\/vc_column_text][vc_empty_space height=&#8220;.5rem&#8220;][vc_column_text]\n<h4><strong><a href=\"https:\/\/www.erdemyorukoglu.com\/de\/uzmanliklar\/foldi-lenfodem\/\">DETAIL&#8230;<\/a><\/strong><\/h4>\n[\/vc_column_text][\/vc_column][\/vc_row][vc_row full_width=&#8220;stretch_row&#8220; equal_height=&#8220;yes&#8220; content_placement=&#8220;middle&#8220; curly_padding=&#8220;content-padding-lg&#8220; css=&#8220;.vc_custom_1474550710558{border-bottom-width: 1px !important;border-bottom-color: #f4f4f4 !important;border-bottom-style: solid !important;}&#8220;][vc_column width=&#8220;1\/3&#8243;][vc_column_text curly_padding_side=&#8220;content-side-padding-xxl&#8220;]\n<h2><strong>TIEFE GEWEBE UND TRIGGERPUNKTMASSAGE <\/strong><\/h2>\n<p>Die Triggerpunktmassage wird angewendet, um die durch Kr\u00e4mpfe und Nervenkontraktionen verursachten Schmerzen zu lindern und sogar zu beseitigen.[\/vc_column_text][vc_empty_space height=&#8220;.5rem&#8220;][vc_column_text]\n<h4><strong><a href=\"https:\/\/www.erdemyorukoglu.com\/de\/uzmanliklar\/derin-doku-tetik-nokta-masaji\/\">DETAIL&#8230;<\/a><\/strong><\/h4>\n[\/vc_column_text][\/vc_column][vc_column width=&#8220;1\/2&#8243; offset=&#8220;vc_col-sm-offset-2&#8243;][vc_single_image image=&#8220;3215&#8243; img_size=&#8220;large&#8220; css=&#8220;.vc_custom_1546636956378{margin-bottom: 0px !important;}&#8220; el_class=&#8220;img-frame-large&#8220;][\/vc_column][\/vc_row][vc_row full_width=&#8220;stretch_row&#8220; equal_height=&#8220;yes&#8220; content_placement=&#8220;middle&#8220; curly_padding=&#8220;content-padding-lg&#8220; css=&#8220;.vc_custom_1474550710558{border-bottom-width: 1px !important;border-bottom-color: #f4f4f4 !important;border-bottom-style: solid !important;}&#8220;][vc_column width=&#8220;1\/2&#8243;][vc_single_image image=&#8220;3235&#8243; img_size=&#8220;large&#8220; css=&#8220;.vc_custom_1546637168407{margin-bottom: 0px !important;}&#8220; el_class=&#8220;img-frame-large&#8220;][\/vc_column][vc_column width=&#8220;1\/3&#8243; offset=&#8220;vc_col-sm-offset-2&#8243;][vc_column_text curly_padding_side=&#8220;content-side-padding-xxl&#8220;]\n<h2><strong>ALEXANDER TECHNIK<\/strong><\/h2>\n<p>Diese Technik entwickelte sich nach einer langen Zeit der Selbst\u00fcberwachung des australischen Schauspielers Frederick Matthias Alexander (1869-1955) infolge seiner Entlassung auf der B\u00fchne und der Unf\u00e4higkeit von \u00c4rzten, ihn zu heilen. Sp\u00e4ter brachte diese Technik anderen K\u00fcnstlern positive Ergebnisse und f\u00fchrte zu einer raschen Ausdehnung der Technik in der internationalen Arena.[\/vc_column_text][vc_empty_space height=&#8220;.5rem&#8220;][vc_column_text]\n<h4><strong><a href=\"https:\/\/www.erdemyorukoglu.com\/de\/uzmanliklar\/alexander-teknigi\/\">DETAIL&#8230;<\/a><\/strong><\/h4>\n[\/vc_column_text][\/vc_column][\/vc_row][vc_row full_width=&#8220;stretch_row&#8220; equal_height=&#8220;yes&#8220; content_placement=&#8220;middle&#8220; curly_padding=&#8220;content-padding-lg&#8220; css=&#8220;.vc_custom_1474550710558{border-bottom-width: 1px !important;border-bottom-color: #f4f4f4 !important;border-bottom-style: solid !important;}&#8220;][vc_column width=&#8220;1\/3&#8243;][vc_column_text curly_padding_side=&#8220;content-side-padding-xxl&#8220;]\n<h2><strong>GRASTON<\/strong><\/h2>\n<p class=\"text text-40\">Die Graston-Technik ist eine patentierte manuelle Therapie mit Edelstahlwerkzeugen zur Muskelmobilisierung.<\/p>\n[\/vc_column_text][vc_empty_space height=&#8220;.5rem&#8220;][vc_column_text]\n<h4><strong><a href=\"https:\/\/www.erdemyorukoglu.com\/de\/uzmanliklar\/graston\/\">DETAIL&#8230;<\/a><\/strong><\/h4>\n[\/vc_column_text][\/vc_column][vc_column width=&#8220;1\/2&#8243; offset=&#8220;vc_col-sm-offset-2&#8243;][vc_single_image image=&#8220;3205&#8243; img_size=&#8220;large&#8220; css=&#8220;.vc_custom_1546636762484{margin-bottom: 0px !important;}&#8220; el_class=&#8220;img-frame-large&#8220;][\/vc_column][\/vc_row][vc_row full_width=&#8220;stretch_row&#8220; equal_height=&#8220;yes&#8220; content_placement=&#8220;middle&#8220; curly_padding=&#8220;content-padding-lg&#8220; css=&#8220;.vc_custom_1474550710558{border-bottom-width: 1px !important;border-bottom-color: #f4f4f4 !important;border-bottom-style: solid !important;}&#8220;][vc_column width=&#8220;1\/2&#8243;][vc_single_image image=&#8220;3530&#8243; img_size=&#8220;large&#8220; css=&#8220;.vc_custom_1550953977327{margin-bottom: 0px !important;}&#8220; el_class=&#8220;img-frame-large&#8220;][\/vc_column][vc_column width=&#8220;1\/3&#8243; offset=&#8220;vc_col-sm-offset-2&#8243;][vc_column_text curly_padding_side=&#8220;content-side-padding-xxl&#8220;]\n<h2><strong>McKENZIE \u2013 TECHNIK<\/strong><\/h2>\n<p>McKenzie Method ist ein biopsychosoziales System, das die Muskelst\u00e4rkung, die St\u00e4rkung der Patienten und die Selbstbehandlung hervorhebt. Es ist eine international anerkannte Bewertungs- und Behandlungsmethode f\u00fcr R\u00fccken- und Extremit\u00e4tenschmerzen, die vom Physiotherapeuten RobinMcKenzie in Neuseeland entwickelt wurde. Es ist seit \u00fcber 30 Jahren auf der ganzen Welt verbreitet.[\/vc_column_text][vc_empty_space height=&#8220;.5rem&#8220;][vc_column_text]\n<h4><a href=\"https:\/\/www.erdemyorukoglu.com\/de\/uzmanliklar\/mckenzie-teknigi\/\"><strong>DETAIL&#8230;<\/strong><\/a><\/h4>\n[\/vc_column_text][\/vc_column][\/vc_row][vc_row full_width=&#8220;stretch_row&#8220; equal_height=&#8220;yes&#8220; content_placement=&#8220;middle&#8220; curly_padding=&#8220;content-padding-lg&#8220; css=&#8220;.vc_custom_1474550710558{border-bottom-width: 1px !important;border-bottom-color: #f4f4f4 !important;border-bottom-style: solid !important;}&#8220;][vc_column width=&#8220;1\/3&#8243;][vc_column_text curly_padding_side=&#8220;content-side-padding-xxl&#8220;]\n<h2><strong>MULLIGAN<\/strong><\/h2>\n<p class=\"text text-40\">Das Mulligan-Konzept wurde in den 1980ern vom neuseel\u00e4ndischen Physiotherapeuten Brian Mulligan entwickelt. Konzeptspezifische Techniken werden sicher und effektiv bei Erkrankungen des Bewegungsapparates und des Nervensystems angewendet.<\/p>\n[\/vc_column_text][vc_empty_space height=&#8220;.5rem&#8220;][vc_column_text]\n<h4><a href=\"https:\/\/www.erdemyorukoglu.com\/de\/uzmanliklar\/mulligan-konsepti\/\"><strong>DETAIL&#8230;<\/strong><\/a><\/h4>\n[\/vc_column_text][\/vc_column][vc_column width=&#8220;1\/2&#8243; offset=&#8220;vc_col-sm-offset-2&#8243;][vc_single_image image=&#8220;3526&#8243; img_size=&#8220;large&#8220; css=&#8220;.vc_custom_1550954057693{margin-bottom: 0px !important;}&#8220; el_class=&#8220;img-frame-large&#8220;][\/vc_column][\/vc_row][vc_row full_width=&#8220;stretch_row&#8220; equal_height=&#8220;yes&#8220; content_placement=&#8220;middle&#8220; curly_padding=&#8220;content-padding-lg&#8220; css=&#8220;.vc_custom_1474550710558{border-bottom-width: 1px !important;border-bottom-color: #f4f4f4 !important;border-bottom-style: solid !important;}&#8220;][vc_column width=&#8220;1\/2&#8243;][vc_single_image image=&#8220;3770&#8243; img_size=&#8220;large&#8220; css=&#8220;.vc_custom_1565962358552{margin-bottom: 0px !important;}&#8220; el_class=&#8220;img-frame-large&#8220;][\/vc_column][vc_column width=&#8220;1\/3&#8243; offset=&#8220;vc_col-sm-offset-2&#8243;][vc_column_text curly_padding_side=&#8220;content-side-padding-xxl&#8220;]\n<h2><strong>CH\u0130ROPRAKT\u0130K<\/strong><\/h2>\n<p class=\"text text-40\">Chiropraktik; Es ist ein unterst\u00fctzendes Feld, das sich mit biomechanischen Erkrankungen des Muskels, der Wirbels\u00e4ule und des Skelettsystems und seinen Problemen des Nervensystems befasst. Die Behandlung mit Chiropraktik zielt darauf ab, den Schutz und die Gesundheit des K\u00f6rpers zu verbessern&#8230;<\/p>\n[\/vc_column_text][vc_empty_space height=&#8220;.5rem&#8220;][vc_column_text]\n<h4><a href=\"https:\/\/www.erdemyorukoglu.com\/de\/uzmanliklar\/kayropraktik\/\"><strong>DETAIL&#8230;<\/strong><\/a><\/h4>\n[\/vc_column_text][\/vc_column][\/vc_row][vc_row full_width=&#8220;stretch_row&#8220; equal_height=&#8220;yes&#8220; content_placement=&#8220;middle&#8220; curly_padding=&#8220;content-padding-lg&#8220; css=&#8220;.vc_custom_1474550710558{border-bottom-width: 1px !important;border-bottom-color: #f4f4f4 !important;border-bottom-style: solid !important;}&#8220;][vc_column width=&#8220;1\/3&#8243;][vc_column_text curly_padding_side=&#8220;content-side-padding-xxl&#8220;]\n<h2><strong>FMS (Funktionsbewegungsbildschirm)<\/strong><\/h2>\n<p>Das FMS bef\u00fcrwortet die erste Mobilisierung, dann die Stabilisierung, dann muss die korrekte Bewegung und die letzte Kraft geladen werden.<\/p>\n<p>FMS; Schwache neuromuskul\u00e4re Kontrolle ist ein System zur Beurteilung der Qualit\u00e4t des Bewegungsmusters bei Sportlern, da davon ausgegangen wird, dass es das Risiko einer akuten Verletzung erh\u00f6ht.[\/vc_column_text][vc_empty_space height=&#8220;.5rem&#8220;][vc_column_text]\n<h4><strong><a href=\"https:\/\/www.erdemyorukoglu.com\/de\/uzmanliklar\/functional_movement_screen\/\">DETAIL&#8230;<\/a><\/strong><\/h4>\n[\/vc_column_text][\/vc_column][vc_column width=&#8220;1\/2&#8243; offset=&#8220;vc_col-sm-offset-2&#8243;][vc_single_image image=&#8220;3251&#8243; img_size=&#8220;large&#8220; css=&#8220;.vc_custom_1546637362772{margin-bottom: 0px !important;}&#8220; el_class=&#8220;img-frame-large&#8220;][\/vc_column][\/vc_row]\n<\/div>","protected":false},"excerpt":{"rendered":"<p>[vc_row full_width=&#8220;stretch_row&#8220; equal_height=&#8220;yes&#8220; content_placement=&#8220;middle&#8220; curly_padding=&#8220;content-padding-lg&#8220; css=&#8220;.vc_custom_1474550710558{border-bottom-width: 1px !important;border-bottom-color: #f4f4f4 !important;border-bottom-style: solid !important;}&#8220;][vc_column width=&#8220;1\/2&#8243;][vc_single_image image=&#8220;2370&#8243; img_size=&#8220;large&#8220; css=&#8220;.vc_custom_1550525214311{margin-bottom: 0px !important;}&#8220; el_class=&#8220;img-frame-large&#8220;][\/vc_column][vc_column width=&#8220;1\/3&#8243; offset=&#8220;vc_col-sm-offset-2&#8243;][vc_column_text curly_padding_side=&#8220;content-side-padding-xxl&#8220;] OSTEOPATHIE Osteopathen sind hochqualifizierte Angeh\u00f6rige der Gesundheitsberufe. T\u00e4glich wenden sich weltweit mehr als 30.000 Menschen bei Osteopathen f\u00fcr Nacken- und R\u00fcckenschmerzen, Gelenk- und Muskelprobleme, Sportverletzungen, wiederkehrende Kopfschmerzen und mehr an. Osteopathen k\u00f6nnen mit den angewendeten Mobilisierungs- und Manipulationstechniken [&hellip;]<\/p>\n","protected":false},"author":1,"featured_media":0,"parent":0,"menu_order":0,"comment_status":"closed","ping_status":"closed","template":"","meta":{"inline_featured_image":false,"footnotes":""},"class_list":["post-9","page","type-page","status-publish","hentry"],"yoast_head":"<!-- This site is optimized with the Yoast SEO plugin v25.7 - https:\/\/yoast.com\/wordpress\/plugins\/seo\/ -->\n<title>SACHKENNTNIS<\/title>\n<meta name=\"description\" content=\"Manuel Terapi (OMT), Osteopati, Schroth-3D Skolyoz Tedavi, Graston,Derin Doku ve Tetik Nokta Masaj\u0131, Alexander Tekni\u011fi, Myofascial Realese, FMS (Functional Movement Screen), F\u00f6ldi Lenf\u00f6dem\" \/>\n<meta name=\"robots\" content=\"index, follow, max-snippet:-1, max-image-preview:large, max-video-preview:-1\" \/>\n<link rel=\"canonical\" href=\"https:\/\/www.erdemyorukoglu.com\/de\/uzmanliklar\/\" \/>\n<meta property=\"og:locale\" content=\"de_DE\" \/>\n<meta property=\"og:locale:alternate\" content=\"tr_TR\" \/>\n<meta property=\"og:locale:alternate\" content=\"en_US\" \/>\n<meta property=\"og:type\" content=\"article\" \/>\n<meta property=\"og:title\" content=\"SACHKENNTNIS\" \/>\n<meta property=\"og:description\" content=\"Manuel Terapi (OMT), Osteopati, Schroth-3D Skolyoz Tedavi, Graston,Derin Doku ve Tetik Nokta Masaj\u0131, Alexander Tekni\u011fi, Myofascial Realese, FMS (Functional Movement Screen), F\u00f6ldi Lenf\u00f6dem\" \/>\n<meta property=\"og:url\" content=\"https:\/\/www.erdemyorukoglu.com\/de\/uzmanliklar\/\" \/>\n<meta property=\"og:site_name\" content=\"Erdem Y\u00f6r\u00fcko\u011flu \/\/ Manuel Terapi, Fizyoterapist, Ankara\" \/>\n<meta property=\"article:modified_time\" content=\"2019-08-30T14:56:22+00:00\" \/>\n<meta name=\"twitter:card\" content=\"summary_large_image\" \/>\n<meta name=\"twitter:label1\" content=\"Gesch\u00e4tzte Lesezeit\" \/>\n\t<meta name=\"twitter:data1\" content=\"21\u00a0Minuten\" \/>\n<script type=\"application\/ld+json\" class=\"yoast-schema-graph\">{\"@context\":\"https:\/\/schema.org\",\"@graph\":[{\"@type\":\"WebPage\",\"@id\":\"https:\/\/www.erdemyorukoglu.com\/de\/uzmanliklar\/\",\"url\":\"https:\/\/www.erdemyorukoglu.com\/de\/uzmanliklar\/\",\"name\":\"SACHKENNTNIS\",\"isPartOf\":{\"@id\":\"https:\/\/www.erdemyorukoglu.com\/en\/#website\"},\"datePublished\":\"2016-03-30T13:45:34+00:00\",\"dateModified\":\"2019-08-30T14:56:22+00:00\",\"description\":\"Manuel Terapi (OMT), Osteopati, Schroth-3D Skolyoz Tedavi, Graston,Derin Doku ve Tetik Nokta Masaj\u0131, Alexander Tekni\u011fi, Myofascial Realese, FMS (Functional Movement Screen), F\u00f6ldi Lenf\u00f6dem\",\"breadcrumb\":{\"@id\":\"https:\/\/www.erdemyorukoglu.com\/de\/uzmanliklar\/#breadcrumb\"},\"inLanguage\":\"de-DE\",\"potentialAction\":[{\"@type\":\"ReadAction\",\"target\":[\"https:\/\/www.erdemyorukoglu.com\/de\/uzmanliklar\/\"]}]},{\"@type\":\"BreadcrumbList\",\"@id\":\"https:\/\/www.erdemyorukoglu.com\/de\/uzmanliklar\/#breadcrumb\",\"itemListElement\":[{\"@type\":\"ListItem\",\"position\":1,\"name\":\"MANUEL TERAP\u0130 ANKARA %%sep%% %%sitename%%\",\"item\":\"https:\/\/www.erdemyorukoglu.com\/de\/\"},{\"@type\":\"ListItem\",\"position\":2,\"name\":\"UZMANLIKLAR\"}]},{\"@type\":\"WebSite\",\"@id\":\"https:\/\/www.erdemyorukoglu.com\/en\/#website\",\"url\":\"https:\/\/www.erdemyorukoglu.com\/en\/\",\"name\":\"Erdem Y\u00f6r\u00fcko\u011flu \/\/ Manuel Terapi, Fizyoterapist, Ankara\",\"description\":\"Manuel Terapi, Kayropraktik, Fizyoterapi, Bel ve Boyun F\u0131t\u0131\u011f\u0131, Lenf\u00f6dem Tedavisi, Gyrotonic, Skolyoz, Ankara\",\"publisher\":{\"@id\":\"https:\/\/www.erdemyorukoglu.com\/en\/#\/schema\/person\/854314645f5beb1ce61d3d55971d52e1\"},\"potentialAction\":[{\"@type\":\"SearchAction\",\"target\":{\"@type\":\"EntryPoint\",\"urlTemplate\":\"https:\/\/www.erdemyorukoglu.com\/en\/?s={search_term_string}\"},\"query-input\":{\"@type\":\"PropertyValueSpecification\",\"valueRequired\":true,\"valueName\":\"search_term_string\"}}],\"inLanguage\":\"de-DE\"},{\"@type\":[\"Person\",\"Organization\"],\"@id\":\"https:\/\/www.erdemyorukoglu.com\/en\/#\/schema\/person\/854314645f5beb1ce61d3d55971d52e1\",\"name\":\"Erdem Y\u00f6r\u00fcko\u011flu\",\"image\":{\"@type\":\"ImageObject\",\"inLanguage\":\"de-DE\",\"@id\":\"https:\/\/www.erdemyorukoglu.com\/en\/#\/schema\/person\/image\/\",\"url\":\"https:\/\/www.erdemyorukoglu.com\/wp-content\/uploads\/2018\/11\/fav-icon-1.png\",\"contentUrl\":\"https:\/\/www.erdemyorukoglu.com\/wp-content\/uploads\/2018\/11\/fav-icon-1.png\",\"width\":512,\"height\":512,\"caption\":\"Erdem Y\u00f6r\u00fcko\u011flu\"},\"logo\":{\"@id\":\"https:\/\/www.erdemyorukoglu.com\/en\/#\/schema\/person\/image\/\"}}]}<\/script>\n<!-- \/ Yoast SEO plugin. -->","yoast_head_json":{"title":"SACHKENNTNIS","description":"Manuel Terapi (OMT), Osteopati, Schroth-3D Skolyoz Tedavi, Graston,Derin Doku ve Tetik Nokta Masaj\u0131, Alexander Tekni\u011fi, Myofascial Realese, FMS (Functional Movement Screen), F\u00f6ldi Lenf\u00f6dem","robots":{"index":"index","follow":"follow","max-snippet":"max-snippet:-1","max-image-preview":"max-image-preview:large","max-video-preview":"max-video-preview:-1"},"canonical":"https:\/\/www.erdemyorukoglu.com\/de\/uzmanliklar\/","og_locale":"de_DE","og_type":"article","og_title":"Erdem Y\u00f6r\u00fcko\u011flu \/\/ Manuel Terapi, Fizyoterapist, Ankara - [:tr]UZMANLIKLAR[:en]SKILLS[:de]SACHKENNTNIS[:]","og_description":"Manuel Terapi (OMT), Osteopati, Schroth-3D Skolyoz Tedavi, Graston,Derin Doku ve Tetik Nokta Masaj\u0131, Alexander Tekni\u011fi, Myofascial Realese, FMS (Functional Movement Screen), F\u00f6ldi Lenf\u00f6dem","og_url":"https:\/\/www.erdemyorukoglu.com\/de\/uzmanliklar\/","og_site_name":"Erdem Y\u00f6r\u00fcko\u011flu \/\/ Manuel Terapi, Fizyoterapist, Ankara","article_modified_time":"2019-08-30T14:56:22+00:00","twitter_card":"summary_large_image","twitter_misc":{"Gesch\u00e4tzte Lesezeit":"21\u00a0Minuten"},"schema":{"@context":"https:\/\/schema.org","@graph":[{"@type":"WebPage","@id":"https:\/\/www.erdemyorukoglu.com\/de\/uzmanliklar\/","url":"https:\/\/www.erdemyorukoglu.com\/de\/uzmanliklar\/","name":"SACHKENNTNIS","isPartOf":{"@id":"https:\/\/www.erdemyorukoglu.com\/en\/#website"},"datePublished":"2016-03-30T13:45:34+00:00","dateModified":"2019-08-30T14:56:22+00:00","description":"Manuel Terapi (OMT), Osteopati, Schroth-3D Skolyoz Tedavi, Graston,Derin Doku ve Tetik Nokta Masaj\u0131, Alexander Tekni\u011fi, Myofascial Realese, FMS (Functional Movement Screen), F\u00f6ldi Lenf\u00f6dem","breadcrumb":{"@id":"https:\/\/www.erdemyorukoglu.com\/de\/uzmanliklar\/#breadcrumb"},"inLanguage":"de-DE","potentialAction":[{"@type":"ReadAction","target":["https:\/\/www.erdemyorukoglu.com\/de\/uzmanliklar\/"]}]},{"@type":"BreadcrumbList","@id":"https:\/\/www.erdemyorukoglu.com\/de\/uzmanliklar\/#breadcrumb","itemListElement":[{"@type":"ListItem","position":1,"name":"MANUEL TERAP\u0130 ANKARA %%sep%% %%sitename%%","item":"https:\/\/www.erdemyorukoglu.com\/de\/"},{"@type":"ListItem","position":2,"name":"UZMANLIKLAR"}]},{"@type":"WebSite","@id":"https:\/\/www.erdemyorukoglu.com\/en\/#website","url":"https:\/\/www.erdemyorukoglu.com\/en\/","name":"Erdem Y\u00f6r\u00fcko\u011flu \/\/ Manuel Terapi, Fizyoterapist, Ankara","description":"Manuel Terapi, Kayropraktik, Fizyoterapi, Bel ve Boyun F\u0131t\u0131\u011f\u0131, Lenf\u00f6dem Tedavisi, Gyrotonic, Skolyoz, Ankara","publisher":{"@id":"https:\/\/www.erdemyorukoglu.com\/en\/#\/schema\/person\/854314645f5beb1ce61d3d55971d52e1"},"potentialAction":[{"@type":"SearchAction","target":{"@type":"EntryPoint","urlTemplate":"https:\/\/www.erdemyorukoglu.com\/en\/?s={search_term_string}"},"query-input":{"@type":"PropertyValueSpecification","valueRequired":true,"valueName":"search_term_string"}}],"inLanguage":"de-DE"},{"@type":["Person","Organization"],"@id":"https:\/\/www.erdemyorukoglu.com\/en\/#\/schema\/person\/854314645f5beb1ce61d3d55971d52e1","name":"Erdem Y\u00f6r\u00fcko\u011flu","image":{"@type":"ImageObject","inLanguage":"de-DE","@id":"https:\/\/www.erdemyorukoglu.com\/en\/#\/schema\/person\/image\/","url":"https:\/\/www.erdemyorukoglu.com\/wp-content\/uploads\/2018\/11\/fav-icon-1.png","contentUrl":"https:\/\/www.erdemyorukoglu.com\/wp-content\/uploads\/2018\/11\/fav-icon-1.png","width":512,"height":512,"caption":"Erdem Y\u00f6r\u00fcko\u011flu"},"logo":{"@id":"https:\/\/www.erdemyorukoglu.com\/en\/#\/schema\/person\/image\/"}}]}},"_links":{"self":[{"href":"https:\/\/www.erdemyorukoglu.com\/de\/wp-json\/wp\/v2\/pages\/9","targetHints":{"allow":["GET"]}}],"collection":[{"href":"https:\/\/www.erdemyorukoglu.com\/de\/wp-json\/wp\/v2\/pages"}],"about":[{"href":"https:\/\/www.erdemyorukoglu.com\/de\/wp-json\/wp\/v2\/types\/page"}],"author":[{"embeddable":true,"href":"https:\/\/www.erdemyorukoglu.com\/de\/wp-json\/wp\/v2\/users\/1"}],"replies":[{"embeddable":true,"href":"https:\/\/www.erdemyorukoglu.com\/de\/wp-json\/wp\/v2\/comments?post=9"}],"version-history":[{"count":42,"href":"https:\/\/www.erdemyorukoglu.com\/de\/wp-json\/wp\/v2\/pages\/9\/revisions"}],"predecessor-version":[{"id":4166,"href":"https:\/\/www.erdemyorukoglu.com\/de\/wp-json\/wp\/v2\/pages\/9\/revisions\/4166"}],"wp:attachment":[{"href":"https:\/\/www.erdemyorukoglu.com\/de\/wp-json\/wp\/v2\/media?parent=9"}],"curies":[{"name":"wp","href":"https:\/\/api.w.org\/{rel}","templated":true}]}}