{"id":1744,"date":"2016-06-07T00:28:01","date_gmt":"2016-06-06T21:28:01","guid":{"rendered":"http:\/\/sandbox.curlythemes.com\/pirouette\/?page_id=1744"},"modified":"2023-01-14T15:21:35","modified_gmt":"2023-01-14T12:21:35","slug":"hakkimda","status":"publish","type":"page","link":"https:\/\/www.erdemyorukoglu.com\/en\/hakkimda\/","title":{"rendered":"ABOUT US"},"content":{"rendered":"<div class=\"wpb-content-wrapper\">[vc_row full_width=&#8221;stretch_row&#8221; content_placement=&#8221;middle&#8221; curly_padding=&#8221;content-padding-none&#8221; css=&#8221;.vc_custom_1543785877640{padding-top: 0px !important;padding-right: 0px !important;padding-bottom: 0px !important;padding-left: 0px !important;background-color: #ffffff !important;}&#8221; curly_section_title=&#8221;Advanced Classes&#8221; curly_section_color=&#8221;#ffffff&#8221;][vc_column width=&#8221;1\/5&#8243;][\/vc_column][vc_column width=&#8221;3\/5&#8243;][vc_column_text]M. Erdem Y\u00f6r\u00fcko\u011flu was born in 1978 in Ankara. After completing his primary and secondary education, he graduated from Hacettepe University School of Physical Therapy and Rehabilitation in 2000. Between 2002-2005, he completed his Master&#8217;s Degree in Cardio-Pulmonary Rehabilitation at Hacettepe University. After completing his osteopathy training in 2009, he studied Psycho-Neuro-Immunology. M. Erdem Y\u00f6r\u00fcko\u011flu, who knows advanced level of English, has attended many national and international training courses and personal development seminars and received certificates and diplomas.[\/vc_column_text][\/vc_column][vc_column width=&#8221;1\/5&#8243;][\/vc_column][\/vc_row][vc_row curly_padding=&#8221;content-padding-none&#8221;][vc_column][vc_separator color=&#8221;custom&#8221; accent_color=&#8221;#a5a5a5&#8243;][\/vc_column][\/vc_row][vc_row full_width=&#8221;stretch_row&#8221; content_placement=&#8221;middle&#8221; curly_padding=&#8221;content-padding-none&#8221;][vc_column curly_padding=&#8221;content-padding-none&#8221; el_class=&#8221;img-frame-medium&#8221;][vc_column_text]\n<h3 style=\"text-align: center;\"><strong>Areas of Expertise<\/strong><\/h3>\n[\/vc_column_text][\/vc_column][vc_column width=&#8221;5\/12&#8243; curly_padding=&#8221;content-padding-none&#8221;][vc_single_image image=&#8221;2370&#8243; img_size=&#8221;large&#8221; alignment=&#8221;center&#8221; style=&#8221;img-frame-large&#8221; css_animation=&#8221;none&#8221; css=&#8221;.vc_custom_1549834022414{border-top-width: 10px !important;border-right-width: 10px !important;border-bottom-width: 10px !important;border-left-width: 10px !important;border-left-color: #ffffff !important;border-left-style: solid !important;border-right-color: #ffffff !important;border-right-style: solid !important;border-top-color: #ffffff !important;border-top-style: solid !important;border-bottom-color: #ffffff !important;border-bottom-style: solid !important;}&#8221;][\/vc_column][vc_column width=&#8221;5\/12&#8243; curly_padding=&#8221;content-padding-none&#8221; offset=&#8221;vc_col-sm-offset-1&#8243;][vc_column_text]<span style=\"color: #000000;\">Acute subacute and chronic treatment of musculoskeletal disorders<br \/>\nPreop and postop rehabilitation of sportive and orthopedic injuries<br \/>\nBandages and bandage applying for sports injuries<br \/>\nOsteopathy and manual therapy for sportive and orthopedic injuries<\/span>[\/vc_column_text][vc_column_text]<span style=\"color: #000000;\">Lumbar hernia<br \/>\nNeck hernia<br \/>\nFibromyalgia<br \/>\nPain in Shoulder<br \/>\nChronic Headache and Dizziness<br \/>\nBackpain<br \/>\nHip Pain<br \/>\nPosture Disorders<br \/>\nScoliosis<br \/>\nKnee and Ankle Pain<br \/>\nLymph edema<br \/>\nJaw joint problems<\/span>[\/vc_column_text][\/vc_column][\/vc_row][vc_row curly_padding=&#8221;content-padding-none&#8221;][vc_column][vc_separator color=&#8221;custom&#8221; accent_color=&#8221;#a5a5a5&#8243;][\/vc_column][\/vc_row][vc_row full_width=&#8221;stretch_row&#8221; content_placement=&#8221;middle&#8221; curly_padding=&#8221;content-padding-none&#8221;][vc_column curly_padding=&#8221;content-padding-none&#8221; el_class=&#8221;img-frame-medium&#8221;][vc_column_text]\n<h3 style=\"text-align: center;\"><strong>Treatment Methods <\/strong><\/h3>\n[\/vc_column_text][\/vc_column][vc_column width=&#8221;5\/12&#8243; curly_padding=&#8221;content-padding-none&#8221;][vc_column_text]<span style=\"color: #000000;\">Manual Therapy<br \/>\nJoint and Soft Tissue Mobilization Techniques<br \/>\nTemporo Mandibular (Jaw Joint) Problems<br \/>\nJoint Manipulations<br \/>\nSchroth Scoliosis Treatment<br \/>\nLymph edema massage and bandage applications<br \/>\nClinical Pilates<br \/>\nGyrotonic Exercise System<br \/>\nPelvic Floor Rehabilitation<br \/>\nDry Needle Applications<\/span>[\/vc_column_text][\/vc_column][vc_column width=&#8221;5\/12&#8243; curly_padding=&#8221;content-padding-none&#8221; offset=&#8221;vc_col-sm-offset-1&#8243;][vc_single_image image=&#8221;2546&#8243; img_size=&#8221;large&#8221; alignment=&#8221;center&#8221; style=&#8221;img-frame-large&#8221; css_animation=&#8221;none&#8221; css=&#8221;.vc_custom_1549834041892{border-top-width: 10px !important;border-right-width: 10px !important;border-bottom-width: 10px !important;border-left-width: 10px !important;border-left-color: #ffffff !important;border-left-style: solid !important;border-right-color: #ffffff !important;border-right-style: solid !important;border-top-color: #ffffff !important;border-top-style: solid !important;border-bottom-color: #ffffff !important;border-bottom-style: solid !important;}&#8221;][\/vc_column][\/vc_row][vc_row curly_padding=&#8221;content-padding-none&#8221;][vc_column][vc_separator color=&#8221;custom&#8221; accent_color=&#8221;#a5a5a5&#8243;][\/vc_column][\/vc_row][vc_row full_width=&#8221;stretch_row&#8221; content_placement=&#8221;middle&#8221; curly_padding=&#8221;content-padding-none&#8221;][vc_column curly_padding=&#8221;content-padding-none&#8221; el_class=&#8221;img-frame-medium&#8221;][vc_column_text]\n<h3 style=\"text-align: center;\"><strong>Work Experiences<\/strong><\/h3>\n[\/vc_column_text][\/vc_column][vc_column width=&#8221;5\/12&#8243; curly_padding=&#8221;content-padding-none&#8221;][vc_column_text]Since 2014 Medifit Healthy Life Center Founding partner and he is working in Dr. Sava\u015f Kuda\u015f&#8217;s office<\/p>\n<p>2013- &#8230;&#8230;&#8230;. Physiotherapist of National Football\u00a0 Team<\/p>\n<p>2012-2014 Head Physiotherapist of Fenerbahce Football Club A Team, Istanbul<\/p>\n<p>2010-2012 Physiotherapist of Galatasaray Football Club A team, Istanbul<\/p>\n<p><span style=\"color: #000000;\">2008-2010 Physiotherapist of Ankaraspor Club A Team<\/span><cite><\/cite>[\/vc_column_text][\/vc_column][vc_column width=&#8221;5\/12&#8243; curly_padding=&#8221;content-padding-none&#8221; offset=&#8221;vc_col-sm-offset-1&#8243;][vc_column_text]2007-2008 Department of Sports Medicine, Ankara University<\/p>\n<p>2005-2006 GATA Department of Physical Medicine and Rehabilitation<\/p>\n<p>2004-2005 Physiotherapist of A2 Turkish National Football Team<\/p>\n<p>2000-2007 Physiotherapist of Gen\u00e7lerbirli\u011fi Sports Club Team A[\/vc_column_text][\/vc_column][\/vc_row][vc_row curly_padding=&#8221;content-padding-none&#8221;][vc_column][vc_separator color=&#8221;custom&#8221; accent_color=&#8221;#a5a5a5&#8243;][\/vc_column][\/vc_row][vc_row full_width=&#8221;stretch_row_content_no_spaces&#8221; speed=&#8221;200000&#8243; offset=&#8221;&#8221; grayscale=&#8221;yes&#8221; el_css=&#8221;&#8221; css=&#8221;.vc_custom_1673697796337{padding-top: -15rem !important;padding-bottom: -15rem !important;}&#8221;][vc_column]<div class='xtd-carousel-filmstrip__container xtd-carousel-filmstrip--offset-  filtered-image   vc_custom_1601275801106'><div class='xtd-carousel-filmstrip' data-speed='200000'>[vc_single_image image=&#8221;9994&#8243; img_size=&#8221;full&#8221; onclick=&#8221;link_image&#8221;][vc_single_image image=&#8221;8359&#8243; img_size=&#8221;full&#8221; onclick=&#8221;link_image&#8221;][vc_single_image image=&#8221;8358&#8243; img_size=&#8221;full&#8221; onclick=&#8221;link_image&#8221;][vc_single_image image=&#8221;8357&#8243; img_size=&#8221;full&#8221; onclick=&#8221;link_image&#8221;][vc_single_image image=&#8221;8356&#8243; img_size=&#8221;full&#8221; onclick=&#8221;link_image&#8221;][vc_single_image image=&#8221;8355&#8243; img_size=&#8221;full&#8221; onclick=&#8221;link_image&#8221;][vc_single_image image=&#8221;8354&#8243; img_size=&#8221;full&#8221; onclick=&#8221;link_image&#8221;][vc_single_image image=&#8221;8353&#8243; img_size=&#8221;full&#8221; onclick=&#8221;link_image&#8221;][vc_single_image image=&#8221;8352&#8243; img_size=&#8221;full&#8221; onclick=&#8221;link_image&#8221;][vc_single_image image=&#8221;8351&#8243; img_size=&#8221;full&#8221; onclick=&#8221;link_image&#8221;][vc_single_image image=&#8221;8350&#8243; img_size=&#8221;full&#8221; onclick=&#8221;link_image&#8221;][vc_single_image image=&#8221;8349&#8243; img_size=&#8221;full&#8221; onclick=&#8221;link_image&#8221;][vc_single_image image=&#8221;8348&#8243; img_size=&#8221;full&#8221; onclick=&#8221;link_image&#8221;][vc_single_image image=&#8221;8347&#8243; img_size=&#8221;full&#8221; onclick=&#8221;link_image&#8221;][vc_single_image image=&#8221;8346&#8243; img_size=&#8221;full&#8221; onclick=&#8221;link_image&#8221;][vc_single_image image=&#8221;8345&#8243; img_size=&#8221;full&#8221; onclick=&#8221;link_image&#8221;][vc_single_image image=&#8221;8344&#8243; img_size=&#8221;full&#8221; onclick=&#8221;link_image&#8221;][vc_single_image image=&#8221;8343&#8243; img_size=&#8221;full&#8221; onclick=&#8221;link_image&#8221;][vc_single_image image=&#8221;8342&#8243; img_size=&#8221;full&#8221; onclick=&#8221;link_image&#8221;][vc_single_image image=&#8221;8341&#8243; img_size=&#8221;full&#8221; onclick=&#8221;link_image&#8221;][vc_single_image image=&#8221;8340&#8243; img_size=&#8221;full&#8221; onclick=&#8221;link_image&#8221;][vc_single_image image=&#8221;8339&#8243; img_size=&#8221;full&#8221; onclick=&#8221;link_image&#8221;][vc_single_image image=&#8221;8338&#8243; img_size=&#8221;full&#8221; onclick=&#8221;link_image&#8221;][vc_single_image image=&#8221;8337&#8243; img_size=&#8221;full&#8221; onclick=&#8221;link_image&#8221;][vc_single_image image=&#8221;8336&#8243; img_size=&#8221;full&#8221; onclick=&#8221;link_image&#8221;][vc_single_image image=&#8221;8335&#8243; img_size=&#8221;full&#8221; onclick=&#8221;link_image&#8221;][vc_single_image image=&#8221;5674&#8243; img_size=&#8221;full&#8221; onclick=&#8221;link_image&#8221;][vc_single_image image=&#8221;8334&#8243; img_size=&#8221;full&#8221; onclick=&#8221;link_image&#8221;][vc_single_image image=&#8221;8333&#8243; img_size=&#8221;full&#8221; onclick=&#8221;link_image&#8221;][vc_single_image image=&#8221;8332&#8243; img_size=&#8221;full&#8221; onclick=&#8221;link_image&#8221;][vc_single_image image=&#8221;8331&#8243; img_size=&#8221;full&#8221; onclick=&#8221;link_image&#8221;][vc_single_image image=&#8221;8330&#8243; img_size=&#8221;full&#8221; onclick=&#8221;link_image&#8221;][vc_single_image image=&#8221;8329&#8243; img_size=&#8221;full&#8221; onclick=&#8221;link_image&#8221;][vc_single_image image=&#8221;8328&#8243; img_size=&#8221;full&#8221; onclick=&#8221;link_image&#8221;][vc_single_image image=&#8221;8327&#8243; img_size=&#8221;full&#8221; onclick=&#8221;link_image&#8221;][vc_single_image image=&#8221;8326&#8243; img_size=&#8221;full&#8221; onclick=&#8221;link_image&#8221;][vc_single_image image=&#8221;8325&#8243; img_size=&#8221;full&#8221; onclick=&#8221;link_image&#8221;][vc_single_image image=&#8221;8324&#8243; img_size=&#8221;full&#8221; onclick=&#8221;link_image&#8221;][vc_single_image image=&#8221;8323&#8243; img_size=&#8221;full&#8221; onclick=&#8221;link_image&#8221;][vc_single_image image=&#8221;8322&#8243; img_size=&#8221;full&#8221; onclick=&#8221;link_image&#8221;][vc_single_image image=&#8221;8321&#8243; img_size=&#8221;full&#8221; onclick=&#8221;link_image&#8221;][vc_single_image image=&#8221;8320&#8243; img_size=&#8221;full&#8221; onclick=&#8221;link_image&#8221;][vc_single_image image=&#8221;8319&#8243; img_size=&#8221;full&#8221; onclick=&#8221;link_image&#8221;]<\/div><\/div>[\/vc_column][\/vc_row]\n<\/div>","protected":false},"excerpt":{"rendered":"<p>[vc_row full_width=&#8221;stretch_row&#8221; content_placement=&#8221;middle&#8221; curly_padding=&#8221;content-padding-none&#8221; css=&#8221;.vc_custom_1543785877640{padding-top: 0px !important;padding-right: 0px !important;padding-bottom: 0px !important;padding-left: 0px !important;background-color: #ffffff !important;}&#8221; curly_section_title=&#8221;Advanced Classes&#8221; curly_section_color=&#8221;#ffffff&#8221;][vc_column width=&#8221;1\/5&#8243;][\/vc_column][vc_column width=&#8221;3\/5&#8243;][vc_column_text]M. Erdem Y\u00f6r\u00fcko\u011flu was born in 1978 in Ankara. After completing his primary and secondary education, he graduated from Hacettepe University School of Physical Therapy and Rehabilitation in 2000. Between 2002-2005, he completed his Master&#8217;s Degree in Cardio-Pulmonary Rehabilitation at Hacettepe [&hellip;]<\/p>\n","protected":false},"author":1,"featured_media":2519,"parent":0,"menu_order":0,"comment_status":"closed","ping_status":"closed","template":"","meta":{"inline_featured_image":false,"footnotes":""},"class_list":["post-1744","page","type-page","status-publish","has-post-thumbnail","hentry"],"yoast_head":"<!-- This site is optimized with the Yoast SEO plugin v25.7 - https:\/\/yoast.com\/wordpress\/plugins\/seo\/ -->\n<title>ABOUT US<\/title>\n<meta name=\"description\" content=\"Fizyoterapi, Osteopati, Manuel Terapi, Lenf \u00d6demi Tedavisi, Gyrotonic Egzersiz Sistemi, Temporo Mandibular Sorunlar\u0131, Skolyoz, Klinik Pilates, Pelvik Taban Rehabilitasyonu, Kuru \u0130\u011fne Uygulamalar\u0131, Milli Tak\u0131m Uzman Fizyoterapisti, Ankara\" \/>\n<meta name=\"robots\" content=\"index, follow, max-snippet:-1, max-image-preview:large, max-video-preview:-1\" \/>\n<link rel=\"canonical\" href=\"https:\/\/www.erdemyorukoglu.com\/en\/hakkimda\/\" \/>\n<meta property=\"og:locale\" content=\"en_US\" \/>\n<meta property=\"og:locale:alternate\" content=\"tr_TR\" \/>\n<meta property=\"og:locale:alternate\" content=\"De_GR\" \/>\n<meta property=\"og:type\" content=\"article\" \/>\n<meta property=\"og:title\" content=\"ABOUT US\" \/>\n<meta property=\"og:description\" content=\"R\u00fccken Schmerz, Lenden Und Halsherni\u0307e, Fibromyalgie, Chroni\u0307scher Kopfschmerzen Und Schwi\u0307ndel , Posturale Ausri\u0307chtung Und Skoli\u0307ose, Reflekti\u0307erter Schmerz \u0130m Schulter, H\u00fcfte Impi\u0307ngement-syndrom, Ki\u0307efergelenk Probleme, Kni\u0307e Und Kn\u00f6chelschmerz\" \/>\n<meta property=\"og:url\" content=\"https:\/\/www.erdemyorukoglu.com\/en\/hakkimda\/\" \/>\n<meta property=\"og:site_name\" content=\"Erdem Y\u00f6r\u00fcko\u011flu \/\/ Manuel Terapi, Fizyoterapist, Ankara\" \/>\n<meta property=\"article:modified_time\" content=\"2023-01-14T12:21:35+00:00\" \/>\n<meta property=\"og:image\" content=\"https:\/\/www.erdemyorukoglu.com\/wp-content\/uploads\/2018\/11\/erdem_yorukoglu_about-1.jpg\" \/>\n\t<meta property=\"og:image:width\" content=\"1600\" \/>\n\t<meta property=\"og:image:height\" content=\"600\" \/>\n\t<meta property=\"og:image:type\" content=\"image\/jpeg\" \/>\n<meta name=\"twitter:card\" content=\"summary_large_image\" \/>\n<meta name=\"twitter:label1\" content=\"Est. reading time\" \/>\n\t<meta name=\"twitter:data1\" content=\"3 minutes\" \/>\n<script type=\"application\/ld+json\" class=\"yoast-schema-graph\">{\"@context\":\"https:\/\/schema.org\",\"@graph\":[{\"@type\":\"WebPage\",\"@id\":\"https:\/\/www.erdemyorukoglu.com\/de\/hakkimda\/\",\"url\":\"https:\/\/www.erdemyorukoglu.com\/de\/hakkimda\/\",\"name\":\"ABOUT US\",\"isPartOf\":{\"@id\":\"https:\/\/www.erdemyorukoglu.com\/en\/#website\"},\"primaryImageOfPage\":{\"@id\":\"https:\/\/www.erdemyorukoglu.com\/de\/hakkimda\/#primaryimage\"},\"image\":{\"@id\":\"https:\/\/www.erdemyorukoglu.com\/de\/hakkimda\/#primaryimage\"},\"thumbnailUrl\":\"https:\/\/www.erdemyorukoglu.com\/wp-content\/uploads\/2018\/11\/erdem_yorukoglu_about-1.jpg\",\"datePublished\":\"2016-06-06T21:28:01+00:00\",\"dateModified\":\"2023-01-14T12:21:35+00:00\",\"description\":\"R\u00fccken Schmerz, Lenden Und Halsherni\u0307e, Fibromyalgie, Chroni\u0307scher Kopfschmerzen Und Schwi\u0307ndel , Posturale Ausri\u0307chtung Und Skoli\u0307ose, Reflekti\u0307erter Schmerz \u0130m Schulter, H\u00fcfte Impi\u0307ngement-syndrom, Ki\u0307efergelenk Probleme, Kni\u0307e Und Kn\u00f6chelschmerz\",\"breadcrumb\":{\"@id\":\"https:\/\/www.erdemyorukoglu.com\/de\/hakkimda\/#breadcrumb\"},\"inLanguage\":\"en-US\",\"potentialAction\":[{\"@type\":\"ReadAction\",\"target\":[\"https:\/\/www.erdemyorukoglu.com\/de\/hakkimda\/\"]}]},{\"@type\":\"ImageObject\",\"inLanguage\":\"en-US\",\"@id\":\"https:\/\/www.erdemyorukoglu.com\/de\/hakkimda\/#primaryimage\",\"url\":\"https:\/\/www.erdemyorukoglu.com\/wp-content\/uploads\/2018\/11\/erdem_yorukoglu_about-1.jpg\",\"contentUrl\":\"https:\/\/www.erdemyorukoglu.com\/wp-content\/uploads\/2018\/11\/erdem_yorukoglu_about-1.jpg\",\"width\":1600,\"height\":600,\"caption\":\"Uzman Fizyoterapist\"},{\"@type\":\"BreadcrumbList\",\"@id\":\"https:\/\/www.erdemyorukoglu.com\/de\/hakkimda\/#breadcrumb\",\"itemListElement\":[{\"@type\":\"ListItem\",\"position\":1,\"name\":\"MANUEL TERAP\u0130 ANKARA %%sep%% %%sitename%%\",\"item\":\"https:\/\/www.erdemyorukoglu.com\/de\/\"},{\"@type\":\"ListItem\",\"position\":2,\"name\":\"HAKKIMDA\"}]},{\"@type\":\"WebSite\",\"@id\":\"https:\/\/www.erdemyorukoglu.com\/en\/#website\",\"url\":\"https:\/\/www.erdemyorukoglu.com\/en\/\",\"name\":\"Erdem Y\u00f6r\u00fcko\u011flu \/\/ Manuel Terapi, Fizyoterapist, Ankara\",\"description\":\"Manuel Terapi, Kayropraktik, Fizyoterapi, Bel ve Boyun F\u0131t\u0131\u011f\u0131, Lenf\u00f6dem Tedavisi, Gyrotonic, Skolyoz, Ankara\",\"publisher\":{\"@id\":\"https:\/\/www.erdemyorukoglu.com\/en\/#\/schema\/person\/854314645f5beb1ce61d3d55971d52e1\"},\"potentialAction\":[{\"@type\":\"SearchAction\",\"target\":{\"@type\":\"EntryPoint\",\"urlTemplate\":\"https:\/\/www.erdemyorukoglu.com\/en\/?s={search_term_string}\"},\"query-input\":{\"@type\":\"PropertyValueSpecification\",\"valueRequired\":true,\"valueName\":\"search_term_string\"}}],\"inLanguage\":\"en-US\"},{\"@type\":[\"Person\",\"Organization\"],\"@id\":\"https:\/\/www.erdemyorukoglu.com\/en\/#\/schema\/person\/854314645f5beb1ce61d3d55971d52e1\",\"name\":\"Erdem Y\u00f6r\u00fcko\u011flu\",\"image\":{\"@type\":\"ImageObject\",\"inLanguage\":\"en-US\",\"@id\":\"https:\/\/www.erdemyorukoglu.com\/en\/#\/schema\/person\/image\/\",\"url\":\"https:\/\/www.erdemyorukoglu.com\/wp-content\/uploads\/2018\/11\/fav-icon-1.png\",\"contentUrl\":\"https:\/\/www.erdemyorukoglu.com\/wp-content\/uploads\/2018\/11\/fav-icon-1.png\",\"width\":512,\"height\":512,\"caption\":\"Erdem Y\u00f6r\u00fcko\u011flu\"},\"logo\":{\"@id\":\"https:\/\/www.erdemyorukoglu.com\/en\/#\/schema\/person\/image\/\"}}]}<\/script>\n<!-- \/ Yoast SEO plugin. -->","yoast_head_json":{"title":"ABOUT US","description":"Fizyoterapi, Osteopati, Manuel Terapi, Lenf \u00d6demi Tedavisi, Gyrotonic Egzersiz Sistemi, Temporo Mandibular Sorunlar\u0131, Skolyoz, Klinik Pilates, Pelvik Taban Rehabilitasyonu, Kuru \u0130\u011fne Uygulamalar\u0131, Milli Tak\u0131m Uzman Fizyoterapisti, Ankara","robots":{"index":"index","follow":"follow","max-snippet":"max-snippet:-1","max-image-preview":"max-image-preview:large","max-video-preview":"max-video-preview:-1"},"canonical":"https:\/\/www.erdemyorukoglu.com\/en\/hakkimda\/","og_locale":"en_US","og_type":"article","og_title":"Erdem Y\u00f6r\u00fcko\u011flu \/\/ Manuel Terapi, Fizyoterapist, Ankara - [:tr]HAKKIMDA[:en]ABOUT US[:de]\u00dcBER M\u0130CH[:]","og_description":"R\u00fccken Schmerz, Lenden Und Halsherni\u0307e, Fibromyalgie, Chroni\u0307scher Kopfschmerzen Und Schwi\u0307ndel , Posturale Ausri\u0307chtung Und Skoli\u0307ose, Reflekti\u0307erter Schmerz \u0130m Schulter, H\u00fcfte Impi\u0307ngement-syndrom, Ki\u0307efergelenk Probleme, Kni\u0307e Und Kn\u00f6chelschmerz","og_url":"https:\/\/www.erdemyorukoglu.com\/en\/hakkimda\/","og_site_name":"Erdem Y\u00f6r\u00fcko\u011flu \/\/ Manuel Terapi, Fizyoterapist, Ankara","article_modified_time":"2023-01-14T12:21:35+00:00","og_image":[{"width":1600,"height":600,"url":"https:\/\/www.erdemyorukoglu.com\/wp-content\/uploads\/2018\/11\/erdem_yorukoglu_about-1.jpg","type":"image\/jpeg"}],"twitter_card":"summary_large_image","twitter_misc":{"Est. reading time":"3 minutes"},"schema":{"@context":"https:\/\/schema.org","@graph":[{"@type":"WebPage","@id":"https:\/\/www.erdemyorukoglu.com\/de\/hakkimda\/","url":"https:\/\/www.erdemyorukoglu.com\/de\/hakkimda\/","name":"ABOUT US","isPartOf":{"@id":"https:\/\/www.erdemyorukoglu.com\/en\/#website"},"primaryImageOfPage":{"@id":"https:\/\/www.erdemyorukoglu.com\/de\/hakkimda\/#primaryimage"},"image":{"@id":"https:\/\/www.erdemyorukoglu.com\/de\/hakkimda\/#primaryimage"},"thumbnailUrl":"https:\/\/www.erdemyorukoglu.com\/wp-content\/uploads\/2018\/11\/erdem_yorukoglu_about-1.jpg","datePublished":"2016-06-06T21:28:01+00:00","dateModified":"2023-01-14T12:21:35+00:00","description":"R\u00fccken Schmerz, Lenden Und Halsherni\u0307e, Fibromyalgie, Chroni\u0307scher Kopfschmerzen Und Schwi\u0307ndel , Posturale Ausri\u0307chtung Und Skoli\u0307ose, Reflekti\u0307erter Schmerz \u0130m Schulter, H\u00fcfte Impi\u0307ngement-syndrom, Ki\u0307efergelenk Probleme, Kni\u0307e Und Kn\u00f6chelschmerz","breadcrumb":{"@id":"https:\/\/www.erdemyorukoglu.com\/de\/hakkimda\/#breadcrumb"},"inLanguage":"en-US","potentialAction":[{"@type":"ReadAction","target":["https:\/\/www.erdemyorukoglu.com\/de\/hakkimda\/"]}]},{"@type":"ImageObject","inLanguage":"en-US","@id":"https:\/\/www.erdemyorukoglu.com\/de\/hakkimda\/#primaryimage","url":"https:\/\/www.erdemyorukoglu.com\/wp-content\/uploads\/2018\/11\/erdem_yorukoglu_about-1.jpg","contentUrl":"https:\/\/www.erdemyorukoglu.com\/wp-content\/uploads\/2018\/11\/erdem_yorukoglu_about-1.jpg","width":1600,"height":600,"caption":"Uzman Fizyoterapist"},{"@type":"BreadcrumbList","@id":"https:\/\/www.erdemyorukoglu.com\/de\/hakkimda\/#breadcrumb","itemListElement":[{"@type":"ListItem","position":1,"name":"MANUEL TERAP\u0130 ANKARA %%sep%% %%sitename%%","item":"https:\/\/www.erdemyorukoglu.com\/de\/"},{"@type":"ListItem","position":2,"name":"HAKKIMDA"}]},{"@type":"WebSite","@id":"https:\/\/www.erdemyorukoglu.com\/en\/#website","url":"https:\/\/www.erdemyorukoglu.com\/en\/","name":"Erdem Y\u00f6r\u00fcko\u011flu \/\/ Manuel Terapi, Fizyoterapist, Ankara","description":"Manuel Terapi, Kayropraktik, Fizyoterapi, Bel ve Boyun F\u0131t\u0131\u011f\u0131, Lenf\u00f6dem Tedavisi, Gyrotonic, Skolyoz, Ankara","publisher":{"@id":"https:\/\/www.erdemyorukoglu.com\/en\/#\/schema\/person\/854314645f5beb1ce61d3d55971d52e1"},"potentialAction":[{"@type":"SearchAction","target":{"@type":"EntryPoint","urlTemplate":"https:\/\/www.erdemyorukoglu.com\/en\/?s={search_term_string}"},"query-input":{"@type":"PropertyValueSpecification","valueRequired":true,"valueName":"search_term_string"}}],"inLanguage":"en-US"},{"@type":["Person","Organization"],"@id":"https:\/\/www.erdemyorukoglu.com\/en\/#\/schema\/person\/854314645f5beb1ce61d3d55971d52e1","name":"Erdem Y\u00f6r\u00fcko\u011flu","image":{"@type":"ImageObject","inLanguage":"en-US","@id":"https:\/\/www.erdemyorukoglu.com\/en\/#\/schema\/person\/image\/","url":"https:\/\/www.erdemyorukoglu.com\/wp-content\/uploads\/2018\/11\/fav-icon-1.png","contentUrl":"https:\/\/www.erdemyorukoglu.com\/wp-content\/uploads\/2018\/11\/fav-icon-1.png","width":512,"height":512,"caption":"Erdem Y\u00f6r\u00fcko\u011flu"},"logo":{"@id":"https:\/\/www.erdemyorukoglu.com\/en\/#\/schema\/person\/image\/"}}]}},"_links":{"self":[{"href":"https:\/\/www.erdemyorukoglu.com\/en\/wp-json\/wp\/v2\/pages\/1744","targetHints":{"allow":["GET"]}}],"collection":[{"href":"https:\/\/www.erdemyorukoglu.com\/en\/wp-json\/wp\/v2\/pages"}],"about":[{"href":"https:\/\/www.erdemyorukoglu.com\/en\/wp-json\/wp\/v2\/types\/page"}],"author":[{"embeddable":true,"href":"https:\/\/www.erdemyorukoglu.com\/en\/wp-json\/wp\/v2\/users\/1"}],"replies":[{"embeddable":true,"href":"https:\/\/www.erdemyorukoglu.com\/en\/wp-json\/wp\/v2\/comments?post=1744"}],"version-history":[{"count":83,"href":"https:\/\/www.erdemyorukoglu.com\/en\/wp-json\/wp\/v2\/pages\/1744\/revisions"}],"predecessor-version":[{"id":12044,"href":"https:\/\/www.erdemyorukoglu.com\/en\/wp-json\/wp\/v2\/pages\/1744\/revisions\/12044"}],"wp:featuredmedia":[{"embeddable":true,"href":"https:\/\/www.erdemyorukoglu.com\/en\/wp-json\/wp\/v2\/media\/2519"}],"wp:attachment":[{"href":"https:\/\/www.erdemyorukoglu.com\/en\/wp-json\/wp\/v2\/media?parent=1744"}],"curies":[{"name":"wp","href":"https:\/\/api.w.org\/{rel}","templated":true}]}}