{"id":2397,"date":"2018-11-08T23:20:58","date_gmt":"2018-11-08T20:20:58","guid":{"rendered":"http:\/\/localhost:8888\/erdemyorukoglu.com\/?page_id=2397"},"modified":"2025-08-16T17:07:16","modified_gmt":"2025-08-16T14:07:16","slug":"manuel-terapi","status":"publish","type":"page","link":"https:\/\/www.erdemyorukoglu.com\/en\/uzmanliklar\/manuel-terapi\/","title":{"rendered":"ORTHOPEDIC MANUAL THERAPY (OMT)"},"content":{"rendered":"<div class=\"wpb-content-wrapper\">[vc_row content_placement=&#8221;middle&#8221; curly_padding=&#8221;content-padding-none&#8221;][vc_column curly_padding=&#8221;content-padding&#8221;][vc_column_text]\n<h1 style=\"text-align: center;\"><strong>ORTHOPEDIC<\/strong><\/h1>\n<h1 style=\"text-align: center;\"><strong>MANUAL THERAPY (OMT)<\/strong><\/h1>\n[\/vc_column_text][\/vc_column][\/vc_row][vc_row curly_padding=&#8221;content-padding-none&#8221;][vc_column width=&#8221;1\/2&#8243;][vc_single_image image=&#8221;2399&#8243; img_size=&#8221;large&#8221; style=&#8221;img-frame-large&#8221;][vc_column_text]\n<h3 class=\"text text-40\"><strong>Manual therapy is a branch of science that has taken its place in modern medicine and dates back to historical Hippocrates.<\/strong><\/h3>\n<p>Manual therapy techniques are applied by physiotherapists as a complementary treatment method. Combined with physical therapy methods and techniques, it prevents unnecessary surgeries and improves quality of life.<\/p>\n<p>The basic principle is that when our body works like a machine, it is degenerated by the result of its own weight and the strategy of defeating gravity as well as the traumas that disrupt the body&#8217;s integrity while performing daily life movements, sometimes by performing the effects of the muscles that produce power.<\/p>\n<p>While this degeneration does not initially make structural changes in our body integrity, long-term repetitions of the same mechanisms sometimes cause structural defects (such as calcifications, hernias, muscle tears and deformities).[\/vc_column_text][\/vc_column][vc_column width=&#8221;1\/2&#8243;][vc_single_image image=&#8221;2400&#8243; img_size=&#8221;large&#8221; style=&#8221;img-frame-large&#8221;][vc_column_text]At this point, the manual therapist reveals both impaired functioning and, if possible, they are health professionals who plan and maintain the health of the individual by planning the treatment methods that will correct the disorder.<\/p>\n<p>The manual therapist uses the power mechanisms that the body develops as well as his hands while applying the treatment methods. That is, it does not use an external drug, device or electrical method. Because the problem is already related to the pain that occurs as a result of the pathological movements of our body. With this reference, when we correct the disorder, our bodies will use natural painless movement mechanisms. At the same time, although the problem is revealed with manual therapy methods, it will play a training role for the patient not to repeat the pain by regulating the lifestyle of the person.[\/vc_column_text][\/vc_column][\/vc_row][vc_row curly_padding=&#8221;content-padding-none&#8221;][vc_column width=&#8221;1\/2&#8243; curly_padding=&#8221;content-padding-none&#8221;][vc_single_image image=&#8221;2403&#8243; img_size=&#8221;large&#8221; alignment=&#8221;center&#8221; style=&#8221;img-frame-small&#8221; css_animation=&#8221;none&#8221;][vc_column_text]\n<h3 class=\"text text-40\"><strong>What is the advantage of manual therapy over other treatments?<\/strong><\/h3>\n<ul>\n<li>It provides the opportunity to recover in a shorter time than other treatments,<\/li>\n<li>Most of the pain can be relieved even in a single session,<\/li>\n<li>Success rate is very high,<\/li>\n<li>Provides a fast and effective solution as direct applications are made to the problem area,<\/li>\n<li>Practically used in evidence-based medicine and clinical information,<\/li>\n<li>Does not require any drug use, it is completely natural,<\/li>\n<li>No side effects.<\/li>\n<\/ul>\n[\/vc_column_text][vc_single_image image=&#8221;2401&#8243; img_size=&#8221;large&#8221; alignment=&#8221;center&#8221; style=&#8221;img-frame-small&#8221; css_animation=&#8221;none&#8221;][\/vc_column][vc_column width=&#8221;1\/2&#8243; curly_padding=&#8221;content-padding-none&#8221;][vc_single_image image=&#8221;2402&#8243; img_size=&#8221;large&#8221; alignment=&#8221;center&#8221; style=&#8221;img-frame-small&#8221; css_animation=&#8221;none&#8221; css=&#8221;.vc_custom_1549223994302{margin-top: 0px !important;border-top-width: 0px !important;padding-top: 0px !important;}&#8221;][vc_column_text]\n<h3 class=\"text text-40\"><strong>In which diseases is effective?<\/strong><\/h3>\n<ul>\n<li>Waist disorders; lumbar hernia, facet joint blockages, canal narrowing, waist shift,<\/li>\n<li>Neck discomfort; neck hernia, neck flattening, facet joint problems, neck-related headache,<\/li>\n<li>Shoulder problems; Muscle tear, Frozen shoulder, Impingement syndrome,<\/li>\n<li>Elbow problems; Extensorendinitis (Tennis elbow), Flexionendinitis (golfer&#8217;s elbow), ulnar nerve entrapment neuropathy,<\/li>\n<li>Wrist problems; Carpal tunnel syndrome, Dequervaintenosinovitis, dupuytren contracture<\/li>\n<li>Hip problems; Hip dislocation, Priformis syndrome, Coxarthrosis, Hip replacement,<\/li>\n<li>Knee disorders; Meniscus tears, anterior-lateral-posterior cruciate ligament ruptures, rehabilitation after knee replacement, chondormalazipatella, genuvarum-valgum-rekurvatum problems,<\/li>\n<li>Ankle discomfort; heel spur, halluxosvalgus, tarsal tunnel syndrome, morton syndrome-neuroma,<\/li>\n<li>Post-fracture rehabilitation: Special limitation techniques.<\/li>\n<\/ul>\n[\/vc_column_text][\/vc_column][\/vc_row]\n<\/div>","protected":false},"excerpt":{"rendered":"<p>[vc_row content_placement=&#8221;middle&#8221; curly_padding=&#8221;content-padding-none&#8221;][vc_column curly_padding=&#8221;content-padding&#8221;][vc_column_text] ORTHOPEDIC MANUAL THERAPY (OMT) [\/vc_column_text][\/vc_column][\/vc_row][vc_row curly_padding=&#8221;content-padding-none&#8221;][vc_column width=&#8221;1\/2&#8243;][vc_single_image image=&#8221;2399&#8243; img_size=&#8221;large&#8221; style=&#8221;img-frame-large&#8221;][vc_column_text] Manual therapy is a branch of science that has taken its place in modern medicine and dates back to historical Hippocrates. Manual therapy techniques are applied by physiotherapists as a complementary treatment method. Combined with physical therapy methods and techniques, it prevents unnecessary surgeries and improves [&hellip;]<\/p>\n","protected":false},"author":1,"featured_media":0,"parent":9,"menu_order":0,"comment_status":"closed","ping_status":"closed","template":"","meta":{"inline_featured_image":false,"footnotes":""},"class_list":["post-2397","page","type-page","status-publish","hentry"],"yoast_head":"<!-- This site is optimized with the Yoast SEO plugin v25.7 - https:\/\/yoast.com\/wordpress\/plugins\/seo\/ -->\n<title>ORTHOPEDIC MANUAL THERAPY (OMT)ORTHOPEDIC MANUAL THERAPY (OMT)ORTHOPEDIC MANUAL THERAPY (OMT)<\/title>\n<meta name=\"description\" content=\"Manuel Terapi; fizyoterapistler taraf\u0131ndan tamamlay\u0131c\u0131 tedavi y\u00f6ntemi olarak uygulan\u0131r. Gereksiz ameliyatlar\u0131 \u00f6nler ve ya\u015fam kalitesini artt\u0131r\u0131r.\" \/>\n<meta name=\"robots\" content=\"index, follow, max-snippet:-1, max-image-preview:large, max-video-preview:-1\" \/>\n<link rel=\"canonical\" href=\"https:\/\/www.erdemyorukoglu.com\/en\/uzmanliklar\/manuel-terapi\/\" \/>\n<meta property=\"og:locale\" content=\"en_US\" \/>\n<meta property=\"og:locale:alternate\" content=\"tr_TR\" \/>\n<meta property=\"og:locale:alternate\" content=\"De_GR\" \/>\n<meta property=\"og:type\" content=\"article\" \/>\n<meta property=\"og:title\" content=\"ORTHOPEDIC MANUAL THERAPY (OMT)ORTHOPEDIC MANUAL THERAPY (OMT)ORTHOPEDIC MANUAL THERAPY (OMT)\" \/>\n<meta property=\"og:description\" content=\"Manuel Terapi; fizyoterapistler taraf\u0131ndan tamamlay\u0131c\u0131 tedavi y\u00f6ntemi olarak uygulan\u0131r. Gereksiz ameliyatlar\u0131 \u00f6nler ve ya\u015fam kalitesini artt\u0131r\u0131r.\" \/>\n<meta property=\"og:url\" content=\"https:\/\/www.erdemyorukoglu.com\/en\/uzmanliklar\/manuel-terapi\/\" \/>\n<meta property=\"og:site_name\" content=\"Erdem Y\u00f6r\u00fcko\u011flu \/\/ Manuel Terapi, Fizyoterapist, Ankara\" \/>\n<meta property=\"article:modified_time\" content=\"2025-08-16T14:07:16+00:00\" \/>\n<meta property=\"og:image\" content=\"https:\/\/www.erdemyorukoglu.com\/wp-content\/uploads\/2018\/11\/mt_1-1.jpg\" \/>\n\t<meta property=\"og:image:width\" content=\"1199\" \/>\n\t<meta property=\"og:image:height\" content=\"800\" \/>\n\t<meta property=\"og:image:type\" content=\"image\/jpeg\" \/>\n<meta name=\"twitter:card\" content=\"summary_large_image\" \/>\n<meta name=\"twitter:label1\" content=\"Est. reading time\" \/>\n\t<meta name=\"twitter:data1\" content=\"3 minutes\" \/>\n<script type=\"application\/ld+json\" class=\"yoast-schema-graph\">{\"@context\":\"https:\/\/schema.org\",\"@graph\":[{\"@type\":\"WebPage\",\"@id\":\"https:\/\/www.erdemyorukoglu.com\/tr\/uzmanliklar\/manuel-terapi\/\",\"url\":\"https:\/\/www.erdemyorukoglu.com\/tr\/uzmanliklar\/manuel-terapi\/\",\"name\":\"ORTHOPEDIC MANUAL THERAPY (OMT)ORTHOPEDIC MANUAL THERAPY (OMT)ORTHOPEDIC MANUAL THERAPY (OMT)\",\"isPartOf\":{\"@id\":\"https:\/\/www.erdemyorukoglu.com\/en\/#website\"},\"datePublished\":\"2018-11-08T20:20:58+00:00\",\"dateModified\":\"2025-08-16T14:07:16+00:00\",\"description\":\"Manuel Terapi; fizyoterapistler taraf\u0131ndan tamamlay\u0131c\u0131 tedavi y\u00f6ntemi olarak uygulan\u0131r. Gereksiz ameliyatlar\u0131 \u00f6nler ve ya\u015fam kalitesini artt\u0131r\u0131r.\",\"breadcrumb\":{\"@id\":\"https:\/\/www.erdemyorukoglu.com\/tr\/uzmanliklar\/manuel-terapi\/#breadcrumb\"},\"inLanguage\":\"en-US\",\"potentialAction\":[{\"@type\":\"ReadAction\",\"target\":[\"https:\/\/www.erdemyorukoglu.com\/tr\/uzmanliklar\/manuel-terapi\/\"]}]},{\"@type\":\"BreadcrumbList\",\"@id\":\"https:\/\/www.erdemyorukoglu.com\/tr\/uzmanliklar\/manuel-terapi\/#breadcrumb\",\"itemListElement\":[{\"@type\":\"ListItem\",\"position\":1,\"name\":\"MANUEL TERAP\u0130 ANKARA %%sep%% %%sitename%%\",\"item\":\"https:\/\/www.erdemyorukoglu.com\/de\/\"},{\"@type\":\"ListItem\",\"position\":2,\"name\":\"UZMANLIKLAR\",\"item\":\"https:\/\/www.erdemyorukoglu.com\/de\/uzmanliklar\/\"},{\"@type\":\"ListItem\",\"position\":3,\"name\":\"MANUEL TERAP\u0130\"}]},{\"@type\":\"WebSite\",\"@id\":\"https:\/\/www.erdemyorukoglu.com\/en\/#website\",\"url\":\"https:\/\/www.erdemyorukoglu.com\/en\/\",\"name\":\"Erdem Y\u00f6r\u00fcko\u011flu \/\/ Manuel Terapi, Fizyoterapist, Ankara\",\"description\":\"Manuel Terapi, Kayropraktik, Fizyoterapi, Bel ve Boyun F\u0131t\u0131\u011f\u0131, Lenf\u00f6dem Tedavisi, Gyrotonic, Skolyoz, Ankara\",\"publisher\":{\"@id\":\"https:\/\/www.erdemyorukoglu.com\/en\/#\/schema\/person\/854314645f5beb1ce61d3d55971d52e1\"},\"potentialAction\":[{\"@type\":\"SearchAction\",\"target\":{\"@type\":\"EntryPoint\",\"urlTemplate\":\"https:\/\/www.erdemyorukoglu.com\/en\/?s={search_term_string}\"},\"query-input\":{\"@type\":\"PropertyValueSpecification\",\"valueRequired\":true,\"valueName\":\"search_term_string\"}}],\"inLanguage\":\"en-US\"},{\"@type\":[\"Person\",\"Organization\"],\"@id\":\"https:\/\/www.erdemyorukoglu.com\/en\/#\/schema\/person\/854314645f5beb1ce61d3d55971d52e1\",\"name\":\"Erdem Y\u00f6r\u00fcko\u011flu\",\"image\":{\"@type\":\"ImageObject\",\"inLanguage\":\"en-US\",\"@id\":\"https:\/\/www.erdemyorukoglu.com\/en\/#\/schema\/person\/image\/\",\"url\":\"https:\/\/www.erdemyorukoglu.com\/wp-content\/uploads\/2018\/11\/fav-icon-1.png\",\"contentUrl\":\"https:\/\/www.erdemyorukoglu.com\/wp-content\/uploads\/2018\/11\/fav-icon-1.png\",\"width\":512,\"height\":512,\"caption\":\"Erdem Y\u00f6r\u00fcko\u011flu\"},\"logo\":{\"@id\":\"https:\/\/www.erdemyorukoglu.com\/en\/#\/schema\/person\/image\/\"}}]}<\/script>\n<!-- \/ Yoast SEO plugin. -->","yoast_head_json":{"title":"ORTHOPEDIC MANUAL THERAPY (OMT)ORTHOPEDIC MANUAL THERAPY (OMT)ORTHOPEDIC MANUAL THERAPY (OMT)","description":"Manuel Terapi; fizyoterapistler taraf\u0131ndan tamamlay\u0131c\u0131 tedavi y\u00f6ntemi olarak uygulan\u0131r. Gereksiz ameliyatlar\u0131 \u00f6nler ve ya\u015fam kalitesini artt\u0131r\u0131r.","robots":{"index":"index","follow":"follow","max-snippet":"max-snippet:-1","max-image-preview":"max-image-preview:large","max-video-preview":"max-video-preview:-1"},"canonical":"https:\/\/www.erdemyorukoglu.com\/en\/uzmanliklar\/manuel-terapi\/","og_locale":"en_US","og_type":"article","og_title":"[:tr][:tr]ORTOPED\u0130K MANUEL TERAP\u0130 (OMT)[:en]ORTHOPEDIC MANUAL THERAPY (OMT)[:de]ORTHOP\u00c4DISCHE MANUELLE THERAPIE (OMT)[:] - Erdem Y\u00f6r\u00fcko\u011flu \/\/ Manuel Terapi, Fizyoterapist, Ankara[:en][:tr]ORTOPED\u0130K MANUEL TERAP\u0130 (OMT)[:en]ORTHOPEDIC MANUAL THERAPY (OMT)[:de]ORTHOP\u00c4DISCHE MANUELLE THERAPIE (OMT)[:] - Erdem Y\u00f6r\u00fcko\u011flu \/\/ Manuel Terapi, Fizyoterapist, Ankara[:de]Erdem Y\u00f6r\u00fcko\u011flu \/\/ Manuel Terapi, Fizyoterapist, Ankara - [:tr]ORTOPED\u0130K MANUEL TERAP\u0130 (OMT)[:en]ORTHOPEDIC MANUAL THERAPY (OMT)[:de]ORTHOP\u00c4DISCHE MANUELLE THERAPIE (OMT)[:][:]","og_description":"[:tr]Manuel Terapi; fizyoterapistler taraf\u0131ndan tamamlay\u0131c\u0131 tedavi y\u00f6ntemi olarak uygulan\u0131r. Gereksiz ameliyatlar\u0131 \u00f6nler ve ya\u015fam kalitesini artt\u0131r\u0131r.[:]","og_url":"https:\/\/www.erdemyorukoglu.com\/en\/uzmanliklar\/manuel-terapi\/","og_site_name":"Erdem Y\u00f6r\u00fcko\u011flu \/\/ Manuel Terapi, Fizyoterapist, Ankara","article_modified_time":"2025-08-16T14:07:16+00:00","og_image":[{"width":1199,"height":800,"url":"https:\/\/www.erdemyorukoglu.com\/wp-content\/uploads\/2018\/11\/mt_1-1.jpg","type":"image\/jpeg"}],"twitter_card":"summary_large_image","twitter_misc":{"Est. reading time":"3 minutes"},"schema":{"@context":"https:\/\/schema.org","@graph":[{"@type":"WebPage","@id":"https:\/\/www.erdemyorukoglu.com\/tr\/uzmanliklar\/manuel-terapi\/","url":"https:\/\/www.erdemyorukoglu.com\/tr\/uzmanliklar\/manuel-terapi\/","name":"ORTHOPEDIC MANUAL THERAPY (OMT)ORTHOPEDIC MANUAL THERAPY (OMT)ORTHOPEDIC MANUAL THERAPY (OMT)","isPartOf":{"@id":"https:\/\/www.erdemyorukoglu.com\/en\/#website"},"datePublished":"2018-11-08T20:20:58+00:00","dateModified":"2025-08-16T14:07:16+00:00","description":"Manuel Terapi; fizyoterapistler taraf\u0131ndan tamamlay\u0131c\u0131 tedavi y\u00f6ntemi olarak uygulan\u0131r. Gereksiz ameliyatlar\u0131 \u00f6nler ve ya\u015fam kalitesini artt\u0131r\u0131r.","breadcrumb":{"@id":"https:\/\/www.erdemyorukoglu.com\/tr\/uzmanliklar\/manuel-terapi\/#breadcrumb"},"inLanguage":"en-US","potentialAction":[{"@type":"ReadAction","target":["https:\/\/www.erdemyorukoglu.com\/tr\/uzmanliklar\/manuel-terapi\/"]}]},{"@type":"BreadcrumbList","@id":"https:\/\/www.erdemyorukoglu.com\/tr\/uzmanliklar\/manuel-terapi\/#breadcrumb","itemListElement":[{"@type":"ListItem","position":1,"name":"MANUEL TERAP\u0130 ANKARA %%sep%% %%sitename%%","item":"https:\/\/www.erdemyorukoglu.com\/de\/"},{"@type":"ListItem","position":2,"name":"UZMANLIKLAR","item":"https:\/\/www.erdemyorukoglu.com\/de\/uzmanliklar\/"},{"@type":"ListItem","position":3,"name":"MANUEL TERAP\u0130"}]},{"@type":"WebSite","@id":"https:\/\/www.erdemyorukoglu.com\/en\/#website","url":"https:\/\/www.erdemyorukoglu.com\/en\/","name":"Erdem Y\u00f6r\u00fcko\u011flu \/\/ Manuel Terapi, Fizyoterapist, Ankara","description":"Manuel Terapi, Kayropraktik, Fizyoterapi, Bel ve Boyun F\u0131t\u0131\u011f\u0131, Lenf\u00f6dem Tedavisi, Gyrotonic, Skolyoz, Ankara","publisher":{"@id":"https:\/\/www.erdemyorukoglu.com\/en\/#\/schema\/person\/854314645f5beb1ce61d3d55971d52e1"},"potentialAction":[{"@type":"SearchAction","target":{"@type":"EntryPoint","urlTemplate":"https:\/\/www.erdemyorukoglu.com\/en\/?s={search_term_string}"},"query-input":{"@type":"PropertyValueSpecification","valueRequired":true,"valueName":"search_term_string"}}],"inLanguage":"en-US"},{"@type":["Person","Organization"],"@id":"https:\/\/www.erdemyorukoglu.com\/en\/#\/schema\/person\/854314645f5beb1ce61d3d55971d52e1","name":"Erdem Y\u00f6r\u00fcko\u011flu","image":{"@type":"ImageObject","inLanguage":"en-US","@id":"https:\/\/www.erdemyorukoglu.com\/en\/#\/schema\/person\/image\/","url":"https:\/\/www.erdemyorukoglu.com\/wp-content\/uploads\/2018\/11\/fav-icon-1.png","contentUrl":"https:\/\/www.erdemyorukoglu.com\/wp-content\/uploads\/2018\/11\/fav-icon-1.png","width":512,"height":512,"caption":"Erdem Y\u00f6r\u00fcko\u011flu"},"logo":{"@id":"https:\/\/www.erdemyorukoglu.com\/en\/#\/schema\/person\/image\/"}}]}},"_links":{"self":[{"href":"https:\/\/www.erdemyorukoglu.com\/en\/wp-json\/wp\/v2\/pages\/2397","targetHints":{"allow":["GET"]}}],"collection":[{"href":"https:\/\/www.erdemyorukoglu.com\/en\/wp-json\/wp\/v2\/pages"}],"about":[{"href":"https:\/\/www.erdemyorukoglu.com\/en\/wp-json\/wp\/v2\/types\/page"}],"author":[{"embeddable":true,"href":"https:\/\/www.erdemyorukoglu.com\/en\/wp-json\/wp\/v2\/users\/1"}],"replies":[{"embeddable":true,"href":"https:\/\/www.erdemyorukoglu.com\/en\/wp-json\/wp\/v2\/comments?post=2397"}],"version-history":[{"count":32,"href":"https:\/\/www.erdemyorukoglu.com\/en\/wp-json\/wp\/v2\/pages\/2397\/revisions"}],"predecessor-version":[{"id":2963,"href":"https:\/\/www.erdemyorukoglu.com\/en\/wp-json\/wp\/v2\/pages\/2397\/revisions\/2963"}],"up":[{"embeddable":true,"href":"https:\/\/www.erdemyorukoglu.com\/en\/wp-json\/wp\/v2\/pages\/9"}],"wp:attachment":[{"href":"https:\/\/www.erdemyorukoglu.com\/en\/wp-json\/wp\/v2\/media?parent=2397"}],"curies":[{"name":"wp","href":"https:\/\/api.w.org\/{rel}","templated":true}]}}