{"id":2422,"date":"2018-11-09T00:05:42","date_gmt":"2018-11-08T21:05:42","guid":{"rendered":"http:\/\/localhost:8888\/erdemyorukoglu.com\/?page_id=2422"},"modified":"2025-08-16T17:01:59","modified_gmt":"2025-08-16T14:01:59","slug":"skolyoz-tedavisi","status":"publish","type":"page","link":"https:\/\/www.erdemyorukoglu.com\/en\/tedaviler\/skolyoz-tedavisi\/","title":{"rendered":"SCOLIOSIS AND POSTURAL ALIGNMENT"},"content":{"rendered":"<div class=\"wpb-content-wrapper\">[vc_row full_width=&#8221;stretch_row&#8221; curly_padding=&#8221;content-padding-none&#8221;][vc_column curly_padding=&#8221;content-padding&#8221;][vc_column_text]\n<h1 style=\"text-align: center;\"><strong>SCOLIOSIS AND POSTURAL ALIGNMENT<\/strong><\/h1>\n[\/vc_column_text][\/vc_column][\/vc_row][vc_row curly_padding=&#8221;content-padding-none&#8221;][vc_column width=&#8221;1\/2&#8243;][vc_single_image image=&#8221;2423&#8243; img_size=&#8221;large&#8221; style=&#8221;img-frame-large&#8221; css_animation=&#8221;none&#8221;][vc_column_text]\n<p class=\"text text-42\">In daily life, we often have to stand for more than a few minutes while we are talking to someone, waiting in line, or in our work life. During such natural postures, the body continuously shows low amplitude, slow oscillation and postural changes characterized by whole body movements. Body posture; It is the product of controlling several body segments by flexible joints and controlling with nerve-muscle system. When the other definitions related to posture were examined, the posture; It refers to the body posture which is provided by tension reflex and is protected against gravity.<\/p>\n<h3><strong>What are the causes of postural disorders?<\/strong><\/h3>\n<p>Among the most common postural disorders are scoliosis with lateral curvature of the spine, kyphosis with the anterior curvature of the spine, pes planus (base collapse), expressed as a decrease in the long arch of the foot.[\/vc_column_text][vc_column_text]\n<h3><strong>What is Scoliosis?<\/strong><\/h3>\n<p>Scoliosis is a disorder that causes an abnormal curve in the spine or spine. The spine has normal curves when viewed from the side, but should be straight when viewed from the front. Kyphosis is a curve in the spine on the side where the spine is leaning forward. There is a normal kyphosis in the middle spine. The Lordoz is a curve seen from the side where the spine is bent backwards. There is a normal lordosis in the upper (cervical) spine and lower (lumbar) spine. In people with scoliosis, they curve on each side of the body and with the spine bending, they develop on each other by forming a &#8216;C&#8217; or an &#8216;S&#8217; shape in the spine.[\/vc_column_text][\/vc_column][vc_column width=&#8221;1\/2&#8243;][vc_single_image image=&#8221;2424&#8243; img_size=&#8221;large&#8221; style=&#8221;img-frame-large&#8221; css_animation=&#8221;none&#8221;][vc_column_text]\n<h3><strong>What are the symptoms of scoliosis?<\/strong><\/h3>\n<p>The most common symptom of scoliosis is an abnormal curve of the spine. Often this is a slight change, and it can first be noticed by a friend or family member or a child doing routine screening for school or sport. The change in the curve of the spine is typically very slow, so it is easy to overlook until a heavier physical deformity occurs. It can also be found in a routine school screening examination for scoliosis. Affected people may notice that their clothing does not fit as before, and one of the trousers may be longer than the other. It may also cause the head to protrude from the middle line, lean on one side, or notice that a hip is higher than the opposite side of the shoulder. It may have a more prominent curve than the bending of the spine and ribs on one side of the rib cage. If scoliosis is more severe, it can make it more difficult for the heart and lungs to function properly. This may cause shortness of breath and chest pain. In most cases, scoliosis is not painful. However, there are some types of scoliosis that can cause back pain, rib pain, neck pain, muscle spasms and abdominal pain. In addition, there are other reasons for these non-specific pains that a doctor would like to look at to exclude other diseases. There are three basic treatment methods such as physical therapy, corset and surgery in scoliosis. Pains usually respond to regular sports and exercise programs, but if no longer responds or is not satisfied with the appearance and the life becomes more diffucult etc. , then surgery is recommended.[\/vc_column_text][\/vc_column][\/vc_row][vc_row curly_padding=&#8221;content-padding-none&#8221;][vc_column curly_padding=&#8221;content-padding-none&#8221;][vc_separator][\/vc_column][\/vc_row][vc_row][vc_column width=&#8221;1\/2&#8243;][vc_column_text]\n<h3><strong>What is Pes Planus?<\/strong><\/h3>\n<p>Pes planus, ie flat footing, is a foot deformity characterized by the fact that the inner long arch (the medial longitudinal arch) of the foot should be lost and that the heel slips outwards. There are three types, flexible, hard (rigid)and physiological. When the weight is given on the inner long arch (medial longitudinal arc) of the foot with a flexible flat bottom, the arch curves again when the weight is removed. By the hard flat footing whenever with weight or without weight the shape of the arch does not change and the height of the arc is below normal. In children, depending on the adipose tissue under the foot, there is a natural flatness appearance up to the age of 5-6 years, which creates physiological flatness ie the third type and this appearance should be lost until the age of 7 years. If it does not begin to form an inner long arch at this age, it shows a tendency to pes planus. According to the studies; pes planus was more common in males than females. In addition, obese individuals and in the familial history, those with loosening of the ligaments of the joint 27 showed more pes planus symptoms than those who did not. In addition, in a study conducted in the children of India and Congolese, pes planus prevalence is higher in those who were wearing shoes in the early childhood period than in those who weren\u2019t wearing shoes.[\/vc_column_text][\/vc_column][vc_column width=&#8221;1\/2&#8243;][vc_column_text]\n<h3><strong>TREATMENT<\/strong><\/h3>\n<ul>\n<li>The first step in the treatment of flatness is shoe modification. First of all, orthopedic shoes that support the arches of the broad-toed and low-heeled feet should be selected.<\/li>\n<li>The use of insoles has no effect on the foot or corrective or deformity. This has been scientifically proven. However, in individuals with flatfoot pain, individual insoles may be given.<\/li>\n<li>Stretching the Achilles tendon is an important part of the treatment.<\/li>\n<li>Exercise and other methods of treatment does not raise the flat arc. The aim of these treatments is to reduce pain, prevent secondary foot problems, and prevent the formation of secondary problems in the musculoskeletal and spine.<\/li>\n<li>Apart from these, there are various treatment modalities used in kinesiological banding, electrotherapy methods and physical therapy.<\/li>\n<\/ul>\n[\/vc_column_text][\/vc_column][\/vc_row]\n<\/div>","protected":false},"excerpt":{"rendered":"<p>[vc_row full_width=&#8221;stretch_row&#8221; curly_padding=&#8221;content-padding-none&#8221;][vc_column curly_padding=&#8221;content-padding&#8221;][vc_column_text] SCOLIOSIS AND POSTURAL ALIGNMENT [\/vc_column_text][\/vc_column][\/vc_row][vc_row curly_padding=&#8221;content-padding-none&#8221;][vc_column width=&#8221;1\/2&#8243;][vc_single_image image=&#8221;2423&#8243; img_size=&#8221;large&#8221; style=&#8221;img-frame-large&#8221; css_animation=&#8221;none&#8221;][vc_column_text] In daily life, we often have to stand for more than a few minutes while we are talking to someone, waiting in line, or in our work life. During such natural postures, the body continuously shows low amplitude, slow oscillation and postural changes characterized by [&hellip;]<\/p>\n","protected":false},"author":1,"featured_media":0,"parent":2995,"menu_order":0,"comment_status":"closed","ping_status":"closed","template":"","meta":{"inline_featured_image":false,"footnotes":""},"class_list":["post-2422","page","type-page","status-publish","hentry"],"yoast_head":"<!-- This site is optimized with the Yoast SEO plugin v25.7 - https:\/\/yoast.com\/wordpress\/plugins\/seo\/ -->\n<title>SCOLIOSIS AND POSTURAL ALIGNMENTSCOLIOSIS AND POSTURAL ALIGNMENTSCOLIOSIS AND POSTURAL ALIGNMENT<\/title>\n<meta name=\"description\" content=\"Skolyoz, omurga veya omurgada anormal bir e\u011friye neden olan bir bozukluktur. Omurga, yandan bak\u0131ld\u0131\u011f\u0131nda normal e\u011frilere sahiptir, ancak \u00f6nden bak\u0131ld\u0131\u011f\u0131nda d\u00fcz g\u00f6r\u00fcnmelidir.\" \/>\n<meta name=\"robots\" content=\"index, follow, max-snippet:-1, max-image-preview:large, max-video-preview:-1\" \/>\n<link rel=\"canonical\" href=\"https:\/\/www.erdemyorukoglu.com\/en\/tedaviler\/skolyoz-tedavisi\/\" \/>\n<meta property=\"og:locale\" content=\"en_US\" \/>\n<meta property=\"og:locale:alternate\" content=\"tr_TR\" \/>\n<meta property=\"og:locale:alternate\" content=\"De_GR\" \/>\n<meta property=\"og:type\" content=\"article\" \/>\n<meta property=\"og:title\" content=\"SCOLIOSIS AND POSTURAL ALIGNMENTSCOLIOSIS AND POSTURAL ALIGNMENTSCOLIOSIS AND POSTURAL ALIGNMENT\" \/>\n<meta property=\"og:description\" content=\"Skolyoz, omurga veya omurgada anormal bir e\u011friye neden olan bir bozukluktur. Omurga, yandan bak\u0131ld\u0131\u011f\u0131nda normal e\u011frilere sahiptir, ancak \u00f6nden bak\u0131ld\u0131\u011f\u0131nda d\u00fcz g\u00f6r\u00fcnmelidir.\" \/>\n<meta property=\"og:url\" content=\"https:\/\/www.erdemyorukoglu.com\/en\/tedaviler\/skolyoz-tedavisi\/\" \/>\n<meta property=\"og:site_name\" content=\"Erdem Y\u00f6r\u00fcko\u011flu \/\/ Manuel Terapi, Fizyoterapist, Ankara\" \/>\n<meta property=\"article:modified_time\" content=\"2025-08-16T14:01:59+00:00\" \/>\n<meta property=\"og:image\" content=\"https:\/\/www.erdemyorukoglu.com\/wp-content\/uploads\/2019\/01\/postural_skolyoz.jpg\" \/>\n\t<meta property=\"og:image:width\" content=\"1640\" \/>\n\t<meta property=\"og:image:height\" content=\"600\" \/>\n\t<meta property=\"og:image:type\" content=\"image\/jpeg\" \/>\n<meta name=\"twitter:card\" content=\"summary_large_image\" \/>\n<meta name=\"twitter:label1\" content=\"Est. reading time\" \/>\n\t<meta name=\"twitter:data1\" content=\"5 minutes\" \/>\n<script type=\"application\/ld+json\" class=\"yoast-schema-graph\">{\"@context\":\"https:\/\/schema.org\",\"@graph\":[{\"@type\":\"WebPage\",\"@id\":\"https:\/\/www.erdemyorukoglu.com\/tr\/tedaviler\/skolyoz-tedavisi\/\",\"url\":\"https:\/\/www.erdemyorukoglu.com\/tr\/tedaviler\/skolyoz-tedavisi\/\",\"name\":\"SCOLIOSIS AND POSTURAL ALIGNMENTSCOLIOSIS AND POSTURAL ALIGNMENTSCOLIOSIS AND POSTURAL ALIGNMENT\",\"isPartOf\":{\"@id\":\"https:\/\/www.erdemyorukoglu.com\/en\/#website\"},\"datePublished\":\"2018-11-08T21:05:42+00:00\",\"dateModified\":\"2025-08-16T14:01:59+00:00\",\"description\":\"Skolyoz, omurga veya omurgada anormal bir e\u011friye neden olan bir bozukluktur. Omurga, yandan bak\u0131ld\u0131\u011f\u0131nda normal e\u011frilere sahiptir, ancak \u00f6nden bak\u0131ld\u0131\u011f\u0131nda d\u00fcz g\u00f6r\u00fcnmelidir.\",\"breadcrumb\":{\"@id\":\"https:\/\/www.erdemyorukoglu.com\/tr\/tedaviler\/skolyoz-tedavisi\/#breadcrumb\"},\"inLanguage\":\"en-US\",\"potentialAction\":[{\"@type\":\"ReadAction\",\"target\":[\"https:\/\/www.erdemyorukoglu.com\/tr\/tedaviler\/skolyoz-tedavisi\/\"]}]},{\"@type\":\"BreadcrumbList\",\"@id\":\"https:\/\/www.erdemyorukoglu.com\/tr\/tedaviler\/skolyoz-tedavisi\/#breadcrumb\",\"itemListElement\":[{\"@type\":\"ListItem\",\"position\":1,\"name\":\"MANUEL TERAP\u0130 ANKARA %%sep%% %%sitename%%\",\"item\":\"https:\/\/www.erdemyorukoglu.com\/de\/\"},{\"@type\":\"ListItem\",\"position\":2,\"name\":\"TEDAV\u0130LER\",\"item\":\"https:\/\/www.erdemyorukoglu.com\/en\/tedaviler\/\"},{\"@type\":\"ListItem\",\"position\":3,\"name\":\"SKOLYOZ ve POST\u00dcRAL D\u00dcZG\u00dcNL\u00dcK\"}]},{\"@type\":\"WebSite\",\"@id\":\"https:\/\/www.erdemyorukoglu.com\/en\/#website\",\"url\":\"https:\/\/www.erdemyorukoglu.com\/en\/\",\"name\":\"Erdem Y\u00f6r\u00fcko\u011flu \/\/ Manuel Terapi, Fizyoterapist, Ankara\",\"description\":\"Manuel Terapi, Kayropraktik, Fizyoterapi, Bel ve Boyun F\u0131t\u0131\u011f\u0131, Lenf\u00f6dem Tedavisi, Gyrotonic, Skolyoz, Ankara\",\"publisher\":{\"@id\":\"https:\/\/www.erdemyorukoglu.com\/en\/#\/schema\/person\/854314645f5beb1ce61d3d55971d52e1\"},\"potentialAction\":[{\"@type\":\"SearchAction\",\"target\":{\"@type\":\"EntryPoint\",\"urlTemplate\":\"https:\/\/www.erdemyorukoglu.com\/en\/?s={search_term_string}\"},\"query-input\":{\"@type\":\"PropertyValueSpecification\",\"valueRequired\":true,\"valueName\":\"search_term_string\"}}],\"inLanguage\":\"en-US\"},{\"@type\":[\"Person\",\"Organization\"],\"@id\":\"https:\/\/www.erdemyorukoglu.com\/en\/#\/schema\/person\/854314645f5beb1ce61d3d55971d52e1\",\"name\":\"Erdem Y\u00f6r\u00fcko\u011flu\",\"image\":{\"@type\":\"ImageObject\",\"inLanguage\":\"en-US\",\"@id\":\"https:\/\/www.erdemyorukoglu.com\/en\/#\/schema\/person\/image\/\",\"url\":\"https:\/\/www.erdemyorukoglu.com\/wp-content\/uploads\/2018\/11\/fav-icon-1.png\",\"contentUrl\":\"https:\/\/www.erdemyorukoglu.com\/wp-content\/uploads\/2018\/11\/fav-icon-1.png\",\"width\":512,\"height\":512,\"caption\":\"Erdem Y\u00f6r\u00fcko\u011flu\"},\"logo\":{\"@id\":\"https:\/\/www.erdemyorukoglu.com\/en\/#\/schema\/person\/image\/\"}}]}<\/script>\n<!-- \/ Yoast SEO plugin. -->","yoast_head_json":{"title":"SCOLIOSIS AND POSTURAL ALIGNMENTSCOLIOSIS AND POSTURAL ALIGNMENTSCOLIOSIS AND POSTURAL ALIGNMENT","description":"Skolyoz, omurga veya omurgada anormal bir e\u011friye neden olan bir bozukluktur. Omurga, yandan bak\u0131ld\u0131\u011f\u0131nda normal e\u011frilere sahiptir, ancak \u00f6nden bak\u0131ld\u0131\u011f\u0131nda d\u00fcz g\u00f6r\u00fcnmelidir.","robots":{"index":"index","follow":"follow","max-snippet":"max-snippet:-1","max-image-preview":"max-image-preview:large","max-video-preview":"max-video-preview:-1"},"canonical":"https:\/\/www.erdemyorukoglu.com\/en\/tedaviler\/skolyoz-tedavisi\/","og_locale":"en_US","og_type":"article","og_title":"[:tr][:tr]SKOLYOZ ve POST\u00dcRAL D\u00dcZG\u00dcNL\u00dcK[:en]SCOLIOSIS AND POSTURAL ALIGNMENT[:de]SKOL\u0130OSE UND K\u00d6RPERHALTUNG[:] - Erdem Y\u00f6r\u00fcko\u011flu \/\/ Manuel Terapi, Fizyoterapist, Ankara[:en][:tr]SKOLYOZ ve POST\u00dcRAL D\u00dcZG\u00dcNL\u00dcK[:en]SCOLIOSIS AND POSTURAL ALIGNMENT[:de]SKOL\u0130OSE UND K\u00d6RPERHALTUNG[:] - Erdem Y\u00f6r\u00fcko\u011flu \/\/ Manuel Terapi, Fizyoterapist, Ankara[:de]Erdem Y\u00f6r\u00fcko\u011flu \/\/ Manuel Terapi, Fizyoterapist, Ankara - [:tr]SKOLYOZ ve POST\u00dcRAL D\u00dcZG\u00dcNL\u00dcK[:en]SCOLIOSIS AND POSTURAL ALIGNMENT[:de]SKOL\u0130OSE UND K\u00d6RPERHALTUNG[:][:]","og_description":"[:tr]Skolyoz, omurga veya omurgada anormal bir e\u011friye neden olan bir bozukluktur. Omurga, yandan bak\u0131ld\u0131\u011f\u0131nda normal e\u011frilere sahiptir, ancak \u00f6nden bak\u0131ld\u0131\u011f\u0131nda d\u00fcz g\u00f6r\u00fcnmelidir.[:]","og_url":"https:\/\/www.erdemyorukoglu.com\/en\/tedaviler\/skolyoz-tedavisi\/","og_site_name":"Erdem Y\u00f6r\u00fcko\u011flu \/\/ Manuel Terapi, Fizyoterapist, Ankara","article_modified_time":"2025-08-16T14:01:59+00:00","og_image":[{"width":1640,"height":600,"url":"https:\/\/www.erdemyorukoglu.com\/wp-content\/uploads\/2019\/01\/postural_skolyoz.jpg","type":"image\/jpeg"}],"twitter_card":"summary_large_image","twitter_misc":{"Est. reading time":"5 minutes"},"schema":{"@context":"https:\/\/schema.org","@graph":[{"@type":"WebPage","@id":"https:\/\/www.erdemyorukoglu.com\/tr\/tedaviler\/skolyoz-tedavisi\/","url":"https:\/\/www.erdemyorukoglu.com\/tr\/tedaviler\/skolyoz-tedavisi\/","name":"SCOLIOSIS AND POSTURAL ALIGNMENTSCOLIOSIS AND POSTURAL ALIGNMENTSCOLIOSIS AND POSTURAL ALIGNMENT","isPartOf":{"@id":"https:\/\/www.erdemyorukoglu.com\/en\/#website"},"datePublished":"2018-11-08T21:05:42+00:00","dateModified":"2025-08-16T14:01:59+00:00","description":"Skolyoz, omurga veya omurgada anormal bir e\u011friye neden olan bir bozukluktur. Omurga, yandan bak\u0131ld\u0131\u011f\u0131nda normal e\u011frilere sahiptir, ancak \u00f6nden bak\u0131ld\u0131\u011f\u0131nda d\u00fcz g\u00f6r\u00fcnmelidir.","breadcrumb":{"@id":"https:\/\/www.erdemyorukoglu.com\/tr\/tedaviler\/skolyoz-tedavisi\/#breadcrumb"},"inLanguage":"en-US","potentialAction":[{"@type":"ReadAction","target":["https:\/\/www.erdemyorukoglu.com\/tr\/tedaviler\/skolyoz-tedavisi\/"]}]},{"@type":"BreadcrumbList","@id":"https:\/\/www.erdemyorukoglu.com\/tr\/tedaviler\/skolyoz-tedavisi\/#breadcrumb","itemListElement":[{"@type":"ListItem","position":1,"name":"MANUEL TERAP\u0130 ANKARA %%sep%% %%sitename%%","item":"https:\/\/www.erdemyorukoglu.com\/de\/"},{"@type":"ListItem","position":2,"name":"TEDAV\u0130LER","item":"https:\/\/www.erdemyorukoglu.com\/en\/tedaviler\/"},{"@type":"ListItem","position":3,"name":"SKOLYOZ ve POST\u00dcRAL D\u00dcZG\u00dcNL\u00dcK"}]},{"@type":"WebSite","@id":"https:\/\/www.erdemyorukoglu.com\/en\/#website","url":"https:\/\/www.erdemyorukoglu.com\/en\/","name":"Erdem Y\u00f6r\u00fcko\u011flu \/\/ Manuel Terapi, Fizyoterapist, Ankara","description":"Manuel Terapi, Kayropraktik, Fizyoterapi, Bel ve Boyun F\u0131t\u0131\u011f\u0131, Lenf\u00f6dem Tedavisi, Gyrotonic, Skolyoz, Ankara","publisher":{"@id":"https:\/\/www.erdemyorukoglu.com\/en\/#\/schema\/person\/854314645f5beb1ce61d3d55971d52e1"},"potentialAction":[{"@type":"SearchAction","target":{"@type":"EntryPoint","urlTemplate":"https:\/\/www.erdemyorukoglu.com\/en\/?s={search_term_string}"},"query-input":{"@type":"PropertyValueSpecification","valueRequired":true,"valueName":"search_term_string"}}],"inLanguage":"en-US"},{"@type":["Person","Organization"],"@id":"https:\/\/www.erdemyorukoglu.com\/en\/#\/schema\/person\/854314645f5beb1ce61d3d55971d52e1","name":"Erdem Y\u00f6r\u00fcko\u011flu","image":{"@type":"ImageObject","inLanguage":"en-US","@id":"https:\/\/www.erdemyorukoglu.com\/en\/#\/schema\/person\/image\/","url":"https:\/\/www.erdemyorukoglu.com\/wp-content\/uploads\/2018\/11\/fav-icon-1.png","contentUrl":"https:\/\/www.erdemyorukoglu.com\/wp-content\/uploads\/2018\/11\/fav-icon-1.png","width":512,"height":512,"caption":"Erdem Y\u00f6r\u00fcko\u011flu"},"logo":{"@id":"https:\/\/www.erdemyorukoglu.com\/en\/#\/schema\/person\/image\/"}}]}},"_links":{"self":[{"href":"https:\/\/www.erdemyorukoglu.com\/en\/wp-json\/wp\/v2\/pages\/2422","targetHints":{"allow":["GET"]}}],"collection":[{"href":"https:\/\/www.erdemyorukoglu.com\/en\/wp-json\/wp\/v2\/pages"}],"about":[{"href":"https:\/\/www.erdemyorukoglu.com\/en\/wp-json\/wp\/v2\/types\/page"}],"author":[{"embeddable":true,"href":"https:\/\/www.erdemyorukoglu.com\/en\/wp-json\/wp\/v2\/users\/1"}],"replies":[{"embeddable":true,"href":"https:\/\/www.erdemyorukoglu.com\/en\/wp-json\/wp\/v2\/comments?post=2422"}],"version-history":[{"count":24,"href":"https:\/\/www.erdemyorukoglu.com\/en\/wp-json\/wp\/v2\/pages\/2422\/revisions"}],"predecessor-version":[{"id":4071,"href":"https:\/\/www.erdemyorukoglu.com\/en\/wp-json\/wp\/v2\/pages\/2422\/revisions\/4071"}],"up":[{"embeddable":true,"href":"https:\/\/www.erdemyorukoglu.com\/en\/wp-json\/wp\/v2\/pages\/2995"}],"wp:attachment":[{"href":"https:\/\/www.erdemyorukoglu.com\/en\/wp-json\/wp\/v2\/media?parent=2422"}],"curies":[{"name":"wp","href":"https:\/\/api.w.org\/{rel}","templated":true}]}}