{"id":2995,"date":"2018-12-08T10:14:07","date_gmt":"2018-12-08T07:14:07","guid":{"rendered":"https:\/\/www.erdemyorukoglu.com\/?page_id=2995"},"modified":"2019-08-18T21:33:58","modified_gmt":"2019-08-18T18:33:58","slug":"tedaviler","status":"publish","type":"page","link":"https:\/\/www.erdemyorukoglu.com\/en\/tedaviler\/","title":{"rendered":"TREATMENTS"},"content":{"rendered":"<div class=\"wpb-content-wrapper\">[vc_row full_width=&#8221;stretch_row&#8221; equal_height=&#8221;yes&#8221; content_placement=&#8221;middle&#8221; curly_padding=&#8221;content-padding-lg&#8221; css=&#8221;.vc_custom_1546720224954{border-bottom-width: 1px !important;border-bottom-color: #f4f4f4 !important;border-bottom-style: solid !important;}&#8221;][vc_column width=&#8221;1\/3&#8243;][vc_column_text curly_padding_side=&#8221;content-side-padding-xxl&#8221;]\n<h2><strong>BACK PAIN<\/strong><\/h2>\n<p>We can explain the low back pain as waist strain and posture disorders causing damage at waist muscles, ligaments and joints. Low back pain should be considered as the most common type of pain after headache in the world as well as pointing to the health problems as important as the person upset his \/ her work and social life.[\/vc_column_text][vc_empty_space height=&#8221;.5rem&#8221;][vc_column_text]<a href=\"https:\/\/www.erdemyorukoglu.com\/en\/tedaviler\/bel-agrisi\/\"><strong>DETAILS<\/strong><\/a>[\/vc_column_text][\/vc_column][vc_column width=&#8221;1\/2&#8243; offset=&#8221;vc_col-sm-offset-2&#8243;][vc_single_image image=&#8221;3083&#8243; img_size=&#8221;large&#8221; alignment=&#8221;right&#8221; css=&#8221;.vc_custom_1546716992010{margin-bottom: 0px !important;}&#8221; el_class=&#8221;img-frame-large&#8221;][\/vc_column][\/vc_row][vc_row full_width=&#8221;stretch_row&#8221; equal_height=&#8221;yes&#8221; content_placement=&#8221;middle&#8221; curly_padding=&#8221;content-padding-lg&#8221; css=&#8221;.vc_custom_1546720242693{border-bottom-width: 1px !important;border-bottom-color: #f4f4f4 !important;border-bottom-style: solid !important;}&#8221;][vc_column width=&#8221;1\/2&#8243;][vc_single_image image=&#8221;2988&#8243; img_size=&#8221;large&#8221; css=&#8221;.vc_custom_1544253201735{margin-bottom: 0px !important;}&#8221; el_class=&#8221;img-frame-large&#8221;][\/vc_column][vc_column width=&#8221;1\/3&#8243; offset=&#8221;vc_col-sm-offset-2&#8243;][vc_column_text curly_padding_side=&#8221;content-side-padding-xxl&#8221;]\n<h2><strong>LUMBAR AND NECK HERNIA<\/strong><\/h2>\n<p>There are 5 vertebrae in our neck and 7 in the waist. Among these bones, there are cartilage structures called disc. The discs contribute to the mobility of the spine, as well as a balanced distribution of the loads on the spine. Neck and lumbar hernias are caused by disruption and overflow of discs which are acting like a shock absorber.[\/vc_column_text][vc_empty_space height=&#8221;.5rem&#8221;][vc_column_text]<a href=\"https:\/\/www.erdemyorukoglu.com\/en\/tedaviler\/bel-ve-boyun-fitigi\/\"><strong>DETAILS&#8230;<\/strong><\/a>[\/vc_column_text][\/vc_column][\/vc_row][vc_row full_width=&#8221;stretch_row&#8221; equal_height=&#8221;yes&#8221; content_placement=&#8221;middle&#8221; curly_padding=&#8221;content-padding-lg&#8221; css=&#8221;.vc_custom_1546720263398{border-bottom-width: 1px !important;border-bottom-color: #f4f4f4 !important;border-bottom-style: solid !important;}&#8221;][vc_column width=&#8221;1\/3&#8243;][vc_column_text curly_padding_side=&#8221;content-side-padding-xxl&#8221;]\n<h2><strong>FIBROMYALGIA<\/strong><\/h2>\n<p>Diagnosis of fibromyalgia is not easy; because there is no laboratory-specific laboratory test. Generally, long-term musculoskeletal pain, fatigue and the presence of sensitive points in certain parts of the body are diagnosed with fibromyalgia syndrome.[\/vc_column_text][vc_empty_space height=&#8221;.5rem&#8221;][vc_column_text]<a href=\"https:\/\/www.erdemyorukoglu.com\/en\/tedaviler\/fibromiyalji\/\"><strong>DETAILS&#8230;<\/strong><\/a>[\/vc_column_text][\/vc_column][vc_column width=&#8221;1\/2&#8243; offset=&#8221;vc_col-sm-offset-2&#8243;][vc_single_image image=&#8221;3063&#8243; img_size=&#8221;large&#8221; css=&#8221;.vc_custom_1544909899224{margin-bottom: 0px !important;}&#8221; el_class=&#8221;img-frame-large&#8221;][\/vc_column][\/vc_row][vc_row full_width=&#8221;stretch_row&#8221; equal_height=&#8221;yes&#8221; content_placement=&#8221;middle&#8221; curly_padding=&#8221;content-padding-lg&#8221; css=&#8221;.vc_custom_1546720656066{border-bottom-width: 1px !important;border-bottom-color: #f4f4f4 !important;border-bottom-style: solid !important;}&#8221;][vc_column width=&#8221;1\/2&#8243;][vc_single_image image=&#8221;3069&#8243; img_size=&#8221;large&#8221; css=&#8221;.vc_custom_1544910044737{margin-bottom: 0px !important;}&#8221; el_class=&#8221;img-frame-large&#8221;][\/vc_column][vc_column width=&#8221;1\/3&#8243; offset=&#8221;vc_col-sm-offset-2&#8243;][vc_column_text curly_padding_side=&#8221;content-side-padding-xxl&#8221;]\n<h2><strong>CHRONIC HEADACHES AND DIZZINESS<\/strong><\/h2>\n<p>The International Headache Society classified headaches as 14 main groups and hundreds of subgroups. Headaches which are directly related to headache syptoms and have no relationship with another disease are primary headaches.[\/vc_column_text][vc_empty_space height=&#8221;.5rem&#8221;][vc_column_text]<a href=\"https:\/\/www.erdemyorukoglu.com\/en\/tedaviler\/kronik-bas-agrisi-ve-bas-donmeleri\/\"><strong>DETAILS&#8230;<\/strong><\/a>[\/vc_column_text][\/vc_column][\/vc_row][vc_row full_width=&#8221;stretch_row&#8221; equal_height=&#8221;yes&#8221; content_placement=&#8221;middle&#8221; curly_padding=&#8221;content-padding-lg&#8221; css=&#8221;.vc_custom_1546720868025{border-bottom-width: 1px !important;border-bottom-color: #f4f4f4 !important;border-bottom-style: solid !important;}&#8221;][vc_column width=&#8221;1\/3&#8243;][vc_column_text curly_padding_side=&#8221;content-side-padding-xxl&#8221;]\n<h2><strong>SCOLIOSIS AND POSTURAL ALIGNMENT<\/strong><\/h2>\n<p>In daily life, we often have to stand for more than a few minutes while we are talking to someone, waiting in line, or in our work life. During such natural postures, the body continuously shows low amplitude, slow oscillation and postural changes characterized by whole body movements.[\/vc_column_text][vc_empty_space height=&#8221;.5rem&#8221;][vc_column_text]<a href=\"https:\/\/www.erdemyorukoglu.com\/en\/tedaviler\/skolyoz-tedavisi\/\"><strong>DETAILS&#8230;<\/strong><\/a>[\/vc_column_text][\/vc_column][vc_column width=&#8221;1\/2&#8243; offset=&#8221;vc_col-sm-offset-2&#8243;][vc_single_image image=&#8221;2423&#8243; img_size=&#8221;large&#8221; css=&#8221;.vc_custom_1546720481515{margin-bottom: 0px !important;}&#8221; el_class=&#8221;img-frame-large&#8221;][\/vc_column][\/vc_row][vc_row full_width=&#8221;stretch_row&#8221; equal_height=&#8221;yes&#8221; content_placement=&#8221;middle&#8221; curly_padding=&#8221;content-padding-lg&#8221; css=&#8221;.vc_custom_1546720841982{border-bottom-width: 1px !important;border-bottom-color: #f4f4f4 !important;border-bottom-style: solid !important;}&#8221;][vc_column width=&#8221;1\/2&#8243;][vc_single_image image=&#8221;3041&#8243; img_size=&#8221;large&#8221; css=&#8221;.vc_custom_1544303730292{margin-bottom: 0px !important;}&#8221; el_class=&#8221;img-frame-large&#8221;][\/vc_column][vc_column width=&#8221;1\/3&#8243; offset=&#8221;vc_col-sm-offset-2&#8243;][vc_column_text curly_padding_side=&#8221;content-side-padding-xxl&#8221;]\n<h2><strong>SHOULDER PAIN<\/strong><\/h2>\n<p>The most common cause of shoulder pain is muscles, tendons, and other soft tissue damage. This occurs as a result of the impacts on the area, reverse movements or overloading the shoulder. Pain in the neck area of \u200b\u200bthe nerve compression can hit the shoulder. Among the more serious causes of shoulder pain; There are problems in some organs in the spinal cord, heart, lung and stomach region.[\/vc_column_text][vc_empty_space height=&#8221;.5rem&#8221;][vc_column_text]<a href=\"https:\/\/www.erdemyorukoglu.com\/en\/tedaviler\/omuza-vuran-agrilar\/\"><strong>DETAILS&#8230;<\/strong><\/a>[\/vc_column_text][\/vc_column][\/vc_row][vc_row full_width=&#8221;stretch_row&#8221; equal_height=&#8221;yes&#8221; content_placement=&#8221;middle&#8221; curly_padding=&#8221;content-padding-lg&#8221; css=&#8221;.vc_custom_1546720868025{border-bottom-width: 1px !important;border-bottom-color: #f4f4f4 !important;border-bottom-style: solid !important;}&#8221;][vc_column width=&#8221;1\/3&#8243;][vc_column_text curly_padding_side=&#8221;content-side-padding-xxl&#8221;]\n<h2><strong>HIP IMPINGEMENT<\/strong><\/h2>\n<p>Because of the structural problems of the hip during hip joint movements of the two main parts of the hip joint is caused by an abnormal contact with each other.[\/vc_column_text][vc_empty_space height=&#8221;.5rem&#8221;][vc_column_text]<a href=\"https:\/\/www.erdemyorukoglu.com\/en\/tedaviler\/kalca-sikisma-sendromu\"><strong>DETAILS&#8230;<\/strong><\/a>[\/vc_column_text][\/vc_column][vc_column width=&#8221;1\/2&#8243; offset=&#8221;vc_col-sm-offset-2&#8243;][vc_single_image image=&#8221;3294&#8243; img_size=&#8221;large&#8221; css=&#8221;.vc_custom_1546721001166{margin-bottom: 0px !important;}&#8221; el_class=&#8221;img-frame-large&#8221;][\/vc_column][\/vc_row][vc_row full_width=&#8221;stretch_row&#8221; equal_height=&#8221;yes&#8221; content_placement=&#8221;middle&#8221; curly_padding=&#8221;content-padding-lg&#8221; css=&#8221;.vc_custom_1546720841982{border-bottom-width: 1px !important;border-bottom-color: #f4f4f4 !important;border-bottom-style: solid !important;}&#8221;][vc_column width=&#8221;1\/3&#8243;][vc_single_image image=&#8221;3304&#8243; img_size=&#8221;large&#8221; css=&#8221;.vc_custom_1546721174705{margin-bottom: 0px !important;}&#8221; el_class=&#8221;img-frame-large&#8221;][\/vc_column][vc_column width=&#8221;1\/2&#8243; offset=&#8221;vc_col-sm-offset-2&#8243;][vc_column_text curly_padding_side=&#8221;content-side-padding-xxl&#8221;]\n<h2><strong>JAW JOINTS PROBLEMS<\/strong><\/h2>\n<p>For the diagnosis and treatment of the jaw joint, temporomandibular joint disorders, it is absolutely necessary to examine a physician. During a period of human life, there is a discomfort in the jaw joint (temporomandibular).[\/vc_column_text][vc_empty_space height=&#8221;.5rem&#8221;][vc_column_text]<a href=\"https:\/\/www.erdemyorukoglu.com\/en\/tedaviler\/cene-eklemi-problemleri\/\"><strong>DETAILS&#8230;<\/strong><\/a>[\/vc_column_text][\/vc_column][\/vc_row][vc_row full_width=&#8221;stretch_row&#8221; equal_height=&#8221;yes&#8221; content_placement=&#8221;middle&#8221; curly_padding=&#8221;content-padding-lg&#8221; css=&#8221;.vc_custom_1546720868025{border-bottom-width: 1px !important;border-bottom-color: #f4f4f4 !important;border-bottom-style: solid !important;}&#8221;][vc_column width=&#8221;1\/3&#8243;][vc_column_text curly_padding_side=&#8221;content-side-padding-xxl&#8221;]\n<h2><strong>KNEE AND ANKLE PAINS<\/strong><\/h2>\n<p>Knee and ankle pain may be the cause of many medical reasons, but more than we follow from the information obtained from patients according to a sedentary life and as a result of the excess weight the load on the knee and ankle can increase and can make degenerative changes in these regions and can show itself with pain.[\/vc_column_text][vc_empty_space height=&#8221;.5rem&#8221;][vc_column_text]<a href=\"https:\/\/www.erdemyorukoglu.com\/en\/tedaviler\/diz-ve-ayak-bilegi-agrilari\/\"><strong>DETAILS&#8230;<\/strong><\/a>[\/vc_column_text][\/vc_column][vc_column width=&#8221;1\/2&#8243; offset=&#8221;vc_col-sm-offset-2&#8243;][vc_single_image image=&#8221;3314&#8243; img_size=&#8221;large&#8221; css=&#8221;.vc_custom_1546721385513{margin-bottom: 0px !important;}&#8221; el_class=&#8221;img-frame-large&#8221;][\/vc_column][\/vc_row][vc_row full_width=&#8221;stretch_row&#8221; equal_height=&#8221;yes&#8221; content_placement=&#8221;middle&#8221; curly_padding=&#8221;content-padding-lg&#8221; css=&#8221;.vc_custom_1546720841982{border-bottom-width: 1px !important;border-bottom-color: #f4f4f4 !important;border-bottom-style: solid !important;}&#8221;][vc_column width=&#8221;1\/3&#8243;][vc_single_image image=&#8221;3531&#8243; img_size=&#8221;large&#8221; css=&#8221;.vc_custom_1550432608789{margin-bottom: 0px !important;}&#8221; el_class=&#8221;img-frame-large&#8221;][\/vc_column][vc_column width=&#8221;1\/2&#8243; offset=&#8221;vc_col-sm-offset-2&#8243;][vc_column_text curly_padding_side=&#8221;content-side-padding-xxl&#8221;]\n<h2><strong>McKENZIE TECHNIQUE<\/strong><\/h2>\n<p>McKenzie Method is a biopsychosocial system that emphasizes muscle strengthening and patient empowerment and self-treatment. It is an internationally accepted assessment and treatment method for spinal and extremity pains developed by Physiotherapist RobinMcKenzie in New Zealand. It has been widely used all over the world for more than 30 years.[\/vc_column_text][vc_empty_space height=&#8221;.5rem&#8221;][vc_column_text]<a href=\"https:\/\/www.erdemyorukoglu.com\/en\/tedaviler\/mckenzie-teknigi\/\"><strong>DETAILS&#8230;<\/strong><\/a>[\/vc_column_text][\/vc_column][\/vc_row][vc_row full_width=&#8221;stretch_row&#8221; equal_height=&#8221;yes&#8221; content_placement=&#8221;middle&#8221; curly_padding=&#8221;content-padding-lg&#8221; css=&#8221;.vc_custom_1546720868025{border-bottom-width: 1px !important;border-bottom-color: #f4f4f4 !important;border-bottom-style: solid !important;}&#8221;][vc_column width=&#8221;1\/3&#8243;][vc_column_text curly_padding_side=&#8221;content-side-padding-xxl&#8221;]\n<h2><strong>MULLIGAN CONCEPT<\/strong><\/h2>\n<p>The Mulligan concept was developed in the 1980s by the New Zealander physiotherapist BrianMulligan. Techniques specific to the concept are applied safely and effectively in musculoskeletal and nervous system diseases. The concept is in accordance with the common knowledge of the known Manual Therapy approaches, biomechanics, although it conforms to the artrokinematic kinematic principles, and it differs significantly with other approaches such as techniques and application principles.[\/vc_column_text][vc_empty_space height=&#8221;.5rem&#8221;][vc_column_text]<a href=\"https:\/\/www.erdemyorukoglu.com\/en\/tedaviler\/mulligan-konsept\/\"><strong>DETAILS&#8230;<\/strong><\/a>[\/vc_column_text][\/vc_column][vc_column width=&#8221;1\/2&#8243; offset=&#8221;vc_col-sm-offset-2&#8243;][vc_single_image image=&#8221;3537&#8243; img_size=&#8221;large&#8221; css=&#8221;.vc_custom_1550432810693{margin-bottom: 0px !important;}&#8221; el_class=&#8221;img-frame-large&#8221;][\/vc_column][\/vc_row]\n<\/div>","protected":false},"excerpt":{"rendered":"<p>[vc_row full_width=&#8221;stretch_row&#8221; equal_height=&#8221;yes&#8221; content_placement=&#8221;middle&#8221; curly_padding=&#8221;content-padding-lg&#8221; css=&#8221;.vc_custom_1546720224954{border-bottom-width: 1px !important;border-bottom-color: #f4f4f4 !important;border-bottom-style: solid !important;}&#8221;][vc_column width=&#8221;1\/3&#8243;][vc_column_text curly_padding_side=&#8221;content-side-padding-xxl&#8221;] BACK PAIN We can explain the low back pain as waist strain and posture disorders causing damage at waist muscles, ligaments and joints. Low back pain should be considered as the most common type of pain after headache in the world as well as pointing to [&hellip;]<\/p>\n","protected":false},"author":1,"featured_media":0,"parent":0,"menu_order":0,"comment_status":"closed","ping_status":"closed","template":"","meta":{"inline_featured_image":false,"footnotes":""},"class_list":["post-2995","page","type-page","status-publish","hentry"],"yoast_head":"<!-- This site is optimized with the Yoast SEO plugin v25.7 - https:\/\/yoast.com\/wordpress\/plugins\/seo\/ -->\n<title>TREATMENTS<\/title>\n<meta name=\"description\" content=\"Bel A\u011fr\u0131s\u0131, Bel - Boyun F\u0131t\u0131\u011f\u0131, Fibromyalji, kronik Ba\u015f A\u011fr\u0131s\u0131 ve Ba\u015f D\u00f6nmeleri, Post\u00fcral D\u00fczg\u00fcnl\u00fck ve Skolyoz, Omuza Vuran A\u011fr\u0131lar, Kal\u00e7a S\u0131k\u0131\u015fma Sendromu (impengement), \u00c7ene Eklemi Problemleri, Diz ve Ayak Bile\u011fi A\u011fr\u0131lar\u0131,\" \/>\n<meta name=\"robots\" content=\"index, follow, max-snippet:-1, max-image-preview:large, max-video-preview:-1\" \/>\n<link rel=\"canonical\" href=\"https:\/\/www.erdemyorukoglu.com\/en\/tedaviler\/\" \/>\n<meta property=\"og:locale\" content=\"en_US\" \/>\n<meta property=\"og:locale:alternate\" content=\"tr_TR\" \/>\n<meta property=\"og:locale:alternate\" content=\"De_GR\" \/>\n<meta property=\"og:type\" content=\"article\" \/>\n<meta property=\"og:title\" content=\"TREATMENTS\" \/>\n<meta property=\"og:description\" content=\"Bel A\u011fr\u0131s\u0131, Bel - Boyun F\u0131t\u0131\u011f\u0131, Fibromyalji, kronik Ba\u015f A\u011fr\u0131s\u0131 ve Ba\u015f D\u00f6nmeleri, Post\u00fcral D\u00fczg\u00fcnl\u00fck ve Skolyoz, Omuza Vuran A\u011fr\u0131lar, Kal\u00e7a S\u0131k\u0131\u015fma Sendromu (impengement), \u00c7ene Eklemi Problemleri, Diz ve Ayak Bile\u011fi A\u011fr\u0131lar\u0131,\" \/>\n<meta property=\"og:url\" content=\"https:\/\/www.erdemyorukoglu.com\/en\/tedaviler\/\" \/>\n<meta property=\"og:site_name\" content=\"Erdem Y\u00f6r\u00fcko\u011flu \/\/ Manuel Terapi, Fizyoterapist, Ankara\" \/>\n<meta property=\"article:modified_time\" content=\"2019-08-18T18:33:58+00:00\" \/>\n<meta name=\"twitter:card\" content=\"summary_large_image\" \/>\n<meta name=\"twitter:label1\" content=\"Est. reading time\" \/>\n\t<meta name=\"twitter:data1\" content=\"20 minutes\" \/>\n<script type=\"application\/ld+json\" class=\"yoast-schema-graph\">{\"@context\":\"https:\/\/schema.org\",\"@graph\":[{\"@type\":\"WebPage\",\"@id\":\"https:\/\/www.erdemyorukoglu.com\/en\/tedaviler\/\",\"url\":\"https:\/\/www.erdemyorukoglu.com\/en\/tedaviler\/\",\"name\":\"TREATMENTS\",\"isPartOf\":{\"@id\":\"https:\/\/www.erdemyorukoglu.com\/en\/#website\"},\"datePublished\":\"2018-12-08T07:14:07+00:00\",\"dateModified\":\"2019-08-18T18:33:58+00:00\",\"description\":\"Bel A\u011fr\u0131s\u0131, Bel - Boyun F\u0131t\u0131\u011f\u0131, Fibromyalji, kronik Ba\u015f A\u011fr\u0131s\u0131 ve Ba\u015f D\u00f6nmeleri, Post\u00fcral D\u00fczg\u00fcnl\u00fck ve Skolyoz, Omuza Vuran A\u011fr\u0131lar, Kal\u00e7a S\u0131k\u0131\u015fma Sendromu (impengement), \u00c7ene Eklemi Problemleri, Diz ve Ayak Bile\u011fi A\u011fr\u0131lar\u0131,\",\"breadcrumb\":{\"@id\":\"https:\/\/www.erdemyorukoglu.com\/en\/tedaviler\/#breadcrumb\"},\"inLanguage\":\"en-US\",\"potentialAction\":[{\"@type\":\"ReadAction\",\"target\":[\"https:\/\/www.erdemyorukoglu.com\/en\/tedaviler\/\"]}]},{\"@type\":\"BreadcrumbList\",\"@id\":\"https:\/\/www.erdemyorukoglu.com\/en\/tedaviler\/#breadcrumb\",\"itemListElement\":[{\"@type\":\"ListItem\",\"position\":1,\"name\":\"MANUEL TERAP\u0130 ANKARA %%sep%% %%sitename%%\",\"item\":\"https:\/\/www.erdemyorukoglu.com\/de\/\"},{\"@type\":\"ListItem\",\"position\":2,\"name\":\"TEDAV\u0130LER\"}]},{\"@type\":\"WebSite\",\"@id\":\"https:\/\/www.erdemyorukoglu.com\/en\/#website\",\"url\":\"https:\/\/www.erdemyorukoglu.com\/en\/\",\"name\":\"Erdem Y\u00f6r\u00fcko\u011flu \/\/ Manuel Terapi, Fizyoterapist, Ankara\",\"description\":\"Manuel Terapi, Kayropraktik, Fizyoterapi, Bel ve Boyun F\u0131t\u0131\u011f\u0131, Lenf\u00f6dem Tedavisi, Gyrotonic, Skolyoz, Ankara\",\"publisher\":{\"@id\":\"https:\/\/www.erdemyorukoglu.com\/en\/#\/schema\/person\/854314645f5beb1ce61d3d55971d52e1\"},\"potentialAction\":[{\"@type\":\"SearchAction\",\"target\":{\"@type\":\"EntryPoint\",\"urlTemplate\":\"https:\/\/www.erdemyorukoglu.com\/en\/?s={search_term_string}\"},\"query-input\":{\"@type\":\"PropertyValueSpecification\",\"valueRequired\":true,\"valueName\":\"search_term_string\"}}],\"inLanguage\":\"en-US\"},{\"@type\":[\"Person\",\"Organization\"],\"@id\":\"https:\/\/www.erdemyorukoglu.com\/en\/#\/schema\/person\/854314645f5beb1ce61d3d55971d52e1\",\"name\":\"Erdem Y\u00f6r\u00fcko\u011flu\",\"image\":{\"@type\":\"ImageObject\",\"inLanguage\":\"en-US\",\"@id\":\"https:\/\/www.erdemyorukoglu.com\/en\/#\/schema\/person\/image\/\",\"url\":\"https:\/\/www.erdemyorukoglu.com\/wp-content\/uploads\/2018\/11\/fav-icon-1.png\",\"contentUrl\":\"https:\/\/www.erdemyorukoglu.com\/wp-content\/uploads\/2018\/11\/fav-icon-1.png\",\"width\":512,\"height\":512,\"caption\":\"Erdem Y\u00f6r\u00fcko\u011flu\"},\"logo\":{\"@id\":\"https:\/\/www.erdemyorukoglu.com\/en\/#\/schema\/person\/image\/\"}}]}<\/script>\n<!-- \/ Yoast SEO plugin. -->","yoast_head_json":{"title":"TREATMENTS","description":"Bel A\u011fr\u0131s\u0131, Bel - Boyun F\u0131t\u0131\u011f\u0131, Fibromyalji, kronik Ba\u015f A\u011fr\u0131s\u0131 ve Ba\u015f D\u00f6nmeleri, Post\u00fcral D\u00fczg\u00fcnl\u00fck ve Skolyoz, Omuza Vuran A\u011fr\u0131lar, Kal\u00e7a S\u0131k\u0131\u015fma Sendromu (impengement), \u00c7ene Eklemi Problemleri, Diz ve Ayak Bile\u011fi A\u011fr\u0131lar\u0131,","robots":{"index":"index","follow":"follow","max-snippet":"max-snippet:-1","max-image-preview":"max-image-preview:large","max-video-preview":"max-video-preview:-1"},"canonical":"https:\/\/www.erdemyorukoglu.com\/en\/tedaviler\/","og_locale":"en_US","og_type":"article","og_title":"[:tr]TEDAV\u0130LER[:en]TREATMENTS[:de]BEHANDLUNGEN[:] - Erdem Y\u00f6r\u00fcko\u011flu \/\/ Manuel Terapi, Fizyoterapist, Ankara","og_description":"Bel A\u011fr\u0131s\u0131, Bel - Boyun F\u0131t\u0131\u011f\u0131, Fibromyalji, kronik Ba\u015f A\u011fr\u0131s\u0131 ve Ba\u015f D\u00f6nmeleri, Post\u00fcral D\u00fczg\u00fcnl\u00fck ve Skolyoz, Omuza Vuran A\u011fr\u0131lar, Kal\u00e7a S\u0131k\u0131\u015fma Sendromu (impengement), \u00c7ene Eklemi Problemleri, Diz ve Ayak Bile\u011fi A\u011fr\u0131lar\u0131,","og_url":"https:\/\/www.erdemyorukoglu.com\/en\/tedaviler\/","og_site_name":"Erdem Y\u00f6r\u00fcko\u011flu \/\/ Manuel Terapi, Fizyoterapist, Ankara","article_modified_time":"2019-08-18T18:33:58+00:00","twitter_card":"summary_large_image","twitter_misc":{"Est. reading time":"20 minutes"},"schema":{"@context":"https:\/\/schema.org","@graph":[{"@type":"WebPage","@id":"https:\/\/www.erdemyorukoglu.com\/en\/tedaviler\/","url":"https:\/\/www.erdemyorukoglu.com\/en\/tedaviler\/","name":"TREATMENTS","isPartOf":{"@id":"https:\/\/www.erdemyorukoglu.com\/en\/#website"},"datePublished":"2018-12-08T07:14:07+00:00","dateModified":"2019-08-18T18:33:58+00:00","description":"Bel A\u011fr\u0131s\u0131, Bel - Boyun F\u0131t\u0131\u011f\u0131, Fibromyalji, kronik Ba\u015f A\u011fr\u0131s\u0131 ve Ba\u015f D\u00f6nmeleri, Post\u00fcral D\u00fczg\u00fcnl\u00fck ve Skolyoz, Omuza Vuran A\u011fr\u0131lar, Kal\u00e7a S\u0131k\u0131\u015fma Sendromu (impengement), \u00c7ene Eklemi Problemleri, Diz ve Ayak Bile\u011fi A\u011fr\u0131lar\u0131,","breadcrumb":{"@id":"https:\/\/www.erdemyorukoglu.com\/en\/tedaviler\/#breadcrumb"},"inLanguage":"en-US","potentialAction":[{"@type":"ReadAction","target":["https:\/\/www.erdemyorukoglu.com\/en\/tedaviler\/"]}]},{"@type":"BreadcrumbList","@id":"https:\/\/www.erdemyorukoglu.com\/en\/tedaviler\/#breadcrumb","itemListElement":[{"@type":"ListItem","position":1,"name":"MANUEL TERAP\u0130 ANKARA %%sep%% %%sitename%%","item":"https:\/\/www.erdemyorukoglu.com\/de\/"},{"@type":"ListItem","position":2,"name":"TEDAV\u0130LER"}]},{"@type":"WebSite","@id":"https:\/\/www.erdemyorukoglu.com\/en\/#website","url":"https:\/\/www.erdemyorukoglu.com\/en\/","name":"Erdem Y\u00f6r\u00fcko\u011flu \/\/ Manuel Terapi, Fizyoterapist, Ankara","description":"Manuel Terapi, Kayropraktik, Fizyoterapi, Bel ve Boyun F\u0131t\u0131\u011f\u0131, Lenf\u00f6dem Tedavisi, Gyrotonic, Skolyoz, Ankara","publisher":{"@id":"https:\/\/www.erdemyorukoglu.com\/en\/#\/schema\/person\/854314645f5beb1ce61d3d55971d52e1"},"potentialAction":[{"@type":"SearchAction","target":{"@type":"EntryPoint","urlTemplate":"https:\/\/www.erdemyorukoglu.com\/en\/?s={search_term_string}"},"query-input":{"@type":"PropertyValueSpecification","valueRequired":true,"valueName":"search_term_string"}}],"inLanguage":"en-US"},{"@type":["Person","Organization"],"@id":"https:\/\/www.erdemyorukoglu.com\/en\/#\/schema\/person\/854314645f5beb1ce61d3d55971d52e1","name":"Erdem Y\u00f6r\u00fcko\u011flu","image":{"@type":"ImageObject","inLanguage":"en-US","@id":"https:\/\/www.erdemyorukoglu.com\/en\/#\/schema\/person\/image\/","url":"https:\/\/www.erdemyorukoglu.com\/wp-content\/uploads\/2018\/11\/fav-icon-1.png","contentUrl":"https:\/\/www.erdemyorukoglu.com\/wp-content\/uploads\/2018\/11\/fav-icon-1.png","width":512,"height":512,"caption":"Erdem Y\u00f6r\u00fcko\u011flu"},"logo":{"@id":"https:\/\/www.erdemyorukoglu.com\/en\/#\/schema\/person\/image\/"}}]}},"_links":{"self":[{"href":"https:\/\/www.erdemyorukoglu.com\/en\/wp-json\/wp\/v2\/pages\/2995","targetHints":{"allow":["GET"]}}],"collection":[{"href":"https:\/\/www.erdemyorukoglu.com\/en\/wp-json\/wp\/v2\/pages"}],"about":[{"href":"https:\/\/www.erdemyorukoglu.com\/en\/wp-json\/wp\/v2\/types\/page"}],"author":[{"embeddable":true,"href":"https:\/\/www.erdemyorukoglu.com\/en\/wp-json\/wp\/v2\/users\/1"}],"replies":[{"embeddable":true,"href":"https:\/\/www.erdemyorukoglu.com\/en\/wp-json\/wp\/v2\/comments?post=2995"}],"version-history":[{"count":48,"href":"https:\/\/www.erdemyorukoglu.com\/en\/wp-json\/wp\/v2\/pages\/2995\/revisions"}],"predecessor-version":[{"id":4165,"href":"https:\/\/www.erdemyorukoglu.com\/en\/wp-json\/wp\/v2\/pages\/2995\/revisions\/4165"}],"wp:attachment":[{"href":"https:\/\/www.erdemyorukoglu.com\/en\/wp-json\/wp\/v2\/media?parent=2995"}],"curies":[{"name":"wp","href":"https:\/\/api.w.org\/{rel}","templated":true}]}}