{"id":3038,"date":"2018-12-08T20:39:21","date_gmt":"2018-12-08T17:39:21","guid":{"rendered":"https:\/\/www.erdemyorukoglu.com\/?page_id=3038"},"modified":"2025-08-16T16:59:41","modified_gmt":"2025-08-16T13:59:41","slug":"omuza-vuran-agrilar","status":"publish","type":"page","link":"https:\/\/www.erdemyorukoglu.com\/en\/tedaviler\/omuza-vuran-agrilar\/","title":{"rendered":"SHOULDER PAIN"},"content":{"rendered":"<div class=\"wpb-content-wrapper\">[vc_row curly_padding=&#8221;content-padding-none&#8221;][vc_column curly_padding=&#8221;content-padding&#8221;][vc_column_text]\n<h1 style=\"text-align: center;\"><strong>SHOULDER PAIN<\/strong><\/h1>\n[\/vc_column_text][\/vc_column][\/vc_row][vc_row full_width=&#8221;stretch_row&#8221; content_placement=&#8221;middle&#8221; curly_bg_position=&#8221;bg-pos-center-center&#8221; curly_padding=&#8221;content-padding-xs&#8221; css=&#8221;.vc_custom_1550000323953{border-bottom-width: 1px !important;border-bottom-color: #f4f4f4 !important;}&#8221;][vc_column width=&#8221;1\/2&#8243; curly_bg_position=&#8221;bg-pos-center-center&#8221; curly_padding=&#8221;content-padding-none&#8221;][vc_single_image image=&#8221;3041&#8243; img_size=&#8221;large&#8221; css=&#8221;.vc_custom_1544290551594{margin-bottom: 0px !important;}&#8221; el_class=&#8221;img-frame-large&#8221;][\/vc_column][vc_column width=&#8221;1\/2&#8243; curly_bg_position=&#8221;bg-pos-center-center&#8221; curly_padding=&#8221;content-padding-none&#8221;][vc_column_text curly_padding_side=&#8221;content-side-padding-xxl&#8221;]The most common cause of shoulder pain is muscles, tendons, and other soft tissue damage. This occurs as a result of the impacts on the area, reverse movements or overloading the shoulder. Pain in the neck area of \u200b\u200bthe nerve compression can hit the shoulder. Among the more serious causes of shoulder pain; There are problems in some organs in the spinal cord, heart, lung and stomach region.<\/p>\n<p><strong>Collarbone Fracture:<\/strong> Blowing or falling on the collarbone may cause fracture of the bone.<\/p>\n<p><strong>Bursitis:<\/strong> Swelling and stiffness of the &#8216;bursa&#8217; sac found on the joints that acts as a cushion may cause shoulder pain.<\/p>\n<p><strong>Scapula Fracture:<\/strong> A shoulder blade fracture may cause severe pain in the shoulder. The shoulder blade needs a strong impact to break.[\/vc_column_text][\/vc_column][\/vc_row][vc_row full_width=&#8221;stretch_row&#8221; content_placement=&#8221;middle&#8221; curly_padding=&#8221;content-padding&#8221;][vc_column width=&#8221;1\/2&#8243; curly_padding=&#8221;content-padding-none&#8221;][vc_column_text curly_padding_side=&#8221;content-side-padding-xxl&#8221;]<strong>Forced Tendons:<\/strong> Tendons supporting the shoulder, called the &#8216;rotator cuff&#8217;, may be hurt by heavy lifting, exercises, in particular sports involving the throwing of something. As a result, pain can occur when the shoulder is moved.<\/p>\n<p><strong>Shoulder Separation:<\/strong> The bond between the bridge bone (clavicle) and the scapula may be stretched or torn as a result of the impact.<\/p>\n<p><strong>Spinal Injury:<\/strong> Injuries from the head and spine can cause pain in the shoulders. These pains are usually accompanied by muscle spasms in the shoulder and neck.[\/vc_column_text][\/vc_column][vc_column width=&#8221;1\/2&#8243; curly_padding=&#8221;content-padding-none&#8221;][vc_single_image image=&#8221;3042&#8243; img_size=&#8221;large&#8221; css=&#8221;.vc_custom_1549998356732{margin-bottom: 0px !important;}&#8221; el_class=&#8221;img-frame-large&#8221;][\/vc_column][\/vc_row]\n<\/div>","protected":false},"excerpt":{"rendered":"<p>[vc_row curly_padding=&#8221;content-padding-none&#8221;][vc_column curly_padding=&#8221;content-padding&#8221;][vc_column_text] SHOULDER PAIN [\/vc_column_text][\/vc_column][\/vc_row][vc_row full_width=&#8221;stretch_row&#8221; content_placement=&#8221;middle&#8221; curly_bg_position=&#8221;bg-pos-center-center&#8221; curly_padding=&#8221;content-padding-xs&#8221; css=&#8221;.vc_custom_1550000323953{border-bottom-width: 1px !important;border-bottom-color: #f4f4f4 !important;}&#8221;][vc_column width=&#8221;1\/2&#8243; curly_bg_position=&#8221;bg-pos-center-center&#8221; curly_padding=&#8221;content-padding-none&#8221;][vc_single_image image=&#8221;3041&#8243; img_size=&#8221;large&#8221; css=&#8221;.vc_custom_1544290551594{margin-bottom: 0px !important;}&#8221; el_class=&#8221;img-frame-large&#8221;][\/vc_column][vc_column width=&#8221;1\/2&#8243; curly_bg_position=&#8221;bg-pos-center-center&#8221; curly_padding=&#8221;content-padding-none&#8221;][vc_column_text curly_padding_side=&#8221;content-side-padding-xxl&#8221;]The most common cause of shoulder pain is muscles, tendons, and other soft tissue damage. This occurs as a result of the impacts on the area, reverse movements or overloading the shoulder. Pain [&hellip;]<\/p>\n","protected":false},"author":1,"featured_media":0,"parent":2995,"menu_order":0,"comment_status":"closed","ping_status":"closed","template":"","meta":{"inline_featured_image":false,"footnotes":""},"class_list":["post-3038","page","type-page","status-publish","hentry"],"yoast_head":"<!-- This site is optimized with the Yoast SEO plugin v25.7 - https:\/\/yoast.com\/wordpress\/plugins\/seo\/ -->\n<title>SHOULDER PAINSHOULDER PAINSHOULDER PAIN<\/title>\n<meta name=\"description\" content=\"Omuz a\u011fr\u0131s\u0131n\u0131n en \u00e7ok g\u00f6r\u00fclen nedeni kaslar, tendonlar ve omuz yap\u0131s\u0131n\u0131 olu\u015fturan di\u011fer yumu\u015fak dokulardaki zedelenmelerdir. Bu durum b\u00f6lgeye al\u0131nan darbeler, ters hareketler veya omuza a\u015f\u0131r\u0131 y\u00fck bindiren egzersizler neticesinde olu\u015fur.\" \/>\n<meta name=\"robots\" content=\"index, follow, max-snippet:-1, max-image-preview:large, max-video-preview:-1\" \/>\n<link rel=\"canonical\" href=\"https:\/\/www.erdemyorukoglu.com\/en\/tedaviler\/omuza-vuran-agrilar\/\" \/>\n<meta property=\"og:locale\" content=\"en_US\" \/>\n<meta property=\"og:locale:alternate\" content=\"tr_TR\" \/>\n<meta property=\"og:locale:alternate\" content=\"De_GR\" \/>\n<meta property=\"og:type\" content=\"article\" \/>\n<meta property=\"og:title\" content=\"SHOULDER PAINSHOULDER PAINSHOULDER PAIN\" \/>\n<meta property=\"og:description\" content=\"Omuz a\u011fr\u0131s\u0131n\u0131n en \u00e7ok g\u00f6r\u00fclen nedeni kaslar, tendonlar ve omuz yap\u0131s\u0131n\u0131 olu\u015fturan di\u011fer yumu\u015fak dokulardaki zedelenmelerdir. Bu durum b\u00f6lgeye al\u0131nan darbeler, ters hareketler veya omuza a\u015f\u0131r\u0131 y\u00fck bindiren egzersizler neticesinde olu\u015fur.\" \/>\n<meta property=\"og:url\" content=\"https:\/\/www.erdemyorukoglu.com\/en\/tedaviler\/omuza-vuran-agrilar\/\" \/>\n<meta property=\"og:site_name\" content=\"Erdem Y\u00f6r\u00fcko\u011flu \/\/ Manuel Terapi, Fizyoterapist, Ankara\" \/>\n<meta property=\"article:modified_time\" content=\"2025-08-16T13:59:41+00:00\" \/>\n<meta property=\"og:image\" content=\"https:\/\/www.erdemyorukoglu.com\/wp-content\/uploads\/2018\/12\/omuz-2.jpg\" \/>\n\t<meta property=\"og:image:width\" content=\"1640\" \/>\n\t<meta property=\"og:image:height\" content=\"600\" \/>\n\t<meta property=\"og:image:type\" content=\"image\/jpeg\" \/>\n<meta name=\"twitter:card\" content=\"summary_large_image\" \/>\n<meta name=\"twitter:label1\" content=\"Est. reading time\" \/>\n\t<meta name=\"twitter:data1\" content=\"2 minutes\" \/>\n<script type=\"application\/ld+json\" class=\"yoast-schema-graph\">{\"@context\":\"https:\/\/schema.org\",\"@graph\":[{\"@type\":\"WebPage\",\"@id\":\"https:\/\/www.erdemyorukoglu.com\/tr\/tedaviler\/omuza-vuran-agrilar\/\",\"url\":\"https:\/\/www.erdemyorukoglu.com\/tr\/tedaviler\/omuza-vuran-agrilar\/\",\"name\":\"SHOULDER PAINSHOULDER PAINSHOULDER PAIN\",\"isPartOf\":{\"@id\":\"https:\/\/www.erdemyorukoglu.com\/en\/#website\"},\"datePublished\":\"2018-12-08T17:39:21+00:00\",\"dateModified\":\"2025-08-16T13:59:41+00:00\",\"description\":\"Omuz a\u011fr\u0131s\u0131n\u0131n en \u00e7ok g\u00f6r\u00fclen nedeni kaslar, tendonlar ve omuz yap\u0131s\u0131n\u0131 olu\u015fturan di\u011fer yumu\u015fak dokulardaki zedelenmelerdir. Bu durum b\u00f6lgeye al\u0131nan darbeler, ters hareketler veya omuza a\u015f\u0131r\u0131 y\u00fck bindiren egzersizler neticesinde olu\u015fur.\",\"breadcrumb\":{\"@id\":\"https:\/\/www.erdemyorukoglu.com\/tr\/tedaviler\/omuza-vuran-agrilar\/#breadcrumb\"},\"inLanguage\":\"en-US\",\"potentialAction\":[{\"@type\":\"ReadAction\",\"target\":[\"https:\/\/www.erdemyorukoglu.com\/tr\/tedaviler\/omuza-vuran-agrilar\/\"]}]},{\"@type\":\"BreadcrumbList\",\"@id\":\"https:\/\/www.erdemyorukoglu.com\/tr\/tedaviler\/omuza-vuran-agrilar\/#breadcrumb\",\"itemListElement\":[{\"@type\":\"ListItem\",\"position\":1,\"name\":\"MANUEL TERAP\u0130 ANKARA %%sep%% %%sitename%%\",\"item\":\"https:\/\/www.erdemyorukoglu.com\/de\/\"},{\"@type\":\"ListItem\",\"position\":2,\"name\":\"TEDAV\u0130LER\",\"item\":\"https:\/\/www.erdemyorukoglu.com\/en\/tedaviler\/\"},{\"@type\":\"ListItem\",\"position\":3,\"name\":\"OMUZA VURAN A\u011eRILAR\"}]},{\"@type\":\"WebSite\",\"@id\":\"https:\/\/www.erdemyorukoglu.com\/en\/#website\",\"url\":\"https:\/\/www.erdemyorukoglu.com\/en\/\",\"name\":\"Erdem Y\u00f6r\u00fcko\u011flu \/\/ Manuel Terapi, Fizyoterapist, Ankara\",\"description\":\"Manuel Terapi, Kayropraktik, Fizyoterapi, Bel ve Boyun F\u0131t\u0131\u011f\u0131, Lenf\u00f6dem Tedavisi, Gyrotonic, Skolyoz, Ankara\",\"publisher\":{\"@id\":\"https:\/\/www.erdemyorukoglu.com\/en\/#\/schema\/person\/854314645f5beb1ce61d3d55971d52e1\"},\"potentialAction\":[{\"@type\":\"SearchAction\",\"target\":{\"@type\":\"EntryPoint\",\"urlTemplate\":\"https:\/\/www.erdemyorukoglu.com\/en\/?s={search_term_string}\"},\"query-input\":{\"@type\":\"PropertyValueSpecification\",\"valueRequired\":true,\"valueName\":\"search_term_string\"}}],\"inLanguage\":\"en-US\"},{\"@type\":[\"Person\",\"Organization\"],\"@id\":\"https:\/\/www.erdemyorukoglu.com\/en\/#\/schema\/person\/854314645f5beb1ce61d3d55971d52e1\",\"name\":\"Erdem Y\u00f6r\u00fcko\u011flu\",\"image\":{\"@type\":\"ImageObject\",\"inLanguage\":\"en-US\",\"@id\":\"https:\/\/www.erdemyorukoglu.com\/en\/#\/schema\/person\/image\/\",\"url\":\"https:\/\/www.erdemyorukoglu.com\/wp-content\/uploads\/2018\/11\/fav-icon-1.png\",\"contentUrl\":\"https:\/\/www.erdemyorukoglu.com\/wp-content\/uploads\/2018\/11\/fav-icon-1.png\",\"width\":512,\"height\":512,\"caption\":\"Erdem Y\u00f6r\u00fcko\u011flu\"},\"logo\":{\"@id\":\"https:\/\/www.erdemyorukoglu.com\/en\/#\/schema\/person\/image\/\"}}]}<\/script>\n<!-- \/ Yoast SEO plugin. -->","yoast_head_json":{"title":"SHOULDER PAINSHOULDER PAINSHOULDER PAIN","description":"Omuz a\u011fr\u0131s\u0131n\u0131n en \u00e7ok g\u00f6r\u00fclen nedeni kaslar, tendonlar ve omuz yap\u0131s\u0131n\u0131 olu\u015fturan di\u011fer yumu\u015fak dokulardaki zedelenmelerdir. Bu durum b\u00f6lgeye al\u0131nan darbeler, ters hareketler veya omuza a\u015f\u0131r\u0131 y\u00fck bindiren egzersizler neticesinde olu\u015fur.","robots":{"index":"index","follow":"follow","max-snippet":"max-snippet:-1","max-image-preview":"max-image-preview:large","max-video-preview":"max-video-preview:-1"},"canonical":"https:\/\/www.erdemyorukoglu.com\/en\/tedaviler\/omuza-vuran-agrilar\/","og_locale":"en_US","og_type":"article","og_title":"[:tr][:tr]OMUZA VURAN A\u011eRILAR[:en]SHOULDER PAIN[:de]SCHULTERSCHMERZEN[:] - Erdem Y\u00f6r\u00fcko\u011flu \/\/ Manuel Terapi, Fizyoterapist, Ankara[:en][:tr]OMUZA VURAN A\u011eRILAR[:en]SHOULDER PAIN[:de]SCHULTERSCHMERZEN[:] - Erdem Y\u00f6r\u00fcko\u011flu \/\/ Manuel Terapi, Fizyoterapist, Ankara[:de]Erdem Y\u00f6r\u00fcko\u011flu \/\/ Manuel Terapi, Fizyoterapist, Ankara - [:tr]OMUZA VURAN A\u011eRILAR[:en]SHOULDER PAIN[:de]SCHULTERSCHMERZEN[:][:]","og_description":"Omuz a\u011fr\u0131s\u0131n\u0131n en \u00e7ok g\u00f6r\u00fclen nedeni kaslar, tendonlar ve omuz yap\u0131s\u0131n\u0131 olu\u015fturan di\u011fer yumu\u015fak dokulardaki zedelenmelerdir. Bu durum b\u00f6lgeye al\u0131nan darbeler, ters hareketler veya omuza a\u015f\u0131r\u0131 y\u00fck bindiren egzersizler neticesinde olu\u015fur.","og_url":"https:\/\/www.erdemyorukoglu.com\/en\/tedaviler\/omuza-vuran-agrilar\/","og_site_name":"Erdem Y\u00f6r\u00fcko\u011flu \/\/ Manuel Terapi, Fizyoterapist, Ankara","article_modified_time":"2025-08-16T13:59:41+00:00","og_image":[{"width":1640,"height":600,"url":"https:\/\/www.erdemyorukoglu.com\/wp-content\/uploads\/2018\/12\/omuz-2.jpg","type":"image\/jpeg"}],"twitter_card":"summary_large_image","twitter_misc":{"Est. reading time":"2 minutes"},"schema":{"@context":"https:\/\/schema.org","@graph":[{"@type":"WebPage","@id":"https:\/\/www.erdemyorukoglu.com\/tr\/tedaviler\/omuza-vuran-agrilar\/","url":"https:\/\/www.erdemyorukoglu.com\/tr\/tedaviler\/omuza-vuran-agrilar\/","name":"SHOULDER PAINSHOULDER PAINSHOULDER PAIN","isPartOf":{"@id":"https:\/\/www.erdemyorukoglu.com\/en\/#website"},"datePublished":"2018-12-08T17:39:21+00:00","dateModified":"2025-08-16T13:59:41+00:00","description":"Omuz a\u011fr\u0131s\u0131n\u0131n en \u00e7ok g\u00f6r\u00fclen nedeni kaslar, tendonlar ve omuz yap\u0131s\u0131n\u0131 olu\u015fturan di\u011fer yumu\u015fak dokulardaki zedelenmelerdir. Bu durum b\u00f6lgeye al\u0131nan darbeler, ters hareketler veya omuza a\u015f\u0131r\u0131 y\u00fck bindiren egzersizler neticesinde olu\u015fur.","breadcrumb":{"@id":"https:\/\/www.erdemyorukoglu.com\/tr\/tedaviler\/omuza-vuran-agrilar\/#breadcrumb"},"inLanguage":"en-US","potentialAction":[{"@type":"ReadAction","target":["https:\/\/www.erdemyorukoglu.com\/tr\/tedaviler\/omuza-vuran-agrilar\/"]}]},{"@type":"BreadcrumbList","@id":"https:\/\/www.erdemyorukoglu.com\/tr\/tedaviler\/omuza-vuran-agrilar\/#breadcrumb","itemListElement":[{"@type":"ListItem","position":1,"name":"MANUEL TERAP\u0130 ANKARA %%sep%% %%sitename%%","item":"https:\/\/www.erdemyorukoglu.com\/de\/"},{"@type":"ListItem","position":2,"name":"TEDAV\u0130LER","item":"https:\/\/www.erdemyorukoglu.com\/en\/tedaviler\/"},{"@type":"ListItem","position":3,"name":"OMUZA VURAN A\u011eRILAR"}]},{"@type":"WebSite","@id":"https:\/\/www.erdemyorukoglu.com\/en\/#website","url":"https:\/\/www.erdemyorukoglu.com\/en\/","name":"Erdem Y\u00f6r\u00fcko\u011flu \/\/ Manuel Terapi, Fizyoterapist, Ankara","description":"Manuel Terapi, Kayropraktik, Fizyoterapi, Bel ve Boyun F\u0131t\u0131\u011f\u0131, Lenf\u00f6dem Tedavisi, Gyrotonic, Skolyoz, Ankara","publisher":{"@id":"https:\/\/www.erdemyorukoglu.com\/en\/#\/schema\/person\/854314645f5beb1ce61d3d55971d52e1"},"potentialAction":[{"@type":"SearchAction","target":{"@type":"EntryPoint","urlTemplate":"https:\/\/www.erdemyorukoglu.com\/en\/?s={search_term_string}"},"query-input":{"@type":"PropertyValueSpecification","valueRequired":true,"valueName":"search_term_string"}}],"inLanguage":"en-US"},{"@type":["Person","Organization"],"@id":"https:\/\/www.erdemyorukoglu.com\/en\/#\/schema\/person\/854314645f5beb1ce61d3d55971d52e1","name":"Erdem Y\u00f6r\u00fcko\u011flu","image":{"@type":"ImageObject","inLanguage":"en-US","@id":"https:\/\/www.erdemyorukoglu.com\/en\/#\/schema\/person\/image\/","url":"https:\/\/www.erdemyorukoglu.com\/wp-content\/uploads\/2018\/11\/fav-icon-1.png","contentUrl":"https:\/\/www.erdemyorukoglu.com\/wp-content\/uploads\/2018\/11\/fav-icon-1.png","width":512,"height":512,"caption":"Erdem Y\u00f6r\u00fcko\u011flu"},"logo":{"@id":"https:\/\/www.erdemyorukoglu.com\/en\/#\/schema\/person\/image\/"}}]}},"_links":{"self":[{"href":"https:\/\/www.erdemyorukoglu.com\/en\/wp-json\/wp\/v2\/pages\/3038","targetHints":{"allow":["GET"]}}],"collection":[{"href":"https:\/\/www.erdemyorukoglu.com\/en\/wp-json\/wp\/v2\/pages"}],"about":[{"href":"https:\/\/www.erdemyorukoglu.com\/en\/wp-json\/wp\/v2\/types\/page"}],"author":[{"embeddable":true,"href":"https:\/\/www.erdemyorukoglu.com\/en\/wp-json\/wp\/v2\/users\/1"}],"replies":[{"embeddable":true,"href":"https:\/\/www.erdemyorukoglu.com\/en\/wp-json\/wp\/v2\/comments?post=3038"}],"version-history":[{"count":20,"href":"https:\/\/www.erdemyorukoglu.com\/en\/wp-json\/wp\/v2\/pages\/3038\/revisions"}],"predecessor-version":[{"id":3737,"href":"https:\/\/www.erdemyorukoglu.com\/en\/wp-json\/wp\/v2\/pages\/3038\/revisions\/3737"}],"up":[{"embeddable":true,"href":"https:\/\/www.erdemyorukoglu.com\/en\/wp-json\/wp\/v2\/pages\/2995"}],"wp:attachment":[{"href":"https:\/\/www.erdemyorukoglu.com\/en\/wp-json\/wp\/v2\/media?parent=3038"}],"curies":[{"name":"wp","href":"https:\/\/api.w.org\/{rel}","templated":true}]}}