{"id":3068,"date":"2018-12-15T22:58:29","date_gmt":"2018-12-15T19:58:29","guid":{"rendered":"https:\/\/www.erdemyorukoglu.com\/?page_id=3068"},"modified":"2025-08-16T17:00:07","modified_gmt":"2025-08-16T14:00:07","slug":"kronik-bas-agrisi-ve-bas-donmeleri","status":"publish","type":"page","link":"https:\/\/www.erdemyorukoglu.com\/en\/tedaviler\/kronik-bas-agrisi-ve-bas-donmeleri\/","title":{"rendered":"CHRONIC HEADACHES AND DIZZINESS"},"content":{"rendered":"<div class=\"wpb-content-wrapper\">[vc_row full_width=&#8221;stretch_row&#8221; curly_padding=&#8221;content-padding-none&#8221;][vc_column curly_padding=&#8221;content-padding&#8221;][vc_column_text]\n<h1 style=\"text-align: center;\"><strong>CHRONIC HEADACHES AND DIZZINESS<\/strong><\/h1>\n[\/vc_column_text][\/vc_column][\/vc_row][vc_row full_width=&#8221;stretch_row&#8221; equal_height=&#8221;yes&#8221; content_placement=&#8221;middle&#8221; curly_padding=&#8221;content-padding-none&#8221; css=&#8221;.vc_custom_1549831819551{border-bottom-width: 1px !important;border-bottom-color: #f4f4f4 !important;border-bottom-style: solid !important;}&#8221;][vc_column width=&#8221;1\/2&#8243; curly_padding=&#8221;content-padding-xs&#8221;][vc_single_image image=&#8221;3069&#8243; img_size=&#8221;large&#8221; css=&#8221;.vc_custom_1544902972091{margin-bottom: 0px !important;}&#8221; el_class=&#8221;img-frame-large&#8221;][\/vc_column][vc_column width=&#8221;1\/2&#8243; curly_bg_position=&#8221;bg-pos-center-center&#8221;][vc_column_text curly_padding_side=&#8221;content-side-padding-xxl&#8221;]The International Headache Society classified headaches as 14 main groups and hundreds of subgroups. Headaches which are directly related to headache syptoms and have no relationship with another disease are primary headaches. These are migraine, tension type and cluster headaches. Secondary headaches are seen in 10% of the cases, due to a certain disease, brain vascular diseases, nervous system diseases, brain tumors, eye diseases, sinusitis, meningitis, such as the emergence of diseases during the headaches.[\/vc_column_text][\/vc_column][\/vc_row][vc_row full_width=&#8221;stretch_row&#8221; equal_height=&#8221;yes&#8221; content_placement=&#8221;top&#8221; curly_padding=&#8221;content-padding-none&#8221; css=&#8221;.vc_custom_1549831801713{border-bottom-width: 1px !important;border-bottom-color: #f4f4f4 !important;border-bottom-style: solid !important;}&#8221;][vc_column width=&#8221;1\/2&#8243; curly_bg_position=&#8221;bg-pos-center-top&#8221;][vc_column_text curly_padding_side=&#8221;content-side-padding-xxl&#8221;]\n<h3>What are the features of migraine?<\/h3>\n<ul>\n<li>In general, pain is on one side of the head.<\/li>\n<li>Pain is throbbing, moderate or severe.<\/li>\n<li>Nausea, vomiting.<\/li>\n<li>It comes as a crisis.<\/li>\n<li>Pain lasts from 4 to 72 hours.<\/li>\n<li>There are visual disturbances at the onset of pain (in type aura).<\/li>\n<li>Pain increases with head movements and physical activity.<\/li>\n<li>Being disturbed by light and sound.<\/li>\n<\/ul>\n[\/vc_column_text][vc_column_text curly_padding_side=&#8221;content-side-padding-xxl&#8221;]\n<h3><strong>What are the factors that trigger migraine?<\/strong><\/h3>\n<ul>\n<li>Changes in height<\/li>\n<li>Air pollution, cigarette smoke<\/li>\n<li>Bright light or flickering light<\/li>\n<li>High and continuous noise<\/li>\n<li>Perfume odor, strong odors and chemicals<\/li>\n<li>Weather changes (pressure, temperature and humidity change, lodos)<\/li>\n<li>Seasonal changes (autumn and spring worst times)<\/li>\n<li>Hunger, skipping meals<\/li>\n<li>Many or less sleep, disturbances in sleep patterns<\/li>\n<li>Air travel<\/li>\n<li>Birth control pills<\/li>\n<li>Hormonal changes in women (menstrual period)<\/li>\n<li>Some foods and beverages (chocolate, nuts, red wine, etc.)<\/li>\n<li>Many nutrients are responsible for triggering migraine. * However, each patient may have different migraine headaches. The important thing is to find and discover the substance that triggers the pain of the person.<\/li>\n<\/ul>\n[\/vc_column_text][vc_column_text curly_padding_side=&#8221;content-side-padding-xxl&#8221;]\n<h3><strong>Gerilim tipi ba\u015f a\u011fr\u0131s\u0131n\u0131 migrenden nas\u0131l ay\u0131rt edebiliriz?<\/strong><\/h3>\n<ul>\n<li>Gerilim tipi ba\u015f a\u011fr\u0131s\u0131 \u00e7okluk stresten kaynaklan\u0131r<\/li>\n<li>T\u00fcm ba\u015f\u0131 tutar, tepede etkilidir. Ba\u015f\u0131n arkas\u0131ndan \u00f6ne yay\u0131lma g\u00f6sterir<\/li>\n<li>\u00c7ok nadir tek tarafl\u0131 olabilir<\/li>\n<li>Bulant\u0131 olabilir ama kusma g\u00f6r\u00fclmez<\/li>\n<li>Bir hafta &#8211; 15 g\u00fcn a\u011fr\u0131yla (hafif) ge\u00e7er<\/li>\n<li>A\u011fr\u0131 kriz \u015feklinde olmaz<\/li>\n<li>A\u011fr\u0131 ba\u015flamadan \u00f6nce g\u00f6rme bozukluklar\u0131 olmaz<\/li>\n<li>Hareket etme a\u011fr\u0131y\u0131 art\u0131rma<\/li>\n<\/ul>\n[\/vc_column_text][\/vc_column][vc_column width=&#8221;1\/2&#8243; curly_bg_position=&#8221;bg-pos-center-top&#8221;][vc_column_text curly_padding_side=&#8221;content-side-padding-xxl&#8221;]\n<h3><strong>What should be the treatment in migraine?<\/strong><\/h3>\n<p>The goal of the treatment is to reduce the triggering factors, to reduce the sensitivity in the nervous system and to suppress the events around the vein and vessel. Basic treatment is divided into two types as preventive and attack treatment. If the patient&#8217;s pain is seen twice a month, treatment is recommended only during the attack.[\/vc_column_text][vc_column_text curly_padding_side=&#8221;content-side-padding-xxl&#8221;]\n<h3><strong>How is the treatment of the attack done?<\/strong><\/h3>\n<p>Pain relief, non-steroidal anti-inflammatory drugs, ergotamine drugs and triptans are used in the treatment of pain. \u0130f pain relievers and ergotamin drugs are used frequently they make continuous pain and can lead to more serious side effects.<\/p>\n<p>Anti-emetic group drugs are given for nausea and vomiting during attack. Painkillers should be taken at the beginning of the attack. In order to accelerate the absorption, anti-nausea medication should be taken before the painkiller.[\/vc_column_text][vc_column_text curly_padding_side=&#8221;content-side-padding-xxl&#8221;]\n<h3><strong>How is preventive treatment done?<\/strong><\/h3>\n<p>If the number of attacks exceeds four in a month, then it is necessary to use drugs to prevent migraine attacks, not only during attack. It does not apply if the person has a migraine attack once a month or every 6 months. In preventive treatment, drugs are taken every day. Heart drugs, depression medications, epilepsy drugs are used for this purpose. Painkillers should not be taken every day.[\/vc_column_text][vc_column_text curly_padding_side=&#8221;content-side-padding-xxl&#8221;]\n<h3><strong>Are there any treatment alternatives other than medication?<\/strong><\/h3>\n<p>Biofeedback in tension-type headache (back transmission &#8211; relaxation training), acupuncture in migraine, tissue massage in chronic pains, riboflavin, magnesium, &#8216;fever few&#8217; plant as alternative treatments.[\/vc_column_text][\/vc_column][\/vc_row]\n<\/div>","protected":false},"excerpt":{"rendered":"<p>[vc_row full_width=&#8221;stretch_row&#8221; curly_padding=&#8221;content-padding-none&#8221;][vc_column curly_padding=&#8221;content-padding&#8221;][vc_column_text] CHRONIC HEADACHES AND DIZZINESS [\/vc_column_text][\/vc_column][\/vc_row][vc_row full_width=&#8221;stretch_row&#8221; equal_height=&#8221;yes&#8221; content_placement=&#8221;middle&#8221; curly_padding=&#8221;content-padding-none&#8221; css=&#8221;.vc_custom_1549831819551{border-bottom-width: 1px !important;border-bottom-color: #f4f4f4 !important;border-bottom-style: solid !important;}&#8221;][vc_column width=&#8221;1\/2&#8243; curly_padding=&#8221;content-padding-xs&#8221;][vc_single_image image=&#8221;3069&#8243; img_size=&#8221;large&#8221; css=&#8221;.vc_custom_1544902972091{margin-bottom: 0px !important;}&#8221; el_class=&#8221;img-frame-large&#8221;][\/vc_column][vc_column width=&#8221;1\/2&#8243; curly_bg_position=&#8221;bg-pos-center-center&#8221;][vc_column_text curly_padding_side=&#8221;content-side-padding-xxl&#8221;]The International Headache Society classified headaches as 14 main groups and hundreds of subgroups. Headaches which are directly related to headache syptoms and have no relationship with another disease are [&hellip;]<\/p>\n","protected":false},"author":1,"featured_media":0,"parent":2995,"menu_order":0,"comment_status":"closed","ping_status":"closed","template":"","meta":{"inline_featured_image":false,"footnotes":""},"class_list":["post-3068","page","type-page","status-publish","hentry"],"yoast_head":"<!-- This site is optimized with the Yoast SEO plugin v25.7 - https:\/\/yoast.com\/wordpress\/plugins\/seo\/ -->\n<title>CHRONIC HEADACHES AND DIZZINESSCHRONIC HEADACHES AND DIZZINESSCHRONIC HEADACHES AND DIZZINESS<\/title>\n<meta name=\"description\" content=\"KRON\u0130K BA\u015e A\u011eRISI ve BA\u015e D\u00d6NMELER\u0130\" \/>\n<meta name=\"robots\" content=\"index, follow, max-snippet:-1, max-image-preview:large, max-video-preview:-1\" \/>\n<link rel=\"canonical\" href=\"https:\/\/www.erdemyorukoglu.com\/en\/tedaviler\/kronik-bas-agrisi-ve-bas-donmeleri\/\" \/>\n<meta property=\"og:locale\" content=\"en_US\" \/>\n<meta property=\"og:locale:alternate\" content=\"tr_TR\" \/>\n<meta property=\"og:locale:alternate\" content=\"De_GR\" \/>\n<meta property=\"og:type\" content=\"article\" \/>\n<meta property=\"og:title\" content=\"CHRONIC HEADACHES AND DIZZINESSCHRONIC HEADACHES AND DIZZINESSCHRONIC HEADACHES AND DIZZINESS\" \/>\n<meta property=\"og:description\" content=\"KRON\u0130K BA\u015e A\u011eRISI ve BA\u015e D\u00d6NMELER\u0130\" \/>\n<meta property=\"og:url\" content=\"https:\/\/www.erdemyorukoglu.com\/en\/tedaviler\/kronik-bas-agrisi-ve-bas-donmeleri\/\" \/>\n<meta property=\"og:site_name\" content=\"Erdem Y\u00f6r\u00fcko\u011flu \/\/ Manuel Terapi, Fizyoterapist, Ankara\" \/>\n<meta property=\"article:modified_time\" content=\"2025-08-16T14:00:07+00:00\" \/>\n<meta property=\"og:image\" content=\"https:\/\/www.erdemyorukoglu.com\/wp-content\/uploads\/2018\/12\/migren.jpg\" \/>\n\t<meta property=\"og:image:width\" content=\"1200\" \/>\n\t<meta property=\"og:image:height\" content=\"800\" \/>\n\t<meta property=\"og:image:type\" content=\"image\/jpeg\" \/>\n<meta name=\"twitter:card\" content=\"summary_large_image\" \/>\n<meta name=\"twitter:label1\" content=\"Est. reading time\" \/>\n\t<meta name=\"twitter:data1\" content=\"4 minutes\" \/>\n<script type=\"application\/ld+json\" class=\"yoast-schema-graph\">{\"@context\":\"https:\/\/schema.org\",\"@graph\":[{\"@type\":\"WebPage\",\"@id\":\"https:\/\/www.erdemyorukoglu.com\/tr\/tedaviler\/kronik-bas-agrisi-ve-bas-donmeleri\/\",\"url\":\"https:\/\/www.erdemyorukoglu.com\/tr\/tedaviler\/kronik-bas-agrisi-ve-bas-donmeleri\/\",\"name\":\"CHRONIC HEADACHES AND DIZZINESSCHRONIC HEADACHES AND DIZZINESSCHRONIC HEADACHES AND DIZZINESS\",\"isPartOf\":{\"@id\":\"https:\/\/www.erdemyorukoglu.com\/en\/#website\"},\"datePublished\":\"2018-12-15T19:58:29+00:00\",\"dateModified\":\"2025-08-16T14:00:07+00:00\",\"description\":\"KRON\u0130K BA\u015e A\u011eRISI ve BA\u015e D\u00d6NMELER\u0130\",\"breadcrumb\":{\"@id\":\"https:\/\/www.erdemyorukoglu.com\/tr\/tedaviler\/kronik-bas-agrisi-ve-bas-donmeleri\/#breadcrumb\"},\"inLanguage\":\"en-US\",\"potentialAction\":[{\"@type\":\"ReadAction\",\"target\":[\"https:\/\/www.erdemyorukoglu.com\/tr\/tedaviler\/kronik-bas-agrisi-ve-bas-donmeleri\/\"]}]},{\"@type\":\"BreadcrumbList\",\"@id\":\"https:\/\/www.erdemyorukoglu.com\/tr\/tedaviler\/kronik-bas-agrisi-ve-bas-donmeleri\/#breadcrumb\",\"itemListElement\":[{\"@type\":\"ListItem\",\"position\":1,\"name\":\"MANUEL TERAP\u0130 ANKARA %%sep%% %%sitename%%\",\"item\":\"https:\/\/www.erdemyorukoglu.com\/de\/\"},{\"@type\":\"ListItem\",\"position\":2,\"name\":\"TEDAV\u0130LER\",\"item\":\"https:\/\/www.erdemyorukoglu.com\/en\/tedaviler\/\"},{\"@type\":\"ListItem\",\"position\":3,\"name\":\"KRON\u0130K BA\u015e A\u011eRISI ve BA\u015e D\u00d6NMELER\u0130\"}]},{\"@type\":\"WebSite\",\"@id\":\"https:\/\/www.erdemyorukoglu.com\/en\/#website\",\"url\":\"https:\/\/www.erdemyorukoglu.com\/en\/\",\"name\":\"Erdem Y\u00f6r\u00fcko\u011flu \/\/ Manuel Terapi, Fizyoterapist, Ankara\",\"description\":\"Manuel Terapi, Kayropraktik, Fizyoterapi, Bel ve Boyun F\u0131t\u0131\u011f\u0131, Lenf\u00f6dem Tedavisi, Gyrotonic, Skolyoz, Ankara\",\"publisher\":{\"@id\":\"https:\/\/www.erdemyorukoglu.com\/en\/#\/schema\/person\/854314645f5beb1ce61d3d55971d52e1\"},\"potentialAction\":[{\"@type\":\"SearchAction\",\"target\":{\"@type\":\"EntryPoint\",\"urlTemplate\":\"https:\/\/www.erdemyorukoglu.com\/en\/?s={search_term_string}\"},\"query-input\":{\"@type\":\"PropertyValueSpecification\",\"valueRequired\":true,\"valueName\":\"search_term_string\"}}],\"inLanguage\":\"en-US\"},{\"@type\":[\"Person\",\"Organization\"],\"@id\":\"https:\/\/www.erdemyorukoglu.com\/en\/#\/schema\/person\/854314645f5beb1ce61d3d55971d52e1\",\"name\":\"Erdem Y\u00f6r\u00fcko\u011flu\",\"image\":{\"@type\":\"ImageObject\",\"inLanguage\":\"en-US\",\"@id\":\"https:\/\/www.erdemyorukoglu.com\/en\/#\/schema\/person\/image\/\",\"url\":\"https:\/\/www.erdemyorukoglu.com\/wp-content\/uploads\/2018\/11\/fav-icon-1.png\",\"contentUrl\":\"https:\/\/www.erdemyorukoglu.com\/wp-content\/uploads\/2018\/11\/fav-icon-1.png\",\"width\":512,\"height\":512,\"caption\":\"Erdem Y\u00f6r\u00fcko\u011flu\"},\"logo\":{\"@id\":\"https:\/\/www.erdemyorukoglu.com\/en\/#\/schema\/person\/image\/\"}}]}<\/script>\n<!-- \/ Yoast SEO plugin. -->","yoast_head_json":{"title":"CHRONIC HEADACHES AND DIZZINESSCHRONIC HEADACHES AND DIZZINESSCHRONIC HEADACHES AND DIZZINESS","description":"KRON\u0130K BA\u015e A\u011eRISI ve BA\u015e D\u00d6NMELER\u0130","robots":{"index":"index","follow":"follow","max-snippet":"max-snippet:-1","max-image-preview":"max-image-preview:large","max-video-preview":"max-video-preview:-1"},"canonical":"https:\/\/www.erdemyorukoglu.com\/en\/tedaviler\/kronik-bas-agrisi-ve-bas-donmeleri\/","og_locale":"en_US","og_type":"article","og_title":"[:tr][:tr]KRON\u0130K BA\u015e A\u011eRISI ve BA\u015e D\u00d6NMELER\u0130[:en]CHRONIC HEADACHES AND DIZZINESS[:de]CHRON\u0130SCHE KOPFSCHL\u00c4GE UND SCHW\u0130NDEL[:] - Erdem Y\u00f6r\u00fcko\u011flu \/\/ Manuel Terapi, Fizyoterapist, Ankara[:en][:tr]KRON\u0130K BA\u015e A\u011eRISI ve BA\u015e D\u00d6NMELER\u0130[:en]CHRONIC HEADACHES AND DIZZINESS[:de]CHRON\u0130SCHE KOPFSCHL\u00c4GE UND SCHW\u0130NDEL[:] - Erdem Y\u00f6r\u00fcko\u011flu \/\/ Manuel Terapi, Fizyoterapist, Ankara[:de]Erdem Y\u00f6r\u00fcko\u011flu \/\/ Manuel Terapi, Fizyoterapist, Ankara - [:tr]KRON\u0130K BA\u015e A\u011eRISI ve BA\u015e D\u00d6NMELER\u0130[:en]CHRONIC HEADACHES AND DIZZINESS[:de]CHRON\u0130SCHE KOPFSCHL\u00c4GE UND SCHW\u0130NDEL[:][:]","og_description":"[:tr]KRON\u0130K BA\u015e A\u011eRISI ve BA\u015e D\u00d6NMELER\u0130[:]","og_url":"https:\/\/www.erdemyorukoglu.com\/en\/tedaviler\/kronik-bas-agrisi-ve-bas-donmeleri\/","og_site_name":"Erdem Y\u00f6r\u00fcko\u011flu \/\/ Manuel Terapi, Fizyoterapist, Ankara","article_modified_time":"2025-08-16T14:00:07+00:00","og_image":[{"width":1200,"height":800,"url":"https:\/\/www.erdemyorukoglu.com\/wp-content\/uploads\/2018\/12\/migren.jpg","type":"image\/jpeg"}],"twitter_card":"summary_large_image","twitter_misc":{"Est. reading time":"4 minutes"},"schema":{"@context":"https:\/\/schema.org","@graph":[{"@type":"WebPage","@id":"https:\/\/www.erdemyorukoglu.com\/tr\/tedaviler\/kronik-bas-agrisi-ve-bas-donmeleri\/","url":"https:\/\/www.erdemyorukoglu.com\/tr\/tedaviler\/kronik-bas-agrisi-ve-bas-donmeleri\/","name":"CHRONIC HEADACHES AND DIZZINESSCHRONIC HEADACHES AND DIZZINESSCHRONIC HEADACHES AND DIZZINESS","isPartOf":{"@id":"https:\/\/www.erdemyorukoglu.com\/en\/#website"},"datePublished":"2018-12-15T19:58:29+00:00","dateModified":"2025-08-16T14:00:07+00:00","description":"KRON\u0130K BA\u015e A\u011eRISI ve BA\u015e D\u00d6NMELER\u0130","breadcrumb":{"@id":"https:\/\/www.erdemyorukoglu.com\/tr\/tedaviler\/kronik-bas-agrisi-ve-bas-donmeleri\/#breadcrumb"},"inLanguage":"en-US","potentialAction":[{"@type":"ReadAction","target":["https:\/\/www.erdemyorukoglu.com\/tr\/tedaviler\/kronik-bas-agrisi-ve-bas-donmeleri\/"]}]},{"@type":"BreadcrumbList","@id":"https:\/\/www.erdemyorukoglu.com\/tr\/tedaviler\/kronik-bas-agrisi-ve-bas-donmeleri\/#breadcrumb","itemListElement":[{"@type":"ListItem","position":1,"name":"MANUEL TERAP\u0130 ANKARA %%sep%% %%sitename%%","item":"https:\/\/www.erdemyorukoglu.com\/de\/"},{"@type":"ListItem","position":2,"name":"TEDAV\u0130LER","item":"https:\/\/www.erdemyorukoglu.com\/en\/tedaviler\/"},{"@type":"ListItem","position":3,"name":"KRON\u0130K BA\u015e A\u011eRISI ve BA\u015e D\u00d6NMELER\u0130"}]},{"@type":"WebSite","@id":"https:\/\/www.erdemyorukoglu.com\/en\/#website","url":"https:\/\/www.erdemyorukoglu.com\/en\/","name":"Erdem Y\u00f6r\u00fcko\u011flu \/\/ Manuel Terapi, Fizyoterapist, Ankara","description":"Manuel Terapi, Kayropraktik, Fizyoterapi, Bel ve Boyun F\u0131t\u0131\u011f\u0131, Lenf\u00f6dem Tedavisi, Gyrotonic, Skolyoz, Ankara","publisher":{"@id":"https:\/\/www.erdemyorukoglu.com\/en\/#\/schema\/person\/854314645f5beb1ce61d3d55971d52e1"},"potentialAction":[{"@type":"SearchAction","target":{"@type":"EntryPoint","urlTemplate":"https:\/\/www.erdemyorukoglu.com\/en\/?s={search_term_string}"},"query-input":{"@type":"PropertyValueSpecification","valueRequired":true,"valueName":"search_term_string"}}],"inLanguage":"en-US"},{"@type":["Person","Organization"],"@id":"https:\/\/www.erdemyorukoglu.com\/en\/#\/schema\/person\/854314645f5beb1ce61d3d55971d52e1","name":"Erdem Y\u00f6r\u00fcko\u011flu","image":{"@type":"ImageObject","inLanguage":"en-US","@id":"https:\/\/www.erdemyorukoglu.com\/en\/#\/schema\/person\/image\/","url":"https:\/\/www.erdemyorukoglu.com\/wp-content\/uploads\/2018\/11\/fav-icon-1.png","contentUrl":"https:\/\/www.erdemyorukoglu.com\/wp-content\/uploads\/2018\/11\/fav-icon-1.png","width":512,"height":512,"caption":"Erdem Y\u00f6r\u00fcko\u011flu"},"logo":{"@id":"https:\/\/www.erdemyorukoglu.com\/en\/#\/schema\/person\/image\/"}}]}},"_links":{"self":[{"href":"https:\/\/www.erdemyorukoglu.com\/en\/wp-json\/wp\/v2\/pages\/3068","targetHints":{"allow":["GET"]}}],"collection":[{"href":"https:\/\/www.erdemyorukoglu.com\/en\/wp-json\/wp\/v2\/pages"}],"about":[{"href":"https:\/\/www.erdemyorukoglu.com\/en\/wp-json\/wp\/v2\/types\/page"}],"author":[{"embeddable":true,"href":"https:\/\/www.erdemyorukoglu.com\/en\/wp-json\/wp\/v2\/users\/1"}],"replies":[{"embeddable":true,"href":"https:\/\/www.erdemyorukoglu.com\/en\/wp-json\/wp\/v2\/comments?post=3068"}],"version-history":[{"count":11,"href":"https:\/\/www.erdemyorukoglu.com\/en\/wp-json\/wp\/v2\/pages\/3068\/revisions"}],"predecessor-version":[{"id":3736,"href":"https:\/\/www.erdemyorukoglu.com\/en\/wp-json\/wp\/v2\/pages\/3068\/revisions\/3736"}],"up":[{"embeddable":true,"href":"https:\/\/www.erdemyorukoglu.com\/en\/wp-json\/wp\/v2\/pages\/2995"}],"wp:attachment":[{"href":"https:\/\/www.erdemyorukoglu.com\/en\/wp-json\/wp\/v2\/media?parent=3068"}],"curies":[{"name":"wp","href":"https:\/\/api.w.org\/{rel}","templated":true}]}}