{"id":3082,"date":"2018-12-15T23:38:15","date_gmt":"2018-12-15T20:38:15","guid":{"rendered":"https:\/\/www.erdemyorukoglu.com\/?page_id=3082"},"modified":"2025-08-16T16:45:32","modified_gmt":"2025-08-16T13:45:32","slug":"bel-agrisi","status":"publish","type":"page","link":"https:\/\/www.erdemyorukoglu.com\/en\/tedaviler\/bel-agrisi\/","title":{"rendered":"BACK PAIN"},"content":{"rendered":"<div class=\"wpb-content-wrapper\">[vc_row full_width=&#8221;stretch_row_content&#8221; equal_height=&#8221;yes&#8221; content_placement=&#8221;middle&#8221; curly_padding=&#8221;content-padding-none&#8221; css=&#8221;.vc_custom_1549811934890{border-bottom-width: 1px !important;border-bottom-color: #f4f4f4 !important;border-bottom-style: solid !important;}&#8221;][vc_column curly_padding=&#8221;content-padding-none&#8221;][vc_column_text]\n<h1 style=\"text-align: center;\">BACK PAIN<\/h1>\n[\/vc_column_text][\/vc_column][\/vc_row][vc_row full_width=&#8221;stretch_row&#8221; equal_height=&#8221;yes&#8221; css=&#8221;.vc_custom_1550434420722{border-bottom-width: 1px !important;border-bottom-color: #f4f4f4 !important;border-bottom-style: solid !important;}&#8221;][vc_column width=&#8221;1\/2&#8243;][vc_single_image image=&#8221;3083&#8243; img_size=&#8221;large&#8221; alignment=&#8221;center&#8221; css=&#8221;.vc_custom_1544905764308{margin-bottom: 0px !important;}&#8221; el_class=&#8221;img-frame-large&#8221;][vc_empty_space][vc_column_text curly_padding_side=&#8221;content-side-padding-xxl&#8221;]<strong>We can explain the low back pain as waist strain and posture disorders causing\u00a0 damage at waist muscles, ligaments and joints.<\/strong><\/p>\n<p>Low back pain should be considered as the most common type of pain after headache in the world as well as pointing to the health problems as important as the person upset his \/ her work and social life.<\/p>\n<p>Does your back hurt? Does the\u00a0 pain relieve after rest? Or is it aggravated by the slightest movement and your back is locked.\u2019\u2019Lumbar Hernia\u2019\u2019 comes to mind when it comes to low back pain but the second most common pain in the world after headaches can be caused by other causes.<\/p>\n<p>We can explain the low back pain as waist strain and posture disorders causing\u00a0 damage at waist muscles, ligaments and joints. Lumbar pain is exacerbated by physical activity and relieving with rest is considered as one of the most common symptoms. The intensity of low back pain may increase with daily activities such as bending forward, standing for a long time and walking. Low back pain is one of the most important health problems affecting 75-85% of the population in any period of their lives.[\/vc_column_text][vc_column_text curly_padding_side=&#8221;content-side-padding-xxl&#8221;]<strong>Causes of Low Back Pain?<\/strong><\/p>\n<p>There may be many causes of low back pain. Tuberculosis, diseases such as brucellosis, osteoporosis; calcification, spreading elsewhere, or cancers caused by the backbone itself, is one of the major diseases that cause low back pain. One of the reasons for low back pain is the spread of organ disorders such as stomach, liver and kidney to the waist. Some causes of back pain are psychological and should be investigated extensively.[\/vc_column_text][\/vc_column][vc_column width=&#8221;1\/2&#8243; curly_bg_position=&#8221;bg-pos-center-center&#8221;][vc_single_image image=&#8221;3106&#8243; img_size=&#8221;large&#8221; alignment=&#8221;center&#8221; css=&#8221;.vc_custom_1546690575585{margin-bottom: 0px !important;}&#8221; el_class=&#8221;img-frame-large&#8221;][vc_empty_space][vc_column_text curly_padding_side=&#8221;content-side-padding-xxl&#8221;]<strong>Who Has Low Back Pain?<\/strong><\/p>\n<p>Low back pain, most commonly seen in the 35-45 years of age, occurs equally in men and women. The incidence of low back pain is increasing in women over 60 years of age. Excessive weight gain, pregnancy, long standing situations, high heeled shoes for a long time and the difference in length in both legs, can be counted as the causes of low back pain. The occupations that cause low back pain are the long-distance drivers, those who use the vibrating earth auger machine, the heavy-weight lifters, the long-term stool and the occupational group workers who require sitting in the chair.[\/vc_column_text][vc_column_text curly_padding_side=&#8221;content-side-padding-xxl&#8221;]<strong>The cause of low back pain should be determined. The reasons for typical back pain can be listed as follows;<\/strong><\/p>\n<ul>\n<li>Congenital anomalies<\/li>\n<li>Traumatic causes (spinal fractures or shifts)<\/li>\n<li>Waist strain, postural disorders, lumbar hernia<\/li>\n<li>Lumbar pain due to calcification of the lumbar spine<\/li>\n<li>Diseases of the lumbar spine, such as tuberculosis and brucellosis<\/li>\n<li>Osteoporosis, bone softening<\/li>\n<li>cancers (spreading from somewhere else or caused by the spine itself)<\/li>\n<li>Lumbar pain due to the spread of organ disorders such as stomach, liver and kidney to the lumbar region<\/li>\n<li>Psychogenic back pain<\/li>\n<li>Unsuccessful lumbar surgery (severe waist or leg pain occurring after failed lumbar surgery).<\/li>\n<\/ul>\n[\/vc_column_text][\/vc_column][\/vc_row]\n<\/div>","protected":false},"excerpt":{"rendered":"<p>[vc_row full_width=&#8221;stretch_row_content&#8221; equal_height=&#8221;yes&#8221; content_placement=&#8221;middle&#8221; curly_padding=&#8221;content-padding-none&#8221; css=&#8221;.vc_custom_1549811934890{border-bottom-width: 1px !important;border-bottom-color: #f4f4f4 !important;border-bottom-style: solid !important;}&#8221;][vc_column curly_padding=&#8221;content-padding-none&#8221;][vc_column_text] BACK PAIN [\/vc_column_text][\/vc_column][\/vc_row][vc_row full_width=&#8221;stretch_row&#8221; equal_height=&#8221;yes&#8221; css=&#8221;.vc_custom_1550434420722{border-bottom-width: 1px !important;border-bottom-color: #f4f4f4 !important;border-bottom-style: solid !important;}&#8221;][vc_column width=&#8221;1\/2&#8243;][vc_single_image image=&#8221;3083&#8243; img_size=&#8221;large&#8221; alignment=&#8221;center&#8221; css=&#8221;.vc_custom_1544905764308{margin-bottom: 0px !important;}&#8221; el_class=&#8221;img-frame-large&#8221;][vc_empty_space][vc_column_text curly_padding_side=&#8221;content-side-padding-xxl&#8221;]We can explain the low back pain as waist strain and posture disorders causing\u00a0 damage at waist muscles, ligaments and joints. Low back pain should be considered [&hellip;]<\/p>\n","protected":false},"author":1,"featured_media":0,"parent":2995,"menu_order":0,"comment_status":"closed","ping_status":"closed","template":"","meta":{"inline_featured_image":false,"footnotes":""},"class_list":["post-3082","page","type-page","status-publish","hentry"],"yoast_head":"<!-- This site is optimized with the Yoast SEO plugin v25.7 - https:\/\/yoast.com\/wordpress\/plugins\/seo\/ -->\n<title>BACK PAIN<\/title>\n<meta name=\"description\" content=\"Bel a\u011fr\u0131;, bel zorlanmas\u0131 ve duru\u015f bozukluklar\u0131; bel kaslar\u0131na, ba\u011flar\u0131na ve eklemlerine hasar vermesi sonucu a\u011fr\u0131ya yol a\u00e7ar. Bel a\u011fr\u0131s\u0131, d\u00fcnyada ba\u015f a\u011fr\u0131s\u0131ndan sonra en s\u0131k g\u00f6r\u00fclen a\u011fr\u0131 tipi olarak ki\u015finin i\u015f ve sosyal ya\u015fam\u0131n\u0131 alt\u00fcst etti\u011fi kadar \u00f6nemli sa\u011fl\u0131k sorunlar\u0131na i\u015faret etmesi bak\u0131m\u0131ndan da \u00f6nemsenmelidir.\" \/>\n<meta name=\"robots\" content=\"index, follow, max-snippet:-1, max-image-preview:large, max-video-preview:-1\" \/>\n<link rel=\"canonical\" href=\"https:\/\/www.erdemyorukoglu.com\/en\/tedaviler\/bel-agrisi\/\" \/>\n<meta property=\"og:locale\" content=\"en_US\" \/>\n<meta property=\"og:locale:alternate\" content=\"tr_TR\" \/>\n<meta property=\"og:locale:alternate\" content=\"De_GR\" \/>\n<meta property=\"og:type\" content=\"article\" \/>\n<meta property=\"og:title\" content=\"BACK PAIN\" \/>\n<meta property=\"og:description\" content=\"Bel a\u011fr\u0131;, bel zorlanmas\u0131 ve duru\u015f bozukluklar\u0131; bel kaslar\u0131na, ba\u011flar\u0131na ve eklemlerine hasar vermesi sonucu a\u011fr\u0131ya yol a\u00e7ar. Bel a\u011fr\u0131s\u0131, d\u00fcnyada ba\u015f a\u011fr\u0131s\u0131ndan sonra en s\u0131k g\u00f6r\u00fclen a\u011fr\u0131 tipi olarak ki\u015finin i\u015f ve sosyal ya\u015fam\u0131n\u0131 alt\u00fcst etti\u011fi kadar \u00f6nemli sa\u011fl\u0131k sorunlar\u0131na i\u015faret etmesi bak\u0131m\u0131ndan da \u00f6nemsenmelidir.\" \/>\n<meta property=\"og:url\" content=\"https:\/\/www.erdemyorukoglu.com\/en\/tedaviler\/bel-agrisi\/\" \/>\n<meta property=\"og:site_name\" content=\"Erdem Y\u00f6r\u00fcko\u011flu \/\/ Manuel Terapi, Fizyoterapist, Ankara\" \/>\n<meta property=\"article:modified_time\" content=\"2025-08-16T13:45:32+00:00\" \/>\n<meta property=\"og:image\" content=\"https:\/\/www.erdemyorukoglu.com\/wp-content\/uploads\/2018\/12\/shutterstock_105334769.jpg\" \/>\n\t<meta property=\"og:image:width\" content=\"1000\" \/>\n\t<meta property=\"og:image:height\" content=\"667\" \/>\n\t<meta property=\"og:image:type\" content=\"image\/jpeg\" \/>\n<meta name=\"twitter:card\" content=\"summary_large_image\" \/>\n<meta name=\"twitter:label1\" content=\"Est. reading time\" \/>\n\t<meta name=\"twitter:data1\" content=\"10 minutes\" \/>\n<script type=\"application\/ld+json\" class=\"yoast-schema-graph\">{\"@context\":\"https:\/\/schema.org\",\"@graph\":[{\"@type\":\"WebPage\",\"@id\":\"https:\/\/www.erdemyorukoglu.com\/en\/tedaviler\/bel-agrisi\/\",\"url\":\"https:\/\/www.erdemyorukoglu.com\/en\/tedaviler\/bel-agrisi\/\",\"name\":\"BACK PAIN\",\"isPartOf\":{\"@id\":\"https:\/\/www.erdemyorukoglu.com\/en\/#website\"},\"datePublished\":\"2018-12-15T20:38:15+00:00\",\"dateModified\":\"2025-08-16T13:45:32+00:00\",\"description\":\"Bel a\u011fr\u0131;, bel zorlanmas\u0131 ve duru\u015f bozukluklar\u0131; bel kaslar\u0131na, ba\u011flar\u0131na ve eklemlerine hasar vermesi sonucu a\u011fr\u0131ya yol a\u00e7ar. Bel a\u011fr\u0131s\u0131, d\u00fcnyada ba\u015f a\u011fr\u0131s\u0131ndan sonra en s\u0131k g\u00f6r\u00fclen a\u011fr\u0131 tipi olarak ki\u015finin i\u015f ve sosyal ya\u015fam\u0131n\u0131 alt\u00fcst etti\u011fi kadar \u00f6nemli sa\u011fl\u0131k sorunlar\u0131na i\u015faret etmesi bak\u0131m\u0131ndan da \u00f6nemsenmelidir.\",\"breadcrumb\":{\"@id\":\"https:\/\/www.erdemyorukoglu.com\/en\/tedaviler\/bel-agrisi\/#breadcrumb\"},\"inLanguage\":\"en-US\",\"potentialAction\":[{\"@type\":\"ReadAction\",\"target\":[\"https:\/\/www.erdemyorukoglu.com\/en\/tedaviler\/bel-agrisi\/\"]}]},{\"@type\":\"BreadcrumbList\",\"@id\":\"https:\/\/www.erdemyorukoglu.com\/en\/tedaviler\/bel-agrisi\/#breadcrumb\",\"itemListElement\":[{\"@type\":\"ListItem\",\"position\":1,\"name\":\"MANUEL TERAP\u0130 ANKARA %%sep%% %%sitename%%\",\"item\":\"https:\/\/www.erdemyorukoglu.com\/de\/\"},{\"@type\":\"ListItem\",\"position\":2,\"name\":\"TEDAV\u0130LER\",\"item\":\"https:\/\/www.erdemyorukoglu.com\/en\/tedaviler\/\"},{\"@type\":\"ListItem\",\"position\":3,\"name\":\"BACK PAIN\"}]},{\"@type\":\"WebSite\",\"@id\":\"https:\/\/www.erdemyorukoglu.com\/en\/#website\",\"url\":\"https:\/\/www.erdemyorukoglu.com\/en\/\",\"name\":\"Erdem Y\u00f6r\u00fcko\u011flu \/\/ Manuel Terapi, Fizyoterapist, Ankara\",\"description\":\"Manuel Terapi, Kayropraktik, Fizyoterapi, Bel ve Boyun F\u0131t\u0131\u011f\u0131, Lenf\u00f6dem Tedavisi, Gyrotonic, Skolyoz, Ankara\",\"publisher\":{\"@id\":\"https:\/\/www.erdemyorukoglu.com\/en\/#\/schema\/person\/854314645f5beb1ce61d3d55971d52e1\"},\"potentialAction\":[{\"@type\":\"SearchAction\",\"target\":{\"@type\":\"EntryPoint\",\"urlTemplate\":\"https:\/\/www.erdemyorukoglu.com\/en\/?s={search_term_string}\"},\"query-input\":{\"@type\":\"PropertyValueSpecification\",\"valueRequired\":true,\"valueName\":\"search_term_string\"}}],\"inLanguage\":\"en-US\"},{\"@type\":[\"Person\",\"Organization\"],\"@id\":\"https:\/\/www.erdemyorukoglu.com\/en\/#\/schema\/person\/854314645f5beb1ce61d3d55971d52e1\",\"name\":\"Erdem Y\u00f6r\u00fcko\u011flu\",\"image\":{\"@type\":\"ImageObject\",\"inLanguage\":\"en-US\",\"@id\":\"https:\/\/www.erdemyorukoglu.com\/en\/#\/schema\/person\/image\/\",\"url\":\"https:\/\/www.erdemyorukoglu.com\/wp-content\/uploads\/2018\/11\/fav-icon-1.png\",\"contentUrl\":\"https:\/\/www.erdemyorukoglu.com\/wp-content\/uploads\/2018\/11\/fav-icon-1.png\",\"width\":512,\"height\":512,\"caption\":\"Erdem Y\u00f6r\u00fcko\u011flu\"},\"logo\":{\"@id\":\"https:\/\/www.erdemyorukoglu.com\/en\/#\/schema\/person\/image\/\"}}]}<\/script>\n<!-- \/ Yoast SEO plugin. -->","yoast_head_json":{"title":"BACK PAIN","description":"Bel a\u011fr\u0131;, bel zorlanmas\u0131 ve duru\u015f bozukluklar\u0131; bel kaslar\u0131na, ba\u011flar\u0131na ve eklemlerine hasar vermesi sonucu a\u011fr\u0131ya yol a\u00e7ar. Bel a\u011fr\u0131s\u0131, d\u00fcnyada ba\u015f a\u011fr\u0131s\u0131ndan sonra en s\u0131k g\u00f6r\u00fclen a\u011fr\u0131 tipi olarak ki\u015finin i\u015f ve sosyal ya\u015fam\u0131n\u0131 alt\u00fcst etti\u011fi kadar \u00f6nemli sa\u011fl\u0131k sorunlar\u0131na i\u015faret etmesi bak\u0131m\u0131ndan da \u00f6nemsenmelidir.","robots":{"index":"index","follow":"follow","max-snippet":"max-snippet:-1","max-image-preview":"max-image-preview:large","max-video-preview":"max-video-preview:-1"},"canonical":"https:\/\/www.erdemyorukoglu.com\/en\/tedaviler\/bel-agrisi\/","og_locale":"en_US","og_type":"article","og_title":"[:tr]BEL A\u011eRISI[:en]BACK PAIN[:de]R\u00dcCKENSCHMERZEN[:] - Erdem Y\u00f6r\u00fcko\u011flu \/\/ Manuel Terapi, Fizyoterapist, Ankara","og_description":"Bel a\u011fr\u0131;, bel zorlanmas\u0131 ve duru\u015f bozukluklar\u0131; bel kaslar\u0131na, ba\u011flar\u0131na ve eklemlerine hasar vermesi sonucu a\u011fr\u0131ya yol a\u00e7ar. Bel a\u011fr\u0131s\u0131, d\u00fcnyada ba\u015f a\u011fr\u0131s\u0131ndan sonra en s\u0131k g\u00f6r\u00fclen a\u011fr\u0131 tipi olarak ki\u015finin i\u015f ve sosyal ya\u015fam\u0131n\u0131 alt\u00fcst etti\u011fi kadar \u00f6nemli sa\u011fl\u0131k sorunlar\u0131na i\u015faret etmesi bak\u0131m\u0131ndan da \u00f6nemsenmelidir.","og_url":"https:\/\/www.erdemyorukoglu.com\/en\/tedaviler\/bel-agrisi\/","og_site_name":"Erdem Y\u00f6r\u00fcko\u011flu \/\/ Manuel Terapi, Fizyoterapist, Ankara","article_modified_time":"2025-08-16T13:45:32+00:00","og_image":[{"width":1000,"height":667,"url":"https:\/\/www.erdemyorukoglu.com\/wp-content\/uploads\/2018\/12\/shutterstock_105334769.jpg","type":"image\/jpeg"}],"twitter_card":"summary_large_image","twitter_misc":{"Est. reading time":"10 minutes"},"schema":{"@context":"https:\/\/schema.org","@graph":[{"@type":"WebPage","@id":"https:\/\/www.erdemyorukoglu.com\/en\/tedaviler\/bel-agrisi\/","url":"https:\/\/www.erdemyorukoglu.com\/en\/tedaviler\/bel-agrisi\/","name":"BACK PAIN","isPartOf":{"@id":"https:\/\/www.erdemyorukoglu.com\/en\/#website"},"datePublished":"2018-12-15T20:38:15+00:00","dateModified":"2025-08-16T13:45:32+00:00","description":"Bel a\u011fr\u0131;, bel zorlanmas\u0131 ve duru\u015f bozukluklar\u0131; bel kaslar\u0131na, ba\u011flar\u0131na ve eklemlerine hasar vermesi sonucu a\u011fr\u0131ya yol a\u00e7ar. Bel a\u011fr\u0131s\u0131, d\u00fcnyada ba\u015f a\u011fr\u0131s\u0131ndan sonra en s\u0131k g\u00f6r\u00fclen a\u011fr\u0131 tipi olarak ki\u015finin i\u015f ve sosyal ya\u015fam\u0131n\u0131 alt\u00fcst etti\u011fi kadar \u00f6nemli sa\u011fl\u0131k sorunlar\u0131na i\u015faret etmesi bak\u0131m\u0131ndan da \u00f6nemsenmelidir.","breadcrumb":{"@id":"https:\/\/www.erdemyorukoglu.com\/en\/tedaviler\/bel-agrisi\/#breadcrumb"},"inLanguage":"en-US","potentialAction":[{"@type":"ReadAction","target":["https:\/\/www.erdemyorukoglu.com\/en\/tedaviler\/bel-agrisi\/"]}]},{"@type":"BreadcrumbList","@id":"https:\/\/www.erdemyorukoglu.com\/en\/tedaviler\/bel-agrisi\/#breadcrumb","itemListElement":[{"@type":"ListItem","position":1,"name":"MANUEL TERAP\u0130 ANKARA %%sep%% %%sitename%%","item":"https:\/\/www.erdemyorukoglu.com\/de\/"},{"@type":"ListItem","position":2,"name":"TEDAV\u0130LER","item":"https:\/\/www.erdemyorukoglu.com\/en\/tedaviler\/"},{"@type":"ListItem","position":3,"name":"BACK PAIN"}]},{"@type":"WebSite","@id":"https:\/\/www.erdemyorukoglu.com\/en\/#website","url":"https:\/\/www.erdemyorukoglu.com\/en\/","name":"Erdem Y\u00f6r\u00fcko\u011flu \/\/ Manuel Terapi, Fizyoterapist, Ankara","description":"Manuel Terapi, Kayropraktik, Fizyoterapi, Bel ve Boyun F\u0131t\u0131\u011f\u0131, Lenf\u00f6dem Tedavisi, Gyrotonic, Skolyoz, Ankara","publisher":{"@id":"https:\/\/www.erdemyorukoglu.com\/en\/#\/schema\/person\/854314645f5beb1ce61d3d55971d52e1"},"potentialAction":[{"@type":"SearchAction","target":{"@type":"EntryPoint","urlTemplate":"https:\/\/www.erdemyorukoglu.com\/en\/?s={search_term_string}"},"query-input":{"@type":"PropertyValueSpecification","valueRequired":true,"valueName":"search_term_string"}}],"inLanguage":"en-US"},{"@type":["Person","Organization"],"@id":"https:\/\/www.erdemyorukoglu.com\/en\/#\/schema\/person\/854314645f5beb1ce61d3d55971d52e1","name":"Erdem Y\u00f6r\u00fcko\u011flu","image":{"@type":"ImageObject","inLanguage":"en-US","@id":"https:\/\/www.erdemyorukoglu.com\/en\/#\/schema\/person\/image\/","url":"https:\/\/www.erdemyorukoglu.com\/wp-content\/uploads\/2018\/11\/fav-icon-1.png","contentUrl":"https:\/\/www.erdemyorukoglu.com\/wp-content\/uploads\/2018\/11\/fav-icon-1.png","width":512,"height":512,"caption":"Erdem Y\u00f6r\u00fcko\u011flu"},"logo":{"@id":"https:\/\/www.erdemyorukoglu.com\/en\/#\/schema\/person\/image\/"}}]}},"_links":{"self":[{"href":"https:\/\/www.erdemyorukoglu.com\/en\/wp-json\/wp\/v2\/pages\/3082","targetHints":{"allow":["GET"]}}],"collection":[{"href":"https:\/\/www.erdemyorukoglu.com\/en\/wp-json\/wp\/v2\/pages"}],"about":[{"href":"https:\/\/www.erdemyorukoglu.com\/en\/wp-json\/wp\/v2\/types\/page"}],"author":[{"embeddable":true,"href":"https:\/\/www.erdemyorukoglu.com\/en\/wp-json\/wp\/v2\/users\/1"}],"replies":[{"embeddable":true,"href":"https:\/\/www.erdemyorukoglu.com\/en\/wp-json\/wp\/v2\/comments?post=3082"}],"version-history":[{"count":27,"href":"https:\/\/www.erdemyorukoglu.com\/en\/wp-json\/wp\/v2\/pages\/3082\/revisions"}],"predecessor-version":[{"id":12068,"href":"https:\/\/www.erdemyorukoglu.com\/en\/wp-json\/wp\/v2\/pages\/3082\/revisions\/12068"}],"up":[{"embeddable":true,"href":"https:\/\/www.erdemyorukoglu.com\/en\/wp-json\/wp\/v2\/pages\/2995"}],"wp:attachment":[{"href":"https:\/\/www.erdemyorukoglu.com\/en\/wp-json\/wp\/v2\/media?parent=3082"}],"curies":[{"name":"wp","href":"https:\/\/api.w.org\/{rel}","templated":true}]}}