{"id":3086,"date":"2018-12-16T00:08:23","date_gmt":"2018-12-15T21:08:23","guid":{"rendered":"https:\/\/www.erdemyorukoglu.com\/?page_id=3086"},"modified":"2025-08-16T17:06:16","modified_gmt":"2025-08-16T14:06:16","slug":"schroth-3d-skolyoz-tedavisi","status":"publish","type":"page","link":"https:\/\/www.erdemyorukoglu.com\/en\/uzmanliklar\/schroth-3d-skolyoz-tedavisi\/","title":{"rendered":"SCHROTH-3D SCOLIOSIS TREATMENT"},"content":{"rendered":"<div class=\"wpb-content-wrapper\">[vc_row curly_padding=&#8221;content-padding-none&#8221;][vc_column curly_padding=&#8221;content-padding&#8221;][vc_column_text]\n<h1 style=\"text-align: center;\"><strong>SCHROTH-3D<\/strong><\/h1>\n<h1 style=\"text-align: center;\"><strong>SCOLIOSIS TREATMENT<\/strong><\/h1>\n[\/vc_column_text][\/vc_column][\/vc_row][vc_row full_width=&#8221;stretch_row&#8221; equal_height=&#8221;yes&#8221; content_placement=&#8221;top&#8221; curly_padding=&#8221;content-padding-none&#8221; css=&#8221;.vc_custom_1549828340720{border-bottom-width: 1px !important;border-bottom-color: #f4f4f4 !important;border-bottom-style: solid !important;}&#8221;][vc_column width=&#8221;1\/2&#8243; curly_padding=&#8221;content-padding-none&#8221;][vc_single_image image=&#8221;3097&#8243; img_size=&#8221;large&#8221; alignment=&#8221;center&#8221; css=&#8221;.vc_custom_1544909233051{margin-bottom: 0px !important;}&#8221; el_class=&#8221;img-frame-large&#8221;][\/vc_column][vc_column width=&#8221;1\/2&#8243; curly_padding=&#8221;content-padding-none&#8221;][vc_column_text curly_padding_side=&#8221;content-side-padding-xxl&#8221;]Three-dimensional treatment for scoliosis has been used in Germany since 1921. Mrs. Kathrine Schroth first created this method after using it for 11 years, bringing together a lot of information and creating a mosaic of teachable methods. This treatment method was introduced by the physiotherapist Sonja Hansen in English-speaking countries. The treatment of three-dimensional scoliosis by Mrs. Kathrine Schort has been determined by many countries and medical authorities from time to time and is considered to be a reliable method because of its focus on respiration.<\/p>\n<p>In this method, the patient should be persuaded and motivated for the importance of the method he uses.<\/p>\n<p>Three-dimensional treatment is more successful in patients with scoliosis due to puberty. The difficulty encountered here is that personality has not yet been established in these ages. Therefore the physiotherapist should overcome the difficulties by using pedagogical and physiological abilities. One of the reasons for this treatment is to design exercise with corrective effect according to the direction of curvature in all three planes.<\/p>\n<p>The goal is permanent changes in the posture.<\/p>\n<p>The goal of the three-dimensional scoliosis treatment is to provide three-dimensional correction.<\/p>\n<h3><strong>Principles:<\/strong><\/h3>\n<ul>\n<li>Correct spinal rotation and increase lung capacity by regional breathing techniques<\/li>\n<li>Correction of spinal posture with isometric exercises, breathing techniques and pelvic correction exercises<\/li>\n<li>Ensuring and maintaining the correct posture during therapy and in daily life,<\/li>\n<li>Strengthening of legs, feet, back and abdominal muscles.<\/li>\n<\/ul>\n[\/vc_column_text][\/vc_column][\/vc_row][vc_row curly_padding=&#8221;content-padding-none&#8221;][vc_column curly_padding=&#8221;content-padding-none&#8221;][vc_single_image image=&#8221;3198&#8243; img_size=&#8221;full&#8221; style=&#8221;img-frame-large&#8221;][\/vc_column][\/vc_row][vc_row full_width=&#8221;stretch_row&#8221; equal_height=&#8221;yes&#8221; content_placement=&#8221;top&#8221; curly_padding=&#8221;content-padding-none&#8221; css=&#8221;.vc_custom_1549828252951{border-bottom-width: 1px !important;border-bottom-color: #f4f4f4 !important;border-bottom-style: solid !important;}&#8221;][vc_column width=&#8221;1\/2&#8243; curly_bg_position=&#8221;bg-pos-center-top&#8221;][vc_column_text curly_padding_side=&#8221;content-side-padding-xxl&#8221;]\n<h3><strong>Who is Eligible to Schroth Treatment Program?<\/strong><\/h3>\n<p>Schroth program is a 3-dimensional correction in the spine and is effective in providing postural smoothness. Goals, especially in times of height growth accelerated (such as puberty) showing an increase of kyphosis and scoliosis angle it is to decrease the angle formed taken under control. In adults, the aim is mostly to provide the body&#8217;s postural smoothness, to collect the body, especially the pelvis in the center, to provide a proper posture, to stretch the muscles around the spine and to relieve chronic back and low back pain.<\/p>\n<p>.[\/vc_column_text][\/vc_column][vc_column width=&#8221;1\/2&#8243; curly_bg_position=&#8221;bg-pos-center-top&#8221;][vc_column_text curly_padding_side=&#8221;content-side-padding-xxl&#8221;]\n<h3><strong>Progress of Treatment?<\/strong><\/h3>\n<p>The patient, who is eligible for treatment, is usually called for treatment once or twice a week. On the first day of treatment, the photos of the person and the X-ray images of the person are taken and the angle and the scoliosis type are evaluated. Schroth principles and postural awareness are provided with approximately one-hour training programs each week. Postural changes are evaluated with photographs taken at the end of each six-week period. The angles are reviewed with the X-rays taken at 4\/6\/12 months of medical examinations.[\/vc_column_text][\/vc_column][\/vc_row]\n<\/div>","protected":false},"excerpt":{"rendered":"<p>[vc_row curly_padding=&#8221;content-padding-none&#8221;][vc_column curly_padding=&#8221;content-padding&#8221;][vc_column_text] SCHROTH-3D SCOLIOSIS TREATMENT [\/vc_column_text][\/vc_column][\/vc_row][vc_row full_width=&#8221;stretch_row&#8221; equal_height=&#8221;yes&#8221; content_placement=&#8221;top&#8221; curly_padding=&#8221;content-padding-none&#8221; css=&#8221;.vc_custom_1549828340720{border-bottom-width: 1px !important;border-bottom-color: #f4f4f4 !important;border-bottom-style: solid !important;}&#8221;][vc_column width=&#8221;1\/2&#8243; curly_padding=&#8221;content-padding-none&#8221;][vc_single_image image=&#8221;3097&#8243; img_size=&#8221;large&#8221; alignment=&#8221;center&#8221; css=&#8221;.vc_custom_1544909233051{margin-bottom: 0px !important;}&#8221; el_class=&#8221;img-frame-large&#8221;][\/vc_column][vc_column width=&#8221;1\/2&#8243; curly_padding=&#8221;content-padding-none&#8221;][vc_column_text curly_padding_side=&#8221;content-side-padding-xxl&#8221;]Three-dimensional treatment for scoliosis has been used in Germany since 1921. Mrs. Kathrine Schroth first created this method after using it for 11 years, bringing together a lot of information and [&hellip;]<\/p>\n","protected":false},"author":1,"featured_media":0,"parent":9,"menu_order":0,"comment_status":"closed","ping_status":"closed","template":"","meta":{"inline_featured_image":false,"footnotes":""},"class_list":["post-3086","page","type-page","status-publish","hentry"],"yoast_head":"<!-- This site is optimized with the Yoast SEO plugin v25.7 - https:\/\/yoast.com\/wordpress\/plugins\/seo\/ -->\n<title>SCHROTH-3D SCOLIOSIS TREATMENTSCHROTH-3D SCOLIOSIS TREATMENT<\/title>\n<meta name=\"description\" content=\"Skolyoz Tedavisi; Ameliyats\u0131z olarak Skolyoz tedavisi i\u00e7in erken tan\u0131 \u00f6nemlidir. Skolyozun en s\u0131k g\u00f6r\u00fclen semptomu, anormal omurga e\u011frisidir. \u00c7o\u011funlukla bu hafif bir de\u011fi\u015fikliktir ve ilk olarak bir arkada\u015f ya da aile \u00fcyesi ya da \u00e7ocu\u011fun okul ya da spor i\u00e7in rutin taramas\u0131 yapmas\u0131yla farkedilebilir. Erken tan\u0131 ve tedavi i\u00e7in Ankara \u00dcmitk\u00f6y&#039;de bulunan muayenehanemize bekleriz.\" \/>\n<meta name=\"robots\" content=\"index, follow, max-snippet:-1, max-image-preview:large, max-video-preview:-1\" \/>\n<link rel=\"canonical\" href=\"https:\/\/www.erdemyorukoglu.com\/en\/uzmanliklar\/schroth-3d-skolyoz-tedavisi\/\" \/>\n<meta property=\"og:locale\" content=\"en_US\" \/>\n<meta property=\"og:locale:alternate\" content=\"tr_TR\" \/>\n<meta property=\"og:locale:alternate\" content=\"De_GR\" \/>\n<meta property=\"og:type\" content=\"article\" \/>\n<meta property=\"og:title\" content=\"SCHROTH-3D SCOLIOSIS TREATMENTSCHROTH-3D SCOLIOSIS TREATMENT\" \/>\n<meta property=\"og:description\" content=\"Skolyoz Tedavisi; Ameliyats\u0131z olarak Skolyoz tedavisi i\u00e7in erken tan\u0131 \u00f6nemlidir. Skolyozun en s\u0131k g\u00f6r\u00fclen semptomu, anormal omurga e\u011frisidir. \u00c7o\u011funlukla bu hafif bir de\u011fi\u015fikliktir ve ilk olarak bir arkada\u015f ya da aile \u00fcyesi ya da \u00e7ocu\u011fun okul ya da spor i\u00e7in rutin taramas\u0131 yapmas\u0131yla farkedilebilir. Erken tan\u0131 ve tedavi i\u00e7in Ankara \u00dcmitk\u00f6y&#039;de bulunan muayenehanemize bekleriz.\" \/>\n<meta property=\"og:url\" content=\"https:\/\/www.erdemyorukoglu.com\/en\/uzmanliklar\/schroth-3d-skolyoz-tedavisi\/\" \/>\n<meta property=\"og:site_name\" content=\"Erdem Y\u00f6r\u00fcko\u011flu \/\/ Manuel Terapi, Fizyoterapist, Ankara\" \/>\n<meta property=\"article:modified_time\" content=\"2025-08-16T14:06:16+00:00\" \/>\n<meta name=\"twitter:card\" content=\"summary_large_image\" \/>\n<meta name=\"twitter:label1\" content=\"Est. reading time\" \/>\n\t<meta name=\"twitter:data1\" content=\"3 minutes\" \/>\n<script type=\"application\/ld+json\" class=\"yoast-schema-graph\">{\"@context\":\"https:\/\/schema.org\",\"@graph\":[{\"@type\":\"WebPage\",\"@id\":\"https:\/\/www.erdemyorukoglu.com\/tr\/uzmanliklar\/schroth-3d-skolyoz-tedavisi\/\",\"url\":\"https:\/\/www.erdemyorukoglu.com\/tr\/uzmanliklar\/schroth-3d-skolyoz-tedavisi\/\",\"name\":\"SCHROTH-3D SCOLIOSIS TREATMENTSCHROTH-3D SCOLIOSIS TREATMENT\",\"isPartOf\":{\"@id\":\"https:\/\/www.erdemyorukoglu.com\/en\/#website\"},\"datePublished\":\"2018-12-15T21:08:23+00:00\",\"dateModified\":\"2025-08-16T14:06:16+00:00\",\"description\":\"Skolyoz Tedavisi; Ameliyats\u0131z olarak Skolyoz tedavisi i\u00e7in erken tan\u0131 \u00f6nemlidir. Skolyozun en s\u0131k g\u00f6r\u00fclen semptomu, anormal omurga e\u011frisidir. \u00c7o\u011funlukla bu hafif bir de\u011fi\u015fikliktir ve ilk olarak bir arkada\u015f ya da aile \u00fcyesi ya da \u00e7ocu\u011fun okul ya da spor i\u00e7in rutin taramas\u0131 yapmas\u0131yla farkedilebilir. Erken tan\u0131 ve tedavi i\u00e7in Ankara \u00dcmitk\u00f6y'de bulunan muayenehanemize bekleriz.\",\"breadcrumb\":{\"@id\":\"https:\/\/www.erdemyorukoglu.com\/tr\/uzmanliklar\/schroth-3d-skolyoz-tedavisi\/#breadcrumb\"},\"inLanguage\":\"en-US\",\"potentialAction\":[{\"@type\":\"ReadAction\",\"target\":[\"https:\/\/www.erdemyorukoglu.com\/tr\/uzmanliklar\/schroth-3d-skolyoz-tedavisi\/\"]}]},{\"@type\":\"BreadcrumbList\",\"@id\":\"https:\/\/www.erdemyorukoglu.com\/tr\/uzmanliklar\/schroth-3d-skolyoz-tedavisi\/#breadcrumb\",\"itemListElement\":[{\"@type\":\"ListItem\",\"position\":1,\"name\":\"MANUEL TERAP\u0130 ANKARA %%sep%% %%sitename%%\",\"item\":\"https:\/\/www.erdemyorukoglu.com\/de\/\"},{\"@type\":\"ListItem\",\"position\":2,\"name\":\"UZMANLIKLAR\",\"item\":\"https:\/\/www.erdemyorukoglu.com\/de\/uzmanliklar\/\"},{\"@type\":\"ListItem\",\"position\":3,\"name\":\"SCHROTH 3D SKOLYOZ TEDAV\u0130S\u0130\"}]},{\"@type\":\"WebSite\",\"@id\":\"https:\/\/www.erdemyorukoglu.com\/en\/#website\",\"url\":\"https:\/\/www.erdemyorukoglu.com\/en\/\",\"name\":\"Erdem Y\u00f6r\u00fcko\u011flu \/\/ Manuel Terapi, Fizyoterapist, Ankara\",\"description\":\"Manuel Terapi, Kayropraktik, Fizyoterapi, Bel ve Boyun F\u0131t\u0131\u011f\u0131, Lenf\u00f6dem Tedavisi, Gyrotonic, Skolyoz, Ankara\",\"publisher\":{\"@id\":\"https:\/\/www.erdemyorukoglu.com\/en\/#\/schema\/person\/854314645f5beb1ce61d3d55971d52e1\"},\"potentialAction\":[{\"@type\":\"SearchAction\",\"target\":{\"@type\":\"EntryPoint\",\"urlTemplate\":\"https:\/\/www.erdemyorukoglu.com\/en\/?s={search_term_string}\"},\"query-input\":{\"@type\":\"PropertyValueSpecification\",\"valueRequired\":true,\"valueName\":\"search_term_string\"}}],\"inLanguage\":\"en-US\"},{\"@type\":[\"Person\",\"Organization\"],\"@id\":\"https:\/\/www.erdemyorukoglu.com\/en\/#\/schema\/person\/854314645f5beb1ce61d3d55971d52e1\",\"name\":\"Erdem Y\u00f6r\u00fcko\u011flu\",\"image\":{\"@type\":\"ImageObject\",\"inLanguage\":\"en-US\",\"@id\":\"https:\/\/www.erdemyorukoglu.com\/en\/#\/schema\/person\/image\/\",\"url\":\"https:\/\/www.erdemyorukoglu.com\/wp-content\/uploads\/2018\/11\/fav-icon-1.png\",\"contentUrl\":\"https:\/\/www.erdemyorukoglu.com\/wp-content\/uploads\/2018\/11\/fav-icon-1.png\",\"width\":512,\"height\":512,\"caption\":\"Erdem Y\u00f6r\u00fcko\u011flu\"},\"logo\":{\"@id\":\"https:\/\/www.erdemyorukoglu.com\/en\/#\/schema\/person\/image\/\"}}]}<\/script>\n<!-- \/ Yoast SEO plugin. -->","yoast_head_json":{"title":"SCHROTH-3D SCOLIOSIS TREATMENTSCHROTH-3D SCOLIOSIS TREATMENT","description":"Skolyoz Tedavisi; Ameliyats\u0131z olarak Skolyoz tedavisi i\u00e7in erken tan\u0131 \u00f6nemlidir. Skolyozun en s\u0131k g\u00f6r\u00fclen semptomu, anormal omurga e\u011frisidir. \u00c7o\u011funlukla bu hafif bir de\u011fi\u015fikliktir ve ilk olarak bir arkada\u015f ya da aile \u00fcyesi ya da \u00e7ocu\u011fun okul ya da spor i\u00e7in rutin taramas\u0131 yapmas\u0131yla farkedilebilir. Erken tan\u0131 ve tedavi i\u00e7in Ankara \u00dcmitk\u00f6y'de bulunan muayenehanemize bekleriz.","robots":{"index":"index","follow":"follow","max-snippet":"max-snippet:-1","max-image-preview":"max-image-preview:large","max-video-preview":"max-video-preview:-1"},"canonical":"https:\/\/www.erdemyorukoglu.com\/en\/uzmanliklar\/schroth-3d-skolyoz-tedavisi\/","og_locale":"en_US","og_type":"article","og_title":"[:tr]SCHROTH - 3D SKOLYOZ TEDAV\u0130S\u0130 - Erdem Y\u00f6r\u00fcko\u011flu \/\/ Manuel Terapi, Fizyoterapist, Ankara[:en][:tr]SCHROTH 3D SKOLYOZ TEDAV\u0130S\u0130[:en]SCHROTH-3D SCOLIOSIS TREATMENT[:de]SCHROTH-3D SKOL\u0130OSE BEHANDLUNG[:] - Erdem Y\u00f6r\u00fcko\u011flu \/\/ Manuel Terapi, Fizyoterapist, Ankara[:de]Erdem Y\u00f6r\u00fcko\u011flu \/\/ Manuel Terapi, Fizyoterapist, Ankara - [:tr]SCHROTH 3D SKOLYOZ TEDAV\u0130S\u0130[:en]SCHROTH-3D SCOLIOSIS TREATMENT[:de]SCHROTH-3D SKOL\u0130OSE BEHANDLUNG[:][:]","og_description":"[:tr]Skolyoz Tedavisi; Ameliyats\u0131z olarak Skolyoz tedavisi i\u00e7in erken tan\u0131 \u00f6nemlidir. Skolyozun en s\u0131k g\u00f6r\u00fclen semptomu, anormal omurga e\u011frisidir. \u00c7o\u011funlukla bu hafif bir de\u011fi\u015fikliktir ve ilk olarak bir arkada\u015f ya da aile \u00fcyesi ya da \u00e7ocu\u011fun okul ya da spor i\u00e7in rutin taramas\u0131 yapmas\u0131yla farkedilebilir. Erken tan\u0131 ve tedavi i\u00e7in Ankara \u00dcmitk\u00f6y'de bulunan muayenehanemize bekleriz.[:]","og_url":"https:\/\/www.erdemyorukoglu.com\/en\/uzmanliklar\/schroth-3d-skolyoz-tedavisi\/","og_site_name":"Erdem Y\u00f6r\u00fcko\u011flu \/\/ Manuel Terapi, Fizyoterapist, Ankara","article_modified_time":"2025-08-16T14:06:16+00:00","twitter_card":"summary_large_image","twitter_misc":{"Est. reading time":"3 minutes"},"schema":{"@context":"https:\/\/schema.org","@graph":[{"@type":"WebPage","@id":"https:\/\/www.erdemyorukoglu.com\/tr\/uzmanliklar\/schroth-3d-skolyoz-tedavisi\/","url":"https:\/\/www.erdemyorukoglu.com\/tr\/uzmanliklar\/schroth-3d-skolyoz-tedavisi\/","name":"SCHROTH-3D SCOLIOSIS TREATMENTSCHROTH-3D SCOLIOSIS TREATMENT","isPartOf":{"@id":"https:\/\/www.erdemyorukoglu.com\/en\/#website"},"datePublished":"2018-12-15T21:08:23+00:00","dateModified":"2025-08-16T14:06:16+00:00","description":"Skolyoz Tedavisi; Ameliyats\u0131z olarak Skolyoz tedavisi i\u00e7in erken tan\u0131 \u00f6nemlidir. Skolyozun en s\u0131k g\u00f6r\u00fclen semptomu, anormal omurga e\u011frisidir. \u00c7o\u011funlukla bu hafif bir de\u011fi\u015fikliktir ve ilk olarak bir arkada\u015f ya da aile \u00fcyesi ya da \u00e7ocu\u011fun okul ya da spor i\u00e7in rutin taramas\u0131 yapmas\u0131yla farkedilebilir. Erken tan\u0131 ve tedavi i\u00e7in Ankara \u00dcmitk\u00f6y'de bulunan muayenehanemize bekleriz.","breadcrumb":{"@id":"https:\/\/www.erdemyorukoglu.com\/tr\/uzmanliklar\/schroth-3d-skolyoz-tedavisi\/#breadcrumb"},"inLanguage":"en-US","potentialAction":[{"@type":"ReadAction","target":["https:\/\/www.erdemyorukoglu.com\/tr\/uzmanliklar\/schroth-3d-skolyoz-tedavisi\/"]}]},{"@type":"BreadcrumbList","@id":"https:\/\/www.erdemyorukoglu.com\/tr\/uzmanliklar\/schroth-3d-skolyoz-tedavisi\/#breadcrumb","itemListElement":[{"@type":"ListItem","position":1,"name":"MANUEL TERAP\u0130 ANKARA %%sep%% %%sitename%%","item":"https:\/\/www.erdemyorukoglu.com\/de\/"},{"@type":"ListItem","position":2,"name":"UZMANLIKLAR","item":"https:\/\/www.erdemyorukoglu.com\/de\/uzmanliklar\/"},{"@type":"ListItem","position":3,"name":"SCHROTH 3D SKOLYOZ TEDAV\u0130S\u0130"}]},{"@type":"WebSite","@id":"https:\/\/www.erdemyorukoglu.com\/en\/#website","url":"https:\/\/www.erdemyorukoglu.com\/en\/","name":"Erdem Y\u00f6r\u00fcko\u011flu \/\/ Manuel Terapi, Fizyoterapist, Ankara","description":"Manuel Terapi, Kayropraktik, Fizyoterapi, Bel ve Boyun F\u0131t\u0131\u011f\u0131, Lenf\u00f6dem Tedavisi, Gyrotonic, Skolyoz, Ankara","publisher":{"@id":"https:\/\/www.erdemyorukoglu.com\/en\/#\/schema\/person\/854314645f5beb1ce61d3d55971d52e1"},"potentialAction":[{"@type":"SearchAction","target":{"@type":"EntryPoint","urlTemplate":"https:\/\/www.erdemyorukoglu.com\/en\/?s={search_term_string}"},"query-input":{"@type":"PropertyValueSpecification","valueRequired":true,"valueName":"search_term_string"}}],"inLanguage":"en-US"},{"@type":["Person","Organization"],"@id":"https:\/\/www.erdemyorukoglu.com\/en\/#\/schema\/person\/854314645f5beb1ce61d3d55971d52e1","name":"Erdem Y\u00f6r\u00fcko\u011flu","image":{"@type":"ImageObject","inLanguage":"en-US","@id":"https:\/\/www.erdemyorukoglu.com\/en\/#\/schema\/person\/image\/","url":"https:\/\/www.erdemyorukoglu.com\/wp-content\/uploads\/2018\/11\/fav-icon-1.png","contentUrl":"https:\/\/www.erdemyorukoglu.com\/wp-content\/uploads\/2018\/11\/fav-icon-1.png","width":512,"height":512,"caption":"Erdem Y\u00f6r\u00fcko\u011flu"},"logo":{"@id":"https:\/\/www.erdemyorukoglu.com\/en\/#\/schema\/person\/image\/"}}]}},"_links":{"self":[{"href":"https:\/\/www.erdemyorukoglu.com\/en\/wp-json\/wp\/v2\/pages\/3086","targetHints":{"allow":["GET"]}}],"collection":[{"href":"https:\/\/www.erdemyorukoglu.com\/en\/wp-json\/wp\/v2\/pages"}],"about":[{"href":"https:\/\/www.erdemyorukoglu.com\/en\/wp-json\/wp\/v2\/types\/page"}],"author":[{"embeddable":true,"href":"https:\/\/www.erdemyorukoglu.com\/en\/wp-json\/wp\/v2\/users\/1"}],"replies":[{"embeddable":true,"href":"https:\/\/www.erdemyorukoglu.com\/en\/wp-json\/wp\/v2\/comments?post=3086"}],"version-history":[{"count":17,"href":"https:\/\/www.erdemyorukoglu.com\/en\/wp-json\/wp\/v2\/pages\/3086\/revisions"}],"predecessor-version":[{"id":12077,"href":"https:\/\/www.erdemyorukoglu.com\/en\/wp-json\/wp\/v2\/pages\/3086\/revisions\/12077"}],"up":[{"embeddable":true,"href":"https:\/\/www.erdemyorukoglu.com\/en\/wp-json\/wp\/v2\/pages\/9"}],"wp:attachment":[{"href":"https:\/\/www.erdemyorukoglu.com\/en\/wp-json\/wp\/v2\/media?parent=3086"}],"curies":[{"name":"wp","href":"https:\/\/api.w.org\/{rel}","templated":true}]}}