{"id":3203,"date":"2019-01-04T01:04:31","date_gmt":"2019-01-03T22:04:31","guid":{"rendered":"https:\/\/www.erdemyorukoglu.com\/tr\/?page_id=3203"},"modified":"2025-08-16T17:04:21","modified_gmt":"2025-08-16T14:04:21","slug":"graston","status":"publish","type":"page","link":"https:\/\/www.erdemyorukoglu.com\/en\/uzmanliklar\/graston\/","title":{"rendered":"GRASTON"},"content":{"rendered":"<div class=\"wpb-content-wrapper\">[vc_row full_width=&#8221;stretch_row&#8221; curly_padding=&#8221;content-padding-none&#8221;][vc_column curly_padding=&#8221;content-padding&#8221;][vc_column_text]\n<h1 style=\"text-align: center;\">GRASTON<\/h1>\n[\/vc_column_text][\/vc_column][\/vc_row][vc_row full_width=&#8221;stretch_row&#8221; curly_padding=&#8221;content-padding-none&#8221;][vc_column curly_padding=&#8221;content-padding-none&#8221;][vc_single_image image=&#8221;3204&#8243; img_size=&#8221;full&#8221; style=&#8221;img-frame-large&#8221;][\/vc_column][\/vc_row][vc_row full_width=&#8221;stretch_row&#8221; content_placement=&#8221;top&#8221; curly_padding=&#8221;content-padding-none&#8221; css=&#8221;.vc_custom_1549825749549{border-bottom-width: 1px !important;border-bottom-color: #f4f4f4 !important;border-bottom-style: solid !important;}&#8221;][vc_column width=&#8221;1\/2&#8243; curly_padding=&#8221;content-padding-none&#8221;][vc_single_image image=&#8221;3205&#8243; img_size=&#8221;large&#8221; alignment=&#8221;center&#8221; css=&#8221;.vc_custom_1549825995801{margin-bottom: 0px !important;}&#8221; el_class=&#8221;img-frame-large&#8221;][\/vc_column][vc_column width=&#8221;1\/2&#8243; curly_bg_position=&#8221;bg-pos-center-center&#8221;][vc_column_text curly_padding_side=&#8221;content-side-padding-xxl&#8221;]The Graston Technique is a patented manual therapy using stainless steel tools to perform muscle mobilization. It is a kind of soft tissue mobilization mainly used by chiropractors, osteopathic doctors, physiotherapists, occupational therapists and some licensed massage therapists.<\/p>\n<h3><strong>How to use?<\/strong><\/h3>\n<p>You can think of the Graston Technique as a deeper, more intense form of manual therapy. Specially trained clinicians use specially designed Graston instruments in two ways. First, to find muscle knots or restrictions. They do this to feel the fibrous or scar tissue that can cause pain by running on your skin or to restrict your movement. Second, they use tools to break down this texture to restore mobility and functionality.[\/vc_column_text][\/vc_column][\/vc_row]\n<\/div>","protected":false},"excerpt":{"rendered":"<p>[vc_row full_width=&#8221;stretch_row&#8221; curly_padding=&#8221;content-padding-none&#8221;][vc_column curly_padding=&#8221;content-padding&#8221;][vc_column_text] GRASTON [\/vc_column_text][\/vc_column][\/vc_row][vc_row full_width=&#8221;stretch_row&#8221; curly_padding=&#8221;content-padding-none&#8221;][vc_column curly_padding=&#8221;content-padding-none&#8221;][vc_single_image image=&#8221;3204&#8243; img_size=&#8221;full&#8221; style=&#8221;img-frame-large&#8221;][\/vc_column][\/vc_row][vc_row full_width=&#8221;stretch_row&#8221; content_placement=&#8221;top&#8221; curly_padding=&#8221;content-padding-none&#8221; css=&#8221;.vc_custom_1549825749549{border-bottom-width: 1px !important;border-bottom-color: #f4f4f4 !important;border-bottom-style: solid !important;}&#8221;][vc_column width=&#8221;1\/2&#8243; curly_padding=&#8221;content-padding-none&#8221;][vc_single_image image=&#8221;3205&#8243; img_size=&#8221;large&#8221; alignment=&#8221;center&#8221; css=&#8221;.vc_custom_1549825995801{margin-bottom: 0px !important;}&#8221; el_class=&#8221;img-frame-large&#8221;][\/vc_column][vc_column width=&#8221;1\/2&#8243; curly_bg_position=&#8221;bg-pos-center-center&#8221;][vc_column_text curly_padding_side=&#8221;content-side-padding-xxl&#8221;]The Graston Technique is a patented manual therapy using stainless steel tools to perform muscle mobilization. It is a kind of soft tissue mobilization mainly used by [&hellip;]<\/p>\n","protected":false},"author":1,"featured_media":0,"parent":9,"menu_order":0,"comment_status":"closed","ping_status":"closed","template":"","meta":{"inline_featured_image":false,"footnotes":""},"class_list":["post-3203","page","type-page","status-publish","hentry"],"yoast_head":"<!-- This site is optimized with the Yoast SEO plugin v25.7 - https:\/\/yoast.com\/wordpress\/plugins\/seo\/ -->\n<title>GRASTONGRASTONGRASTON<\/title>\n<meta name=\"description\" content=\"Graston Tekni\u011fi, kas mobilizasyonlar\u0131n\u0131 ger\u00e7ekle\u015ftirmek i\u00e7in paslanmaz \u00e7elik aletler kullanan patentli bir manuel terapi \u015feklidir. Esas olarak kayroprakt\u00f6rler, osteopatik doktorlar, fizyoterapistler, meslek terapistleri ve baz\u0131 lisansl\u0131 masaj terapistleri taraf\u0131ndan kullan\u0131lan bir \u00e7e\u015fit yumu\u015fak doku mobilizasyonudur.\" \/>\n<meta name=\"robots\" content=\"index, follow, max-snippet:-1, max-image-preview:large, max-video-preview:-1\" \/>\n<link rel=\"canonical\" href=\"https:\/\/www.erdemyorukoglu.com\/en\/uzmanliklar\/graston\/\" \/>\n<meta property=\"og:locale\" content=\"en_US\" \/>\n<meta property=\"og:locale:alternate\" content=\"tr_TR\" \/>\n<meta property=\"og:locale:alternate\" content=\"De_GR\" \/>\n<meta property=\"og:type\" content=\"article\" \/>\n<meta property=\"og:title\" content=\"GRASTONGRASTONGRASTON\" \/>\n<meta property=\"og:description\" content=\"Graston Tekni\u011fi, kas mobilizasyonlar\u0131n\u0131 ger\u00e7ekle\u015ftirmek i\u00e7in paslanmaz \u00e7elik aletler kullanan patentli bir manuel terapi \u015feklidir. Esas olarak kayroprakt\u00f6rler, osteopatik doktorlar, fizyoterapistler, meslek terapistleri ve baz\u0131 lisansl\u0131 masaj terapistleri taraf\u0131ndan kullan\u0131lan bir \u00e7e\u015fit yumu\u015fak doku mobilizasyonudur.\" \/>\n<meta property=\"og:url\" content=\"https:\/\/www.erdemyorukoglu.com\/en\/uzmanliklar\/graston\/\" \/>\n<meta property=\"og:site_name\" content=\"Erdem Y\u00f6r\u00fcko\u011flu \/\/ Manuel Terapi, Fizyoterapist, Ankara\" \/>\n<meta property=\"article:modified_time\" content=\"2025-08-16T14:04:21+00:00\" \/>\n<meta property=\"og:image\" content=\"https:\/\/www.erdemyorukoglu.com\/wp-content\/uploads\/2019\/01\/graston_1.jpg\" \/>\n\t<meta property=\"og:image:width\" content=\"1200\" \/>\n\t<meta property=\"og:image:height\" content=\"800\" \/>\n\t<meta property=\"og:image:type\" content=\"image\/jpeg\" \/>\n<meta name=\"twitter:card\" content=\"summary_large_image\" \/>\n<meta name=\"twitter:label1\" content=\"Est. reading time\" \/>\n\t<meta name=\"twitter:data1\" content=\"1 minute\" \/>\n<script type=\"application\/ld+json\" class=\"yoast-schema-graph\">{\"@context\":\"https:\/\/schema.org\",\"@graph\":[{\"@type\":\"WebPage\",\"@id\":\"https:\/\/www.erdemyorukoglu.com\/tr\/uzmanliklar\/graston\/\",\"url\":\"https:\/\/www.erdemyorukoglu.com\/tr\/uzmanliklar\/graston\/\",\"name\":\"GRASTONGRASTONGRASTON\",\"isPartOf\":{\"@id\":\"https:\/\/www.erdemyorukoglu.com\/en\/#website\"},\"datePublished\":\"2019-01-03T22:04:31+00:00\",\"dateModified\":\"2025-08-16T14:04:21+00:00\",\"description\":\"Graston Tekni\u011fi, kas mobilizasyonlar\u0131n\u0131 ger\u00e7ekle\u015ftirmek i\u00e7in paslanmaz \u00e7elik aletler kullanan patentli bir manuel terapi \u015feklidir. Esas olarak kayroprakt\u00f6rler, osteopatik doktorlar, fizyoterapistler, meslek terapistleri ve baz\u0131 lisansl\u0131 masaj terapistleri taraf\u0131ndan kullan\u0131lan bir \u00e7e\u015fit yumu\u015fak doku mobilizasyonudur.\",\"breadcrumb\":{\"@id\":\"https:\/\/www.erdemyorukoglu.com\/tr\/uzmanliklar\/graston\/#breadcrumb\"},\"inLanguage\":\"en-US\",\"potentialAction\":[{\"@type\":\"ReadAction\",\"target\":[\"https:\/\/www.erdemyorukoglu.com\/tr\/uzmanliklar\/graston\/\"]}]},{\"@type\":\"BreadcrumbList\",\"@id\":\"https:\/\/www.erdemyorukoglu.com\/tr\/uzmanliklar\/graston\/#breadcrumb\",\"itemListElement\":[{\"@type\":\"ListItem\",\"position\":1,\"name\":\"MANUEL TERAP\u0130 ANKARA %%sep%% %%sitename%%\",\"item\":\"https:\/\/www.erdemyorukoglu.com\/de\/\"},{\"@type\":\"ListItem\",\"position\":2,\"name\":\"UZMANLIKLAR\",\"item\":\"https:\/\/www.erdemyorukoglu.com\/de\/uzmanliklar\/\"},{\"@type\":\"ListItem\",\"position\":3,\"name\":\"GRASTON\"}]},{\"@type\":\"WebSite\",\"@id\":\"https:\/\/www.erdemyorukoglu.com\/en\/#website\",\"url\":\"https:\/\/www.erdemyorukoglu.com\/en\/\",\"name\":\"Erdem Y\u00f6r\u00fcko\u011flu \/\/ Manuel Terapi, Fizyoterapist, Ankara\",\"description\":\"Manuel Terapi, Kayropraktik, Fizyoterapi, Bel ve Boyun F\u0131t\u0131\u011f\u0131, Lenf\u00f6dem Tedavisi, Gyrotonic, Skolyoz, Ankara\",\"publisher\":{\"@id\":\"https:\/\/www.erdemyorukoglu.com\/en\/#\/schema\/person\/854314645f5beb1ce61d3d55971d52e1\"},\"potentialAction\":[{\"@type\":\"SearchAction\",\"target\":{\"@type\":\"EntryPoint\",\"urlTemplate\":\"https:\/\/www.erdemyorukoglu.com\/en\/?s={search_term_string}\"},\"query-input\":{\"@type\":\"PropertyValueSpecification\",\"valueRequired\":true,\"valueName\":\"search_term_string\"}}],\"inLanguage\":\"en-US\"},{\"@type\":[\"Person\",\"Organization\"],\"@id\":\"https:\/\/www.erdemyorukoglu.com\/en\/#\/schema\/person\/854314645f5beb1ce61d3d55971d52e1\",\"name\":\"Erdem Y\u00f6r\u00fcko\u011flu\",\"image\":{\"@type\":\"ImageObject\",\"inLanguage\":\"en-US\",\"@id\":\"https:\/\/www.erdemyorukoglu.com\/en\/#\/schema\/person\/image\/\",\"url\":\"https:\/\/www.erdemyorukoglu.com\/wp-content\/uploads\/2018\/11\/fav-icon-1.png\",\"contentUrl\":\"https:\/\/www.erdemyorukoglu.com\/wp-content\/uploads\/2018\/11\/fav-icon-1.png\",\"width\":512,\"height\":512,\"caption\":\"Erdem Y\u00f6r\u00fcko\u011flu\"},\"logo\":{\"@id\":\"https:\/\/www.erdemyorukoglu.com\/en\/#\/schema\/person\/image\/\"}}]}<\/script>\n<!-- \/ Yoast SEO plugin. -->","yoast_head_json":{"title":"GRASTONGRASTONGRASTON","description":"Graston Tekni\u011fi, kas mobilizasyonlar\u0131n\u0131 ger\u00e7ekle\u015ftirmek i\u00e7in paslanmaz \u00e7elik aletler kullanan patentli bir manuel terapi \u015feklidir. Esas olarak kayroprakt\u00f6rler, osteopatik doktorlar, fizyoterapistler, meslek terapistleri ve baz\u0131 lisansl\u0131 masaj terapistleri taraf\u0131ndan kullan\u0131lan bir \u00e7e\u015fit yumu\u015fak doku mobilizasyonudur.","robots":{"index":"index","follow":"follow","max-snippet":"max-snippet:-1","max-image-preview":"max-image-preview:large","max-video-preview":"max-video-preview:-1"},"canonical":"https:\/\/www.erdemyorukoglu.com\/en\/uzmanliklar\/graston\/","og_locale":"en_US","og_type":"article","og_title":"[:tr][:tr]GRASTON[:en]GRASTON[:de]GRASTON[:] - Erdem Y\u00f6r\u00fcko\u011flu \/\/ Manuel Terapi, Fizyoterapist, Ankara[:en][:tr]GRASTON[:en]GRASTON[:de]GRASTON[:] - Erdem Y\u00f6r\u00fcko\u011flu \/\/ Manuel Terapi, Fizyoterapist, Ankara[:de]Erdem Y\u00f6r\u00fcko\u011flu \/\/ Manuel Terapi, Fizyoterapist, Ankara - [:tr]GRASTON[:en]GRASTON[:de]GRASTON[:][:]","og_description":"[:tr]Graston Tekni\u011fi, kas mobilizasyonlar\u0131n\u0131 ger\u00e7ekle\u015ftirmek i\u00e7in paslanmaz \u00e7elik aletler kullanan patentli bir manuel terapi \u015feklidir. Esas olarak kayroprakt\u00f6rler, osteopatik doktorlar, fizyoterapistler, meslek terapistleri ve baz\u0131 lisansl\u0131 masaj terapistleri taraf\u0131ndan kullan\u0131lan bir \u00e7e\u015fit yumu\u015fak doku mobilizasyonudur.[:]","og_url":"https:\/\/www.erdemyorukoglu.com\/en\/uzmanliklar\/graston\/","og_site_name":"Erdem Y\u00f6r\u00fcko\u011flu \/\/ Manuel Terapi, Fizyoterapist, Ankara","article_modified_time":"2025-08-16T14:04:21+00:00","og_image":[{"width":1200,"height":800,"url":"https:\/\/www.erdemyorukoglu.com\/wp-content\/uploads\/2019\/01\/graston_1.jpg","type":"image\/jpeg"}],"twitter_card":"summary_large_image","twitter_misc":{"Est. reading time":"1 minute"},"schema":{"@context":"https:\/\/schema.org","@graph":[{"@type":"WebPage","@id":"https:\/\/www.erdemyorukoglu.com\/tr\/uzmanliklar\/graston\/","url":"https:\/\/www.erdemyorukoglu.com\/tr\/uzmanliklar\/graston\/","name":"GRASTONGRASTONGRASTON","isPartOf":{"@id":"https:\/\/www.erdemyorukoglu.com\/en\/#website"},"datePublished":"2019-01-03T22:04:31+00:00","dateModified":"2025-08-16T14:04:21+00:00","description":"Graston Tekni\u011fi, kas mobilizasyonlar\u0131n\u0131 ger\u00e7ekle\u015ftirmek i\u00e7in paslanmaz \u00e7elik aletler kullanan patentli bir manuel terapi \u015feklidir. Esas olarak kayroprakt\u00f6rler, osteopatik doktorlar, fizyoterapistler, meslek terapistleri ve baz\u0131 lisansl\u0131 masaj terapistleri taraf\u0131ndan kullan\u0131lan bir \u00e7e\u015fit yumu\u015fak doku mobilizasyonudur.","breadcrumb":{"@id":"https:\/\/www.erdemyorukoglu.com\/tr\/uzmanliklar\/graston\/#breadcrumb"},"inLanguage":"en-US","potentialAction":[{"@type":"ReadAction","target":["https:\/\/www.erdemyorukoglu.com\/tr\/uzmanliklar\/graston\/"]}]},{"@type":"BreadcrumbList","@id":"https:\/\/www.erdemyorukoglu.com\/tr\/uzmanliklar\/graston\/#breadcrumb","itemListElement":[{"@type":"ListItem","position":1,"name":"MANUEL TERAP\u0130 ANKARA %%sep%% %%sitename%%","item":"https:\/\/www.erdemyorukoglu.com\/de\/"},{"@type":"ListItem","position":2,"name":"UZMANLIKLAR","item":"https:\/\/www.erdemyorukoglu.com\/de\/uzmanliklar\/"},{"@type":"ListItem","position":3,"name":"GRASTON"}]},{"@type":"WebSite","@id":"https:\/\/www.erdemyorukoglu.com\/en\/#website","url":"https:\/\/www.erdemyorukoglu.com\/en\/","name":"Erdem Y\u00f6r\u00fcko\u011flu \/\/ Manuel Terapi, Fizyoterapist, Ankara","description":"Manuel Terapi, Kayropraktik, Fizyoterapi, Bel ve Boyun F\u0131t\u0131\u011f\u0131, Lenf\u00f6dem Tedavisi, Gyrotonic, Skolyoz, Ankara","publisher":{"@id":"https:\/\/www.erdemyorukoglu.com\/en\/#\/schema\/person\/854314645f5beb1ce61d3d55971d52e1"},"potentialAction":[{"@type":"SearchAction","target":{"@type":"EntryPoint","urlTemplate":"https:\/\/www.erdemyorukoglu.com\/en\/?s={search_term_string}"},"query-input":{"@type":"PropertyValueSpecification","valueRequired":true,"valueName":"search_term_string"}}],"inLanguage":"en-US"},{"@type":["Person","Organization"],"@id":"https:\/\/www.erdemyorukoglu.com\/en\/#\/schema\/person\/854314645f5beb1ce61d3d55971d52e1","name":"Erdem Y\u00f6r\u00fcko\u011flu","image":{"@type":"ImageObject","inLanguage":"en-US","@id":"https:\/\/www.erdemyorukoglu.com\/en\/#\/schema\/person\/image\/","url":"https:\/\/www.erdemyorukoglu.com\/wp-content\/uploads\/2018\/11\/fav-icon-1.png","contentUrl":"https:\/\/www.erdemyorukoglu.com\/wp-content\/uploads\/2018\/11\/fav-icon-1.png","width":512,"height":512,"caption":"Erdem Y\u00f6r\u00fcko\u011flu"},"logo":{"@id":"https:\/\/www.erdemyorukoglu.com\/en\/#\/schema\/person\/image\/"}}]}},"_links":{"self":[{"href":"https:\/\/www.erdemyorukoglu.com\/en\/wp-json\/wp\/v2\/pages\/3203","targetHints":{"allow":["GET"]}}],"collection":[{"href":"https:\/\/www.erdemyorukoglu.com\/en\/wp-json\/wp\/v2\/pages"}],"about":[{"href":"https:\/\/www.erdemyorukoglu.com\/en\/wp-json\/wp\/v2\/types\/page"}],"author":[{"embeddable":true,"href":"https:\/\/www.erdemyorukoglu.com\/en\/wp-json\/wp\/v2\/users\/1"}],"replies":[{"embeddable":true,"href":"https:\/\/www.erdemyorukoglu.com\/en\/wp-json\/wp\/v2\/comments?post=3203"}],"version-history":[{"count":13,"href":"https:\/\/www.erdemyorukoglu.com\/en\/wp-json\/wp\/v2\/pages\/3203\/revisions"}],"predecessor-version":[{"id":3715,"href":"https:\/\/www.erdemyorukoglu.com\/en\/wp-json\/wp\/v2\/pages\/3203\/revisions\/3715"}],"up":[{"embeddable":true,"href":"https:\/\/www.erdemyorukoglu.com\/en\/wp-json\/wp\/v2\/pages\/9"}],"wp:attachment":[{"href":"https:\/\/www.erdemyorukoglu.com\/en\/wp-json\/wp\/v2\/media?parent=3203"}],"curies":[{"name":"wp","href":"https:\/\/api.w.org\/{rel}","templated":true}]}}