{"id":3240,"date":"2019-01-04T23:27:50","date_gmt":"2019-01-04T20:27:50","guid":{"rendered":"https:\/\/www.erdemyorukoglu.com\/tr\/?page_id=3240"},"modified":"2025-08-16T17:06:54","modified_gmt":"2025-08-16T14:06:54","slug":"myofascial-release","status":"publish","type":"page","link":"https:\/\/www.erdemyorukoglu.com\/en\/uzmanliklar\/myofascial-release\/","title":{"rendered":"MYOFASCIAL RELEASE"},"content":{"rendered":"<div class=\"wpb-content-wrapper\">[vc_row curly_padding=&#8221;content-padding-none&#8221;][vc_column curly_padding=&#8221;content-padding&#8221;][vc_column_text]\n<h1 style=\"text-align: center;\"><strong>MYOFASCIAL RELEASE<\/strong><\/h1>\n[\/vc_column_text][\/vc_column][\/vc_row][vc_row content_placement=&#8221;middle&#8221; curly_padding=&#8221;content-padding-none&#8221;][vc_column width=&#8221;1\/2&#8243;][vc_single_image image=&#8221;3241&#8243; img_size=&#8221;large&#8221; style=&#8221;img-frame-large&#8221;][\/vc_column][vc_column width=&#8221;1\/2&#8243;][vc_column_text]Myofascial Release is a safe and highly effective applied technique that includes a light and continuous pressure on Myofascial connective tissue restrictions to relieve pain and restore movement.<\/p>\n<p>Myofascial Release is a safe and highly effective applied technique that includes a light and continuous pressure on Myofascial connective tissue restrictions to relieve pain and restore movement. This basic &#8216;time element&#8217; relates to the viscous flow and the piezoelectric phenomenon: the slow applied low load (light pressure) allows the viscoelastic environment (fascia) to be elongated.<\/p>\n<p>Trauma, inflammatory responses and \/ or surgical procedures create Myofascial constraints that can produce tensile pressures of about 2,000 pounds per square inch on pain-sensitive structures not shown in many standardized tests (x-rays, myelograms, CAT scans). (electromyography, etc.)[\/vc_column_text][\/vc_column][\/vc_row][vc_row full_width=&#8221;stretch_row&#8221; curly_padding=&#8221;content-padding-none&#8221;][vc_column curly_padding=&#8221;content-padding&#8221;][vc_single_image image=&#8221;3242&#8243; img_size=&#8221;full&#8221; alignment=&#8221;center&#8221; style=&#8221;img-frame-large&#8221;][\/vc_column][\/vc_row][vc_row curly_padding=&#8221;content-padding-none&#8221;][vc_column width=&#8221;1\/2&#8243; curly_padding=&#8221;content-padding-none&#8221;][vc_column_text]The use of Myofascial Release allows us to look at each patient as a unique individual. Our one-on-one therapy sessions are applied therapies that our therapists use numerous Myofascial Release techniques and movement therapy. We encourage independence through training in appropriate body mechanics and movement, self-treatment instruction, increased strength, improved flexibility and postural and movement awareness.[\/vc_column_text][\/vc_column][vc_column width=&#8221;1\/2&#8243; curly_padding=&#8221;content-padding-none&#8221;][vc_column_text]\n<h3><strong>Applied Treatment<\/strong><\/h3>\n<p>Each Myofascial Release Treatment session is performed directly on the skin without oil, cream or machine. This allows the therapist to accurately detect facial restrictions and to apply appropriate amounts of continuous pressure to facilitate fascia release.[\/vc_column_text][\/vc_column][\/vc_row]\n<\/div>","protected":false},"excerpt":{"rendered":"<p>[vc_row curly_padding=&#8221;content-padding-none&#8221;][vc_column curly_padding=&#8221;content-padding&#8221;][vc_column_text] MYOFASCIAL RELEASE [\/vc_column_text][\/vc_column][\/vc_row][vc_row content_placement=&#8221;middle&#8221; curly_padding=&#8221;content-padding-none&#8221;][vc_column width=&#8221;1\/2&#8243;][vc_single_image image=&#8221;3241&#8243; img_size=&#8221;large&#8221; style=&#8221;img-frame-large&#8221;][\/vc_column][vc_column width=&#8221;1\/2&#8243;][vc_column_text]Myofascial Release is a safe and highly effective applied technique that includes a light and continuous pressure on Myofascial connective tissue restrictions to relieve pain and restore movement. Myofascial Release is a safe and highly effective applied technique that includes a light and continuous pressure on Myofascial connective [&hellip;]<\/p>\n","protected":false},"author":1,"featured_media":0,"parent":9,"menu_order":0,"comment_status":"closed","ping_status":"closed","template":"","meta":{"inline_featured_image":false,"footnotes":""},"class_list":["post-3240","page","type-page","status-publish","hentry"],"yoast_head":"<!-- This site is optimized with the Yoast SEO plugin v25.7 - https:\/\/yoast.com\/wordpress\/plugins\/seo\/ -->\n<title>MYOFASCIAL RELEASEMYOFASCIAL RELEASEMYOFASCIAL RELEASE<\/title>\n<meta name=\"description\" content=\"Myofascial Release, a\u011fr\u0131y\u0131 gidermek ve hareketi geri almak i\u00e7in Myofascial ba\u011f dokusu k\u0131s\u0131tlamalar\u0131na hafif ve s\u00fcrekli bir bas\u0131n\u00e7 uygulamay\u0131 i\u00e7eren g\u00fcvenli ve \u00e7ok etkili bir uygulamal\u0131 tekniktir. Bu temel \u201czaman eleman\u0131\u201d viskoz ak\u0131\u015f ve piezoelektrik fenomen ile ilgilidir: yava\u015f uygulanan d\u00fc\u015f\u00fck y\u00fck (hafif bas\u0131n\u00e7), viskoelastik ortam\u0131n (fasya) uzamas\u0131n\u0131 sa\u011flar.\" \/>\n<meta name=\"robots\" content=\"index, follow, max-snippet:-1, max-image-preview:large, max-video-preview:-1\" \/>\n<link rel=\"canonical\" href=\"https:\/\/www.erdemyorukoglu.com\/en\/uzmanliklar\/myofascial-release\/\" \/>\n<meta property=\"og:locale\" content=\"en_US\" \/>\n<meta property=\"og:locale:alternate\" content=\"tr_TR\" \/>\n<meta property=\"og:locale:alternate\" content=\"De_GR\" \/>\n<meta property=\"og:type\" content=\"article\" \/>\n<meta property=\"og:title\" content=\"MYOFASCIAL RELEASEMYOFASCIAL RELEASEMYOFASCIAL RELEASE\" \/>\n<meta property=\"og:description\" content=\"Myofascial Release, a\u011fr\u0131y\u0131 gidermek ve hareketi geri almak i\u00e7in Myofascial ba\u011f dokusu k\u0131s\u0131tlamalar\u0131na hafif ve s\u00fcrekli bir bas\u0131n\u00e7 uygulamay\u0131 i\u00e7eren g\u00fcvenli ve \u00e7ok etkili bir uygulamal\u0131 tekniktir. Bu temel \u201czaman eleman\u0131\u201d viskoz ak\u0131\u015f ve piezoelektrik fenomen ile ilgilidir: yava\u015f uygulanan d\u00fc\u015f\u00fck y\u00fck (hafif bas\u0131n\u00e7), viskoelastik ortam\u0131n (fasya) uzamas\u0131n\u0131 sa\u011flar.\" \/>\n<meta property=\"og:url\" content=\"https:\/\/www.erdemyorukoglu.com\/en\/uzmanliklar\/myofascial-release\/\" \/>\n<meta property=\"og:site_name\" content=\"Erdem Y\u00f6r\u00fcko\u011flu \/\/ Manuel Terapi, Fizyoterapist, Ankara\" \/>\n<meta property=\"article:modified_time\" content=\"2025-08-16T14:06:54+00:00\" \/>\n<meta property=\"og:image\" content=\"https:\/\/www.erdemyorukoglu.com\/wp-content\/uploads\/2019\/01\/myofascial_1.jpg\" \/>\n\t<meta property=\"og:image:width\" content=\"1200\" \/>\n\t<meta property=\"og:image:height\" content=\"800\" \/>\n\t<meta property=\"og:image:type\" content=\"image\/jpeg\" \/>\n<meta name=\"twitter:card\" content=\"summary_large_image\" \/>\n<meta name=\"twitter:label1\" content=\"Est. reading time\" \/>\n\t<meta name=\"twitter:data1\" content=\"2 minutes\" \/>\n<script type=\"application\/ld+json\" class=\"yoast-schema-graph\">{\"@context\":\"https:\/\/schema.org\",\"@graph\":[{\"@type\":\"WebPage\",\"@id\":\"https:\/\/www.erdemyorukoglu.com\/tr\/uzmanliklar\/myofascial-release\/\",\"url\":\"https:\/\/www.erdemyorukoglu.com\/tr\/uzmanliklar\/myofascial-release\/\",\"name\":\"MYOFASCIAL RELEASEMYOFASCIAL RELEASEMYOFASCIAL RELEASE\",\"isPartOf\":{\"@id\":\"https:\/\/www.erdemyorukoglu.com\/en\/#website\"},\"datePublished\":\"2019-01-04T20:27:50+00:00\",\"dateModified\":\"2025-08-16T14:06:54+00:00\",\"description\":\"Myofascial Release, a\u011fr\u0131y\u0131 gidermek ve hareketi geri almak i\u00e7in Myofascial ba\u011f dokusu k\u0131s\u0131tlamalar\u0131na hafif ve s\u00fcrekli bir bas\u0131n\u00e7 uygulamay\u0131 i\u00e7eren g\u00fcvenli ve \u00e7ok etkili bir uygulamal\u0131 tekniktir. Bu temel \u201czaman eleman\u0131\u201d viskoz ak\u0131\u015f ve piezoelektrik fenomen ile ilgilidir: yava\u015f uygulanan d\u00fc\u015f\u00fck y\u00fck (hafif bas\u0131n\u00e7), viskoelastik ortam\u0131n (fasya) uzamas\u0131n\u0131 sa\u011flar.\",\"breadcrumb\":{\"@id\":\"https:\/\/www.erdemyorukoglu.com\/tr\/uzmanliklar\/myofascial-release\/#breadcrumb\"},\"inLanguage\":\"en-US\",\"potentialAction\":[{\"@type\":\"ReadAction\",\"target\":[\"https:\/\/www.erdemyorukoglu.com\/tr\/uzmanliklar\/myofascial-release\/\"]}]},{\"@type\":\"BreadcrumbList\",\"@id\":\"https:\/\/www.erdemyorukoglu.com\/tr\/uzmanliklar\/myofascial-release\/#breadcrumb\",\"itemListElement\":[{\"@type\":\"ListItem\",\"position\":1,\"name\":\"MANUEL TERAP\u0130 ANKARA %%sep%% %%sitename%%\",\"item\":\"https:\/\/www.erdemyorukoglu.com\/de\/\"},{\"@type\":\"ListItem\",\"position\":2,\"name\":\"UZMANLIKLAR\",\"item\":\"https:\/\/www.erdemyorukoglu.com\/de\/uzmanliklar\/\"},{\"@type\":\"ListItem\",\"position\":3,\"name\":\"MYOFASCIAL RELEASE\"}]},{\"@type\":\"WebSite\",\"@id\":\"https:\/\/www.erdemyorukoglu.com\/en\/#website\",\"url\":\"https:\/\/www.erdemyorukoglu.com\/en\/\",\"name\":\"Erdem Y\u00f6r\u00fcko\u011flu \/\/ Manuel Terapi, Fizyoterapist, Ankara\",\"description\":\"Manuel Terapi, Kayropraktik, Fizyoterapi, Bel ve Boyun F\u0131t\u0131\u011f\u0131, Lenf\u00f6dem Tedavisi, Gyrotonic, Skolyoz, Ankara\",\"publisher\":{\"@id\":\"https:\/\/www.erdemyorukoglu.com\/en\/#\/schema\/person\/854314645f5beb1ce61d3d55971d52e1\"},\"potentialAction\":[{\"@type\":\"SearchAction\",\"target\":{\"@type\":\"EntryPoint\",\"urlTemplate\":\"https:\/\/www.erdemyorukoglu.com\/en\/?s={search_term_string}\"},\"query-input\":{\"@type\":\"PropertyValueSpecification\",\"valueRequired\":true,\"valueName\":\"search_term_string\"}}],\"inLanguage\":\"en-US\"},{\"@type\":[\"Person\",\"Organization\"],\"@id\":\"https:\/\/www.erdemyorukoglu.com\/en\/#\/schema\/person\/854314645f5beb1ce61d3d55971d52e1\",\"name\":\"Erdem Y\u00f6r\u00fcko\u011flu\",\"image\":{\"@type\":\"ImageObject\",\"inLanguage\":\"en-US\",\"@id\":\"https:\/\/www.erdemyorukoglu.com\/en\/#\/schema\/person\/image\/\",\"url\":\"https:\/\/www.erdemyorukoglu.com\/wp-content\/uploads\/2018\/11\/fav-icon-1.png\",\"contentUrl\":\"https:\/\/www.erdemyorukoglu.com\/wp-content\/uploads\/2018\/11\/fav-icon-1.png\",\"width\":512,\"height\":512,\"caption\":\"Erdem Y\u00f6r\u00fcko\u011flu\"},\"logo\":{\"@id\":\"https:\/\/www.erdemyorukoglu.com\/en\/#\/schema\/person\/image\/\"}}]}<\/script>\n<!-- \/ Yoast SEO plugin. -->","yoast_head_json":{"title":"MYOFASCIAL RELEASEMYOFASCIAL RELEASEMYOFASCIAL RELEASE","description":"Myofascial Release, a\u011fr\u0131y\u0131 gidermek ve hareketi geri almak i\u00e7in Myofascial ba\u011f dokusu k\u0131s\u0131tlamalar\u0131na hafif ve s\u00fcrekli bir bas\u0131n\u00e7 uygulamay\u0131 i\u00e7eren g\u00fcvenli ve \u00e7ok etkili bir uygulamal\u0131 tekniktir. Bu temel \u201czaman eleman\u0131\u201d viskoz ak\u0131\u015f ve piezoelektrik fenomen ile ilgilidir: yava\u015f uygulanan d\u00fc\u015f\u00fck y\u00fck (hafif bas\u0131n\u00e7), viskoelastik ortam\u0131n (fasya) uzamas\u0131n\u0131 sa\u011flar.","robots":{"index":"index","follow":"follow","max-snippet":"max-snippet:-1","max-image-preview":"max-image-preview:large","max-video-preview":"max-video-preview:-1"},"canonical":"https:\/\/www.erdemyorukoglu.com\/en\/uzmanliklar\/myofascial-release\/","og_locale":"en_US","og_type":"article","og_title":"[:tr][:tr]MYOFASCIAL RELEASE[:en]MYOFASCIAL RELEASE[:de]MYOFASCIAL RELEASE[:] - Erdem Y\u00f6r\u00fcko\u011flu \/\/ Manuel Terapi, Fizyoterapist, Ankara[:en][:tr]MYOFASCIAL RELEASE[:en]MYOFASCIAL RELEASE[:de]MYOFASCIAL RELEASE[:] - Erdem Y\u00f6r\u00fcko\u011flu \/\/ Manuel Terapi, Fizyoterapist, Ankara[:de]Erdem Y\u00f6r\u00fcko\u011flu \/\/ Manuel Terapi, Fizyoterapist, Ankara - [:tr]MYOFASCIAL RELEASE[:en]MYOFASCIAL RELEASE[:de]MYOFASCIAL RELEASE[:][:]","og_description":"[:tr]Myofascial Release, a\u011fr\u0131y\u0131 gidermek ve hareketi geri almak i\u00e7in Myofascial ba\u011f dokusu k\u0131s\u0131tlamalar\u0131na hafif ve s\u00fcrekli bir bas\u0131n\u00e7 uygulamay\u0131 i\u00e7eren g\u00fcvenli ve \u00e7ok etkili bir uygulamal\u0131 tekniktir. Bu temel \u201czaman eleman\u0131\u201d viskoz ak\u0131\u015f ve piezoelektrik fenomen ile ilgilidir: yava\u015f uygulanan d\u00fc\u015f\u00fck y\u00fck (hafif bas\u0131n\u00e7), viskoelastik ortam\u0131n (fasya) uzamas\u0131n\u0131 sa\u011flar.[:]","og_url":"https:\/\/www.erdemyorukoglu.com\/en\/uzmanliklar\/myofascial-release\/","og_site_name":"Erdem Y\u00f6r\u00fcko\u011flu \/\/ Manuel Terapi, Fizyoterapist, Ankara","article_modified_time":"2025-08-16T14:06:54+00:00","og_image":[{"width":1200,"height":800,"url":"https:\/\/www.erdemyorukoglu.com\/wp-content\/uploads\/2019\/01\/myofascial_1.jpg","type":"image\/jpeg"}],"twitter_card":"summary_large_image","twitter_misc":{"Est. reading time":"2 minutes"},"schema":{"@context":"https:\/\/schema.org","@graph":[{"@type":"WebPage","@id":"https:\/\/www.erdemyorukoglu.com\/tr\/uzmanliklar\/myofascial-release\/","url":"https:\/\/www.erdemyorukoglu.com\/tr\/uzmanliklar\/myofascial-release\/","name":"MYOFASCIAL RELEASEMYOFASCIAL RELEASEMYOFASCIAL RELEASE","isPartOf":{"@id":"https:\/\/www.erdemyorukoglu.com\/en\/#website"},"datePublished":"2019-01-04T20:27:50+00:00","dateModified":"2025-08-16T14:06:54+00:00","description":"Myofascial Release, a\u011fr\u0131y\u0131 gidermek ve hareketi geri almak i\u00e7in Myofascial ba\u011f dokusu k\u0131s\u0131tlamalar\u0131na hafif ve s\u00fcrekli bir bas\u0131n\u00e7 uygulamay\u0131 i\u00e7eren g\u00fcvenli ve \u00e7ok etkili bir uygulamal\u0131 tekniktir. Bu temel \u201czaman eleman\u0131\u201d viskoz ak\u0131\u015f ve piezoelektrik fenomen ile ilgilidir: yava\u015f uygulanan d\u00fc\u015f\u00fck y\u00fck (hafif bas\u0131n\u00e7), viskoelastik ortam\u0131n (fasya) uzamas\u0131n\u0131 sa\u011flar.","breadcrumb":{"@id":"https:\/\/www.erdemyorukoglu.com\/tr\/uzmanliklar\/myofascial-release\/#breadcrumb"},"inLanguage":"en-US","potentialAction":[{"@type":"ReadAction","target":["https:\/\/www.erdemyorukoglu.com\/tr\/uzmanliklar\/myofascial-release\/"]}]},{"@type":"BreadcrumbList","@id":"https:\/\/www.erdemyorukoglu.com\/tr\/uzmanliklar\/myofascial-release\/#breadcrumb","itemListElement":[{"@type":"ListItem","position":1,"name":"MANUEL TERAP\u0130 ANKARA %%sep%% %%sitename%%","item":"https:\/\/www.erdemyorukoglu.com\/de\/"},{"@type":"ListItem","position":2,"name":"UZMANLIKLAR","item":"https:\/\/www.erdemyorukoglu.com\/de\/uzmanliklar\/"},{"@type":"ListItem","position":3,"name":"MYOFASCIAL RELEASE"}]},{"@type":"WebSite","@id":"https:\/\/www.erdemyorukoglu.com\/en\/#website","url":"https:\/\/www.erdemyorukoglu.com\/en\/","name":"Erdem Y\u00f6r\u00fcko\u011flu \/\/ Manuel Terapi, Fizyoterapist, Ankara","description":"Manuel Terapi, Kayropraktik, Fizyoterapi, Bel ve Boyun F\u0131t\u0131\u011f\u0131, Lenf\u00f6dem Tedavisi, Gyrotonic, Skolyoz, Ankara","publisher":{"@id":"https:\/\/www.erdemyorukoglu.com\/en\/#\/schema\/person\/854314645f5beb1ce61d3d55971d52e1"},"potentialAction":[{"@type":"SearchAction","target":{"@type":"EntryPoint","urlTemplate":"https:\/\/www.erdemyorukoglu.com\/en\/?s={search_term_string}"},"query-input":{"@type":"PropertyValueSpecification","valueRequired":true,"valueName":"search_term_string"}}],"inLanguage":"en-US"},{"@type":["Person","Organization"],"@id":"https:\/\/www.erdemyorukoglu.com\/en\/#\/schema\/person\/854314645f5beb1ce61d3d55971d52e1","name":"Erdem Y\u00f6r\u00fcko\u011flu","image":{"@type":"ImageObject","inLanguage":"en-US","@id":"https:\/\/www.erdemyorukoglu.com\/en\/#\/schema\/person\/image\/","url":"https:\/\/www.erdemyorukoglu.com\/wp-content\/uploads\/2018\/11\/fav-icon-1.png","contentUrl":"https:\/\/www.erdemyorukoglu.com\/wp-content\/uploads\/2018\/11\/fav-icon-1.png","width":512,"height":512,"caption":"Erdem Y\u00f6r\u00fcko\u011flu"},"logo":{"@id":"https:\/\/www.erdemyorukoglu.com\/en\/#\/schema\/person\/image\/"}}]}},"_links":{"self":[{"href":"https:\/\/www.erdemyorukoglu.com\/en\/wp-json\/wp\/v2\/pages\/3240","targetHints":{"allow":["GET"]}}],"collection":[{"href":"https:\/\/www.erdemyorukoglu.com\/en\/wp-json\/wp\/v2\/pages"}],"about":[{"href":"https:\/\/www.erdemyorukoglu.com\/en\/wp-json\/wp\/v2\/types\/page"}],"author":[{"embeddable":true,"href":"https:\/\/www.erdemyorukoglu.com\/en\/wp-json\/wp\/v2\/users\/1"}],"replies":[{"embeddable":true,"href":"https:\/\/www.erdemyorukoglu.com\/en\/wp-json\/wp\/v2\/comments?post=3240"}],"version-history":[{"count":21,"href":"https:\/\/www.erdemyorukoglu.com\/en\/wp-json\/wp\/v2\/pages\/3240\/revisions"}],"predecessor-version":[{"id":12078,"href":"https:\/\/www.erdemyorukoglu.com\/en\/wp-json\/wp\/v2\/pages\/3240\/revisions\/12078"}],"up":[{"embeddable":true,"href":"https:\/\/www.erdemyorukoglu.com\/en\/wp-json\/wp\/v2\/pages\/9"}],"wp:attachment":[{"href":"https:\/\/www.erdemyorukoglu.com\/en\/wp-json\/wp\/v2\/media?parent=3240"}],"curies":[{"name":"wp","href":"https:\/\/api.w.org\/{rel}","templated":true}]}}