{"id":3250,"date":"2019-01-04T23:55:58","date_gmt":"2019-01-04T20:55:58","guid":{"rendered":"https:\/\/www.erdemyorukoglu.com\/tr\/?page_id=3250"},"modified":"2025-08-16T17:03:15","modified_gmt":"2025-08-16T14:03:15","slug":"functional_movement_screen","status":"publish","type":"page","link":"https:\/\/www.erdemyorukoglu.com\/en\/uzmanliklar\/functional_movement_screen\/","title":{"rendered":"FMS (Functional Movement Screen)"},"content":{"rendered":"<div class=\"wpb-content-wrapper\">[vc_row full_width=&#8221;stretch_row&#8221; curly_padding=&#8221;content-padding-none&#8221;][vc_column curly_padding=&#8221;content-padding&#8221;][vc_column_text]\n<h1 style=\"text-align: center;\"><strong>FMS<\/strong><\/h1>\n<h1 style=\"text-align: center;\"><strong>(Functional Movement Screen)<\/strong><\/h1>\n[\/vc_column_text][\/vc_column][\/vc_row][vc_row full_height=&#8221;yes&#8221; content_placement=&#8221;middle&#8221;][vc_column width=&#8221;1\/2&#8243;][vc_single_image image=&#8221;3251&#8243; img_size=&#8221;large&#8221; style=&#8221;img-frame-large&#8221;][\/vc_column][vc_column width=&#8221;1\/2&#8243;][vc_column_text]The FMS advocates that first mobilization, then stabilization, then the correct movement and the last force must be loaded.<\/p>\n<p>FMS; weak neuromuscular control is a system used to assess the quality of movement pattern in athletes because it is thought to increase the risk of acute injury (1). In order to protect from injury and to increase the performance of the sport, correct movement patterns are required during physical activities and sporting events. For this reason, football clubs pay a million dollars to prevent injury to football players. The FMS is a very important guide for sports professionals working in sports clubs.<\/p>\n<p>The system, developed by Gray Cook, Lee Burton and Keith Fields, is an exercise modeling based on incorrect movement patterns in athletes and physical activity, by determining muscle imbalances and some important movement limitations and correcting these limitations. Deficiencies that occur during movement should be evaluated. After this evaluation, the heart of the FMS system, Corrective Exercise applications are introduced. These corrective exercises are regularly applied within the FMS system to correct the athlete&#8217;s existing problem. Pre-season or off-season practices reduce the injury potential of athletes. Before athletes are directed to a target or placed in a competitive environment, the body must be free of restrictions and the imbalances must be eliminated.<\/p>\n<p>The FMS detects the limits in the upper-lower, right-left, front-rear parts of the body through 7 movements.<\/p>\n<ol>\n<li>Deep Squatting<\/li>\n<li>High Step<\/li>\n<li>Cross Step<\/li>\n<li>Shoulder Mobility<\/li>\n<li>Active Flat Leg Lift<\/li>\n<li>Body Stability<\/li>\n<li>Rotation Stability<\/li>\n<\/ol>\n[\/vc_column_text][\/vc_column][\/vc_row][vc_row full_width=&#8221;stretch_row&#8221; curly_padding=&#8221;content-padding-none&#8221;][vc_column][vc_single_image image=&#8221;3253&#8243; img_size=&#8221;full&#8221; style=&#8221;img-frame-large&#8221;][\/vc_column][\/vc_row][vc_row][vc_column width=&#8221;1\/2&#8243;][vc_row_inner content_placement=&#8221;middle&#8221;][vc_column_inner][vc_single_image image=&#8221;3252&#8243; img_size=&#8221;large&#8221; alignment=&#8221;center&#8221; style=&#8221;img-frame-small&#8221; css_animation=&#8221;none&#8221;][\/vc_column_inner][\/vc_row_inner][\/vc_column][vc_column width=&#8221;1\/2&#8243;][vc_row_inner content_placement=&#8221;middle&#8221;][vc_column_inner css=&#8221;.vc_custom_1541365477896{margin-top: 0px !important;padding-top: 0px !important;}&#8221;][vc_column_text css=&#8221;.vc_custom_1549228032327{margin-top: 0px !important;border-top-width: 0px !important;padding-top: 0px !important;}&#8221;]The FMS assessment is based on a 7-point scoring system. Athletes get one point for each move. The painless and perfect application of the movement represents 3 points. The movement gets 2 points with some compensations and painless. If the movement fails completely, it gets 1 point. If you feel pain during the application, you get 0 points. (2) The athlete who performs the whole test without any pain and perfect movements can collect 21 points. This scoring will determine the corrective exercise for the athlete.<\/p>\n<p>The 7 functional movements within the FMS system represent the movements of the human body within the locomotor system. These movements are more and more in the football game. Movements such as walking, running, jumping, sliding sideways will increase the risk of injury unless applied in the correct pattern.<\/p>\n<p>FMS is basically; first, all the body joints are mobile. Then the static and dynamic stabilization of these joints must be smooth, which is especially important in sports where sudden turns, such as football, acceleration and deceleration. A stable joint can then be able to apply the correct movement perfectly. When these three subjects reach the desired level, however, strength training should be done. In short, the FMS advocates that first mobilization, then stabilization, then the correct movement and the last force must be loaded.[\/vc_column_text][\/vc_column_inner][\/vc_row_inner][\/vc_column][\/vc_row]\n<\/div>","protected":false},"excerpt":{"rendered":"<p>[vc_row full_width=&#8221;stretch_row&#8221; curly_padding=&#8221;content-padding-none&#8221;][vc_column curly_padding=&#8221;content-padding&#8221;][vc_column_text] FMS (Functional Movement Screen) [\/vc_column_text][\/vc_column][\/vc_row][vc_row full_height=&#8221;yes&#8221; content_placement=&#8221;middle&#8221;][vc_column width=&#8221;1\/2&#8243;][vc_single_image image=&#8221;3251&#8243; img_size=&#8221;large&#8221; style=&#8221;img-frame-large&#8221;][\/vc_column][vc_column width=&#8221;1\/2&#8243;][vc_column_text]The FMS advocates that first mobilization, then stabilization, then the correct movement and the last force must be loaded. FMS; weak neuromuscular control is a system used to assess the quality of movement pattern in athletes because it is thought to increase the risk of [&hellip;]<\/p>\n","protected":false},"author":1,"featured_media":0,"parent":9,"menu_order":0,"comment_status":"closed","ping_status":"closed","template":"","meta":{"inline_featured_image":false,"footnotes":""},"class_list":["post-3250","page","type-page","status-publish","hentry"],"yoast_head":"<!-- This site is optimized with the Yoast SEO plugin v25.7 - https:\/\/yoast.com\/wordpress\/plugins\/seo\/ -->\n<title>FMS (Functional Movement Screen)FMS (Functional Movement Screen)FMS (Functional Movement Screen)<\/title>\n<meta name=\"description\" content=\"FMS; zay\u0131f n\u00f6rom\u00fcsk\u00fcler kontrol\u00fcn, akut yaralanma riskini artt\u0131rd\u0131\u011f\u0131 d\u00fc\u015f\u00fcn\u00fcld\u00fc\u011f\u00fc i\u00e7in atletlerde hareket paterni kalitesini de\u011ferlendirmek i\u00e7in kullan\u0131lan bir sistemdir.\" \/>\n<meta name=\"robots\" content=\"index, follow, max-snippet:-1, max-image-preview:large, max-video-preview:-1\" \/>\n<link rel=\"canonical\" href=\"https:\/\/www.erdemyorukoglu.com\/en\/uzmanliklar\/functional_movement_screen\/\" \/>\n<meta property=\"og:locale\" content=\"en_US\" \/>\n<meta property=\"og:locale:alternate\" content=\"tr_TR\" \/>\n<meta property=\"og:locale:alternate\" content=\"De_GR\" \/>\n<meta property=\"og:type\" content=\"article\" \/>\n<meta property=\"og:title\" content=\"FMS (Functional Movement Screen)FMS (Functional Movement Screen)FMS (Functional Movement Screen)\" \/>\n<meta property=\"og:description\" content=\"FMS; zay\u0131f n\u00f6rom\u00fcsk\u00fcler kontrol\u00fcn, akut yaralanma riskini artt\u0131rd\u0131\u011f\u0131 d\u00fc\u015f\u00fcn\u00fcld\u00fc\u011f\u00fc i\u00e7in atletlerde hareket paterni kalitesini de\u011ferlendirmek i\u00e7in kullan\u0131lan bir sistemdir.\" \/>\n<meta property=\"og:url\" content=\"https:\/\/www.erdemyorukoglu.com\/en\/uzmanliklar\/functional_movement_screen\/\" \/>\n<meta property=\"og:site_name\" content=\"Erdem Y\u00f6r\u00fcko\u011flu \/\/ Manuel Terapi, Fizyoterapist, Ankara\" \/>\n<meta property=\"article:modified_time\" content=\"2025-08-16T14:03:15+00:00\" \/>\n<meta property=\"og:image\" content=\"https:\/\/www.erdemyorukoglu.com\/wp-content\/uploads\/2019\/01\/fms_2.jpg\" \/>\n\t<meta property=\"og:image:width\" content=\"800\" \/>\n\t<meta property=\"og:image:height\" content=\"1200\" \/>\n\t<meta property=\"og:image:type\" content=\"image\/jpeg\" \/>\n<meta name=\"twitter:card\" content=\"summary_large_image\" \/>\n<meta name=\"twitter:image\" content=\"https:\/\/www.erdemyorukoglu.com\/wp-content\/uploads\/2019\/01\/fms_2.jpg\" \/>\n<meta name=\"twitter:label1\" content=\"Est. reading time\" \/>\n\t<meta name=\"twitter:data1\" content=\"3 minutes\" \/>\n<script type=\"application\/ld+json\" class=\"yoast-schema-graph\">{\"@context\":\"https:\/\/schema.org\",\"@graph\":[{\"@type\":\"WebPage\",\"@id\":\"https:\/\/www.erdemyorukoglu.com\/tr\/uzmanliklar\/functional_movement_screen\/\",\"url\":\"https:\/\/www.erdemyorukoglu.com\/tr\/uzmanliklar\/functional_movement_screen\/\",\"name\":\"FMS (Functional Movement Screen)FMS (Functional Movement Screen)FMS (Functional Movement Screen)\",\"isPartOf\":{\"@id\":\"https:\/\/www.erdemyorukoglu.com\/en\/#website\"},\"datePublished\":\"2019-01-04T20:55:58+00:00\",\"dateModified\":\"2025-08-16T14:03:15+00:00\",\"description\":\"FMS; zay\u0131f n\u00f6rom\u00fcsk\u00fcler kontrol\u00fcn, akut yaralanma riskini artt\u0131rd\u0131\u011f\u0131 d\u00fc\u015f\u00fcn\u00fcld\u00fc\u011f\u00fc i\u00e7in atletlerde hareket paterni kalitesini de\u011ferlendirmek i\u00e7in kullan\u0131lan bir sistemdir.\",\"breadcrumb\":{\"@id\":\"https:\/\/www.erdemyorukoglu.com\/tr\/uzmanliklar\/functional_movement_screen\/#breadcrumb\"},\"inLanguage\":\"en-US\",\"potentialAction\":[{\"@type\":\"ReadAction\",\"target\":[\"https:\/\/www.erdemyorukoglu.com\/tr\/uzmanliklar\/functional_movement_screen\/\"]}]},{\"@type\":\"BreadcrumbList\",\"@id\":\"https:\/\/www.erdemyorukoglu.com\/tr\/uzmanliklar\/functional_movement_screen\/#breadcrumb\",\"itemListElement\":[{\"@type\":\"ListItem\",\"position\":1,\"name\":\"MANUEL TERAP\u0130 ANKARA %%sep%% %%sitename%%\",\"item\":\"https:\/\/www.erdemyorukoglu.com\/de\/\"},{\"@type\":\"ListItem\",\"position\":2,\"name\":\"UZMANLIKLAR\",\"item\":\"https:\/\/www.erdemyorukoglu.com\/de\/uzmanliklar\/\"},{\"@type\":\"ListItem\",\"position\":3,\"name\":\"FMS (Functional Movement Screen)\"}]},{\"@type\":\"WebSite\",\"@id\":\"https:\/\/www.erdemyorukoglu.com\/en\/#website\",\"url\":\"https:\/\/www.erdemyorukoglu.com\/en\/\",\"name\":\"Erdem Y\u00f6r\u00fcko\u011flu \/\/ Manuel Terapi, Fizyoterapist, Ankara\",\"description\":\"Manuel Terapi, Kayropraktik, Fizyoterapi, Bel ve Boyun F\u0131t\u0131\u011f\u0131, Lenf\u00f6dem Tedavisi, Gyrotonic, Skolyoz, Ankara\",\"publisher\":{\"@id\":\"https:\/\/www.erdemyorukoglu.com\/en\/#\/schema\/person\/854314645f5beb1ce61d3d55971d52e1\"},\"potentialAction\":[{\"@type\":\"SearchAction\",\"target\":{\"@type\":\"EntryPoint\",\"urlTemplate\":\"https:\/\/www.erdemyorukoglu.com\/en\/?s={search_term_string}\"},\"query-input\":{\"@type\":\"PropertyValueSpecification\",\"valueRequired\":true,\"valueName\":\"search_term_string\"}}],\"inLanguage\":\"en-US\"},{\"@type\":[\"Person\",\"Organization\"],\"@id\":\"https:\/\/www.erdemyorukoglu.com\/en\/#\/schema\/person\/854314645f5beb1ce61d3d55971d52e1\",\"name\":\"Erdem Y\u00f6r\u00fcko\u011flu\",\"image\":{\"@type\":\"ImageObject\",\"inLanguage\":\"en-US\",\"@id\":\"https:\/\/www.erdemyorukoglu.com\/en\/#\/schema\/person\/image\/\",\"url\":\"https:\/\/www.erdemyorukoglu.com\/wp-content\/uploads\/2018\/11\/fav-icon-1.png\",\"contentUrl\":\"https:\/\/www.erdemyorukoglu.com\/wp-content\/uploads\/2018\/11\/fav-icon-1.png\",\"width\":512,\"height\":512,\"caption\":\"Erdem Y\u00f6r\u00fcko\u011flu\"},\"logo\":{\"@id\":\"https:\/\/www.erdemyorukoglu.com\/en\/#\/schema\/person\/image\/\"}}]}<\/script>\n<!-- \/ Yoast SEO plugin. -->","yoast_head_json":{"title":"FMS (Functional Movement Screen)FMS (Functional Movement Screen)FMS (Functional Movement Screen)","description":"FMS; zay\u0131f n\u00f6rom\u00fcsk\u00fcler kontrol\u00fcn, akut yaralanma riskini artt\u0131rd\u0131\u011f\u0131 d\u00fc\u015f\u00fcn\u00fcld\u00fc\u011f\u00fc i\u00e7in atletlerde hareket paterni kalitesini de\u011ferlendirmek i\u00e7in kullan\u0131lan bir sistemdir.","robots":{"index":"index","follow":"follow","max-snippet":"max-snippet:-1","max-image-preview":"max-image-preview:large","max-video-preview":"max-video-preview:-1"},"canonical":"https:\/\/www.erdemyorukoglu.com\/en\/uzmanliklar\/functional_movement_screen\/","og_locale":"en_US","og_type":"article","og_title":"[:tr][:tr]FMS (Functional Movement Screen)[:en]FMS (Functional Movement Screen)[:de]FMS \/ Funktionale Bewegung Bildschirm[:] - Erdem Y\u00f6r\u00fcko\u011flu \/\/ Manuel Terapi, Fizyoterapist, Ankara[:en][:tr]FMS (Functional Movement Screen)[:en]FMS (Functional Movement Screen)[:de]FMS \/ Funktionale Bewegung Bildschirm[:] - Erdem Y\u00f6r\u00fcko\u011flu \/\/ Manuel Terapi, Fizyoterapist, Ankara[:de]Erdem Y\u00f6r\u00fcko\u011flu \/\/ Manuel Terapi, Fizyoterapist, Ankara - [:tr]FMS (Functional Movement Screen)[:en]FMS (Functional Movement Screen)[:de]FMS \/ Funktionale Bewegung Bildschirm[:][:]","og_description":"[:tr]FMS; zay\u0131f n\u00f6rom\u00fcsk\u00fcler kontrol\u00fcn, akut yaralanma riskini artt\u0131rd\u0131\u011f\u0131 d\u00fc\u015f\u00fcn\u00fcld\u00fc\u011f\u00fc i\u00e7in atletlerde hareket paterni kalitesini de\u011ferlendirmek i\u00e7in kullan\u0131lan bir sistemdir.[:]","og_url":"https:\/\/www.erdemyorukoglu.com\/en\/uzmanliklar\/functional_movement_screen\/","og_site_name":"Erdem Y\u00f6r\u00fcko\u011flu \/\/ Manuel Terapi, Fizyoterapist, Ankara","article_modified_time":"2025-08-16T14:03:15+00:00","og_image":[{"width":800,"height":1200,"url":"https:\/\/www.erdemyorukoglu.com\/wp-content\/uploads\/2019\/01\/fms_2.jpg","type":"image\/jpeg"}],"twitter_card":"summary_large_image","twitter_image":"https:\/\/www.erdemyorukoglu.com\/wp-content\/uploads\/2019\/01\/fms_2.jpg","twitter_misc":{"Est. reading time":"3 minutes"},"schema":{"@context":"https:\/\/schema.org","@graph":[{"@type":"WebPage","@id":"https:\/\/www.erdemyorukoglu.com\/tr\/uzmanliklar\/functional_movement_screen\/","url":"https:\/\/www.erdemyorukoglu.com\/tr\/uzmanliklar\/functional_movement_screen\/","name":"FMS (Functional Movement Screen)FMS (Functional Movement Screen)FMS (Functional Movement Screen)","isPartOf":{"@id":"https:\/\/www.erdemyorukoglu.com\/en\/#website"},"datePublished":"2019-01-04T20:55:58+00:00","dateModified":"2025-08-16T14:03:15+00:00","description":"FMS; zay\u0131f n\u00f6rom\u00fcsk\u00fcler kontrol\u00fcn, akut yaralanma riskini artt\u0131rd\u0131\u011f\u0131 d\u00fc\u015f\u00fcn\u00fcld\u00fc\u011f\u00fc i\u00e7in atletlerde hareket paterni kalitesini de\u011ferlendirmek i\u00e7in kullan\u0131lan bir sistemdir.","breadcrumb":{"@id":"https:\/\/www.erdemyorukoglu.com\/tr\/uzmanliklar\/functional_movement_screen\/#breadcrumb"},"inLanguage":"en-US","potentialAction":[{"@type":"ReadAction","target":["https:\/\/www.erdemyorukoglu.com\/tr\/uzmanliklar\/functional_movement_screen\/"]}]},{"@type":"BreadcrumbList","@id":"https:\/\/www.erdemyorukoglu.com\/tr\/uzmanliklar\/functional_movement_screen\/#breadcrumb","itemListElement":[{"@type":"ListItem","position":1,"name":"MANUEL TERAP\u0130 ANKARA %%sep%% %%sitename%%","item":"https:\/\/www.erdemyorukoglu.com\/de\/"},{"@type":"ListItem","position":2,"name":"UZMANLIKLAR","item":"https:\/\/www.erdemyorukoglu.com\/de\/uzmanliklar\/"},{"@type":"ListItem","position":3,"name":"FMS (Functional Movement Screen)"}]},{"@type":"WebSite","@id":"https:\/\/www.erdemyorukoglu.com\/en\/#website","url":"https:\/\/www.erdemyorukoglu.com\/en\/","name":"Erdem Y\u00f6r\u00fcko\u011flu \/\/ Manuel Terapi, Fizyoterapist, Ankara","description":"Manuel Terapi, Kayropraktik, Fizyoterapi, Bel ve Boyun F\u0131t\u0131\u011f\u0131, Lenf\u00f6dem Tedavisi, Gyrotonic, Skolyoz, Ankara","publisher":{"@id":"https:\/\/www.erdemyorukoglu.com\/en\/#\/schema\/person\/854314645f5beb1ce61d3d55971d52e1"},"potentialAction":[{"@type":"SearchAction","target":{"@type":"EntryPoint","urlTemplate":"https:\/\/www.erdemyorukoglu.com\/en\/?s={search_term_string}"},"query-input":{"@type":"PropertyValueSpecification","valueRequired":true,"valueName":"search_term_string"}}],"inLanguage":"en-US"},{"@type":["Person","Organization"],"@id":"https:\/\/www.erdemyorukoglu.com\/en\/#\/schema\/person\/854314645f5beb1ce61d3d55971d52e1","name":"Erdem Y\u00f6r\u00fcko\u011flu","image":{"@type":"ImageObject","inLanguage":"en-US","@id":"https:\/\/www.erdemyorukoglu.com\/en\/#\/schema\/person\/image\/","url":"https:\/\/www.erdemyorukoglu.com\/wp-content\/uploads\/2018\/11\/fav-icon-1.png","contentUrl":"https:\/\/www.erdemyorukoglu.com\/wp-content\/uploads\/2018\/11\/fav-icon-1.png","width":512,"height":512,"caption":"Erdem Y\u00f6r\u00fcko\u011flu"},"logo":{"@id":"https:\/\/www.erdemyorukoglu.com\/en\/#\/schema\/person\/image\/"}}]}},"_links":{"self":[{"href":"https:\/\/www.erdemyorukoglu.com\/en\/wp-json\/wp\/v2\/pages\/3250","targetHints":{"allow":["GET"]}}],"collection":[{"href":"https:\/\/www.erdemyorukoglu.com\/en\/wp-json\/wp\/v2\/pages"}],"about":[{"href":"https:\/\/www.erdemyorukoglu.com\/en\/wp-json\/wp\/v2\/types\/page"}],"author":[{"embeddable":true,"href":"https:\/\/www.erdemyorukoglu.com\/en\/wp-json\/wp\/v2\/users\/1"}],"replies":[{"embeddable":true,"href":"https:\/\/www.erdemyorukoglu.com\/en\/wp-json\/wp\/v2\/comments?post=3250"}],"version-history":[{"count":16,"href":"https:\/\/www.erdemyorukoglu.com\/en\/wp-json\/wp\/v2\/pages\/3250\/revisions"}],"predecessor-version":[{"id":12075,"href":"https:\/\/www.erdemyorukoglu.com\/en\/wp-json\/wp\/v2\/pages\/3250\/revisions\/12075"}],"up":[{"embeddable":true,"href":"https:\/\/www.erdemyorukoglu.com\/en\/wp-json\/wp\/v2\/pages\/9"}],"wp:attachment":[{"href":"https:\/\/www.erdemyorukoglu.com\/en\/wp-json\/wp\/v2\/media?parent=3250"}],"curies":[{"name":"wp","href":"https:\/\/api.w.org\/{rel}","templated":true}]}}