{"id":3293,"date":"2019-01-05T20:26:29","date_gmt":"2019-01-05T17:26:29","guid":{"rendered":"https:\/\/www.erdemyorukoglu.com\/tr\/?page_id=3293"},"modified":"2025-08-16T17:00:36","modified_gmt":"2025-08-16T14:00:36","slug":"kalca-sikisma-sendromu","status":"publish","type":"page","link":"https:\/\/www.erdemyorukoglu.com\/en\/tedaviler\/kalca-sikisma-sendromu\/","title":{"rendered":"HIP IMPINGEMENT"},"content":{"rendered":"<div class=\"wpb-content-wrapper\">[vc_row full_width=&#8221;stretch_row&#8221; curly_padding=&#8221;content-padding-none&#8221;][vc_column curly_padding=&#8221;content-padding&#8221;][vc_column_text]\n<h1 style=\"text-align: center;\"><strong>HIP IMPINGEMENT<\/strong><\/h1>\n[\/vc_column_text][\/vc_column][\/vc_row][vc_row full_width=&#8221;stretch_row&#8221; equal_height=&#8221;yes&#8221; content_placement=&#8221;top&#8221; curly_bg_position=&#8221;bg-pos-center-center&#8221; curly_padding=&#8221;content-padding-none&#8221; css=&#8221;.vc_custom_1549999305157{border-bottom-width: 1px !important;border-bottom-color: #f4f4f4 !important;border-bottom-style: solid !important;}&#8221;][vc_column width=&#8221;1\/2&#8243; curly_bg_position=&#8221;bg-pos-center-center&#8221; curly_padding=&#8221;content-padding-xs&#8221;][vc_single_image image=&#8221;3294&#8243; img_size=&#8221;large&#8221; css=&#8221;.vc_custom_1546708986225{margin-bottom: 0px !important;}&#8221; el_class=&#8221;img-frame-large&#8221;][vc_empty_space height=&#8221;48px&#8221;][vc_column_text curly_padding_side=&#8221;content-side-padding-xxl&#8221;]Because of the structural problems of the hip during hip joint movements of the two main parts of the hip joint is caused by an abnormal contact with each other.<\/p>\n<p>The edge of the head of the joint and the edge of the head of the femur are contacted after a certain angle when the hip is bent to the abdomen. In the normal hip joint, this contact is soft even at the most when the hip joint is pulled toward the abdomen, and at this point of contact there is a cartilage ring (labrum) surrounding the hip joint and softens the contact.<\/p>\n<p>However, if there is a structural problem in the structure of the hip joint, this contact is abnormal during the bending of the hip, excessive contact causes impingement, causing pain and disruption of the joint over time.<\/p>\n<h3><strong>Symptoms<\/strong><\/h3>\n<p>The first complaints are sudden pain in the midline with some movements. Over time, pain takes longer. In some patients, there may be a jerk and click-sounding in the groin with pain. The pain increases especially after sports, intensive and heavy work, and can continue for a while at rest. When calcification begins to develop, movement is restricted, pain persists over the years and there may be night pain. After a painful period, a completely painless period may occur.[\/vc_column_text][\/vc_column][vc_column width=&#8221;1\/2&#8243; curly_bg_position=&#8221;bg-pos-center-center&#8221; curly_padding=&#8221;content-padding-xs&#8221;][vc_single_image image=&#8221;3295&#8243; img_size=&#8221;large&#8221; css=&#8221;.vc_custom_1546709073542{margin-bottom: 0px !important;}&#8221; el_class=&#8221;img-frame-large&#8221;][vc_empty_space height=&#8221;48px&#8221;][vc_column_text curly_padding_side=&#8221;content-side-padding-xxl&#8221;]\n<h3><strong>Diagnosis<\/strong><\/h3>\n<p>The inguinal area is a place where many problems such as hernia, gynecological diseases and muscle problems are seen. There are patients with hip compression disease and inguinal hernia &#8211; ovarian surgery.<\/p>\n<h3><strong>How is it diagnosed?<\/strong><\/h3>\n<p>An experienced orthopedic surgeon recognizes and treats the patient with a high rate of hip stiffness. Direct X-ray films are then required. Direct films reveal the &#8216;cam&#8217; and &#8216;pincer&#8217; deformities to a great extent.<\/p>\n<p>Then MR is seen. It should be kept in mind that MR can do wrong if it cannot be done on good machines and some extra soft ware. Even if MRI is performed under appropriate conditions, it is not to be forgotten that 20% of labrum rupture can be omitted. In such cases, the popularity of this method has decreased since it can show a 20% robust labrum tear in the &#8216;arthro MR&#8217; examination performed by drug injection into the joint.<\/p>\n<h3><strong>Treatment<\/strong><\/h3>\n<p>Non-operative treatment<\/p>\n<p>In patients with hip compression disease and mild burns, &#8216;pelvic stabilizers&#8217; should be strengthened in centers experienced in sportive rehabilitation. In addition, in a significant number of cases, symptoms may be persistent or transient, with medications from the non-steroidal anti-inflammatory group given as an oral edema.<\/p>\n<p>In cases where complaints are ongoing or suspected, intra-articular injection is performed.[\/vc_column_text][\/vc_column][\/vc_row]\n<\/div>","protected":false},"excerpt":{"rendered":"<p>[vc_row full_width=&#8221;stretch_row&#8221; curly_padding=&#8221;content-padding-none&#8221;][vc_column curly_padding=&#8221;content-padding&#8221;][vc_column_text] HIP IMPINGEMENT [\/vc_column_text][\/vc_column][\/vc_row][vc_row full_width=&#8221;stretch_row&#8221; equal_height=&#8221;yes&#8221; content_placement=&#8221;top&#8221; curly_bg_position=&#8221;bg-pos-center-center&#8221; curly_padding=&#8221;content-padding-none&#8221; css=&#8221;.vc_custom_1549999305157{border-bottom-width: 1px !important;border-bottom-color: #f4f4f4 !important;border-bottom-style: solid !important;}&#8221;][vc_column width=&#8221;1\/2&#8243; curly_bg_position=&#8221;bg-pos-center-center&#8221; curly_padding=&#8221;content-padding-xs&#8221;][vc_single_image image=&#8221;3294&#8243; img_size=&#8221;large&#8221; css=&#8221;.vc_custom_1546708986225{margin-bottom: 0px !important;}&#8221; el_class=&#8221;img-frame-large&#8221;][vc_empty_space height=&#8221;48px&#8221;][vc_column_text curly_padding_side=&#8221;content-side-padding-xxl&#8221;]Because of the structural problems of the hip during hip joint movements of the two main parts of the hip joint is caused by an abnormal contact with each other. The [&hellip;]<\/p>\n","protected":false},"author":1,"featured_media":0,"parent":2995,"menu_order":0,"comment_status":"closed","ping_status":"closed","template":"","meta":{"inline_featured_image":false,"footnotes":""},"class_list":["post-3293","page","type-page","status-publish","hentry"],"yoast_head":"<!-- This site is optimized with the Yoast SEO plugin v25.7 - https:\/\/yoast.com\/wordpress\/plugins\/seo\/ -->\n<title>HIP IMPINGEMENTHIP IMPINGEMENTHIP IMPINGEMENT<\/title>\n<meta name=\"description\" content=\"Kal\u00e7an\u0131n yap\u0131sal sorunlar\u0131 nedeniyle kal\u00e7a eklemi hareketleri s\u0131ras\u0131nda kal\u00e7a eklemini olu\u015fturan iki ana par\u00e7an\u0131n birbirine anormal temas\u0131 ile ortaya \u00e7\u0131kan bir hastal\u0131kt\u0131r.\" \/>\n<meta name=\"robots\" content=\"index, follow, max-snippet:-1, max-image-preview:large, max-video-preview:-1\" \/>\n<link rel=\"canonical\" href=\"https:\/\/www.erdemyorukoglu.com\/en\/tedaviler\/kalca-sikisma-sendromu\/\" \/>\n<meta property=\"og:locale\" content=\"en_US\" \/>\n<meta property=\"og:locale:alternate\" content=\"tr_TR\" \/>\n<meta property=\"og:locale:alternate\" content=\"De_GR\" \/>\n<meta property=\"og:type\" content=\"article\" \/>\n<meta property=\"og:title\" content=\"HIP IMPINGEMENTHIP IMPINGEMENTHIP IMPINGEMENT\" \/>\n<meta property=\"og:description\" content=\"Kal\u00e7an\u0131n yap\u0131sal sorunlar\u0131 nedeniyle kal\u00e7a eklemi hareketleri s\u0131ras\u0131nda kal\u00e7a eklemini olu\u015fturan iki ana par\u00e7an\u0131n birbirine anormal temas\u0131 ile ortaya \u00e7\u0131kan bir hastal\u0131kt\u0131r.\" \/>\n<meta property=\"og:url\" content=\"https:\/\/www.erdemyorukoglu.com\/en\/tedaviler\/kalca-sikisma-sendromu\/\" \/>\n<meta property=\"og:site_name\" content=\"Erdem Y\u00f6r\u00fcko\u011flu \/\/ Manuel Terapi, Fizyoterapist, Ankara\" \/>\n<meta property=\"article:modified_time\" content=\"2025-08-16T14:00:36+00:00\" \/>\n<meta name=\"twitter:card\" content=\"summary_large_image\" \/>\n<meta name=\"twitter:label1\" content=\"Est. reading time\" \/>\n\t<meta name=\"twitter:data1\" content=\"3 minutes\" \/>\n<script type=\"application\/ld+json\" class=\"yoast-schema-graph\">{\"@context\":\"https:\/\/schema.org\",\"@graph\":[{\"@type\":\"WebPage\",\"@id\":\"https:\/\/www.erdemyorukoglu.com\/tr\/tedaviler\/kalca-sikisma-sendromu\/\",\"url\":\"https:\/\/www.erdemyorukoglu.com\/tr\/tedaviler\/kalca-sikisma-sendromu\/\",\"name\":\"HIP IMPINGEMENTHIP IMPINGEMENTHIP IMPINGEMENT\",\"isPartOf\":{\"@id\":\"https:\/\/www.erdemyorukoglu.com\/en\/#website\"},\"datePublished\":\"2019-01-05T17:26:29+00:00\",\"dateModified\":\"2025-08-16T14:00:36+00:00\",\"description\":\"Kal\u00e7an\u0131n yap\u0131sal sorunlar\u0131 nedeniyle kal\u00e7a eklemi hareketleri s\u0131ras\u0131nda kal\u00e7a eklemini olu\u015fturan iki ana par\u00e7an\u0131n birbirine anormal temas\u0131 ile ortaya \u00e7\u0131kan bir hastal\u0131kt\u0131r.\",\"breadcrumb\":{\"@id\":\"https:\/\/www.erdemyorukoglu.com\/tr\/tedaviler\/kalca-sikisma-sendromu\/#breadcrumb\"},\"inLanguage\":\"en-US\",\"potentialAction\":[{\"@type\":\"ReadAction\",\"target\":[\"https:\/\/www.erdemyorukoglu.com\/tr\/tedaviler\/kalca-sikisma-sendromu\/\"]}]},{\"@type\":\"BreadcrumbList\",\"@id\":\"https:\/\/www.erdemyorukoglu.com\/tr\/tedaviler\/kalca-sikisma-sendromu\/#breadcrumb\",\"itemListElement\":[{\"@type\":\"ListItem\",\"position\":1,\"name\":\"MANUEL TERAP\u0130 ANKARA %%sep%% %%sitename%%\",\"item\":\"https:\/\/www.erdemyorukoglu.com\/de\/\"},{\"@type\":\"ListItem\",\"position\":2,\"name\":\"TEDAV\u0130LER\",\"item\":\"https:\/\/www.erdemyorukoglu.com\/en\/tedaviler\/\"},{\"@type\":\"ListItem\",\"position\":3,\"name\":\"KAL\u00c7A SIKI\u015eMA SENDROMU\"}]},{\"@type\":\"WebSite\",\"@id\":\"https:\/\/www.erdemyorukoglu.com\/en\/#website\",\"url\":\"https:\/\/www.erdemyorukoglu.com\/en\/\",\"name\":\"Erdem Y\u00f6r\u00fcko\u011flu \/\/ Manuel Terapi, Fizyoterapist, Ankara\",\"description\":\"Manuel Terapi, Kayropraktik, Fizyoterapi, Bel ve Boyun F\u0131t\u0131\u011f\u0131, Lenf\u00f6dem Tedavisi, Gyrotonic, Skolyoz, Ankara\",\"publisher\":{\"@id\":\"https:\/\/www.erdemyorukoglu.com\/en\/#\/schema\/person\/854314645f5beb1ce61d3d55971d52e1\"},\"potentialAction\":[{\"@type\":\"SearchAction\",\"target\":{\"@type\":\"EntryPoint\",\"urlTemplate\":\"https:\/\/www.erdemyorukoglu.com\/en\/?s={search_term_string}\"},\"query-input\":{\"@type\":\"PropertyValueSpecification\",\"valueRequired\":true,\"valueName\":\"search_term_string\"}}],\"inLanguage\":\"en-US\"},{\"@type\":[\"Person\",\"Organization\"],\"@id\":\"https:\/\/www.erdemyorukoglu.com\/en\/#\/schema\/person\/854314645f5beb1ce61d3d55971d52e1\",\"name\":\"Erdem Y\u00f6r\u00fcko\u011flu\",\"image\":{\"@type\":\"ImageObject\",\"inLanguage\":\"en-US\",\"@id\":\"https:\/\/www.erdemyorukoglu.com\/en\/#\/schema\/person\/image\/\",\"url\":\"https:\/\/www.erdemyorukoglu.com\/wp-content\/uploads\/2018\/11\/fav-icon-1.png\",\"contentUrl\":\"https:\/\/www.erdemyorukoglu.com\/wp-content\/uploads\/2018\/11\/fav-icon-1.png\",\"width\":512,\"height\":512,\"caption\":\"Erdem Y\u00f6r\u00fcko\u011flu\"},\"logo\":{\"@id\":\"https:\/\/www.erdemyorukoglu.com\/en\/#\/schema\/person\/image\/\"}}]}<\/script>\n<!-- \/ Yoast SEO plugin. -->","yoast_head_json":{"title":"HIP IMPINGEMENTHIP IMPINGEMENTHIP IMPINGEMENT","description":"Kal\u00e7an\u0131n yap\u0131sal sorunlar\u0131 nedeniyle kal\u00e7a eklemi hareketleri s\u0131ras\u0131nda kal\u00e7a eklemini olu\u015fturan iki ana par\u00e7an\u0131n birbirine anormal temas\u0131 ile ortaya \u00e7\u0131kan bir hastal\u0131kt\u0131r.","robots":{"index":"index","follow":"follow","max-snippet":"max-snippet:-1","max-image-preview":"max-image-preview:large","max-video-preview":"max-video-preview:-1"},"canonical":"https:\/\/www.erdemyorukoglu.com\/en\/tedaviler\/kalca-sikisma-sendromu\/","og_locale":"en_US","og_type":"article","og_title":"[:tr][:tr]KAL\u00c7A SIKI\u015eMA SENDROMU[:en]HIP IMPINGEMENT[:de]H\u00dcFTE \u0130MP\u0130NGEMENT[:] - Erdem Y\u00f6r\u00fcko\u011flu \/\/ Manuel Terapi, Fizyoterapist, Ankara[:en][:tr]KAL\u00c7A SIKI\u015eMA SENDROMU[:en]HIP IMPINGEMENT[:de]H\u00dcFTE \u0130MP\u0130NGEMENT[:] - Erdem Y\u00f6r\u00fcko\u011flu \/\/ Manuel Terapi, Fizyoterapist, Ankara[:de]Erdem Y\u00f6r\u00fcko\u011flu \/\/ Manuel Terapi, Fizyoterapist, Ankara - [:tr]KAL\u00c7A SIKI\u015eMA SENDROMU[:en]HIP IMPINGEMENT[:de]H\u00dcFTE \u0130MP\u0130NGEMENT[:][:]","og_description":"Kal\u00e7an\u0131n yap\u0131sal sorunlar\u0131 nedeniyle kal\u00e7a eklemi hareketleri s\u0131ras\u0131nda kal\u00e7a eklemini olu\u015fturan iki ana par\u00e7an\u0131n birbirine anormal temas\u0131 ile ortaya \u00e7\u0131kan bir hastal\u0131kt\u0131r.","og_url":"https:\/\/www.erdemyorukoglu.com\/en\/tedaviler\/kalca-sikisma-sendromu\/","og_site_name":"Erdem Y\u00f6r\u00fcko\u011flu \/\/ Manuel Terapi, Fizyoterapist, Ankara","article_modified_time":"2025-08-16T14:00:36+00:00","twitter_card":"summary_large_image","twitter_misc":{"Est. reading time":"3 minutes"},"schema":{"@context":"https:\/\/schema.org","@graph":[{"@type":"WebPage","@id":"https:\/\/www.erdemyorukoglu.com\/tr\/tedaviler\/kalca-sikisma-sendromu\/","url":"https:\/\/www.erdemyorukoglu.com\/tr\/tedaviler\/kalca-sikisma-sendromu\/","name":"HIP IMPINGEMENTHIP IMPINGEMENTHIP IMPINGEMENT","isPartOf":{"@id":"https:\/\/www.erdemyorukoglu.com\/en\/#website"},"datePublished":"2019-01-05T17:26:29+00:00","dateModified":"2025-08-16T14:00:36+00:00","description":"Kal\u00e7an\u0131n yap\u0131sal sorunlar\u0131 nedeniyle kal\u00e7a eklemi hareketleri s\u0131ras\u0131nda kal\u00e7a eklemini olu\u015fturan iki ana par\u00e7an\u0131n birbirine anormal temas\u0131 ile ortaya \u00e7\u0131kan bir hastal\u0131kt\u0131r.","breadcrumb":{"@id":"https:\/\/www.erdemyorukoglu.com\/tr\/tedaviler\/kalca-sikisma-sendromu\/#breadcrumb"},"inLanguage":"en-US","potentialAction":[{"@type":"ReadAction","target":["https:\/\/www.erdemyorukoglu.com\/tr\/tedaviler\/kalca-sikisma-sendromu\/"]}]},{"@type":"BreadcrumbList","@id":"https:\/\/www.erdemyorukoglu.com\/tr\/tedaviler\/kalca-sikisma-sendromu\/#breadcrumb","itemListElement":[{"@type":"ListItem","position":1,"name":"MANUEL TERAP\u0130 ANKARA %%sep%% %%sitename%%","item":"https:\/\/www.erdemyorukoglu.com\/de\/"},{"@type":"ListItem","position":2,"name":"TEDAV\u0130LER","item":"https:\/\/www.erdemyorukoglu.com\/en\/tedaviler\/"},{"@type":"ListItem","position":3,"name":"KAL\u00c7A SIKI\u015eMA SENDROMU"}]},{"@type":"WebSite","@id":"https:\/\/www.erdemyorukoglu.com\/en\/#website","url":"https:\/\/www.erdemyorukoglu.com\/en\/","name":"Erdem Y\u00f6r\u00fcko\u011flu \/\/ Manuel Terapi, Fizyoterapist, Ankara","description":"Manuel Terapi, Kayropraktik, Fizyoterapi, Bel ve Boyun F\u0131t\u0131\u011f\u0131, Lenf\u00f6dem Tedavisi, Gyrotonic, Skolyoz, Ankara","publisher":{"@id":"https:\/\/www.erdemyorukoglu.com\/en\/#\/schema\/person\/854314645f5beb1ce61d3d55971d52e1"},"potentialAction":[{"@type":"SearchAction","target":{"@type":"EntryPoint","urlTemplate":"https:\/\/www.erdemyorukoglu.com\/en\/?s={search_term_string}"},"query-input":{"@type":"PropertyValueSpecification","valueRequired":true,"valueName":"search_term_string"}}],"inLanguage":"en-US"},{"@type":["Person","Organization"],"@id":"https:\/\/www.erdemyorukoglu.com\/en\/#\/schema\/person\/854314645f5beb1ce61d3d55971d52e1","name":"Erdem Y\u00f6r\u00fcko\u011flu","image":{"@type":"ImageObject","inLanguage":"en-US","@id":"https:\/\/www.erdemyorukoglu.com\/en\/#\/schema\/person\/image\/","url":"https:\/\/www.erdemyorukoglu.com\/wp-content\/uploads\/2018\/11\/fav-icon-1.png","contentUrl":"https:\/\/www.erdemyorukoglu.com\/wp-content\/uploads\/2018\/11\/fav-icon-1.png","width":512,"height":512,"caption":"Erdem Y\u00f6r\u00fcko\u011flu"},"logo":{"@id":"https:\/\/www.erdemyorukoglu.com\/en\/#\/schema\/person\/image\/"}}]}},"_links":{"self":[{"href":"https:\/\/www.erdemyorukoglu.com\/en\/wp-json\/wp\/v2\/pages\/3293","targetHints":{"allow":["GET"]}}],"collection":[{"href":"https:\/\/www.erdemyorukoglu.com\/en\/wp-json\/wp\/v2\/pages"}],"about":[{"href":"https:\/\/www.erdemyorukoglu.com\/en\/wp-json\/wp\/v2\/types\/page"}],"author":[{"embeddable":true,"href":"https:\/\/www.erdemyorukoglu.com\/en\/wp-json\/wp\/v2\/users\/1"}],"replies":[{"embeddable":true,"href":"https:\/\/www.erdemyorukoglu.com\/en\/wp-json\/wp\/v2\/comments?post=3293"}],"version-history":[{"count":12,"href":"https:\/\/www.erdemyorukoglu.com\/en\/wp-json\/wp\/v2\/pages\/3293\/revisions"}],"predecessor-version":[{"id":3735,"href":"https:\/\/www.erdemyorukoglu.com\/en\/wp-json\/wp\/v2\/pages\/3293\/revisions\/3735"}],"up":[{"embeddable":true,"href":"https:\/\/www.erdemyorukoglu.com\/en\/wp-json\/wp\/v2\/pages\/2995"}],"wp:attachment":[{"href":"https:\/\/www.erdemyorukoglu.com\/en\/wp-json\/wp\/v2\/media?parent=3293"}],"curies":[{"name":"wp","href":"https:\/\/api.w.org\/{rel}","templated":true}]}}