{"id":3303,"date":"2019-01-05T21:12:12","date_gmt":"2019-01-05T18:12:12","guid":{"rendered":"https:\/\/www.erdemyorukoglu.com\/tr\/?page_id=3303"},"modified":"2025-08-16T16:47:18","modified_gmt":"2025-08-16T13:47:18","slug":"cene-eklemi-problemleri","status":"publish","type":"page","link":"https:\/\/www.erdemyorukoglu.com\/en\/tedaviler\/cene-eklemi-problemleri\/","title":{"rendered":"JAW JOINTS PROBLEMS"},"content":{"rendered":"<div class=\"wpb-content-wrapper\">[vc_row curly_padding=&#8221;content-padding-xs&#8221;][vc_column curly_padding=&#8221;content-padding&#8221;][vc_column_text]\n<h1 style=\"text-align: center;\"><strong>JAW JOINTS PROBLEMS<\/strong><\/h1>\n[\/vc_column_text][\/vc_column][\/vc_row][vc_row full_width=&#8221;stretch_row&#8221; curly_padding=&#8221;content-padding&#8221;][vc_column width=&#8221;1\/2&#8243;][vc_single_image image=&#8221;3305&#8243; img_size=&#8221;large&#8221; style=&#8221;img-frame-large&#8221; css_animation=&#8221;none&#8221;][vc_empty_space height=&#8221;48px&#8221;][vc_column_text]For the diagnosis and treatment of the jaw joint, temporomandibular joint disorders, it is absolutely necessary to examine a physician. During a period of human life, there is a discomfort in the jaw joint (temporomandibular). Chin joint disorders are caused by the uncorrect functioning of the joints and muscles that connect the upper and lower jaws. The most common symptom of the jaw joint disorder is the pain and crunch in the jaw joint and chewing muscles.<\/p>\n<h3><strong>Treatment Methods<\/strong><\/h3>\n<p>In the treatment of jaw joint, non-surgical therapies should be tried first. Soft foods should be consumed first, joint rest should be tried, medication and physical therapy should be applied to reduce pain and muscle spasms. If these methods have been tried but not complained, a surgeon should be examined.<\/p>\n<p>Surgical intervention may be necessary in patients who do not regress with symptoms in 3-6 months. In the case of jaw joint disorders, only 5% of the patients undergo surgery. It occurs mostly in young and middle ages. The incidence is higher in women.[\/vc_column_text][\/vc_column][vc_column width=&#8221;1\/2&#8243;][vc_single_image image=&#8221;3304&#8243; img_size=&#8221;large&#8221; style=&#8221;img-frame-large&#8221; css_animation=&#8221;none&#8221;][vc_empty_space height=&#8221;48px&#8221;][vc_column_text]\n<h3><strong>Symtoms<\/strong><\/h3>\n<ul>\n<li>Improper opening of the mouth<\/li>\n<li>Pain and sound in the jaw joint during eating<\/li>\n<li>Head and ear pain<\/li>\n<li>Locking or plugging jaw<\/li>\n<li>Changes in jaw movements and tenderness in the jaw muscles<\/li>\n<li>In more advanced cases, it is manifested by symptoms such as the formation of joint pain and inability to mouth movements even when talking, except when eating.<\/li>\n<\/ul>\n<h3><strong>Reasons<\/strong><\/h3>\n<ul>\n<li>Continuous teeth squeezing and gnashing at night (bruxism)<\/li>\n<li>Posture disorders, head and shoulders leading positions<\/li>\n<li>Jaw closure disorders, missing tooth, high fill<\/li>\n<li>Dental diseases and one-sided chewing<\/li>\n<li>Stress, sadness<\/li>\n<li>An accident of jaw fractures and head, neck and jaw traumas<\/li>\n<li>Nail eating, stretching, chewing gum, breathing out of mouth<\/li>\n<li>Congenital disorders<\/li>\n<li>Rarely, it may sometimes be a symptom of diseases such as tumors, infections and rheumatism.<\/li>\n<\/ul>\n<p>The primary treatment approach for the treatment of jaw joint diseases is non-surgical (conservative) treatment. In this treatment approach, muscle relaxant and anti-inflammatory drugs and splint application can be used.[\/vc_column_text][\/vc_column][\/vc_row]\n<\/div>","protected":false},"excerpt":{"rendered":"<p>[vc_row curly_padding=&#8221;content-padding-xs&#8221;][vc_column curly_padding=&#8221;content-padding&#8221;][vc_column_text] JAW JOINTS PROBLEMS [\/vc_column_text][\/vc_column][\/vc_row][vc_row full_width=&#8221;stretch_row&#8221; curly_padding=&#8221;content-padding&#8221;][vc_column width=&#8221;1\/2&#8243;][vc_single_image image=&#8221;3305&#8243; img_size=&#8221;large&#8221; style=&#8221;img-frame-large&#8221; css_animation=&#8221;none&#8221;][vc_empty_space height=&#8221;48px&#8221;][vc_column_text]For the diagnosis and treatment of the jaw joint, temporomandibular joint disorders, it is absolutely necessary to examine a physician. During a period of human life, there is a discomfort in the jaw joint (temporomandibular). Chin joint disorders are caused by the uncorrect functioning of the [&hellip;]<\/p>\n","protected":false},"author":1,"featured_media":0,"parent":2995,"menu_order":0,"comment_status":"closed","ping_status":"closed","template":"","meta":{"inline_featured_image":false,"footnotes":""},"class_list":["post-3303","page","type-page","status-publish","hentry"],"yoast_head":"<!-- This site is optimized with the Yoast SEO plugin v25.7 - https:\/\/yoast.com\/wordpress\/plugins\/seo\/ -->\n<title>JAW JOINTS PROBLEMSJAW JOINTS PROBLEMSJAW JOINTS PROBLEMS<\/title>\n<meta name=\"description\" content=\"\u00c7ene eklem problemleri; alt ve \u00fcst \u00e7eneyi birbirine ba\u011flayan eklem ve kaslar\u0131n do\u011fru \u00e7al\u0131\u015fmamas\u0131ndan kaynaklan\u0131r. \u00c7ene eklemi bozuklu\u011funun en bilinen belirtisi \u00e7ene ekleminde ve \u00e7i\u011fneme kaslar\u0131nda hissedilen a\u011fr\u0131 ve k\u0131t\u0131rt\u0131d\u0131r.\" \/>\n<meta name=\"robots\" content=\"index, follow, max-snippet:-1, max-image-preview:large, max-video-preview:-1\" \/>\n<link rel=\"canonical\" href=\"https:\/\/www.erdemyorukoglu.com\/en\/tedaviler\/cene-eklemi-problemleri\/\" \/>\n<meta property=\"og:locale\" content=\"en_US\" \/>\n<meta property=\"og:locale:alternate\" content=\"tr_TR\" \/>\n<meta property=\"og:locale:alternate\" content=\"De_GR\" \/>\n<meta property=\"og:type\" content=\"article\" \/>\n<meta property=\"og:title\" content=\"JAW JOINTS PROBLEMSJAW JOINTS PROBLEMSJAW JOINTS PROBLEMS\" \/>\n<meta property=\"og:description\" content=\"\u00c7ene eklem problemleri; alt ve \u00fcst \u00e7eneyi birbirine ba\u011flayan eklem ve kaslar\u0131n do\u011fru \u00e7al\u0131\u015fmamas\u0131ndan kaynaklan\u0131r. \u00c7ene eklemi bozuklu\u011funun en bilinen belirtisi \u00e7ene ekleminde ve \u00e7i\u011fneme kaslar\u0131nda hissedilen a\u011fr\u0131 ve k\u0131t\u0131rt\u0131d\u0131r.\" \/>\n<meta property=\"og:url\" content=\"https:\/\/www.erdemyorukoglu.com\/en\/tedaviler\/cene-eklemi-problemleri\/\" \/>\n<meta property=\"og:site_name\" content=\"Erdem Y\u00f6r\u00fcko\u011flu \/\/ Manuel Terapi, Fizyoterapist, Ankara\" \/>\n<meta property=\"article:modified_time\" content=\"2025-08-16T13:47:18+00:00\" \/>\n<meta property=\"og:image\" content=\"https:\/\/www.erdemyorukoglu.com\/wp-content\/uploads\/2019\/01\/cene_slider.jpg\" \/>\n\t<meta property=\"og:image:width\" content=\"1640\" \/>\n\t<meta property=\"og:image:height\" content=\"600\" \/>\n\t<meta property=\"og:image:type\" content=\"image\/jpeg\" \/>\n<meta name=\"twitter:card\" content=\"summary_large_image\" \/>\n<meta name=\"twitter:label1\" content=\"Est. reading time\" \/>\n\t<meta name=\"twitter:data1\" content=\"2 minutes\" \/>\n<script type=\"application\/ld+json\" class=\"yoast-schema-graph\">{\"@context\":\"https:\/\/schema.org\",\"@graph\":[{\"@type\":\"WebPage\",\"@id\":\"https:\/\/www.erdemyorukoglu.com\/tr\/tedaviler\/cene-eklemi-problemleri\/\",\"url\":\"https:\/\/www.erdemyorukoglu.com\/tr\/tedaviler\/cene-eklemi-problemleri\/\",\"name\":\"JAW JOINTS PROBLEMSJAW JOINTS PROBLEMSJAW JOINTS PROBLEMS\",\"isPartOf\":{\"@id\":\"https:\/\/www.erdemyorukoglu.com\/en\/#website\"},\"datePublished\":\"2019-01-05T18:12:12+00:00\",\"dateModified\":\"2025-08-16T13:47:18+00:00\",\"description\":\"\u00c7ene eklem problemleri; alt ve \u00fcst \u00e7eneyi birbirine ba\u011flayan eklem ve kaslar\u0131n do\u011fru \u00e7al\u0131\u015fmamas\u0131ndan kaynaklan\u0131r. \u00c7ene eklemi bozuklu\u011funun en bilinen belirtisi \u00e7ene ekleminde ve \u00e7i\u011fneme kaslar\u0131nda hissedilen a\u011fr\u0131 ve k\u0131t\u0131rt\u0131d\u0131r.\",\"breadcrumb\":{\"@id\":\"https:\/\/www.erdemyorukoglu.com\/tr\/tedaviler\/cene-eklemi-problemleri\/#breadcrumb\"},\"inLanguage\":\"en-US\",\"potentialAction\":[{\"@type\":\"ReadAction\",\"target\":[\"https:\/\/www.erdemyorukoglu.com\/tr\/tedaviler\/cene-eklemi-problemleri\/\"]}]},{\"@type\":\"BreadcrumbList\",\"@id\":\"https:\/\/www.erdemyorukoglu.com\/tr\/tedaviler\/cene-eklemi-problemleri\/#breadcrumb\",\"itemListElement\":[{\"@type\":\"ListItem\",\"position\":1,\"name\":\"MANUEL TERAP\u0130 ANKARA %%sep%% %%sitename%%\",\"item\":\"https:\/\/www.erdemyorukoglu.com\/de\/\"},{\"@type\":\"ListItem\",\"position\":2,\"name\":\"TEDAV\u0130LER\",\"item\":\"https:\/\/www.erdemyorukoglu.com\/en\/tedaviler\/\"},{\"@type\":\"ListItem\",\"position\":3,\"name\":\"\u00c7ENE EKLEM\u0130 PROBLEMLER\u0130\"}]},{\"@type\":\"WebSite\",\"@id\":\"https:\/\/www.erdemyorukoglu.com\/en\/#website\",\"url\":\"https:\/\/www.erdemyorukoglu.com\/en\/\",\"name\":\"Erdem Y\u00f6r\u00fcko\u011flu \/\/ Manuel Terapi, Fizyoterapist, Ankara\",\"description\":\"Manuel Terapi, Kayropraktik, Fizyoterapi, Bel ve Boyun F\u0131t\u0131\u011f\u0131, Lenf\u00f6dem Tedavisi, Gyrotonic, Skolyoz, Ankara\",\"publisher\":{\"@id\":\"https:\/\/www.erdemyorukoglu.com\/en\/#\/schema\/person\/854314645f5beb1ce61d3d55971d52e1\"},\"potentialAction\":[{\"@type\":\"SearchAction\",\"target\":{\"@type\":\"EntryPoint\",\"urlTemplate\":\"https:\/\/www.erdemyorukoglu.com\/en\/?s={search_term_string}\"},\"query-input\":{\"@type\":\"PropertyValueSpecification\",\"valueRequired\":true,\"valueName\":\"search_term_string\"}}],\"inLanguage\":\"en-US\"},{\"@type\":[\"Person\",\"Organization\"],\"@id\":\"https:\/\/www.erdemyorukoglu.com\/en\/#\/schema\/person\/854314645f5beb1ce61d3d55971d52e1\",\"name\":\"Erdem Y\u00f6r\u00fcko\u011flu\",\"image\":{\"@type\":\"ImageObject\",\"inLanguage\":\"en-US\",\"@id\":\"https:\/\/www.erdemyorukoglu.com\/en\/#\/schema\/person\/image\/\",\"url\":\"https:\/\/www.erdemyorukoglu.com\/wp-content\/uploads\/2018\/11\/fav-icon-1.png\",\"contentUrl\":\"https:\/\/www.erdemyorukoglu.com\/wp-content\/uploads\/2018\/11\/fav-icon-1.png\",\"width\":512,\"height\":512,\"caption\":\"Erdem Y\u00f6r\u00fcko\u011flu\"},\"logo\":{\"@id\":\"https:\/\/www.erdemyorukoglu.com\/en\/#\/schema\/person\/image\/\"}}]}<\/script>\n<!-- \/ Yoast SEO plugin. -->","yoast_head_json":{"title":"JAW JOINTS PROBLEMSJAW JOINTS PROBLEMSJAW JOINTS PROBLEMS","description":"\u00c7ene eklem problemleri; alt ve \u00fcst \u00e7eneyi birbirine ba\u011flayan eklem ve kaslar\u0131n do\u011fru \u00e7al\u0131\u015fmamas\u0131ndan kaynaklan\u0131r. \u00c7ene eklemi bozuklu\u011funun en bilinen belirtisi \u00e7ene ekleminde ve \u00e7i\u011fneme kaslar\u0131nda hissedilen a\u011fr\u0131 ve k\u0131t\u0131rt\u0131d\u0131r.","robots":{"index":"index","follow":"follow","max-snippet":"max-snippet:-1","max-image-preview":"max-image-preview:large","max-video-preview":"max-video-preview:-1"},"canonical":"https:\/\/www.erdemyorukoglu.com\/en\/tedaviler\/cene-eklemi-problemleri\/","og_locale":"en_US","og_type":"article","og_title":"[:tr][:tr]\u00c7ENE EKLEM\u0130 PROBLEMLER\u0130[:en]JAW JOINTS PROBLEMS[:de]K\u0130EFERGELENK PROBLEME[:] - Erdem Y\u00f6r\u00fcko\u011flu \/\/ Manuel Terapi, Fizyoterapist, Ankara[:en][:tr]\u00c7ENE EKLEM\u0130 PROBLEMLER\u0130[:en]JAW JOINTS PROBLEMS[:de]K\u0130EFERGELENK PROBLEME[:] - Erdem Y\u00f6r\u00fcko\u011flu \/\/ Manuel Terapi, Fizyoterapist, Ankara[:de]Erdem Y\u00f6r\u00fcko\u011flu \/\/ Manuel Terapi, Fizyoterapist, Ankara - [:tr]\u00c7ENE EKLEM\u0130 PROBLEMLER\u0130[:en]JAW JOINTS PROBLEMS[:de]K\u0130EFERGELENK PROBLEME[:][:]","og_description":"[:tr]\u00c7ene eklem problemleri; alt ve \u00fcst \u00e7eneyi birbirine ba\u011flayan eklem ve kaslar\u0131n do\u011fru \u00e7al\u0131\u015fmamas\u0131ndan kaynaklan\u0131r. \u00c7ene eklemi bozuklu\u011funun en bilinen belirtisi \u00e7ene ekleminde ve \u00e7i\u011fneme kaslar\u0131nda hissedilen a\u011fr\u0131 ve k\u0131t\u0131rt\u0131d\u0131r.[:]","og_url":"https:\/\/www.erdemyorukoglu.com\/en\/tedaviler\/cene-eklemi-problemleri\/","og_site_name":"Erdem Y\u00f6r\u00fcko\u011flu \/\/ Manuel Terapi, Fizyoterapist, Ankara","article_modified_time":"2025-08-16T13:47:18+00:00","og_image":[{"width":1640,"height":600,"url":"https:\/\/www.erdemyorukoglu.com\/wp-content\/uploads\/2019\/01\/cene_slider.jpg","type":"image\/jpeg"}],"twitter_card":"summary_large_image","twitter_misc":{"Est. reading time":"2 minutes"},"schema":{"@context":"https:\/\/schema.org","@graph":[{"@type":"WebPage","@id":"https:\/\/www.erdemyorukoglu.com\/tr\/tedaviler\/cene-eklemi-problemleri\/","url":"https:\/\/www.erdemyorukoglu.com\/tr\/tedaviler\/cene-eklemi-problemleri\/","name":"JAW JOINTS PROBLEMSJAW JOINTS PROBLEMSJAW JOINTS PROBLEMS","isPartOf":{"@id":"https:\/\/www.erdemyorukoglu.com\/en\/#website"},"datePublished":"2019-01-05T18:12:12+00:00","dateModified":"2025-08-16T13:47:18+00:00","description":"\u00c7ene eklem problemleri; alt ve \u00fcst \u00e7eneyi birbirine ba\u011flayan eklem ve kaslar\u0131n do\u011fru \u00e7al\u0131\u015fmamas\u0131ndan kaynaklan\u0131r. \u00c7ene eklemi bozuklu\u011funun en bilinen belirtisi \u00e7ene ekleminde ve \u00e7i\u011fneme kaslar\u0131nda hissedilen a\u011fr\u0131 ve k\u0131t\u0131rt\u0131d\u0131r.","breadcrumb":{"@id":"https:\/\/www.erdemyorukoglu.com\/tr\/tedaviler\/cene-eklemi-problemleri\/#breadcrumb"},"inLanguage":"en-US","potentialAction":[{"@type":"ReadAction","target":["https:\/\/www.erdemyorukoglu.com\/tr\/tedaviler\/cene-eklemi-problemleri\/"]}]},{"@type":"BreadcrumbList","@id":"https:\/\/www.erdemyorukoglu.com\/tr\/tedaviler\/cene-eklemi-problemleri\/#breadcrumb","itemListElement":[{"@type":"ListItem","position":1,"name":"MANUEL TERAP\u0130 ANKARA %%sep%% %%sitename%%","item":"https:\/\/www.erdemyorukoglu.com\/de\/"},{"@type":"ListItem","position":2,"name":"TEDAV\u0130LER","item":"https:\/\/www.erdemyorukoglu.com\/en\/tedaviler\/"},{"@type":"ListItem","position":3,"name":"\u00c7ENE EKLEM\u0130 PROBLEMLER\u0130"}]},{"@type":"WebSite","@id":"https:\/\/www.erdemyorukoglu.com\/en\/#website","url":"https:\/\/www.erdemyorukoglu.com\/en\/","name":"Erdem Y\u00f6r\u00fcko\u011flu \/\/ Manuel Terapi, Fizyoterapist, Ankara","description":"Manuel Terapi, Kayropraktik, Fizyoterapi, Bel ve Boyun F\u0131t\u0131\u011f\u0131, Lenf\u00f6dem Tedavisi, Gyrotonic, Skolyoz, Ankara","publisher":{"@id":"https:\/\/www.erdemyorukoglu.com\/en\/#\/schema\/person\/854314645f5beb1ce61d3d55971d52e1"},"potentialAction":[{"@type":"SearchAction","target":{"@type":"EntryPoint","urlTemplate":"https:\/\/www.erdemyorukoglu.com\/en\/?s={search_term_string}"},"query-input":{"@type":"PropertyValueSpecification","valueRequired":true,"valueName":"search_term_string"}}],"inLanguage":"en-US"},{"@type":["Person","Organization"],"@id":"https:\/\/www.erdemyorukoglu.com\/en\/#\/schema\/person\/854314645f5beb1ce61d3d55971d52e1","name":"Erdem Y\u00f6r\u00fcko\u011flu","image":{"@type":"ImageObject","inLanguage":"en-US","@id":"https:\/\/www.erdemyorukoglu.com\/en\/#\/schema\/person\/image\/","url":"https:\/\/www.erdemyorukoglu.com\/wp-content\/uploads\/2018\/11\/fav-icon-1.png","contentUrl":"https:\/\/www.erdemyorukoglu.com\/wp-content\/uploads\/2018\/11\/fav-icon-1.png","width":512,"height":512,"caption":"Erdem Y\u00f6r\u00fcko\u011flu"},"logo":{"@id":"https:\/\/www.erdemyorukoglu.com\/en\/#\/schema\/person\/image\/"}}]}},"_links":{"self":[{"href":"https:\/\/www.erdemyorukoglu.com\/en\/wp-json\/wp\/v2\/pages\/3303","targetHints":{"allow":["GET"]}}],"collection":[{"href":"https:\/\/www.erdemyorukoglu.com\/en\/wp-json\/wp\/v2\/pages"}],"about":[{"href":"https:\/\/www.erdemyorukoglu.com\/en\/wp-json\/wp\/v2\/types\/page"}],"author":[{"embeddable":true,"href":"https:\/\/www.erdemyorukoglu.com\/en\/wp-json\/wp\/v2\/users\/1"}],"replies":[{"embeddable":true,"href":"https:\/\/www.erdemyorukoglu.com\/en\/wp-json\/wp\/v2\/comments?post=3303"}],"version-history":[{"count":10,"href":"https:\/\/www.erdemyorukoglu.com\/en\/wp-json\/wp\/v2\/pages\/3303\/revisions"}],"predecessor-version":[{"id":3729,"href":"https:\/\/www.erdemyorukoglu.com\/en\/wp-json\/wp\/v2\/pages\/3303\/revisions\/3729"}],"up":[{"embeddable":true,"href":"https:\/\/www.erdemyorukoglu.com\/en\/wp-json\/wp\/v2\/pages\/2995"}],"wp:attachment":[{"href":"https:\/\/www.erdemyorukoglu.com\/en\/wp-json\/wp\/v2\/media?parent=3303"}],"curies":[{"name":"wp","href":"https:\/\/api.w.org\/{rel}","templated":true}]}}