{"id":3312,"date":"2019-01-05T21:31:19","date_gmt":"2019-01-05T18:31:19","guid":{"rendered":"https:\/\/www.erdemyorukoglu.com\/tr\/?page_id=3312"},"modified":"2025-08-16T16:47:50","modified_gmt":"2025-08-16T13:47:50","slug":"diz-ve-ayak-bilegi-agrilari","status":"publish","type":"page","link":"https:\/\/www.erdemyorukoglu.com\/en\/tedaviler\/diz-ve-ayak-bilegi-agrilari\/","title":{"rendered":"KNEE AND ANKLE PAINS"},"content":{"rendered":"<div class=\"wpb-content-wrapper\">[vc_row full_width=&#8221;stretch_row&#8221; curly_padding=&#8221;content-padding-none&#8221;][vc_column curly_padding=&#8221;content-padding&#8221;][vc_column_text]\n<h1 style=\"text-align: center;\">KNEE AND ANKLE PAINS<\/h1>\n[\/vc_column_text][\/vc_column][\/vc_row][vc_row curly_padding=&#8221;content-padding-xs&#8221;][vc_column width=&#8221;1\/2&#8243;][vc_single_image image=&#8221;3321&#8243; img_size=&#8221;large&#8221; style=&#8221;img-frame-large&#8221; css_animation=&#8221;none&#8221;][vc_column_text]Knee and ankle pain may be the cause of many medical reasons, but more than we follow from the information obtained from patients according to a sedentary life and as a result of the excess weight the load on the knee and ankle can increase and can make degenerative changes in these regions and can show itself with pain.<\/p>\n<p>The most common causes of knee pain &#8216;strain \u00a0and sprains&#8217; (42%). After these, osteoarthritis (34%) is seen. This is followed by meniscus injuries (9%), collateral (7%) and cross-linkage injuries.<\/p>\n<h3><strong>Strain and Sprains<\/strong><\/h3>\n<p>Muscles and joint structures in our body have a certain physiological capacity in terms of movements and movements over these capacities, or overcoming these capacities, such as overweight, old-age conditions can cause \u00a0small injuries or inflammatory processes in these structures can be caused. These injuries can cause joint and muscle limitations and may cause painful mobility.[\/vc_column_text][\/vc_column][vc_column width=&#8221;1\/2&#8243;][vc_single_image image=&#8221;3320&#8243; img_size=&#8221;large&#8221; style=&#8221;img-frame-large&#8221; css_animation=&#8221;none&#8221;][vc_column_text]\n<h3><strong>Osteoarthritis<\/strong><\/h3>\n<p>Osteoarthritis (OA) is the oldest known rheumatic disease. The radiological findings of osteoarthritis can be seen in the majority of people over 65 years of age and 80% of those over 75 years of age. The most common knees, hands and hips are held respectively. In a UK study, it was shown that 2.8% of working men and 1.3% of women had to retire due to problems related to osteoarthritis, and that 4-7 million working days per year were lost due to OA or coexistence. In the pathogenesis of osteoarthritis, genetic predisposition, trauma, inflammation, biochemical, metabolic, environmental factors and biomechanical factors are mentioned. OA patients mostly complain of stiffness, instability and loss of function in the joints. It is observed that OA is a major health problem and it is a long-term cause of disability. Osteoarthritis of the knee causes partial disability as it causes problems in activities such as sitting up and climbing, climbing stairs, squatting, standing up and walking. In osteoarthritis, although there is no treatment that regenerates the structural changes and cures the disease, the patient&#8217;s pain can be alleviated, the joint functions can be corrected or protected and the functional losses may be limited by the treatment planned for the patient. The goals of treatment in osteoarthritis can be summarized as control of pain and other symptoms, improvement of function, improvement of quality of life and, if possible, reduction of side effects associated with treatment.[\/vc_column_text][\/vc_column][\/vc_row][vc_row curly_padding=&#8221;content-padding-xs&#8221;][vc_column width=&#8221;1\/2&#8243;][vc_single_image image=&#8221;3314&#8243; img_size=&#8221;large&#8221; style=&#8221;img-frame-large&#8221; css_animation=&#8221;none&#8221;][vc_column_text]\n<h3><strong>Meniscus<\/strong><\/h3>\n<p>The meniscus is located on the top of the tibial bone, biconverse fibrocartilage disc structure. The outermost sections of the menisci, whose sections are in the form of a peninsula, are thick and convex. The meniscus attach two or three horns to the front and back of the bone. The medial one is called internal meniscus and the lateral one is called the external meniscus. The outer meniscus is thicker and the horns are closer to each other.<\/p>\n<p>The meniscus are movable and move forward when the leg is held in the straight position and backward when bent. Elastic fibers in the meniscus structure can easily rotate to their anatomical position after each movement with tight adhesion places in the anterior and posterior horns. In this way they move continuously between two bones which are incompatible with each other and continue their relations.<\/p>\n<p>The most important part of the meniscus tasks is the load transmission. The biomechanical studies showed that the cartilage conveys the loads from the top or bottom to the opposite side in up to 40-90%. When the menisci are removed, the contact area is greatly reduced, which is a ground for future adversities. Learning of this information has shown that we have more reasons for the protection of meniscus. Today, more limited attempts are made for meniscus. Menisci, which have been easily sacrificed by the slightest problem in the past, are now considered the most respected inhabitants of the directory.[\/vc_column_text][\/vc_column][vc_column width=&#8221;1\/2&#8243;][vc_single_image image=&#8221;3315&#8243; img_size=&#8221;large&#8221; style=&#8221;img-frame-large&#8221; css_animation=&#8221;none&#8221;][vc_column_text]In meniscus, the tears are formed during the inhibition of their movements by means of inward or outward rotation. The most common examples of rupture can be given in relation to football. Because soccer players encounter more loadings than normal life in matches or training. While holding the foot on the ground with the crampons of the footballer, he throws or kicks over the slightly twisted knee. The meniscus is overloaded with uncontrolled or abnormal rotation on the knee while the foot is stationary. If sufficient muscle strength cannot meet these burdens, it is inevitable to have a rupture. Therefore, meniscus tears in contact sports usually develop on a slightly twisted knee, with the joint being forced to rotate excessively. The injury occurs in direct proportion to the severity and duration of the injury. With the measures taken over time and the strong muscle structure, this injury is expected to result in a reduction. However, the principle of increasing speed and power in football hasn\u2019t led to a decrease in injury rate.<\/p>\n<p>Acupuncture treatment gives positive results in knee and ankle pain. In the course of treatment, if the patient has excess weight, maintaining weight control will positively affect the course of treatment. Because excess weight is especially felt in the joints and it affects the healing process of the area badly. Acupuncture sessions should be performed once a week for a total of 10-15 sessions. After the treatment period is completed, reminder sessions should be applied at certain periods and when the discomfort is repeated.[\/vc_column_text][\/vc_column][\/vc_row]\n<\/div>","protected":false},"excerpt":{"rendered":"<p>[vc_row full_width=&#8221;stretch_row&#8221; curly_padding=&#8221;content-padding-none&#8221;][vc_column curly_padding=&#8221;content-padding&#8221;][vc_column_text] KNEE AND ANKLE PAINS [\/vc_column_text][\/vc_column][\/vc_row][vc_row curly_padding=&#8221;content-padding-xs&#8221;][vc_column width=&#8221;1\/2&#8243;][vc_single_image image=&#8221;3321&#8243; img_size=&#8221;large&#8221; style=&#8221;img-frame-large&#8221; css_animation=&#8221;none&#8221;][vc_column_text]Knee and ankle pain may be the cause of many medical reasons, but more than we follow from the information obtained from patients according to a sedentary life and as a result of the excess weight the load on the knee and ankle can increase and [&hellip;]<\/p>\n","protected":false},"author":1,"featured_media":0,"parent":2995,"menu_order":0,"comment_status":"closed","ping_status":"closed","template":"","meta":{"inline_featured_image":false,"footnotes":""},"class_list":["post-3312","page","type-page","status-publish","hentry"],"yoast_head":"<!-- This site is optimized with the Yoast SEO plugin v25.7 - https:\/\/yoast.com\/wordpress\/plugins\/seo\/ -->\n<title>KNEE AND ANKLE PAINSKNEE AND ANKLE PAINSKNEE AND ANKLE PAINS<\/title>\n<meta name=\"description\" content=\"Diz ve ayak bilek a\u011fr\u0131lar\u0131n\u0131n bir \u00e7ok t\u0131bbi sebebi olabilmekte fakat daha \u00e7ok takip etti\u011fimiz hastalardan edindi\u011fimiz bilgilere g\u00f6re hareketsiz bir ya\u015fam ve bunun sonucunda olu\u015fan a\u015f\u0131r\u0131 kilolarda diz ve ayak bile\u011fine binen y\u00fck\u00fc art\u0131rarak bu b\u00f6lgelerde dejeneratif de\u011fi\u015fiklikler yapmakta ve a\u011fr\u0131 ile kendini g\u00f6sterebilmektedir.\" \/>\n<meta name=\"robots\" content=\"index, follow, max-snippet:-1, max-image-preview:large, max-video-preview:-1\" \/>\n<link rel=\"canonical\" href=\"https:\/\/www.erdemyorukoglu.com\/en\/tedaviler\/diz-ve-ayak-bilegi-agrilari\/\" \/>\n<meta property=\"og:locale\" content=\"en_US\" \/>\n<meta property=\"og:locale:alternate\" content=\"tr_TR\" \/>\n<meta property=\"og:locale:alternate\" content=\"De_GR\" \/>\n<meta property=\"og:type\" content=\"article\" \/>\n<meta property=\"og:title\" content=\"KNEE AND ANKLE PAINSKNEE AND ANKLE PAINSKNEE AND ANKLE PAINS\" \/>\n<meta property=\"og:description\" content=\"Diz ve ayak bilek a\u011fr\u0131lar\u0131n\u0131n bir \u00e7ok t\u0131bbi sebebi olabilmekte fakat daha \u00e7ok takip etti\u011fimiz hastalardan edindi\u011fimiz bilgilere g\u00f6re hareketsiz bir ya\u015fam ve bunun sonucunda olu\u015fan a\u015f\u0131r\u0131 kilolarda diz ve ayak bile\u011fine binen y\u00fck\u00fc art\u0131rarak bu b\u00f6lgelerde dejeneratif de\u011fi\u015fiklikler yapmakta ve a\u011fr\u0131 ile kendini g\u00f6sterebilmektedir.\" \/>\n<meta property=\"og:url\" content=\"https:\/\/www.erdemyorukoglu.com\/en\/tedaviler\/diz-ve-ayak-bilegi-agrilari\/\" \/>\n<meta property=\"og:site_name\" content=\"Erdem Y\u00f6r\u00fcko\u011flu \/\/ Manuel Terapi, Fizyoterapist, Ankara\" \/>\n<meta property=\"article:modified_time\" content=\"2025-08-16T13:47:50+00:00\" \/>\n<meta property=\"og:image\" content=\"https:\/\/www.erdemyorukoglu.com\/wp-content\/uploads\/2019\/01\/diz_2.jpg\" \/>\n\t<meta property=\"og:image:width\" content=\"800\" \/>\n\t<meta property=\"og:image:height\" content=\"1000\" \/>\n\t<meta property=\"og:image:type\" content=\"image\/jpeg\" \/>\n<meta name=\"twitter:card\" content=\"summary_large_image\" \/>\n<meta name=\"twitter:label1\" content=\"Est. reading time\" \/>\n\t<meta name=\"twitter:data1\" content=\"5 minutes\" \/>\n<script type=\"application\/ld+json\" class=\"yoast-schema-graph\">{\"@context\":\"https:\/\/schema.org\",\"@graph\":[{\"@type\":\"WebPage\",\"@id\":\"https:\/\/www.erdemyorukoglu.com\/tr\/tedaviler\/diz-ve-ayak-bilegi-agrilari\/\",\"url\":\"https:\/\/www.erdemyorukoglu.com\/tr\/tedaviler\/diz-ve-ayak-bilegi-agrilari\/\",\"name\":\"KNEE AND ANKLE PAINSKNEE AND ANKLE PAINSKNEE AND ANKLE PAINS\",\"isPartOf\":{\"@id\":\"https:\/\/www.erdemyorukoglu.com\/en\/#website\"},\"datePublished\":\"2019-01-05T18:31:19+00:00\",\"dateModified\":\"2025-08-16T13:47:50+00:00\",\"description\":\"Diz ve ayak bilek a\u011fr\u0131lar\u0131n\u0131n bir \u00e7ok t\u0131bbi sebebi olabilmekte fakat daha \u00e7ok takip etti\u011fimiz hastalardan edindi\u011fimiz bilgilere g\u00f6re hareketsiz bir ya\u015fam ve bunun sonucunda olu\u015fan a\u015f\u0131r\u0131 kilolarda diz ve ayak bile\u011fine binen y\u00fck\u00fc art\u0131rarak bu b\u00f6lgelerde dejeneratif de\u011fi\u015fiklikler yapmakta ve a\u011fr\u0131 ile kendini g\u00f6sterebilmektedir.\",\"breadcrumb\":{\"@id\":\"https:\/\/www.erdemyorukoglu.com\/tr\/tedaviler\/diz-ve-ayak-bilegi-agrilari\/#breadcrumb\"},\"inLanguage\":\"en-US\",\"potentialAction\":[{\"@type\":\"ReadAction\",\"target\":[\"https:\/\/www.erdemyorukoglu.com\/tr\/tedaviler\/diz-ve-ayak-bilegi-agrilari\/\"]}]},{\"@type\":\"BreadcrumbList\",\"@id\":\"https:\/\/www.erdemyorukoglu.com\/tr\/tedaviler\/diz-ve-ayak-bilegi-agrilari\/#breadcrumb\",\"itemListElement\":[{\"@type\":\"ListItem\",\"position\":1,\"name\":\"MANUEL TERAP\u0130 ANKARA %%sep%% %%sitename%%\",\"item\":\"https:\/\/www.erdemyorukoglu.com\/de\/\"},{\"@type\":\"ListItem\",\"position\":2,\"name\":\"TEDAV\u0130LER\",\"item\":\"https:\/\/www.erdemyorukoglu.com\/en\/tedaviler\/\"},{\"@type\":\"ListItem\",\"position\":3,\"name\":\"D\u0130Z ve AYAK B\u0130LE\u011e\u0130 A\u011eRILARI\"}]},{\"@type\":\"WebSite\",\"@id\":\"https:\/\/www.erdemyorukoglu.com\/en\/#website\",\"url\":\"https:\/\/www.erdemyorukoglu.com\/en\/\",\"name\":\"Erdem Y\u00f6r\u00fcko\u011flu \/\/ Manuel Terapi, Fizyoterapist, Ankara\",\"description\":\"Manuel Terapi, Kayropraktik, Fizyoterapi, Bel ve Boyun F\u0131t\u0131\u011f\u0131, Lenf\u00f6dem Tedavisi, Gyrotonic, Skolyoz, Ankara\",\"publisher\":{\"@id\":\"https:\/\/www.erdemyorukoglu.com\/en\/#\/schema\/person\/854314645f5beb1ce61d3d55971d52e1\"},\"potentialAction\":[{\"@type\":\"SearchAction\",\"target\":{\"@type\":\"EntryPoint\",\"urlTemplate\":\"https:\/\/www.erdemyorukoglu.com\/en\/?s={search_term_string}\"},\"query-input\":{\"@type\":\"PropertyValueSpecification\",\"valueRequired\":true,\"valueName\":\"search_term_string\"}}],\"inLanguage\":\"en-US\"},{\"@type\":[\"Person\",\"Organization\"],\"@id\":\"https:\/\/www.erdemyorukoglu.com\/en\/#\/schema\/person\/854314645f5beb1ce61d3d55971d52e1\",\"name\":\"Erdem Y\u00f6r\u00fcko\u011flu\",\"image\":{\"@type\":\"ImageObject\",\"inLanguage\":\"en-US\",\"@id\":\"https:\/\/www.erdemyorukoglu.com\/en\/#\/schema\/person\/image\/\",\"url\":\"https:\/\/www.erdemyorukoglu.com\/wp-content\/uploads\/2018\/11\/fav-icon-1.png\",\"contentUrl\":\"https:\/\/www.erdemyorukoglu.com\/wp-content\/uploads\/2018\/11\/fav-icon-1.png\",\"width\":512,\"height\":512,\"caption\":\"Erdem Y\u00f6r\u00fcko\u011flu\"},\"logo\":{\"@id\":\"https:\/\/www.erdemyorukoglu.com\/en\/#\/schema\/person\/image\/\"}}]}<\/script>\n<!-- \/ Yoast SEO plugin. -->","yoast_head_json":{"title":"KNEE AND ANKLE PAINSKNEE AND ANKLE PAINSKNEE AND ANKLE PAINS","description":"Diz ve ayak bilek a\u011fr\u0131lar\u0131n\u0131n bir \u00e7ok t\u0131bbi sebebi olabilmekte fakat daha \u00e7ok takip etti\u011fimiz hastalardan edindi\u011fimiz bilgilere g\u00f6re hareketsiz bir ya\u015fam ve bunun sonucunda olu\u015fan a\u015f\u0131r\u0131 kilolarda diz ve ayak bile\u011fine binen y\u00fck\u00fc art\u0131rarak bu b\u00f6lgelerde dejeneratif de\u011fi\u015fiklikler yapmakta ve a\u011fr\u0131 ile kendini g\u00f6sterebilmektedir.","robots":{"index":"index","follow":"follow","max-snippet":"max-snippet:-1","max-image-preview":"max-image-preview:large","max-video-preview":"max-video-preview:-1"},"canonical":"https:\/\/www.erdemyorukoglu.com\/en\/tedaviler\/diz-ve-ayak-bilegi-agrilari\/","og_locale":"en_US","og_type":"article","og_title":"[:tr][:tr]D\u0130Z ve AYAK B\u0130LE\u011e\u0130 A\u011eRILARI[:en]KNEE AND ANKLE PAINS[:de]KNIE UND KN\u00d6CHELSCHMERZ[:] - Erdem Y\u00f6r\u00fcko\u011flu \/\/ Manuel Terapi, Fizyoterapist, Ankara[:en][:tr]D\u0130Z ve AYAK B\u0130LE\u011e\u0130 A\u011eRILARI[:en]KNEE AND ANKLE PAINS[:de]KNIE UND KN\u00d6CHELSCHMERZ[:] - Erdem Y\u00f6r\u00fcko\u011flu \/\/ Manuel Terapi, Fizyoterapist, Ankara[:de]Erdem Y\u00f6r\u00fcko\u011flu \/\/ Manuel Terapi, Fizyoterapist, Ankara - [:tr]D\u0130Z ve AYAK B\u0130LE\u011e\u0130 A\u011eRILARI[:en]KNEE AND ANKLE PAINS[:de]KNIE UND KN\u00d6CHELSCHMERZ[:][:]","og_description":"Diz ve ayak bilek a\u011fr\u0131lar\u0131n\u0131n bir \u00e7ok t\u0131bbi sebebi olabilmekte fakat daha \u00e7ok takip etti\u011fimiz hastalardan edindi\u011fimiz bilgilere g\u00f6re hareketsiz bir ya\u015fam ve bunun sonucunda olu\u015fan a\u015f\u0131r\u0131 kilolarda diz ve ayak bile\u011fine binen y\u00fck\u00fc art\u0131rarak bu b\u00f6lgelerde dejeneratif de\u011fi\u015fiklikler yapmakta ve a\u011fr\u0131 ile kendini g\u00f6sterebilmektedir.","og_url":"https:\/\/www.erdemyorukoglu.com\/en\/tedaviler\/diz-ve-ayak-bilegi-agrilari\/","og_site_name":"Erdem Y\u00f6r\u00fcko\u011flu \/\/ Manuel Terapi, Fizyoterapist, Ankara","article_modified_time":"2025-08-16T13:47:50+00:00","og_image":[{"width":800,"height":1000,"url":"https:\/\/www.erdemyorukoglu.com\/wp-content\/uploads\/2019\/01\/diz_2.jpg","type":"image\/jpeg"}],"twitter_card":"summary_large_image","twitter_misc":{"Est. reading time":"5 minutes"},"schema":{"@context":"https:\/\/schema.org","@graph":[{"@type":"WebPage","@id":"https:\/\/www.erdemyorukoglu.com\/tr\/tedaviler\/diz-ve-ayak-bilegi-agrilari\/","url":"https:\/\/www.erdemyorukoglu.com\/tr\/tedaviler\/diz-ve-ayak-bilegi-agrilari\/","name":"KNEE AND ANKLE PAINSKNEE AND ANKLE PAINSKNEE AND ANKLE PAINS","isPartOf":{"@id":"https:\/\/www.erdemyorukoglu.com\/en\/#website"},"datePublished":"2019-01-05T18:31:19+00:00","dateModified":"2025-08-16T13:47:50+00:00","description":"Diz ve ayak bilek a\u011fr\u0131lar\u0131n\u0131n bir \u00e7ok t\u0131bbi sebebi olabilmekte fakat daha \u00e7ok takip etti\u011fimiz hastalardan edindi\u011fimiz bilgilere g\u00f6re hareketsiz bir ya\u015fam ve bunun sonucunda olu\u015fan a\u015f\u0131r\u0131 kilolarda diz ve ayak bile\u011fine binen y\u00fck\u00fc art\u0131rarak bu b\u00f6lgelerde dejeneratif de\u011fi\u015fiklikler yapmakta ve a\u011fr\u0131 ile kendini g\u00f6sterebilmektedir.","breadcrumb":{"@id":"https:\/\/www.erdemyorukoglu.com\/tr\/tedaviler\/diz-ve-ayak-bilegi-agrilari\/#breadcrumb"},"inLanguage":"en-US","potentialAction":[{"@type":"ReadAction","target":["https:\/\/www.erdemyorukoglu.com\/tr\/tedaviler\/diz-ve-ayak-bilegi-agrilari\/"]}]},{"@type":"BreadcrumbList","@id":"https:\/\/www.erdemyorukoglu.com\/tr\/tedaviler\/diz-ve-ayak-bilegi-agrilari\/#breadcrumb","itemListElement":[{"@type":"ListItem","position":1,"name":"MANUEL TERAP\u0130 ANKARA %%sep%% %%sitename%%","item":"https:\/\/www.erdemyorukoglu.com\/de\/"},{"@type":"ListItem","position":2,"name":"TEDAV\u0130LER","item":"https:\/\/www.erdemyorukoglu.com\/en\/tedaviler\/"},{"@type":"ListItem","position":3,"name":"D\u0130Z ve AYAK B\u0130LE\u011e\u0130 A\u011eRILARI"}]},{"@type":"WebSite","@id":"https:\/\/www.erdemyorukoglu.com\/en\/#website","url":"https:\/\/www.erdemyorukoglu.com\/en\/","name":"Erdem Y\u00f6r\u00fcko\u011flu \/\/ Manuel Terapi, Fizyoterapist, Ankara","description":"Manuel Terapi, Kayropraktik, Fizyoterapi, Bel ve Boyun F\u0131t\u0131\u011f\u0131, Lenf\u00f6dem Tedavisi, Gyrotonic, Skolyoz, Ankara","publisher":{"@id":"https:\/\/www.erdemyorukoglu.com\/en\/#\/schema\/person\/854314645f5beb1ce61d3d55971d52e1"},"potentialAction":[{"@type":"SearchAction","target":{"@type":"EntryPoint","urlTemplate":"https:\/\/www.erdemyorukoglu.com\/en\/?s={search_term_string}"},"query-input":{"@type":"PropertyValueSpecification","valueRequired":true,"valueName":"search_term_string"}}],"inLanguage":"en-US"},{"@type":["Person","Organization"],"@id":"https:\/\/www.erdemyorukoglu.com\/en\/#\/schema\/person\/854314645f5beb1ce61d3d55971d52e1","name":"Erdem Y\u00f6r\u00fcko\u011flu","image":{"@type":"ImageObject","inLanguage":"en-US","@id":"https:\/\/www.erdemyorukoglu.com\/en\/#\/schema\/person\/image\/","url":"https:\/\/www.erdemyorukoglu.com\/wp-content\/uploads\/2018\/11\/fav-icon-1.png","contentUrl":"https:\/\/www.erdemyorukoglu.com\/wp-content\/uploads\/2018\/11\/fav-icon-1.png","width":512,"height":512,"caption":"Erdem Y\u00f6r\u00fcko\u011flu"},"logo":{"@id":"https:\/\/www.erdemyorukoglu.com\/en\/#\/schema\/person\/image\/"}}]}},"_links":{"self":[{"href":"https:\/\/www.erdemyorukoglu.com\/en\/wp-json\/wp\/v2\/pages\/3312","targetHints":{"allow":["GET"]}}],"collection":[{"href":"https:\/\/www.erdemyorukoglu.com\/en\/wp-json\/wp\/v2\/pages"}],"about":[{"href":"https:\/\/www.erdemyorukoglu.com\/en\/wp-json\/wp\/v2\/types\/page"}],"author":[{"embeddable":true,"href":"https:\/\/www.erdemyorukoglu.com\/en\/wp-json\/wp\/v2\/users\/1"}],"replies":[{"embeddable":true,"href":"https:\/\/www.erdemyorukoglu.com\/en\/wp-json\/wp\/v2\/comments?post=3312"}],"version-history":[{"count":8,"href":"https:\/\/www.erdemyorukoglu.com\/en\/wp-json\/wp\/v2\/pages\/3312\/revisions"}],"predecessor-version":[{"id":3730,"href":"https:\/\/www.erdemyorukoglu.com\/en\/wp-json\/wp\/v2\/pages\/3312\/revisions\/3730"}],"up":[{"embeddable":true,"href":"https:\/\/www.erdemyorukoglu.com\/en\/wp-json\/wp\/v2\/pages\/2995"}],"wp:attachment":[{"href":"https:\/\/www.erdemyorukoglu.com\/en\/wp-json\/wp\/v2\/media?parent=3312"}],"curies":[{"name":"wp","href":"https:\/\/api.w.org\/{rel}","templated":true}]}}