{"id":3525,"date":"2019-02-10T00:44:43","date_gmt":"2019-02-09T21:44:43","guid":{"rendered":"https:\/\/www.erdemyorukoglu.com\/tr\/?page_id=3525"},"modified":"2025-08-16T17:03:40","modified_gmt":"2025-08-16T14:03:40","slug":"mulligan-konsepti","status":"publish","type":"page","link":"https:\/\/www.erdemyorukoglu.com\/en\/uzmanliklar\/mulligan-konsepti\/","title":{"rendered":"MULLIGAN CONCEPT"},"content":{"rendered":"<div class=\"wpb-content-wrapper\">[vc_row][vc_column][vc_column_text]\n<h1 style=\"text-align: center;\"><strong>MULLIGAN CONCEPT<\/strong><\/h1>\n[\/vc_column_text][\/vc_column][\/vc_row][vc_row full_width=&#8221;stretch_row&#8221; curly_bg_position=&#8221;bg-pos-center-center&#8221; curly_padding=&#8221;content-padding-xs&#8221; css=&#8221;.vc_custom_1550004638990{border-bottom-width: 1px !important;}&#8221;][vc_column width=&#8221;1\/2&#8243; curly_bg_position=&#8221;bg-pos-center-center&#8221; curly_padding=&#8221;content-padding-none&#8221;][vc_single_image image=&#8221;3526&#8243; img_size=&#8221;large&#8221; css=&#8221;.vc_custom_1549748351893{margin-bottom: 0px !important;}&#8221; el_class=&#8221;img-frame-large&#8221;][\/vc_column][vc_column width=&#8221;1\/2&#8243; curly_bg_position=&#8221;bg-pos-center-center&#8221; curly_padding=&#8221;content-padding-none&#8221;][vc_column_text curly_padding_side=&#8221;content-side-padding-xxl&#8221;]The Mulligan concept was developed in the 1980s by the New Zealander physiotherapist BrianMulligan. Techniques specific to the concept are applied safely and effectively in musculoskeletal and nervous system diseases. The concept is in accordance with the common knowledge of the known Manual Therapy approaches, biomechanics, although it conforms to the artrokinematic kinematic principles, and it differs significantly with other approaches such as techniques and application principles.<\/p>\n<p>Normal joints, shapes of joint surfaces, cartilage thickness,<\/p>\n<p>and the orientation of the ligaments and capsule fibers is designed to provide a free but controlled movement while minimizing the pulling direction of the muscles and tendons at the same time. The pressure forces generated by this movement maintain this balance of normal proprioceptive feedback. The change in any or all of the above factors changes the joint position during movement and causes pain, stiffness or weakness symptoms in the patient. It is then a general idea that a therapist will try to realign joint surfaces.[\/vc_column_text][\/vc_column][\/vc_row][vc_row full_width=&#8221;stretch_row&#8221; curly_padding=&#8221;content-padding-xs&#8221; css=&#8221;.vc_custom_1550004647156{border-bottom-width: 1px !important;}&#8221;][vc_column width=&#8221;1\/2&#8243; curly_padding=&#8221;content-padding-none&#8221;][vc_column_text curly_padding_side=&#8221;content-side-padding-xxl&#8221;]Mulligan concept; It can be defined as a combination of active methods such as Pilates, PNF and Kinetic Control with Kaltenborn, MaitlandCyriax, Butler, etc., as a combination of active methods such as Pilates, PNF, and Kinetic Control.<\/p>\n<p>The main objective of Mulligan Concept is its functional restoration. It can be applied easily to problems including musculoskeletal and nervous system, angular losses of joints and pain. It is a painless and extremely safe approach.[\/vc_column_text][\/vc_column][vc_column width=&#8221;1\/2&#8243; curly_padding=&#8221;content-padding-none&#8221;][vc_single_image image=&#8221;3527&#8243; img_size=&#8221;large&#8221; css=&#8221;.vc_custom_1549748579712{margin-bottom: 0px !important;}&#8221; el_class=&#8221;img-frame-large&#8221;][\/vc_column][\/vc_row]\n<\/div>","protected":false},"excerpt":{"rendered":"<p>[vc_row][vc_column][vc_column_text] MULLIGAN CONCEPT [\/vc_column_text][\/vc_column][\/vc_row][vc_row full_width=&#8221;stretch_row&#8221; curly_bg_position=&#8221;bg-pos-center-center&#8221; curly_padding=&#8221;content-padding-xs&#8221; css=&#8221;.vc_custom_1550004638990{border-bottom-width: 1px !important;}&#8221;][vc_column width=&#8221;1\/2&#8243; curly_bg_position=&#8221;bg-pos-center-center&#8221; curly_padding=&#8221;content-padding-none&#8221;][vc_single_image image=&#8221;3526&#8243; img_size=&#8221;large&#8221; css=&#8221;.vc_custom_1549748351893{margin-bottom: 0px !important;}&#8221; el_class=&#8221;img-frame-large&#8221;][\/vc_column][vc_column width=&#8221;1\/2&#8243; curly_bg_position=&#8221;bg-pos-center-center&#8221; curly_padding=&#8221;content-padding-none&#8221;][vc_column_text curly_padding_side=&#8221;content-side-padding-xxl&#8221;]The Mulligan concept was developed in the 1980s by the New Zealander physiotherapist BrianMulligan. Techniques specific to the concept are applied safely and effectively in musculoskeletal and nervous system diseases. The concept is in accordance with the common [&hellip;]<\/p>\n","protected":false},"author":1,"featured_media":0,"parent":9,"menu_order":0,"comment_status":"closed","ping_status":"closed","template":"","meta":{"inline_featured_image":false,"footnotes":""},"class_list":["post-3525","page","type-page","status-publish","hentry"],"yoast_head":"<!-- This site is optimized with the Yoast SEO plugin v25.7 - https:\/\/yoast.com\/wordpress\/plugins\/seo\/ -->\n<title>MULLIGAN CONCEPTMULLIGAN CONCEPTMULLIGAN CONCEPT<\/title>\n<meta name=\"description\" content=\"Konsept, bug\u00fcne kadar bilinen Manuel Terapi yakla\u015f\u0131mlar\u0131n\u0131n ortak bilgisi olan biyomekanik, artrokinematik kinezyolojik prensiplere uygun olmakla beraber teknikler ve uygulama prensipleri olarak di\u011fer yakla\u015f\u0131mlarla \u00f6nemli farkl\u0131l\u0131klar g\u00f6stermektedir.\" \/>\n<meta name=\"robots\" content=\"index, follow, max-snippet:-1, max-image-preview:large, max-video-preview:-1\" \/>\n<link rel=\"canonical\" href=\"https:\/\/www.erdemyorukoglu.com\/en\/uzmanliklar\/mulligan-konsepti\/\" \/>\n<meta property=\"og:locale\" content=\"en_US\" \/>\n<meta property=\"og:locale:alternate\" content=\"tr_TR\" \/>\n<meta property=\"og:locale:alternate\" content=\"De_GR\" \/>\n<meta property=\"og:type\" content=\"article\" \/>\n<meta property=\"og:title\" content=\"MULLIGAN CONCEPTMULLIGAN CONCEPTMULLIGAN CONCEPT\" \/>\n<meta property=\"og:description\" content=\"Konsept, bug\u00fcne kadar bilinen Manuel Terapi yakla\u015f\u0131mlar\u0131n\u0131n ortak bilgisi olan biyomekanik, artrokinematik kinezyolojik prensiplere uygun olmakla beraber teknikler ve uygulama prensipleri olarak di\u011fer yakla\u015f\u0131mlarla \u00f6nemli farkl\u0131l\u0131klar g\u00f6stermektedir.\" \/>\n<meta property=\"og:url\" content=\"https:\/\/www.erdemyorukoglu.com\/en\/uzmanliklar\/mulligan-konsepti\/\" \/>\n<meta property=\"og:site_name\" content=\"Erdem Y\u00f6r\u00fcko\u011flu \/\/ Manuel Terapi, Fizyoterapist, Ankara\" \/>\n<meta property=\"article:modified_time\" content=\"2025-08-16T14:03:40+00:00\" \/>\n<meta property=\"og:image\" content=\"https:\/\/www.erdemyorukoglu.com\/wp-content\/uploads\/2019\/02\/mulligan_2.jpg\" \/>\n\t<meta property=\"og:image:width\" content=\"800\" \/>\n\t<meta property=\"og:image:height\" content=\"800\" \/>\n\t<meta property=\"og:image:type\" content=\"image\/jpeg\" \/>\n<meta name=\"twitter:card\" content=\"summary_large_image\" \/>\n<meta name=\"twitter:label1\" content=\"Est. reading time\" \/>\n\t<meta name=\"twitter:data1\" content=\"2 minutes\" \/>\n<script type=\"application\/ld+json\" class=\"yoast-schema-graph\">{\"@context\":\"https:\/\/schema.org\",\"@graph\":[{\"@type\":\"WebPage\",\"@id\":\"https:\/\/www.erdemyorukoglu.com\/tr\/uzmanliklar\/mulligan-konsepti\/\",\"url\":\"https:\/\/www.erdemyorukoglu.com\/tr\/uzmanliklar\/mulligan-konsepti\/\",\"name\":\"MULLIGAN CONCEPTMULLIGAN CONCEPTMULLIGAN CONCEPT\",\"isPartOf\":{\"@id\":\"https:\/\/www.erdemyorukoglu.com\/en\/#website\"},\"datePublished\":\"2019-02-09T21:44:43+00:00\",\"dateModified\":\"2025-08-16T14:03:40+00:00\",\"description\":\"Konsept, bug\u00fcne kadar bilinen Manuel Terapi yakla\u015f\u0131mlar\u0131n\u0131n ortak bilgisi olan biyomekanik, artrokinematik kinezyolojik prensiplere uygun olmakla beraber teknikler ve uygulama prensipleri olarak di\u011fer yakla\u015f\u0131mlarla \u00f6nemli farkl\u0131l\u0131klar g\u00f6stermektedir.\",\"breadcrumb\":{\"@id\":\"https:\/\/www.erdemyorukoglu.com\/tr\/uzmanliklar\/mulligan-konsepti\/#breadcrumb\"},\"inLanguage\":\"en-US\",\"potentialAction\":[{\"@type\":\"ReadAction\",\"target\":[\"https:\/\/www.erdemyorukoglu.com\/tr\/uzmanliklar\/mulligan-konsepti\/\"]}]},{\"@type\":\"BreadcrumbList\",\"@id\":\"https:\/\/www.erdemyorukoglu.com\/tr\/uzmanliklar\/mulligan-konsepti\/#breadcrumb\",\"itemListElement\":[{\"@type\":\"ListItem\",\"position\":1,\"name\":\"MANUEL TERAP\u0130 ANKARA %%sep%% %%sitename%%\",\"item\":\"https:\/\/www.erdemyorukoglu.com\/de\/\"},{\"@type\":\"ListItem\",\"position\":2,\"name\":\"UZMANLIKLAR\",\"item\":\"https:\/\/www.erdemyorukoglu.com\/de\/uzmanliklar\/\"},{\"@type\":\"ListItem\",\"position\":3,\"name\":\"MULLIGAN KONSEPT\u0130\"}]},{\"@type\":\"WebSite\",\"@id\":\"https:\/\/www.erdemyorukoglu.com\/en\/#website\",\"url\":\"https:\/\/www.erdemyorukoglu.com\/en\/\",\"name\":\"Erdem Y\u00f6r\u00fcko\u011flu \/\/ Manuel Terapi, Fizyoterapist, Ankara\",\"description\":\"Manuel Terapi, Kayropraktik, Fizyoterapi, Bel ve Boyun F\u0131t\u0131\u011f\u0131, Lenf\u00f6dem Tedavisi, Gyrotonic, Skolyoz, Ankara\",\"publisher\":{\"@id\":\"https:\/\/www.erdemyorukoglu.com\/en\/#\/schema\/person\/854314645f5beb1ce61d3d55971d52e1\"},\"potentialAction\":[{\"@type\":\"SearchAction\",\"target\":{\"@type\":\"EntryPoint\",\"urlTemplate\":\"https:\/\/www.erdemyorukoglu.com\/en\/?s={search_term_string}\"},\"query-input\":{\"@type\":\"PropertyValueSpecification\",\"valueRequired\":true,\"valueName\":\"search_term_string\"}}],\"inLanguage\":\"en-US\"},{\"@type\":[\"Person\",\"Organization\"],\"@id\":\"https:\/\/www.erdemyorukoglu.com\/en\/#\/schema\/person\/854314645f5beb1ce61d3d55971d52e1\",\"name\":\"Erdem Y\u00f6r\u00fcko\u011flu\",\"image\":{\"@type\":\"ImageObject\",\"inLanguage\":\"en-US\",\"@id\":\"https:\/\/www.erdemyorukoglu.com\/en\/#\/schema\/person\/image\/\",\"url\":\"https:\/\/www.erdemyorukoglu.com\/wp-content\/uploads\/2018\/11\/fav-icon-1.png\",\"contentUrl\":\"https:\/\/www.erdemyorukoglu.com\/wp-content\/uploads\/2018\/11\/fav-icon-1.png\",\"width\":512,\"height\":512,\"caption\":\"Erdem Y\u00f6r\u00fcko\u011flu\"},\"logo\":{\"@id\":\"https:\/\/www.erdemyorukoglu.com\/en\/#\/schema\/person\/image\/\"}}]}<\/script>\n<!-- \/ Yoast SEO plugin. -->","yoast_head_json":{"title":"MULLIGAN CONCEPTMULLIGAN CONCEPTMULLIGAN CONCEPT","description":"Konsept, bug\u00fcne kadar bilinen Manuel Terapi yakla\u015f\u0131mlar\u0131n\u0131n ortak bilgisi olan biyomekanik, artrokinematik kinezyolojik prensiplere uygun olmakla beraber teknikler ve uygulama prensipleri olarak di\u011fer yakla\u015f\u0131mlarla \u00f6nemli farkl\u0131l\u0131klar g\u00f6stermektedir.","robots":{"index":"index","follow":"follow","max-snippet":"max-snippet:-1","max-image-preview":"max-image-preview:large","max-video-preview":"max-video-preview:-1"},"canonical":"https:\/\/www.erdemyorukoglu.com\/en\/uzmanliklar\/mulligan-konsepti\/","og_locale":"en_US","og_type":"article","og_title":"[:tr][:tr]MULLIGAN KONSEPT\u0130[:en]MULLIGAN CONCEPT[:de]MULLIGAN[:] - Erdem Y\u00f6r\u00fcko\u011flu \/\/ Manuel Terapi, Fizyoterapist, Ankara[:en][:tr]MULLIGAN KONSEPT\u0130[:en]MULLIGAN CONCEPT[:de]MULLIGAN[:] - Erdem Y\u00f6r\u00fcko\u011flu \/\/ Manuel Terapi, Fizyoterapist, Ankara[:de]Erdem Y\u00f6r\u00fcko\u011flu \/\/ Manuel Terapi, Fizyoterapist, Ankara - [:tr]MULLIGAN KONSEPT\u0130[:en]MULLIGAN CONCEPT[:de]MULLIGAN[:][:]","og_description":"[:tr]Konsept, bug\u00fcne kadar bilinen Manuel Terapi yakla\u015f\u0131mlar\u0131n\u0131n ortak bilgisi olan biyomekanik, artrokinematik kinezyolojik prensiplere uygun olmakla beraber teknikler ve uygulama prensipleri olarak di\u011fer yakla\u015f\u0131mlarla \u00f6nemli farkl\u0131l\u0131klar g\u00f6stermektedir.[:]","og_url":"https:\/\/www.erdemyorukoglu.com\/en\/uzmanliklar\/mulligan-konsepti\/","og_site_name":"Erdem Y\u00f6r\u00fcko\u011flu \/\/ Manuel Terapi, Fizyoterapist, Ankara","article_modified_time":"2025-08-16T14:03:40+00:00","og_image":[{"width":800,"height":800,"url":"https:\/\/www.erdemyorukoglu.com\/wp-content\/uploads\/2019\/02\/mulligan_2.jpg","type":"image\/jpeg"}],"twitter_card":"summary_large_image","twitter_misc":{"Est. reading time":"2 minutes"},"schema":{"@context":"https:\/\/schema.org","@graph":[{"@type":"WebPage","@id":"https:\/\/www.erdemyorukoglu.com\/tr\/uzmanliklar\/mulligan-konsepti\/","url":"https:\/\/www.erdemyorukoglu.com\/tr\/uzmanliklar\/mulligan-konsepti\/","name":"MULLIGAN CONCEPTMULLIGAN CONCEPTMULLIGAN CONCEPT","isPartOf":{"@id":"https:\/\/www.erdemyorukoglu.com\/en\/#website"},"datePublished":"2019-02-09T21:44:43+00:00","dateModified":"2025-08-16T14:03:40+00:00","description":"Konsept, bug\u00fcne kadar bilinen Manuel Terapi yakla\u015f\u0131mlar\u0131n\u0131n ortak bilgisi olan biyomekanik, artrokinematik kinezyolojik prensiplere uygun olmakla beraber teknikler ve uygulama prensipleri olarak di\u011fer yakla\u015f\u0131mlarla \u00f6nemli farkl\u0131l\u0131klar g\u00f6stermektedir.","breadcrumb":{"@id":"https:\/\/www.erdemyorukoglu.com\/tr\/uzmanliklar\/mulligan-konsepti\/#breadcrumb"},"inLanguage":"en-US","potentialAction":[{"@type":"ReadAction","target":["https:\/\/www.erdemyorukoglu.com\/tr\/uzmanliklar\/mulligan-konsepti\/"]}]},{"@type":"BreadcrumbList","@id":"https:\/\/www.erdemyorukoglu.com\/tr\/uzmanliklar\/mulligan-konsepti\/#breadcrumb","itemListElement":[{"@type":"ListItem","position":1,"name":"MANUEL TERAP\u0130 ANKARA %%sep%% %%sitename%%","item":"https:\/\/www.erdemyorukoglu.com\/de\/"},{"@type":"ListItem","position":2,"name":"UZMANLIKLAR","item":"https:\/\/www.erdemyorukoglu.com\/de\/uzmanliklar\/"},{"@type":"ListItem","position":3,"name":"MULLIGAN KONSEPT\u0130"}]},{"@type":"WebSite","@id":"https:\/\/www.erdemyorukoglu.com\/en\/#website","url":"https:\/\/www.erdemyorukoglu.com\/en\/","name":"Erdem Y\u00f6r\u00fcko\u011flu \/\/ Manuel Terapi, Fizyoterapist, Ankara","description":"Manuel Terapi, Kayropraktik, Fizyoterapi, Bel ve Boyun F\u0131t\u0131\u011f\u0131, Lenf\u00f6dem Tedavisi, Gyrotonic, Skolyoz, Ankara","publisher":{"@id":"https:\/\/www.erdemyorukoglu.com\/en\/#\/schema\/person\/854314645f5beb1ce61d3d55971d52e1"},"potentialAction":[{"@type":"SearchAction","target":{"@type":"EntryPoint","urlTemplate":"https:\/\/www.erdemyorukoglu.com\/en\/?s={search_term_string}"},"query-input":{"@type":"PropertyValueSpecification","valueRequired":true,"valueName":"search_term_string"}}],"inLanguage":"en-US"},{"@type":["Person","Organization"],"@id":"https:\/\/www.erdemyorukoglu.com\/en\/#\/schema\/person\/854314645f5beb1ce61d3d55971d52e1","name":"Erdem Y\u00f6r\u00fcko\u011flu","image":{"@type":"ImageObject","inLanguage":"en-US","@id":"https:\/\/www.erdemyorukoglu.com\/en\/#\/schema\/person\/image\/","url":"https:\/\/www.erdemyorukoglu.com\/wp-content\/uploads\/2018\/11\/fav-icon-1.png","contentUrl":"https:\/\/www.erdemyorukoglu.com\/wp-content\/uploads\/2018\/11\/fav-icon-1.png","width":512,"height":512,"caption":"Erdem Y\u00f6r\u00fcko\u011flu"},"logo":{"@id":"https:\/\/www.erdemyorukoglu.com\/en\/#\/schema\/person\/image\/"}}]}},"_links":{"self":[{"href":"https:\/\/www.erdemyorukoglu.com\/en\/wp-json\/wp\/v2\/pages\/3525","targetHints":{"allow":["GET"]}}],"collection":[{"href":"https:\/\/www.erdemyorukoglu.com\/en\/wp-json\/wp\/v2\/pages"}],"about":[{"href":"https:\/\/www.erdemyorukoglu.com\/en\/wp-json\/wp\/v2\/types\/page"}],"author":[{"embeddable":true,"href":"https:\/\/www.erdemyorukoglu.com\/en\/wp-json\/wp\/v2\/users\/1"}],"replies":[{"embeddable":true,"href":"https:\/\/www.erdemyorukoglu.com\/en\/wp-json\/wp\/v2\/comments?post=3525"}],"version-history":[{"count":9,"href":"https:\/\/www.erdemyorukoglu.com\/en\/wp-json\/wp\/v2\/pages\/3525\/revisions"}],"predecessor-version":[{"id":3843,"href":"https:\/\/www.erdemyorukoglu.com\/en\/wp-json\/wp\/v2\/pages\/3525\/revisions\/3843"}],"up":[{"embeddable":true,"href":"https:\/\/www.erdemyorukoglu.com\/en\/wp-json\/wp\/v2\/pages\/9"}],"wp:attachment":[{"href":"https:\/\/www.erdemyorukoglu.com\/en\/wp-json\/wp\/v2\/media?parent=3525"}],"curies":[{"name":"wp","href":"https:\/\/api.w.org\/{rel}","templated":true}]}}