{"id":3763,"date":"2019-02-23T14:10:58","date_gmt":"2019-02-23T11:10:58","guid":{"rendered":"https:\/\/www.erdemyorukoglu.com\/en\/?page_id=3763"},"modified":"2025-08-16T17:02:25","modified_gmt":"2025-08-16T14:02:25","slug":"kayropraktik","status":"publish","type":"page","link":"https:\/\/www.erdemyorukoglu.com\/en\/uzmanliklar\/kayropraktik\/","title":{"rendered":"CHIROPRACTIC"},"content":{"rendered":"<div class=\"wpb-content-wrapper\">[vc_row curly_padding=&#8221;content-padding-none&#8221;][vc_column curly_padding=&#8221;content-padding&#8221;][vc_column_text]\n<h1 style=\"text-align: center;\"><strong>CHIROPRACTIC<\/strong><\/h1>\n[\/vc_column_text][\/vc_column][\/vc_row][vc_row full_width=&#8221;stretch_row&#8221; curly_padding=&#8221;content-padding-none&#8221;][vc_column curly_padding=&#8221;content-padding&#8221;][vc_single_image image=&#8221;3770&#8243; img_size=&#8221;full&#8221; alignment=&#8221;center&#8221; style=&#8221;img-frame-large&#8221;][\/vc_column][\/vc_row][vc_row curly_padding=&#8221;content-padding-none&#8221;][vc_column width=&#8221;1\/2&#8243; curly_padding=&#8221;content-padding-none&#8221;][vc_column_text]Chiropractic; it is a supportive field of practice which is concerned with biomechanical disorders of muscle, spine and skeletal system and its problems on the nervous system. The treatment with Chiropractic aims to improve the protection and health of the body. The most important principle of chiropractic treatment is to increase the functional capacity of the patient and contribute to life activity and quality.<\/p>\n<p><strong>To summarize the basic hypothesis of modern chiropractic;<\/strong><\/p>\n<ul>\n<li>There is a functional relationship between the spine and the health of the organism provided by the nervous system.<\/li>\n<li>Mechanical disorders of the spine have an adverse effect on the organism&#8217;s functions.<\/li>\n<li>Correction of functional disorders of the spine by manual applications to the spine<br \/>\nimproves disease or improves health.<\/li>\n<\/ul>\n[\/vc_column_text][\/vc_column][vc_column width=&#8221;1\/2&#8243; curly_padding=&#8221;content-padding-none&#8221;][vc_column_text]<strong>Conditions for which Chiropractic may be applied:<\/strong><\/p>\n<ul>\n<li>Acute and chronic neck and back pain<\/li>\n<li>Headache from a chronic cervical region<\/li>\n<li>Pain associated with sudden flexion-extension stresses<\/li>\n<li>Early conservative treatment of lumbar spine stenosis<\/li>\n<li>Early conservative treatment of lumbar vertebrae and cervical disc hernias<\/li>\n<li>Acute and chronic soft tissue strains<\/li>\n<li>Myofascial pain syndrome<\/li>\n<li>Occupational and sport related recreational musculoskeletal injuries<\/li>\n<li>Osteoarthritis of the geriatric age group. musculoskeletal problems<\/li>\n<li>Mechanical facet joint-induced, biomechanical dysfunctions<\/li>\n<li>Pain in the coccyx<\/li>\n<li>Postural Scoliosis<\/li>\n<li>Nerve root irritations with no progressive motor deficit and no caudaequinesendroma<\/li>\n<li>Shoulder, sacroiliac joint, temporamandibular joint, hip, knee, hand, foot joint dysfunctions<\/li>\n<\/ul>\n[\/vc_column_text][\/vc_column][\/vc_row]\n<\/div>","protected":false},"excerpt":{"rendered":"<p>[vc_row curly_padding=&#8221;content-padding-none&#8221;][vc_column curly_padding=&#8221;content-padding&#8221;][vc_column_text] CHIROPRACTIC [\/vc_column_text][\/vc_column][\/vc_row][vc_row full_width=&#8221;stretch_row&#8221; curly_padding=&#8221;content-padding-none&#8221;][vc_column curly_padding=&#8221;content-padding&#8221;][vc_single_image image=&#8221;3770&#8243; img_size=&#8221;full&#8221; alignment=&#8221;center&#8221; style=&#8221;img-frame-large&#8221;][\/vc_column][\/vc_row][vc_row curly_padding=&#8221;content-padding-none&#8221;][vc_column width=&#8221;1\/2&#8243; curly_padding=&#8221;content-padding-none&#8221;][vc_column_text]Chiropractic; it is a supportive field of practice which is concerned with biomechanical disorders of muscle, spine and skeletal system and its problems on the nervous system. The treatment with Chiropractic aims to improve the protection and health of the body. The most important principle of [&hellip;]<\/p>\n","protected":false},"author":1,"featured_media":0,"parent":9,"menu_order":0,"comment_status":"closed","ping_status":"closed","template":"","meta":{"inline_featured_image":false,"footnotes":""},"class_list":["post-3763","page","type-page","status-publish","hentry"],"yoast_head":"<!-- This site is optimized with the Yoast SEO plugin v25.7 - https:\/\/yoast.com\/wordpress\/plugins\/seo\/ -->\n<title>CHIROPRACTICCHIROPRACTICCHIROPRACTIC<\/title>\n<meta name=\"description\" content=\"Kayropraktik; kas, omurga ve iskelet sisteminin biyomekanik bozukluklar\u0131 ve bunun sinir sistemi \u00fczerinde olu\u015fturdu\u011fu sorunlar\u0131 \u00f6nlemesiyle ilgilenen destekleyici bir uygulama alan\u0131d\u0131r. Kayropraksi y\u00f6ntemiyle tedavi, v\u00fccut sa\u011fl\u0131\u011f\u0131n\u0131n do\u011fal yollardan korunmas\u0131n\u0131 ve direncinin geli\u015ftirilmesini ama\u00e7lar.\" \/>\n<meta name=\"robots\" content=\"index, follow, max-snippet:-1, max-image-preview:large, max-video-preview:-1\" \/>\n<link rel=\"canonical\" href=\"https:\/\/www.erdemyorukoglu.com\/en\/uzmanliklar\/kayropraktik\/\" \/>\n<meta property=\"og:locale\" content=\"en_US\" \/>\n<meta property=\"og:locale:alternate\" content=\"tr_TR\" \/>\n<meta property=\"og:locale:alternate\" content=\"De_GR\" \/>\n<meta property=\"og:type\" content=\"article\" \/>\n<meta property=\"og:title\" content=\"CHIROPRACTICCHIROPRACTICCHIROPRACTIC\" \/>\n<meta property=\"og:description\" content=\"Kayropraktik; kas, omurga ve iskelet sisteminin biyomekanik bozukluklar\u0131 ve bunun sinir sistemi \u00fczerinde olu\u015fturdu\u011fu sorunlar\u0131 \u00f6nlemesiyle ilgilenen destekleyici bir uygulama alan\u0131d\u0131r. Kayropraksi y\u00f6ntemiyle tedavi, v\u00fccut sa\u011fl\u0131\u011f\u0131n\u0131n do\u011fal yollardan korunmas\u0131n\u0131 ve direncinin geli\u015ftirilmesini ama\u00e7lar.\" \/>\n<meta property=\"og:url\" content=\"https:\/\/www.erdemyorukoglu.com\/en\/uzmanliklar\/kayropraktik\/\" \/>\n<meta property=\"og:site_name\" content=\"Erdem Y\u00f6r\u00fcko\u011flu \/\/ Manuel Terapi, Fizyoterapist, Ankara\" \/>\n<meta property=\"article:modified_time\" content=\"2025-08-16T14:02:25+00:00\" \/>\n<meta property=\"og:image\" content=\"https:\/\/www.erdemyorukoglu.com\/wp-content\/uploads\/2019\/02\/kayropratik_1.jpg\" \/>\n\t<meta property=\"og:image:width\" content=\"1140\" \/>\n\t<meta property=\"og:image:height\" content=\"760\" \/>\n\t<meta property=\"og:image:type\" content=\"image\/jpeg\" \/>\n<meta name=\"twitter:card\" content=\"summary_large_image\" \/>\n<meta name=\"twitter:label1\" content=\"Est. reading time\" \/>\n\t<meta name=\"twitter:data1\" content=\"2 minutes\" \/>\n<script type=\"application\/ld+json\" class=\"yoast-schema-graph\">{\"@context\":\"https:\/\/schema.org\",\"@graph\":[{\"@type\":\"WebPage\",\"@id\":\"https:\/\/www.erdemyorukoglu.com\/tr\/uzmanliklar\/kayropraktik\/\",\"url\":\"https:\/\/www.erdemyorukoglu.com\/tr\/uzmanliklar\/kayropraktik\/\",\"name\":\"CHIROPRACTICCHIROPRACTICCHIROPRACTIC\",\"isPartOf\":{\"@id\":\"https:\/\/www.erdemyorukoglu.com\/en\/#website\"},\"datePublished\":\"2019-02-23T11:10:58+00:00\",\"dateModified\":\"2025-08-16T14:02:25+00:00\",\"description\":\"Kayropraktik; kas, omurga ve iskelet sisteminin biyomekanik bozukluklar\u0131 ve bunun sinir sistemi \u00fczerinde olu\u015fturdu\u011fu sorunlar\u0131 \u00f6nlemesiyle ilgilenen destekleyici bir uygulama alan\u0131d\u0131r. Kayropraksi y\u00f6ntemiyle tedavi, v\u00fccut sa\u011fl\u0131\u011f\u0131n\u0131n do\u011fal yollardan korunmas\u0131n\u0131 ve direncinin geli\u015ftirilmesini ama\u00e7lar.\",\"breadcrumb\":{\"@id\":\"https:\/\/www.erdemyorukoglu.com\/tr\/uzmanliklar\/kayropraktik\/#breadcrumb\"},\"inLanguage\":\"en-US\",\"potentialAction\":[{\"@type\":\"ReadAction\",\"target\":[\"https:\/\/www.erdemyorukoglu.com\/tr\/uzmanliklar\/kayropraktik\/\"]}]},{\"@type\":\"BreadcrumbList\",\"@id\":\"https:\/\/www.erdemyorukoglu.com\/tr\/uzmanliklar\/kayropraktik\/#breadcrumb\",\"itemListElement\":[{\"@type\":\"ListItem\",\"position\":1,\"name\":\"MANUEL TERAP\u0130 ANKARA %%sep%% %%sitename%%\",\"item\":\"https:\/\/www.erdemyorukoglu.com\/de\/\"},{\"@type\":\"ListItem\",\"position\":2,\"name\":\"UZMANLIKLAR\",\"item\":\"https:\/\/www.erdemyorukoglu.com\/de\/uzmanliklar\/\"},{\"@type\":\"ListItem\",\"position\":3,\"name\":\"KAYROPRAKT\u0130K\"}]},{\"@type\":\"WebSite\",\"@id\":\"https:\/\/www.erdemyorukoglu.com\/en\/#website\",\"url\":\"https:\/\/www.erdemyorukoglu.com\/en\/\",\"name\":\"Erdem Y\u00f6r\u00fcko\u011flu \/\/ Manuel Terapi, Fizyoterapist, Ankara\",\"description\":\"Manuel Terapi, Kayropraktik, Fizyoterapi, Bel ve Boyun F\u0131t\u0131\u011f\u0131, Lenf\u00f6dem Tedavisi, Gyrotonic, Skolyoz, Ankara\",\"publisher\":{\"@id\":\"https:\/\/www.erdemyorukoglu.com\/en\/#\/schema\/person\/854314645f5beb1ce61d3d55971d52e1\"},\"potentialAction\":[{\"@type\":\"SearchAction\",\"target\":{\"@type\":\"EntryPoint\",\"urlTemplate\":\"https:\/\/www.erdemyorukoglu.com\/en\/?s={search_term_string}\"},\"query-input\":{\"@type\":\"PropertyValueSpecification\",\"valueRequired\":true,\"valueName\":\"search_term_string\"}}],\"inLanguage\":\"en-US\"},{\"@type\":[\"Person\",\"Organization\"],\"@id\":\"https:\/\/www.erdemyorukoglu.com\/en\/#\/schema\/person\/854314645f5beb1ce61d3d55971d52e1\",\"name\":\"Erdem Y\u00f6r\u00fcko\u011flu\",\"image\":{\"@type\":\"ImageObject\",\"inLanguage\":\"en-US\",\"@id\":\"https:\/\/www.erdemyorukoglu.com\/en\/#\/schema\/person\/image\/\",\"url\":\"https:\/\/www.erdemyorukoglu.com\/wp-content\/uploads\/2018\/11\/fav-icon-1.png\",\"contentUrl\":\"https:\/\/www.erdemyorukoglu.com\/wp-content\/uploads\/2018\/11\/fav-icon-1.png\",\"width\":512,\"height\":512,\"caption\":\"Erdem Y\u00f6r\u00fcko\u011flu\"},\"logo\":{\"@id\":\"https:\/\/www.erdemyorukoglu.com\/en\/#\/schema\/person\/image\/\"}}]}<\/script>\n<!-- \/ Yoast SEO plugin. -->","yoast_head_json":{"title":"CHIROPRACTICCHIROPRACTICCHIROPRACTIC","description":"Kayropraktik; kas, omurga ve iskelet sisteminin biyomekanik bozukluklar\u0131 ve bunun sinir sistemi \u00fczerinde olu\u015fturdu\u011fu sorunlar\u0131 \u00f6nlemesiyle ilgilenen destekleyici bir uygulama alan\u0131d\u0131r. Kayropraksi y\u00f6ntemiyle tedavi, v\u00fccut sa\u011fl\u0131\u011f\u0131n\u0131n do\u011fal yollardan korunmas\u0131n\u0131 ve direncinin geli\u015ftirilmesini ama\u00e7lar.","robots":{"index":"index","follow":"follow","max-snippet":"max-snippet:-1","max-image-preview":"max-image-preview:large","max-video-preview":"max-video-preview:-1"},"canonical":"https:\/\/www.erdemyorukoglu.com\/en\/uzmanliklar\/kayropraktik\/","og_locale":"en_US","og_type":"article","og_title":"[:tr][:tr]KAYROPRAKT\u0130K[:en]CHIROPRACTIC[:de]CH\u0130ROPRAKT\u0130K[:] - Erdem Y\u00f6r\u00fcko\u011flu \/\/ Manuel Terapi, Fizyoterapist, Ankara[:en][:tr]KAYROPRAKT\u0130K[:en]CHIROPRACTIC[:de]CH\u0130ROPRAKT\u0130K[:] - Erdem Y\u00f6r\u00fcko\u011flu \/\/ Manuel Terapi, Fizyoterapist, Ankara[:de]Erdem Y\u00f6r\u00fcko\u011flu \/\/ Manuel Terapi, Fizyoterapist, Ankara - [:tr]KAYROPRAKT\u0130K[:en]CHIROPRACTIC[:de]CH\u0130ROPRAKT\u0130K[:][:]","og_description":"[:tr]Kayropraktik; kas, omurga ve iskelet sisteminin biyomekanik bozukluklar\u0131 ve bunun sinir sistemi \u00fczerinde olu\u015fturdu\u011fu sorunlar\u0131 \u00f6nlemesiyle ilgilenen destekleyici bir uygulama alan\u0131d\u0131r. Kayropraksi y\u00f6ntemiyle tedavi, v\u00fccut sa\u011fl\u0131\u011f\u0131n\u0131n do\u011fal yollardan korunmas\u0131n\u0131 ve direncinin geli\u015ftirilmesini ama\u00e7lar.[:]","og_url":"https:\/\/www.erdemyorukoglu.com\/en\/uzmanliklar\/kayropraktik\/","og_site_name":"Erdem Y\u00f6r\u00fcko\u011flu \/\/ Manuel Terapi, Fizyoterapist, Ankara","article_modified_time":"2025-08-16T14:02:25+00:00","og_image":[{"width":1140,"height":760,"url":"https:\/\/www.erdemyorukoglu.com\/wp-content\/uploads\/2019\/02\/kayropratik_1.jpg","type":"image\/jpeg"}],"twitter_card":"summary_large_image","twitter_misc":{"Est. reading time":"2 minutes"},"schema":{"@context":"https:\/\/schema.org","@graph":[{"@type":"WebPage","@id":"https:\/\/www.erdemyorukoglu.com\/tr\/uzmanliklar\/kayropraktik\/","url":"https:\/\/www.erdemyorukoglu.com\/tr\/uzmanliklar\/kayropraktik\/","name":"CHIROPRACTICCHIROPRACTICCHIROPRACTIC","isPartOf":{"@id":"https:\/\/www.erdemyorukoglu.com\/en\/#website"},"datePublished":"2019-02-23T11:10:58+00:00","dateModified":"2025-08-16T14:02:25+00:00","description":"Kayropraktik; kas, omurga ve iskelet sisteminin biyomekanik bozukluklar\u0131 ve bunun sinir sistemi \u00fczerinde olu\u015fturdu\u011fu sorunlar\u0131 \u00f6nlemesiyle ilgilenen destekleyici bir uygulama alan\u0131d\u0131r. Kayropraksi y\u00f6ntemiyle tedavi, v\u00fccut sa\u011fl\u0131\u011f\u0131n\u0131n do\u011fal yollardan korunmas\u0131n\u0131 ve direncinin geli\u015ftirilmesini ama\u00e7lar.","breadcrumb":{"@id":"https:\/\/www.erdemyorukoglu.com\/tr\/uzmanliklar\/kayropraktik\/#breadcrumb"},"inLanguage":"en-US","potentialAction":[{"@type":"ReadAction","target":["https:\/\/www.erdemyorukoglu.com\/tr\/uzmanliklar\/kayropraktik\/"]}]},{"@type":"BreadcrumbList","@id":"https:\/\/www.erdemyorukoglu.com\/tr\/uzmanliklar\/kayropraktik\/#breadcrumb","itemListElement":[{"@type":"ListItem","position":1,"name":"MANUEL TERAP\u0130 ANKARA %%sep%% %%sitename%%","item":"https:\/\/www.erdemyorukoglu.com\/de\/"},{"@type":"ListItem","position":2,"name":"UZMANLIKLAR","item":"https:\/\/www.erdemyorukoglu.com\/de\/uzmanliklar\/"},{"@type":"ListItem","position":3,"name":"KAYROPRAKT\u0130K"}]},{"@type":"WebSite","@id":"https:\/\/www.erdemyorukoglu.com\/en\/#website","url":"https:\/\/www.erdemyorukoglu.com\/en\/","name":"Erdem Y\u00f6r\u00fcko\u011flu \/\/ Manuel Terapi, Fizyoterapist, Ankara","description":"Manuel Terapi, Kayropraktik, Fizyoterapi, Bel ve Boyun F\u0131t\u0131\u011f\u0131, Lenf\u00f6dem Tedavisi, Gyrotonic, Skolyoz, Ankara","publisher":{"@id":"https:\/\/www.erdemyorukoglu.com\/en\/#\/schema\/person\/854314645f5beb1ce61d3d55971d52e1"},"potentialAction":[{"@type":"SearchAction","target":{"@type":"EntryPoint","urlTemplate":"https:\/\/www.erdemyorukoglu.com\/en\/?s={search_term_string}"},"query-input":{"@type":"PropertyValueSpecification","valueRequired":true,"valueName":"search_term_string"}}],"inLanguage":"en-US"},{"@type":["Person","Organization"],"@id":"https:\/\/www.erdemyorukoglu.com\/en\/#\/schema\/person\/854314645f5beb1ce61d3d55971d52e1","name":"Erdem Y\u00f6r\u00fcko\u011flu","image":{"@type":"ImageObject","inLanguage":"en-US","@id":"https:\/\/www.erdemyorukoglu.com\/en\/#\/schema\/person\/image\/","url":"https:\/\/www.erdemyorukoglu.com\/wp-content\/uploads\/2018\/11\/fav-icon-1.png","contentUrl":"https:\/\/www.erdemyorukoglu.com\/wp-content\/uploads\/2018\/11\/fav-icon-1.png","width":512,"height":512,"caption":"Erdem Y\u00f6r\u00fcko\u011flu"},"logo":{"@id":"https:\/\/www.erdemyorukoglu.com\/en\/#\/schema\/person\/image\/"}}]}},"_links":{"self":[{"href":"https:\/\/www.erdemyorukoglu.com\/en\/wp-json\/wp\/v2\/pages\/3763","targetHints":{"allow":["GET"]}}],"collection":[{"href":"https:\/\/www.erdemyorukoglu.com\/en\/wp-json\/wp\/v2\/pages"}],"about":[{"href":"https:\/\/www.erdemyorukoglu.com\/en\/wp-json\/wp\/v2\/types\/page"}],"author":[{"embeddable":true,"href":"https:\/\/www.erdemyorukoglu.com\/en\/wp-json\/wp\/v2\/users\/1"}],"replies":[{"embeddable":true,"href":"https:\/\/www.erdemyorukoglu.com\/en\/wp-json\/wp\/v2\/comments?post=3763"}],"version-history":[{"count":8,"href":"https:\/\/www.erdemyorukoglu.com\/en\/wp-json\/wp\/v2\/pages\/3763\/revisions"}],"predecessor-version":[{"id":9382,"href":"https:\/\/www.erdemyorukoglu.com\/en\/wp-json\/wp\/v2\/pages\/3763\/revisions\/9382"}],"up":[{"embeddable":true,"href":"https:\/\/www.erdemyorukoglu.com\/en\/wp-json\/wp\/v2\/pages\/9"}],"wp:attachment":[{"href":"https:\/\/www.erdemyorukoglu.com\/en\/wp-json\/wp\/v2\/media?parent=3763"}],"curies":[{"name":"wp","href":"https:\/\/api.w.org\/{rel}","templated":true}]}}