{"id":9,"date":"2016-03-30T16:45:34","date_gmt":"2016-03-30T13:45:34","guid":{"rendered":"http:\/\/sandbox.curlythemes.com\/pirouette\/?page_id=9"},"modified":"2019-08-30T17:56:22","modified_gmt":"2019-08-30T14:56:22","slug":"uzmanliklar","status":"publish","type":"page","link":"https:\/\/www.erdemyorukoglu.com\/en\/uzmanliklar\/","title":{"rendered":"SKILLS"},"content":{"rendered":"<div class=\"wpb-content-wrapper\">[vc_row full_width=&#8221;stretch_row&#8221; equal_height=&#8221;yes&#8221; content_placement=&#8221;middle&#8221; curly_padding=&#8221;content-padding-lg&#8221; css=&#8221;.vc_custom_1474550710558{border-bottom-width: 1px !important;border-bottom-color: #f4f4f4 !important;border-bottom-style: solid !important;}&#8221;][vc_column width=&#8221;1\/2&#8243;][vc_single_image image=&#8221;2370&#8243; img_size=&#8221;large&#8221; css=&#8221;.vc_custom_1550430720720{margin-bottom: 0px !important;}&#8221; el_class=&#8221;img-frame-large&#8221;][\/vc_column][vc_column width=&#8221;1\/3&#8243; offset=&#8221;vc_col-sm-offset-2&#8243;][vc_column_text curly_padding_side=&#8221;content-side-padding-xxl&#8221;]\n<h2><strong>OSTEOPATHY<\/strong><\/h2>\n<p class=\"text text-40\">Osteopaths are highly qualified health professionals.<\/p>\n<p>Every day more than 30,000 people in the world apply to osteopaths for neck and back pain, joint and muscle problems, sports injuries, recurrent headaches and more. Osteopaths can eliminate the pain in a very short time with the mobilization and manipulation techniques they apply.[\/vc_column_text][vc_empty_space height=&#8221;.5rem&#8221;][vc_column_text curly_padding_side=&#8221;content-side-padding-xxl&#8221;]<a class=\"btn btn-primary btn-sm\" href=\"https:\/\/www.erdemyorukoglu.com\/en\/uzmanliklar\/osteopati\/\"><strong>DETAILS&#8230;<\/strong><\/a>[\/vc_column_text][\/vc_column][\/vc_row][vc_row full_width=&#8221;stretch_row&#8221; equal_height=&#8221;yes&#8221; content_placement=&#8221;middle&#8221; curly_padding=&#8221;content-padding-lg&#8221; css=&#8221;.vc_custom_1474550710558{border-bottom-width: 1px !important;border-bottom-color: #f4f4f4 !important;border-bottom-style: solid !important;}&#8221;][vc_column width=&#8221;1\/3&#8243;][vc_column_text curly_padding_side=&#8221;content-side-padding-xxl&#8221;]\n<h2><strong>ORTHOPEDIC MANUAL THERAPY (OMT)<\/strong><\/h2>\n<p class=\"text text-40\">Manual therapy techniques are applied by physiotherapists as a complementary treatment method. Combined with physical therapy methods and techniques, it prevents unnecessary surgeries and improves quality of life.<\/p>\n[\/vc_column_text][vc_empty_space height=&#8221;.5rem&#8221;][vc_column_text]<a class=\"btn btn-primary btn-sm\" href=\"https:\/\/www.erdemyorukoglu.com\/en\/uzmanliklar\/manuel-terapi\/\"><strong>DETAILS&#8230;<\/strong><\/a>[\/vc_column_text][\/vc_column][vc_column width=&#8221;1\/2&#8243; offset=&#8221;vc_col-sm-offset-2&#8243;][vc_single_image image=&#8221;2362&#8243; img_size=&#8221;large&#8221; css=&#8221;.vc_custom_1542482178336{margin-bottom: 0px !important;}&#8221; el_class=&#8221;img-frame-large&#8221;][\/vc_column][\/vc_row][vc_row full_width=&#8221;stretch_row&#8221; equal_height=&#8221;yes&#8221; content_placement=&#8221;middle&#8221; curly_padding=&#8221;content-padding-lg&#8221; css=&#8221;.vc_custom_1474550710558{border-bottom-width: 1px !important;border-bottom-color: #f4f4f4 !important;border-bottom-style: solid !important;}&#8221;][vc_column width=&#8221;1\/2&#8243;][vc_single_image image=&#8221;3241&#8243; img_size=&#8221;large&#8221; css=&#8221;.vc_custom_1546637270491{margin-bottom: 0px !important;}&#8221; el_class=&#8221;img-frame-large&#8221;][\/vc_column][vc_column width=&#8221;1\/3&#8243; offset=&#8221;vc_col-sm-offset-2&#8243;][vc_column_text curly_padding_side=&#8221;content-side-padding-xxl&#8221;]\n<h2><strong>MYOFASCIAL RELEASE<\/strong><\/h2>\n<p>Myofascial Release is a safe and highly effective applied technique that includes a light and continuous pressure on Myofascial connective tissue restrictions to relieve pain and restore movement.[\/vc_column_text][vc_empty_space height=&#8221;.5rem&#8221;][vc_column_text]<a class=\"btn btn-primary btn-sm\" href=\"https:\/\/www.erdemyorukoglu.com\/en\/uzmanliklar\/myofascial-release\/\"><strong>DETAILS&#8230;<\/strong><\/a>[\/vc_column_text][\/vc_column][\/vc_row][vc_row full_width=&#8221;stretch_row&#8221; equal_height=&#8221;yes&#8221; content_placement=&#8221;middle&#8221; curly_padding=&#8221;content-padding-lg&#8221; css=&#8221;.vc_custom_1474550710558{border-bottom-width: 1px !important;border-bottom-color: #f4f4f4 !important;border-bottom-style: solid !important;}&#8221;][vc_column width=&#8221;1\/3&#8243;][vc_column_text curly_padding_side=&#8221;content-side-padding-xxl&#8221;]\n<h2><strong>FOLDI LYMPHEDEMA<\/strong><\/h2>\n<p>Lymphedema disorder is caused by the accumulation of lymphatic fluid in the intercellular tissue, causing swelling in the arms, legs and trunk.[\/vc_column_text][vc_empty_space height=&#8221;.5rem&#8221;][vc_column_text]<a class=\"btn btn-primary btn-sm\" href=\"https:\/\/www.erdemyorukoglu.com\/en\/uzmanliklar\/foldi-lenfodem\/\"><strong>DETAILS&#8230;<\/strong><\/a>[\/vc_column_text][\/vc_column][vc_column width=&#8221;1\/2&#8243; offset=&#8221;vc_col-sm-offset-2&#8243;][vc_single_image image=&#8221;2851&#8243; img_size=&#8221;large&#8221; css=&#8221;.vc_custom_1543439287311{margin-bottom: 0px !important;}&#8221; el_class=&#8221;img-frame-large&#8221;][\/vc_column][\/vc_row][vc_row full_width=&#8221;stretch_row&#8221; equal_height=&#8221;yes&#8221; content_placement=&#8221;middle&#8221; curly_padding=&#8221;content-padding-lg&#8221; css=&#8221;.vc_custom_1474550710558{border-bottom-width: 1px !important;border-bottom-color: #f4f4f4 !important;border-bottom-style: solid !important;}&#8221;][vc_column width=&#8221;1\/2&#8243;][vc_single_image image=&#8221;3097&#8243; img_size=&#8221;large&#8221; css=&#8221;.vc_custom_1546636510732{margin-bottom: 0px !important;}&#8221; el_class=&#8221;img-frame-large&#8221;][\/vc_column][vc_column width=&#8221;1\/3&#8243; offset=&#8221;vc_col-sm-offset-2&#8243;][vc_column_text curly_padding_side=&#8221;content-side-padding-xxl&#8221;]\n<h2><strong>SCHROTH-3D\u00a0<\/strong><strong>SCOLIOSIS TREATMENT<\/strong><\/h2>\n<p class=\"text text-40\">Three-dimensional treatment for scoliosis has been used in Germany since 1921. Mrs. Kathrine Schroth first created this method after using it for 11 years, bringing together a lot of information and creating a mosaic of teachable methods.<\/p>\n[\/vc_column_text][vc_empty_space height=&#8221;.5rem&#8221;][vc_column_text]<a class=\"btn btn-primary btn-sm\" href=\"https:\/\/www.erdemyorukoglu.com\/en\/uzmanliklar\/schroth-3d-skolyoz-tedavisi\/\"><strong>DETAILS&#8230;<\/strong><\/a>[\/vc_column_text][\/vc_column][\/vc_row][vc_row full_width=&#8221;stretch_row&#8221; equal_height=&#8221;yes&#8221; content_placement=&#8221;middle&#8221; curly_padding=&#8221;content-padding-lg&#8221; css=&#8221;.vc_custom_1474550710558{border-bottom-width: 1px !important;border-bottom-color: #f4f4f4 !important;border-bottom-style: solid !important;}&#8221;][vc_column width=&#8221;1\/3&#8243;][vc_column_text curly_padding_side=&#8221;content-side-padding-xxl&#8221;]\n<h2><strong>DEEP TISSUE AND\u00a0<\/strong><strong>TRIGGER POINT MASSAGE<\/strong><\/h2>\n<p class=\"text text-40\">Trigger point massage is applied to relieve and even eliminate the pain caused by muscle cramps and nerve contractions known as spasm.<\/p>\n[\/vc_column_text][vc_empty_space height=&#8221;.5rem&#8221;][vc_column_text]<a class=\"btn btn-primary btn-sm\" href=\"https:\/\/www.erdemyorukoglu.com\/en\/uzmanliklar\/derin-doku-tetik-nokta-masaji\/\"><strong>DETAILS&#8230;<\/strong><\/a>[\/vc_column_text][\/vc_column][vc_column width=&#8221;1\/2&#8243; offset=&#8221;vc_col-sm-offset-2&#8243;][vc_single_image image=&#8221;3215&#8243; img_size=&#8221;large&#8221; css=&#8221;.vc_custom_1546636956378{margin-bottom: 0px !important;}&#8221; el_class=&#8221;img-frame-large&#8221;][\/vc_column][\/vc_row][vc_row full_width=&#8221;stretch_row&#8221; equal_height=&#8221;yes&#8221; content_placement=&#8221;middle&#8221; curly_padding=&#8221;content-padding-lg&#8221; css=&#8221;.vc_custom_1474550710558{border-bottom-width: 1px !important;border-bottom-color: #f4f4f4 !important;border-bottom-style: solid !important;}&#8221;][vc_column width=&#8221;1\/2&#8243;][vc_single_image image=&#8221;3235&#8243; img_size=&#8221;large&#8221; css=&#8221;.vc_custom_1546637168407{margin-bottom: 0px !important;}&#8221; el_class=&#8221;img-frame-large&#8221;][\/vc_column][vc_column width=&#8221;1\/3&#8243; offset=&#8221;vc_col-sm-offset-2&#8243;][vc_column_text curly_padding_side=&#8221;content-side-padding-xxl&#8221;]\n<h2><strong>ALEXANDER TECHNIQUE<\/strong><\/h2>\n<p class=\"text text-40\">This technique emerged after a long period of self-monitoring by the Australian actor Frederick Matthias Alexander (1869-1955) as a result of his dismissal on the stage and the inability of doctors to cure him.<\/p>\n[\/vc_column_text][vc_empty_space height=&#8221;.5rem&#8221;][vc_column_text curly_padding_side=&#8221;content-side-padding-xxl&#8221;]<a class=\"btn btn-primary btn-sm\" href=\"https:\/\/www.erdemyorukoglu.com\/en\/uzmanliklar\/alexander-teknigi\/\"> <strong>DETAILS&#8230;<\/strong><\/a>[\/vc_column_text][\/vc_column][\/vc_row][vc_row full_width=&#8221;stretch_row&#8221; equal_height=&#8221;yes&#8221; content_placement=&#8221;middle&#8221; curly_padding=&#8221;content-padding-lg&#8221; css=&#8221;.vc_custom_1474550710558{border-bottom-width: 1px !important;border-bottom-color: #f4f4f4 !important;border-bottom-style: solid !important;}&#8221;][vc_column width=&#8221;1\/3&#8243;][vc_column_text curly_padding_side=&#8221;content-side-padding-xxl&#8221;]\n<h2><strong>GRASTON<\/strong><\/h2>\n<p class=\"text text-40\">The Graston Technique is a patented manual therapy using stainless steel tools to perform muscle mobilization. It is a kind of soft tissue mobilization mainly used by chiropractors, osteopathic doctors, physiotherapists, occupational therapists and some licensed massage therapists.<\/p>\n[\/vc_column_text][vc_empty_space height=&#8221;.5rem&#8221;][vc_column_text curly_padding_side=&#8221;content-side-padding-xxl&#8221;]<a class=\"btn btn-primary btn-sm\" href=\"https:\/\/www.erdemyorukoglu.com\/en\/uzmanliklar\/graston\/\"><strong>DETAILS&#8230;<\/strong><\/a>[\/vc_column_text][\/vc_column][vc_column width=&#8221;1\/2&#8243; offset=&#8221;vc_col-sm-offset-2&#8243;][vc_single_image image=&#8221;3205&#8243; img_size=&#8221;large&#8221; css=&#8221;.vc_custom_1546636762484{margin-bottom: 0px !important;}&#8221; el_class=&#8221;img-frame-large&#8221;][\/vc_column][\/vc_row][vc_row full_width=&#8221;stretch_row&#8221; equal_height=&#8221;yes&#8221; content_placement=&#8221;middle&#8221; curly_padding=&#8221;content-padding-lg&#8221; css=&#8221;.vc_custom_1474550710558{border-bottom-width: 1px !important;border-bottom-color: #f4f4f4 !important;border-bottom-style: solid !important;}&#8221;][vc_column width=&#8221;1\/2&#8243;][vc_single_image image=&#8221;3530&#8243; img_size=&#8221;large&#8221; css=&#8221;.vc_custom_1552761048785{margin-bottom: 0px !important;}&#8221; el_class=&#8221;img-frame-large&#8221;][\/vc_column][vc_column width=&#8221;1\/3&#8243; offset=&#8221;vc_col-sm-offset-2&#8243;][vc_column_text curly_padding_side=&#8221;content-side-padding-xxl&#8221;]\n<h2><strong>McKENZIE TECHNIQUE<\/strong><\/h2>\n<p class=\"text text-40\">McKenzie Method is a biopsychosocial system that emphasizes muscle strengthening and patient empowerment and self-treatment. It is an internationally accepted assessment and treatment method for spinal and extremity pains developed by Physiotherapist RobinMcKenzie in New Zealand. It has been widely used all over the world for more than 30 years.<\/p>\n[\/vc_column_text][vc_empty_space height=&#8221;.5rem&#8221;][vc_column_text curly_padding_side=&#8221;content-side-padding-xxl&#8221;]<a class=\"btn btn-primary btn-sm\" href=\"https:\/\/www.erdemyorukoglu.com\/en\/uzmanliklar\/mckenzie-teknigi\/\"><strong>DETAILS&#8230;<\/strong><\/a>[\/vc_column_text][\/vc_column][\/vc_row][vc_row full_width=&#8221;stretch_row&#8221; equal_height=&#8221;yes&#8221; content_placement=&#8221;middle&#8221; curly_padding=&#8221;content-padding-lg&#8221; css=&#8221;.vc_custom_1474550710558{border-bottom-width: 1px !important;border-bottom-color: #f4f4f4 !important;border-bottom-style: solid !important;}&#8221;][vc_column width=&#8221;1\/3&#8243;][vc_column_text curly_padding_side=&#8221;content-side-padding-xxl&#8221;]\n<h2><strong>MULLIGAN CONCEPT<\/strong><\/h2>\n<p class=\"text text-40\">The Mulligan concept was developed in the 1980s by the New Zealander physiotherapist BrianMulligan. Techniques specific to the concept are applied safely and effectively in musculoskeletal and nervous system diseases.<\/p>\n[\/vc_column_text][vc_empty_space height=&#8221;.5rem&#8221;][vc_column_text curly_padding_side=&#8221;content-side-padding-xxl&#8221;]<a class=\"btn btn-primary btn-sm\" href=\"https:\/\/www.erdemyorukoglu.com\/en\/uzmanliklar\/mulligan-konsepti\/\"><strong>DETAILS&#8230;<\/strong><\/a>[\/vc_column_text][\/vc_column][vc_column width=&#8221;1\/2&#8243; offset=&#8221;vc_col-sm-offset-2&#8243;][vc_single_image image=&#8221;3527&#8243; img_size=&#8221;large&#8221; css=&#8221;.vc_custom_1552761230005{margin-bottom: 0px !important;}&#8221; el_class=&#8221;img-frame-large&#8221;][\/vc_column][\/vc_row][vc_row full_width=&#8221;stretch_row&#8221; equal_height=&#8221;yes&#8221; content_placement=&#8221;middle&#8221; curly_padding=&#8221;content-padding-lg&#8221; css=&#8221;.vc_custom_1474550710558{border-bottom-width: 1px !important;border-bottom-color: #f4f4f4 !important;border-bottom-style: solid !important;}&#8221;][vc_column width=&#8221;1\/2&#8243;][vc_single_image image=&#8221;3770&#8243; img_size=&#8221;large&#8221; css=&#8221;.vc_custom_1552761508489{margin-bottom: 0px !important;}&#8221; el_class=&#8221;img-frame-large&#8221;][\/vc_column][vc_column width=&#8221;1\/3&#8243; offset=&#8221;vc_col-sm-offset-2&#8243;][vc_column_text curly_padding_side=&#8221;content-side-padding-xxl&#8221;]\n<h2><strong>CHIROPRACTIC<\/strong><\/h2>\n<p class=\"text text-40\">Chiropractic; it is a supportive field of practice which is concerned with biomechanical disorders of muscle, spine and skeletal system and its problems on the nervous system.<\/p>\n[\/vc_column_text][vc_empty_space height=&#8221;.5rem&#8221;][vc_column_text curly_padding_side=&#8221;content-side-padding-xxl&#8221;]<a class=\"btn btn-primary btn-sm\" href=\"https:\/\/www.erdemyorukoglu.com\/en\/uzmanliklar\/kayropraktik\/\"><strong>DETAILS&#8230;<\/strong><\/a>[\/vc_column_text][\/vc_column][\/vc_row][vc_row full_width=&#8221;stretch_row&#8221; equal_height=&#8221;yes&#8221; content_placement=&#8221;middle&#8221; curly_padding=&#8221;content-padding-lg&#8221; css=&#8221;.vc_custom_1474550710558{border-bottom-width: 1px !important;border-bottom-color: #f4f4f4 !important;border-bottom-style: solid !important;}&#8221;][vc_column width=&#8221;1\/3&#8243;][vc_column_text curly_padding_side=&#8221;content-side-padding-xxl&#8221;]\n<h2><strong>FMS\u00a0<\/strong><strong>(Functional Movement Screen)<\/strong><\/h2>\n<p>The FMS advocates that first mobilization, then stabilization, then the correct movement and the last force must be loaded.<\/p>\n<p>FMS; weak neuromuscular control is a system used to assess the quality of movement pattern in athletes because it is thought to increase the risk of acute injury (1).[\/vc_column_text][vc_empty_space height=&#8221;.5rem&#8221;][vc_column_text curly_padding_side=&#8221;content-side-padding-xxl&#8221;]<a class=\"btn btn-primary btn-sm\" href=\"https:\/\/www.erdemyorukoglu.com\/en\/uzmanliklar\/functional_movement_screen\/\"> <strong>DETAILS&#8230;<\/strong><\/a>[\/vc_column_text][\/vc_column][vc_column width=&#8221;1\/2&#8243; offset=&#8221;vc_col-sm-offset-2&#8243;][vc_single_image image=&#8221;3251&#8243; img_size=&#8221;large&#8221; css=&#8221;.vc_custom_1546637362772{margin-bottom: 0px !important;}&#8221; el_class=&#8221;img-frame-large&#8221;][\/vc_column][\/vc_row]\n<\/div>","protected":false},"excerpt":{"rendered":"<p>[vc_row full_width=&#8221;stretch_row&#8221; equal_height=&#8221;yes&#8221; content_placement=&#8221;middle&#8221; curly_padding=&#8221;content-padding-lg&#8221; css=&#8221;.vc_custom_1474550710558{border-bottom-width: 1px !important;border-bottom-color: #f4f4f4 !important;border-bottom-style: solid !important;}&#8221;][vc_column width=&#8221;1\/2&#8243;][vc_single_image image=&#8221;2370&#8243; img_size=&#8221;large&#8221; css=&#8221;.vc_custom_1550430720720{margin-bottom: 0px !important;}&#8221; el_class=&#8221;img-frame-large&#8221;][\/vc_column][vc_column width=&#8221;1\/3&#8243; offset=&#8221;vc_col-sm-offset-2&#8243;][vc_column_text curly_padding_side=&#8221;content-side-padding-xxl&#8221;] OSTEOPATHY Osteopaths are highly qualified health professionals. Every day more than 30,000 people in the world apply to osteopaths for neck and back pain, joint and muscle problems, sports injuries, recurrent headaches and more. Osteopaths can eliminate the [&hellip;]<\/p>\n","protected":false},"author":1,"featured_media":0,"parent":0,"menu_order":0,"comment_status":"closed","ping_status":"closed","template":"","meta":{"inline_featured_image":false,"footnotes":""},"class_list":["post-9","page","type-page","status-publish","hentry"],"yoast_head":"<!-- This site is optimized with the Yoast SEO plugin v25.7 - https:\/\/yoast.com\/wordpress\/plugins\/seo\/ -->\n<title>SKILLS<\/title>\n<meta name=\"description\" content=\"Manuel Terapi (OMT), Osteopati, Schroth-3D Skolyoz Tedavi, Graston,Derin Doku ve Tetik Nokta Masaj\u0131, Alexander Tekni\u011fi, Myofascial Realese, FMS (Functional Movement Screen), F\u00f6ldi Lenf\u00f6dem\" \/>\n<meta name=\"robots\" content=\"index, follow, max-snippet:-1, max-image-preview:large, max-video-preview:-1\" \/>\n<link rel=\"canonical\" href=\"https:\/\/www.erdemyorukoglu.com\/en\/uzmanliklar\/\" \/>\n<meta property=\"og:locale\" content=\"en_US\" \/>\n<meta property=\"og:locale:alternate\" content=\"tr_TR\" \/>\n<meta property=\"og:locale:alternate\" content=\"De_GR\" \/>\n<meta property=\"og:type\" content=\"article\" \/>\n<meta property=\"og:title\" content=\"SKILLS\" \/>\n<meta property=\"og:description\" content=\"Manuel Terapi (OMT), Osteopati, Schroth-3D Skolyoz Tedavi, Graston,Derin Doku ve Tetik Nokta Masaj\u0131, Alexander Tekni\u011fi, Myofascial Realese, FMS (Functional Movement Screen), F\u00f6ldi Lenf\u00f6dem\" \/>\n<meta property=\"og:url\" content=\"https:\/\/www.erdemyorukoglu.com\/en\/uzmanliklar\/\" \/>\n<meta property=\"og:site_name\" content=\"Erdem Y\u00f6r\u00fcko\u011flu \/\/ Manuel Terapi, Fizyoterapist, Ankara\" \/>\n<meta property=\"article:modified_time\" content=\"2019-08-30T14:56:22+00:00\" \/>\n<meta name=\"twitter:card\" content=\"summary_large_image\" \/>\n<meta name=\"twitter:label1\" content=\"Est. reading time\" \/>\n\t<meta name=\"twitter:data1\" content=\"21 minutes\" \/>\n<script type=\"application\/ld+json\" class=\"yoast-schema-graph\">{\"@context\":\"https:\/\/schema.org\",\"@graph\":[{\"@type\":\"WebPage\",\"@id\":\"https:\/\/www.erdemyorukoglu.com\/de\/uzmanliklar\/\",\"url\":\"https:\/\/www.erdemyorukoglu.com\/de\/uzmanliklar\/\",\"name\":\"SKILLS\",\"isPartOf\":{\"@id\":\"https:\/\/www.erdemyorukoglu.com\/en\/#website\"},\"datePublished\":\"2016-03-30T13:45:34+00:00\",\"dateModified\":\"2019-08-30T14:56:22+00:00\",\"description\":\"Manuel Terapi (OMT), Osteopati, Schroth-3D Skolyoz Tedavi, Graston,Derin Doku ve Tetik Nokta Masaj\u0131, Alexander Tekni\u011fi, Myofascial Realese, FMS (Functional Movement Screen), F\u00f6ldi Lenf\u00f6dem\",\"breadcrumb\":{\"@id\":\"https:\/\/www.erdemyorukoglu.com\/de\/uzmanliklar\/#breadcrumb\"},\"inLanguage\":\"en-US\",\"potentialAction\":[{\"@type\":\"ReadAction\",\"target\":[\"https:\/\/www.erdemyorukoglu.com\/de\/uzmanliklar\/\"]}]},{\"@type\":\"BreadcrumbList\",\"@id\":\"https:\/\/www.erdemyorukoglu.com\/de\/uzmanliklar\/#breadcrumb\",\"itemListElement\":[{\"@type\":\"ListItem\",\"position\":1,\"name\":\"MANUEL TERAP\u0130 ANKARA %%sep%% %%sitename%%\",\"item\":\"https:\/\/www.erdemyorukoglu.com\/de\/\"},{\"@type\":\"ListItem\",\"position\":2,\"name\":\"UZMANLIKLAR\"}]},{\"@type\":\"WebSite\",\"@id\":\"https:\/\/www.erdemyorukoglu.com\/en\/#website\",\"url\":\"https:\/\/www.erdemyorukoglu.com\/en\/\",\"name\":\"Erdem Y\u00f6r\u00fcko\u011flu \/\/ Manuel Terapi, Fizyoterapist, Ankara\",\"description\":\"Manuel Terapi, Kayropraktik, Fizyoterapi, Bel ve Boyun F\u0131t\u0131\u011f\u0131, Lenf\u00f6dem Tedavisi, Gyrotonic, Skolyoz, Ankara\",\"publisher\":{\"@id\":\"https:\/\/www.erdemyorukoglu.com\/en\/#\/schema\/person\/854314645f5beb1ce61d3d55971d52e1\"},\"potentialAction\":[{\"@type\":\"SearchAction\",\"target\":{\"@type\":\"EntryPoint\",\"urlTemplate\":\"https:\/\/www.erdemyorukoglu.com\/en\/?s={search_term_string}\"},\"query-input\":{\"@type\":\"PropertyValueSpecification\",\"valueRequired\":true,\"valueName\":\"search_term_string\"}}],\"inLanguage\":\"en-US\"},{\"@type\":[\"Person\",\"Organization\"],\"@id\":\"https:\/\/www.erdemyorukoglu.com\/en\/#\/schema\/person\/854314645f5beb1ce61d3d55971d52e1\",\"name\":\"Erdem Y\u00f6r\u00fcko\u011flu\",\"image\":{\"@type\":\"ImageObject\",\"inLanguage\":\"en-US\",\"@id\":\"https:\/\/www.erdemyorukoglu.com\/en\/#\/schema\/person\/image\/\",\"url\":\"https:\/\/www.erdemyorukoglu.com\/wp-content\/uploads\/2018\/11\/fav-icon-1.png\",\"contentUrl\":\"https:\/\/www.erdemyorukoglu.com\/wp-content\/uploads\/2018\/11\/fav-icon-1.png\",\"width\":512,\"height\":512,\"caption\":\"Erdem Y\u00f6r\u00fcko\u011flu\"},\"logo\":{\"@id\":\"https:\/\/www.erdemyorukoglu.com\/en\/#\/schema\/person\/image\/\"}}]}<\/script>\n<!-- \/ Yoast SEO plugin. -->","yoast_head_json":{"title":"SKILLS","description":"Manuel Terapi (OMT), Osteopati, Schroth-3D Skolyoz Tedavi, Graston,Derin Doku ve Tetik Nokta Masaj\u0131, Alexander Tekni\u011fi, Myofascial Realese, FMS (Functional Movement Screen), F\u00f6ldi Lenf\u00f6dem","robots":{"index":"index","follow":"follow","max-snippet":"max-snippet:-1","max-image-preview":"max-image-preview:large","max-video-preview":"max-video-preview:-1"},"canonical":"https:\/\/www.erdemyorukoglu.com\/en\/uzmanliklar\/","og_locale":"en_US","og_type":"article","og_title":"Erdem Y\u00f6r\u00fcko\u011flu \/\/ Manuel Terapi, Fizyoterapist, Ankara - [:tr]UZMANLIKLAR[:en]SKILLS[:de]SACHKENNTNIS[:]","og_description":"Manuel Terapi (OMT), Osteopati, Schroth-3D Skolyoz Tedavi, Graston,Derin Doku ve Tetik Nokta Masaj\u0131, Alexander Tekni\u011fi, Myofascial Realese, FMS (Functional Movement Screen), F\u00f6ldi Lenf\u00f6dem","og_url":"https:\/\/www.erdemyorukoglu.com\/en\/uzmanliklar\/","og_site_name":"Erdem Y\u00f6r\u00fcko\u011flu \/\/ Manuel Terapi, Fizyoterapist, Ankara","article_modified_time":"2019-08-30T14:56:22+00:00","twitter_card":"summary_large_image","twitter_misc":{"Est. reading time":"21 minutes"},"schema":{"@context":"https:\/\/schema.org","@graph":[{"@type":"WebPage","@id":"https:\/\/www.erdemyorukoglu.com\/de\/uzmanliklar\/","url":"https:\/\/www.erdemyorukoglu.com\/de\/uzmanliklar\/","name":"SKILLS","isPartOf":{"@id":"https:\/\/www.erdemyorukoglu.com\/en\/#website"},"datePublished":"2016-03-30T13:45:34+00:00","dateModified":"2019-08-30T14:56:22+00:00","description":"Manuel Terapi (OMT), Osteopati, Schroth-3D Skolyoz Tedavi, Graston,Derin Doku ve Tetik Nokta Masaj\u0131, Alexander Tekni\u011fi, Myofascial Realese, FMS (Functional Movement Screen), F\u00f6ldi Lenf\u00f6dem","breadcrumb":{"@id":"https:\/\/www.erdemyorukoglu.com\/de\/uzmanliklar\/#breadcrumb"},"inLanguage":"en-US","potentialAction":[{"@type":"ReadAction","target":["https:\/\/www.erdemyorukoglu.com\/de\/uzmanliklar\/"]}]},{"@type":"BreadcrumbList","@id":"https:\/\/www.erdemyorukoglu.com\/de\/uzmanliklar\/#breadcrumb","itemListElement":[{"@type":"ListItem","position":1,"name":"MANUEL TERAP\u0130 ANKARA %%sep%% %%sitename%%","item":"https:\/\/www.erdemyorukoglu.com\/de\/"},{"@type":"ListItem","position":2,"name":"UZMANLIKLAR"}]},{"@type":"WebSite","@id":"https:\/\/www.erdemyorukoglu.com\/en\/#website","url":"https:\/\/www.erdemyorukoglu.com\/en\/","name":"Erdem Y\u00f6r\u00fcko\u011flu \/\/ Manuel Terapi, Fizyoterapist, Ankara","description":"Manuel Terapi, Kayropraktik, Fizyoterapi, Bel ve Boyun F\u0131t\u0131\u011f\u0131, Lenf\u00f6dem Tedavisi, Gyrotonic, Skolyoz, Ankara","publisher":{"@id":"https:\/\/www.erdemyorukoglu.com\/en\/#\/schema\/person\/854314645f5beb1ce61d3d55971d52e1"},"potentialAction":[{"@type":"SearchAction","target":{"@type":"EntryPoint","urlTemplate":"https:\/\/www.erdemyorukoglu.com\/en\/?s={search_term_string}"},"query-input":{"@type":"PropertyValueSpecification","valueRequired":true,"valueName":"search_term_string"}}],"inLanguage":"en-US"},{"@type":["Person","Organization"],"@id":"https:\/\/www.erdemyorukoglu.com\/en\/#\/schema\/person\/854314645f5beb1ce61d3d55971d52e1","name":"Erdem Y\u00f6r\u00fcko\u011flu","image":{"@type":"ImageObject","inLanguage":"en-US","@id":"https:\/\/www.erdemyorukoglu.com\/en\/#\/schema\/person\/image\/","url":"https:\/\/www.erdemyorukoglu.com\/wp-content\/uploads\/2018\/11\/fav-icon-1.png","contentUrl":"https:\/\/www.erdemyorukoglu.com\/wp-content\/uploads\/2018\/11\/fav-icon-1.png","width":512,"height":512,"caption":"Erdem Y\u00f6r\u00fcko\u011flu"},"logo":{"@id":"https:\/\/www.erdemyorukoglu.com\/en\/#\/schema\/person\/image\/"}}]}},"_links":{"self":[{"href":"https:\/\/www.erdemyorukoglu.com\/en\/wp-json\/wp\/v2\/pages\/9","targetHints":{"allow":["GET"]}}],"collection":[{"href":"https:\/\/www.erdemyorukoglu.com\/en\/wp-json\/wp\/v2\/pages"}],"about":[{"href":"https:\/\/www.erdemyorukoglu.com\/en\/wp-json\/wp\/v2\/types\/page"}],"author":[{"embeddable":true,"href":"https:\/\/www.erdemyorukoglu.com\/en\/wp-json\/wp\/v2\/users\/1"}],"replies":[{"embeddable":true,"href":"https:\/\/www.erdemyorukoglu.com\/en\/wp-json\/wp\/v2\/comments?post=9"}],"version-history":[{"count":42,"href":"https:\/\/www.erdemyorukoglu.com\/en\/wp-json\/wp\/v2\/pages\/9\/revisions"}],"predecessor-version":[{"id":4166,"href":"https:\/\/www.erdemyorukoglu.com\/en\/wp-json\/wp\/v2\/pages\/9\/revisions\/4166"}],"wp:attachment":[{"href":"https:\/\/www.erdemyorukoglu.com\/en\/wp-json\/wp\/v2\/media?parent=9"}],"curies":[{"name":"wp","href":"https:\/\/api.w.org\/{rel}","templated":true}]}}