{"id":11,"date":"2016-03-30T16:45:59","date_gmt":"2016-03-30T13:45:59","guid":{"rendered":"http:\/\/sandbox.curlythemes.com\/pirouette\/?page_id=11"},"modified":"2023-03-24T11:43:13","modified_gmt":"2023-03-24T08:43:13","slug":"iletisim","status":"publish","type":"page","link":"https:\/\/www.erdemyorukoglu.com\/tr\/iletisim\/","title":{"rendered":"\u0130LET\u0130\u015e\u0130M"},"content":{"rendered":"<div class=\"wpb-content-wrapper\">[vc_row full_width=&#8221;stretch_row&#8221; curly_padding=&#8221;content-padding-none&#8221;][vc_column curly_padding=&#8221;content-padding&#8221; css=&#8221;.vc_custom_1549832104326{margin-top: 0px !important;margin-right: 0px !important;margin-bottom: 0px !important;margin-left: 0px !important;border-top-width: 0px !important;border-right-width: 0px !important;border-bottom-width: 0px !important;border-left-width: 0px !important;padding-top: 0px !important;padding-right: 0px !important;padding-bottom: 0px !important;padding-left: 0px !important;}&#8221;][vc_column_text]\n<h1 style=\"text-align: center;\"><strong>\u0130LET\u0130\u015e\u0130M<\/strong><\/h1>\n[\/vc_column_text][\/vc_column][\/vc_row][vc_row full_width=&#8221;stretch_row_content_no_spaces&#8221; curly_padding=&#8221;content-padding-none&#8221;][vc_column css=&#8221;.vc_custom_1542481186593{margin-top: 0px !important;margin-right: 0px !important;margin-bottom: 0px !important;margin-left: 0px !important;border-top-width: 0px !important;border-right-width: 0px !important;border-bottom-width: 0px !important;border-left-width: 0px !important;padding-top: 0px !important;padding-right: 0px !important;padding-bottom: 0px !important;padding-left: 0px !important;}&#8221;][vc_gmaps link=&#8221;#E-8_JTNDaWZyYW1lJTIwc3JjJTNEJTIyaHR0cHMlM0ElMkYlMkZ3d3cuZ29vZ2xlLmNvbSUyRm1hcHMlMkZlbWJlZCUzRnBiJTNEJTIxMW0xNCUyMTFtOCUyMTFtMyUyMTFkMTEwNi45Mjg4NzcyNDQzNiUyMTJkMzIuODkzMjcyNyUyMTNkMzkuOTYzOTYzNiUyMTNtMiUyMTFpMTAyNCUyMTJpNzY4JTIxNGYxMy4xJTIxM20zJTIxMW0yJTIxMXMweDE0ZDMzOWJlZTBjYzgxZGYlMjUzQTB4NmY0OGNlZjYzYjVkZWU5MSUyMTJzRXJkZW0lMkJZJTI1QzMlMjU5NlIlMjVDMyUyNTlDS08lMjVDNCUyNTlFTFUlMkJVem1hbiUyQkZpenlvdGVyYXBpc3QlMjUyQyUyQk1hbnVlbCUyQlRlcmFwaSUyMTVlMSUyMTNtMiUyMTFzdHIlMjEyc3RyJTIxNHYxNTU1ODM4MjM2OTQ3JTIxNW0yJTIxMXN0ciUyMTJzdHIlMjIlMjB3aWR0aCUzRCUyMjgwMCUyMiUyMGhlaWdodCUzRCUyMjQwMCUyMiUyMGZyYW1lYm9yZGVyJTNEJTIyMCUyMiUyMHN0eWxlJTNEJTIyYm9yZGVyJTNBMCUyMiUyMGFsbG93ZnVsbHNjcmVlbiUzRSUzQyUyRmlmcmFtZSUzRQ==&#8221; css=&#8221;.vc_custom_1558650994641{margin-top: 0px !important;margin-right: 0px !important;margin-bottom: 0px !important;margin-left: 0px !important;border-top-width: 0px !important;border-right-width: 0px !important;border-bottom-width: 0px !important;border-left-width: 0px !important;padding-top: 0px !important;padding-right: 0px !important;padding-bottom: 0px !important;padding-left: 0px !important;}&#8221;][\/vc_column][\/vc_row][vc_row curly_padding=&#8221;content-padding-none&#8221;][vc_column width=&#8221;1\/2&#8243; offset=&#8221;vc_col-sm-offset-1&#8243;]\n<div class=\"wpcf7 no-js\" id=\"wpcf7-f5-o1\" lang=\"tr-TR\" dir=\"ltr\" data-wpcf7-id=\"5\">\n<div class=\"screen-reader-response\"><p role=\"status\" aria-live=\"polite\" aria-atomic=\"true\"><\/p> <ul><\/ul><\/div>\n<form action=\"\/tr\/wp-json\/wp\/v2\/pages\/11#wpcf7-f5-o1\" method=\"post\" class=\"wpcf7-form init\" aria-label=\"\u0130leti\u015fim Formu\" novalidate=\"novalidate\" data-status=\"init\">\n<fieldset class=\"hidden-fields-container\"><input type=\"hidden\" name=\"_wpcf7\" value=\"5\" \/><input type=\"hidden\" name=\"_wpcf7_version\" value=\"6.1.1\" \/><input type=\"hidden\" name=\"_wpcf7_locale\" value=\"tr_TR\" \/><input type=\"hidden\" name=\"_wpcf7_unit_tag\" value=\"wpcf7-f5-o1\" \/><input type=\"hidden\" name=\"_wpcf7_container_post\" value=\"0\" \/><input type=\"hidden\" name=\"_wpcf7_posted_data_hash\" value=\"\" \/><input type=\"hidden\" name=\"lang\" value=\"tr\" \/><input type=\"hidden\" name=\"_wpcf7_recaptcha_response\" value=\"\" \/>\n<\/fieldset>\n<p><label> Ad\u0131n\u0131z (gerekli)<br \/>\n<span class=\"wpcf7-form-control-wrap\" data-name=\"your-name\"><input size=\"40\" maxlength=\"400\" class=\"wpcf7-form-control wpcf7-text wpcf7-validates-as-required\" aria-required=\"true\" aria-invalid=\"false\" value=\"\" type=\"text\" name=\"your-name\" \/><\/span> <\/label>\n<\/p>\n<p><label> E-posta adresiniz (gerekli)<br \/>\n<span class=\"wpcf7-form-control-wrap\" data-name=\"your-email\"><input size=\"40\" maxlength=\"400\" class=\"wpcf7-form-control wpcf7-email wpcf7-validates-as-required wpcf7-text wpcf7-validates-as-email\" aria-required=\"true\" aria-invalid=\"false\" value=\"\" type=\"email\" name=\"your-email\" \/><\/span> <\/label>\n<\/p>\n<p><label> Konu<br \/>\n<span class=\"wpcf7-form-control-wrap\" data-name=\"your-subject\"><input size=\"40\" maxlength=\"400\" class=\"wpcf7-form-control wpcf7-text\" aria-invalid=\"false\" value=\"\" type=\"text\" name=\"your-subject\" \/><\/span> <\/label>\n<\/p>\n<p><label> \u0130letiniz<br \/>\n<span class=\"wpcf7-form-control-wrap\" data-name=\"your-message\"><textarea cols=\"40\" rows=\"10\" maxlength=\"2000\" class=\"wpcf7-form-control wpcf7-textarea\" aria-invalid=\"false\" name=\"your-message\"><\/textarea><\/span> <\/label>\n<\/p>\n\n<p><label><span class=\"wpcf7-form-control-wrap\" data-name=\"acceptance-666\"><span class=\"wpcf7-form-control wpcf7-acceptance optional\"><span class=\"wpcf7-list-item\"><input type=\"checkbox\" name=\"acceptance-666\" value=\"1\" aria-invalid=\"false\" \/><\/span><\/span><\/span>Onayl\u0131yorum<br \/>\n(Onaylamak i\u00e7in Kutucu\u011fu \u0130\u015faretleyiniz!) <\/label>\n<\/p>\n<p><input class=\"wpcf7-form-control wpcf7-submit has-spinner\" type=\"submit\" value=\"G\u00f6nder\" \/>\n<\/p><p style=\"display: none !important;\" class=\"akismet-fields-container\" data-prefix=\"_wpcf7_ak_\"><label>&#916;<textarea name=\"_wpcf7_ak_hp_textarea\" cols=\"45\" rows=\"8\" maxlength=\"100\"><\/textarea><\/label><input type=\"hidden\" id=\"ak_js_1\" name=\"_wpcf7_ak_js\" value=\"210\"\/><script>document.getElementById( \"ak_js_1\" ).setAttribute( \"value\", ( new Date() ).getTime() );<\/script><\/p><div class=\"wpcf7-response-output\" aria-hidden=\"true\"><\/div>\n<\/form>\n<\/div>\n[\/vc_column][vc_column width=&#8221;1\/3&#8243; offset=&#8221;vc_col-sm-offset-1&#8243;][vc_row_inner content_placement=&#8221;middle&#8221;][vc_column_inner width=&#8221;1\/3&#8243;][vc_single_image image=&#8221;2341&#8243; img_size=&#8221;medium&#8221; style=&#8221;vc_box_circle&#8221;][\/vc_column_inner][vc_column_inner width=&#8221;2\/3&#8243;][vc_column_text]\n<h5>Hemen ileti\u015fime ge\u00e7in?<br \/>\n<strong>Mesaj veya telefonla ula\u015f\u0131n!<\/strong><\/h5>\n[\/vc_column_text][\/vc_column_inner][vc_column_inner][vc_separator][vc_column_text]\n<h5 class=\"text-small\"><b>Dr. Sava\u015f Kuda\u015f Muayenehanesi<\/b><\/h5>\n[\/vc_column_text][\/vc_column_inner][vc_column_inner width=&#8221;5\/6&#8243;][vc_column_text]\n<dl>\n<dt>\n<h6>Adres<\/h6>\n<\/dt>\n<dd>\n<h6 class=\"text text-34\">Prof. Dr. Ahmet Taner K\u0131\u015flal\u0131 Mh. 2873. Sk. Anchor \u0130\u015f Mrk. B Blok Kat:2 No:7 \u00c7ayyolu, ANKARA<\/h6>\n<\/dd>\n<dt>\n<h6>\u00c7al\u0131\u015fma Saatleri<\/h6>\n<\/dt>\n<dd>\n<h6>Pazartesi &#8211; Cuma: \u00a0<span class=\"color-primary pull-right\">09<sup>00<\/sup> &#8211; 19<sup>00<\/sup><\/span><\/h6>\n<h6>Cumartesi: \u00a0<span class=\"color-primary pull-right\">09<sup>00<\/sup> &#8211; 12<sup>00<\/sup><\/span><\/h6>\n<\/dd>\n<dt>\n<h6>Telefon<\/h6>\n<\/dt>\n<dd>\n<h6>M 0(533) 691 51 53<\/h6>\n<\/dd>\n<dd>\n<h6>T 0(312) 428 06 66<\/h6>\n<\/dd>\n<dt>\n<h6>E-mail:<\/h6>\n<\/dt>\n<dd>\n<h6><a href=\"mailto:bilgi@erdemyorukoglu.com\">bilgi@erdemyorukoglu.com<\/a><\/h6>\n<\/dd>\n<\/dl>\n[\/vc_column_text][\/vc_column_inner][\/vc_row_inner][vc_separator][vc_column_text]\n<h6 class=\"text-small\">Formu doldurarak ileti\u015fime ge\u00e7ebilirsiniz!<\/h6>\n[\/vc_column_text][\/vc_column][\/vc_row]\n<\/div>","protected":false},"excerpt":{"rendered":"<p>[vc_row full_width=&#8221;stretch_row&#8221; curly_padding=&#8221;content-padding-none&#8221;][vc_column curly_padding=&#8221;content-padding&#8221; css=&#8221;.vc_custom_1549832104326{margin-top: 0px !important;margin-right: 0px !important;margin-bottom: 0px !important;margin-left: 0px !important;border-top-width: 0px !important;border-right-width: 0px !important;border-bottom-width: 0px !important;border-left-width: 0px !important;padding-top: 0px !important;padding-right: 0px !important;padding-bottom: 0px !important;padding-left: 0px !important;}&#8221;][vc_column_text] \u0130LET\u0130\u015e\u0130M [\/vc_column_text][\/vc_column][\/vc_row][vc_row full_width=&#8221;stretch_row_content_no_spaces&#8221; curly_padding=&#8221;content-padding-none&#8221;][vc_column css=&#8221;.vc_custom_1542481186593{margin-top: 0px !important;margin-right: 0px !important;margin-bottom: 0px !important;margin-left: 0px !important;border-top-width: 0px !important;border-right-width: 0px !important;border-bottom-width: 0px !important;border-left-width: 0px !important;padding-top: 0px !important;padding-right: 0px !important;padding-bottom: 0px !important;padding-left: 0px !important;}&#8221;][vc_gmaps link=&#8221;#E-8_JTNDaWZyYW1lJTIwc3JjJTNEJTIyaHR0cHMlM0ElMkYlMkZ3d3cuZ29vZ2xlLmNvbSUyRm1hcHMlMkZlbWJlZCUzRnBiJTNEJTIxMW0xNCUyMTFtOCUyMTFtMyUyMTFkMTEwNi45Mjg4NzcyNDQzNiUyMTJkMzIuODkzMjcyNyUyMTNkMzkuOTYzOTYzNiUyMTNtMiUyMTFpMTAyNCUyMTJpNzY4JTIxNGYxMy4xJTIxM20zJTIxMW0yJTIxMXMweDE0ZDMzOWJlZTBjYzgxZGYlMjUzQTB4NmY0OGNlZjYzYjVkZWU5MSUyMTJzRXJkZW0lMkJZJTI1QzMlMjU5NlIlMjVDMyUyNTlDS08lMjVDNCUyNTlFTFUlMkJVem1hbiUyQkZpenlvdGVyYXBpc3QlMjUyQyUyQk1hbnVlbCUyQlRlcmFwaSUyMTVlMSUyMTNtMiUyMTFzdHIlMjEyc3RyJTIxNHYxNTU1ODM4MjM2OTQ3JTIxNW0yJTIxMXN0ciUyMTJzdHIlMjIlMjB3aWR0aCUzRCUyMjgwMCUyMiUyMGhlaWdodCUzRCUyMjQwMCUyMiUyMGZyYW1lYm9yZGVyJTNEJTIyMCUyMiUyMHN0eWxlJTNEJTIyYm9yZGVyJTNBMCUyMiUyMGFsbG93ZnVsbHNjcmVlbiUzRSUzQyUyRmlmcmFtZSUzRQ==&#8221; css=&#8221;.vc_custom_1558650994641{margin-top: [&hellip;]<\/p>\n","protected":false},"author":1,"featured_media":0,"parent":0,"menu_order":0,"comment_status":"closed","ping_status":"closed","template":"","meta":{"inline_featured_image":false,"footnotes":""},"class_list":["post-11","page","type-page","status-publish","hentry"],"yoast_head":"<!-- This site is optimized with the Yoast SEO plugin v25.7 - https:\/\/yoast.com\/wordpress\/plugins\/seo\/ -->\n<title>\u0130LET\u0130\u015e\u0130M<\/title>\n<meta name=\"description\" content=\"Adres; Prof. Dr. Ahmet Taner K\u0131\u015flal\u0131 Mh. 2873. Sk. Anchor \u0130\u015f Mrk. B Blok No:5 \u00c7ayyolu, ANKARA\" \/>\n<meta name=\"robots\" content=\"index, follow, max-snippet:-1, max-image-preview:large, max-video-preview:-1\" \/>\n<link rel=\"canonical\" href=\"https:\/\/www.erdemyorukoglu.com\/tr\/iletisim\/\" \/>\n<meta property=\"og:locale\" content=\"tr_TR\" \/>\n<meta property=\"og:locale:alternate\" content=\"en_US\" \/>\n<meta property=\"og:locale:alternate\" content=\"De_GR\" \/>\n<meta property=\"og:type\" content=\"article\" \/>\n<meta property=\"og:title\" content=\"\u0130LET\u0130\u015e\u0130M\" \/>\n<meta property=\"og:description\" content=\"Adres; Prof. Dr. Ahmet Taner K\u0131\u015flal\u0131 Mh. 2873. Sk. Anchor \u0130\u015f Mrk. B Blok No:5 \u00c7ayyolu, ANKARA\" \/>\n<meta property=\"og:url\" content=\"https:\/\/www.erdemyorukoglu.com\/tr\/iletisim\/\" \/>\n<meta property=\"og:site_name\" content=\"Erdem Y\u00f6r\u00fcko\u011flu \/\/ Manuel Terapi, Fizyoterapist, Ankara\" \/>\n<meta property=\"article:modified_time\" content=\"2023-03-24T08:43:13+00:00\" \/>\n<meta name=\"twitter:card\" content=\"summary_large_image\" \/>\n<meta name=\"twitter:label1\" content=\"Tahmini okuma s\u00fcresi\" \/>\n\t<meta name=\"twitter:data1\" content=\"1 dakika\" \/>\n<script type=\"application\/ld+json\" class=\"yoast-schema-graph\">{\"@context\":\"https:\/\/schema.org\",\"@graph\":[{\"@type\":\"WebPage\",\"@id\":\"https:\/\/www.erdemyorukoglu.com\/tr\/iletisim\/\",\"url\":\"https:\/\/www.erdemyorukoglu.com\/tr\/iletisim\/\",\"name\":\"\u0130LET\u0130\u015e\u0130M\",\"isPartOf\":{\"@id\":\"https:\/\/www.erdemyorukoglu.com\/en\/#website\"},\"datePublished\":\"2016-03-30T13:45:59+00:00\",\"dateModified\":\"2023-03-24T08:43:13+00:00\",\"description\":\"Adres; Prof. Dr. Ahmet Taner K\u0131\u015flal\u0131 Mh. 2873. Sk. Anchor \u0130\u015f Mrk. B Blok No:5 \u00c7ayyolu, ANKARA\",\"breadcrumb\":{\"@id\":\"https:\/\/www.erdemyorukoglu.com\/tr\/iletisim\/#breadcrumb\"},\"inLanguage\":\"tr-TR\",\"potentialAction\":[{\"@type\":\"ReadAction\",\"target\":[\"https:\/\/www.erdemyorukoglu.com\/tr\/iletisim\/\"]}]},{\"@type\":\"BreadcrumbList\",\"@id\":\"https:\/\/www.erdemyorukoglu.com\/tr\/iletisim\/#breadcrumb\",\"itemListElement\":[{\"@type\":\"ListItem\",\"position\":1,\"name\":\"MANUEL TERAP\u0130 ANKARA %%sep%% %%sitename%%\",\"item\":\"https:\/\/www.erdemyorukoglu.com\/de\/\"},{\"@type\":\"ListItem\",\"position\":2,\"name\":\"\u0130LET\u0130\u015e\u0130M\"}]},{\"@type\":\"WebSite\",\"@id\":\"https:\/\/www.erdemyorukoglu.com\/en\/#website\",\"url\":\"https:\/\/www.erdemyorukoglu.com\/en\/\",\"name\":\"Erdem Y\u00f6r\u00fcko\u011flu \/\/ Manuel Terapi, Fizyoterapist, Ankara\",\"description\":\"Manuel Terapi, Kayropraktik, Fizyoterapi, Bel ve Boyun F\u0131t\u0131\u011f\u0131, Lenf\u00f6dem Tedavisi, Gyrotonic, Skolyoz, Ankara\",\"publisher\":{\"@id\":\"https:\/\/www.erdemyorukoglu.com\/en\/#\/schema\/person\/854314645f5beb1ce61d3d55971d52e1\"},\"potentialAction\":[{\"@type\":\"SearchAction\",\"target\":{\"@type\":\"EntryPoint\",\"urlTemplate\":\"https:\/\/www.erdemyorukoglu.com\/en\/?s={search_term_string}\"},\"query-input\":{\"@type\":\"PropertyValueSpecification\",\"valueRequired\":true,\"valueName\":\"search_term_string\"}}],\"inLanguage\":\"tr-TR\"},{\"@type\":[\"Person\",\"Organization\"],\"@id\":\"https:\/\/www.erdemyorukoglu.com\/en\/#\/schema\/person\/854314645f5beb1ce61d3d55971d52e1\",\"name\":\"Erdem Y\u00f6r\u00fcko\u011flu\",\"image\":{\"@type\":\"ImageObject\",\"inLanguage\":\"tr-TR\",\"@id\":\"https:\/\/www.erdemyorukoglu.com\/en\/#\/schema\/person\/image\/\",\"url\":\"https:\/\/www.erdemyorukoglu.com\/wp-content\/uploads\/2018\/11\/fav-icon-1.png\",\"contentUrl\":\"https:\/\/www.erdemyorukoglu.com\/wp-content\/uploads\/2018\/11\/fav-icon-1.png\",\"width\":512,\"height\":512,\"caption\":\"Erdem Y\u00f6r\u00fcko\u011flu\"},\"logo\":{\"@id\":\"https:\/\/www.erdemyorukoglu.com\/en\/#\/schema\/person\/image\/\"}}]}<\/script>\n<!-- \/ Yoast SEO plugin. -->","yoast_head_json":{"title":"\u0130LET\u0130\u015e\u0130M","description":"Adres; Prof. Dr. Ahmet Taner K\u0131\u015flal\u0131 Mh. 2873. Sk. Anchor \u0130\u015f Mrk. B Blok No:5 \u00c7ayyolu, ANKARA","robots":{"index":"index","follow":"follow","max-snippet":"max-snippet:-1","max-image-preview":"max-image-preview:large","max-video-preview":"max-video-preview:-1"},"canonical":"https:\/\/www.erdemyorukoglu.com\/tr\/iletisim\/","og_locale":"tr_TR","og_type":"article","og_title":"[:tr]\u0130LET\u0130\u015e\u0130M[:en]CONTACT[:de]KONTAKT[:] - Erdem Y\u00f6r\u00fcko\u011flu \/\/ Manuel Terapi, Fizyoterapist, Ankara","og_description":"Adres; Prof. Dr. Ahmet Taner K\u0131\u015flal\u0131 Mh. 2873. Sk. Anchor \u0130\u015f Mrk. B Blok No:5 \u00c7ayyolu, ANKARA","og_url":"https:\/\/www.erdemyorukoglu.com\/tr\/iletisim\/","og_site_name":"Erdem Y\u00f6r\u00fcko\u011flu \/\/ Manuel Terapi, Fizyoterapist, Ankara","article_modified_time":"2023-03-24T08:43:13+00:00","twitter_card":"summary_large_image","twitter_misc":{"Tahmini okuma s\u00fcresi":"1 dakika"},"schema":{"@context":"https:\/\/schema.org","@graph":[{"@type":"WebPage","@id":"https:\/\/www.erdemyorukoglu.com\/tr\/iletisim\/","url":"https:\/\/www.erdemyorukoglu.com\/tr\/iletisim\/","name":"\u0130LET\u0130\u015e\u0130M","isPartOf":{"@id":"https:\/\/www.erdemyorukoglu.com\/en\/#website"},"datePublished":"2016-03-30T13:45:59+00:00","dateModified":"2023-03-24T08:43:13+00:00","description":"Adres; Prof. Dr. Ahmet Taner K\u0131\u015flal\u0131 Mh. 2873. Sk. Anchor \u0130\u015f Mrk. B Blok No:5 \u00c7ayyolu, ANKARA","breadcrumb":{"@id":"https:\/\/www.erdemyorukoglu.com\/tr\/iletisim\/#breadcrumb"},"inLanguage":"tr-TR","potentialAction":[{"@type":"ReadAction","target":["https:\/\/www.erdemyorukoglu.com\/tr\/iletisim\/"]}]},{"@type":"BreadcrumbList","@id":"https:\/\/www.erdemyorukoglu.com\/tr\/iletisim\/#breadcrumb","itemListElement":[{"@type":"ListItem","position":1,"name":"MANUEL TERAP\u0130 ANKARA %%sep%% %%sitename%%","item":"https:\/\/www.erdemyorukoglu.com\/de\/"},{"@type":"ListItem","position":2,"name":"\u0130LET\u0130\u015e\u0130M"}]},{"@type":"WebSite","@id":"https:\/\/www.erdemyorukoglu.com\/en\/#website","url":"https:\/\/www.erdemyorukoglu.com\/en\/","name":"Erdem Y\u00f6r\u00fcko\u011flu \/\/ Manuel Terapi, Fizyoterapist, Ankara","description":"Manuel Terapi, Kayropraktik, Fizyoterapi, Bel ve Boyun F\u0131t\u0131\u011f\u0131, Lenf\u00f6dem Tedavisi, Gyrotonic, Skolyoz, Ankara","publisher":{"@id":"https:\/\/www.erdemyorukoglu.com\/en\/#\/schema\/person\/854314645f5beb1ce61d3d55971d52e1"},"potentialAction":[{"@type":"SearchAction","target":{"@type":"EntryPoint","urlTemplate":"https:\/\/www.erdemyorukoglu.com\/en\/?s={search_term_string}"},"query-input":{"@type":"PropertyValueSpecification","valueRequired":true,"valueName":"search_term_string"}}],"inLanguage":"tr-TR"},{"@type":["Person","Organization"],"@id":"https:\/\/www.erdemyorukoglu.com\/en\/#\/schema\/person\/854314645f5beb1ce61d3d55971d52e1","name":"Erdem Y\u00f6r\u00fcko\u011flu","image":{"@type":"ImageObject","inLanguage":"tr-TR","@id":"https:\/\/www.erdemyorukoglu.com\/en\/#\/schema\/person\/image\/","url":"https:\/\/www.erdemyorukoglu.com\/wp-content\/uploads\/2018\/11\/fav-icon-1.png","contentUrl":"https:\/\/www.erdemyorukoglu.com\/wp-content\/uploads\/2018\/11\/fav-icon-1.png","width":512,"height":512,"caption":"Erdem Y\u00f6r\u00fcko\u011flu"},"logo":{"@id":"https:\/\/www.erdemyorukoglu.com\/en\/#\/schema\/person\/image\/"}}]}},"_links":{"self":[{"href":"https:\/\/www.erdemyorukoglu.com\/tr\/wp-json\/wp\/v2\/pages\/11","targetHints":{"allow":["GET"]}}],"collection":[{"href":"https:\/\/www.erdemyorukoglu.com\/tr\/wp-json\/wp\/v2\/pages"}],"about":[{"href":"https:\/\/www.erdemyorukoglu.com\/tr\/wp-json\/wp\/v2\/types\/page"}],"author":[{"embeddable":true,"href":"https:\/\/www.erdemyorukoglu.com\/tr\/wp-json\/wp\/v2\/users\/1"}],"replies":[{"embeddable":true,"href":"https:\/\/www.erdemyorukoglu.com\/tr\/wp-json\/wp\/v2\/comments?post=11"}],"version-history":[{"count":43,"href":"https:\/\/www.erdemyorukoglu.com\/tr\/wp-json\/wp\/v2\/pages\/11\/revisions"}],"predecessor-version":[{"id":12049,"href":"https:\/\/www.erdemyorukoglu.com\/tr\/wp-json\/wp\/v2\/pages\/11\/revisions\/12049"}],"wp:attachment":[{"href":"https:\/\/www.erdemyorukoglu.com\/tr\/wp-json\/wp\/v2\/media?parent=11"}],"curies":[{"name":"wp","href":"https:\/\/api.w.org\/{rel}","templated":true}]}}