{"id":1744,"date":"2016-06-07T00:28:01","date_gmt":"2016-06-06T21:28:01","guid":{"rendered":"http:\/\/sandbox.curlythemes.com\/pirouette\/?page_id=1744"},"modified":"2023-01-14T15:21:35","modified_gmt":"2023-01-14T12:21:35","slug":"hakkimda","status":"publish","type":"page","link":"https:\/\/www.erdemyorukoglu.com\/tr\/hakkimda\/","title":{"rendered":"HAKKIMDA"},"content":{"rendered":"<div class=\"wpb-content-wrapper\">[vc_row full_width=&#8221;stretch_row&#8221; content_placement=&#8221;middle&#8221; curly_padding=&#8221;content-padding-none&#8221; css=&#8221;.vc_custom_1543785877640{padding-top: 0px !important;padding-right: 0px !important;padding-bottom: 0px !important;padding-left: 0px !important;background-color: #ffffff !important;}&#8221; curly_section_title=&#8221;Advanced Classes&#8221; curly_section_color=&#8221;#ffffff&#8221;][vc_column width=&#8221;1\/5&#8243;][\/vc_column][vc_column width=&#8221;3\/5&#8243;][vc_column_text]\n<p class=\"special-title\">M. Erdem Y\u00f6r\u00fcko\u011flu 1978 y\u0131l\u0131nda Ankara\u2019da do\u011fdu. \u0130lk ve orta \u00f6\u011frenimini tamamlad\u0131ktan sonra 1996-2000 y\u0131lar\u0131 aras\u0131nda Hacettepe \u00dcniversitesi Fizik Tedavi ve Rehabilitasyon Y\u00fcksek Okulundan mezun oldu. 2002-2005 y\u0131llar\u0131 aras\u0131nda Hacettepe \u00dcniversitesi Kardio-Pulmoner Rehabilitasyon Y\u00fcksek Lisans E\u011fitimini tamamlad\u0131. 2009 y\u0131l\u0131nda osteopati e\u011fitimini tamamlad\u0131ktan sonra Psiko-N\u00f6ro-\u0130mm\u00fcnoloji e\u011fitimi ald\u0131. \u0130leri derecede ingilizce bilen M. Erdem Y\u00f6r\u00fcko\u011flu bir\u00e7ok yurtd\u0131\u015f\u0131 ve yurti\u00e7i e\u011fitim kurslar\u0131 ve ki\u015fisel geli\u015fim seminerlerine kat\u0131larak sertifika ve diplomalar alm\u0131\u015ft\u0131r.<\/p>\n[\/vc_column_text][\/vc_column][vc_column width=&#8221;1\/5&#8243;][\/vc_column][\/vc_row][vc_row curly_padding=&#8221;content-padding-none&#8221;][vc_column][vc_separator color=&#8221;custom&#8221; accent_color=&#8221;#a5a5a5&#8243;][\/vc_column][\/vc_row][vc_row full_width=&#8221;stretch_row&#8221; content_placement=&#8221;middle&#8221; curly_padding=&#8221;content-padding-none&#8221;][vc_column curly_padding=&#8221;content-padding-none&#8221; el_class=&#8221;img-frame-medium&#8221;][vc_column_text]\n<h3 style=\"text-align: center;\"><span style=\"color: #000000;\"><strong>Uzmanl\u0131k Alanlar\u0131<\/strong><\/span><\/h3>\n[\/vc_column_text][\/vc_column][vc_column width=&#8221;5\/12&#8243; curly_padding=&#8221;content-padding-none&#8221;][vc_single_image image=&#8221;2370&#8243; img_size=&#8221;large&#8221; alignment=&#8221;center&#8221; style=&#8221;img-frame-large&#8221; css_animation=&#8221;none&#8221; css=&#8221;.vc_custom_1549833843523{border-top-width: 10px !important;border-right-width: 10px !important;border-bottom-width: 10px !important;border-left-width: 10px !important;border-left-color: #ffffff !important;border-left-style: solid !important;border-right-color: #ffffff !important;border-right-style: solid !important;border-top-color: #ffffff !important;border-top-style: solid !important;border-bottom-color: #ffffff !important;border-bottom-style: solid !important;}&#8221;][\/vc_column][vc_column width=&#8221;5\/12&#8243; curly_padding=&#8221;content-padding-none&#8221; offset=&#8221;vc_col-sm-offset-1&#8243;][vc_column_text]\n<p style=\"color: #ffffff;\"><span style=\"color: #000000;\">Kas-\u0130skelet sistemi rahats\u0131zl\u0131klar\u0131n\u0131n akut subakut ve kronik d\u00f6nem tedavileri<\/span><\/p>\n<p style=\"color: #ffffff;\"><span style=\"color: #000000;\">Sportif ve ortopedik sakatl\u0131klar\u0131n preop ve postop rehabilitasyonu<\/span><\/p>\n<p style=\"color: #ffffff;\"><span style=\"color: #000000;\">Spor sakatl\u0131klar\u0131na y\u00f6nelik bantlama ve bandaj uygulanmas\u0131<\/span><\/p>\n<p style=\"color: #ffffff;\"><span style=\"color: #000000;\">Sportif ve ortopedik sakatl\u0131klara y\u00f6nelik osteopati ve manuel terapi uygulamas\u0131<\/span><\/p>\n[\/vc_column_text][vc_column_text]<span style=\"color: #000000;\">Bel F\u0131t\u0131\u011f\u0131<\/span><br \/>\n<span style=\"color: #000000;\">Boyun F\u0131t\u0131\u011f\u0131<\/span><br \/>\n<span style=\"color: #000000;\">Fibromiyalji<\/span><br \/>\n<span style=\"color: #000000;\">Omuza Vuran A\u011fr\u0131lar<\/span><br \/>\n<span style=\"color: #000000;\">Kronik Ba\u015f A\u011fr\u0131s\u0131 ve Ba\u015f D\u00f6nmeleri<\/span><br \/>\n<span style=\"color: #000000;\">Bel A\u011fr\u0131s\u0131<\/span><br \/>\n<span style=\"color: #000000;\">Kal\u00e7a A\u011fr\u0131s\u0131<\/span><br \/>\n<span style=\"color: #000000;\">Post\u00fcr (Duru\u015f) Bozukluklar\u0131<\/span><br \/>\n<span style=\"color: #000000;\">Skolyoz<\/span><br \/>\n<span style=\"color: #000000;\">Diz ve Ayak Bile\u011fi A\u011fr\u0131lar\u0131<\/span><br \/>\n<span style=\"color: #000000;\">Lenf \u00d6dem<\/span><br \/>\n<span style=\"color: #000000;\">\u00c7ene eklemi problemleri<\/span>[\/vc_column_text][\/vc_column][\/vc_row][vc_row curly_padding=&#8221;content-padding-none&#8221;][vc_column][vc_separator color=&#8221;custom&#8221; accent_color=&#8221;#a5a5a5&#8243;][\/vc_column][\/vc_row][vc_row full_width=&#8221;stretch_row&#8221; content_placement=&#8221;middle&#8221; curly_padding=&#8221;content-padding-none&#8221;][vc_column curly_padding=&#8221;content-padding-none&#8221; el_class=&#8221;img-frame-medium&#8221;][vc_column_text]\n<h3 style=\"text-align: center;\"><span style=\"color: #000000;\"><strong>Tedavi Y\u00f6ntemleri<\/strong><\/span><\/h3>\n[\/vc_column_text][\/vc_column][vc_column width=&#8221;5\/12&#8243; curly_padding=&#8221;content-padding-none&#8221;][vc_column_text]<span style=\"color: #000000;\">Manuel Terapi<\/span><br \/>\n<span style=\"color: #000000;\">Eklem ve Yumu\u015fak Doku Mobilizasyon Teknikleri<\/span><br \/>\n<span style=\"color: #000000;\">Temporo Mandibular (\u00c7ene Eklemi) Problemleri<\/span><br \/>\n<span style=\"color: #000000;\">Eklem Man\u00fcplasyonlar\u0131<\/span><br \/>\n<span style=\"color: #000000;\">Schroth Skolyoz Tedavisi<\/span><br \/>\n<span style=\"color: #000000;\">Lenf \u00d6dem Masaj ve Bandaj Uygulamalar\u0131<\/span><br \/>\n<span style=\"color: #000000;\">Klinik Pilates<\/span><br \/>\n<span style=\"color: #000000;\">Gyrotonic Egzersiz Sistemi<\/span><br \/>\n<span style=\"color: #000000;\">Pelvik Taban Rehabilitasyon<\/span><br \/>\n<span style=\"color: #000000;\">Kuru \u0130\u011fne (Dry Kneedling) Uygulamalar\u0131<\/span>[\/vc_column_text][\/vc_column][vc_column width=&#8221;5\/12&#8243; curly_padding=&#8221;content-padding-none&#8221; offset=&#8221;vc_col-sm-offset-1&#8243;][vc_single_image image=&#8221;2546&#8243; img_size=&#8221;large&#8221; alignment=&#8221;center&#8221; style=&#8221;img-frame-large&#8221; css_animation=&#8221;none&#8221; css=&#8221;.vc_custom_1549833870356{border-top-width: 10px !important;border-right-width: 10px !important;border-bottom-width: 10px !important;border-left-width: 10px !important;border-left-color: #ffffff !important;border-left-style: solid !important;border-right-color: #ffffff !important;border-right-style: solid !important;border-top-color: #ffffff !important;border-top-style: solid !important;border-bottom-color: #ffffff !important;border-bottom-style: solid !important;}&#8221;][\/vc_column][\/vc_row][vc_row curly_padding=&#8221;content-padding-none&#8221;][vc_column][vc_separator color=&#8221;custom&#8221; accent_color=&#8221;#a5a5a5&#8243;][\/vc_column][\/vc_row][vc_row full_width=&#8221;stretch_row&#8221; content_placement=&#8221;middle&#8221; curly_padding=&#8221;content-padding-none&#8221;][vc_column curly_padding=&#8221;content-padding-none&#8221; el_class=&#8221;img-frame-medium&#8221;][vc_column_text]\n<h3 style=\"text-align: center;\"><span style=\"color: #000000;\"><strong>\u0130\u015f Tecr\u00fcbeleri<\/strong><\/span><\/h3>\n[\/vc_column_text][\/vc_column][vc_column width=&#8221;5\/12&#8243; curly_padding=&#8221;content-padding-none&#8221;][vc_column_text]<span style=\"color: #000000;\">2014 den g\u00fcn\u00fcm\u00fcze Medifit Sa\u011fl\u0131kl\u0131 Ya\u015fam Merkezi Kurucu orta\u011f\u0131 ve Dr. Sava\u015f Kuda\u015f Muayenehanesi \u00c7al\u0131\u015fan\u0131<\/span><\/p>\n<p><span style=\"color: #000000;\">2013-&#8230;&#8230;&#8230;. A Milli Futbol Tak\u0131m\u0131 Fizyoterapistli\u011fi<\/span><\/p>\n<p><span style=\"color: #000000;\">2012-2014 Fenerbah\u00e7e Futbol A Tak\u0131m\u0131 Ba\u015f Fizyoterapistli\u011fi, \u0130stanbul<\/span><\/p>\n<p><span style=\"color: #000000;\">2010-2012 Galatasaray Fulbol Kul\u00fcb\u00fc A tak\u0131m\u0131 Fizyoterapistli\u011fi, \u0130stanbul<\/span><\/p>\n<p><span style=\"color: #000000;\">2008-2010 Ankaraspor Spor Kul\u00fcb\u00fc A Tak\u0131m\u0131 Fizyoterapistli\u011fi<\/span><cite><\/cite>[\/vc_column_text][\/vc_column][vc_column width=&#8221;5\/12&#8243; curly_padding=&#8221;content-padding-none&#8221; offset=&#8221;vc_col-sm-offset-1&#8243;][vc_column_text]<span style=\"color: #000000;\">2007-2008 Ankara \u00dcniversitesi Spor Hekimli\u011fi Anabilim Dal\u0131<\/span><\/p>\n<p><span style=\"color: #000000;\">2005-2006 GATA Fiziksel T\u0131p ve Rehabilitasyon Anabilim Dal\u0131<\/span><\/p>\n<p><span style=\"color: #000000;\">2004-2005 A2 T\u00fcrk Milli Futbol Tak\u0131m\u0131 Fizyoterapistli\u011fi<\/span><\/p>\n<p><span style=\"color: #000000;\">2000-2007 Gen\u00e7lerbirli\u011fi Spor Klub\u00fc A tak\u0131m\u0131 Fizyoterapistli\u011fi<\/span>[\/vc_column_text][\/vc_column][\/vc_row][vc_row curly_padding=&#8221;content-padding-none&#8221;][vc_column][vc_empty_space height=&#8221;50px&#8221;][\/vc_column][\/vc_row][vc_row full_width=&#8221;stretch_row_content_no_spaces&#8221;][vc_column]<div class='xtd-carousel-filmstrip__container xtd-carousel-filmstrip--offset-    vc_custom_1603131535500'><div class='xtd-carousel-filmstrip' data-speed='200000'>[vc_single_image image=&#8221;8359&#8243; img_size=&#8221;full&#8221; onclick=&#8221;link_image&#8221;][vc_single_image image=&#8221;9994&#8243; img_size=&#8221;full&#8221; onclick=&#8221;link_image&#8221;][vc_single_image image=&#8221;8358&#8243; img_size=&#8221;full&#8221; onclick=&#8221;link_image&#8221;][vc_single_image image=&#8221;8357&#8243; img_size=&#8221;full&#8221; onclick=&#8221;link_image&#8221;][vc_single_image image=&#8221;8356&#8243; img_size=&#8221;full&#8221; onclick=&#8221;link_image&#8221;][vc_single_image image=&#8221;8355&#8243; img_size=&#8221;full&#8221; onclick=&#8221;link_image&#8221;][vc_single_image image=&#8221;8354&#8243; img_size=&#8221;full&#8221; onclick=&#8221;link_image&#8221;][vc_single_image image=&#8221;8353&#8243; img_size=&#8221;full&#8221; onclick=&#8221;link_image&#8221;][vc_single_image image=&#8221;8352&#8243; img_size=&#8221;full&#8221; onclick=&#8221;link_image&#8221;][vc_single_image image=&#8221;8351&#8243; img_size=&#8221;full&#8221; onclick=&#8221;link_image&#8221;][vc_single_image image=&#8221;8350&#8243; img_size=&#8221;full&#8221; onclick=&#8221;link_image&#8221;][vc_single_image image=&#8221;8349&#8243; img_size=&#8221;full&#8221; onclick=&#8221;link_image&#8221;][vc_single_image image=&#8221;8348&#8243; img_size=&#8221;full&#8221; onclick=&#8221;link_image&#8221;][vc_single_image image=&#8221;8347&#8243; img_size=&#8221;full&#8221; onclick=&#8221;link_image&#8221;][vc_single_image image=&#8221;8346&#8243; img_size=&#8221;full&#8221; onclick=&#8221;link_image&#8221;][vc_single_image image=&#8221;8345&#8243; img_size=&#8221;full&#8221; onclick=&#8221;link_image&#8221;][vc_single_image image=&#8221;8344&#8243; img_size=&#8221;full&#8221; onclick=&#8221;link_image&#8221;][vc_single_image image=&#8221;8343&#8243; img_size=&#8221;full&#8221; onclick=&#8221;link_image&#8221;][vc_single_image image=&#8221;8342&#8243; img_size=&#8221;full&#8221; onclick=&#8221;link_image&#8221;][vc_single_image image=&#8221;8341&#8243; img_size=&#8221;full&#8221; onclick=&#8221;link_image&#8221;][vc_single_image image=&#8221;8340&#8243; img_size=&#8221;full&#8221; onclick=&#8221;link_image&#8221;][vc_single_image image=&#8221;8339&#8243; img_size=&#8221;full&#8221; onclick=&#8221;link_image&#8221;][vc_single_image image=&#8221;8338&#8243; img_size=&#8221;full&#8221; onclick=&#8221;link_image&#8221;][vc_single_image image=&#8221;8337&#8243; img_size=&#8221;full&#8221; onclick=&#8221;link_image&#8221;][vc_single_image image=&#8221;8336&#8243; img_size=&#8221;full&#8221; onclick=&#8221;link_image&#8221;][vc_single_image image=&#8221;8335&#8243; img_size=&#8221;full&#8221; onclick=&#8221;link_image&#8221;][vc_single_image image=&#8221;8334&#8243; img_size=&#8221;full&#8221; onclick=&#8221;link_image&#8221;][vc_single_image image=&#8221;8333&#8243; img_size=&#8221;full&#8221; onclick=&#8221;link_image&#8221;][vc_single_image image=&#8221;8332&#8243; img_size=&#8221;full&#8221; onclick=&#8221;link_image&#8221;][vc_single_image image=&#8221;8331&#8243; img_size=&#8221;full&#8221; onclick=&#8221;link_image&#8221;][vc_single_image image=&#8221;8330&#8243; img_size=&#8221;full&#8221; onclick=&#8221;link_image&#8221;][vc_single_image image=&#8221;8329&#8243; img_size=&#8221;full&#8221; onclick=&#8221;link_image&#8221;][vc_single_image image=&#8221;8328&#8243; img_size=&#8221;full&#8221; onclick=&#8221;link_image&#8221;][vc_single_image image=&#8221;8327&#8243; img_size=&#8221;full&#8221; onclick=&#8221;link_image&#8221;][vc_single_image image=&#8221;8326&#8243; img_size=&#8221;full&#8221; onclick=&#8221;link_image&#8221;][vc_single_image image=&#8221;8325&#8243; img_size=&#8221;full&#8221; onclick=&#8221;link_image&#8221;][vc_single_image image=&#8221;8324&#8243; img_size=&#8221;full&#8221; onclick=&#8221;link_image&#8221;][vc_single_image image=&#8221;8323&#8243; img_size=&#8221;full&#8221; onclick=&#8221;link_image&#8221;][vc_single_image image=&#8221;8322&#8243; img_size=&#8221;full&#8221; onclick=&#8221;link_image&#8221;][vc_single_image image=&#8221;8321&#8243; img_size=&#8221;full&#8221; onclick=&#8221;link_image&#8221;][vc_single_image image=&#8221;8320&#8243; img_size=&#8221;full&#8221; onclick=&#8221;link_image&#8221;][vc_single_image image=&#8221;8319&#8243; img_size=&#8221;full&#8221; onclick=&#8221;link_image&#8221;]<\/div><\/div>[\/vc_column][\/vc_row]\n<\/div>","protected":false},"excerpt":{"rendered":"<p>[vc_row full_width=&#8221;stretch_row&#8221; content_placement=&#8221;middle&#8221; curly_padding=&#8221;content-padding-none&#8221; css=&#8221;.vc_custom_1543785877640{padding-top: 0px !important;padding-right: 0px !important;padding-bottom: 0px !important;padding-left: 0px !important;background-color: #ffffff !important;}&#8221; curly_section_title=&#8221;Advanced Classes&#8221; curly_section_color=&#8221;#ffffff&#8221;][vc_column width=&#8221;1\/5&#8243;][\/vc_column][vc_column width=&#8221;3\/5&#8243;][vc_column_text] M. Erdem Y\u00f6r\u00fcko\u011flu 1978 y\u0131l\u0131nda Ankara\u2019da do\u011fdu. \u0130lk ve orta \u00f6\u011frenimini tamamlad\u0131ktan sonra 1996-2000 y\u0131lar\u0131 aras\u0131nda Hacettepe \u00dcniversitesi Fizik Tedavi ve Rehabilitasyon Y\u00fcksek Okulundan mezun oldu. 2002-2005 y\u0131llar\u0131 aras\u0131nda Hacettepe \u00dcniversitesi Kardio-Pulmoner Rehabilitasyon Y\u00fcksek Lisans E\u011fitimini tamamlad\u0131. 2009 y\u0131l\u0131nda osteopati [&hellip;]<\/p>\n","protected":false},"author":1,"featured_media":2519,"parent":0,"menu_order":0,"comment_status":"closed","ping_status":"closed","template":"","meta":{"inline_featured_image":false,"footnotes":""},"class_list":["post-1744","page","type-page","status-publish","has-post-thumbnail","hentry"],"yoast_head":"<!-- This site is optimized with the Yoast SEO plugin v25.7 - https:\/\/yoast.com\/wordpress\/plugins\/seo\/ -->\n<title>HAKKIMDA<\/title>\n<meta name=\"description\" content=\"Fizyoterapi, Osteopati, Manuel Terapi, Lenf \u00d6demi Tedavisi, Gyrotonic Egzersiz Sistemi, Temporo Mandibular Sorunlar\u0131, Skolyoz, Klinik Pilates, Pelvik Taban Rehabilitasyonu, Kuru \u0130\u011fne Uygulamalar\u0131, Milli Tak\u0131m Uzman Fizyoterapisti, Ankara\" \/>\n<meta name=\"robots\" content=\"index, follow, max-snippet:-1, max-image-preview:large, max-video-preview:-1\" \/>\n<link rel=\"canonical\" href=\"https:\/\/www.erdemyorukoglu.com\/tr\/hakkimda\/\" \/>\n<meta property=\"og:locale\" content=\"tr_TR\" \/>\n<meta property=\"og:locale:alternate\" content=\"en_US\" \/>\n<meta property=\"og:locale:alternate\" content=\"De_GR\" \/>\n<meta property=\"og:type\" content=\"article\" \/>\n<meta property=\"og:title\" content=\"HAKKIMDA\" \/>\n<meta property=\"og:description\" content=\"R\u00fccken Schmerz, Lenden Und Halsherni\u0307e, Fibromyalgie, Chroni\u0307scher Kopfschmerzen Und Schwi\u0307ndel , Posturale Ausri\u0307chtung Und Skoli\u0307ose, Reflekti\u0307erter Schmerz \u0130m Schulter, H\u00fcfte Impi\u0307ngement-syndrom, Ki\u0307efergelenk Probleme, Kni\u0307e Und Kn\u00f6chelschmerz\" \/>\n<meta property=\"og:url\" content=\"https:\/\/www.erdemyorukoglu.com\/tr\/hakkimda\/\" \/>\n<meta property=\"og:site_name\" content=\"Erdem Y\u00f6r\u00fcko\u011flu \/\/ Manuel Terapi, Fizyoterapist, Ankara\" \/>\n<meta property=\"article:modified_time\" content=\"2023-01-14T12:21:35+00:00\" \/>\n<meta property=\"og:image\" content=\"https:\/\/www.erdemyorukoglu.com\/wp-content\/uploads\/2018\/11\/erdem_yorukoglu_about-1.jpg\" \/>\n\t<meta property=\"og:image:width\" content=\"1600\" \/>\n\t<meta property=\"og:image:height\" content=\"600\" \/>\n\t<meta property=\"og:image:type\" content=\"image\/jpeg\" \/>\n<meta name=\"twitter:card\" content=\"summary_large_image\" \/>\n<meta name=\"twitter:label1\" content=\"Tahmini okuma s\u00fcresi\" \/>\n\t<meta name=\"twitter:data1\" content=\"3 dakika\" \/>\n<script type=\"application\/ld+json\" class=\"yoast-schema-graph\">{\"@context\":\"https:\/\/schema.org\",\"@graph\":[{\"@type\":\"WebPage\",\"@id\":\"https:\/\/www.erdemyorukoglu.com\/de\/hakkimda\/\",\"url\":\"https:\/\/www.erdemyorukoglu.com\/de\/hakkimda\/\",\"name\":\"HAKKIMDA\",\"isPartOf\":{\"@id\":\"https:\/\/www.erdemyorukoglu.com\/en\/#website\"},\"primaryImageOfPage\":{\"@id\":\"https:\/\/www.erdemyorukoglu.com\/de\/hakkimda\/#primaryimage\"},\"image\":{\"@id\":\"https:\/\/www.erdemyorukoglu.com\/de\/hakkimda\/#primaryimage\"},\"thumbnailUrl\":\"https:\/\/www.erdemyorukoglu.com\/wp-content\/uploads\/2018\/11\/erdem_yorukoglu_about-1.jpg\",\"datePublished\":\"2016-06-06T21:28:01+00:00\",\"dateModified\":\"2023-01-14T12:21:35+00:00\",\"description\":\"R\u00fccken Schmerz, Lenden Und Halsherni\u0307e, Fibromyalgie, Chroni\u0307scher Kopfschmerzen Und Schwi\u0307ndel , Posturale Ausri\u0307chtung Und Skoli\u0307ose, Reflekti\u0307erter Schmerz \u0130m Schulter, H\u00fcfte Impi\u0307ngement-syndrom, Ki\u0307efergelenk Probleme, Kni\u0307e Und Kn\u00f6chelschmerz\",\"breadcrumb\":{\"@id\":\"https:\/\/www.erdemyorukoglu.com\/de\/hakkimda\/#breadcrumb\"},\"inLanguage\":\"tr-TR\",\"potentialAction\":[{\"@type\":\"ReadAction\",\"target\":[\"https:\/\/www.erdemyorukoglu.com\/de\/hakkimda\/\"]}]},{\"@type\":\"ImageObject\",\"inLanguage\":\"tr-TR\",\"@id\":\"https:\/\/www.erdemyorukoglu.com\/de\/hakkimda\/#primaryimage\",\"url\":\"https:\/\/www.erdemyorukoglu.com\/wp-content\/uploads\/2018\/11\/erdem_yorukoglu_about-1.jpg\",\"contentUrl\":\"https:\/\/www.erdemyorukoglu.com\/wp-content\/uploads\/2018\/11\/erdem_yorukoglu_about-1.jpg\",\"width\":1600,\"height\":600,\"caption\":\"Uzman Fizyoterapist\"},{\"@type\":\"BreadcrumbList\",\"@id\":\"https:\/\/www.erdemyorukoglu.com\/de\/hakkimda\/#breadcrumb\",\"itemListElement\":[{\"@type\":\"ListItem\",\"position\":1,\"name\":\"MANUEL TERAP\u0130 ANKARA %%sep%% %%sitename%%\",\"item\":\"https:\/\/www.erdemyorukoglu.com\/de\/\"},{\"@type\":\"ListItem\",\"position\":2,\"name\":\"HAKKIMDA\"}]},{\"@type\":\"WebSite\",\"@id\":\"https:\/\/www.erdemyorukoglu.com\/en\/#website\",\"url\":\"https:\/\/www.erdemyorukoglu.com\/en\/\",\"name\":\"Erdem Y\u00f6r\u00fcko\u011flu \/\/ Manuel Terapi, Fizyoterapist, Ankara\",\"description\":\"Manuel Terapi, Kayropraktik, Fizyoterapi, Bel ve Boyun F\u0131t\u0131\u011f\u0131, Lenf\u00f6dem Tedavisi, Gyrotonic, Skolyoz, Ankara\",\"publisher\":{\"@id\":\"https:\/\/www.erdemyorukoglu.com\/en\/#\/schema\/person\/854314645f5beb1ce61d3d55971d52e1\"},\"potentialAction\":[{\"@type\":\"SearchAction\",\"target\":{\"@type\":\"EntryPoint\",\"urlTemplate\":\"https:\/\/www.erdemyorukoglu.com\/en\/?s={search_term_string}\"},\"query-input\":{\"@type\":\"PropertyValueSpecification\",\"valueRequired\":true,\"valueName\":\"search_term_string\"}}],\"inLanguage\":\"tr-TR\"},{\"@type\":[\"Person\",\"Organization\"],\"@id\":\"https:\/\/www.erdemyorukoglu.com\/en\/#\/schema\/person\/854314645f5beb1ce61d3d55971d52e1\",\"name\":\"Erdem Y\u00f6r\u00fcko\u011flu\",\"image\":{\"@type\":\"ImageObject\",\"inLanguage\":\"tr-TR\",\"@id\":\"https:\/\/www.erdemyorukoglu.com\/en\/#\/schema\/person\/image\/\",\"url\":\"https:\/\/www.erdemyorukoglu.com\/wp-content\/uploads\/2018\/11\/fav-icon-1.png\",\"contentUrl\":\"https:\/\/www.erdemyorukoglu.com\/wp-content\/uploads\/2018\/11\/fav-icon-1.png\",\"width\":512,\"height\":512,\"caption\":\"Erdem Y\u00f6r\u00fcko\u011flu\"},\"logo\":{\"@id\":\"https:\/\/www.erdemyorukoglu.com\/en\/#\/schema\/person\/image\/\"}}]}<\/script>\n<!-- \/ Yoast SEO plugin. -->","yoast_head_json":{"title":"HAKKIMDA","description":"Fizyoterapi, Osteopati, Manuel Terapi, Lenf \u00d6demi Tedavisi, Gyrotonic Egzersiz Sistemi, Temporo Mandibular Sorunlar\u0131, Skolyoz, Klinik Pilates, Pelvik Taban Rehabilitasyonu, Kuru \u0130\u011fne Uygulamalar\u0131, Milli Tak\u0131m Uzman Fizyoterapisti, Ankara","robots":{"index":"index","follow":"follow","max-snippet":"max-snippet:-1","max-image-preview":"max-image-preview:large","max-video-preview":"max-video-preview:-1"},"canonical":"https:\/\/www.erdemyorukoglu.com\/tr\/hakkimda\/","og_locale":"tr_TR","og_type":"article","og_title":"Erdem Y\u00f6r\u00fcko\u011flu \/\/ Manuel Terapi, Fizyoterapist, Ankara - [:tr]HAKKIMDA[:en]ABOUT US[:de]\u00dcBER M\u0130CH[:]","og_description":"R\u00fccken Schmerz, Lenden Und Halsherni\u0307e, Fibromyalgie, Chroni\u0307scher Kopfschmerzen Und Schwi\u0307ndel , Posturale Ausri\u0307chtung Und Skoli\u0307ose, Reflekti\u0307erter Schmerz \u0130m Schulter, H\u00fcfte Impi\u0307ngement-syndrom, Ki\u0307efergelenk Probleme, Kni\u0307e Und Kn\u00f6chelschmerz","og_url":"https:\/\/www.erdemyorukoglu.com\/tr\/hakkimda\/","og_site_name":"Erdem Y\u00f6r\u00fcko\u011flu \/\/ Manuel Terapi, Fizyoterapist, Ankara","article_modified_time":"2023-01-14T12:21:35+00:00","og_image":[{"width":1600,"height":600,"url":"https:\/\/www.erdemyorukoglu.com\/wp-content\/uploads\/2018\/11\/erdem_yorukoglu_about-1.jpg","type":"image\/jpeg"}],"twitter_card":"summary_large_image","twitter_misc":{"Tahmini okuma s\u00fcresi":"3 dakika"},"schema":{"@context":"https:\/\/schema.org","@graph":[{"@type":"WebPage","@id":"https:\/\/www.erdemyorukoglu.com\/de\/hakkimda\/","url":"https:\/\/www.erdemyorukoglu.com\/de\/hakkimda\/","name":"HAKKIMDA","isPartOf":{"@id":"https:\/\/www.erdemyorukoglu.com\/en\/#website"},"primaryImageOfPage":{"@id":"https:\/\/www.erdemyorukoglu.com\/de\/hakkimda\/#primaryimage"},"image":{"@id":"https:\/\/www.erdemyorukoglu.com\/de\/hakkimda\/#primaryimage"},"thumbnailUrl":"https:\/\/www.erdemyorukoglu.com\/wp-content\/uploads\/2018\/11\/erdem_yorukoglu_about-1.jpg","datePublished":"2016-06-06T21:28:01+00:00","dateModified":"2023-01-14T12:21:35+00:00","description":"R\u00fccken Schmerz, Lenden Und Halsherni\u0307e, Fibromyalgie, Chroni\u0307scher Kopfschmerzen Und Schwi\u0307ndel , Posturale Ausri\u0307chtung Und Skoli\u0307ose, Reflekti\u0307erter Schmerz \u0130m Schulter, H\u00fcfte Impi\u0307ngement-syndrom, Ki\u0307efergelenk Probleme, Kni\u0307e Und Kn\u00f6chelschmerz","breadcrumb":{"@id":"https:\/\/www.erdemyorukoglu.com\/de\/hakkimda\/#breadcrumb"},"inLanguage":"tr-TR","potentialAction":[{"@type":"ReadAction","target":["https:\/\/www.erdemyorukoglu.com\/de\/hakkimda\/"]}]},{"@type":"ImageObject","inLanguage":"tr-TR","@id":"https:\/\/www.erdemyorukoglu.com\/de\/hakkimda\/#primaryimage","url":"https:\/\/www.erdemyorukoglu.com\/wp-content\/uploads\/2018\/11\/erdem_yorukoglu_about-1.jpg","contentUrl":"https:\/\/www.erdemyorukoglu.com\/wp-content\/uploads\/2018\/11\/erdem_yorukoglu_about-1.jpg","width":1600,"height":600,"caption":"Uzman Fizyoterapist"},{"@type":"BreadcrumbList","@id":"https:\/\/www.erdemyorukoglu.com\/de\/hakkimda\/#breadcrumb","itemListElement":[{"@type":"ListItem","position":1,"name":"MANUEL TERAP\u0130 ANKARA %%sep%% %%sitename%%","item":"https:\/\/www.erdemyorukoglu.com\/de\/"},{"@type":"ListItem","position":2,"name":"HAKKIMDA"}]},{"@type":"WebSite","@id":"https:\/\/www.erdemyorukoglu.com\/en\/#website","url":"https:\/\/www.erdemyorukoglu.com\/en\/","name":"Erdem Y\u00f6r\u00fcko\u011flu \/\/ Manuel Terapi, Fizyoterapist, Ankara","description":"Manuel Terapi, Kayropraktik, Fizyoterapi, Bel ve Boyun F\u0131t\u0131\u011f\u0131, Lenf\u00f6dem Tedavisi, Gyrotonic, Skolyoz, Ankara","publisher":{"@id":"https:\/\/www.erdemyorukoglu.com\/en\/#\/schema\/person\/854314645f5beb1ce61d3d55971d52e1"},"potentialAction":[{"@type":"SearchAction","target":{"@type":"EntryPoint","urlTemplate":"https:\/\/www.erdemyorukoglu.com\/en\/?s={search_term_string}"},"query-input":{"@type":"PropertyValueSpecification","valueRequired":true,"valueName":"search_term_string"}}],"inLanguage":"tr-TR"},{"@type":["Person","Organization"],"@id":"https:\/\/www.erdemyorukoglu.com\/en\/#\/schema\/person\/854314645f5beb1ce61d3d55971d52e1","name":"Erdem Y\u00f6r\u00fcko\u011flu","image":{"@type":"ImageObject","inLanguage":"tr-TR","@id":"https:\/\/www.erdemyorukoglu.com\/en\/#\/schema\/person\/image\/","url":"https:\/\/www.erdemyorukoglu.com\/wp-content\/uploads\/2018\/11\/fav-icon-1.png","contentUrl":"https:\/\/www.erdemyorukoglu.com\/wp-content\/uploads\/2018\/11\/fav-icon-1.png","width":512,"height":512,"caption":"Erdem Y\u00f6r\u00fcko\u011flu"},"logo":{"@id":"https:\/\/www.erdemyorukoglu.com\/en\/#\/schema\/person\/image\/"}}]}},"_links":{"self":[{"href":"https:\/\/www.erdemyorukoglu.com\/tr\/wp-json\/wp\/v2\/pages\/1744","targetHints":{"allow":["GET"]}}],"collection":[{"href":"https:\/\/www.erdemyorukoglu.com\/tr\/wp-json\/wp\/v2\/pages"}],"about":[{"href":"https:\/\/www.erdemyorukoglu.com\/tr\/wp-json\/wp\/v2\/types\/page"}],"author":[{"embeddable":true,"href":"https:\/\/www.erdemyorukoglu.com\/tr\/wp-json\/wp\/v2\/users\/1"}],"replies":[{"embeddable":true,"href":"https:\/\/www.erdemyorukoglu.com\/tr\/wp-json\/wp\/v2\/comments?post=1744"}],"version-history":[{"count":83,"href":"https:\/\/www.erdemyorukoglu.com\/tr\/wp-json\/wp\/v2\/pages\/1744\/revisions"}],"predecessor-version":[{"id":12044,"href":"https:\/\/www.erdemyorukoglu.com\/tr\/wp-json\/wp\/v2\/pages\/1744\/revisions\/12044"}],"wp:featuredmedia":[{"embeddable":true,"href":"https:\/\/www.erdemyorukoglu.com\/tr\/wp-json\/wp\/v2\/media\/2519"}],"wp:attachment":[{"href":"https:\/\/www.erdemyorukoglu.com\/tr\/wp-json\/wp\/v2\/media?parent=1744"}],"curies":[{"name":"wp","href":"https:\/\/api.w.org\/{rel}","templated":true}]}}