{"id":2397,"date":"2018-11-08T23:20:58","date_gmt":"2018-11-08T20:20:58","guid":{"rendered":"http:\/\/localhost:8888\/erdemyorukoglu.com\/?page_id=2397"},"modified":"2025-08-16T17:07:16","modified_gmt":"2025-08-16T14:07:16","slug":"manuel-terapi","status":"publish","type":"page","link":"https:\/\/www.erdemyorukoglu.com\/tr\/uzmanliklar\/manuel-terapi\/","title":{"rendered":"ORTOPED\u0130K MANUEL TERAP\u0130 (OMT)"},"content":{"rendered":"<div class=\"wpb-content-wrapper\">[vc_row curly_padding=&#8221;content-padding-none&#8221;][vc_column curly_padding=&#8221;content-padding&#8221;][vc_column_text]\n<h1 style=\"text-align: center;\"><strong>ORTOPED\u0130K<\/strong><\/h1>\n<h1 style=\"text-align: center;\"><strong>MANUEL TERAP\u0130 (OMT) <\/strong><\/h1>\n[\/vc_column_text][\/vc_column][\/vc_row][vc_row curly_padding=&#8221;content-padding-none&#8221;][vc_column width=&#8221;1\/2&#8243;][vc_single_image image=&#8221;2399&#8243; img_size=&#8221;large&#8221; style=&#8221;img-frame-large&#8221;][vc_column_text]\n<h3 class=\"text text-40\"><strong>Manuel terapi, g\u00fcn\u00fcm\u00fczde modern t\u0131pta yerini alan ve tarihi Hipokrat\u2019a kadar uzanan bilim dal\u0131d\u0131r.<\/strong><\/h3>\n<p>Manuel terapi teknikleri fizyoterapistler taraf\u0131ndan tamamlay\u0131c\u0131 tedavi y\u00f6ntemi olarak uygulan\u0131r. Fizik tedavi y\u00f6ntem ve teknikleriyle birle\u015ftirildi\u011finde gereksiz ameliyatlar\u0131 \u00f6nler ve ya\u015fam kalitesini artt\u0131r\u0131r.<\/p>\n<p>Temel prensip, v\u00fccudumuz bir makine gibi \u00e7al\u0131\u015ft\u0131\u011f\u0131nda hem kendi a\u011f\u0131rl\u0131\u011f\u0131ndan kaynaklanan hem yer\u00e7ekimini yenme stratejisi hem de g\u00fc\u00e7 ortaya \u00e7\u0131karan kaslar\u0131n etkisiyle bazen de g\u00fcnl\u00fck ya\u015fam hareketlerini icra ederken fark etmeden ald\u0131\u011f\u0131m\u0131z v\u00fccut b\u00fct\u00fcnl\u00fc\u011f\u00fcn\u00fc bozan travmalar\u0131n neticesiyle dejenere olur.<\/p>\n<p>Bu dejenerasyon ba\u015flang\u0131\u00e7ta v\u00fccut b\u00fct\u00fcnl\u00fc\u011f\u00fcm\u00fczde yap\u0131sal de\u011fi\u015fiklikler yapmazken ayn\u0131 mekanizmalar\u0131n uzun s\u00fcreli tekrarlar\u0131 bazen de de\u011fi\u015ftirilemeyecek tarzda yap\u0131sal bozukluklara neden olur (kire\u00e7lenmeler, f\u0131t\u0131klar, kas\u2013ba\u011f y\u0131rt\u0131klar\u0131 ve deformiteler gibi).[\/vc_column_text][\/vc_column][vc_column width=&#8221;1\/2&#8243;][vc_single_image image=&#8221;2400&#8243; img_size=&#8221;large&#8221; style=&#8221;img-frame-large&#8221;][vc_column_text]Manuel terapist, i\u015fte bu noktada hem bozulan i\u015fleyi\u015fi ortaya \u00e7\u0131karmakta hem de e\u011fer m\u00fcmk\u00fcnse bozuklu\u011fun yeniden d\u00fczeltilmesini sa\u011flayacak tedavi y\u00f6ntemlerini planlayarak ki\u015filerin sa\u011fl\u0131\u011f\u0131n\u0131 korumak, d\u00fczeltmek ve onlar\u0131n eskisi gibi a\u011fr\u0131s\u0131z hareket etmelerini sa\u011flayan sa\u011fl\u0131k profesyonelleridirler.<\/p>\n<p>Manuel terapist tedavi y\u00f6ntemlerini uygularken hem v\u00fccudun ortaya \u00e7\u0131kard\u0131\u011f\u0131 g\u00fc\u00e7 mekanizmalar\u0131n\u0131 kullan\u0131r hem de ellerini kullan\u0131r. Yani d\u0131\u015fardan bir ila\u00e7, cihaz veya elektriksel y\u00f6ntem kullanmaz. \u00c7\u00fcnk\u00fc sorun zaten v\u00fccudumuzun patolojik hareketleri neticesinde a\u00e7\u0131\u011fa \u00e7\u0131kan a\u011fr\u0131 ile ilgilidir. Bu referansla yola \u00e7\u0131k\u0131ld\u0131\u011f\u0131nda bozuklu\u011fu d\u00fczeltti\u011fimizde v\u00fccudumuz zaten do\u011fal a\u011fr\u0131s\u0131z hareket etme mekanizmalar\u0131n\u0131 kullanacakt\u0131r. Ayn\u0131 zamanda manuel terapi y\u00f6ntemleri ile sorun ortaya konmakla birlikte ki\u015finin ya\u015fam tarz\u0131n\u0131 da d\u00fczenleyerek a\u011fr\u0131n\u0131n tekrarlamamas\u0131 konusunda da hastaya e\u011fitici bir rol \u00fcstlenecektir.[\/vc_column_text][\/vc_column][\/vc_row][vc_row full_height=&#8221;yes&#8221; curly_padding=&#8221;content-padding-none&#8221;][vc_column width=&#8221;1\/2&#8243; curly_padding=&#8221;content-padding-none&#8221;][vc_single_image image=&#8221;2403&#8243; img_size=&#8221;large&#8221; alignment=&#8221;center&#8221; style=&#8221;img-frame-small&#8221; css_animation=&#8221;none&#8221;][vc_column_text]\n<h3 class=\"text text-40\"><strong>Manuel terapinin di\u011fer tedavilere g\u00f6re avantaj\u0131 nedir?<\/strong><\/h3>\n<p>\u2022\u00a0\u00a0 \u00a0 Di\u011fer tedavilere g\u00f6re daha k\u0131sa s\u00fcrede iyile\u015fme imkan\u0131 sa\u011flar,<br \/>\n\u2022\u00a0\u00a0 \u00a0 Tek seansta bile a\u011fr\u0131n\u0131n b\u00fcy\u00fck k\u0131sm\u0131 giderilebilir,<br \/>\n\u2022\u00a0\u00a0 \u00a0 Ba\u015far\u0131 oran\u0131 olduk\u00e7a y\u00fcksektir,<br \/>\n\u2022\u00a0\u00a0 \u00a0 Problemli b\u00f6lgeye direk uygulamalar yap\u0131ld\u0131\u011f\u0131 i\u00e7in h\u0131zl\u0131 ve etkili bir \u00e7\u00f6z\u00fcm sa\u011flar,<br \/>\n\u2022\u00a0\u00a0 \u00a0 Uygulamalarda tamamen kan\u0131ta dayal\u0131 t\u0131p ve klinik bilgiler kullan\u0131l\u0131r,<br \/>\n\u2022\u00a0\u00a0 \u00a0 Herhangi bir ila\u00e7 kullan\u0131m\u0131 gerektirmez, tamamen do\u011fald\u0131r,<br \/>\n\u2022\u00a0\u00a0 \u00a0 Hi\u00e7bir yan etkisi yoktur.[\/vc_column_text][vc_single_image image=&#8221;2401&#8243; img_size=&#8221;large&#8221; alignment=&#8221;center&#8221; style=&#8221;img-frame-small&#8221; css_animation=&#8221;none&#8221;][\/vc_column][vc_column width=&#8221;1\/2&#8243; curly_padding=&#8221;content-padding-none&#8221;][vc_single_image image=&#8221;2402&#8243; img_size=&#8221;large&#8221; alignment=&#8221;center&#8221; style=&#8221;img-frame-small&#8221; css_animation=&#8221;none&#8221; css=&#8221;.vc_custom_1546549927272{margin-top: 0px !important;border-top-width: 0px !important;padding-top: 0px !important;}&#8221;][vc_column_text]\n<h3 class=\"text text-40\"><strong>Hangi hastal\u0131klarda etkilidir?<\/strong><\/h3>\n<p>\u2022 Bel rahats\u0131zl\u0131klar\u0131; bel f\u0131t\u0131\u011f\u0131, faset eklem blokajlar\u0131, kanal daralmas\u0131, bel kaymas\u0131,<br \/>\n\u2022 Boyun rahats\u0131zl\u0131klar\u0131; boyun f\u0131t\u0131\u011f\u0131, boyun d\u00fczle\u015fmesi, faset eklem problemleri, boyunla ili\u015fkin ba\u015f a\u011fr\u0131s\u0131,<br \/>\n\u2022 Omuz problemleri; Kas y\u0131rt\u0131lmas\u0131, Donuk omuz, \u0130mpingement (s\u0131k\u0131\u015fma) sendromu,<br \/>\n\u2022 Dirsek problemleri; Ekstans\u00f6rtendinit(Tenis\u00e7i dirse\u011fi), Fleks\u00f6rtendinit(golf\u00e7\u00fc dirse\u011fi), ulnar sinir tuzak n\u00f6ropatisi,<br \/>\n\u2022 El bile\u011fi problemleri; Karpal t\u00fcnel sendromu, Dequervaintenosinoviti, dupuytrenkontrakt\u00fcr\u00fc,<br \/>\n\u2022 Kal\u00e7a problemleri; Kal\u00e7a \u00e7\u0131k\u0131\u011f\u0131, Priformis sendromu, Koksartroz, Kal\u00e7a protezi sonras\u0131,<br \/>\n\u2022 Diz rahats\u0131zl\u0131klar\u0131; Menisk\u00fcs y\u0131rt\u0131klar\u0131, \u00f6n-yan-arka \u00e7apraz ba\u011f y\u0131rt\u0131klar\u0131, diz protezi sonras\u0131 rehabilitasyon, kondormalazipatella, genuvarum-valgum-rekurvatum problemleri,<br \/>\n\u2022 Ayak bile\u011fi rahats\u0131zl\u0131klar\u0131; topuk dikeni, halluksvalgus, tarsal t\u00fcnel sendromu, morton sendromu-n\u00f6romas\u0131,<br \/>\n\u2022 K\u0131r\u0131k sonras\u0131 rehabilitasyon: \u00d6zel limitasyon a\u00e7ma teknikleri.[\/vc_column_text][\/vc_column][\/vc_row]\n<\/div>","protected":false},"excerpt":{"rendered":"<p>[vc_row curly_padding=&#8221;content-padding-none&#8221;][vc_column curly_padding=&#8221;content-padding&#8221;][vc_column_text] ORTOPED\u0130K MANUEL TERAP\u0130 (OMT) [\/vc_column_text][\/vc_column][\/vc_row][vc_row curly_padding=&#8221;content-padding-none&#8221;][vc_column width=&#8221;1\/2&#8243;][vc_single_image image=&#8221;2399&#8243; img_size=&#8221;large&#8221; style=&#8221;img-frame-large&#8221;][vc_column_text] Manuel terapi, g\u00fcn\u00fcm\u00fczde modern t\u0131pta yerini alan ve tarihi Hipokrat\u2019a kadar uzanan bilim dal\u0131d\u0131r. Manuel terapi teknikleri fizyoterapistler taraf\u0131ndan tamamlay\u0131c\u0131 tedavi y\u00f6ntemi olarak uygulan\u0131r. Fizik tedavi y\u00f6ntem ve teknikleriyle birle\u015ftirildi\u011finde gereksiz ameliyatlar\u0131 \u00f6nler ve ya\u015fam kalitesini artt\u0131r\u0131r. Temel prensip, v\u00fccudumuz bir makine gibi \u00e7al\u0131\u015ft\u0131\u011f\u0131nda hem kendi a\u011f\u0131rl\u0131\u011f\u0131ndan [&hellip;]<\/p>\n","protected":false},"author":1,"featured_media":0,"parent":9,"menu_order":0,"comment_status":"closed","ping_status":"closed","template":"","meta":{"inline_featured_image":false,"footnotes":""},"class_list":["post-2397","page","type-page","status-publish","hentry"],"yoast_head":"<!-- This site is optimized with the Yoast SEO plugin v27.5 - https:\/\/yoast.com\/product\/yoast-seo-wordpress\/ -->\n<title>ORTOPED\u0130K MANUEL TERAP\u0130 (OMT)ORTOPED\u0130K MANUEL TERAP\u0130 (OMT)ORTOPED\u0130K MANUEL TERAP\u0130 (OMT)<\/title>\n<meta name=\"description\" content=\"Manuel Terapi; fizyoterapistler taraf\u0131ndan tamamlay\u0131c\u0131 tedavi y\u00f6ntemi olarak uygulan\u0131r. Gereksiz ameliyatlar\u0131 \u00f6nler ve ya\u015fam kalitesini artt\u0131r\u0131r.\" \/>\n<meta name=\"robots\" content=\"index, follow, max-snippet:-1, max-image-preview:large, max-video-preview:-1\" \/>\n<link rel=\"canonical\" href=\"https:\/\/www.erdemyorukoglu.com\/tr\/uzmanliklar\/manuel-terapi\/\" \/>\n<meta property=\"og:locale\" content=\"tr_TR\" \/>\n<meta property=\"og:locale:alternate\" content=\"en_US\" \/>\n<meta property=\"og:locale:alternate\" content=\"De_GR\" \/>\n<meta property=\"og:type\" content=\"article\" \/>\n<meta property=\"og:title\" content=\"ORTOPED\u0130K MANUEL TERAP\u0130 (OMT)ORTOPED\u0130K MANUEL TERAP\u0130 (OMT)ORTOPED\u0130K MANUEL TERAP\u0130 (OMT)\" \/>\n<meta property=\"og:description\" content=\"Manuel Terapi; fizyoterapistler taraf\u0131ndan tamamlay\u0131c\u0131 tedavi y\u00f6ntemi olarak uygulan\u0131r. Gereksiz ameliyatlar\u0131 \u00f6nler ve ya\u015fam kalitesini artt\u0131r\u0131r.\" \/>\n<meta property=\"og:url\" content=\"https:\/\/www.erdemyorukoglu.com\/tr\/uzmanliklar\/manuel-terapi\/\" \/>\n<meta property=\"og:site_name\" content=\"Erdem Y\u00f6r\u00fcko\u011flu \/\/ Manuel Terapi, Fizyoterapist, Ankara\" \/>\n<meta property=\"article:modified_time\" content=\"2025-08-16T14:07:16+00:00\" \/>\n<meta property=\"og:image\" content=\"https:\/\/www.erdemyorukoglu.com\/wp-content\/uploads\/2018\/11\/mt_1-1.jpg\" \/>\n\t<meta property=\"og:image:width\" content=\"1199\" \/>\n\t<meta property=\"og:image:height\" content=\"800\" \/>\n\t<meta property=\"og:image:type\" content=\"image\/jpeg\" \/>\n<meta name=\"twitter:card\" content=\"summary_large_image\" \/>\n<meta name=\"twitter:label1\" content=\"Tahmini okuma s\u00fcresi\" \/>\n\t<meta name=\"twitter:data1\" content=\"3 dakika\" \/>\n<script type=\"application\/ld+json\" class=\"yoast-schema-graph\">{\"@context\":\"https:\\\/\\\/schema.org\",\"@graph\":[{\"@type\":\"WebPage\",\"@id\":\"https:\\\/\\\/www.erdemyorukoglu.com\\\/tr\\\/uzmanliklar\\\/manuel-terapi\\\/\",\"url\":\"https:\\\/\\\/www.erdemyorukoglu.com\\\/tr\\\/uzmanliklar\\\/manuel-terapi\\\/\",\"name\":\"ORTOPED\u0130K MANUEL TERAP\u0130 (OMT)ORTOPED\u0130K MANUEL TERAP\u0130 (OMT)ORTOPED\u0130K MANUEL TERAP\u0130 (OMT)\",\"isPartOf\":{\"@id\":\"https:\\\/\\\/www.erdemyorukoglu.com\\\/en\\\/#website\"},\"datePublished\":\"2018-11-08T20:20:58+00:00\",\"dateModified\":\"2025-08-16T14:07:16+00:00\",\"description\":\"Manuel Terapi; fizyoterapistler taraf\u0131ndan tamamlay\u0131c\u0131 tedavi y\u00f6ntemi olarak uygulan\u0131r. Gereksiz ameliyatlar\u0131 \u00f6nler ve ya\u015fam kalitesini artt\u0131r\u0131r.\",\"breadcrumb\":{\"@id\":\"https:\\\/\\\/www.erdemyorukoglu.com\\\/tr\\\/uzmanliklar\\\/manuel-terapi\\\/#breadcrumb\"},\"inLanguage\":\"tr-TR\",\"potentialAction\":[{\"@type\":\"ReadAction\",\"target\":[\"https:\\\/\\\/www.erdemyorukoglu.com\\\/tr\\\/uzmanliklar\\\/manuel-terapi\\\/\"]}]},{\"@type\":\"BreadcrumbList\",\"@id\":\"https:\\\/\\\/www.erdemyorukoglu.com\\\/tr\\\/uzmanliklar\\\/manuel-terapi\\\/#breadcrumb\",\"itemListElement\":[{\"@type\":\"ListItem\",\"position\":1,\"name\":\"MANUEL TERAP\u0130 ANKARA %%sep%% %%sitename%%\",\"item\":\"https:\\\/\\\/www.erdemyorukoglu.com\\\/de\\\/\"},{\"@type\":\"ListItem\",\"position\":2,\"name\":\"UZMANLIKLAR\",\"item\":\"https:\\\/\\\/www.erdemyorukoglu.com\\\/de\\\/uzmanliklar\\\/\"},{\"@type\":\"ListItem\",\"position\":3,\"name\":\"MANUEL TERAP\u0130\"}]},{\"@type\":\"WebSite\",\"@id\":\"https:\\\/\\\/www.erdemyorukoglu.com\\\/en\\\/#website\",\"url\":\"https:\\\/\\\/www.erdemyorukoglu.com\\\/en\\\/\",\"name\":\"Erdem Y\u00f6r\u00fcko\u011flu \\\/\\\/ Manuel Terapi, Fizyoterapist, Ankara\",\"description\":\"Manuel Terapi, Kayropraktik, Fizyoterapi, Bel ve Boyun F\u0131t\u0131\u011f\u0131, Lenf\u00f6dem Tedavisi, Gyrotonic, Skolyoz, Ankara\",\"publisher\":{\"@id\":\"https:\\\/\\\/www.erdemyorukoglu.com\\\/en\\\/#\\\/schema\\\/person\\\/854314645f5beb1ce61d3d55971d52e1\"},\"potentialAction\":[{\"@type\":\"SearchAction\",\"target\":{\"@type\":\"EntryPoint\",\"urlTemplate\":\"https:\\\/\\\/www.erdemyorukoglu.com\\\/en\\\/?s={search_term_string}\"},\"query-input\":{\"@type\":\"PropertyValueSpecification\",\"valueRequired\":true,\"valueName\":\"search_term_string\"}}],\"inLanguage\":\"tr-TR\"},{\"@type\":[\"Person\",\"Organization\"],\"@id\":\"https:\\\/\\\/www.erdemyorukoglu.com\\\/en\\\/#\\\/schema\\\/person\\\/854314645f5beb1ce61d3d55971d52e1\",\"name\":\"Erdem Y\u00f6r\u00fcko\u011flu\",\"image\":{\"@type\":\"ImageObject\",\"inLanguage\":\"tr-TR\",\"@id\":\"https:\\\/\\\/www.erdemyorukoglu.com\\\/wp-content\\\/uploads\\\/2018\\\/11\\\/fav-icon-1.png\",\"url\":\"https:\\\/\\\/www.erdemyorukoglu.com\\\/wp-content\\\/uploads\\\/2018\\\/11\\\/fav-icon-1.png\",\"contentUrl\":\"https:\\\/\\\/www.erdemyorukoglu.com\\\/wp-content\\\/uploads\\\/2018\\\/11\\\/fav-icon-1.png\",\"width\":512,\"height\":512,\"caption\":\"Erdem Y\u00f6r\u00fcko\u011flu\"},\"logo\":{\"@id\":\"https:\\\/\\\/www.erdemyorukoglu.com\\\/wp-content\\\/uploads\\\/2018\\\/11\\\/fav-icon-1.png\"}}]}<\/script>\n<!-- \/ Yoast SEO plugin. -->","yoast_head_json":{"title":"ORTOPED\u0130K MANUEL TERAP\u0130 (OMT)ORTOPED\u0130K MANUEL TERAP\u0130 (OMT)ORTOPED\u0130K MANUEL TERAP\u0130 (OMT)","description":"Manuel Terapi; fizyoterapistler taraf\u0131ndan tamamlay\u0131c\u0131 tedavi y\u00f6ntemi olarak uygulan\u0131r. Gereksiz ameliyatlar\u0131 \u00f6nler ve ya\u015fam kalitesini artt\u0131r\u0131r.","robots":{"index":"index","follow":"follow","max-snippet":"max-snippet:-1","max-image-preview":"max-image-preview:large","max-video-preview":"max-video-preview:-1"},"canonical":"https:\/\/www.erdemyorukoglu.com\/tr\/uzmanliklar\/manuel-terapi\/","og_locale":"tr_TR","og_type":"article","og_title":"[:tr][:tr]ORTOPED\u0130K MANUEL TERAP\u0130 (OMT)[:en]ORTHOPEDIC MANUAL THERAPY (OMT)[:de]ORTHOP\u00c4DISCHE MANUELLE THERAPIE (OMT)[:] - Erdem Y\u00f6r\u00fcko\u011flu \/\/ Manuel Terapi, Fizyoterapist, Ankara[:en][:tr]ORTOPED\u0130K MANUEL TERAP\u0130 (OMT)[:en]ORTHOPEDIC MANUAL THERAPY (OMT)[:de]ORTHOP\u00c4DISCHE MANUELLE THERAPIE (OMT)[:] - Erdem Y\u00f6r\u00fcko\u011flu \/\/ Manuel Terapi, Fizyoterapist, Ankara[:de]Erdem Y\u00f6r\u00fcko\u011flu \/\/ Manuel Terapi, Fizyoterapist, Ankara - [:tr]ORTOPED\u0130K MANUEL TERAP\u0130 (OMT)[:en]ORTHOPEDIC MANUAL THERAPY (OMT)[:de]ORTHOP\u00c4DISCHE MANUELLE THERAPIE (OMT)[:][:]","og_description":"[:tr]Manuel Terapi; fizyoterapistler taraf\u0131ndan tamamlay\u0131c\u0131 tedavi y\u00f6ntemi olarak uygulan\u0131r. Gereksiz ameliyatlar\u0131 \u00f6nler ve ya\u015fam kalitesini artt\u0131r\u0131r.[:]","og_url":"https:\/\/www.erdemyorukoglu.com\/tr\/uzmanliklar\/manuel-terapi\/","og_site_name":"Erdem Y\u00f6r\u00fcko\u011flu \/\/ Manuel Terapi, Fizyoterapist, Ankara","article_modified_time":"2025-08-16T14:07:16+00:00","og_image":[{"width":1199,"height":800,"url":"https:\/\/www.erdemyorukoglu.com\/wp-content\/uploads\/2018\/11\/mt_1-1.jpg","type":"image\/jpeg"}],"twitter_card":"summary_large_image","twitter_misc":{"Tahmini okuma s\u00fcresi":"3 dakika"},"schema":{"@context":"https:\/\/schema.org","@graph":[{"@type":"WebPage","@id":"https:\/\/www.erdemyorukoglu.com\/tr\/uzmanliklar\/manuel-terapi\/","url":"https:\/\/www.erdemyorukoglu.com\/tr\/uzmanliklar\/manuel-terapi\/","name":"ORTOPED\u0130K MANUEL TERAP\u0130 (OMT)ORTOPED\u0130K MANUEL TERAP\u0130 (OMT)ORTOPED\u0130K MANUEL TERAP\u0130 (OMT)","isPartOf":{"@id":"https:\/\/www.erdemyorukoglu.com\/en\/#website"},"datePublished":"2018-11-08T20:20:58+00:00","dateModified":"2025-08-16T14:07:16+00:00","description":"Manuel Terapi; fizyoterapistler taraf\u0131ndan tamamlay\u0131c\u0131 tedavi y\u00f6ntemi olarak uygulan\u0131r. Gereksiz ameliyatlar\u0131 \u00f6nler ve ya\u015fam kalitesini artt\u0131r\u0131r.","breadcrumb":{"@id":"https:\/\/www.erdemyorukoglu.com\/tr\/uzmanliklar\/manuel-terapi\/#breadcrumb"},"inLanguage":"tr-TR","potentialAction":[{"@type":"ReadAction","target":["https:\/\/www.erdemyorukoglu.com\/tr\/uzmanliklar\/manuel-terapi\/"]}]},{"@type":"BreadcrumbList","@id":"https:\/\/www.erdemyorukoglu.com\/tr\/uzmanliklar\/manuel-terapi\/#breadcrumb","itemListElement":[{"@type":"ListItem","position":1,"name":"MANUEL TERAP\u0130 ANKARA %%sep%% %%sitename%%","item":"https:\/\/www.erdemyorukoglu.com\/de\/"},{"@type":"ListItem","position":2,"name":"UZMANLIKLAR","item":"https:\/\/www.erdemyorukoglu.com\/de\/uzmanliklar\/"},{"@type":"ListItem","position":3,"name":"MANUEL TERAP\u0130"}]},{"@type":"WebSite","@id":"https:\/\/www.erdemyorukoglu.com\/en\/#website","url":"https:\/\/www.erdemyorukoglu.com\/en\/","name":"Erdem Y\u00f6r\u00fcko\u011flu \/\/ Manuel Terapi, Fizyoterapist, Ankara","description":"Manuel Terapi, Kayropraktik, Fizyoterapi, Bel ve Boyun F\u0131t\u0131\u011f\u0131, Lenf\u00f6dem Tedavisi, Gyrotonic, Skolyoz, Ankara","publisher":{"@id":"https:\/\/www.erdemyorukoglu.com\/en\/#\/schema\/person\/854314645f5beb1ce61d3d55971d52e1"},"potentialAction":[{"@type":"SearchAction","target":{"@type":"EntryPoint","urlTemplate":"https:\/\/www.erdemyorukoglu.com\/en\/?s={search_term_string}"},"query-input":{"@type":"PropertyValueSpecification","valueRequired":true,"valueName":"search_term_string"}}],"inLanguage":"tr-TR"},{"@type":["Person","Organization"],"@id":"https:\/\/www.erdemyorukoglu.com\/en\/#\/schema\/person\/854314645f5beb1ce61d3d55971d52e1","name":"Erdem Y\u00f6r\u00fcko\u011flu","image":{"@type":"ImageObject","inLanguage":"tr-TR","@id":"https:\/\/www.erdemyorukoglu.com\/wp-content\/uploads\/2018\/11\/fav-icon-1.png","url":"https:\/\/www.erdemyorukoglu.com\/wp-content\/uploads\/2018\/11\/fav-icon-1.png","contentUrl":"https:\/\/www.erdemyorukoglu.com\/wp-content\/uploads\/2018\/11\/fav-icon-1.png","width":512,"height":512,"caption":"Erdem Y\u00f6r\u00fcko\u011flu"},"logo":{"@id":"https:\/\/www.erdemyorukoglu.com\/wp-content\/uploads\/2018\/11\/fav-icon-1.png"}}]}},"_links":{"self":[{"href":"https:\/\/www.erdemyorukoglu.com\/tr\/wp-json\/wp\/v2\/pages\/2397","targetHints":{"allow":["GET"]}}],"collection":[{"href":"https:\/\/www.erdemyorukoglu.com\/tr\/wp-json\/wp\/v2\/pages"}],"about":[{"href":"https:\/\/www.erdemyorukoglu.com\/tr\/wp-json\/wp\/v2\/types\/page"}],"author":[{"embeddable":true,"href":"https:\/\/www.erdemyorukoglu.com\/tr\/wp-json\/wp\/v2\/users\/1"}],"replies":[{"embeddable":true,"href":"https:\/\/www.erdemyorukoglu.com\/tr\/wp-json\/wp\/v2\/comments?post=2397"}],"version-history":[{"count":32,"href":"https:\/\/www.erdemyorukoglu.com\/tr\/wp-json\/wp\/v2\/pages\/2397\/revisions"}],"predecessor-version":[{"id":2963,"href":"https:\/\/www.erdemyorukoglu.com\/tr\/wp-json\/wp\/v2\/pages\/2397\/revisions\/2963"}],"up":[{"embeddable":true,"href":"https:\/\/www.erdemyorukoglu.com\/tr\/wp-json\/wp\/v2\/pages\/9"}],"wp:attachment":[{"href":"https:\/\/www.erdemyorukoglu.com\/tr\/wp-json\/wp\/v2\/media?parent=2397"}],"curies":[{"name":"wp","href":"https:\/\/api.w.org\/{rel}","templated":true}]}}