{"id":2409,"date":"2018-11-08T23:34:47","date_gmt":"2018-11-08T20:34:47","guid":{"rendered":"http:\/\/localhost:8888\/erdemyorukoglu.com\/?page_id=2409"},"modified":"2025-08-16T17:05:45","modified_gmt":"2025-08-16T14:05:45","slug":"foldi-lenfodem","status":"publish","type":"page","link":"https:\/\/www.erdemyorukoglu.com\/tr\/uzmanliklar\/foldi-lenfodem\/","title":{"rendered":"F\u00d6LD\u0130 LENF\u00d6DEM"},"content":{"rendered":"<div class=\"wpb-content-wrapper\">[vc_row curly_padding=&#8221;content-padding-none&#8221;][vc_column curly_padding=&#8221;content-padding&#8221;][vc_column_text]\n<h1 style=\"text-align: center;\"><strong>F\u00d6LD\u0130 LENF\u00d6DEM<\/strong><\/h1>\n[\/vc_column_text][\/vc_column][\/vc_row][vc_row full_width=&#8221;stretch_row&#8221; curly_padding=&#8221;content-padding-none&#8221;][vc_column width=&#8221;1\/2&#8243;][vc_single_image image=&#8221;2415&#8243; img_size=&#8221;large&#8221; style=&#8221;img-frame-large&#8221;][vc_column_text]\n<h3 class=\"text text-40\"><strong>Lenf\u00f6dem rahats\u0131zl\u0131\u011f\u0131, lenfatik s\u0131v\u0131n\u0131n h\u00fccreler aras\u0131 dokuda birikmesiyle kollarda, bacaklarda ve g\u00f6vdede \u015fi\u015fmeye neden olmas\u0131d\u0131r.<\/strong><\/h3>\n<h3><strong>Lenf\u00f6dem tipleri nelerdir?<\/strong><\/h3>\n<p class=\"text text-42\"><strong>Primer Lenf\u00f6dem;<\/strong> Lenf damarlar\u0131n\u0131n yap\u0131sal olarak eksikli\u011finden veya bozuklu\u011fundan dolay\u0131 meydana gelir.<\/p>\n<p><b>Sekonder Lenf\u00f6dem;<\/b> Lenf sisteminin cerrahi, radyoterapi, enfeksiyon gibi sebeplerle\u2028 hasar g\u00f6rmesi veya t\u0131kanmas\u0131 sonucu olu\u015fur.[\/vc_column_text][\/vc_column][vc_column width=&#8221;1\/2&#8243;][vc_single_image image=&#8221;2416&#8243; img_size=&#8221;large&#8221; style=&#8221;img-frame-large&#8221;][vc_column_text]\n<h3><strong>Lenf\u00f6dem Rahats\u0131zl\u0131\u011f\u0131n\u0131n Nedenleri\u2028?<\/strong><\/h3>\n<p>Do\u011fu\u015ftan,<br \/>\nAmeliyatla lenf nod\u00fcllerinin al\u0131nmas\u0131,<br \/>\nTravma veya yaralanma,<br \/>\nB\u00f6cek \u0131s\u0131rmas\u0131 veya s\u0131yr\u0131klar sebebiyle olu\u015fan enfeksiyon,<br \/>\nLenf ak\u0131m\u0131n\u0131n t\u00fcm\u00f6r taraf\u0131ndan t\u0131kanmas\u0131,<br \/>\nRadyoterapi uygulamalar\u0131.<\/p>\n<h3><strong>Lenf\u00f6dem Rahats\u0131zl\u0131\u011f\u0131n\u0131n Belirtileri<\/strong><\/h3>\n<p>Kollarda\/bacaklarda a\u011f\u0131rl\u0131k hissi,<br \/>\nEklem hareketlerinde k\u0131s\u0131tl\u0131l\u0131k,<br \/>\nDeride kuruluk, gerginlik,<br \/>\nUyu\u015fukluk ve sertle\u015fme,<br \/>\nDuyu bozukluklar\u0131,<br \/>\nElde\/ayakta eklem sertlikleri,<br \/>\nEnfeksiyona yatk\u0131nl\u0131k,<br \/>\nEl\/ayak parmaklar\u0131n\u0131n hareketlili\u011finin azalmas\u0131,<br \/>\nY\u00fcz\u00fck, saat gibi aksesuarlar\u0131n dar gelmesi.[\/vc_column_text][\/vc_column][\/vc_row][vc_row][vc_column width=&#8221;1\/2&#8243;][vc_single_image image=&#8221;4170&#8243; img_size=&#8221;large&#8221; alignment=&#8221;center&#8221; style=&#8221;img-frame-small&#8221; css_animation=&#8221;none&#8221;][vc_column_text]\n<h3><b>Lenf\u00f6dem Rahats\u0131zl\u0131\u011f\u0131n\u0131n Tedavisinin Amac\u0131\u2028<\/b><\/h3>\n<p>Lenf\u00f6demin olu\u015fmas\u0131n\u0131 engellemek,<br \/>\n\u015ei\u015fli\u011fin artmas\u0131n\u0131n \u00f6n\u00fcne ge\u00e7mek,<br \/>\n\u015ei\u015fli\u011fin azalt\u0131lmas\u0131n\u0131 sa\u011flamak,<br \/>\n\u00d6demli kol\/bacakta lenf dola\u015f\u0131m\u0131n\u0131n artmas\u0131 ve birikmi\u015f proteinin da\u011f\u0131lmas\u0131n\u0131 sa\u011flamak,<br \/>\nEnfeksiyonun olu\u015fmas\u0131n\u0131 ve tekrarlanmas\u0131n\u0131 \u00f6nlemek.[\/vc_column_text][\/vc_column][vc_column width=&#8221;1\/2&#8243;][vc_single_image image=&#8221;2418&#8243; img_size=&#8221;large&#8221; alignment=&#8221;center&#8221; style=&#8221;img-frame-small&#8221; css_animation=&#8221;none&#8221; css=&#8221;.vc_custom_1546635767735{margin-top: 0px !important;border-top-width: 0px !important;padding-top: 0px !important;}&#8221;][vc_column_text]\n<h3><b>Tedavide Ne Uygulan\u0131r?<\/b><\/h3>\n<p>Deri Bak\u0131m\u0131,<br \/>\nManuel Lenf Drenaj\u0131 (Lenf\u00f6dem Masaj\u0131),<br \/>\nKompresyon Bandajlama (Lenf\u00f6dem Bandaj\u0131),<br \/>\nEgzersiz,<br \/>\nKinesio Tape Bantlama.[\/vc_column_text][\/vc_column][\/vc_row]\n<\/div>","protected":false},"excerpt":{"rendered":"<p>[vc_row curly_padding=&#8221;content-padding-none&#8221;][vc_column curly_padding=&#8221;content-padding&#8221;][vc_column_text] F\u00d6LD\u0130 LENF\u00d6DEM [\/vc_column_text][\/vc_column][\/vc_row][vc_row full_width=&#8221;stretch_row&#8221; curly_padding=&#8221;content-padding-none&#8221;][vc_column width=&#8221;1\/2&#8243;][vc_single_image image=&#8221;2415&#8243; img_size=&#8221;large&#8221; style=&#8221;img-frame-large&#8221;][vc_column_text] Lenf\u00f6dem rahats\u0131zl\u0131\u011f\u0131, lenfatik s\u0131v\u0131n\u0131n h\u00fccreler aras\u0131 dokuda birikmesiyle kollarda, bacaklarda ve g\u00f6vdede \u015fi\u015fmeye neden olmas\u0131d\u0131r. Lenf\u00f6dem tipleri nelerdir? Primer Lenf\u00f6dem; Lenf damarlar\u0131n\u0131n yap\u0131sal olarak eksikli\u011finden veya bozuklu\u011fundan dolay\u0131 meydana gelir. Sekonder Lenf\u00f6dem; Lenf sisteminin cerrahi, radyoterapi, enfeksiyon gibi sebeplerle\u2028 hasar g\u00f6rmesi veya t\u0131kanmas\u0131 sonucu olu\u015fur.[\/vc_column_text][\/vc_column][vc_column width=&#8221;1\/2&#8243;][vc_single_image image=&#8221;2416&#8243; img_size=&#8221;large&#8221; [&hellip;]<\/p>\n","protected":false},"author":1,"featured_media":0,"parent":9,"menu_order":0,"comment_status":"closed","ping_status":"closed","template":"","meta":{"inline_featured_image":false,"footnotes":""},"class_list":["post-2409","page","type-page","status-publish","hentry"],"yoast_head":"<!-- This site is optimized with the Yoast SEO plugin v27.5 - https:\/\/yoast.com\/product\/yoast-seo-wordpress\/ -->\n<title>F\u00d6LD\u0130 LENF\u00d6DEMF\u00d6LD\u0130 LENF\u00d6DEMF\u00d6LD\u0130 LENF\u00d6DEM<\/title>\n<meta name=\"description\" content=\"Lenf\u00f6dem rahats\u0131zl\u0131\u011f\u0131, lenfatik s\u0131v\u0131n\u0131n h\u00fccreler aras\u0131 dokuda birikmesiyle kollarda, bacaklarda ve g\u00f6vdede \u015fi\u015fmeye neden olmas\u0131d\u0131r.\" \/>\n<meta name=\"robots\" content=\"index, follow, max-snippet:-1, max-image-preview:large, max-video-preview:-1\" \/>\n<link rel=\"canonical\" href=\"https:\/\/www.erdemyorukoglu.com\/tr\/uzmanliklar\/foldi-lenfodem\/\" \/>\n<meta property=\"og:locale\" content=\"tr_TR\" \/>\n<meta property=\"og:locale:alternate\" content=\"en_US\" \/>\n<meta property=\"og:locale:alternate\" content=\"De_GR\" \/>\n<meta property=\"og:type\" content=\"article\" \/>\n<meta property=\"og:title\" content=\"F\u00d6LD\u0130 LENF\u00d6DEMF\u00d6LD\u0130 LENF\u00d6DEMF\u00d6LD\u0130 LENF\u00d6DEM\" \/>\n<meta property=\"og:description\" content=\"Lenf\u00f6dem rahats\u0131zl\u0131\u011f\u0131, lenfatik s\u0131v\u0131n\u0131n h\u00fccreler aras\u0131 dokuda birikmesiyle kollarda, bacaklarda ve g\u00f6vdede \u015fi\u015fmeye neden olmas\u0131d\u0131r.\" \/>\n<meta property=\"og:url\" content=\"https:\/\/www.erdemyorukoglu.com\/tr\/uzmanliklar\/foldi-lenfodem\/\" \/>\n<meta property=\"og:site_name\" content=\"Erdem Y\u00f6r\u00fcko\u011flu \/\/ Manuel Terapi, Fizyoterapist, Ankara\" \/>\n<meta property=\"article:modified_time\" content=\"2025-08-16T14:05:45+00:00\" \/>\n<meta property=\"og:image\" content=\"https:\/\/www.erdemyorukoglu.com\/wp-content\/uploads\/2018\/11\/lo_1-1.jpg\" \/>\n\t<meta property=\"og:image:width\" content=\"1199\" \/>\n\t<meta property=\"og:image:height\" content=\"800\" \/>\n\t<meta property=\"og:image:type\" content=\"image\/jpeg\" \/>\n<meta name=\"twitter:card\" content=\"summary_large_image\" \/>\n<meta name=\"twitter:label1\" content=\"Tahmini okuma s\u00fcresi\" \/>\n\t<meta name=\"twitter:data1\" content=\"2 dakika\" \/>\n<script type=\"application\/ld+json\" class=\"yoast-schema-graph\">{\"@context\":\"https:\\\/\\\/schema.org\",\"@graph\":[{\"@type\":\"WebPage\",\"@id\":\"https:\\\/\\\/www.erdemyorukoglu.com\\\/tr\\\/uzmanliklar\\\/foldi-lenfodem\\\/\",\"url\":\"https:\\\/\\\/www.erdemyorukoglu.com\\\/tr\\\/uzmanliklar\\\/foldi-lenfodem\\\/\",\"name\":\"F\u00d6LD\u0130 LENF\u00d6DEMF\u00d6LD\u0130 LENF\u00d6DEMF\u00d6LD\u0130 LENF\u00d6DEM\",\"isPartOf\":{\"@id\":\"https:\\\/\\\/www.erdemyorukoglu.com\\\/en\\\/#website\"},\"datePublished\":\"2018-11-08T20:34:47+00:00\",\"dateModified\":\"2025-08-16T14:05:45+00:00\",\"description\":\"Lenf\u00f6dem rahats\u0131zl\u0131\u011f\u0131, lenfatik s\u0131v\u0131n\u0131n h\u00fccreler aras\u0131 dokuda birikmesiyle kollarda, bacaklarda ve g\u00f6vdede \u015fi\u015fmeye neden olmas\u0131d\u0131r.\",\"breadcrumb\":{\"@id\":\"https:\\\/\\\/www.erdemyorukoglu.com\\\/tr\\\/uzmanliklar\\\/foldi-lenfodem\\\/#breadcrumb\"},\"inLanguage\":\"tr-TR\",\"potentialAction\":[{\"@type\":\"ReadAction\",\"target\":[\"https:\\\/\\\/www.erdemyorukoglu.com\\\/tr\\\/uzmanliklar\\\/foldi-lenfodem\\\/\"]}]},{\"@type\":\"BreadcrumbList\",\"@id\":\"https:\\\/\\\/www.erdemyorukoglu.com\\\/tr\\\/uzmanliklar\\\/foldi-lenfodem\\\/#breadcrumb\",\"itemListElement\":[{\"@type\":\"ListItem\",\"position\":1,\"name\":\"MANUEL TERAP\u0130 ANKARA %%sep%% %%sitename%%\",\"item\":\"https:\\\/\\\/www.erdemyorukoglu.com\\\/de\\\/\"},{\"@type\":\"ListItem\",\"position\":2,\"name\":\"UZMANLIKLAR\",\"item\":\"https:\\\/\\\/www.erdemyorukoglu.com\\\/de\\\/uzmanliklar\\\/\"},{\"@type\":\"ListItem\",\"position\":3,\"name\":\"Lenf\u00f6dem Tedavisi\"}]},{\"@type\":\"WebSite\",\"@id\":\"https:\\\/\\\/www.erdemyorukoglu.com\\\/en\\\/#website\",\"url\":\"https:\\\/\\\/www.erdemyorukoglu.com\\\/en\\\/\",\"name\":\"Erdem Y\u00f6r\u00fcko\u011flu \\\/\\\/ Manuel Terapi, Fizyoterapist, Ankara\",\"description\":\"Manuel Terapi, Kayropraktik, Fizyoterapi, Bel ve Boyun F\u0131t\u0131\u011f\u0131, Lenf\u00f6dem Tedavisi, Gyrotonic, Skolyoz, Ankara\",\"publisher\":{\"@id\":\"https:\\\/\\\/www.erdemyorukoglu.com\\\/en\\\/#\\\/schema\\\/person\\\/854314645f5beb1ce61d3d55971d52e1\"},\"potentialAction\":[{\"@type\":\"SearchAction\",\"target\":{\"@type\":\"EntryPoint\",\"urlTemplate\":\"https:\\\/\\\/www.erdemyorukoglu.com\\\/en\\\/?s={search_term_string}\"},\"query-input\":{\"@type\":\"PropertyValueSpecification\",\"valueRequired\":true,\"valueName\":\"search_term_string\"}}],\"inLanguage\":\"tr-TR\"},{\"@type\":[\"Person\",\"Organization\"],\"@id\":\"https:\\\/\\\/www.erdemyorukoglu.com\\\/en\\\/#\\\/schema\\\/person\\\/854314645f5beb1ce61d3d55971d52e1\",\"name\":\"Erdem Y\u00f6r\u00fcko\u011flu\",\"image\":{\"@type\":\"ImageObject\",\"inLanguage\":\"tr-TR\",\"@id\":\"https:\\\/\\\/www.erdemyorukoglu.com\\\/wp-content\\\/uploads\\\/2018\\\/11\\\/fav-icon-1.png\",\"url\":\"https:\\\/\\\/www.erdemyorukoglu.com\\\/wp-content\\\/uploads\\\/2018\\\/11\\\/fav-icon-1.png\",\"contentUrl\":\"https:\\\/\\\/www.erdemyorukoglu.com\\\/wp-content\\\/uploads\\\/2018\\\/11\\\/fav-icon-1.png\",\"width\":512,\"height\":512,\"caption\":\"Erdem Y\u00f6r\u00fcko\u011flu\"},\"logo\":{\"@id\":\"https:\\\/\\\/www.erdemyorukoglu.com\\\/wp-content\\\/uploads\\\/2018\\\/11\\\/fav-icon-1.png\"}}]}<\/script>\n<!-- \/ Yoast SEO plugin. -->","yoast_head_json":{"title":"F\u00d6LD\u0130 LENF\u00d6DEMF\u00d6LD\u0130 LENF\u00d6DEMF\u00d6LD\u0130 LENF\u00d6DEM","description":"Lenf\u00f6dem rahats\u0131zl\u0131\u011f\u0131, lenfatik s\u0131v\u0131n\u0131n h\u00fccreler aras\u0131 dokuda birikmesiyle kollarda, bacaklarda ve g\u00f6vdede \u015fi\u015fmeye neden olmas\u0131d\u0131r.","robots":{"index":"index","follow":"follow","max-snippet":"max-snippet:-1","max-image-preview":"max-image-preview:large","max-video-preview":"max-video-preview:-1"},"canonical":"https:\/\/www.erdemyorukoglu.com\/tr\/uzmanliklar\/foldi-lenfodem\/","og_locale":"tr_TR","og_type":"article","og_title":"[:tr][:tr]F\u00d6LD\u0130 LENF\u00d6DEM[:en]FOLDI LYMPHEDEMA[:de]F\u00d6LD\u0130 Lymph\u00f6dem[:] - Erdem Y\u00f6r\u00fcko\u011flu \/\/ Manuel Terapi, Fizyoterapist, Ankara[:en][:tr]F\u00d6LD\u0130 LENF\u00d6DEM[:en]FOLDI LYMPHEDEMA[:de]F\u00d6LD\u0130 Lymph\u00f6dem[:] - Erdem Y\u00f6r\u00fcko\u011flu \/\/ Manuel Terapi, Fizyoterapist, Ankara[:de]Erdem Y\u00f6r\u00fcko\u011flu \/\/ Manuel Terapi, Fizyoterapist, Ankara - [:tr]F\u00d6LD\u0130 LENF\u00d6DEM[:en]FOLDI LYMPHEDEMA[:de]F\u00d6LD\u0130 Lymph\u00f6dem[:][:]","og_description":"[:tr]Lenf\u00f6dem rahats\u0131zl\u0131\u011f\u0131, lenfatik s\u0131v\u0131n\u0131n h\u00fccreler aras\u0131 dokuda birikmesiyle kollarda, bacaklarda ve g\u00f6vdede \u015fi\u015fmeye neden olmas\u0131d\u0131r.[:]","og_url":"https:\/\/www.erdemyorukoglu.com\/tr\/uzmanliklar\/foldi-lenfodem\/","og_site_name":"Erdem Y\u00f6r\u00fcko\u011flu \/\/ Manuel Terapi, Fizyoterapist, Ankara","article_modified_time":"2025-08-16T14:05:45+00:00","og_image":[{"width":1199,"height":800,"url":"https:\/\/www.erdemyorukoglu.com\/wp-content\/uploads\/2018\/11\/lo_1-1.jpg","type":"image\/jpeg"}],"twitter_card":"summary_large_image","twitter_misc":{"Tahmini okuma s\u00fcresi":"2 dakika"},"schema":{"@context":"https:\/\/schema.org","@graph":[{"@type":"WebPage","@id":"https:\/\/www.erdemyorukoglu.com\/tr\/uzmanliklar\/foldi-lenfodem\/","url":"https:\/\/www.erdemyorukoglu.com\/tr\/uzmanliklar\/foldi-lenfodem\/","name":"F\u00d6LD\u0130 LENF\u00d6DEMF\u00d6LD\u0130 LENF\u00d6DEMF\u00d6LD\u0130 LENF\u00d6DEM","isPartOf":{"@id":"https:\/\/www.erdemyorukoglu.com\/en\/#website"},"datePublished":"2018-11-08T20:34:47+00:00","dateModified":"2025-08-16T14:05:45+00:00","description":"Lenf\u00f6dem rahats\u0131zl\u0131\u011f\u0131, lenfatik s\u0131v\u0131n\u0131n h\u00fccreler aras\u0131 dokuda birikmesiyle kollarda, bacaklarda ve g\u00f6vdede \u015fi\u015fmeye neden olmas\u0131d\u0131r.","breadcrumb":{"@id":"https:\/\/www.erdemyorukoglu.com\/tr\/uzmanliklar\/foldi-lenfodem\/#breadcrumb"},"inLanguage":"tr-TR","potentialAction":[{"@type":"ReadAction","target":["https:\/\/www.erdemyorukoglu.com\/tr\/uzmanliklar\/foldi-lenfodem\/"]}]},{"@type":"BreadcrumbList","@id":"https:\/\/www.erdemyorukoglu.com\/tr\/uzmanliklar\/foldi-lenfodem\/#breadcrumb","itemListElement":[{"@type":"ListItem","position":1,"name":"MANUEL TERAP\u0130 ANKARA %%sep%% %%sitename%%","item":"https:\/\/www.erdemyorukoglu.com\/de\/"},{"@type":"ListItem","position":2,"name":"UZMANLIKLAR","item":"https:\/\/www.erdemyorukoglu.com\/de\/uzmanliklar\/"},{"@type":"ListItem","position":3,"name":"Lenf\u00f6dem Tedavisi"}]},{"@type":"WebSite","@id":"https:\/\/www.erdemyorukoglu.com\/en\/#website","url":"https:\/\/www.erdemyorukoglu.com\/en\/","name":"Erdem Y\u00f6r\u00fcko\u011flu \/\/ Manuel Terapi, Fizyoterapist, Ankara","description":"Manuel Terapi, Kayropraktik, Fizyoterapi, Bel ve Boyun F\u0131t\u0131\u011f\u0131, Lenf\u00f6dem Tedavisi, Gyrotonic, Skolyoz, Ankara","publisher":{"@id":"https:\/\/www.erdemyorukoglu.com\/en\/#\/schema\/person\/854314645f5beb1ce61d3d55971d52e1"},"potentialAction":[{"@type":"SearchAction","target":{"@type":"EntryPoint","urlTemplate":"https:\/\/www.erdemyorukoglu.com\/en\/?s={search_term_string}"},"query-input":{"@type":"PropertyValueSpecification","valueRequired":true,"valueName":"search_term_string"}}],"inLanguage":"tr-TR"},{"@type":["Person","Organization"],"@id":"https:\/\/www.erdemyorukoglu.com\/en\/#\/schema\/person\/854314645f5beb1ce61d3d55971d52e1","name":"Erdem Y\u00f6r\u00fcko\u011flu","image":{"@type":"ImageObject","inLanguage":"tr-TR","@id":"https:\/\/www.erdemyorukoglu.com\/wp-content\/uploads\/2018\/11\/fav-icon-1.png","url":"https:\/\/www.erdemyorukoglu.com\/wp-content\/uploads\/2018\/11\/fav-icon-1.png","contentUrl":"https:\/\/www.erdemyorukoglu.com\/wp-content\/uploads\/2018\/11\/fav-icon-1.png","width":512,"height":512,"caption":"Erdem Y\u00f6r\u00fcko\u011flu"},"logo":{"@id":"https:\/\/www.erdemyorukoglu.com\/wp-content\/uploads\/2018\/11\/fav-icon-1.png"}}]}},"_links":{"self":[{"href":"https:\/\/www.erdemyorukoglu.com\/tr\/wp-json\/wp\/v2\/pages\/2409","targetHints":{"allow":["GET"]}}],"collection":[{"href":"https:\/\/www.erdemyorukoglu.com\/tr\/wp-json\/wp\/v2\/pages"}],"about":[{"href":"https:\/\/www.erdemyorukoglu.com\/tr\/wp-json\/wp\/v2\/types\/page"}],"author":[{"embeddable":true,"href":"https:\/\/www.erdemyorukoglu.com\/tr\/wp-json\/wp\/v2\/users\/1"}],"replies":[{"embeddable":true,"href":"https:\/\/www.erdemyorukoglu.com\/tr\/wp-json\/wp\/v2\/comments?post=2409"}],"version-history":[{"count":18,"href":"https:\/\/www.erdemyorukoglu.com\/tr\/wp-json\/wp\/v2\/pages\/2409\/revisions"}],"predecessor-version":[{"id":4173,"href":"https:\/\/www.erdemyorukoglu.com\/tr\/wp-json\/wp\/v2\/pages\/2409\/revisions\/4173"}],"up":[{"embeddable":true,"href":"https:\/\/www.erdemyorukoglu.com\/tr\/wp-json\/wp\/v2\/pages\/9"}],"wp:attachment":[{"href":"https:\/\/www.erdemyorukoglu.com\/tr\/wp-json\/wp\/v2\/media?parent=2409"}],"curies":[{"name":"wp","href":"https:\/\/api.w.org\/{rel}","templated":true}]}}