{"id":2422,"date":"2018-11-09T00:05:42","date_gmt":"2018-11-08T21:05:42","guid":{"rendered":"http:\/\/localhost:8888\/erdemyorukoglu.com\/?page_id=2422"},"modified":"2025-08-16T17:01:59","modified_gmt":"2025-08-16T14:01:59","slug":"skolyoz-tedavisi","status":"publish","type":"page","link":"https:\/\/www.erdemyorukoglu.com\/tr\/tedaviler\/skolyoz-tedavisi\/","title":{"rendered":"SKOLYOZ ve POST\u00dcRAL D\u00dcZG\u00dcNL\u00dcK"},"content":{"rendered":"<div class=\"wpb-content-wrapper\">[vc_row content_placement=&#8221;middle&#8221;][vc_column][vc_column_text]\n<h1 style=\"text-align: center;\">SKOLYOZ ve POST\u00dcRAL D\u00dcZG\u00dcNL\u00dcK<\/h1>\n[\/vc_column_text][\/vc_column][\/vc_row][vc_row full_width=&#8221;stretch_row&#8221;][vc_column width=&#8221;1\/2&#8243;][vc_single_image image=&#8221;2423&#8243; img_size=&#8221;large&#8221; style=&#8221;img-frame-large&#8221; css_animation=&#8221;none&#8221;][vc_column_text]\n<p class=\"text text-42\">G\u00fcnl\u00fck hayatta, herhangi biri ile konu\u015furken, s\u0131rada beklerken ya da i\u015f ya\u015fam\u0131m\u0131zda genellikle birka\u00e7 dakikadan daha uzun s\u00fcre ayakta durmak zorunda kal\u0131r\u0131z. Bu gibi do\u011fal duru\u015flar s\u0131ras\u0131nda, v\u00fccut s\u00fcrekli d\u00fc\u015f\u00fck genlikli, yava\u015f sal\u0131n\u0131ml\u0131 ve t\u00fcm v\u00fccut hareketleri ile karakterize edilen postural de\u011fi\u015fimler g\u00f6stermektedir. V\u00fccut post\u00fcr\u00fc; birka\u00e7 v\u00fccut segmentinin esnek eklemler taraf\u0131ndan bir araya gelerek sinir-kas sistemi ile kontrol edilmesinin \u00fcr\u00fcn\u00fcd\u00fcr. Post\u00fcr ile ilgili di\u011fer tan\u0131mlar incelendi\u011finde, post\u00fcr; gerilme refleksi ile sa\u011flanan ve yer\u00e7ekimine kar\u015f\u0131 korunan v\u00fccut duru\u015funu ifade etmektedir.<\/p>\n<h3><b>Post\u00fcrdeki bozukluklar nelere sebep olur?<\/b><\/h3>\n<p>Postural bozukluklardan en s\u0131k rastlananlar\u0131 aras\u0131nda omurgan\u0131n yana e\u011frili\u011fi olan skolyoz, omurgan\u0131n \u00f6ne do\u011fru e\u011frili\u011fi olan kifoz, ayak uzun kavisinin azalmas\u0131 olarak ifade edilen pes planus(taban \u00e7\u00f6kmesi) say\u0131labilir.[\/vc_column_text][vc_column_text]\n<h3><strong>Skolyoz nedir?<\/strong><\/h3>\n<p>Skolyoz, omurga veya omurgada anormal bir e\u011friye neden olan bir bozukluktur. Omurga, yandan bak\u0131ld\u0131\u011f\u0131nda normal e\u011frilere sahiptir, ancak \u00f6nden bak\u0131ld\u0131\u011f\u0131nda d\u00fcz g\u00f6r\u00fcnmelidir.\u00a0Kifoz, omurgan\u0131n \u00f6ne do\u011fru e\u011fildi\u011fi taraftaki omurgada bir e\u011fridir.\u00a0Orta omurgada normal bir kifoz vard\u0131r.\u00a0Lordoz, omurgan\u0131n geriye do\u011fru b\u00fck\u00fcld\u00fc\u011f\u00fc taraftan g\u00f6r\u00fclen bir e\u011fridir.\u00a0\u00dcst (servikal) omurgada ve alt (lomber) omurgada normal bir lordoz vard\u0131r.\u00a0Skolyozlu insanlarda, v\u00fccudun her iki taraf\u0131na e\u011friler ve omurga b\u00fck\u00fclmeleri ile, omurgada bir &#8220;C&#8221; veya bir &#8220;S&#8221; \u015fekli olu\u015fturarak birbirleri \u00fczerinde\u00a0geli\u015firler.[\/vc_column_text][\/vc_column][vc_column width=&#8221;1\/2&#8243;][vc_single_image image=&#8221;2424&#8243; img_size=&#8221;large&#8221; style=&#8221;img-frame-large&#8221; css_animation=&#8221;none&#8221;][vc_column_text]\n<h3><b>Skolyoz belirtileri nelerdir?<\/b><\/h3>\n<p>Skolyozun en s\u0131k g\u00f6r\u00fclen semptomu, omurgan\u0131n anormal bir e\u011frisidir.\u00a0\u00c7o\u011funlukla bu hafif bir de\u011fi\u015fikliktir ve ilk olarak bir arkada\u015f ya da aile \u00fcyesi ya da \u00e7ocu\u011fun okul ya da spor i\u00e7in rutin taramas\u0131 yapmas\u0131yla farkedilebilir.\u00a0Omurgan\u0131n e\u011frisindeki de\u011fi\u015fim tipik olarak \u00e7ok yava\u015f ger\u00e7ekle\u015fir, bu y\u00fczden daha a\u011f\u0131r bir fiziksel deformite olana kadar g\u00f6zden ka\u00e7\u0131r\u0131lmas\u0131 kolayd\u0131r.\u00a0Ayr\u0131ca skolyoz i\u00e7in rutin bir okul tarama muayenesinde de bulunabilir.\u00a0Etkilenenler, giysilerinin daha \u00f6nceki gibi uymad\u0131klar\u0131n\u0131 fark edebilir, pantolon pa\u00e7alar\u0131n\u0131n biri di\u011fer tarafa g\u00f6re daha uzun olabilir. Bunun yan\u0131 s\u0131ra ba\u015f\u0131n orta hattan d\u0131\u015far\u0131 \u00e7\u0131kmas\u0131na, bir tarafa yaslanmas\u0131na veya bir kal\u00e7an\u0131n, omuzun kar\u015f\u0131 taraftan daha y\u00fcksek oldu\u011funu fark etmesine neden olabilir.\u00a0S\u0131rt\u0131n\u0131n, g\u00f6\u011f\u00fcs kafesinin bir taraf\u0131nda omurga ve kaburgalar\u0131n b\u00fck\u00fclmesinden daha belirgin bir e\u011friye sahip olabilir.\u00a0Skolyoz daha \u015fiddetli ise, kalp ve\u00a0akci\u011ferlerin\u00a0d\u00fczg\u00fcn \u00e7al\u0131\u015fmas\u0131 i\u00e7in daha zor hale getirebilir.\u00a0Bu,\u00a0nefes darl\u0131\u011f\u0131na\u00a0ve\u00a0g\u00f6\u011f\u00fcs a\u011fr\u0131s\u0131na\u00a0neden olabilir. \u00c7o\u011fu durumda, skolyoz a\u011fr\u0131l\u0131 de\u011fildir. Ancak\u00a0s\u0131rt a\u011fr\u0131s\u0131, kaburga a\u011fr\u0131s\u0131,\u00a0boyun a\u011fr\u0131s\u0131, kas spazmlar\u0131 ve\u00a0kar\u0131n a\u011fr\u0131s\u0131na\u00a0neden olabilen baz\u0131 skolyoz t\u00fcrleri vard\u0131r.\u00a0Ek olarak, bir doktorun di\u011fer hastal\u0131klar\u0131 d\u0131\u015flamak i\u00e7in de bakmak isteyece\u011fi bu spesifik olmayan a\u011fr\u0131lar\u0131n ba\u015fka nedenleri vard\u0131r. Skolyoz\u2019da fizik tedavi, korse ve ameliyat gibi 3 temel tedavi y\u00f6ntemi bulunmaktad\u0131r. A\u011fr\u0131lar genellikle d\u00fczenli spor ve egzersiz programlar\u0131na cevap verirler, ama e\u011fer art\u0131k cevap al\u0131nam\u0131yorsa ya da g\u00f6r\u00fcn\u00fcmden memnun olmama, hayat\u0131n zorla\u015fmas\u0131 vb. bir durum s\u00f6z konusu ise o zaman cerrahi uygulanmas\u0131 \u00f6nerilir.[\/vc_column_text][\/vc_column][\/vc_row][vc_row curly_padding=&#8221;content-padding-none&#8221;][vc_column curly_padding=&#8221;content-padding-none&#8221;][vc_separator][\/vc_column][\/vc_row][vc_row][vc_column width=&#8221;1\/2&#8243;][vc_column_text]\n<h3><b>Pes Planus nedir?<\/b><\/h3>\n<p>Pes planus yani d\u00fcz tabanl\u0131l\u0131k, aya\u011f\u0131n normalde olmas\u0131 gereken i\u00e7 uzun kavsinin (medial longitudinal ark\u0131n) kaybolarak topu\u011fun d\u0131\u015fa do\u011fru kaymas\u0131 ile karakterize bir ayak deformitesidir. Esnek(fleksible), sert(rijit) ve fizyolojik olmak \u00fczere \u00fc\u00e7 tipi vard\u0131r. Esnek d\u00fcz tabanl\u0131l\u0131kta aya\u011f\u0131n i\u00e7 uzun kavsi(medial longitudinal ark) \u00fczerine a\u011f\u0131rl\u0131k verildi\u011finde ark \u00e7\u00f6kerken, a\u011f\u0131rl\u0131k kald\u0131r\u0131l\u0131nca ark\u0131n kavsi tekrar ortaya \u00e7\u0131kar. Sert d\u00fcz tabanl\u0131l\u0131kta ise a\u011f\u0131rl\u0131k ta\u015f\u0131rken de a\u011f\u0131rl\u0131k ortadan kalkt\u0131\u011f\u0131nda da ark\u0131n \u015fekli de\u011fi\u015fmez ve ark\u0131n y\u00fcksekli\u011fi normalin alt\u0131ndad\u0131r. \u00a0 \u00c7ocuklarda ayak alt\u0131ndaki ya\u011f dokusuna ba\u011fl\u0131 olarak 5-6 ya\u015f\u0131na kadar do\u011fal bir d\u00fcz tabanl\u0131l\u0131k g\u00f6r\u00fcn\u00fcm\u00fc mevcuttur bu da \u00fc\u00e7\u00fcnc\u00fc tipi yani \u00e7ocuklarda fizyolojik d\u00fcz tabanl\u0131l\u0131\u011f\u0131 olu\u015fturur ve 7. ya\u015fa kadar bu g\u00f6r\u00fcn\u00fcm\u00fcn kaybolmas\u0131 gerekmektedir. E\u011fer bu ya\u015flarda aya\u011f\u0131n i\u00e7 uzun kavsi olu\u015fmaya ba\u015flam\u0131yorsa pes planus e\u011filimi oldu\u011funu g\u00f6stermektedir. \u00a0 Yap\u0131lan \u00e7al\u0131\u015fmalara g\u00f6re; pes planus erkeklerde k\u0131zlara g\u00f6re daha fazla g\u00f6r\u00fclm\u00fc\u015ft\u00fcr. Ayr\u0131ca obezler normal kilolulara g\u00f6re, ailesel ge\u00e7mi\u015finde eklem 27 ba\u011flar\u0131nda gev\u015feklik olanlar olmayanlara g\u00f6re daha \u00e7ok pes planus belirtileri g\u00f6stermi\u015ftir. Bunun yan\u0131nda Hint\u2019li ve Kongo\u2019lu \u00e7ocuklarda yap\u0131lan bir ara\u015ft\u0131rmada erken \u00e7ocukluk d\u00f6neminde ayakkab\u0131 giyenler ayakkab\u0131 giymenlere oranla pes planus s\u0131kl\u0131\u011f\u0131 daha fazlad\u0131r.[\/vc_column_text][\/vc_column][vc_column width=&#8221;1\/2&#8243;][vc_column_text]\n<h3><b>TEDAV\u0130<\/b><\/h3>\n<p>\u2022 D\u00fcz tabanl\u0131l\u0131\u011f\u0131n tedavisinde ilk basamak ayakkab\u0131 modifikasyonudur. \u00d6ncelikle geni\u015f burunlu ve al\u00e7ak topuklu aya\u011f\u0131n arklar\u0131n\u0131 destekleyen ortopedik ayakkab\u0131lar\u0131n se\u00e7ilmesi gerekir.<br \/>\n\u2022 Tabanl\u0131k kullan\u0131m\u0131n\u0131n aya\u011f\u0131 d\u00fczeltici veya deformite olu\u015fumunu engelleyici hi\u00e7bir etkisi yoktur. Bu bilimsel olarak kan\u0131tlanm\u0131\u015ft\u0131r.\u00a0 Fakat d\u00fcztabanl\u0131\u011fa ba\u011fl\u0131 a\u011fr\u0131s\u0131 olan bireylerde ki\u015fiye \u00f6zel tabanl\u0131k verilebilir.<br \/>\n\u2022 A\u015fil tendonunu germe tedavinin \u00f6nemli bir par\u00e7as\u0131d\u0131r.<br \/>\n\u2022 D\u00fcz tabanl\u0131l\u0131kta egzersiz ve di\u011fer tedavi y\u00f6ntemleri ark\u0131 y\u00fckseltmez. Bu tedavilerin amac\u0131 a\u011fr\u0131y\u0131 azaltmak ikincil ayak problemlerini \u00f6nlemek, kas &#8211; iskelet ve omurgada ikincil problemlerin olu\u015fmas\u0131n\u0131 engellemektir.<br \/>\n\u2022 Bunlar d\u0131\u015f\u0131nda\u00a0 kinezyolojik bantlama, elektroterapi y\u00f6ntemleri ve fiziktedavide kullan\u0131lan \u00e7e\u015fitli tedavi modaliteleri vard\u0131r.[\/vc_column_text][\/vc_column][\/vc_row]\n<\/div>","protected":false},"excerpt":{"rendered":"<p>[vc_row content_placement=&#8221;middle&#8221;][vc_column][vc_column_text] SKOLYOZ ve POST\u00dcRAL D\u00dcZG\u00dcNL\u00dcK [\/vc_column_text][\/vc_column][\/vc_row][vc_row full_width=&#8221;stretch_row&#8221;][vc_column width=&#8221;1\/2&#8243;][vc_single_image image=&#8221;2423&#8243; img_size=&#8221;large&#8221; style=&#8221;img-frame-large&#8221; css_animation=&#8221;none&#8221;][vc_column_text] G\u00fcnl\u00fck hayatta, herhangi biri ile konu\u015furken, s\u0131rada beklerken ya da i\u015f ya\u015fam\u0131m\u0131zda genellikle birka\u00e7 dakikadan daha uzun s\u00fcre ayakta durmak zorunda kal\u0131r\u0131z. Bu gibi do\u011fal duru\u015flar s\u0131ras\u0131nda, v\u00fccut s\u00fcrekli d\u00fc\u015f\u00fck genlikli, yava\u015f sal\u0131n\u0131ml\u0131 ve t\u00fcm v\u00fccut hareketleri ile karakterize edilen postural de\u011fi\u015fimler g\u00f6stermektedir. V\u00fccut post\u00fcr\u00fc; birka\u00e7 v\u00fccut [&hellip;]<\/p>\n","protected":false},"author":1,"featured_media":0,"parent":2995,"menu_order":0,"comment_status":"closed","ping_status":"closed","template":"","meta":{"inline_featured_image":false,"footnotes":""},"class_list":["post-2422","page","type-page","status-publish","hentry"],"yoast_head":"<!-- This site is optimized with the Yoast SEO plugin v25.7 - https:\/\/yoast.com\/wordpress\/plugins\/seo\/ -->\n<title>SKOLYOZ ve POST\u00dcRAL D\u00dcZG\u00dcNL\u00dcKSKOLYOZ ve POST\u00dcRAL D\u00dcZG\u00dcNL\u00dcKSKOLYOZ ve POST\u00dcRAL D\u00dcZG\u00dcNL\u00dcK<\/title>\n<meta name=\"description\" content=\"Skolyoz, omurga veya omurgada anormal bir e\u011friye neden olan bir bozukluktur. Omurga, yandan bak\u0131ld\u0131\u011f\u0131nda normal e\u011frilere sahiptir, ancak \u00f6nden bak\u0131ld\u0131\u011f\u0131nda d\u00fcz g\u00f6r\u00fcnmelidir.\" \/>\n<meta name=\"robots\" content=\"index, follow, max-snippet:-1, max-image-preview:large, max-video-preview:-1\" \/>\n<link rel=\"canonical\" href=\"https:\/\/www.erdemyorukoglu.com\/tr\/tedaviler\/skolyoz-tedavisi\/\" \/>\n<meta property=\"og:locale\" content=\"tr_TR\" \/>\n<meta property=\"og:locale:alternate\" content=\"en_US\" \/>\n<meta property=\"og:locale:alternate\" content=\"De_GR\" \/>\n<meta property=\"og:type\" content=\"article\" \/>\n<meta property=\"og:title\" content=\"SKOLYOZ ve POST\u00dcRAL D\u00dcZG\u00dcNL\u00dcKSKOLYOZ ve POST\u00dcRAL D\u00dcZG\u00dcNL\u00dcKSKOLYOZ ve POST\u00dcRAL D\u00dcZG\u00dcNL\u00dcK\" \/>\n<meta property=\"og:description\" content=\"Skolyoz, omurga veya omurgada anormal bir e\u011friye neden olan bir bozukluktur. Omurga, yandan bak\u0131ld\u0131\u011f\u0131nda normal e\u011frilere sahiptir, ancak \u00f6nden bak\u0131ld\u0131\u011f\u0131nda d\u00fcz g\u00f6r\u00fcnmelidir.\" \/>\n<meta property=\"og:url\" content=\"https:\/\/www.erdemyorukoglu.com\/tr\/tedaviler\/skolyoz-tedavisi\/\" \/>\n<meta property=\"og:site_name\" content=\"Erdem Y\u00f6r\u00fcko\u011flu \/\/ Manuel Terapi, Fizyoterapist, Ankara\" \/>\n<meta property=\"article:modified_time\" content=\"2025-08-16T14:01:59+00:00\" \/>\n<meta property=\"og:image\" content=\"https:\/\/www.erdemyorukoglu.com\/wp-content\/uploads\/2019\/01\/postural_skolyoz.jpg\" \/>\n\t<meta property=\"og:image:width\" content=\"1640\" \/>\n\t<meta property=\"og:image:height\" content=\"600\" \/>\n\t<meta property=\"og:image:type\" content=\"image\/jpeg\" \/>\n<meta name=\"twitter:card\" content=\"summary_large_image\" \/>\n<meta name=\"twitter:label1\" content=\"Tahmini okuma s\u00fcresi\" \/>\n\t<meta name=\"twitter:data1\" content=\"5 dakika\" \/>\n<script type=\"application\/ld+json\" class=\"yoast-schema-graph\">{\"@context\":\"https:\/\/schema.org\",\"@graph\":[{\"@type\":\"WebPage\",\"@id\":\"https:\/\/www.erdemyorukoglu.com\/tr\/tedaviler\/skolyoz-tedavisi\/\",\"url\":\"https:\/\/www.erdemyorukoglu.com\/tr\/tedaviler\/skolyoz-tedavisi\/\",\"name\":\"SKOLYOZ ve POST\u00dcRAL D\u00dcZG\u00dcNL\u00dcKSKOLYOZ ve POST\u00dcRAL D\u00dcZG\u00dcNL\u00dcKSKOLYOZ ve POST\u00dcRAL D\u00dcZG\u00dcNL\u00dcK\",\"isPartOf\":{\"@id\":\"https:\/\/www.erdemyorukoglu.com\/en\/#website\"},\"datePublished\":\"2018-11-08T21:05:42+00:00\",\"dateModified\":\"2025-08-16T14:01:59+00:00\",\"description\":\"Skolyoz, omurga veya omurgada anormal bir e\u011friye neden olan bir bozukluktur. Omurga, yandan bak\u0131ld\u0131\u011f\u0131nda normal e\u011frilere sahiptir, ancak \u00f6nden bak\u0131ld\u0131\u011f\u0131nda d\u00fcz g\u00f6r\u00fcnmelidir.\",\"breadcrumb\":{\"@id\":\"https:\/\/www.erdemyorukoglu.com\/tr\/tedaviler\/skolyoz-tedavisi\/#breadcrumb\"},\"inLanguage\":\"tr-TR\",\"potentialAction\":[{\"@type\":\"ReadAction\",\"target\":[\"https:\/\/www.erdemyorukoglu.com\/tr\/tedaviler\/skolyoz-tedavisi\/\"]}]},{\"@type\":\"BreadcrumbList\",\"@id\":\"https:\/\/www.erdemyorukoglu.com\/tr\/tedaviler\/skolyoz-tedavisi\/#breadcrumb\",\"itemListElement\":[{\"@type\":\"ListItem\",\"position\":1,\"name\":\"MANUEL TERAP\u0130 ANKARA %%sep%% %%sitename%%\",\"item\":\"https:\/\/www.erdemyorukoglu.com\/de\/\"},{\"@type\":\"ListItem\",\"position\":2,\"name\":\"TEDAV\u0130LER\",\"item\":\"https:\/\/www.erdemyorukoglu.com\/en\/tedaviler\/\"},{\"@type\":\"ListItem\",\"position\":3,\"name\":\"SKOLYOZ ve POST\u00dcRAL D\u00dcZG\u00dcNL\u00dcK\"}]},{\"@type\":\"WebSite\",\"@id\":\"https:\/\/www.erdemyorukoglu.com\/en\/#website\",\"url\":\"https:\/\/www.erdemyorukoglu.com\/en\/\",\"name\":\"Erdem Y\u00f6r\u00fcko\u011flu \/\/ Manuel Terapi, Fizyoterapist, Ankara\",\"description\":\"Manuel Terapi, Kayropraktik, Fizyoterapi, Bel ve Boyun F\u0131t\u0131\u011f\u0131, Lenf\u00f6dem Tedavisi, Gyrotonic, Skolyoz, Ankara\",\"publisher\":{\"@id\":\"https:\/\/www.erdemyorukoglu.com\/en\/#\/schema\/person\/854314645f5beb1ce61d3d55971d52e1\"},\"potentialAction\":[{\"@type\":\"SearchAction\",\"target\":{\"@type\":\"EntryPoint\",\"urlTemplate\":\"https:\/\/www.erdemyorukoglu.com\/en\/?s={search_term_string}\"},\"query-input\":{\"@type\":\"PropertyValueSpecification\",\"valueRequired\":true,\"valueName\":\"search_term_string\"}}],\"inLanguage\":\"tr-TR\"},{\"@type\":[\"Person\",\"Organization\"],\"@id\":\"https:\/\/www.erdemyorukoglu.com\/en\/#\/schema\/person\/854314645f5beb1ce61d3d55971d52e1\",\"name\":\"Erdem Y\u00f6r\u00fcko\u011flu\",\"image\":{\"@type\":\"ImageObject\",\"inLanguage\":\"tr-TR\",\"@id\":\"https:\/\/www.erdemyorukoglu.com\/en\/#\/schema\/person\/image\/\",\"url\":\"https:\/\/www.erdemyorukoglu.com\/wp-content\/uploads\/2018\/11\/fav-icon-1.png\",\"contentUrl\":\"https:\/\/www.erdemyorukoglu.com\/wp-content\/uploads\/2018\/11\/fav-icon-1.png\",\"width\":512,\"height\":512,\"caption\":\"Erdem Y\u00f6r\u00fcko\u011flu\"},\"logo\":{\"@id\":\"https:\/\/www.erdemyorukoglu.com\/en\/#\/schema\/person\/image\/\"}}]}<\/script>\n<!-- \/ Yoast SEO plugin. -->","yoast_head_json":{"title":"SKOLYOZ ve POST\u00dcRAL D\u00dcZG\u00dcNL\u00dcKSKOLYOZ ve POST\u00dcRAL D\u00dcZG\u00dcNL\u00dcKSKOLYOZ ve POST\u00dcRAL D\u00dcZG\u00dcNL\u00dcK","description":"Skolyoz, omurga veya omurgada anormal bir e\u011friye neden olan bir bozukluktur. Omurga, yandan bak\u0131ld\u0131\u011f\u0131nda normal e\u011frilere sahiptir, ancak \u00f6nden bak\u0131ld\u0131\u011f\u0131nda d\u00fcz g\u00f6r\u00fcnmelidir.","robots":{"index":"index","follow":"follow","max-snippet":"max-snippet:-1","max-image-preview":"max-image-preview:large","max-video-preview":"max-video-preview:-1"},"canonical":"https:\/\/www.erdemyorukoglu.com\/tr\/tedaviler\/skolyoz-tedavisi\/","og_locale":"tr_TR","og_type":"article","og_title":"[:tr][:tr]SKOLYOZ ve POST\u00dcRAL D\u00dcZG\u00dcNL\u00dcK[:en]SCOLIOSIS AND POSTURAL ALIGNMENT[:de]SKOL\u0130OSE UND K\u00d6RPERHALTUNG[:] - Erdem Y\u00f6r\u00fcko\u011flu \/\/ Manuel Terapi, Fizyoterapist, Ankara[:en][:tr]SKOLYOZ ve POST\u00dcRAL D\u00dcZG\u00dcNL\u00dcK[:en]SCOLIOSIS AND POSTURAL ALIGNMENT[:de]SKOL\u0130OSE UND K\u00d6RPERHALTUNG[:] - Erdem Y\u00f6r\u00fcko\u011flu \/\/ Manuel Terapi, Fizyoterapist, Ankara[:de]Erdem Y\u00f6r\u00fcko\u011flu \/\/ Manuel Terapi, Fizyoterapist, Ankara - [:tr]SKOLYOZ ve POST\u00dcRAL D\u00dcZG\u00dcNL\u00dcK[:en]SCOLIOSIS AND POSTURAL ALIGNMENT[:de]SKOL\u0130OSE UND K\u00d6RPERHALTUNG[:][:]","og_description":"[:tr]Skolyoz, omurga veya omurgada anormal bir e\u011friye neden olan bir bozukluktur. Omurga, yandan bak\u0131ld\u0131\u011f\u0131nda normal e\u011frilere sahiptir, ancak \u00f6nden bak\u0131ld\u0131\u011f\u0131nda d\u00fcz g\u00f6r\u00fcnmelidir.[:]","og_url":"https:\/\/www.erdemyorukoglu.com\/tr\/tedaviler\/skolyoz-tedavisi\/","og_site_name":"Erdem Y\u00f6r\u00fcko\u011flu \/\/ Manuel Terapi, Fizyoterapist, Ankara","article_modified_time":"2025-08-16T14:01:59+00:00","og_image":[{"width":1640,"height":600,"url":"https:\/\/www.erdemyorukoglu.com\/wp-content\/uploads\/2019\/01\/postural_skolyoz.jpg","type":"image\/jpeg"}],"twitter_card":"summary_large_image","twitter_misc":{"Tahmini okuma s\u00fcresi":"5 dakika"},"schema":{"@context":"https:\/\/schema.org","@graph":[{"@type":"WebPage","@id":"https:\/\/www.erdemyorukoglu.com\/tr\/tedaviler\/skolyoz-tedavisi\/","url":"https:\/\/www.erdemyorukoglu.com\/tr\/tedaviler\/skolyoz-tedavisi\/","name":"SKOLYOZ ve POST\u00dcRAL D\u00dcZG\u00dcNL\u00dcKSKOLYOZ ve POST\u00dcRAL D\u00dcZG\u00dcNL\u00dcKSKOLYOZ ve POST\u00dcRAL D\u00dcZG\u00dcNL\u00dcK","isPartOf":{"@id":"https:\/\/www.erdemyorukoglu.com\/en\/#website"},"datePublished":"2018-11-08T21:05:42+00:00","dateModified":"2025-08-16T14:01:59+00:00","description":"Skolyoz, omurga veya omurgada anormal bir e\u011friye neden olan bir bozukluktur. Omurga, yandan bak\u0131ld\u0131\u011f\u0131nda normal e\u011frilere sahiptir, ancak \u00f6nden bak\u0131ld\u0131\u011f\u0131nda d\u00fcz g\u00f6r\u00fcnmelidir.","breadcrumb":{"@id":"https:\/\/www.erdemyorukoglu.com\/tr\/tedaviler\/skolyoz-tedavisi\/#breadcrumb"},"inLanguage":"tr-TR","potentialAction":[{"@type":"ReadAction","target":["https:\/\/www.erdemyorukoglu.com\/tr\/tedaviler\/skolyoz-tedavisi\/"]}]},{"@type":"BreadcrumbList","@id":"https:\/\/www.erdemyorukoglu.com\/tr\/tedaviler\/skolyoz-tedavisi\/#breadcrumb","itemListElement":[{"@type":"ListItem","position":1,"name":"MANUEL TERAP\u0130 ANKARA %%sep%% %%sitename%%","item":"https:\/\/www.erdemyorukoglu.com\/de\/"},{"@type":"ListItem","position":2,"name":"TEDAV\u0130LER","item":"https:\/\/www.erdemyorukoglu.com\/en\/tedaviler\/"},{"@type":"ListItem","position":3,"name":"SKOLYOZ ve POST\u00dcRAL D\u00dcZG\u00dcNL\u00dcK"}]},{"@type":"WebSite","@id":"https:\/\/www.erdemyorukoglu.com\/en\/#website","url":"https:\/\/www.erdemyorukoglu.com\/en\/","name":"Erdem Y\u00f6r\u00fcko\u011flu \/\/ Manuel Terapi, Fizyoterapist, Ankara","description":"Manuel Terapi, Kayropraktik, Fizyoterapi, Bel ve Boyun F\u0131t\u0131\u011f\u0131, Lenf\u00f6dem Tedavisi, Gyrotonic, Skolyoz, Ankara","publisher":{"@id":"https:\/\/www.erdemyorukoglu.com\/en\/#\/schema\/person\/854314645f5beb1ce61d3d55971d52e1"},"potentialAction":[{"@type":"SearchAction","target":{"@type":"EntryPoint","urlTemplate":"https:\/\/www.erdemyorukoglu.com\/en\/?s={search_term_string}"},"query-input":{"@type":"PropertyValueSpecification","valueRequired":true,"valueName":"search_term_string"}}],"inLanguage":"tr-TR"},{"@type":["Person","Organization"],"@id":"https:\/\/www.erdemyorukoglu.com\/en\/#\/schema\/person\/854314645f5beb1ce61d3d55971d52e1","name":"Erdem Y\u00f6r\u00fcko\u011flu","image":{"@type":"ImageObject","inLanguage":"tr-TR","@id":"https:\/\/www.erdemyorukoglu.com\/en\/#\/schema\/person\/image\/","url":"https:\/\/www.erdemyorukoglu.com\/wp-content\/uploads\/2018\/11\/fav-icon-1.png","contentUrl":"https:\/\/www.erdemyorukoglu.com\/wp-content\/uploads\/2018\/11\/fav-icon-1.png","width":512,"height":512,"caption":"Erdem Y\u00f6r\u00fcko\u011flu"},"logo":{"@id":"https:\/\/www.erdemyorukoglu.com\/en\/#\/schema\/person\/image\/"}}]}},"_links":{"self":[{"href":"https:\/\/www.erdemyorukoglu.com\/tr\/wp-json\/wp\/v2\/pages\/2422","targetHints":{"allow":["GET"]}}],"collection":[{"href":"https:\/\/www.erdemyorukoglu.com\/tr\/wp-json\/wp\/v2\/pages"}],"about":[{"href":"https:\/\/www.erdemyorukoglu.com\/tr\/wp-json\/wp\/v2\/types\/page"}],"author":[{"embeddable":true,"href":"https:\/\/www.erdemyorukoglu.com\/tr\/wp-json\/wp\/v2\/users\/1"}],"replies":[{"embeddable":true,"href":"https:\/\/www.erdemyorukoglu.com\/tr\/wp-json\/wp\/v2\/comments?post=2422"}],"version-history":[{"count":24,"href":"https:\/\/www.erdemyorukoglu.com\/tr\/wp-json\/wp\/v2\/pages\/2422\/revisions"}],"predecessor-version":[{"id":4071,"href":"https:\/\/www.erdemyorukoglu.com\/tr\/wp-json\/wp\/v2\/pages\/2422\/revisions\/4071"}],"up":[{"embeddable":true,"href":"https:\/\/www.erdemyorukoglu.com\/tr\/wp-json\/wp\/v2\/pages\/2995"}],"wp:attachment":[{"href":"https:\/\/www.erdemyorukoglu.com\/tr\/wp-json\/wp\/v2\/media?parent=2422"}],"curies":[{"name":"wp","href":"https:\/\/api.w.org\/{rel}","templated":true}]}}