{"id":2970,"date":"2018-12-08T10:03:44","date_gmt":"2018-12-08T07:03:44","guid":{"rendered":"https:\/\/www.erdemyorukoglu.com\/?page_id=2970"},"modified":"2025-08-16T16:46:24","modified_gmt":"2025-08-16T13:46:24","slug":"bel-ve-boyun-fitigi","status":"publish","type":"page","link":"https:\/\/www.erdemyorukoglu.com\/tr\/tedaviler\/bel-ve-boyun-fitigi\/","title":{"rendered":"BEL ve BOYUN FITI\u011eI"},"content":{"rendered":"<div class=\"wpb-content-wrapper\">[vc_row content_placement=&#8221;middle&#8221;][vc_column][vc_column_text]\n<h1 style=\"text-align: center;\">BEL ve BOYUN FITI\u011eI<\/h1>\n[\/vc_column_text][\/vc_column][\/vc_row][vc_row content_placement=&#8221;middle&#8221;][vc_column width=&#8221;1\/2&#8243;][vc_single_image image=&#8221;2988&#8243; img_size=&#8221;large&#8221; el_class=&#8221;img-frame-large&#8221;][\/vc_column][vc_column width=&#8221;1\/2&#8243;][vc_column_text curly_padding_side=&#8221;content-side-padding-xxl&#8221;]\n<p class=\"text text-42\">Boynumuzda 7 belimizde ise 5 adet omurga kemi\u011fi vard\u0131r. Bu kemikler aras\u0131nda da disk ad\u0131 verilen k\u0131k\u0131rdak yap\u0131lar mevcuttur. Diskler omurgan\u0131n hareketlili\u011fine katk\u0131da bulundu\u011fu gibi omurga \u00fczerine binen y\u00fcklerin dengeli bir \u015fekilde da\u011f\u0131lmas\u0131na yard\u0131mc\u0131 olur. Boyun ve bel f\u0131t\u0131klar\u0131 adeta bir amortis\u00f6r gibi g\u00f6rev yapan bu disklerin bozulmas\u0131 ve ta\u015fmas\u0131 sonucu ortaya \u00e7\u0131kan hastal\u0131klard\u0131r.<\/p>\n[\/vc_column_text][vc_column_text curly_padding_side=&#8221;content-side-padding-xxl&#8221;]\n<h3><strong>Bel ve Boyun F\u0131t\u0131klar\u0131 Nas\u0131l Tedavi Edilir?<\/strong><\/h3>\n<p>Bel ve boyun f\u0131t\u0131klar\u0131n\u0131 b\u00fcy\u00fck bir \u00e7o\u011funlu\u011fu cerrahi giri\u015fim gerekmeksizin tedavi edilebilir. \u00c7ok az hasta \u00f6zellikle fel\u00e7 bulgular\u0131 olan hastada ise cerrahi operasyonlar tedavide yer almaktad\u0131r. Cerrahi olmayan tedavi y\u00f6ntemleri aras\u0131nda ila\u00e7 tedavileri,\u00a0fizik tedavi\u00a0uygulamalar\u0131 (s\u0131cak uygulamalar, elektrik ak\u0131mlar\u0131, ultrasound uygulamalar\u0131, lazer vb), lokal enjeksiyonlar, manip\u00fclasyon uygulamalar\u0131, egzersiz fizyoterapisi en s\u0131k kullan\u0131lan tedavi se\u00e7enekleridir.[\/vc_column_text][\/vc_column][\/vc_row]\n<\/div>","protected":false},"excerpt":{"rendered":"<p>[vc_row content_placement=&#8221;middle&#8221;][vc_column][vc_column_text] BEL ve BOYUN FITI\u011eI [\/vc_column_text][\/vc_column][\/vc_row][vc_row content_placement=&#8221;middle&#8221;][vc_column width=&#8221;1\/2&#8243;][vc_single_image image=&#8221;2988&#8243; img_size=&#8221;large&#8221; el_class=&#8221;img-frame-large&#8221;][\/vc_column][vc_column width=&#8221;1\/2&#8243;][vc_column_text curly_padding_side=&#8221;content-side-padding-xxl&#8221;] Boynumuzda 7 belimizde ise 5 adet omurga kemi\u011fi vard\u0131r. Bu kemikler aras\u0131nda da disk ad\u0131 verilen k\u0131k\u0131rdak yap\u0131lar mevcuttur. Diskler omurgan\u0131n hareketlili\u011fine katk\u0131da bulundu\u011fu gibi omurga \u00fczerine binen y\u00fcklerin dengeli bir \u015fekilde da\u011f\u0131lmas\u0131na yard\u0131mc\u0131 olur. Boyun ve bel f\u0131t\u0131klar\u0131 adeta bir amortis\u00f6r gibi g\u00f6rev yapan bu [&hellip;]<\/p>\n","protected":false},"author":1,"featured_media":0,"parent":2995,"menu_order":0,"comment_status":"closed","ping_status":"closed","template":"","meta":{"inline_featured_image":false,"footnotes":""},"class_list":["post-2970","page","type-page","status-publish","hentry"],"yoast_head":"<!-- This site is optimized with the Yoast SEO plugin v25.7 - https:\/\/yoast.com\/wordpress\/plugins\/seo\/ -->\n<title>BEL ve BOYUN FITI\u011eIBEL ve BOYUN FITI\u011eIBEL ve BOYUN FITI\u011eI<\/title>\n<meta name=\"description\" content=\"Bel ve boyun f\u0131t\u0131\u011f\u0131 ilerlemeden tedavi edilmelidir. Bel f\u0131t\u0131\u011f\u0131; iki omurga aras\u0131ndaki bir disk yerinden \u00e7\u0131kmaya ba\u015flamas\u0131, \u00e7evredeki sinirleri tahri\u015f etmesi ile a\u015f\u0131r\u0131 a\u011fr\u0131ya neden olabilir.\" \/>\n<meta name=\"robots\" content=\"index, follow, max-snippet:-1, max-image-preview:large, max-video-preview:-1\" \/>\n<link rel=\"canonical\" href=\"https:\/\/www.erdemyorukoglu.com\/tr\/tedaviler\/bel-ve-boyun-fitigi\/\" \/>\n<meta property=\"og:locale\" content=\"tr_TR\" \/>\n<meta property=\"og:locale:alternate\" content=\"en_US\" \/>\n<meta property=\"og:locale:alternate\" content=\"De_GR\" \/>\n<meta property=\"og:type\" content=\"article\" \/>\n<meta property=\"og:title\" content=\"BEL ve BOYUN FITI\u011eIBEL ve BOYUN FITI\u011eIBEL ve BOYUN FITI\u011eI\" \/>\n<meta property=\"og:description\" content=\"Bel ve boyun f\u0131t\u0131\u011f\u0131 ilerlemeden tedavi edilmelidir. Bel f\u0131t\u0131\u011f\u0131; iki omurga aras\u0131ndaki bir disk yerinden \u00e7\u0131kmaya ba\u015flamas\u0131, \u00e7evredeki sinirleri tahri\u015f etmesi ile a\u015f\u0131r\u0131 a\u011fr\u0131ya neden olabilir.\" \/>\n<meta property=\"og:url\" content=\"https:\/\/www.erdemyorukoglu.com\/tr\/tedaviler\/bel-ve-boyun-fitigi\/\" \/>\n<meta property=\"og:site_name\" content=\"Erdem Y\u00f6r\u00fcko\u011flu \/\/ Manuel Terapi, Fizyoterapist, Ankara\" \/>\n<meta property=\"article:modified_time\" content=\"2025-08-16T13:46:24+00:00\" \/>\n<meta property=\"og:image\" content=\"https:\/\/www.erdemyorukoglu.com\/wp-content\/uploads\/2019\/01\/bel_boyun_fitigi.jpg\" \/>\n\t<meta property=\"og:image:width\" content=\"1640\" \/>\n\t<meta property=\"og:image:height\" content=\"600\" \/>\n\t<meta property=\"og:image:type\" content=\"image\/jpeg\" \/>\n<meta name=\"twitter:card\" content=\"summary_large_image\" \/>\n<meta name=\"twitter:label1\" content=\"Tahmini okuma s\u00fcresi\" \/>\n\t<meta name=\"twitter:data1\" content=\"1 dakika\" \/>\n<script type=\"application\/ld+json\" class=\"yoast-schema-graph\">{\"@context\":\"https:\/\/schema.org\",\"@graph\":[{\"@type\":\"WebPage\",\"@id\":\"https:\/\/www.erdemyorukoglu.com\/tr\/tedaviler\/bel-ve-boyun-fitigi\/\",\"url\":\"https:\/\/www.erdemyorukoglu.com\/tr\/tedaviler\/bel-ve-boyun-fitigi\/\",\"name\":\"BEL ve BOYUN FITI\u011eIBEL ve BOYUN FITI\u011eIBEL ve BOYUN FITI\u011eI\",\"isPartOf\":{\"@id\":\"https:\/\/www.erdemyorukoglu.com\/en\/#website\"},\"datePublished\":\"2018-12-08T07:03:44+00:00\",\"dateModified\":\"2025-08-16T13:46:24+00:00\",\"description\":\"Bel ve boyun f\u0131t\u0131\u011f\u0131 ilerlemeden tedavi edilmelidir. Bel f\u0131t\u0131\u011f\u0131; iki omurga aras\u0131ndaki bir disk yerinden \u00e7\u0131kmaya ba\u015flamas\u0131, \u00e7evredeki sinirleri tahri\u015f etmesi ile a\u015f\u0131r\u0131 a\u011fr\u0131ya neden olabilir.\",\"breadcrumb\":{\"@id\":\"https:\/\/www.erdemyorukoglu.com\/tr\/tedaviler\/bel-ve-boyun-fitigi\/#breadcrumb\"},\"inLanguage\":\"tr-TR\",\"potentialAction\":[{\"@type\":\"ReadAction\",\"target\":[\"https:\/\/www.erdemyorukoglu.com\/tr\/tedaviler\/bel-ve-boyun-fitigi\/\"]}]},{\"@type\":\"BreadcrumbList\",\"@id\":\"https:\/\/www.erdemyorukoglu.com\/tr\/tedaviler\/bel-ve-boyun-fitigi\/#breadcrumb\",\"itemListElement\":[{\"@type\":\"ListItem\",\"position\":1,\"name\":\"MANUEL TERAP\u0130 ANKARA %%sep%% %%sitename%%\",\"item\":\"https:\/\/www.erdemyorukoglu.com\/de\/\"},{\"@type\":\"ListItem\",\"position\":2,\"name\":\"TEDAV\u0130LER\",\"item\":\"https:\/\/www.erdemyorukoglu.com\/en\/tedaviler\/\"},{\"@type\":\"ListItem\",\"position\":3,\"name\":\"BEL ve BOYUN FITI\u011eI\"}]},{\"@type\":\"WebSite\",\"@id\":\"https:\/\/www.erdemyorukoglu.com\/en\/#website\",\"url\":\"https:\/\/www.erdemyorukoglu.com\/en\/\",\"name\":\"Erdem Y\u00f6r\u00fcko\u011flu \/\/ Manuel Terapi, Fizyoterapist, Ankara\",\"description\":\"Manuel Terapi, Kayropraktik, Fizyoterapi, Bel ve Boyun F\u0131t\u0131\u011f\u0131, Lenf\u00f6dem Tedavisi, Gyrotonic, Skolyoz, Ankara\",\"publisher\":{\"@id\":\"https:\/\/www.erdemyorukoglu.com\/en\/#\/schema\/person\/854314645f5beb1ce61d3d55971d52e1\"},\"potentialAction\":[{\"@type\":\"SearchAction\",\"target\":{\"@type\":\"EntryPoint\",\"urlTemplate\":\"https:\/\/www.erdemyorukoglu.com\/en\/?s={search_term_string}\"},\"query-input\":{\"@type\":\"PropertyValueSpecification\",\"valueRequired\":true,\"valueName\":\"search_term_string\"}}],\"inLanguage\":\"tr-TR\"},{\"@type\":[\"Person\",\"Organization\"],\"@id\":\"https:\/\/www.erdemyorukoglu.com\/en\/#\/schema\/person\/854314645f5beb1ce61d3d55971d52e1\",\"name\":\"Erdem Y\u00f6r\u00fcko\u011flu\",\"image\":{\"@type\":\"ImageObject\",\"inLanguage\":\"tr-TR\",\"@id\":\"https:\/\/www.erdemyorukoglu.com\/en\/#\/schema\/person\/image\/\",\"url\":\"https:\/\/www.erdemyorukoglu.com\/wp-content\/uploads\/2018\/11\/fav-icon-1.png\",\"contentUrl\":\"https:\/\/www.erdemyorukoglu.com\/wp-content\/uploads\/2018\/11\/fav-icon-1.png\",\"width\":512,\"height\":512,\"caption\":\"Erdem Y\u00f6r\u00fcko\u011flu\"},\"logo\":{\"@id\":\"https:\/\/www.erdemyorukoglu.com\/en\/#\/schema\/person\/image\/\"}}]}<\/script>\n<!-- \/ Yoast SEO plugin. -->","yoast_head_json":{"title":"BEL ve BOYUN FITI\u011eIBEL ve BOYUN FITI\u011eIBEL ve BOYUN FITI\u011eI","description":"Bel ve boyun f\u0131t\u0131\u011f\u0131 ilerlemeden tedavi edilmelidir. Bel f\u0131t\u0131\u011f\u0131; iki omurga aras\u0131ndaki bir disk yerinden \u00e7\u0131kmaya ba\u015flamas\u0131, \u00e7evredeki sinirleri tahri\u015f etmesi ile a\u015f\u0131r\u0131 a\u011fr\u0131ya neden olabilir.","robots":{"index":"index","follow":"follow","max-snippet":"max-snippet:-1","max-image-preview":"max-image-preview:large","max-video-preview":"max-video-preview:-1"},"canonical":"https:\/\/www.erdemyorukoglu.com\/tr\/tedaviler\/bel-ve-boyun-fitigi\/","og_locale":"tr_TR","og_type":"article","og_title":"[:tr][:tr]BEL ve BOYUN FITI\u011eI[:en]LUMBAR AND NECK HERNIA[:de]LENDEN- UND HALSHERN\u0130E[:] - Erdem Y\u00f6r\u00fcko\u011flu \/\/ Manuel Terapi, Fizyoterapist, Ankara[:en][:tr]BEL ve BOYUN FITI\u011eI[:en]LUMBAR AND NECK HERNIA[:de]LENDEN- UND HALSHERN\u0130E[:] - Erdem Y\u00f6r\u00fcko\u011flu \/\/ Manuel Terapi, Fizyoterapist, Ankara[:de]Erdem Y\u00f6r\u00fcko\u011flu \/\/ Manuel Terapi, Fizyoterapist, Ankara - [:tr]BEL ve BOYUN FITI\u011eI[:en]LUMBAR AND NECK HERNIA[:de]LENDEN- UND HALSHERN\u0130E[:][:]","og_description":"[:tr]Bel ve boyun f\u0131t\u0131\u011f\u0131 ilerlemeden tedavi edilmelidir. Bel f\u0131t\u0131\u011f\u0131; iki omurga aras\u0131ndaki bir disk yerinden \u00e7\u0131kmaya ba\u015flamas\u0131, \u00e7evredeki sinirleri tahri\u015f etmesi ile a\u015f\u0131r\u0131 a\u011fr\u0131ya neden olabilir.[:]","og_url":"https:\/\/www.erdemyorukoglu.com\/tr\/tedaviler\/bel-ve-boyun-fitigi\/","og_site_name":"Erdem Y\u00f6r\u00fcko\u011flu \/\/ Manuel Terapi, Fizyoterapist, Ankara","article_modified_time":"2025-08-16T13:46:24+00:00","og_image":[{"width":1640,"height":600,"url":"https:\/\/www.erdemyorukoglu.com\/wp-content\/uploads\/2019\/01\/bel_boyun_fitigi.jpg","type":"image\/jpeg"}],"twitter_card":"summary_large_image","twitter_misc":{"Tahmini okuma s\u00fcresi":"1 dakika"},"schema":{"@context":"https:\/\/schema.org","@graph":[{"@type":"WebPage","@id":"https:\/\/www.erdemyorukoglu.com\/tr\/tedaviler\/bel-ve-boyun-fitigi\/","url":"https:\/\/www.erdemyorukoglu.com\/tr\/tedaviler\/bel-ve-boyun-fitigi\/","name":"BEL ve BOYUN FITI\u011eIBEL ve BOYUN FITI\u011eIBEL ve BOYUN FITI\u011eI","isPartOf":{"@id":"https:\/\/www.erdemyorukoglu.com\/en\/#website"},"datePublished":"2018-12-08T07:03:44+00:00","dateModified":"2025-08-16T13:46:24+00:00","description":"Bel ve boyun f\u0131t\u0131\u011f\u0131 ilerlemeden tedavi edilmelidir. Bel f\u0131t\u0131\u011f\u0131; iki omurga aras\u0131ndaki bir disk yerinden \u00e7\u0131kmaya ba\u015flamas\u0131, \u00e7evredeki sinirleri tahri\u015f etmesi ile a\u015f\u0131r\u0131 a\u011fr\u0131ya neden olabilir.","breadcrumb":{"@id":"https:\/\/www.erdemyorukoglu.com\/tr\/tedaviler\/bel-ve-boyun-fitigi\/#breadcrumb"},"inLanguage":"tr-TR","potentialAction":[{"@type":"ReadAction","target":["https:\/\/www.erdemyorukoglu.com\/tr\/tedaviler\/bel-ve-boyun-fitigi\/"]}]},{"@type":"BreadcrumbList","@id":"https:\/\/www.erdemyorukoglu.com\/tr\/tedaviler\/bel-ve-boyun-fitigi\/#breadcrumb","itemListElement":[{"@type":"ListItem","position":1,"name":"MANUEL TERAP\u0130 ANKARA %%sep%% %%sitename%%","item":"https:\/\/www.erdemyorukoglu.com\/de\/"},{"@type":"ListItem","position":2,"name":"TEDAV\u0130LER","item":"https:\/\/www.erdemyorukoglu.com\/en\/tedaviler\/"},{"@type":"ListItem","position":3,"name":"BEL ve BOYUN FITI\u011eI"}]},{"@type":"WebSite","@id":"https:\/\/www.erdemyorukoglu.com\/en\/#website","url":"https:\/\/www.erdemyorukoglu.com\/en\/","name":"Erdem Y\u00f6r\u00fcko\u011flu \/\/ Manuel Terapi, Fizyoterapist, Ankara","description":"Manuel Terapi, Kayropraktik, Fizyoterapi, Bel ve Boyun F\u0131t\u0131\u011f\u0131, Lenf\u00f6dem Tedavisi, Gyrotonic, Skolyoz, Ankara","publisher":{"@id":"https:\/\/www.erdemyorukoglu.com\/en\/#\/schema\/person\/854314645f5beb1ce61d3d55971d52e1"},"potentialAction":[{"@type":"SearchAction","target":{"@type":"EntryPoint","urlTemplate":"https:\/\/www.erdemyorukoglu.com\/en\/?s={search_term_string}"},"query-input":{"@type":"PropertyValueSpecification","valueRequired":true,"valueName":"search_term_string"}}],"inLanguage":"tr-TR"},{"@type":["Person","Organization"],"@id":"https:\/\/www.erdemyorukoglu.com\/en\/#\/schema\/person\/854314645f5beb1ce61d3d55971d52e1","name":"Erdem Y\u00f6r\u00fcko\u011flu","image":{"@type":"ImageObject","inLanguage":"tr-TR","@id":"https:\/\/www.erdemyorukoglu.com\/en\/#\/schema\/person\/image\/","url":"https:\/\/www.erdemyorukoglu.com\/wp-content\/uploads\/2018\/11\/fav-icon-1.png","contentUrl":"https:\/\/www.erdemyorukoglu.com\/wp-content\/uploads\/2018\/11\/fav-icon-1.png","width":512,"height":512,"caption":"Erdem Y\u00f6r\u00fcko\u011flu"},"logo":{"@id":"https:\/\/www.erdemyorukoglu.com\/en\/#\/schema\/person\/image\/"}}]}},"_links":{"self":[{"href":"https:\/\/www.erdemyorukoglu.com\/tr\/wp-json\/wp\/v2\/pages\/2970","targetHints":{"allow":["GET"]}}],"collection":[{"href":"https:\/\/www.erdemyorukoglu.com\/tr\/wp-json\/wp\/v2\/pages"}],"about":[{"href":"https:\/\/www.erdemyorukoglu.com\/tr\/wp-json\/wp\/v2\/types\/page"}],"author":[{"embeddable":true,"href":"https:\/\/www.erdemyorukoglu.com\/tr\/wp-json\/wp\/v2\/users\/1"}],"replies":[{"embeddable":true,"href":"https:\/\/www.erdemyorukoglu.com\/tr\/wp-json\/wp\/v2\/comments?post=2970"}],"version-history":[{"count":29,"href":"https:\/\/www.erdemyorukoglu.com\/tr\/wp-json\/wp\/v2\/pages\/2970\/revisions"}],"predecessor-version":[{"id":4059,"href":"https:\/\/www.erdemyorukoglu.com\/tr\/wp-json\/wp\/v2\/pages\/2970\/revisions\/4059"}],"up":[{"embeddable":true,"href":"https:\/\/www.erdemyorukoglu.com\/tr\/wp-json\/wp\/v2\/pages\/2995"}],"wp:attachment":[{"href":"https:\/\/www.erdemyorukoglu.com\/tr\/wp-json\/wp\/v2\/media?parent=2970"}],"curies":[{"name":"wp","href":"https:\/\/api.w.org\/{rel}","templated":true}]}}