{"id":2995,"date":"2018-12-08T10:14:07","date_gmt":"2018-12-08T07:14:07","guid":{"rendered":"https:\/\/www.erdemyorukoglu.com\/?page_id=2995"},"modified":"2019-08-18T21:33:58","modified_gmt":"2019-08-18T18:33:58","slug":"tedaviler","status":"publish","type":"page","link":"https:\/\/www.erdemyorukoglu.com\/tr\/tedaviler\/","title":{"rendered":"TEDAV\u0130LER"},"content":{"rendered":"<div class=\"wpb-content-wrapper\">[vc_row full_width=&#8221;stretch_row&#8221; equal_height=&#8221;yes&#8221; content_placement=&#8221;middle&#8221; curly_padding=&#8221;content-padding-lg&#8221; css=&#8221;.vc_custom_1546720224954{border-bottom-width: 1px !important;border-bottom-color: #f4f4f4 !important;border-bottom-style: solid !important;}&#8221;][vc_column width=&#8221;1\/3&#8243;][vc_column_text curly_padding_side=&#8221;content-side-padding-xxl&#8221;]\n<h2><strong>BEL A\u011eRISI<\/strong><\/h2>\n<p>Bel a\u011fr\u0131s\u0131, d\u00fcnyada ba\u015f a\u011fr\u0131s\u0131ndan sonra en s\u0131k g\u00f6r\u00fclen a\u011fr\u0131 tipi olarak ki\u015finin i\u015f ve sosyal ya\u015fam\u0131n\u0131 alt\u00fcst etti\u011fi kadar \u00f6nemli sa\u011fl\u0131k sorunlar\u0131na i\u015faret etmesi bak\u0131m\u0131ndan da \u00f6nemsenmelidir.[\/vc_column_text][vc_empty_space height=&#8221;.5rem&#8221;][vc_column_text]<strong><a class=\"btn btn-primary btn-sm\" href=\"https:\/\/www.erdemyorukoglu.com\/tedaviler\/bel-agrisi\/\">DETAYLI \u0130NCELE<\/a><\/strong>[\/vc_column_text][\/vc_column][vc_column width=&#8221;1\/2&#8243; offset=&#8221;vc_col-sm-offset-2&#8243;][vc_single_image image=&#8221;3083&#8243; img_size=&#8221;large&#8221; alignment=&#8221;right&#8221; css=&#8221;.vc_custom_1546716992010{margin-bottom: 0px !important;}&#8221; el_class=&#8221;img-frame-large&#8221;][\/vc_column][\/vc_row][vc_row full_width=&#8221;stretch_row&#8221; equal_height=&#8221;yes&#8221; content_placement=&#8221;middle&#8221; curly_padding=&#8221;content-padding-lg&#8221; css=&#8221;.vc_custom_1546720242693{border-bottom-width: 1px !important;border-bottom-color: #f4f4f4 !important;border-bottom-style: solid !important;}&#8221;][vc_column width=&#8221;1\/2&#8243;][vc_single_image image=&#8221;2988&#8243; img_size=&#8221;large&#8221; css=&#8221;.vc_custom_1544253201735{margin-bottom: 0px !important;}&#8221; el_class=&#8221;img-frame-large&#8221;][\/vc_column][vc_column width=&#8221;1\/3&#8243; offset=&#8221;vc_col-sm-offset-2&#8243;][vc_column_text curly_padding_side=&#8221;content-side-padding-xxl&#8221;]\n<h2><strong>BEL ve BOYUN FITI\u011eI<\/strong><\/h2>\n<p>Boynumuzda 7 belimizde ise 5 adet omurga kemi\u011fi vard\u0131r. Bu kemikler aras\u0131nda da disk ad\u0131 verilen k\u0131k\u0131rdak yap\u0131lar mevcuttur. Diskler omurgan\u0131n hareketlili\u011fine katk\u0131da bulundu\u011fu gibi omurga \u00fczerine binen y\u00fcklerin dengeli bir \u015fekilde da\u011f\u0131lmas\u0131na yard\u0131mc\u0131 olur.[\/vc_column_text][vc_empty_space height=&#8221;.5rem&#8221;][vc_column_text]<a class=\"btn btn-primary btn-sm\" href=\"https:\/\/www.erdemyorukoglu.com\/tedaviler\/bel-ve-boyun-fitigi\/\"><strong>DETAYLI \u0130NCELE<\/strong><\/a>[\/vc_column_text][\/vc_column][\/vc_row][vc_row full_width=&#8221;stretch_row&#8221; equal_height=&#8221;yes&#8221; content_placement=&#8221;middle&#8221; curly_padding=&#8221;content-padding-lg&#8221; css=&#8221;.vc_custom_1546720263398{border-bottom-width: 1px !important;border-bottom-color: #f4f4f4 !important;border-bottom-style: solid !important;}&#8221;][vc_column width=&#8221;1\/3&#8243;][vc_column_text curly_padding_side=&#8221;content-side-padding-xxl&#8221;]\n<h2><strong>F\u0130BROM\u0130YALJ\u0130<\/strong><\/h2>\n<p>Fibromiyalji te\u015fhisinin konulmas\u0131 \u00e7ok da kolay de\u011fildir; \u00e7\u00fcnk\u00fc hastal\u0131\u011fa \u00f6zg\u00fc bir laboratuvar testi yoktur. Genelde uzun s\u00fcren kas-iskelet sistemi a\u011fr\u0131s\u0131 ile birlikte yorgunluk ve v\u00fccudun belirli b\u00f6lgelerindeki hassas noktalar\u0131n varl\u0131\u011f\u0131 ile fibromiyalji sendromu tan\u0131s\u0131 konulur.[\/vc_column_text][vc_empty_space height=&#8221;.5rem&#8221;][vc_column_text]<strong><a class=\"btn btn-primary btn-sm\" href=\"https:\/\/www.erdemyorukoglu.com\/tedaviler\/fibromiyalji\/\">DETAYLI \u0130NCELE<\/a><\/strong>[\/vc_column_text][\/vc_column][vc_column width=&#8221;1\/2&#8243; offset=&#8221;vc_col-sm-offset-2&#8243;][vc_single_image image=&#8221;3063&#8243; img_size=&#8221;large&#8221; css=&#8221;.vc_custom_1544909899224{margin-bottom: 0px !important;}&#8221; el_class=&#8221;img-frame-large&#8221;][\/vc_column][\/vc_row][vc_row full_width=&#8221;stretch_row&#8221; equal_height=&#8221;yes&#8221; content_placement=&#8221;middle&#8221; curly_padding=&#8221;content-padding-lg&#8221; css=&#8221;.vc_custom_1546720656066{border-bottom-width: 1px !important;border-bottom-color: #f4f4f4 !important;border-bottom-style: solid !important;}&#8221;][vc_column width=&#8221;1\/2&#8243;][vc_single_image image=&#8221;3069&#8243; img_size=&#8221;large&#8221; css=&#8221;.vc_custom_1544910044737{margin-bottom: 0px !important;}&#8221; el_class=&#8221;img-frame-large&#8221;][\/vc_column][vc_column width=&#8221;1\/3&#8243; offset=&#8221;vc_col-sm-offset-2&#8243;][vc_column_text curly_padding_side=&#8221;content-side-padding-xxl&#8221;]\n<h2><strong>KRON\u0130K BA\u015e A\u011eRISI ve BA\u015e D\u00d6NMELER\u0130<\/strong><\/h2>\n<p>Uluslararas\u0131 Ba\u015f a\u011fr\u0131s\u0131 Derne\u011fi ba\u015f a\u011fr\u0131lar\u0131n\u0131 14 ana grup ve y\u00fczlerce alt grup olarak s\u0131n\u0131fland\u0131rm\u0131\u015ft\u0131r. Do\u011frudan do\u011fruya ba\u015f a\u011fr\u0131s\u0131 tablosuyla ortaya \u00e7\u0131kan, ba\u015fka bir hastal\u0131kla ili\u015fkisi olmayan ba\u015f a\u011fr\u0131lar\u0131 primer ba\u015f a\u011fr\u0131lar\u0131d\u0131r. Bunlar migren, gerilim tipi ve k\u00fcme ba\u015f a\u011fr\u0131lar\u0131d\u0131r.[\/vc_column_text][vc_empty_space height=&#8221;.5rem&#8221;][vc_column_text]<strong><a class=\"btn btn-primary btn-sm\" href=\"https:\/\/www.erdemyorukoglu.com\/tedaviler\/kronik-bas-agrisi-ve-bas-donmeleri\/\">DETAYLI \u0130NCELE<\/a><\/strong>[\/vc_column_text][\/vc_column][\/vc_row][vc_row full_width=&#8221;stretch_row&#8221; equal_height=&#8221;yes&#8221; content_placement=&#8221;middle&#8221; curly_padding=&#8221;content-padding-lg&#8221; css=&#8221;.vc_custom_1546720868025{border-bottom-width: 1px !important;border-bottom-color: #f4f4f4 !important;border-bottom-style: solid !important;}&#8221;][vc_column width=&#8221;1\/3&#8243;][vc_column_text curly_padding_side=&#8221;content-side-padding-xxl&#8221;]\n<h2><strong>POST\u00dcRAL D\u00dcZG\u00dcNL\u00dcK ve SKOLYOZ<\/strong><\/h2>\n<p>G\u00fcnl\u00fck hayatta, herhangi biri ile konu\u015furken, s\u0131rada beklerken ya da i\u015f ya\u015fam\u0131m\u0131zda genellikle birka\u00e7 dakikadan daha uzun s\u00fcre ayakta durmak zorunda kal\u0131r\u0131z. Bu gibi do\u011fal duru\u015flar s\u0131ras\u0131nda, v\u00fccut s\u00fcrekli d\u00fc\u015f\u00fck genlikli, yava\u015f sal\u0131n\u0131ml\u0131 ve t\u00fcm v\u00fccut hareketleri ile karakterize edilen postural de\u011fi\u015fimler g\u00f6stermektedir.[\/vc_column_text][vc_empty_space height=&#8221;.5rem&#8221;][vc_column_text]<a href=\"https:\/\/www.erdemyorukoglu.com\/tr\/tedaviler\/skolyoz-tedavisi\/\"><strong>DETAYLI \u0130NCELE<\/strong><\/a>[\/vc_column_text][\/vc_column][vc_column width=&#8221;1\/2&#8243; offset=&#8221;vc_col-sm-offset-2&#8243;][vc_single_image image=&#8221;2423&#8243; img_size=&#8221;large&#8221; css=&#8221;.vc_custom_1546720481515{margin-bottom: 0px !important;}&#8221; el_class=&#8221;img-frame-large&#8221;][\/vc_column][\/vc_row][vc_row full_width=&#8221;stretch_row&#8221; equal_height=&#8221;yes&#8221; content_placement=&#8221;middle&#8221; curly_padding=&#8221;content-padding-lg&#8221; css=&#8221;.vc_custom_1546720841982{border-bottom-width: 1px !important;border-bottom-color: #f4f4f4 !important;border-bottom-style: solid !important;}&#8221;][vc_column width=&#8221;1\/2&#8243;][vc_single_image image=&#8221;3041&#8243; img_size=&#8221;large&#8221; css=&#8221;.vc_custom_1544303730292{margin-bottom: 0px !important;}&#8221; el_class=&#8221;img-frame-large&#8221;][\/vc_column][vc_column width=&#8221;1\/3&#8243; offset=&#8221;vc_col-sm-offset-2&#8243;][vc_column_text curly_padding_side=&#8221;content-side-padding-xxl&#8221;]\n<h2><strong>OMUZA VURAN A\u011eRILAR<\/strong><\/h2>\n<p>Omuz a\u011fr\u0131s\u0131n\u0131n en \u00e7ok g\u00f6r\u00fclen nedeni kaslar, tendonlar ve omuz yap\u0131s\u0131n\u0131 olu\u015fturan di\u011fer yumu\u015fak dokulardaki zedelenmelerdir. Bu durum b\u00f6lgeye al\u0131nan darbeler, ters hareketler veya omuza a\u015f\u0131r\u0131 y\u00fck bindiren egzersizler neticesinde olu\u015fur. Boyun b\u00f6lgesinde meydana gelen sinir s\u0131k\u0131\u015fmas\u0131n\u0131n a\u011fr\u0131s\u0131 omuza vurabilir. Omuz a\u011fr\u0131s\u0131n\u0131n daha ciddi nedenleri aras\u0131nda ise; omurilik, kalp, akci\u011fer ve mide b\u00f6lgesinde bulunan baz\u0131 organlarda ya\u015fanan sorunlar bulunmaktad\u0131r.[\/vc_column_text][vc_empty_space height=&#8221;.5rem&#8221;][vc_column_text]<strong><a class=\"btn btn-primary btn-sm\" href=\"https:\/\/www.erdemyorukoglu.com\/tedaviler\/omuza-vuran-agrilar\/\">DETAYLI \u0130NCELE<\/a><\/strong>[\/vc_column_text][\/vc_column][\/vc_row][vc_row full_width=&#8221;stretch_row&#8221; equal_height=&#8221;yes&#8221; content_placement=&#8221;middle&#8221; curly_padding=&#8221;content-padding-lg&#8221; css=&#8221;.vc_custom_1546720868025{border-bottom-width: 1px !important;border-bottom-color: #f4f4f4 !important;border-bottom-style: solid !important;}&#8221;][vc_column width=&#8221;1\/3&#8243;][vc_column_text curly_padding_side=&#8221;content-side-padding-xxl&#8221;]\n<h2><strong>KAL\u00c7A SIKI\u015eMA SENDROMU (\u0130MPENGEMENT)<\/strong><\/h2>\n<p>Kal\u00e7an\u0131n yap\u0131sal sorunlar\u0131 nedeniyle kal\u00e7a eklemi hareketleri s\u0131ras\u0131nda kal\u00e7a eklemini olu\u015fturan iki ana par\u00e7an\u0131n birbirine anormal temas\u0131 ile ortaya \u00e7\u0131kan bir hastal\u0131kt\u0131r.[\/vc_column_text][vc_empty_space height=&#8221;.5rem&#8221;][vc_column_text]<a href=\"https:\/\/www.erdemyorukoglu.com\/tr\/tedaviler\/kalca-sikisma-sendromu\/\"><strong>DETAYLI \u0130NCELE<\/strong><\/a>[\/vc_column_text][\/vc_column][vc_column width=&#8221;1\/2&#8243; offset=&#8221;vc_col-sm-offset-2&#8243;][vc_single_image image=&#8221;3294&#8243; img_size=&#8221;large&#8221; css=&#8221;.vc_custom_1546721001166{margin-bottom: 0px !important;}&#8221; el_class=&#8221;img-frame-large&#8221;][\/vc_column][\/vc_row][vc_row full_width=&#8221;stretch_row&#8221; equal_height=&#8221;yes&#8221; content_placement=&#8221;middle&#8221; curly_padding=&#8221;content-padding-lg&#8221; css=&#8221;.vc_custom_1546720841982{border-bottom-width: 1px !important;border-bottom-color: #f4f4f4 !important;border-bottom-style: solid !important;}&#8221;][vc_column width=&#8221;1\/2&#8243;][vc_single_image image=&#8221;3304&#8243; img_size=&#8221;large&#8221; css=&#8221;.vc_custom_1546721174705{margin-bottom: 0px !important;}&#8221; el_class=&#8221;img-frame-large&#8221;][\/vc_column][vc_column width=&#8221;1\/3&#8243; offset=&#8221;vc_col-sm-offset-2&#8243;][vc_column_text curly_padding_side=&#8221;content-side-padding-xxl&#8221;]\n<h2><strong>\u00c7ENE EKLEM\u0130 PROBLEMLER\u0130<\/strong><\/h2>\n<p>\u00c7ene eklemi\u00a0yani\u00a0temporomandibular eklem rahats\u0131zl\u0131klar\u0131n\u0131n tan\u0131s\u0131 ve tedavisi i\u00e7in mutlaka bir hekime muayene olmakta fayda vard\u0131r. Bir insan\u00a0hayat\u0131n\u0131n bir d\u00f6neminde \u00e7ene ekleminde (temporomandibular) bir rahats\u0131zl\u0131k ya\u015famaktad\u0131r.[\/vc_column_text][vc_empty_space height=&#8221;.5rem&#8221;][vc_column_text]<strong><a class=\"btn btn-primary btn-sm\" href=\"https:\/\/www.erdemyorukoglu.com\/tr\/tedaviler\/cene-eklemi-problemleri\/\">DETAYLI \u0130NCELE<\/a><\/strong>[\/vc_column_text][\/vc_column][\/vc_row][vc_row full_width=&#8221;stretch_row&#8221; equal_height=&#8221;yes&#8221; content_placement=&#8221;middle&#8221; curly_padding=&#8221;content-padding-lg&#8221; css=&#8221;.vc_custom_1546720868025{border-bottom-width: 1px !important;border-bottom-color: #f4f4f4 !important;border-bottom-style: solid !important;}&#8221;][vc_column width=&#8221;1\/3&#8243;][vc_column_text curly_padding_side=&#8221;content-side-padding-xxl&#8221;]\n<h2><strong>D\u0130Z ve AYAK B\u0130LE\u011e\u0130 A\u011eRILARI<\/strong><\/h2>\n<p>Diz ve ayak bilek a\u011fr\u0131lar\u0131n\u0131n bir \u00e7ok t\u0131bbi sebebi olabilmekte fakat daha \u00e7ok takip etti\u011fimiz hastalardan edindi\u011fimiz bilgilere g\u00f6re hareketsiz bir ya\u015fam ve bunun sonucunda olu\u015fan a\u015f\u0131r\u0131 kilolarda diz ve ayak bile\u011fine binen y\u00fck\u00fc art\u0131rarak bu b\u00f6lgelerde dejeneratif de\u011fi\u015fiklikler yapmakta ve a\u011fr\u0131 ile kendini g\u00f6sterebilmektedir.[\/vc_column_text][vc_empty_space height=&#8221;.5rem&#8221;][vc_column_text]<a class=\"btn btn-primary btn-sm\" href=\"https:\/\/www.erdemyorukoglu.com\/tr\/tedaviler\/diz-ve-ayak-bilegi-agrilari\/\"><strong>DETAYLI \u0130NCELE<\/strong><\/a>[\/vc_column_text][\/vc_column][vc_column width=&#8221;1\/2&#8243; offset=&#8221;vc_col-sm-offset-2&#8243;][vc_single_image image=&#8221;3314&#8243; img_size=&#8221;large&#8221; css=&#8221;.vc_custom_1546721385513{margin-bottom: 0px !important;}&#8221; el_class=&#8221;img-frame-large&#8221;][\/vc_column][\/vc_row]\n<\/div>","protected":false},"excerpt":{"rendered":"<p>[vc_row full_width=&#8221;stretch_row&#8221; equal_height=&#8221;yes&#8221; content_placement=&#8221;middle&#8221; curly_padding=&#8221;content-padding-lg&#8221; css=&#8221;.vc_custom_1546720224954{border-bottom-width: 1px !important;border-bottom-color: #f4f4f4 !important;border-bottom-style: solid !important;}&#8221;][vc_column width=&#8221;1\/3&#8243;][vc_column_text curly_padding_side=&#8221;content-side-padding-xxl&#8221;] BEL A\u011eRISI Bel a\u011fr\u0131s\u0131, d\u00fcnyada ba\u015f a\u011fr\u0131s\u0131ndan sonra en s\u0131k g\u00f6r\u00fclen a\u011fr\u0131 tipi olarak ki\u015finin i\u015f ve sosyal ya\u015fam\u0131n\u0131 alt\u00fcst etti\u011fi kadar \u00f6nemli sa\u011fl\u0131k sorunlar\u0131na i\u015faret etmesi bak\u0131m\u0131ndan da \u00f6nemsenmelidir.[\/vc_column_text][vc_empty_space height=&#8221;.5rem&#8221;][vc_column_text]DETAYLI \u0130NCELE[\/vc_column_text][\/vc_column][vc_column width=&#8221;1\/2&#8243; offset=&#8221;vc_col-sm-offset-2&#8243;][vc_single_image image=&#8221;3083&#8243; img_size=&#8221;large&#8221; alignment=&#8221;right&#8221; css=&#8221;.vc_custom_1546716992010{margin-bottom: 0px !important;}&#8221; el_class=&#8221;img-frame-large&#8221;][\/vc_column][\/vc_row][vc_row full_width=&#8221;stretch_row&#8221; equal_height=&#8221;yes&#8221; content_placement=&#8221;middle&#8221; curly_padding=&#8221;content-padding-lg&#8221; css=&#8221;.vc_custom_1546720242693{border-bottom-width: [&hellip;]<\/p>\n","protected":false},"author":1,"featured_media":0,"parent":0,"menu_order":0,"comment_status":"closed","ping_status":"closed","template":"","meta":{"inline_featured_image":false,"footnotes":""},"class_list":["post-2995","page","type-page","status-publish","hentry"],"yoast_head":"<!-- This site is optimized with the Yoast SEO plugin v25.7 - https:\/\/yoast.com\/wordpress\/plugins\/seo\/ -->\n<title>TEDAV\u0130LER<\/title>\n<meta name=\"description\" content=\"Bel A\u011fr\u0131s\u0131, Bel - Boyun F\u0131t\u0131\u011f\u0131, Fibromyalji, kronik Ba\u015f A\u011fr\u0131s\u0131 ve Ba\u015f D\u00f6nmeleri, Post\u00fcral D\u00fczg\u00fcnl\u00fck ve Skolyoz, Omuza Vuran A\u011fr\u0131lar, Kal\u00e7a S\u0131k\u0131\u015fma Sendromu (impengement), \u00c7ene Eklemi Problemleri, Diz ve Ayak Bile\u011fi A\u011fr\u0131lar\u0131,\" \/>\n<meta name=\"robots\" content=\"index, follow, max-snippet:-1, max-image-preview:large, max-video-preview:-1\" \/>\n<link rel=\"canonical\" href=\"https:\/\/www.erdemyorukoglu.com\/tr\/tedaviler\/\" \/>\n<meta property=\"og:locale\" content=\"tr_TR\" \/>\n<meta property=\"og:locale:alternate\" content=\"en_US\" \/>\n<meta property=\"og:locale:alternate\" content=\"De_GR\" \/>\n<meta property=\"og:type\" content=\"article\" \/>\n<meta property=\"og:title\" content=\"TEDAV\u0130LER\" \/>\n<meta property=\"og:description\" content=\"Bel A\u011fr\u0131s\u0131, Bel - Boyun F\u0131t\u0131\u011f\u0131, Fibromyalji, kronik Ba\u015f A\u011fr\u0131s\u0131 ve Ba\u015f D\u00f6nmeleri, Post\u00fcral D\u00fczg\u00fcnl\u00fck ve Skolyoz, Omuza Vuran A\u011fr\u0131lar, Kal\u00e7a S\u0131k\u0131\u015fma Sendromu (impengement), \u00c7ene Eklemi Problemleri, Diz ve Ayak Bile\u011fi A\u011fr\u0131lar\u0131,\" \/>\n<meta property=\"og:url\" content=\"https:\/\/www.erdemyorukoglu.com\/tr\/tedaviler\/\" \/>\n<meta property=\"og:site_name\" content=\"Erdem Y\u00f6r\u00fcko\u011flu \/\/ Manuel Terapi, Fizyoterapist, Ankara\" \/>\n<meta property=\"article:modified_time\" content=\"2019-08-18T18:33:58+00:00\" \/>\n<meta name=\"twitter:card\" content=\"summary_large_image\" \/>\n<meta name=\"twitter:label1\" content=\"Tahmini okuma s\u00fcresi\" \/>\n\t<meta name=\"twitter:data1\" content=\"20 dakika\" \/>\n<script type=\"application\/ld+json\" class=\"yoast-schema-graph\">{\"@context\":\"https:\/\/schema.org\",\"@graph\":[{\"@type\":\"WebPage\",\"@id\":\"https:\/\/www.erdemyorukoglu.com\/en\/tedaviler\/\",\"url\":\"https:\/\/www.erdemyorukoglu.com\/en\/tedaviler\/\",\"name\":\"TEDAV\u0130LER\",\"isPartOf\":{\"@id\":\"https:\/\/www.erdemyorukoglu.com\/en\/#website\"},\"datePublished\":\"2018-12-08T07:14:07+00:00\",\"dateModified\":\"2019-08-18T18:33:58+00:00\",\"description\":\"Bel A\u011fr\u0131s\u0131, Bel - Boyun F\u0131t\u0131\u011f\u0131, Fibromyalji, kronik Ba\u015f A\u011fr\u0131s\u0131 ve Ba\u015f D\u00f6nmeleri, Post\u00fcral D\u00fczg\u00fcnl\u00fck ve Skolyoz, Omuza Vuran A\u011fr\u0131lar, Kal\u00e7a S\u0131k\u0131\u015fma Sendromu (impengement), \u00c7ene Eklemi Problemleri, Diz ve Ayak Bile\u011fi A\u011fr\u0131lar\u0131,\",\"breadcrumb\":{\"@id\":\"https:\/\/www.erdemyorukoglu.com\/en\/tedaviler\/#breadcrumb\"},\"inLanguage\":\"tr-TR\",\"potentialAction\":[{\"@type\":\"ReadAction\",\"target\":[\"https:\/\/www.erdemyorukoglu.com\/en\/tedaviler\/\"]}]},{\"@type\":\"BreadcrumbList\",\"@id\":\"https:\/\/www.erdemyorukoglu.com\/en\/tedaviler\/#breadcrumb\",\"itemListElement\":[{\"@type\":\"ListItem\",\"position\":1,\"name\":\"MANUEL TERAP\u0130 ANKARA %%sep%% %%sitename%%\",\"item\":\"https:\/\/www.erdemyorukoglu.com\/de\/\"},{\"@type\":\"ListItem\",\"position\":2,\"name\":\"TEDAV\u0130LER\"}]},{\"@type\":\"WebSite\",\"@id\":\"https:\/\/www.erdemyorukoglu.com\/en\/#website\",\"url\":\"https:\/\/www.erdemyorukoglu.com\/en\/\",\"name\":\"Erdem Y\u00f6r\u00fcko\u011flu \/\/ Manuel Terapi, Fizyoterapist, Ankara\",\"description\":\"Manuel Terapi, Kayropraktik, Fizyoterapi, Bel ve Boyun F\u0131t\u0131\u011f\u0131, Lenf\u00f6dem Tedavisi, Gyrotonic, Skolyoz, Ankara\",\"publisher\":{\"@id\":\"https:\/\/www.erdemyorukoglu.com\/en\/#\/schema\/person\/854314645f5beb1ce61d3d55971d52e1\"},\"potentialAction\":[{\"@type\":\"SearchAction\",\"target\":{\"@type\":\"EntryPoint\",\"urlTemplate\":\"https:\/\/www.erdemyorukoglu.com\/en\/?s={search_term_string}\"},\"query-input\":{\"@type\":\"PropertyValueSpecification\",\"valueRequired\":true,\"valueName\":\"search_term_string\"}}],\"inLanguage\":\"tr-TR\"},{\"@type\":[\"Person\",\"Organization\"],\"@id\":\"https:\/\/www.erdemyorukoglu.com\/en\/#\/schema\/person\/854314645f5beb1ce61d3d55971d52e1\",\"name\":\"Erdem Y\u00f6r\u00fcko\u011flu\",\"image\":{\"@type\":\"ImageObject\",\"inLanguage\":\"tr-TR\",\"@id\":\"https:\/\/www.erdemyorukoglu.com\/en\/#\/schema\/person\/image\/\",\"url\":\"https:\/\/www.erdemyorukoglu.com\/wp-content\/uploads\/2018\/11\/fav-icon-1.png\",\"contentUrl\":\"https:\/\/www.erdemyorukoglu.com\/wp-content\/uploads\/2018\/11\/fav-icon-1.png\",\"width\":512,\"height\":512,\"caption\":\"Erdem Y\u00f6r\u00fcko\u011flu\"},\"logo\":{\"@id\":\"https:\/\/www.erdemyorukoglu.com\/en\/#\/schema\/person\/image\/\"}}]}<\/script>\n<!-- \/ Yoast SEO plugin. -->","yoast_head_json":{"title":"TEDAV\u0130LER","description":"Bel A\u011fr\u0131s\u0131, Bel - Boyun F\u0131t\u0131\u011f\u0131, Fibromyalji, kronik Ba\u015f A\u011fr\u0131s\u0131 ve Ba\u015f D\u00f6nmeleri, Post\u00fcral D\u00fczg\u00fcnl\u00fck ve Skolyoz, Omuza Vuran A\u011fr\u0131lar, Kal\u00e7a S\u0131k\u0131\u015fma Sendromu (impengement), \u00c7ene Eklemi Problemleri, Diz ve Ayak Bile\u011fi A\u011fr\u0131lar\u0131,","robots":{"index":"index","follow":"follow","max-snippet":"max-snippet:-1","max-image-preview":"max-image-preview:large","max-video-preview":"max-video-preview:-1"},"canonical":"https:\/\/www.erdemyorukoglu.com\/tr\/tedaviler\/","og_locale":"tr_TR","og_type":"article","og_title":"[:tr]TEDAV\u0130LER[:en]TREATMENTS[:de]BEHANDLUNGEN[:] - Erdem Y\u00f6r\u00fcko\u011flu \/\/ Manuel Terapi, Fizyoterapist, Ankara","og_description":"Bel A\u011fr\u0131s\u0131, Bel - Boyun F\u0131t\u0131\u011f\u0131, Fibromyalji, kronik Ba\u015f A\u011fr\u0131s\u0131 ve Ba\u015f D\u00f6nmeleri, Post\u00fcral D\u00fczg\u00fcnl\u00fck ve Skolyoz, Omuza Vuran A\u011fr\u0131lar, Kal\u00e7a S\u0131k\u0131\u015fma Sendromu (impengement), \u00c7ene Eklemi Problemleri, Diz ve Ayak Bile\u011fi A\u011fr\u0131lar\u0131,","og_url":"https:\/\/www.erdemyorukoglu.com\/tr\/tedaviler\/","og_site_name":"Erdem Y\u00f6r\u00fcko\u011flu \/\/ Manuel Terapi, Fizyoterapist, Ankara","article_modified_time":"2019-08-18T18:33:58+00:00","twitter_card":"summary_large_image","twitter_misc":{"Tahmini okuma s\u00fcresi":"20 dakika"},"schema":{"@context":"https:\/\/schema.org","@graph":[{"@type":"WebPage","@id":"https:\/\/www.erdemyorukoglu.com\/en\/tedaviler\/","url":"https:\/\/www.erdemyorukoglu.com\/en\/tedaviler\/","name":"TEDAV\u0130LER","isPartOf":{"@id":"https:\/\/www.erdemyorukoglu.com\/en\/#website"},"datePublished":"2018-12-08T07:14:07+00:00","dateModified":"2019-08-18T18:33:58+00:00","description":"Bel A\u011fr\u0131s\u0131, Bel - Boyun F\u0131t\u0131\u011f\u0131, Fibromyalji, kronik Ba\u015f A\u011fr\u0131s\u0131 ve Ba\u015f D\u00f6nmeleri, Post\u00fcral D\u00fczg\u00fcnl\u00fck ve Skolyoz, Omuza Vuran A\u011fr\u0131lar, Kal\u00e7a S\u0131k\u0131\u015fma Sendromu (impengement), \u00c7ene Eklemi Problemleri, Diz ve Ayak Bile\u011fi A\u011fr\u0131lar\u0131,","breadcrumb":{"@id":"https:\/\/www.erdemyorukoglu.com\/en\/tedaviler\/#breadcrumb"},"inLanguage":"tr-TR","potentialAction":[{"@type":"ReadAction","target":["https:\/\/www.erdemyorukoglu.com\/en\/tedaviler\/"]}]},{"@type":"BreadcrumbList","@id":"https:\/\/www.erdemyorukoglu.com\/en\/tedaviler\/#breadcrumb","itemListElement":[{"@type":"ListItem","position":1,"name":"MANUEL TERAP\u0130 ANKARA %%sep%% %%sitename%%","item":"https:\/\/www.erdemyorukoglu.com\/de\/"},{"@type":"ListItem","position":2,"name":"TEDAV\u0130LER"}]},{"@type":"WebSite","@id":"https:\/\/www.erdemyorukoglu.com\/en\/#website","url":"https:\/\/www.erdemyorukoglu.com\/en\/","name":"Erdem Y\u00f6r\u00fcko\u011flu \/\/ Manuel Terapi, Fizyoterapist, Ankara","description":"Manuel Terapi, Kayropraktik, Fizyoterapi, Bel ve Boyun F\u0131t\u0131\u011f\u0131, Lenf\u00f6dem Tedavisi, Gyrotonic, Skolyoz, Ankara","publisher":{"@id":"https:\/\/www.erdemyorukoglu.com\/en\/#\/schema\/person\/854314645f5beb1ce61d3d55971d52e1"},"potentialAction":[{"@type":"SearchAction","target":{"@type":"EntryPoint","urlTemplate":"https:\/\/www.erdemyorukoglu.com\/en\/?s={search_term_string}"},"query-input":{"@type":"PropertyValueSpecification","valueRequired":true,"valueName":"search_term_string"}}],"inLanguage":"tr-TR"},{"@type":["Person","Organization"],"@id":"https:\/\/www.erdemyorukoglu.com\/en\/#\/schema\/person\/854314645f5beb1ce61d3d55971d52e1","name":"Erdem Y\u00f6r\u00fcko\u011flu","image":{"@type":"ImageObject","inLanguage":"tr-TR","@id":"https:\/\/www.erdemyorukoglu.com\/en\/#\/schema\/person\/image\/","url":"https:\/\/www.erdemyorukoglu.com\/wp-content\/uploads\/2018\/11\/fav-icon-1.png","contentUrl":"https:\/\/www.erdemyorukoglu.com\/wp-content\/uploads\/2018\/11\/fav-icon-1.png","width":512,"height":512,"caption":"Erdem Y\u00f6r\u00fcko\u011flu"},"logo":{"@id":"https:\/\/www.erdemyorukoglu.com\/en\/#\/schema\/person\/image\/"}}]}},"_links":{"self":[{"href":"https:\/\/www.erdemyorukoglu.com\/tr\/wp-json\/wp\/v2\/pages\/2995","targetHints":{"allow":["GET"]}}],"collection":[{"href":"https:\/\/www.erdemyorukoglu.com\/tr\/wp-json\/wp\/v2\/pages"}],"about":[{"href":"https:\/\/www.erdemyorukoglu.com\/tr\/wp-json\/wp\/v2\/types\/page"}],"author":[{"embeddable":true,"href":"https:\/\/www.erdemyorukoglu.com\/tr\/wp-json\/wp\/v2\/users\/1"}],"replies":[{"embeddable":true,"href":"https:\/\/www.erdemyorukoglu.com\/tr\/wp-json\/wp\/v2\/comments?post=2995"}],"version-history":[{"count":48,"href":"https:\/\/www.erdemyorukoglu.com\/tr\/wp-json\/wp\/v2\/pages\/2995\/revisions"}],"predecessor-version":[{"id":4165,"href":"https:\/\/www.erdemyorukoglu.com\/tr\/wp-json\/wp\/v2\/pages\/2995\/revisions\/4165"}],"wp:attachment":[{"href":"https:\/\/www.erdemyorukoglu.com\/tr\/wp-json\/wp\/v2\/media?parent=2995"}],"curies":[{"name":"wp","href":"https:\/\/api.w.org\/{rel}","templated":true}]}}