{"id":3061,"date":"2018-12-15T22:09:10","date_gmt":"2018-12-15T19:09:10","guid":{"rendered":"https:\/\/www.erdemyorukoglu.com\/?page_id=3061"},"modified":"2025-08-16T16:48:20","modified_gmt":"2025-08-16T13:48:20","slug":"fibromiyalji","status":"publish","type":"page","link":"https:\/\/www.erdemyorukoglu.com\/tr\/tedaviler\/fibromiyalji\/","title":{"rendered":"F\u0130BROM\u0130YALJ\u0130"},"content":{"rendered":"<div class=\"wpb-content-wrapper\">[vc_row full_width=&#8221;stretch_row&#8221; equal_height=&#8221;yes&#8221; content_placement=&#8221;top&#8221; curly_padding=&#8221;content-padding-xs&#8221; css=&#8221;.vc_custom_1546705663629{border-bottom-width: 1px !important;border-bottom-color: #f4f4f4 !important;border-bottom-style: solid !important;}&#8221;][vc_column curly_padding=&#8221;content-padding-xs&#8221;][vc_column_text]\n<h1 style=\"text-align: center;\">F\u0130BROM\u0130YALJ\u0130<\/h1>\n[\/vc_column_text][\/vc_column][\/vc_row][vc_row full_width=&#8221;stretch_row&#8221; equal_height=&#8221;yes&#8221; content_placement=&#8221;top&#8221; curly_padding=&#8221;content-padding-xs&#8221; css=&#8221;.vc_custom_1546705663629{border-bottom-width: 1px !important;border-bottom-color: #f4f4f4 !important;border-bottom-style: solid !important;}&#8221;][vc_column width=&#8221;1\/2&#8243; curly_padding=&#8221;content-padding-xs&#8221;][vc_single_image image=&#8221;3063&#8243; img_size=&#8221;large&#8221; alignment=&#8221;center&#8221; css=&#8221;.vc_custom_1546705509475{margin-bottom: 0px !important;}&#8221; el_class=&#8221;img-frame-large&#8221;][vc_empty_space height=&#8221;48px&#8221;][vc_column_text curly_padding_side=&#8221;content-side-padding-xxl&#8221;]\n<h3><strong>Fibromiyalji sendromu nedir?<\/strong><\/h3>\n<p>Fibromiyalji sendromu kas-iskelet sisteminde uzun s\u00fcreli olabilen, v\u00fccutta yayg\u0131n a\u011fr\u0131 ve hassasiyete yol a\u00e7an bir yumu\u015fak doku romatizmas\u0131d\u0131r. Uzun s\u00fcreli a\u011fr\u0131 ve \u00f6z\u00fcrl\u00fcl\u00fc\u011fe yol a\u00e7an sendromlar aras\u0131nda fibromiyalji sendromu i\u015f g\u00fcc\u00fc kayb\u0131 ve ila\u00e7-tedavi masraflar\u0131 a\u00e7\u0131s\u0131ndan \u00f6n s\u0131ralarda yer almaktad\u0131r.<\/p>\n<h3><strong>Fibromiyalji sendromu neden olu\u015fur?<\/strong><\/h3>\n<p>Fibromiyalji sendromu&#8217;nun neden geli\u015fti\u011fi tam olarak bilinememektedir. Yap\u0131lan ara\u015ft\u0131rmalarda baz\u0131 teoriler ileri s\u00fcr\u00fclm\u00fc\u015ft\u00fcr. Bunlar;<\/p>\n<p>Uyku Bozuklu\u011fu<br \/>\nA\u011fr\u0131 Alg\u0131lama Bozuklu\u011fu<br \/>\nSantral Sinir Sisteminde N\u00f6rotransmitter Denilen Maddelerin Dengesizli\u011fi<br \/>\nSinir Sistemi ve Hormonal Sistem Bozuklu\u011fu<br \/>\nKas ve Kas \u0130\u015flevlerinde Bozukluk<br \/>\nSempatik Sistemin A\u015f\u0131r\u0131 \u00c7al\u0131\u015fmas\u0131<\/p>\n<h3><strong>Belirti ve bulgular\u0131 nelerdir?<\/strong><\/h3>\n<p>Klinik belirtileri kas-iskelet sistemine ait olanlar, kas-iskelet sistemi d\u0131\u015f\u0131 olanlar ve e\u015flik eden belirtiler olarak \u00fc\u00e7e ay\u0131rmak m\u00fcmk\u00fcnd\u00fcr.<\/p>\n<ul>\n<li>Kas \u0130skelet Sistemine Ait Belirtiler:\u00a0A\u011fr\u0131, tutukluk, yumu\u015fak dokularda \u015fi\u015flik hissi olarak s\u0131ralanabilir.<\/li>\n<li>Kas \u0130skelet Sistemi D\u0131\u015f\u0131 Belirtiler:\u00a0Yorgunluk, sabah tutuklu\u011fu, uyku bozuklu\u011fu, uyu\u015fukluklar, kas iskelet sistemi d\u0131\u015f\u0131ndaki belirtileri olu\u015fturmaktad\u0131r.<\/li>\n<li>E\u015flik Eden Belirtiler:\u00a0Duygusal de\u011fi\u015fkenlik, ba\u015f a\u011fr\u0131s\u0131, adet d\u00f6nemi a\u011fr\u0131lar\u0131, ishal ve kab\u0131zl\u0131k, kuru g\u00f6z belirtileri, raynaud fenomeni (el ve ayaklarda so\u011fukta olu\u015fan renk de\u011fi\u015fikli\u011fi)<\/li>\n<\/ul>\n[\/vc_column_text][\/vc_column][vc_column width=&#8221;1\/2&#8243; curly_bg_position=&#8221;bg-pos-center-center&#8221;][vc_column_text curly_padding_side=&#8221;content-side-padding-xxl&#8221;]\n<h3><strong>Fibromiyalji sendromu nas\u0131l te\u015fhis edilir?<\/strong><\/h3>\n<p>Fibromiyalji te\u015fhisinin konulmas\u0131 \u00e7ok da kolay de\u011fildir; \u00e7\u00fcnk\u00fc hastal\u0131\u011fa \u00f6zg\u00fc bir laboratuvar testi yoktur. Genelde uzun s\u00fcren kas-iskelet sistemi a\u011fr\u0131s\u0131 ile birlikte yorgunluk ve v\u00fccudun belirli b\u00f6lgelerindeki hassas noktalar\u0131n varl\u0131\u011f\u0131 ile fibromiyalji sendromu tan\u0131s\u0131 konulur. V\u00fccutta hassas noktalar\u0131n bulundu\u011fu b\u00f6lgeler;[\/vc_column_text][vc_single_image image=&#8221;3285&#8243; img_size=&#8221;large&#8221; css=&#8221;.vc_custom_1546705191165{margin-bottom: 0px !important;}&#8221; el_class=&#8221;img-frame-large&#8221;][\/vc_column][\/vc_row][vc_row full_width=&#8221;stretch_row&#8221; equal_height=&#8221;yes&#8221; content_placement=&#8221;top&#8221; curly_padding=&#8221;content-padding-xs&#8221; css=&#8221;.vc_custom_1546705789719{border-bottom-width: 1px !important;border-bottom-color: #f4f4f4 !important;border-bottom-style: solid !important;}&#8221;][vc_column width=&#8221;1\/2&#8243; curly_padding=&#8221;content-padding-xs&#8221;][vc_column_text curly_padding_side=&#8221;content-side-padding-xxl&#8221;]\n<h3><strong>Fibromiyalji i\u00e7in risk fakt\u00f6rleri nelerdir?<\/strong><\/h3>\n<p>\u2022 Cinsiyet:\u00a0Erkeklere g\u00f6re kad\u0131nlarda daha fazla oranda g\u00f6r\u00fcl\u00fcr.<br \/>\n\u2022 Ya\u015f:\u00a0En s\u0131k erken ve orta yeti\u015fkin d\u00f6nemde g\u00f6r\u00fcl\u00fcr. Ancak \u00e7ocuklarda ve daha ya\u015fl\u0131larda da g\u00f6r\u00fclebilir.<br \/>\n\u2022 Uyku d\u00fczeninin bozulmas\u0131:\u00a0Fibromiyalji sendromunu nas\u0131l etkiledi\u011fi tam olarak bilinmemektedir. Kas spazm\u0131 ve huzursuz bacak sendromu (Bacaklarda ortaya \u00e7\u0131kan, tam olarak tarif edilemeyen ve uykuya dalmaya engel olan garip duyu hissi) veya uyku apne sendromu (uykudayken solunumun k\u0131sa s\u00fcreli durmas\u0131) ile birlikte olabilir.<br \/>\n\u2022 Aile \u00f6yk\u00fcs\u00fc:\u00a0Bu hastal\u0131k, aile \u00f6yk\u00fcs\u00fc olanlarda daha fazla g\u00f6r\u00fclmektedir.<br \/>\n\u2022 Romatizmal hastal\u0131klar:\u00a0Romatoid artrit, lupus veya ankilozan spondilit gibi romatizmal hastal\u0131klar\u0131n varl\u0131\u011f\u0131 fibromiyaljiye yatk\u0131nl\u0131k olu\u015fturabilir.<\/p>\n<h3><strong>Fibromiyalji nas\u0131l tedavi edilir?<\/strong><\/h3>\n<p>Her hastal\u0131kta oldu\u011fu gibi hastan\u0131n bilgilendirilmesi ve e\u011fitimi \u00e7ok \u00f6nemlidir. Hastaya san\u0131ld\u0131\u011f\u0131n\u0131n aksine hastal\u0131\u011f\u0131n\u0131n &#8220;ger\u00e7ek&#8221; oldu\u011funu, ancak sakat b\u0131rak\u0131c\u0131 bir hastal\u0131k olmad\u0131\u011f\u0131 anlat\u0131lmal\u0131d\u0131r. Tedavi uzun s\u00fcrebilir ve bulgularda belirgin d\u00fczelme olana kadar hekimin d\u00fczenli takibi gerekebilir. Fibromiyaljinin tedavisinin temelini ila\u00e7 tedavisi ve fizik tedavi uygulamalar\u0131 olu\u015fturmaktad\u0131r. Hastan\u0131n \u00f6ncelikle bu hastal\u0131\u011f\u0131n uzun s\u00fcreli bir hastal\u0131k oldu\u011funu ve a\u011fr\u0131n\u0131n s\u00fcrekli olmas\u0131na ra\u011fmen, v\u00fccuda zarar vermedi\u011fi anlat\u0131lmal\u0131d\u0131r.<\/p>\n<p>Fizik tedavi uygulamalar\u0131nda ise s\u0131cak paketler, derin \u0131s\u0131t\u0131c\u0131lar ve a\u011fr\u0131 kesici \u00f6zelli\u011fi olan elektriksel stim\u00fclasyon ile olumlu sonu\u00e7lar al\u0131nmaktad\u0131r. Egzersiz hastal\u0131kta en \u00f6nemli tedavi ve korunma y\u00f6ntemidir. \u00d6zellikle gev\u015feme ve germe egzersizleri, y\u00fcr\u00fcy\u00fc\u015f, y\u00fczme ve bisiklete binme olduk\u00e7a etkilidir. Egzersiz tipi ve \u015fiddeti hastaya g\u00f6re ayarlanmal\u0131d\u0131r. Kas gerginliklerinin azalt\u0131lmas\u0131nda masaj gev\u015feme ve bas\u0131n\u00e7 teknikleri olumlu etkiler sa\u011flar. Hastalara ayr\u0131ca kendilerine ve sa\u011fl\u0131klar\u0131na daha \u00e7ok zaman ay\u0131rmalar\u0131, yo\u011fun \u00e7al\u0131\u015fma s\u0131ras\u0131nda s\u0131k s\u0131k ara vermeleri, g\u00fcnl\u00fck i\u015flerinde kendilerini fazla zorlamamalar\u0131 \u00f6nerilmelidir.[\/vc_column_text][\/vc_column][vc_column width=&#8221;1\/2&#8243; curly_bg_position=&#8221;bg-pos-center-center&#8221; curly_padding=&#8221;content-padding-xs&#8221;][vc_column_text curly_padding_side=&#8221;content-side-padding-xxl&#8221;]\n<h3><strong>Fibromiyalji nas\u0131l tedavi edilir?<\/strong><\/h3>\n<p>Her hastal\u0131kta oldu\u011fu gibi hastan\u0131n bilgilendirilmesi ve e\u011fitimi \u00e7ok \u00f6nemlidir. Hastaya san\u0131ld\u0131\u011f\u0131n\u0131n aksine hastal\u0131\u011f\u0131n\u0131n &#8220;ger\u00e7ek&#8221; oldu\u011funu, ancak sakat b\u0131rak\u0131c\u0131 bir hastal\u0131k olmad\u0131\u011f\u0131 anlat\u0131lmal\u0131d\u0131r. Tedavi uzun s\u00fcrebilir ve bulgularda belirgin d\u00fczelme olana kadar hekimin d\u00fczenli takibi gerekebilir. Fibromiyaljinin tedavisinin temelini ila\u00e7 tedavisi ve fizik tedavi uygulamalar\u0131 olu\u015fturmaktad\u0131r. Hastan\u0131n \u00f6ncelikle bu hastal\u0131\u011f\u0131n uzun s\u00fcreli bir hastal\u0131k oldu\u011funu ve a\u011fr\u0131n\u0131n s\u00fcrekli olmas\u0131na ra\u011fmen, v\u00fccuda zarar vermedi\u011fi anlat\u0131lmal\u0131d\u0131r.[\/vc_column_text][vc_column_text curly_padding_side=&#8221;content-side-padding-xxl&#8221;]Fizik tedavi uygulamalar\u0131nda ise s\u0131cak paketler, derin \u0131s\u0131t\u0131c\u0131lar ve a\u011fr\u0131 kesici \u00f6zelli\u011fi olan elektriksel stim\u00fclasyon ile olumlu sonu\u00e7lar al\u0131nmaktad\u0131r. Egzersiz hastal\u0131kta en \u00f6nemli tedavi ve korunma y\u00f6ntemidir. \u00d6zellikle gev\u015feme ve germe egzersizleri, y\u00fcr\u00fcy\u00fc\u015f, y\u00fczme ve bisiklete binme olduk\u00e7a etkilidir. Egzersiz tipi ve \u015fiddeti hastaya g\u00f6re ayarlanmal\u0131d\u0131r. Kas gerginliklerinin azalt\u0131lmas\u0131nda masaj gev\u015feme ve bas\u0131n\u00e7 teknikleri olumlu etkiler sa\u011flar. Hastalara ayr\u0131ca kendilerine ve sa\u011fl\u0131klar\u0131na daha \u00e7ok zaman ay\u0131rmalar\u0131, yo\u011fun \u00e7al\u0131\u015fma s\u0131ras\u0131nda s\u0131k s\u0131k ara vermeleri, g\u00fcnl\u00fck i\u015flerinde kendilerini fazla zorlamamalar\u0131 \u00f6nerilmelidir.[\/vc_column_text][\/vc_column][\/vc_row]\n<\/div>","protected":false},"excerpt":{"rendered":"<p>[vc_row full_width=&#8221;stretch_row&#8221; equal_height=&#8221;yes&#8221; content_placement=&#8221;top&#8221; curly_padding=&#8221;content-padding-xs&#8221; css=&#8221;.vc_custom_1546705663629{border-bottom-width: 1px !important;border-bottom-color: #f4f4f4 !important;border-bottom-style: solid !important;}&#8221;][vc_column curly_padding=&#8221;content-padding-xs&#8221;][vc_column_text] F\u0130BROM\u0130YALJ\u0130 [\/vc_column_text][\/vc_column][\/vc_row][vc_row full_width=&#8221;stretch_row&#8221; equal_height=&#8221;yes&#8221; content_placement=&#8221;top&#8221; curly_padding=&#8221;content-padding-xs&#8221; css=&#8221;.vc_custom_1546705663629{border-bottom-width: 1px !important;border-bottom-color: #f4f4f4 !important;border-bottom-style: solid !important;}&#8221;][vc_column width=&#8221;1\/2&#8243; curly_padding=&#8221;content-padding-xs&#8221;][vc_single_image image=&#8221;3063&#8243; img_size=&#8221;large&#8221; alignment=&#8221;center&#8221; css=&#8221;.vc_custom_1546705509475{margin-bottom: 0px !important;}&#8221; el_class=&#8221;img-frame-large&#8221;][vc_empty_space height=&#8221;48px&#8221;][vc_column_text curly_padding_side=&#8221;content-side-padding-xxl&#8221;] Fibromiyalji sendromu nedir? Fibromiyalji sendromu kas-iskelet sisteminde uzun s\u00fcreli olabilen, v\u00fccutta yayg\u0131n a\u011fr\u0131 ve hassasiyete yol a\u00e7an bir yumu\u015fak doku romatizmas\u0131d\u0131r. Uzun s\u00fcreli [&hellip;]<\/p>\n","protected":false},"author":1,"featured_media":0,"parent":2995,"menu_order":0,"comment_status":"closed","ping_status":"closed","template":"","meta":{"inline_featured_image":false,"footnotes":""},"class_list":["post-3061","page","type-page","status-publish","hentry"],"yoast_head":"<!-- This site is optimized with the Yoast SEO plugin v25.7 - https:\/\/yoast.com\/wordpress\/plugins\/seo\/ -->\n<title>F\u0130BROM\u0130YALJ\u0130F\u0130BROM\u0130YALJ\u0130F\u0130BROM\u0130YALJ\u0130<\/title>\n<meta name=\"description\" content=\"\u00d6zellikle s\u0131rt, boyun, omuzlar ve kal\u00e7alarda belirgin olmak \u00fczere yayg\u0131n kas-eklem a\u011fr\u0131s\u0131, yorgunluk, sabah tutuklu\u011fu ile karakterize kronik (s\u00fcre\u011fen) bir kas iskelet sistemi hastal\u0131\u011f\u0131d\u0131r.\" \/>\n<meta name=\"robots\" content=\"index, follow, max-snippet:-1, max-image-preview:large, max-video-preview:-1\" \/>\n<link rel=\"canonical\" href=\"https:\/\/www.erdemyorukoglu.com\/tr\/tedaviler\/fibromiyalji\/\" \/>\n<meta property=\"og:locale\" content=\"tr_TR\" \/>\n<meta property=\"og:locale:alternate\" content=\"en_US\" \/>\n<meta property=\"og:locale:alternate\" content=\"De_GR\" \/>\n<meta property=\"og:type\" content=\"article\" \/>\n<meta property=\"og:title\" content=\"F\u0130BROM\u0130YALJ\u0130F\u0130BROM\u0130YALJ\u0130F\u0130BROM\u0130YALJ\u0130\" \/>\n<meta property=\"og:description\" content=\"\u00d6zellikle s\u0131rt, boyun, omuzlar ve kal\u00e7alarda belirgin olmak \u00fczere yayg\u0131n kas-eklem a\u011fr\u0131s\u0131, yorgunluk, sabah tutuklu\u011fu ile karakterize kronik (s\u00fcre\u011fen) bir kas iskelet sistemi hastal\u0131\u011f\u0131d\u0131r.\" \/>\n<meta property=\"og:url\" content=\"https:\/\/www.erdemyorukoglu.com\/tr\/tedaviler\/fibromiyalji\/\" \/>\n<meta property=\"og:site_name\" content=\"Erdem Y\u00f6r\u00fcko\u011flu \/\/ Manuel Terapi, Fizyoterapist, Ankara\" \/>\n<meta property=\"article:modified_time\" content=\"2025-08-16T13:48:20+00:00\" \/>\n<meta property=\"og:image\" content=\"https:\/\/www.erdemyorukoglu.com\/wp-content\/uploads\/2019\/01\/fibromiyalji_sema.jpg\" \/>\n\t<meta property=\"og:image:width\" content=\"800\" \/>\n\t<meta property=\"og:image:height\" content=\"1200\" \/>\n\t<meta property=\"og:image:type\" content=\"image\/jpeg\" \/>\n<meta name=\"twitter:card\" content=\"summary_large_image\" \/>\n<meta name=\"twitter:label1\" content=\"Tahmini okuma s\u00fcresi\" \/>\n\t<meta name=\"twitter:data1\" content=\"5 dakika\" \/>\n<script type=\"application\/ld+json\" class=\"yoast-schema-graph\">{\"@context\":\"https:\/\/schema.org\",\"@graph\":[{\"@type\":\"WebPage\",\"@id\":\"https:\/\/www.erdemyorukoglu.com\/tr\/tedaviler\/fibromiyalji\/\",\"url\":\"https:\/\/www.erdemyorukoglu.com\/tr\/tedaviler\/fibromiyalji\/\",\"name\":\"F\u0130BROM\u0130YALJ\u0130F\u0130BROM\u0130YALJ\u0130F\u0130BROM\u0130YALJ\u0130\",\"isPartOf\":{\"@id\":\"https:\/\/www.erdemyorukoglu.com\/en\/#website\"},\"datePublished\":\"2018-12-15T19:09:10+00:00\",\"dateModified\":\"2025-08-16T13:48:20+00:00\",\"description\":\"\u00d6zellikle s\u0131rt, boyun, omuzlar ve kal\u00e7alarda belirgin olmak \u00fczere yayg\u0131n kas-eklem a\u011fr\u0131s\u0131, yorgunluk, sabah tutuklu\u011fu ile karakterize kronik (s\u00fcre\u011fen) bir kas iskelet sistemi hastal\u0131\u011f\u0131d\u0131r.\",\"breadcrumb\":{\"@id\":\"https:\/\/www.erdemyorukoglu.com\/tr\/tedaviler\/fibromiyalji\/#breadcrumb\"},\"inLanguage\":\"tr-TR\",\"potentialAction\":[{\"@type\":\"ReadAction\",\"target\":[\"https:\/\/www.erdemyorukoglu.com\/tr\/tedaviler\/fibromiyalji\/\"]}]},{\"@type\":\"BreadcrumbList\",\"@id\":\"https:\/\/www.erdemyorukoglu.com\/tr\/tedaviler\/fibromiyalji\/#breadcrumb\",\"itemListElement\":[{\"@type\":\"ListItem\",\"position\":1,\"name\":\"MANUEL TERAP\u0130 ANKARA %%sep%% %%sitename%%\",\"item\":\"https:\/\/www.erdemyorukoglu.com\/de\/\"},{\"@type\":\"ListItem\",\"position\":2,\"name\":\"TEDAV\u0130LER\",\"item\":\"https:\/\/www.erdemyorukoglu.com\/en\/tedaviler\/\"},{\"@type\":\"ListItem\",\"position\":3,\"name\":\"F\u0130BROM\u0130YALJ\u0130\"}]},{\"@type\":\"WebSite\",\"@id\":\"https:\/\/www.erdemyorukoglu.com\/en\/#website\",\"url\":\"https:\/\/www.erdemyorukoglu.com\/en\/\",\"name\":\"Erdem Y\u00f6r\u00fcko\u011flu \/\/ Manuel Terapi, Fizyoterapist, Ankara\",\"description\":\"Manuel Terapi, Kayropraktik, Fizyoterapi, Bel ve Boyun F\u0131t\u0131\u011f\u0131, Lenf\u00f6dem Tedavisi, Gyrotonic, Skolyoz, Ankara\",\"publisher\":{\"@id\":\"https:\/\/www.erdemyorukoglu.com\/en\/#\/schema\/person\/854314645f5beb1ce61d3d55971d52e1\"},\"potentialAction\":[{\"@type\":\"SearchAction\",\"target\":{\"@type\":\"EntryPoint\",\"urlTemplate\":\"https:\/\/www.erdemyorukoglu.com\/en\/?s={search_term_string}\"},\"query-input\":{\"@type\":\"PropertyValueSpecification\",\"valueRequired\":true,\"valueName\":\"search_term_string\"}}],\"inLanguage\":\"tr-TR\"},{\"@type\":[\"Person\",\"Organization\"],\"@id\":\"https:\/\/www.erdemyorukoglu.com\/en\/#\/schema\/person\/854314645f5beb1ce61d3d55971d52e1\",\"name\":\"Erdem Y\u00f6r\u00fcko\u011flu\",\"image\":{\"@type\":\"ImageObject\",\"inLanguage\":\"tr-TR\",\"@id\":\"https:\/\/www.erdemyorukoglu.com\/en\/#\/schema\/person\/image\/\",\"url\":\"https:\/\/www.erdemyorukoglu.com\/wp-content\/uploads\/2018\/11\/fav-icon-1.png\",\"contentUrl\":\"https:\/\/www.erdemyorukoglu.com\/wp-content\/uploads\/2018\/11\/fav-icon-1.png\",\"width\":512,\"height\":512,\"caption\":\"Erdem Y\u00f6r\u00fcko\u011flu\"},\"logo\":{\"@id\":\"https:\/\/www.erdemyorukoglu.com\/en\/#\/schema\/person\/image\/\"}}]}<\/script>\n<!-- \/ Yoast SEO plugin. -->","yoast_head_json":{"title":"F\u0130BROM\u0130YALJ\u0130F\u0130BROM\u0130YALJ\u0130F\u0130BROM\u0130YALJ\u0130","description":"\u00d6zellikle s\u0131rt, boyun, omuzlar ve kal\u00e7alarda belirgin olmak \u00fczere yayg\u0131n kas-eklem a\u011fr\u0131s\u0131, yorgunluk, sabah tutuklu\u011fu ile karakterize kronik (s\u00fcre\u011fen) bir kas iskelet sistemi hastal\u0131\u011f\u0131d\u0131r.","robots":{"index":"index","follow":"follow","max-snippet":"max-snippet:-1","max-image-preview":"max-image-preview:large","max-video-preview":"max-video-preview:-1"},"canonical":"https:\/\/www.erdemyorukoglu.com\/tr\/tedaviler\/fibromiyalji\/","og_locale":"tr_TR","og_type":"article","og_title":"[:tr][:tr]F\u0130BROM\u0130YALJ\u0130[:en]FIBROMYALGIA[:de]FIBROMYALGIE[:] - Erdem Y\u00f6r\u00fcko\u011flu \/\/ Manuel Terapi, Fizyoterapist, Ankara[:en][:tr]F\u0130BROM\u0130YALJ\u0130[:en]FIBROMYALGIA[:de]FIBROMYALGIE[:] - Erdem Y\u00f6r\u00fcko\u011flu \/\/ Manuel Terapi, Fizyoterapist, Ankara[:de]Erdem Y\u00f6r\u00fcko\u011flu \/\/ Manuel Terapi, Fizyoterapist, Ankara - [:tr]F\u0130BROM\u0130YALJ\u0130[:en]FIBROMYALGIA[:de]FIBROMYALGIE[:][:]","og_description":"\u00d6zellikle s\u0131rt, boyun, omuzlar ve kal\u00e7alarda belirgin olmak \u00fczere yayg\u0131n kas-eklem a\u011fr\u0131s\u0131, yorgunluk, sabah tutuklu\u011fu ile karakterize kronik (s\u00fcre\u011fen) bir kas iskelet sistemi hastal\u0131\u011f\u0131d\u0131r.","og_url":"https:\/\/www.erdemyorukoglu.com\/tr\/tedaviler\/fibromiyalji\/","og_site_name":"Erdem Y\u00f6r\u00fcko\u011flu \/\/ Manuel Terapi, Fizyoterapist, Ankara","article_modified_time":"2025-08-16T13:48:20+00:00","og_image":[{"width":800,"height":1200,"url":"https:\/\/www.erdemyorukoglu.com\/wp-content\/uploads\/2019\/01\/fibromiyalji_sema.jpg","type":"image\/jpeg"}],"twitter_card":"summary_large_image","twitter_misc":{"Tahmini okuma s\u00fcresi":"5 dakika"},"schema":{"@context":"https:\/\/schema.org","@graph":[{"@type":"WebPage","@id":"https:\/\/www.erdemyorukoglu.com\/tr\/tedaviler\/fibromiyalji\/","url":"https:\/\/www.erdemyorukoglu.com\/tr\/tedaviler\/fibromiyalji\/","name":"F\u0130BROM\u0130YALJ\u0130F\u0130BROM\u0130YALJ\u0130F\u0130BROM\u0130YALJ\u0130","isPartOf":{"@id":"https:\/\/www.erdemyorukoglu.com\/en\/#website"},"datePublished":"2018-12-15T19:09:10+00:00","dateModified":"2025-08-16T13:48:20+00:00","description":"\u00d6zellikle s\u0131rt, boyun, omuzlar ve kal\u00e7alarda belirgin olmak \u00fczere yayg\u0131n kas-eklem a\u011fr\u0131s\u0131, yorgunluk, sabah tutuklu\u011fu ile karakterize kronik (s\u00fcre\u011fen) bir kas iskelet sistemi hastal\u0131\u011f\u0131d\u0131r.","breadcrumb":{"@id":"https:\/\/www.erdemyorukoglu.com\/tr\/tedaviler\/fibromiyalji\/#breadcrumb"},"inLanguage":"tr-TR","potentialAction":[{"@type":"ReadAction","target":["https:\/\/www.erdemyorukoglu.com\/tr\/tedaviler\/fibromiyalji\/"]}]},{"@type":"BreadcrumbList","@id":"https:\/\/www.erdemyorukoglu.com\/tr\/tedaviler\/fibromiyalji\/#breadcrumb","itemListElement":[{"@type":"ListItem","position":1,"name":"MANUEL TERAP\u0130 ANKARA %%sep%% %%sitename%%","item":"https:\/\/www.erdemyorukoglu.com\/de\/"},{"@type":"ListItem","position":2,"name":"TEDAV\u0130LER","item":"https:\/\/www.erdemyorukoglu.com\/en\/tedaviler\/"},{"@type":"ListItem","position":3,"name":"F\u0130BROM\u0130YALJ\u0130"}]},{"@type":"WebSite","@id":"https:\/\/www.erdemyorukoglu.com\/en\/#website","url":"https:\/\/www.erdemyorukoglu.com\/en\/","name":"Erdem Y\u00f6r\u00fcko\u011flu \/\/ Manuel Terapi, Fizyoterapist, Ankara","description":"Manuel Terapi, Kayropraktik, Fizyoterapi, Bel ve Boyun F\u0131t\u0131\u011f\u0131, Lenf\u00f6dem Tedavisi, Gyrotonic, Skolyoz, Ankara","publisher":{"@id":"https:\/\/www.erdemyorukoglu.com\/en\/#\/schema\/person\/854314645f5beb1ce61d3d55971d52e1"},"potentialAction":[{"@type":"SearchAction","target":{"@type":"EntryPoint","urlTemplate":"https:\/\/www.erdemyorukoglu.com\/en\/?s={search_term_string}"},"query-input":{"@type":"PropertyValueSpecification","valueRequired":true,"valueName":"search_term_string"}}],"inLanguage":"tr-TR"},{"@type":["Person","Organization"],"@id":"https:\/\/www.erdemyorukoglu.com\/en\/#\/schema\/person\/854314645f5beb1ce61d3d55971d52e1","name":"Erdem Y\u00f6r\u00fcko\u011flu","image":{"@type":"ImageObject","inLanguage":"tr-TR","@id":"https:\/\/www.erdemyorukoglu.com\/en\/#\/schema\/person\/image\/","url":"https:\/\/www.erdemyorukoglu.com\/wp-content\/uploads\/2018\/11\/fav-icon-1.png","contentUrl":"https:\/\/www.erdemyorukoglu.com\/wp-content\/uploads\/2018\/11\/fav-icon-1.png","width":512,"height":512,"caption":"Erdem Y\u00f6r\u00fcko\u011flu"},"logo":{"@id":"https:\/\/www.erdemyorukoglu.com\/en\/#\/schema\/person\/image\/"}}]}},"_links":{"self":[{"href":"https:\/\/www.erdemyorukoglu.com\/tr\/wp-json\/wp\/v2\/pages\/3061","targetHints":{"allow":["GET"]}}],"collection":[{"href":"https:\/\/www.erdemyorukoglu.com\/tr\/wp-json\/wp\/v2\/pages"}],"about":[{"href":"https:\/\/www.erdemyorukoglu.com\/tr\/wp-json\/wp\/v2\/types\/page"}],"author":[{"embeddable":true,"href":"https:\/\/www.erdemyorukoglu.com\/tr\/wp-json\/wp\/v2\/users\/1"}],"replies":[{"embeddable":true,"href":"https:\/\/www.erdemyorukoglu.com\/tr\/wp-json\/wp\/v2\/comments?post=3061"}],"version-history":[{"count":20,"href":"https:\/\/www.erdemyorukoglu.com\/tr\/wp-json\/wp\/v2\/pages\/3061\/revisions"}],"predecessor-version":[{"id":4402,"href":"https:\/\/www.erdemyorukoglu.com\/tr\/wp-json\/wp\/v2\/pages\/3061\/revisions\/4402"}],"up":[{"embeddable":true,"href":"https:\/\/www.erdemyorukoglu.com\/tr\/wp-json\/wp\/v2\/pages\/2995"}],"wp:attachment":[{"href":"https:\/\/www.erdemyorukoglu.com\/tr\/wp-json\/wp\/v2\/media?parent=3061"}],"curies":[{"name":"wp","href":"https:\/\/api.w.org\/{rel}","templated":true}]}}