{"id":3068,"date":"2018-12-15T22:58:29","date_gmt":"2018-12-15T19:58:29","guid":{"rendered":"https:\/\/www.erdemyorukoglu.com\/?page_id=3068"},"modified":"2025-08-16T17:00:07","modified_gmt":"2025-08-16T14:00:07","slug":"kronik-bas-agrisi-ve-bas-donmeleri","status":"publish","type":"page","link":"https:\/\/www.erdemyorukoglu.com\/tr\/tedaviler\/kronik-bas-agrisi-ve-bas-donmeleri\/","title":{"rendered":"KRON\u0130K BA\u015e A\u011eRISI ve BA\u015e D\u00d6NMELER\u0130"},"content":{"rendered":"<div class=\"wpb-content-wrapper\">[vc_row curly_padding=&#8221;content-padding-none&#8221;][vc_column curly_padding=&#8221;content-padding&#8221;][vc_column_text]\n<h1 style=\"text-align: center;\"><strong>KRON\u0130K BA\u015e A\u011eRISI ve BA\u015e D\u00d6NMELER\u0130<\/strong><\/h1>\n[\/vc_column_text][\/vc_column][\/vc_row][vc_row full_width=&#8221;stretch_row&#8221; equal_height=&#8221;yes&#8221; content_placement=&#8221;middle&#8221; curly_padding=&#8221;content-padding-none&#8221; css=&#8221;.vc_custom_1549831963946{border-bottom-width: 1px !important;border-bottom-color: #f4f4f4 !important;border-bottom-style: solid !important;}&#8221;][vc_column width=&#8221;1\/2&#8243; curly_padding=&#8221;content-padding-xs&#8221;][vc_single_image image=&#8221;3069&#8243; img_size=&#8221;large&#8221; css=&#8221;.vc_custom_1544902972091{margin-bottom: 0px !important;}&#8221; el_class=&#8221;img-frame-large&#8221;][\/vc_column][vc_column width=&#8221;1\/2&#8243; curly_bg_position=&#8221;bg-pos-center-center&#8221;][vc_column_text curly_padding_side=&#8221;content-side-padding-xxl&#8221;]Uluslararas\u0131 Ba\u015f a\u011fr\u0131s\u0131 Derne\u011fi ba\u015f a\u011fr\u0131lar\u0131n\u0131 14 ana grup ve y\u00fczlerce alt grup olarak s\u0131n\u0131fland\u0131rm\u0131\u015ft\u0131r. Do\u011frudan do\u011fruya ba\u015f a\u011fr\u0131s\u0131 tablosuyla ortaya \u00e7\u0131kan, ba\u015fka bir hastal\u0131kla ili\u015fkisi olmayan ba\u015f a\u011fr\u0131lar\u0131 primer ba\u015f a\u011fr\u0131lar\u0131d\u0131r. Bunlar migren, gerilim tipi ve k\u00fcme ba\u015f a\u011fr\u0131lar\u0131d\u0131r. Sekonder ba\u015f a\u011fr\u0131lar\u0131 ise y\u00fczde 10 oran\u0131nda g\u00f6r\u00fclen, nedeni belli bir hastal\u0131\u011fa ba\u011fl\u0131 olarak, beyin damar hastal\u0131klar\u0131, sinir sistemi hastal\u0131klar\u0131, beyin t\u00fcm\u00f6rleri, g\u00f6z hastal\u0131klar\u0131, sin\u00fczit, menenjit gibi hastal\u0131klar\u0131n seyri s\u0131ras\u0131nda ortaya \u00e7\u0131kan ba\u015f a\u011fr\u0131lar\u0131d\u0131r.[\/vc_column_text][\/vc_column][\/vc_row][vc_row full_width=&#8221;stretch_row&#8221; equal_height=&#8221;yes&#8221; content_placement=&#8221;top&#8221; curly_padding=&#8221;content-padding-none&#8221; css=&#8221;.vc_custom_1549831972618{border-bottom-width: 1px !important;border-bottom-color: #f4f4f4 !important;border-bottom-style: solid !important;}&#8221;][vc_column width=&#8221;1\/2&#8243; curly_bg_position=&#8221;bg-pos-center-top&#8221;][vc_column_text curly_padding_side=&#8221;content-side-padding-xxl&#8221;]\n<h3><strong>Migrenin \u00f6zellikleri nedir?<\/strong><\/h3>\n<ul>\n<li>Genelde a\u011fr\u0131 ba\u015f\u0131n tek taraf\u0131ndad\u0131r.<\/li>\n<li>A\u011fr\u0131 zonklay\u0131c\u0131 \u00f6zellikte, orta veya \u015fiddetlidir.<\/li>\n<li>Bulant\u0131, kusma olur.<\/li>\n<li>Krizler (atak) halinde gelir.<\/li>\n<li>A\u011fr\u0131 4 ila 72 saat s\u00fcrer.<\/li>\n<li>A\u011fr\u0131 ba\u015flang\u0131c\u0131nda g\u00f6rme bozukluklar\u0131 olur(aural\u0131 tipinde).<\/li>\n<li>Ba\u015f hareketleri ve fiziksel aktiviteyle a\u011fr\u0131 artar.<\/li>\n<li>I\u015f\u0131ktan ve sesten rahats\u0131z olma.<\/li>\n<\/ul>\n[\/vc_column_text][vc_column_text curly_padding_side=&#8221;content-side-padding-xxl&#8221;]\n<h3><strong>Migreni tetikleyen fakt\u00f6rler nelerdir?<\/strong><\/h3>\n<ul>\n<li>Y\u00fckseklik de\u011fi\u015fiklikleri<\/li>\n<li>Hava kirlili\u011fi, sigara duman\u0131<\/li>\n<li>Parlak \u0131\u015f\u0131k veya titreyen \u0131\u015f\u0131k<\/li>\n<li>Y\u00fcksek ve devaml\u0131 g\u00fcr\u00fclt\u00fc<\/li>\n<li>Parf\u00fcm kokusu, kuvvetli di\u011fer kokular ve kimyasal maddeler<\/li>\n<li>Hava durumundaki de\u011fi\u015fiklikler (bas\u0131n\u00e7, s\u0131cakl\u0131k ve nem de\u011fi\u015fikli\u011fi, lodos)<\/li>\n<li>Mevsimsel de\u011fi\u015fiklikler (sonbahar ve ilkbahar en k\u00f6t\u00fc zamanlar)<\/li>\n<li>A\u00e7l\u0131k, \u00f6\u011f\u00fcn atlama<\/li>\n<li>\u00c7ok ya da az uyuma, uyku d\u00fczenindeki bozukluklar<\/li>\n<li>U\u00e7ak yolculuklar\u0131<\/li>\n<li>Do\u011fum kontrol haplar\u0131<\/li>\n<li>Kad\u0131nlarda hormonal de\u011fi\u015fiklikler(adet d\u00f6nemi)<\/li>\n<li>Baz\u0131 yiyecek ve i\u00e7ecekler (\u00e7ikolata, kabuklu kuruyemi\u015f, k\u0131rm\u0131z\u0131 \u015farap vb)<\/li>\n<li>Migreni tetikleyen fakt\u00f6rler aras\u0131nda pek \u00e7ok besin sorumlu tutulmaktad\u0131r. *Ancak, her hastada migren a\u011fr\u0131s\u0131n\u0131 artt\u0131ran yiyecek farkl\u0131 olabilir. \u00d6nemli olan ki\u015finin a\u011fr\u0131s\u0131n\u0131 tetikleyen maddeyi kendisinin bulup, ke\u015ffetmesidir.<\/li>\n<\/ul>\n[\/vc_column_text][vc_column_text curly_padding_side=&#8221;content-side-padding-xxl&#8221;]\n<h3><strong>Gerilim tipi ba\u015f a\u011fr\u0131s\u0131n\u0131 migrenden nas\u0131l ay\u0131rt edebiliriz?<\/strong><\/h3>\n<ul>\n<li>Gerilim tipi ba\u015f a\u011fr\u0131s\u0131 \u00e7okluk stresten kaynaklan\u0131r<\/li>\n<li>T\u00fcm ba\u015f\u0131 tutar, tepede etkilidir. Ba\u015f\u0131n arkas\u0131ndan \u00f6ne yay\u0131lma g\u00f6sterir<\/li>\n<li>\u00c7ok nadir tek tarafl\u0131 olabilir<\/li>\n<li>Bulant\u0131 olabilir ama kusma g\u00f6r\u00fclmez<\/li>\n<li>Bir hafta &#8211; 15 g\u00fcn a\u011fr\u0131yla (hafif) ge\u00e7er<\/li>\n<li>A\u011fr\u0131 kriz \u015feklinde olmaz<\/li>\n<li>A\u011fr\u0131 ba\u015flamadan \u00f6nce g\u00f6rme bozukluklar\u0131 olmaz<\/li>\n<li>Hareket etme a\u011fr\u0131y\u0131 art\u0131rma<\/li>\n<\/ul>\n[\/vc_column_text][\/vc_column][vc_column width=&#8221;1\/2&#8243; curly_bg_position=&#8221;bg-pos-center-top&#8221;][vc_column_text curly_padding_side=&#8221;content-side-padding-xxl&#8221;]\n<h3><strong>Migrende tedavi nas\u0131l olmal\u0131d\u0131r?<\/strong><\/h3>\n<p>Tedavideki hedef, tetik \u00e7ekici fakt\u00f6rleri azaltmak, sinir sistemindeki hassasiyeti ve a\u011fr\u0131 s\u0131ras\u0131nda ortaya \u00e7\u0131kan damar ve damar \u00e7evresindeki olaylar\u0131 bask\u0131lamakt\u0131r. Temel tedavi, koruyucu ve atak tedavisi olmak \u00fczere ikiye ayr\u0131l\u0131r. E\u011fer hastan\u0131n a\u011fr\u0131lar\u0131 ayda bir iki kez g\u00f6r\u00fcl\u00fcyorsa sadece atak s\u0131ras\u0131nda tedavi \u00f6nerilir.[\/vc_column_text][vc_column_text curly_padding_side=&#8221;content-side-padding-xxl&#8221;]\n<h3><strong>Atak-a\u011fr\u0131 tedavisi nas\u0131l yap\u0131l\u0131r?<\/strong><\/h3>\n<p>A\u011fr\u0131 tedavisinde basit a\u011fr\u0131 kesiciler, steroid olmayan anti-inflamatuar ila\u00e7lar, ergotaminli ila\u00e7lar ve triptanlar kullan\u0131l\u0131r. A\u011fr\u0131 kesici ve Ergotaminli ila\u00e7lar s\u0131k kullan\u0131ld\u0131\u011f\u0131 takdirde a\u011fr\u0131y\u0131 s\u00fcrekli yapar ve bazen daha ciddi yan etkilere yol a\u00e7abilirler.<\/p>\n<p>Atak s\u0131ras\u0131ndaki bulant\u0131 ve kusma i\u00e7in de anti emetik grubu ila\u00e7lar verilir. A\u011fr\u0131 kesiciler ata\u011f\u0131n ba\u015f\u0131nda al\u0131nmal\u0131d\u0131r. Emilimi h\u0131zland\u0131rmak i\u00e7in de bulant\u0131y\u0131 \u00f6nleyici ilac\u0131n a\u011fr\u0131 kesiciden \u00f6nce al\u0131nmas\u0131 gerekir.[\/vc_column_text][vc_column_text curly_padding_side=&#8221;content-side-padding-xxl&#8221;]\n<h3><strong>Koruyucu-\u00f6nleyici tedavi nas\u0131l yap\u0131l\u0131r?<\/strong><\/h3>\n<p>Bir ay i\u00e7inde atak say\u0131s\u0131 \u00fc\u00e7\u00fc, d\u00f6rd\u00fc ge\u00e7iyorsa o zaman sadece atak s\u0131ras\u0131nda de\u011fil, migren ata\u011f\u0131n\u0131 \u00f6nlemeye y\u00f6nelik ila\u00e7lar\u0131 da kullanmak gerekir. Ki\u015fi ayda, ya da 6 ayda bir kez migren krizi ge\u00e7iriyorsa uygulanmaz. Koruyucu tedavide ila\u00e7lar her g\u00fcn al\u0131n\u0131r. Bu ama\u00e7la kalp ila\u00e7lar\u0131, depresyon ila\u00e7lar\u0131, epilepsi ila\u00e7lar\u0131 kullan\u0131lmaktad\u0131r. A\u011fr\u0131 kesicilerin herg\u00fcn al\u0131nmas\u0131 sak\u0131ncal\u0131d\u0131r.[\/vc_column_text][vc_column_text curly_padding_side=&#8221;content-side-padding-xxl&#8221;]\n<h3><strong>\u0130la\u00e7 d\u0131\u015f\u0131nda tedavi alternatifleri var m\u0131?<\/strong><\/h3>\n<p>Gerilim tipi ba\u015f a\u011fr\u0131s\u0131nda biofeedback (geri iletim &#8211; gev\u015feme e\u011fitimi), migrende akupunktur, kronik a\u011fr\u0131larda doku masaj\u0131, Riboflavin, magnezyum, \u2018fever few\u2019 bitkisi i\u00e7eren ila\u00e7lar alternatif tedaviler olarak kullan\u0131lmaktad\u0131r.[\/vc_column_text][\/vc_column][\/vc_row]\n<\/div>","protected":false},"excerpt":{"rendered":"<p>[vc_row curly_padding=&#8221;content-padding-none&#8221;][vc_column curly_padding=&#8221;content-padding&#8221;][vc_column_text] KRON\u0130K BA\u015e A\u011eRISI ve BA\u015e D\u00d6NMELER\u0130 [\/vc_column_text][\/vc_column][\/vc_row][vc_row full_width=&#8221;stretch_row&#8221; equal_height=&#8221;yes&#8221; content_placement=&#8221;middle&#8221; curly_padding=&#8221;content-padding-none&#8221; css=&#8221;.vc_custom_1549831963946{border-bottom-width: 1px !important;border-bottom-color: #f4f4f4 !important;border-bottom-style: solid !important;}&#8221;][vc_column width=&#8221;1\/2&#8243; curly_padding=&#8221;content-padding-xs&#8221;][vc_single_image image=&#8221;3069&#8243; img_size=&#8221;large&#8221; css=&#8221;.vc_custom_1544902972091{margin-bottom: 0px !important;}&#8221; el_class=&#8221;img-frame-large&#8221;][\/vc_column][vc_column width=&#8221;1\/2&#8243; curly_bg_position=&#8221;bg-pos-center-center&#8221;][vc_column_text curly_padding_side=&#8221;content-side-padding-xxl&#8221;]Uluslararas\u0131 Ba\u015f a\u011fr\u0131s\u0131 Derne\u011fi ba\u015f a\u011fr\u0131lar\u0131n\u0131 14 ana grup ve y\u00fczlerce alt grup olarak s\u0131n\u0131fland\u0131rm\u0131\u015ft\u0131r. Do\u011frudan do\u011fruya ba\u015f a\u011fr\u0131s\u0131 tablosuyla ortaya \u00e7\u0131kan, ba\u015fka bir hastal\u0131kla ili\u015fkisi olmayan ba\u015f a\u011fr\u0131lar\u0131 [&hellip;]<\/p>\n","protected":false},"author":1,"featured_media":0,"parent":2995,"menu_order":0,"comment_status":"closed","ping_status":"closed","template":"","meta":{"inline_featured_image":false,"footnotes":""},"class_list":["post-3068","page","type-page","status-publish","hentry"],"yoast_head":"<!-- This site is optimized with the Yoast SEO plugin v25.7 - https:\/\/yoast.com\/wordpress\/plugins\/seo\/ -->\n<title>KRON\u0130K BA\u015e A\u011eRISI ve BA\u015e D\u00d6NMELER\u0130KRON\u0130K BA\u015e A\u011eRISI ve BA\u015e D\u00d6NMELER\u0130KRON\u0130K BA\u015e A\u011eRISI ve BA\u015e D\u00d6NMELER\u0130<\/title>\n<meta name=\"description\" content=\"KRON\u0130K BA\u015e A\u011eRISI ve BA\u015e D\u00d6NMELER\u0130\" \/>\n<meta name=\"robots\" content=\"index, follow, max-snippet:-1, max-image-preview:large, max-video-preview:-1\" \/>\n<link rel=\"canonical\" href=\"https:\/\/www.erdemyorukoglu.com\/tr\/tedaviler\/kronik-bas-agrisi-ve-bas-donmeleri\/\" \/>\n<meta property=\"og:locale\" content=\"tr_TR\" \/>\n<meta property=\"og:locale:alternate\" content=\"en_US\" \/>\n<meta property=\"og:locale:alternate\" content=\"De_GR\" \/>\n<meta property=\"og:type\" content=\"article\" \/>\n<meta property=\"og:title\" content=\"KRON\u0130K BA\u015e A\u011eRISI ve BA\u015e D\u00d6NMELER\u0130KRON\u0130K BA\u015e A\u011eRISI ve BA\u015e D\u00d6NMELER\u0130KRON\u0130K BA\u015e A\u011eRISI ve BA\u015e D\u00d6NMELER\u0130\" \/>\n<meta property=\"og:description\" content=\"KRON\u0130K BA\u015e A\u011eRISI ve BA\u015e D\u00d6NMELER\u0130\" \/>\n<meta property=\"og:url\" content=\"https:\/\/www.erdemyorukoglu.com\/tr\/tedaviler\/kronik-bas-agrisi-ve-bas-donmeleri\/\" \/>\n<meta property=\"og:site_name\" content=\"Erdem Y\u00f6r\u00fcko\u011flu \/\/ Manuel Terapi, Fizyoterapist, Ankara\" \/>\n<meta property=\"article:modified_time\" content=\"2025-08-16T14:00:07+00:00\" \/>\n<meta property=\"og:image\" content=\"https:\/\/www.erdemyorukoglu.com\/wp-content\/uploads\/2018\/12\/migren.jpg\" \/>\n\t<meta property=\"og:image:width\" content=\"1200\" \/>\n\t<meta property=\"og:image:height\" content=\"800\" \/>\n\t<meta property=\"og:image:type\" content=\"image\/jpeg\" \/>\n<meta name=\"twitter:card\" content=\"summary_large_image\" \/>\n<meta name=\"twitter:label1\" content=\"Tahmini okuma s\u00fcresi\" \/>\n\t<meta name=\"twitter:data1\" content=\"4 dakika\" \/>\n<script type=\"application\/ld+json\" class=\"yoast-schema-graph\">{\"@context\":\"https:\/\/schema.org\",\"@graph\":[{\"@type\":\"WebPage\",\"@id\":\"https:\/\/www.erdemyorukoglu.com\/tr\/tedaviler\/kronik-bas-agrisi-ve-bas-donmeleri\/\",\"url\":\"https:\/\/www.erdemyorukoglu.com\/tr\/tedaviler\/kronik-bas-agrisi-ve-bas-donmeleri\/\",\"name\":\"KRON\u0130K BA\u015e A\u011eRISI ve BA\u015e D\u00d6NMELER\u0130KRON\u0130K BA\u015e A\u011eRISI ve BA\u015e D\u00d6NMELER\u0130KRON\u0130K BA\u015e A\u011eRISI ve BA\u015e D\u00d6NMELER\u0130\",\"isPartOf\":{\"@id\":\"https:\/\/www.erdemyorukoglu.com\/en\/#website\"},\"datePublished\":\"2018-12-15T19:58:29+00:00\",\"dateModified\":\"2025-08-16T14:00:07+00:00\",\"description\":\"KRON\u0130K BA\u015e A\u011eRISI ve BA\u015e D\u00d6NMELER\u0130\",\"breadcrumb\":{\"@id\":\"https:\/\/www.erdemyorukoglu.com\/tr\/tedaviler\/kronik-bas-agrisi-ve-bas-donmeleri\/#breadcrumb\"},\"inLanguage\":\"tr-TR\",\"potentialAction\":[{\"@type\":\"ReadAction\",\"target\":[\"https:\/\/www.erdemyorukoglu.com\/tr\/tedaviler\/kronik-bas-agrisi-ve-bas-donmeleri\/\"]}]},{\"@type\":\"BreadcrumbList\",\"@id\":\"https:\/\/www.erdemyorukoglu.com\/tr\/tedaviler\/kronik-bas-agrisi-ve-bas-donmeleri\/#breadcrumb\",\"itemListElement\":[{\"@type\":\"ListItem\",\"position\":1,\"name\":\"MANUEL TERAP\u0130 ANKARA %%sep%% %%sitename%%\",\"item\":\"https:\/\/www.erdemyorukoglu.com\/de\/\"},{\"@type\":\"ListItem\",\"position\":2,\"name\":\"TEDAV\u0130LER\",\"item\":\"https:\/\/www.erdemyorukoglu.com\/en\/tedaviler\/\"},{\"@type\":\"ListItem\",\"position\":3,\"name\":\"KRON\u0130K BA\u015e A\u011eRISI ve BA\u015e D\u00d6NMELER\u0130\"}]},{\"@type\":\"WebSite\",\"@id\":\"https:\/\/www.erdemyorukoglu.com\/en\/#website\",\"url\":\"https:\/\/www.erdemyorukoglu.com\/en\/\",\"name\":\"Erdem Y\u00f6r\u00fcko\u011flu \/\/ Manuel Terapi, Fizyoterapist, Ankara\",\"description\":\"Manuel Terapi, Kayropraktik, Fizyoterapi, Bel ve Boyun F\u0131t\u0131\u011f\u0131, Lenf\u00f6dem Tedavisi, Gyrotonic, Skolyoz, Ankara\",\"publisher\":{\"@id\":\"https:\/\/www.erdemyorukoglu.com\/en\/#\/schema\/person\/854314645f5beb1ce61d3d55971d52e1\"},\"potentialAction\":[{\"@type\":\"SearchAction\",\"target\":{\"@type\":\"EntryPoint\",\"urlTemplate\":\"https:\/\/www.erdemyorukoglu.com\/en\/?s={search_term_string}\"},\"query-input\":{\"@type\":\"PropertyValueSpecification\",\"valueRequired\":true,\"valueName\":\"search_term_string\"}}],\"inLanguage\":\"tr-TR\"},{\"@type\":[\"Person\",\"Organization\"],\"@id\":\"https:\/\/www.erdemyorukoglu.com\/en\/#\/schema\/person\/854314645f5beb1ce61d3d55971d52e1\",\"name\":\"Erdem Y\u00f6r\u00fcko\u011flu\",\"image\":{\"@type\":\"ImageObject\",\"inLanguage\":\"tr-TR\",\"@id\":\"https:\/\/www.erdemyorukoglu.com\/en\/#\/schema\/person\/image\/\",\"url\":\"https:\/\/www.erdemyorukoglu.com\/wp-content\/uploads\/2018\/11\/fav-icon-1.png\",\"contentUrl\":\"https:\/\/www.erdemyorukoglu.com\/wp-content\/uploads\/2018\/11\/fav-icon-1.png\",\"width\":512,\"height\":512,\"caption\":\"Erdem Y\u00f6r\u00fcko\u011flu\"},\"logo\":{\"@id\":\"https:\/\/www.erdemyorukoglu.com\/en\/#\/schema\/person\/image\/\"}}]}<\/script>\n<!-- \/ Yoast SEO plugin. -->","yoast_head_json":{"title":"KRON\u0130K BA\u015e A\u011eRISI ve BA\u015e D\u00d6NMELER\u0130KRON\u0130K BA\u015e A\u011eRISI ve BA\u015e D\u00d6NMELER\u0130KRON\u0130K BA\u015e A\u011eRISI ve BA\u015e D\u00d6NMELER\u0130","description":"KRON\u0130K BA\u015e A\u011eRISI ve BA\u015e D\u00d6NMELER\u0130","robots":{"index":"index","follow":"follow","max-snippet":"max-snippet:-1","max-image-preview":"max-image-preview:large","max-video-preview":"max-video-preview:-1"},"canonical":"https:\/\/www.erdemyorukoglu.com\/tr\/tedaviler\/kronik-bas-agrisi-ve-bas-donmeleri\/","og_locale":"tr_TR","og_type":"article","og_title":"[:tr][:tr]KRON\u0130K BA\u015e A\u011eRISI ve BA\u015e D\u00d6NMELER\u0130[:en]CHRONIC HEADACHES AND DIZZINESS[:de]CHRON\u0130SCHE KOPFSCHL\u00c4GE UND SCHW\u0130NDEL[:] - Erdem Y\u00f6r\u00fcko\u011flu \/\/ Manuel Terapi, Fizyoterapist, Ankara[:en][:tr]KRON\u0130K BA\u015e A\u011eRISI ve BA\u015e D\u00d6NMELER\u0130[:en]CHRONIC HEADACHES AND DIZZINESS[:de]CHRON\u0130SCHE KOPFSCHL\u00c4GE UND SCHW\u0130NDEL[:] - Erdem Y\u00f6r\u00fcko\u011flu \/\/ Manuel Terapi, Fizyoterapist, Ankara[:de]Erdem Y\u00f6r\u00fcko\u011flu \/\/ Manuel Terapi, Fizyoterapist, Ankara - [:tr]KRON\u0130K BA\u015e A\u011eRISI ve BA\u015e D\u00d6NMELER\u0130[:en]CHRONIC HEADACHES AND DIZZINESS[:de]CHRON\u0130SCHE KOPFSCHL\u00c4GE UND SCHW\u0130NDEL[:][:]","og_description":"[:tr]KRON\u0130K BA\u015e A\u011eRISI ve BA\u015e D\u00d6NMELER\u0130[:]","og_url":"https:\/\/www.erdemyorukoglu.com\/tr\/tedaviler\/kronik-bas-agrisi-ve-bas-donmeleri\/","og_site_name":"Erdem Y\u00f6r\u00fcko\u011flu \/\/ Manuel Terapi, Fizyoterapist, Ankara","article_modified_time":"2025-08-16T14:00:07+00:00","og_image":[{"width":1200,"height":800,"url":"https:\/\/www.erdemyorukoglu.com\/wp-content\/uploads\/2018\/12\/migren.jpg","type":"image\/jpeg"}],"twitter_card":"summary_large_image","twitter_misc":{"Tahmini okuma s\u00fcresi":"4 dakika"},"schema":{"@context":"https:\/\/schema.org","@graph":[{"@type":"WebPage","@id":"https:\/\/www.erdemyorukoglu.com\/tr\/tedaviler\/kronik-bas-agrisi-ve-bas-donmeleri\/","url":"https:\/\/www.erdemyorukoglu.com\/tr\/tedaviler\/kronik-bas-agrisi-ve-bas-donmeleri\/","name":"KRON\u0130K BA\u015e A\u011eRISI ve BA\u015e D\u00d6NMELER\u0130KRON\u0130K BA\u015e A\u011eRISI ve BA\u015e D\u00d6NMELER\u0130KRON\u0130K BA\u015e A\u011eRISI ve BA\u015e D\u00d6NMELER\u0130","isPartOf":{"@id":"https:\/\/www.erdemyorukoglu.com\/en\/#website"},"datePublished":"2018-12-15T19:58:29+00:00","dateModified":"2025-08-16T14:00:07+00:00","description":"KRON\u0130K BA\u015e A\u011eRISI ve BA\u015e D\u00d6NMELER\u0130","breadcrumb":{"@id":"https:\/\/www.erdemyorukoglu.com\/tr\/tedaviler\/kronik-bas-agrisi-ve-bas-donmeleri\/#breadcrumb"},"inLanguage":"tr-TR","potentialAction":[{"@type":"ReadAction","target":["https:\/\/www.erdemyorukoglu.com\/tr\/tedaviler\/kronik-bas-agrisi-ve-bas-donmeleri\/"]}]},{"@type":"BreadcrumbList","@id":"https:\/\/www.erdemyorukoglu.com\/tr\/tedaviler\/kronik-bas-agrisi-ve-bas-donmeleri\/#breadcrumb","itemListElement":[{"@type":"ListItem","position":1,"name":"MANUEL TERAP\u0130 ANKARA %%sep%% %%sitename%%","item":"https:\/\/www.erdemyorukoglu.com\/de\/"},{"@type":"ListItem","position":2,"name":"TEDAV\u0130LER","item":"https:\/\/www.erdemyorukoglu.com\/en\/tedaviler\/"},{"@type":"ListItem","position":3,"name":"KRON\u0130K BA\u015e A\u011eRISI ve BA\u015e D\u00d6NMELER\u0130"}]},{"@type":"WebSite","@id":"https:\/\/www.erdemyorukoglu.com\/en\/#website","url":"https:\/\/www.erdemyorukoglu.com\/en\/","name":"Erdem Y\u00f6r\u00fcko\u011flu \/\/ Manuel Terapi, Fizyoterapist, Ankara","description":"Manuel Terapi, Kayropraktik, Fizyoterapi, Bel ve Boyun F\u0131t\u0131\u011f\u0131, Lenf\u00f6dem Tedavisi, Gyrotonic, Skolyoz, Ankara","publisher":{"@id":"https:\/\/www.erdemyorukoglu.com\/en\/#\/schema\/person\/854314645f5beb1ce61d3d55971d52e1"},"potentialAction":[{"@type":"SearchAction","target":{"@type":"EntryPoint","urlTemplate":"https:\/\/www.erdemyorukoglu.com\/en\/?s={search_term_string}"},"query-input":{"@type":"PropertyValueSpecification","valueRequired":true,"valueName":"search_term_string"}}],"inLanguage":"tr-TR"},{"@type":["Person","Organization"],"@id":"https:\/\/www.erdemyorukoglu.com\/en\/#\/schema\/person\/854314645f5beb1ce61d3d55971d52e1","name":"Erdem Y\u00f6r\u00fcko\u011flu","image":{"@type":"ImageObject","inLanguage":"tr-TR","@id":"https:\/\/www.erdemyorukoglu.com\/en\/#\/schema\/person\/image\/","url":"https:\/\/www.erdemyorukoglu.com\/wp-content\/uploads\/2018\/11\/fav-icon-1.png","contentUrl":"https:\/\/www.erdemyorukoglu.com\/wp-content\/uploads\/2018\/11\/fav-icon-1.png","width":512,"height":512,"caption":"Erdem Y\u00f6r\u00fcko\u011flu"},"logo":{"@id":"https:\/\/www.erdemyorukoglu.com\/en\/#\/schema\/person\/image\/"}}]}},"_links":{"self":[{"href":"https:\/\/www.erdemyorukoglu.com\/tr\/wp-json\/wp\/v2\/pages\/3068","targetHints":{"allow":["GET"]}}],"collection":[{"href":"https:\/\/www.erdemyorukoglu.com\/tr\/wp-json\/wp\/v2\/pages"}],"about":[{"href":"https:\/\/www.erdemyorukoglu.com\/tr\/wp-json\/wp\/v2\/types\/page"}],"author":[{"embeddable":true,"href":"https:\/\/www.erdemyorukoglu.com\/tr\/wp-json\/wp\/v2\/users\/1"}],"replies":[{"embeddable":true,"href":"https:\/\/www.erdemyorukoglu.com\/tr\/wp-json\/wp\/v2\/comments?post=3068"}],"version-history":[{"count":11,"href":"https:\/\/www.erdemyorukoglu.com\/tr\/wp-json\/wp\/v2\/pages\/3068\/revisions"}],"predecessor-version":[{"id":3736,"href":"https:\/\/www.erdemyorukoglu.com\/tr\/wp-json\/wp\/v2\/pages\/3068\/revisions\/3736"}],"up":[{"embeddable":true,"href":"https:\/\/www.erdemyorukoglu.com\/tr\/wp-json\/wp\/v2\/pages\/2995"}],"wp:attachment":[{"href":"https:\/\/www.erdemyorukoglu.com\/tr\/wp-json\/wp\/v2\/media?parent=3068"}],"curies":[{"name":"wp","href":"https:\/\/api.w.org\/{rel}","templated":true}]}}