{"id":3086,"date":"2018-12-16T00:08:23","date_gmt":"2018-12-15T21:08:23","guid":{"rendered":"https:\/\/www.erdemyorukoglu.com\/?page_id=3086"},"modified":"2025-08-16T17:06:16","modified_gmt":"2025-08-16T14:06:16","slug":"schroth-3d-skolyoz-tedavisi","status":"publish","type":"page","link":"https:\/\/www.erdemyorukoglu.com\/tr\/uzmanliklar\/schroth-3d-skolyoz-tedavisi\/","title":{"rendered":"SCHROTH 3D SKOLYOZ TEDAV\u0130S\u0130"},"content":{"rendered":"<div class=\"wpb-content-wrapper\">[vc_row curly_padding=&#8221;content-padding-none&#8221;][vc_column curly_padding=&#8221;content-padding&#8221;][vc_column_text]\n<h1 style=\"text-align: center;\"><strong>SCHROTH-3D<\/strong><\/h1>\n<h1 style=\"text-align: center;\"><strong>SKOLYOZ TEDAV\u0130S\u0130<\/strong><\/h1>\n[\/vc_column_text][\/vc_column][\/vc_row][vc_row full_width=&#8221;stretch_row&#8221; content_placement=&#8221;top&#8221; curly_padding=&#8221;content-padding-none&#8221; css=&#8221;.vc_custom_1755353167843{border-bottom-width: 1px !important;border-bottom-color: #f4f4f4 !important;border-bottom-style: solid !important;}&#8221;][vc_column width=&#8221;1\/2&#8243; curly_padding=&#8221;content-padding-none&#8221;][vc_single_image image=&#8221;3097&#8243; img_size=&#8221;large&#8221; alignment=&#8221;center&#8221; css=&#8221;.vc_custom_1544909233051{margin-bottom: 0px !important;}&#8221; el_class=&#8221;img-frame-large&#8221;][\/vc_column][vc_column width=&#8221;1\/2&#8243; curly_bg_position=&#8221;bg-pos-center-center&#8221; curly_padding=&#8221;content-padding-none&#8221;][vc_column_text curly_padding_side=&#8221;content-side-padding-xxl&#8221;]Skolyoz i\u00e7in \u00fc\u00e7 boyutlu tedavi y\u00f6ntemi,1921 y\u0131l\u0131ndan beri Almanyada kullan\u0131lmaktad\u0131r. Mrs.Kathrine Schroth, bu y\u00f6ntemi ilk olarak kendisinde 11 y\u0131l kulland\u0131ktan sonra, bir \u00e7ok bilgiyi bir araya getirerek, \u00f6\u011fretilebilinir bir y\u00f6ntem mozai\u011fi olu\u015fturmu\u015ftur. Bu tedavi y\u00f6ntemi, \u0130ngilizce konu\u015fulan \u00fclkelerde fizyoterapist Sonja Hansen taraf\u0131ndan tan\u0131t\u0131lm\u0131\u015ft\u0131r. Mrs. Kathrine Schort\u2019un \u00fc\u00e7 boyutlu skolyoz tedavisi, bir\u00e7ok \u00fclke ve t\u0131bbi otoriteler taraf\u0131ndan zaman zaman de\u011ferlendirilerek, solunum \u00fczerine odakla\u015ft\u0131\u011f\u0131 i\u00e7in g\u00fcvenilebilinir bir y\u00f6ntem oldu\u011funa karar verilmi\u015ftir.<\/p>\n<p>Bu y\u00f6ntemde, hasta kulland\u0131\u011f\u0131 y\u00f6ntemin \u00f6nemi i\u00e7in ikna ve motive edilmelidir.<br \/>\n\u00dc\u00e7 boyutlu tedavi y\u00f6ntemi ile puberteye ba\u011fl\u0131 skolyoz olgular\u0131nda daha \u00e7ok ba\u015far\u0131 sa\u011flanmaktad\u0131r. Burada kar\u015f\u0131la\u015f\u0131lan zorluk, bu \u00e7a\u011flarda ki\u015fili\u011fin hen\u00fcz yerle\u015fmemi\u015f olu\u015fudur. Bu nedenle fizyoterapist pedogojik ve fizyolojik yeteneklerini kullanarak zorluklar\u0131 yenmelidir. Bu tedavinin denenme sebeplerinin ba\u015f\u0131nda, her \u00fc\u00e7 d\u00fczlemde e\u011fli\u011fin y\u00f6n\u00fcne g\u00f6re d\u00fczeltici etkiyle egzersiz tasarlanmas\u0131d\u0131r.<\/p>\n<p>Hedef, post\u00fcrde kal\u0131c\u0131 de\u011fi\u015fiklikler olu\u015fturmaktad\u0131r.<\/p>\n<p>\u00dc\u00e7 boyutlu skolyoz tedavisinde ama\u00e7 \u00fc\u00e7 boyutlu d\u00fczeltmeyi sa\u011flamakt\u0131r.<\/p>\n<h4><strong>Prensipleri:<\/strong><\/h4>\n<p>\u2022 B\u00f6lgesel solunum teknikleriyle spinal rotasyonu d\u00fczeltmek ve akci\u011fer kapasitesini art\u0131rmak<br \/>\n\u2022 \u0130zometrik egzersizler, solunum teknikleri ve pelvik d\u00fczeltme egzersizleriyle spinal post\u00fcr\u00fcn d\u00fczeltilmesi<br \/>\n\u2022 Terapi s\u0131ras\u0131nda ve g\u00fcnl\u00fck ya\u015famda do\u011fru post\u00fcr\u00fcn sa\u011flan\u0131p korunmas\u0131,<br \/>\n\u2022 Bacak, ayak, s\u0131rt ve kar\u0131n kaslar\u0131n\u0131n kuvvetlendirilmesidir.[\/vc_column_text][\/vc_column][\/vc_row][vc_row full_width=&#8221;stretch_row&#8221; curly_padding=&#8221;content-padding-none&#8221;][vc_column][vc_single_image image=&#8221;3198&#8243; img_size=&#8221;full&#8221; style=&#8221;img-frame-large&#8221;][\/vc_column][\/vc_row][vc_row full_width=&#8221;stretch_row&#8221; equal_height=&#8221;yes&#8221; content_placement=&#8221;top&#8221; css=&#8221;.vc_custom_1544904340173{border-bottom-width: 1px !important;border-bottom-color: #f4f4f4 !important;border-bottom-style: solid !important;}&#8221;][vc_column width=&#8221;1\/2&#8243; curly_bg_position=&#8221;bg-pos-center-top&#8221;][vc_column_text curly_padding_side=&#8221;content-side-padding-xxl&#8221;]\n<h3><strong>Schroth Tedavi Program\u0131na Kimler Uygun?<\/strong><\/h3>\n<p>Schroth program\u0131 omurgada 3 boyutlu d\u00fczeltmeye y\u00f6nelik bir program olup post\u00fcral d\u00fczg\u00fcnl\u00fc\u011f\u00fcn sa\u011flanmas\u0131nda etkilidir. Hedef, \u00f6zellikle boy uzamas\u0131n\u0131n h\u0131zland\u0131\u011f\u0131 d\u00f6nemlerde (puberte gibi) art\u0131\u015f g\u00f6steren kifoz ve skolyoz a\u00e7\u0131lar\u0131n\u0131n kontrol alt\u0131na al\u0131n\u0131p olu\u015fmu\u015f a\u00e7\u0131n\u0131n gerilemesini sa\u011flamakt\u0131r. Eri\u015fkinlerde ise ama\u00e7 daha \u00e7ok v\u00fccudun post\u00fcral d\u00fczg\u00fcnl\u00fc\u011f\u00fcn\u00fc sa\u011flamak, v\u00fccudu, \u00f6zellikle pelvisi merkezde toplayarak d\u00fczg\u00fcn bir duru\u015f sa\u011flamak, omurga \u00e7evresi adeleleri germek \/ rahatlatmak ve kronik s\u0131rt ve bel a\u011fr\u0131lar\u0131n\u0131 minimale indirmektir.[\/vc_column_text][\/vc_column][vc_column width=&#8221;1\/2&#8243; curly_bg_position=&#8221;bg-pos-center-top&#8221;][vc_column_text curly_padding_side=&#8221;content-side-padding-xxl&#8221;]\n<h3><strong>Tedavinin Gidi\u015fat\u0131?<\/strong><\/h3>\n<p>Tedaviye uygun g\u00f6r\u00fclen hasta genelde haftada bir veya iki g\u00fcn tedaviye \u00e7a\u011f\u0131r\u0131lmaktad\u0131r. Tedaviye ilk ba\u015fland\u0131\u011f\u0131 g\u00fcn ki\u015finin ba\u015flang\u0131\u00e7 foto\u011fraflar\u0131, X-Ray g\u00f6r\u00fcnt\u00fclerinin foto\u011fraflar\u0131 al\u0131n\u0131p a\u00e7\u0131 ve skolyoun tipi de\u011ferlendirilir. Her hafta yakla\u015f\u0131k birer saatlik e\u011fitim programlar\u0131yla Schroth prensipleri , postural fark\u0131ndal\u0131k sa\u011flan\u0131r. Her alt\u0131 haftal\u0131k period sonunda tekrar \u00e7ekilen foto\u011fraflarla post\u00fcral de\u011fi\u015fimler de\u011ferlendirilir. \u0130htiyaca g\u00f6re 4\/6\/12 ayl\u0131k doktor kontrollerinde \u00e7ekilen X-raylerle a\u00e7\u0131lar tekrar g\u00f6zden ge\u00e7irilir.[\/vc_column_text][\/vc_column][\/vc_row]\n<\/div>","protected":false},"excerpt":{"rendered":"<p>[vc_row curly_padding=&#8221;content-padding-none&#8221;][vc_column curly_padding=&#8221;content-padding&#8221;][vc_column_text] SCHROTH-3D SKOLYOZ TEDAV\u0130S\u0130 [\/vc_column_text][\/vc_column][\/vc_row][vc_row full_width=&#8221;stretch_row&#8221; content_placement=&#8221;top&#8221; curly_padding=&#8221;content-padding-none&#8221; css=&#8221;.vc_custom_1755353167843{border-bottom-width: 1px !important;border-bottom-color: #f4f4f4 !important;border-bottom-style: solid !important;}&#8221;][vc_column width=&#8221;1\/2&#8243; curly_padding=&#8221;content-padding-none&#8221;][vc_single_image image=&#8221;3097&#8243; img_size=&#8221;large&#8221; alignment=&#8221;center&#8221; css=&#8221;.vc_custom_1544909233051{margin-bottom: 0px !important;}&#8221; el_class=&#8221;img-frame-large&#8221;][\/vc_column][vc_column width=&#8221;1\/2&#8243; curly_bg_position=&#8221;bg-pos-center-center&#8221; curly_padding=&#8221;content-padding-none&#8221;][vc_column_text curly_padding_side=&#8221;content-side-padding-xxl&#8221;]Skolyoz i\u00e7in \u00fc\u00e7 boyutlu tedavi y\u00f6ntemi,1921 y\u0131l\u0131ndan beri Almanyada kullan\u0131lmaktad\u0131r. Mrs.Kathrine Schroth, bu y\u00f6ntemi ilk olarak kendisinde 11 y\u0131l kulland\u0131ktan sonra, bir \u00e7ok bilgiyi bir araya getirerek, \u00f6\u011fretilebilinir bir y\u00f6ntem mozai\u011fi [&hellip;]<\/p>\n","protected":false},"author":1,"featured_media":0,"parent":9,"menu_order":0,"comment_status":"closed","ping_status":"closed","template":"","meta":{"inline_featured_image":false,"footnotes":""},"class_list":["post-3086","page","type-page","status-publish","hentry"],"yoast_head":"<!-- This site is optimized with the Yoast SEO plugin v25.7 - https:\/\/yoast.com\/wordpress\/plugins\/seo\/ -->\n<title>SCHROTH - 3D SKOLYOZ TEDAV\u0130S\u0130 - Erdem Y\u00f6r\u00fcko\u011flu \/\/ Manuel Terapi, Fizyoterapist, AnkaraSCHROTH 3D SKOLYOZ TEDAV\u0130S\u0130SCHROTH 3D SKOLYOZ TEDAV\u0130S\u0130<\/title>\n<meta name=\"description\" content=\"Skolyoz Tedavisi; Ameliyats\u0131z olarak Skolyoz tedavisi i\u00e7in erken tan\u0131 \u00f6nemlidir. Skolyozun en s\u0131k g\u00f6r\u00fclen semptomu, anormal omurga e\u011frisidir. \u00c7o\u011funlukla bu hafif bir de\u011fi\u015fikliktir ve ilk olarak bir arkada\u015f ya da aile \u00fcyesi ya da \u00e7ocu\u011fun okul ya da spor i\u00e7in rutin taramas\u0131 yapmas\u0131yla farkedilebilir. Erken tan\u0131 ve tedavi i\u00e7in Ankara \u00dcmitk\u00f6y&#039;de bulunan muayenehanemize bekleriz.\" \/>\n<meta name=\"robots\" content=\"index, follow, max-snippet:-1, max-image-preview:large, max-video-preview:-1\" \/>\n<link rel=\"canonical\" href=\"https:\/\/www.erdemyorukoglu.com\/tr\/uzmanliklar\/schroth-3d-skolyoz-tedavisi\/\" \/>\n<meta property=\"og:locale\" content=\"tr_TR\" \/>\n<meta property=\"og:locale:alternate\" content=\"en_US\" \/>\n<meta property=\"og:locale:alternate\" content=\"De_GR\" \/>\n<meta property=\"og:type\" content=\"article\" \/>\n<meta property=\"og:title\" content=\"SCHROTH - 3D SKOLYOZ TEDAV\u0130S\u0130 - Erdem Y\u00f6r\u00fcko\u011flu \/\/ Manuel Terapi, Fizyoterapist, AnkaraSCHROTH 3D SKOLYOZ TEDAV\u0130S\u0130SCHROTH 3D SKOLYOZ TEDAV\u0130S\u0130\" \/>\n<meta property=\"og:description\" content=\"Skolyoz Tedavisi; Ameliyats\u0131z olarak Skolyoz tedavisi i\u00e7in erken tan\u0131 \u00f6nemlidir. Skolyozun en s\u0131k g\u00f6r\u00fclen semptomu, anormal omurga e\u011frisidir. \u00c7o\u011funlukla bu hafif bir de\u011fi\u015fikliktir ve ilk olarak bir arkada\u015f ya da aile \u00fcyesi ya da \u00e7ocu\u011fun okul ya da spor i\u00e7in rutin taramas\u0131 yapmas\u0131yla farkedilebilir. Erken tan\u0131 ve tedavi i\u00e7in Ankara \u00dcmitk\u00f6y&#039;de bulunan muayenehanemize bekleriz.\" \/>\n<meta property=\"og:url\" content=\"https:\/\/www.erdemyorukoglu.com\/tr\/uzmanliklar\/schroth-3d-skolyoz-tedavisi\/\" \/>\n<meta property=\"og:site_name\" content=\"Erdem Y\u00f6r\u00fcko\u011flu \/\/ Manuel Terapi, Fizyoterapist, Ankara\" \/>\n<meta property=\"article:modified_time\" content=\"2025-08-16T14:06:16+00:00\" \/>\n<meta name=\"twitter:card\" content=\"summary_large_image\" \/>\n<meta name=\"twitter:label1\" content=\"Tahmini okuma s\u00fcresi\" \/>\n\t<meta name=\"twitter:data1\" content=\"3 dakika\" \/>\n<script type=\"application\/ld+json\" class=\"yoast-schema-graph\">{\"@context\":\"https:\/\/schema.org\",\"@graph\":[{\"@type\":\"WebPage\",\"@id\":\"https:\/\/www.erdemyorukoglu.com\/tr\/uzmanliklar\/schroth-3d-skolyoz-tedavisi\/\",\"url\":\"https:\/\/www.erdemyorukoglu.com\/tr\/uzmanliklar\/schroth-3d-skolyoz-tedavisi\/\",\"name\":\"SCHROTH - 3D SKOLYOZ TEDAV\u0130S\u0130 - Erdem Y\u00f6r\u00fcko\u011flu \/\/ Manuel Terapi, Fizyoterapist, AnkaraSCHROTH 3D SKOLYOZ TEDAV\u0130S\u0130SCHROTH 3D SKOLYOZ TEDAV\u0130S\u0130\",\"isPartOf\":{\"@id\":\"https:\/\/www.erdemyorukoglu.com\/en\/#website\"},\"datePublished\":\"2018-12-15T21:08:23+00:00\",\"dateModified\":\"2025-08-16T14:06:16+00:00\",\"description\":\"Skolyoz Tedavisi; Ameliyats\u0131z olarak Skolyoz tedavisi i\u00e7in erken tan\u0131 \u00f6nemlidir. Skolyozun en s\u0131k g\u00f6r\u00fclen semptomu, anormal omurga e\u011frisidir. \u00c7o\u011funlukla bu hafif bir de\u011fi\u015fikliktir ve ilk olarak bir arkada\u015f ya da aile \u00fcyesi ya da \u00e7ocu\u011fun okul ya da spor i\u00e7in rutin taramas\u0131 yapmas\u0131yla farkedilebilir. Erken tan\u0131 ve tedavi i\u00e7in Ankara \u00dcmitk\u00f6y'de bulunan muayenehanemize bekleriz.\",\"breadcrumb\":{\"@id\":\"https:\/\/www.erdemyorukoglu.com\/tr\/uzmanliklar\/schroth-3d-skolyoz-tedavisi\/#breadcrumb\"},\"inLanguage\":\"tr-TR\",\"potentialAction\":[{\"@type\":\"ReadAction\",\"target\":[\"https:\/\/www.erdemyorukoglu.com\/tr\/uzmanliklar\/schroth-3d-skolyoz-tedavisi\/\"]}]},{\"@type\":\"BreadcrumbList\",\"@id\":\"https:\/\/www.erdemyorukoglu.com\/tr\/uzmanliklar\/schroth-3d-skolyoz-tedavisi\/#breadcrumb\",\"itemListElement\":[{\"@type\":\"ListItem\",\"position\":1,\"name\":\"MANUEL TERAP\u0130 ANKARA %%sep%% %%sitename%%\",\"item\":\"https:\/\/www.erdemyorukoglu.com\/de\/\"},{\"@type\":\"ListItem\",\"position\":2,\"name\":\"UZMANLIKLAR\",\"item\":\"https:\/\/www.erdemyorukoglu.com\/de\/uzmanliklar\/\"},{\"@type\":\"ListItem\",\"position\":3,\"name\":\"SCHROTH 3D SKOLYOZ TEDAV\u0130S\u0130\"}]},{\"@type\":\"WebSite\",\"@id\":\"https:\/\/www.erdemyorukoglu.com\/en\/#website\",\"url\":\"https:\/\/www.erdemyorukoglu.com\/en\/\",\"name\":\"Erdem Y\u00f6r\u00fcko\u011flu \/\/ Manuel Terapi, Fizyoterapist, Ankara\",\"description\":\"Manuel Terapi, Kayropraktik, Fizyoterapi, Bel ve Boyun F\u0131t\u0131\u011f\u0131, Lenf\u00f6dem Tedavisi, Gyrotonic, Skolyoz, Ankara\",\"publisher\":{\"@id\":\"https:\/\/www.erdemyorukoglu.com\/en\/#\/schema\/person\/854314645f5beb1ce61d3d55971d52e1\"},\"potentialAction\":[{\"@type\":\"SearchAction\",\"target\":{\"@type\":\"EntryPoint\",\"urlTemplate\":\"https:\/\/www.erdemyorukoglu.com\/en\/?s={search_term_string}\"},\"query-input\":{\"@type\":\"PropertyValueSpecification\",\"valueRequired\":true,\"valueName\":\"search_term_string\"}}],\"inLanguage\":\"tr-TR\"},{\"@type\":[\"Person\",\"Organization\"],\"@id\":\"https:\/\/www.erdemyorukoglu.com\/en\/#\/schema\/person\/854314645f5beb1ce61d3d55971d52e1\",\"name\":\"Erdem Y\u00f6r\u00fcko\u011flu\",\"image\":{\"@type\":\"ImageObject\",\"inLanguage\":\"tr-TR\",\"@id\":\"https:\/\/www.erdemyorukoglu.com\/en\/#\/schema\/person\/image\/\",\"url\":\"https:\/\/www.erdemyorukoglu.com\/wp-content\/uploads\/2018\/11\/fav-icon-1.png\",\"contentUrl\":\"https:\/\/www.erdemyorukoglu.com\/wp-content\/uploads\/2018\/11\/fav-icon-1.png\",\"width\":512,\"height\":512,\"caption\":\"Erdem Y\u00f6r\u00fcko\u011flu\"},\"logo\":{\"@id\":\"https:\/\/www.erdemyorukoglu.com\/en\/#\/schema\/person\/image\/\"}}]}<\/script>\n<!-- \/ Yoast SEO plugin. -->","yoast_head_json":{"title":"SCHROTH - 3D SKOLYOZ TEDAV\u0130S\u0130 - Erdem Y\u00f6r\u00fcko\u011flu \/\/ Manuel Terapi, Fizyoterapist, AnkaraSCHROTH 3D SKOLYOZ TEDAV\u0130S\u0130SCHROTH 3D SKOLYOZ TEDAV\u0130S\u0130","description":"Skolyoz Tedavisi; Ameliyats\u0131z olarak Skolyoz tedavisi i\u00e7in erken tan\u0131 \u00f6nemlidir. Skolyozun en s\u0131k g\u00f6r\u00fclen semptomu, anormal omurga e\u011frisidir. \u00c7o\u011funlukla bu hafif bir de\u011fi\u015fikliktir ve ilk olarak bir arkada\u015f ya da aile \u00fcyesi ya da \u00e7ocu\u011fun okul ya da spor i\u00e7in rutin taramas\u0131 yapmas\u0131yla farkedilebilir. Erken tan\u0131 ve tedavi i\u00e7in Ankara \u00dcmitk\u00f6y'de bulunan muayenehanemize bekleriz.","robots":{"index":"index","follow":"follow","max-snippet":"max-snippet:-1","max-image-preview":"max-image-preview:large","max-video-preview":"max-video-preview:-1"},"canonical":"https:\/\/www.erdemyorukoglu.com\/tr\/uzmanliklar\/schroth-3d-skolyoz-tedavisi\/","og_locale":"tr_TR","og_type":"article","og_title":"[:tr]SCHROTH - 3D SKOLYOZ TEDAV\u0130S\u0130 - Erdem Y\u00f6r\u00fcko\u011flu \/\/ Manuel Terapi, Fizyoterapist, Ankara[:en][:tr]SCHROTH 3D SKOLYOZ TEDAV\u0130S\u0130[:en]SCHROTH-3D SCOLIOSIS TREATMENT[:de]SCHROTH-3D SKOL\u0130OSE BEHANDLUNG[:] - Erdem Y\u00f6r\u00fcko\u011flu \/\/ Manuel Terapi, Fizyoterapist, Ankara[:de]Erdem Y\u00f6r\u00fcko\u011flu \/\/ Manuel Terapi, Fizyoterapist, Ankara - [:tr]SCHROTH 3D SKOLYOZ TEDAV\u0130S\u0130[:en]SCHROTH-3D SCOLIOSIS TREATMENT[:de]SCHROTH-3D SKOL\u0130OSE BEHANDLUNG[:][:]","og_description":"[:tr]Skolyoz Tedavisi; Ameliyats\u0131z olarak Skolyoz tedavisi i\u00e7in erken tan\u0131 \u00f6nemlidir. Skolyozun en s\u0131k g\u00f6r\u00fclen semptomu, anormal omurga e\u011frisidir. \u00c7o\u011funlukla bu hafif bir de\u011fi\u015fikliktir ve ilk olarak bir arkada\u015f ya da aile \u00fcyesi ya da \u00e7ocu\u011fun okul ya da spor i\u00e7in rutin taramas\u0131 yapmas\u0131yla farkedilebilir. Erken tan\u0131 ve tedavi i\u00e7in Ankara \u00dcmitk\u00f6y'de bulunan muayenehanemize bekleriz.[:]","og_url":"https:\/\/www.erdemyorukoglu.com\/tr\/uzmanliklar\/schroth-3d-skolyoz-tedavisi\/","og_site_name":"Erdem Y\u00f6r\u00fcko\u011flu \/\/ Manuel Terapi, Fizyoterapist, Ankara","article_modified_time":"2025-08-16T14:06:16+00:00","twitter_card":"summary_large_image","twitter_misc":{"Tahmini okuma s\u00fcresi":"3 dakika"},"schema":{"@context":"https:\/\/schema.org","@graph":[{"@type":"WebPage","@id":"https:\/\/www.erdemyorukoglu.com\/tr\/uzmanliklar\/schroth-3d-skolyoz-tedavisi\/","url":"https:\/\/www.erdemyorukoglu.com\/tr\/uzmanliklar\/schroth-3d-skolyoz-tedavisi\/","name":"SCHROTH - 3D SKOLYOZ TEDAV\u0130S\u0130 - Erdem Y\u00f6r\u00fcko\u011flu \/\/ Manuel Terapi, Fizyoterapist, AnkaraSCHROTH 3D SKOLYOZ TEDAV\u0130S\u0130SCHROTH 3D SKOLYOZ TEDAV\u0130S\u0130","isPartOf":{"@id":"https:\/\/www.erdemyorukoglu.com\/en\/#website"},"datePublished":"2018-12-15T21:08:23+00:00","dateModified":"2025-08-16T14:06:16+00:00","description":"Skolyoz Tedavisi; Ameliyats\u0131z olarak Skolyoz tedavisi i\u00e7in erken tan\u0131 \u00f6nemlidir. Skolyozun en s\u0131k g\u00f6r\u00fclen semptomu, anormal omurga e\u011frisidir. \u00c7o\u011funlukla bu hafif bir de\u011fi\u015fikliktir ve ilk olarak bir arkada\u015f ya da aile \u00fcyesi ya da \u00e7ocu\u011fun okul ya da spor i\u00e7in rutin taramas\u0131 yapmas\u0131yla farkedilebilir. Erken tan\u0131 ve tedavi i\u00e7in Ankara \u00dcmitk\u00f6y'de bulunan muayenehanemize bekleriz.","breadcrumb":{"@id":"https:\/\/www.erdemyorukoglu.com\/tr\/uzmanliklar\/schroth-3d-skolyoz-tedavisi\/#breadcrumb"},"inLanguage":"tr-TR","potentialAction":[{"@type":"ReadAction","target":["https:\/\/www.erdemyorukoglu.com\/tr\/uzmanliklar\/schroth-3d-skolyoz-tedavisi\/"]}]},{"@type":"BreadcrumbList","@id":"https:\/\/www.erdemyorukoglu.com\/tr\/uzmanliklar\/schroth-3d-skolyoz-tedavisi\/#breadcrumb","itemListElement":[{"@type":"ListItem","position":1,"name":"MANUEL TERAP\u0130 ANKARA %%sep%% %%sitename%%","item":"https:\/\/www.erdemyorukoglu.com\/de\/"},{"@type":"ListItem","position":2,"name":"UZMANLIKLAR","item":"https:\/\/www.erdemyorukoglu.com\/de\/uzmanliklar\/"},{"@type":"ListItem","position":3,"name":"SCHROTH 3D SKOLYOZ TEDAV\u0130S\u0130"}]},{"@type":"WebSite","@id":"https:\/\/www.erdemyorukoglu.com\/en\/#website","url":"https:\/\/www.erdemyorukoglu.com\/en\/","name":"Erdem Y\u00f6r\u00fcko\u011flu \/\/ Manuel Terapi, Fizyoterapist, Ankara","description":"Manuel Terapi, Kayropraktik, Fizyoterapi, Bel ve Boyun F\u0131t\u0131\u011f\u0131, Lenf\u00f6dem Tedavisi, Gyrotonic, Skolyoz, Ankara","publisher":{"@id":"https:\/\/www.erdemyorukoglu.com\/en\/#\/schema\/person\/854314645f5beb1ce61d3d55971d52e1"},"potentialAction":[{"@type":"SearchAction","target":{"@type":"EntryPoint","urlTemplate":"https:\/\/www.erdemyorukoglu.com\/en\/?s={search_term_string}"},"query-input":{"@type":"PropertyValueSpecification","valueRequired":true,"valueName":"search_term_string"}}],"inLanguage":"tr-TR"},{"@type":["Person","Organization"],"@id":"https:\/\/www.erdemyorukoglu.com\/en\/#\/schema\/person\/854314645f5beb1ce61d3d55971d52e1","name":"Erdem Y\u00f6r\u00fcko\u011flu","image":{"@type":"ImageObject","inLanguage":"tr-TR","@id":"https:\/\/www.erdemyorukoglu.com\/en\/#\/schema\/person\/image\/","url":"https:\/\/www.erdemyorukoglu.com\/wp-content\/uploads\/2018\/11\/fav-icon-1.png","contentUrl":"https:\/\/www.erdemyorukoglu.com\/wp-content\/uploads\/2018\/11\/fav-icon-1.png","width":512,"height":512,"caption":"Erdem Y\u00f6r\u00fcko\u011flu"},"logo":{"@id":"https:\/\/www.erdemyorukoglu.com\/en\/#\/schema\/person\/image\/"}}]}},"_links":{"self":[{"href":"https:\/\/www.erdemyorukoglu.com\/tr\/wp-json\/wp\/v2\/pages\/3086","targetHints":{"allow":["GET"]}}],"collection":[{"href":"https:\/\/www.erdemyorukoglu.com\/tr\/wp-json\/wp\/v2\/pages"}],"about":[{"href":"https:\/\/www.erdemyorukoglu.com\/tr\/wp-json\/wp\/v2\/types\/page"}],"author":[{"embeddable":true,"href":"https:\/\/www.erdemyorukoglu.com\/tr\/wp-json\/wp\/v2\/users\/1"}],"replies":[{"embeddable":true,"href":"https:\/\/www.erdemyorukoglu.com\/tr\/wp-json\/wp\/v2\/comments?post=3086"}],"version-history":[{"count":17,"href":"https:\/\/www.erdemyorukoglu.com\/tr\/wp-json\/wp\/v2\/pages\/3086\/revisions"}],"predecessor-version":[{"id":12077,"href":"https:\/\/www.erdemyorukoglu.com\/tr\/wp-json\/wp\/v2\/pages\/3086\/revisions\/12077"}],"up":[{"embeddable":true,"href":"https:\/\/www.erdemyorukoglu.com\/tr\/wp-json\/wp\/v2\/pages\/9"}],"wp:attachment":[{"href":"https:\/\/www.erdemyorukoglu.com\/tr\/wp-json\/wp\/v2\/media?parent=3086"}],"curies":[{"name":"wp","href":"https:\/\/api.w.org\/{rel}","templated":true}]}}